{"id":18857,"date":"2023-05-21T12:23:55","date_gmt":"2023-05-21T09:23:55","guid":{"rendered":"https:\/\/stvega.net\/product\/delikatna-pralka-szczotkowa-stvega-del-wash-f30\/"},"modified":"2023-05-21T12:23:55","modified_gmt":"2023-05-21T09:23:55","slug":"delikatna-pralka-szczotkowa-stvega-del-wash-f30","status":"publish","type":"product","link":"https:\/\/stvega.net\/pl\/product\/delikatna-pralka-szczotkowa-stvega-del-wash-f30\/","title":{"rendered":"Delikatna pralka (szczotkowa) STvega Del Wash F30"},"content":{"rendered":"<p>Szczotkowy zlew <strong>STv<\/strong><strong>ega Del Wash F30<\/strong> jest zaprojektowany do mycia warzyw, owoc\u00f3w, jag\u00f3d w delikatnym procesie (mycie dyszami i polerowanie p\u0119dzli), osi\u0105ga wysok\u0105 wydajno\u015b\u0107 \u2013 do 1500 kg\/h. Jest szeroko stosowany do delikatnego mycia produkt\u00f3w takich jak marchew, rzepa, og\u00f3rki, bak\u0142a\u017cany, grzyby, kalafior, papryka, czosnek, jab\u0142ka, gruszki, daktyle, pomara\u0144cze, cytryny. <\/p>\n<p>To urz\u0105dzenie mo\u017ce by\u0107 u\u017cywane jako osobna maszyna lub wbudowane w lini\u0119 produkcyjn\u0105 do obierania\/przetwarzania owoc\u00f3w i warzyw w przedsi\u0119biorstwach rolniczych, gospodarstwach, przemy\u015ble spo\u017cywczym i przetw\u00f3rczym.<\/p>\n<p>&nbsp;<\/p>\n<p><strong>Zasada dzia\u0142ania<\/strong><\/p>\n<p>Podstawow\u0105 zasad\u0105 maszyny jest u\u017cycie wody pod ci\u015bnieniem oraz szczoteczek wa\u0142kowych. Surowca porusza si\u0119 do przodu wzd\u0142u\u017c p\u0119dzli, nieustannie si\u0119 obracaj\u0105c, woda jest spryskiwana z g\u00f3ry za pomoc\u0105 wysokiego ci\u015bnienia przez dysze, dzi\u0119ki czemu dochodzi do delikatnego czyszczenia brudu i kurzu bez uszkadzania struktury produktu. Zu\u017cyta woda jest przewo\u017cona przez system filtracji i ponownie wykorzystywana, co umo\u017cliwia znacz\u0105ce ograniczenie zu\u017cycia wody i popraw\u0119 wynik\u00f3w ekonomicznych. Po umyciu i oczyszczeniu produkt jest przesy\u0142any przez komor\u0119 wylotow\u0105 do pojemnika na gotowe produkty lub do kolejnego etapu procesu technologicznego.   <\/p>\n<p>Mo\u017cliwe jest wyprodukowanie maszyny z r\u00f3\u017cnymi parametrami w zale\u017cno\u015bci od potrzeb klienta.<\/p>\n<p> <strong> Zalety sprz\u0119tu<\/strong><strong>:<\/strong><\/p>\n<ul>\n<li>U\u017cyte p\u0119dzle nie uszkadzaj\u0105 produktu i zachowuj\u0105 jego pierwotny kszta\u0142t, kolor i struktur\u0119.<\/li>\n<li>Wysoka wydajno\u015b\u0107 i maksymalna efektywno\u015b\u0107 procesu mycia dzi\u0119ki szczoteczkom i dyszam rolkowym, kt\u00f3re spryskuj\u0105 wod\u0119.<\/li>\n<li>Intuicyjny interfejs z zamkni\u0119t\u0105 jednostk\u0105 zdaln\u0105 minimalizuje czas szkolenia personelu i upraszcza zarz\u0105dzanie sprz\u0119tem.<\/li>\n<li>Maszyna wykonana jest z wysokiej jako\u015bci materia\u0142\u00f3w odpornych na wilgo\u0107, co zapewnia jej niezawodno\u015b\u0107, trwa\u0142o\u015b\u0107 i stabiln\u0105 prac\u0119.<\/li>\n<li>System recyrkulacji pozwala zmniejszy\u0107 zu\u017cycie wody i zwi\u0119kszy\u0107 efektywno\u015b\u0107 ekonomiczn\u0105.<\/li>\n<li>Umiej\u0119tno\u015b\u0107 produkcji maszyny z r\u00f3\u017cnymi parametrami w zale\u017cno\u015bci od potrzeb klienta.<\/li>\n<\/ul>\n<p>&nbsp;<\/p>\n\t<div class=\"section video\">\n\t\t<div class=\"row\">\n\t\t\t\t\t\t\t\t\t\t\t\t<div class=\"col-md-4 col-12\">\n\t\t\t\t\t\t<div class=\"container-lazyload preview-lazyload container-youtube js-lazyload--not-loaded\"><a href=\"https:\/\/www.youtube.com\/watch?v=8e8LpAQ-V9M\" class=\"lazy-load-youtube preview-lazyload preview-youtube\" data-video-title=\"\u041f\u0440\u043e\u043c\u0438\u0441\u043b\u043e\u0432\u0430 \u043c\u0430\u0448\u0438\u043d\u0430 \u0434\u043b\u044f \u043c\u0438\u0442\u0442\u044f \u043e\u0432\u043e\u0447\u0456\u0432, \u0433\u0440\u0438\u0431\u0456\u0432, \u044f\u0433\u0456\u0434 \u0442\u0430 \u0444\u0440\u0443\u043a\u0442\u0456\u0432 STvega Del Wash 30 \u0434\u0435\u043b\u0456\u043a\u0430\u0442\u043d\u0435 \u043c\u0438\u0442\u0442\u044f\" title=\"Play video &quot;\u041f\u0440\u043e\u043c\u0438\u0441\u043b\u043e\u0432\u0430 \u043c\u0430\u0448\u0438\u043d\u0430 \u0434\u043b\u044f \u043c\u0438\u0442\u0442\u044f \u043e\u0432\u043e\u0447\u0456\u0432, \u0433\u0440\u0438\u0431\u0456\u0432, \u044f\u0433\u0456\u0434 \u0442\u0430 \u0444\u0440\u0443\u043a\u0442\u0456\u0432 STvega Del Wash 30 \u0434\u0435\u043b\u0456\u043a\u0430\u0442\u043d\u0435 \u043c\u0438\u0442\u0442\u044f&quot;\">https:\/\/www.youtube.com\/watch?v=8e8LpAQ-V9M<\/a><noscript>Video can&#8217;t be loaded because JavaScript is disabled: <a href=\"https:\/\/www.youtube.com\/watch?v=8e8LpAQ-V9M\" title=\"\u041f\u0440\u043e\u043c\u0438\u0441\u043b\u043e\u0432\u0430 \u043c\u0430\u0448\u0438\u043d\u0430 \u0434\u043b\u044f \u043c\u0438\u0442\u0442\u044f \u043e\u0432\u043e\u0447\u0456\u0432, \u0433\u0440\u0438\u0431\u0456\u0432, \u044f\u0433\u0456\u0434 \u0442\u0430 \u0444\u0440\u0443\u043a\u0442\u0456\u0432 STvega Del Wash 30 \u0434\u0435\u043b\u0456\u043a\u0430\u0442\u043d\u0435 \u043c\u0438\u0442\u0442\u044f\">\u041f\u0440\u043e\u043c\u0438\u0441\u043b\u043e\u0432\u0430 \u043c\u0430\u0448\u0438\u043d\u0430 \u0434\u043b\u044f \u043c\u0438\u0442\u0442\u044f \u043e\u0432\u043e\u0447\u0456\u0432, \u0433\u0440\u0438\u0431\u0456\u0432, \u044f\u0433\u0456\u0434 \u0442\u0430 \u0444\u0440\u0443\u043a\u0442\u0456\u0432 STvega Del Wash 30 \u0434\u0435\u043b\u0456\u043a\u0430\u0442\u043d\u0435 \u043c\u0438\u0442\u0442\u044f (https:\/\/www.youtube.com\/watch?v=8e8LpAQ-V9M)<\/a><\/noscript><\/div>\n\t\t\t\t\t<\/div>\n\t\t\t\t\t\t\t\t\t<\/div>\n\t<\/div>\n\t\t","protected":false},"excerpt":{"rendered":"<div class=\"elementor-element elementor-element-4e03395 elementor-widget elementor-widget-woocommerce-product-short-description\" data-id=\"4e03395\" data-element_type=\"widget\" data-widget_type=\"woocommerce-product-short-description.default\">\n<div class=\"elementor-widget-container\">\n<div class=\"woocommerce-product-details__short-description\">\n<p><strong>Maszyna STv<\/strong><strong>ega Del Wash F30<\/strong> zosta\u0142a zaprojektowana do delikatnego mycia warzyw, owoc\u00f3w i jag\u00f3d z delikatnym przetwarzaniem. Osi\u0105ga wysok\u0105 wydajno\u015b\u0107 \u2013 do 1500 kg\/h. <\/p>\n<\/div>\n<\/div>\n<\/div>\n<div class=\"elementor-element elementor-element-a28fd77 elementor-widget elementor-widget-woocommerce-product-add-to-cart\" data-id=\"a28fd77\" data-element_type=\"widget\" data-widget_type=\"woocommerce-product-add-to-cart.default\">\n<div class=\"elementor-widget-container\">\n<div class=\"elementor-add-to-cart elementor-product-simple\"><\/div>\n<\/div>\n<\/div>\n<div class=\"elementor-element elementor-element-4ab4778 elementor-widget elementor-widget-text-editor\" data-id=\"4ab4778\" data-element_type=\"widget\" data-widget_type=\"text-editor.default\">\n<div class=\"elementor-widget-container\">\n<div class=\"elementor-text-editor elementor-clearfix\">\n<p><strong>Specyfikacje:<\/strong><\/p>\n<p>[table id=&#8221;92&#8243; \/]<\/p>\n<p><span style=\"color: #0000ff;\"><strong>Unikalno\u015b\u0107 maszyny: <\/strong>delikatne mycie warzyw i owoc\u00f3w, prysznic\u00f3w i wa\u0142k\u00f3w o delikatnej lub \u015bredniej twardo\u015bci. Recyrkulacja wody.<\/span><\/p>\n<\/div>\n<\/div>\n<\/div>\n","protected":false},"featured_media":18891,"comment_status":"closed","ping_status":"closed","template":"","meta":{"_acf_changed":false,"inline_featured_image":false},"product_brand":[],"product_cat":[3627,3634,3628,3613,3638],"product_tag":[5508,9365,7690,9363,5550,9366,7731,9373,9379,9377,7692,5602,9371,9369,5599,9368,7246,5597,9375,7743,5506,5605,3870,3872,9361,9381],"class_list":{"0":"post-18857","1":"product","2":"type-product","3":"status-publish","4":"has-post-thumbnail","6":"product_cat-jablka","7":"product_cat-jagody","8":"product_cat-kapiele-z-pianka","9":"product_cat-pranie-i-czyszczenie","10":"product_cat-wisnie-wisnie","11":"product_tag-automatyczna-myjnia-samochodowa","12":"product_tag-delikatne-mycie-owocow","13":"product_tag-delikatne-mycie-warzyw","14":"product_tag-delikatne-mycie-warzyw-2","15":"product_tag-delikatny-zlew","16":"product_tag-do-1500-kg-na-godzine","17":"product_tag-maszyna-do-babelkow","18":"product_tag-mycie-brzoskwiniowe","19":"product_tag-mycie-jagod-2","20":"product_tag-mycie-moreli","21":"product_tag-mycie-owocow-2","22":"product_tag-mycie-owocow","23":"product_tag-mycie-pomidorow","24":"product_tag-mycie-produktow-z-delikatna-skora","25":"product_tag-mycie-warzyw","26":"product_tag-mycie-warzyw-i-owocow","27":"product_tag-obieranie-owocow-2","28":"product_tag-obieranie-warzyw","29":"product_tag-plum-sink","30":"product_tag-pralka-do-warzyw","31":"product_tag-pralka-i-pralka-czystajaca","32":"product_tag-sprzet-do-prania-warzyw","33":"product_tag-sprzet-do-przetwarzania-zywnosci","34":"product_tag-sprzet-przemyslowy","35":"product_tag-z-1000-kg-na-godzine","36":"product_tag-zlew-szczotkowy","38":"first","39":"instock","40":"shipping-taxable","41":"product-type-simple"},"acf":[],"yoast_head":"<!-- This site is optimized with the Yoast SEO plugin v27.5 - https:\/\/yoast.com\/product\/yoast-seo-wordpress\/ -->\n<title>Delikatna pralka (szczotkowa) STvega Del Wash F30 \u043a\u0443\u043f\u0438\u0442\u0438 \u0437\u0430 \u0432\u0438\u0433\u0456\u0434\u043d\u043e\u044e \u0446\u0456\u043d\u043e\u044e \u0432 \u043c\u0430\u0433\u0430\u0437\u0438\u043d\u0456 STvega<\/title>\n<meta name=\"description\" content=\"Delikatna pralka (szczotkowa) STvega Del Wash F30 | \u043a\u0443\u043f\u0438\u0442\u0438 \u0437\u0430 \ud83c\udf1f\u0432\u0438\u0433\u0456\u0434\u043d\u043e\u044e \u0446\u0456\u043d\u043e\u044e \u0432 \u043c\u0430\u0433\u0430\u0437\u0438\u043d\u0456 STvega\" \/>\n<meta name=\"robots\" content=\"index, follow, max-snippet:-1, max-image-preview:large, max-video-preview:-1\" \/>\n<link rel=\"canonical\" href=\"https:\/\/stvega.net\/pl\/product\/delikatna-pralka-szczotkowa-stvega-del-wash-f30\/\" \/>\n<meta property=\"og:locale\" content=\"pl_PL\" \/>\n<meta property=\"og:type\" content=\"article\" \/>\n<meta property=\"og:title\" content=\"Delikatna pralka (szczotkowa) STvega Del Wash F30 \u043a\u0443\u043f\u0438\u0442\u0438 \u0437\u0430 \u0432\u0438\u0433\u0456\u0434\u043d\u043e\u044e \u0446\u0456\u043d\u043e\u044e \u0432 \u043c\u0430\u0433\u0430\u0437\u0438\u043d\u0456 STvega\" \/>\n<meta property=\"og:description\" content=\"Delikatna pralka (szczotkowa) STvega Del Wash F30 | \u043a\u0443\u043f\u0438\u0442\u0438 \u0437\u0430 \ud83c\udf1f\u0432\u0438\u0433\u0456\u0434\u043d\u043e\u044e \u0446\u0456\u043d\u043e\u044e \u0432 \u043c\u0430\u0433\u0430\u0437\u0438\u043d\u0456 STvega\" \/>\n<meta property=\"og:url\" content=\"https:\/\/stvega.net\/pl\/product\/delikatna-pralka-szczotkowa-stvega-del-wash-f30\/\" \/>\n<meta property=\"og:site_name\" content=\"\u0448\u0438\u0440\u043e\u043a\u0438\u0439 \u0430\u0441\u043e\u0440\u0442\u0438\u043c\u0435\u043d\u0442 \u0445\u0430\u0440\u0447\u043e\u0432\u043e\u0433\u043e \u043f\u0440\u043e\u043c\u0438\u0441\u043b\u043e\u0432\u043e\u0433\u043e \u043e\u0431\u043b\u0430\u0434\u043d\u0430\u043d\u043d\u044f \u0434\u043b\u044f \u043f\u0435\u0440\u0435\u0440\u043e\u0431\u043a\u0438 \u043c\u2019\u044f\u0441\u0430, \u043e\u0432\u043e\u0447\u0456\u0432 \u0456 \u0444\u0440\u0443\u043a\u0442\u0456\u0432\u2b50\u0412\u0438\u0433\u0456\u0434\u043d\u0456 \u0446\u0456\u043d\u0438 \ud83e\uddbe\u0412\u0438\u0440\u043e\u0431\u043d\u0438\u0447\u0456 \u043b\u0456\u043d\u0456\u0457 \u043f\u0456\u0434 \u043a\u043b\u044e\u0447\ud83d\ude9a \u0414\u043e\u0441\u0442\u0430\u0432\u043a\u0430 \ud83d\udee0\u0421\u0435\u0440\u0432\u0456\u0441\" \/>\n<meta property=\"article:publisher\" content=\"https:\/\/www.facebook.com\/share\/9F1B4VxaHAC9E9HB\/?mibextid=qi2Omg\" \/>\n<meta property=\"og:image\" content=\"https:\/\/stvega.net\/wp-content\/uploads\/2023\/05\/vega-del-wash-30-mojka-yagod-mashina-dlya-mojki-ovoshhej.png\" \/>\n\t<meta property=\"og:image:width\" content=\"500\" \/>\n\t<meta property=\"og:image:height\" content=\"500\" \/>\n\t<meta property=\"og:image:type\" content=\"image\/png\" \/>\n<meta name=\"twitter:card\" content=\"summary_large_image\" \/>\n<meta name=\"twitter:label1\" content=\"Szacowany czas czytania\" \/>\n\t<meta name=\"twitter:data1\" content=\"2 minuty\" \/>\n<script type=\"application\/ld+json\" class=\"yoast-schema-graph\">{\"@context\":\"https:\\\/\\\/schema.org\",\"@graph\":[{\"@type\":\"WebPage\",\"@id\":\"https:\\\/\\\/stvega.net\\\/pl\\\/product\\\/delikatna-pralka-szczotkowa-stvega-del-wash-f30\\\/\",\"url\":\"https:\\\/\\\/stvega.net\\\/pl\\\/product\\\/delikatna-pralka-szczotkowa-stvega-del-wash-f30\\\/\",\"name\":\"Delikatna pralka (szczotkowa) STvega Del Wash F30 \u043a\u0443\u043f\u0438\u0442\u0438 \u0437\u0430 \u0432\u0438\u0433\u0456\u0434\u043d\u043e\u044e \u0446\u0456\u043d\u043e\u044e \u0432 \u043c\u0430\u0433\u0430\u0437\u0438\u043d\u0456 STvega\",\"isPartOf\":{\"@id\":\"https:\\\/\\\/stvega.net\\\/pl\\\/#website\"},\"primaryImageOfPage\":{\"@id\":\"https:\\\/\\\/stvega.net\\\/pl\\\/product\\\/delikatna-pralka-szczotkowa-stvega-del-wash-f30\\\/#primaryimage\"},\"image\":{\"@id\":\"https:\\\/\\\/stvega.net\\\/pl\\\/product\\\/delikatna-pralka-szczotkowa-stvega-del-wash-f30\\\/#primaryimage\"},\"thumbnailUrl\":\"https:\\\/\\\/stvega.net\\\/wp-content\\\/uploads\\\/2023\\\/05\\\/vega-del-wash-30-mojka-yagod-mashina-dlya-mojki-ovoshhej.png\",\"datePublished\":\"2023-05-21T09:23:55+00:00\",\"description\":\"Delikatna pralka (szczotkowa) STvega Del Wash F30 | \u043a\u0443\u043f\u0438\u0442\u0438 \u0437\u0430 \ud83c\udf1f\u0432\u0438\u0433\u0456\u0434\u043d\u043e\u044e \u0446\u0456\u043d\u043e\u044e \u0432 \u043c\u0430\u0433\u0430\u0437\u0438\u043d\u0456 STvega\",\"breadcrumb\":{\"@id\":\"https:\\\/\\\/stvega.net\\\/pl\\\/product\\\/delikatna-pralka-szczotkowa-stvega-del-wash-f30\\\/#breadcrumb\"},\"inLanguage\":\"pl-PL\",\"potentialAction\":[{\"@type\":\"ReadAction\",\"target\":[\"https:\\\/\\\/stvega.net\\\/pl\\\/product\\\/delikatna-pralka-szczotkowa-stvega-del-wash-f30\\\/\"]}]},{\"@type\":\"ImageObject\",\"inLanguage\":\"pl-PL\",\"@id\":\"https:\\\/\\\/stvega.net\\\/pl\\\/product\\\/delikatna-pralka-szczotkowa-stvega-del-wash-f30\\\/#primaryimage\",\"url\":\"https:\\\/\\\/stvega.net\\\/wp-content\\\/uploads\\\/2023\\\/05\\\/vega-del-wash-30-mojka-yagod-mashina-dlya-mojki-ovoshhej.png\",\"contentUrl\":\"https:\\\/\\\/stvega.net\\\/wp-content\\\/uploads\\\/2023\\\/05\\\/vega-del-wash-30-mojka-yagod-mashina-dlya-mojki-ovoshhej.png\",\"width\":500,\"height\":500},{\"@type\":\"BreadcrumbList\",\"@id\":\"https:\\\/\\\/stvega.net\\\/pl\\\/product\\\/delikatna-pralka-szczotkowa-stvega-del-wash-f30\\\/#breadcrumb\",\"itemListElement\":[{\"@type\":\"ListItem\",\"position\":1,\"name\":\"Dom\",\"item\":\"https:\\\/\\\/stvega.net\\\/pl\\\/\"},{\"@type\":\"ListItem\",\"position\":2,\"name\":\"Katalog\",\"item\":\"https:\\\/\\\/stvega.net\\\/katalog\\\/\"},{\"@type\":\"ListItem\",\"position\":3,\"name\":\"Delikatna pralka (szczotkowa) STvega Del Wash F30\"}]},{\"@type\":\"WebSite\",\"@id\":\"https:\\\/\\\/stvega.net\\\/pl\\\/#website\",\"url\":\"https:\\\/\\\/stvega.net\\\/pl\\\/\",\"name\":\"STvega\",\"description\":\"\u0445\u0430\u0440\u0447\u043e\u0432\u0435 \u043f\u0440\u043e\u043c\u0438\u0441\u043b\u043e\u0432\u0435 \u043e\u0431\u043b\u0430\u0434\u043d\u0430\u043d\u043d\u044f\",\"publisher\":{\"@id\":\"https:\\\/\\\/stvega.net\\\/pl\\\/#organization\"},\"alternateName\":\"STvega - \u043e\u0432\u043e\u0447\u0435\u0440\u0456\u0437\u043a\u0438, \u0448\u043f\u0438\u0433\u043e\u0440\u0456\u0437\u043a\u0438, \u0441\u043b\u0430\u0439\u0441\u0435\u0440\u0438 \u0442\u0430 \u0456\u043d\u0448\u0435 \u0445\u0430\u0440\u0447\u043e\u0432\u0435 \u043e\u0431\u043b\u0430\u0434\u043d\u0430\u043d\u043d\u044f\",\"potentialAction\":[{\"@type\":\"SearchAction\",\"target\":{\"@type\":\"EntryPoint\",\"urlTemplate\":\"https:\\\/\\\/stvega.net\\\/pl\\\/?s={search_term_string}\"},\"query-input\":{\"@type\":\"PropertyValueSpecification\",\"valueRequired\":true,\"valueName\":\"search_term_string\"}}],\"inLanguage\":\"pl-PL\"},{\"@type\":\"Organization\",\"@id\":\"https:\\\/\\\/stvega.net\\\/pl\\\/#organization\",\"name\":\"STvega \u0425\u0410\u0420\u0427\u041e\u0412\u0415 \u041f\u0420\u041e\u041c\u0418\u0421\u041b\u041e\u0412\u0415 \u041e\u0411\u041b\u0410\u0414\u041d\u0410\u041d\u041d\u042f\",\"alternateName\":\"STvega - \u043e\u0432\u043e\u0447\u0435\u0440\u0456\u0437\u043a\u0438, \u0448\u043f\u0438\u0433\u043e\u0440\u0456\u0437\u043a\u0438, \u0441\u043b\u0430\u0439\u0441\u0435\u0440\u0438 \u0442\u0430 \u0456\u043d\u0448\u0435 \u0445\u0430\u0440\u0447\u043e\u0432\u0435 \u043e\u0431\u043b\u0430\u0434\u043d\u0430\u043d\u043d\u044f\",\"url\":\"https:\\\/\\\/stvega.net\\\/pl\\\/\",\"logo\":{\"@type\":\"ImageObject\",\"inLanguage\":\"pl-PL\",\"@id\":\"https:\\\/\\\/stvega.net\\\/pl\\\/#\\\/schema\\\/logo\\\/image\\\/\",\"url\":\"https:\\\/\\\/stvega.net\\\/wp-content\\\/uploads\\\/2024\\\/03\\\/dyzajn-bez-nazvanyya-1.png\",\"contentUrl\":\"https:\\\/\\\/stvega.net\\\/wp-content\\\/uploads\\\/2024\\\/03\\\/dyzajn-bez-nazvanyya-1.png\",\"width\":180,\"height\":180,\"caption\":\"STvega \u0425\u0410\u0420\u0427\u041e\u0412\u0415 \u041f\u0420\u041e\u041c\u0418\u0421\u041b\u041e\u0412\u0415 \u041e\u0411\u041b\u0410\u0414\u041d\u0410\u041d\u041d\u042f\"},\"image\":{\"@id\":\"https:\\\/\\\/stvega.net\\\/pl\\\/#\\\/schema\\\/logo\\\/image\\\/\"},\"sameAs\":[\"https:\\\/\\\/www.facebook.com\\\/share\\\/9F1B4VxaHAC9E9HB\\\/?mibextid=qi2Omg\"]}]}<\/script>\n<!-- \/ Yoast SEO plugin. -->","yoast_head_json":{"title":"Delikatna pralka (szczotkowa) STvega Del Wash F30 \u043a\u0443\u043f\u0438\u0442\u0438 \u0437\u0430 \u0432\u0438\u0433\u0456\u0434\u043d\u043e\u044e \u0446\u0456\u043d\u043e\u044e \u0432 \u043c\u0430\u0433\u0430\u0437\u0438\u043d\u0456 STvega","description":"Delikatna pralka (szczotkowa) STvega Del Wash F30 | \u043a\u0443\u043f\u0438\u0442\u0438 \u0437\u0430 \ud83c\udf1f\u0432\u0438\u0433\u0456\u0434\u043d\u043e\u044e \u0446\u0456\u043d\u043e\u044e \u0432 \u043c\u0430\u0433\u0430\u0437\u0438\u043d\u0456 STvega","robots":{"index":"index","follow":"follow","max-snippet":"max-snippet:-1","max-image-preview":"max-image-preview:large","max-video-preview":"max-video-preview:-1"},"canonical":"https:\/\/stvega.net\/pl\/product\/delikatna-pralka-szczotkowa-stvega-del-wash-f30\/","og_locale":"pl_PL","og_type":"article","og_title":"Delikatna pralka (szczotkowa) STvega Del Wash F30 \u043a\u0443\u043f\u0438\u0442\u0438 \u0437\u0430 \u0432\u0438\u0433\u0456\u0434\u043d\u043e\u044e \u0446\u0456\u043d\u043e\u044e \u0432 \u043c\u0430\u0433\u0430\u0437\u0438\u043d\u0456 STvega","og_description":"Delikatna pralka (szczotkowa) STvega Del Wash F30 | \u043a\u0443\u043f\u0438\u0442\u0438 \u0437\u0430 \ud83c\udf1f\u0432\u0438\u0433\u0456\u0434\u043d\u043e\u044e \u0446\u0456\u043d\u043e\u044e \u0432 \u043c\u0430\u0433\u0430\u0437\u0438\u043d\u0456 STvega","og_url":"https:\/\/stvega.net\/pl\/product\/delikatna-pralka-szczotkowa-stvega-del-wash-f30\/","og_site_name":"\u0448\u0438\u0440\u043e\u043a\u0438\u0439 \u0430\u0441\u043e\u0440\u0442\u0438\u043c\u0435\u043d\u0442 \u0445\u0430\u0440\u0447\u043e\u0432\u043e\u0433\u043e \u043f\u0440\u043e\u043c\u0438\u0441\u043b\u043e\u0432\u043e\u0433\u043e \u043e\u0431\u043b\u0430\u0434\u043d\u0430\u043d\u043d\u044f \u0434\u043b\u044f \u043f\u0435\u0440\u0435\u0440\u043e\u0431\u043a\u0438 \u043c\u2019\u044f\u0441\u0430, \u043e\u0432\u043e\u0447\u0456\u0432 \u0456 \u0444\u0440\u0443\u043a\u0442\u0456\u0432\u2b50\u0412\u0438\u0433\u0456\u0434\u043d\u0456 \u0446\u0456\u043d\u0438 \ud83e\uddbe\u0412\u0438\u0440\u043e\u0431\u043d\u0438\u0447\u0456 \u043b\u0456\u043d\u0456\u0457 \u043f\u0456\u0434 \u043a\u043b\u044e\u0447\ud83d\ude9a \u0414\u043e\u0441\u0442\u0430\u0432\u043a\u0430 \ud83d\udee0\u0421\u0435\u0440\u0432\u0456\u0441","article_publisher":"https:\/\/www.facebook.com\/share\/9F1B4VxaHAC9E9HB\/?mibextid=qi2Omg","og_image":[{"width":500,"height":500,"url":"https:\/\/stvega.net\/wp-content\/uploads\/2023\/05\/vega-del-wash-30-mojka-yagod-mashina-dlya-mojki-ovoshhej.png","type":"image\/png"}],"twitter_card":"summary_large_image","twitter_misc":{"Szacowany czas czytania":"2 minuty"},"schema":{"@context":"https:\/\/schema.org","@graph":[{"@type":"WebPage","@id":"https:\/\/stvega.net\/pl\/product\/delikatna-pralka-szczotkowa-stvega-del-wash-f30\/","url":"https:\/\/stvega.net\/pl\/product\/delikatna-pralka-szczotkowa-stvega-del-wash-f30\/","name":"Delikatna pralka (szczotkowa) STvega Del Wash F30 \u043a\u0443\u043f\u0438\u0442\u0438 \u0437\u0430 \u0432\u0438\u0433\u0456\u0434\u043d\u043e\u044e \u0446\u0456\u043d\u043e\u044e \u0432 \u043c\u0430\u0433\u0430\u0437\u0438\u043d\u0456 STvega","isPartOf":{"@id":"https:\/\/stvega.net\/pl\/#website"},"primaryImageOfPage":{"@id":"https:\/\/stvega.net\/pl\/product\/delikatna-pralka-szczotkowa-stvega-del-wash-f30\/#primaryimage"},"image":{"@id":"https:\/\/stvega.net\/pl\/product\/delikatna-pralka-szczotkowa-stvega-del-wash-f30\/#primaryimage"},"thumbnailUrl":"https:\/\/stvega.net\/wp-content\/uploads\/2023\/05\/vega-del-wash-30-mojka-yagod-mashina-dlya-mojki-ovoshhej.png","datePublished":"2023-05-21T09:23:55+00:00","description":"Delikatna pralka (szczotkowa) STvega Del Wash F30 | \u043a\u0443\u043f\u0438\u0442\u0438 \u0437\u0430 \ud83c\udf1f\u0432\u0438\u0433\u0456\u0434\u043d\u043e\u044e \u0446\u0456\u043d\u043e\u044e \u0432 \u043c\u0430\u0433\u0430\u0437\u0438\u043d\u0456 STvega","breadcrumb":{"@id":"https:\/\/stvega.net\/pl\/product\/delikatna-pralka-szczotkowa-stvega-del-wash-f30\/#breadcrumb"},"inLanguage":"pl-PL","potentialAction":[{"@type":"ReadAction","target":["https:\/\/stvega.net\/pl\/product\/delikatna-pralka-szczotkowa-stvega-del-wash-f30\/"]}]},{"@type":"ImageObject","inLanguage":"pl-PL","@id":"https:\/\/stvega.net\/pl\/product\/delikatna-pralka-szczotkowa-stvega-del-wash-f30\/#primaryimage","url":"https:\/\/stvega.net\/wp-content\/uploads\/2023\/05\/vega-del-wash-30-mojka-yagod-mashina-dlya-mojki-ovoshhej.png","contentUrl":"https:\/\/stvega.net\/wp-content\/uploads\/2023\/05\/vega-del-wash-30-mojka-yagod-mashina-dlya-mojki-ovoshhej.png","width":500,"height":500},{"@type":"BreadcrumbList","@id":"https:\/\/stvega.net\/pl\/product\/delikatna-pralka-szczotkowa-stvega-del-wash-f30\/#breadcrumb","itemListElement":[{"@type":"ListItem","position":1,"name":"Dom","item":"https:\/\/stvega.net\/pl\/"},{"@type":"ListItem","position":2,"name":"Katalog","item":"https:\/\/stvega.net\/katalog\/"},{"@type":"ListItem","position":3,"name":"Delikatna pralka (szczotkowa) STvega Del Wash F30"}]},{"@type":"WebSite","@id":"https:\/\/stvega.net\/pl\/#website","url":"https:\/\/stvega.net\/pl\/","name":"STvega","description":"\u0445\u0430\u0440\u0447\u043e\u0432\u0435 \u043f\u0440\u043e\u043c\u0438\u0441\u043b\u043e\u0432\u0435 \u043e\u0431\u043b\u0430\u0434\u043d\u0430\u043d\u043d\u044f","publisher":{"@id":"https:\/\/stvega.net\/pl\/#organization"},"alternateName":"STvega - \u043e\u0432\u043e\u0447\u0435\u0440\u0456\u0437\u043a\u0438, \u0448\u043f\u0438\u0433\u043e\u0440\u0456\u0437\u043a\u0438, \u0441\u043b\u0430\u0439\u0441\u0435\u0440\u0438 \u0442\u0430 \u0456\u043d\u0448\u0435 \u0445\u0430\u0440\u0447\u043e\u0432\u0435 \u043e\u0431\u043b\u0430\u0434\u043d\u0430\u043d\u043d\u044f","potentialAction":[{"@type":"SearchAction","target":{"@type":"EntryPoint","urlTemplate":"https:\/\/stvega.net\/pl\/?s={search_term_string}"},"query-input":{"@type":"PropertyValueSpecification","valueRequired":true,"valueName":"search_term_string"}}],"inLanguage":"pl-PL"},{"@type":"Organization","@id":"https:\/\/stvega.net\/pl\/#organization","name":"STvega \u0425\u0410\u0420\u0427\u041e\u0412\u0415 \u041f\u0420\u041e\u041c\u0418\u0421\u041b\u041e\u0412\u0415 \u041e\u0411\u041b\u0410\u0414\u041d\u0410\u041d\u041d\u042f","alternateName":"STvega - \u043e\u0432\u043e\u0447\u0435\u0440\u0456\u0437\u043a\u0438, \u0448\u043f\u0438\u0433\u043e\u0440\u0456\u0437\u043a\u0438, \u0441\u043b\u0430\u0439\u0441\u0435\u0440\u0438 \u0442\u0430 \u0456\u043d\u0448\u0435 \u0445\u0430\u0440\u0447\u043e\u0432\u0435 \u043e\u0431\u043b\u0430\u0434\u043d\u0430\u043d\u043d\u044f","url":"https:\/\/stvega.net\/pl\/","logo":{"@type":"ImageObject","inLanguage":"pl-PL","@id":"https:\/\/stvega.net\/pl\/#\/schema\/logo\/image\/","url":"https:\/\/stvega.net\/wp-content\/uploads\/2024\/03\/dyzajn-bez-nazvanyya-1.png","contentUrl":"https:\/\/stvega.net\/wp-content\/uploads\/2024\/03\/dyzajn-bez-nazvanyya-1.png","width":180,"height":180,"caption":"STvega \u0425\u0410\u0420\u0427\u041e\u0412\u0415 \u041f\u0420\u041e\u041c\u0418\u0421\u041b\u041e\u0412\u0415 \u041e\u0411\u041b\u0410\u0414\u041d\u0410\u041d\u041d\u042f"},"image":{"@id":"https:\/\/stvega.net\/pl\/#\/schema\/logo\/image\/"},"sameAs":["https:\/\/www.facebook.com\/share\/9F1B4VxaHAC9E9HB\/?mibextid=qi2Omg"]}]}},"_links":{"self":[{"href":"https:\/\/stvega.net\/pl\/wp-json\/wp\/v2\/product\/18857","targetHints":{"allow":["GET"]}}],"collection":[{"href":"https:\/\/stvega.net\/pl\/wp-json\/wp\/v2\/product"}],"about":[{"href":"https:\/\/stvega.net\/pl\/wp-json\/wp\/v2\/types\/product"}],"replies":[{"embeddable":true,"href":"https:\/\/stvega.net\/pl\/wp-json\/wp\/v2\/comments?post=18857"}],"wp:featuredmedia":[{"embeddable":true,"href":"https:\/\/stvega.net\/pl\/wp-json\/wp\/v2\/media\/18891"}],"wp:attachment":[{"href":"https:\/\/stvega.net\/pl\/wp-json\/wp\/v2\/media?parent=18857"}],"wp:term":[{"taxonomy":"product_brand","embeddable":true,"href":"https:\/\/stvega.net\/pl\/wp-json\/wp\/v2\/product_brand?post=18857"},{"taxonomy":"product_cat","embeddable":true,"href":"https:\/\/stvega.net\/pl\/wp-json\/wp\/v2\/product_cat?post=18857"},{"taxonomy":"product_tag","embeddable":true,"href":"https:\/\/stvega.net\/pl\/wp-json\/wp\/v2\/product_tag?post=18857"}],"curies":[{"name":"wp","href":"https:\/\/api.w.org\/{rel}","templated":true}]}}