{"id":18453,"date":"2023-05-21T12:22:25","date_gmt":"2023-05-21T09:22:25","guid":{"rendered":"https:\/\/stvega.net\/product\/koreanska-maszyna-do-krojenia-marchewki-stvega-carrotder-shredder-500\/"},"modified":"2026-05-13T16:55:01","modified_gmt":"2026-05-13T13:55:01","slug":"koreanska-maszyna-do-krojenia-marchewki-stvega-carrotder-shredder-500","status":"publish","type":"product","link":"https:\/\/stvega.net\/pl\/product\/koreanska-maszyna-do-krojenia-marchewki-stvega-carrotder-shredder-500\/","title":{"rendered":"Korea\u0144ska maszyna do krojenia marchewki STvega Carrotder Shredder 500"},"content":{"rendered":"<p>Krojeczka do warzyw<strong> STvega Carrot Shredder 500<\/strong> zosta\u0142a zaprojektowana do krojenia marchewki, ziemniak\u00f3w, burak\u00f3w, cukinii i cebuli na paski (korea\u0144skie) i kr\u0105\u017cki (plasterki). Ci\u0119cie mo\u017cliwe jest w zakresie od 2 do 3 mm. Najpopularniejsze ci\u0119cie to 2,5 * 2,5 mm.<\/p>\n<p><strong><em>Idealne do krojenia<\/em><\/strong><strong><strong><em> marchewek <\/em><\/strong><strong><em>po<\/em><\/strong> <strong><em>korea\u0144sku<\/em><\/strong><strong><strong><em>.<\/em><\/strong><\/strong><\/strong><\/p>\n<p><strong>Zasada dzia\u0142ania:<\/strong><\/p>\n<p>Sprz\u0119t wyposa\u017cony jest w b\u0119ben, w kt\u00f3rym znajduje si\u0119 obracaj\u0105ca si\u0119 p\u0142yta z pchaczem obracaj\u0105cym si\u0119 zgodnie z ruchem wskaz\u00f3wek zegara. Operator nieprzerwanie r\u0119cznie wprowadza produkt do portu za\u0142adunku. Pod wp\u0142ywem si\u0142y od\u015brodkowej produkt jest kierowany do specjalnego, zw\u0119\u017conego zsypu na powierzchni obracaj\u0105cej si\u0119 p\u0142yty, gdzie jest automatycznie umieszczany wzd\u0142u\u017c do dalszego ci\u0119cia.<\/p>\n<p>Nast\u0119pnie produkt jest podawany do bloku tn\u0105cego za pomoc\u0105 no\u017cy pod\u0142u\u017cnych i poprzecznych, kt\u00f3re montowane s\u0105 zgodnie z wymaganymi wymiarami okre\u015blonymi w specyfikacji technicznej. W rezultacie powstaje ci\u0119cie w formie s\u0142omki.<\/p>\n<p><strong><b>Zalety maszyny<\/b><\/strong><strong><b>:<\/b><\/strong><\/p>\n<ul>\n<li>Ostrza tn\u0105ce s\u0105 bardzo ostre, trwa\u0142e i zapewniaj\u0105 wysokiej jako\u015bci, r\u00f3wnomierne ci\u0119cie.<\/li>\n<li>Ostrza tn\u0105ce mo\u017cna \u0142atwo wyczy\u015bci\u0107 przez p\u0142ukanie wod\u0105, a w razie potrzeby kasety z ostrzami lub same ostrza mo\u017cna szybko wymieni\u0107.<\/li>\n<li>Maszyna jest sterowana wygodnie i intuicyjnie \u2013 odbywa si\u0119 za pomoc\u0105 mechanicznych przycisk\u00f3w umieszczonych na korpusie.<\/li>\n<li>Kompaktowa i stabilna konstrukcja, wyposa\u017cenie wyposa\u017cone jest w nogi regulowane wysoko\u015bci\u0105.<\/li>\n<li>Os\u0142ony ochronne zapewniaj\u0105 szybki dost\u0119p do wewn\u0119trznych zespo\u0142\u00f3w do konserwacji i regulacji.<\/li>\n<li>Wszystkie elementy zwi\u0105zane z produktem wykonane s\u0105 ze stali nierdzewnej, a maszyna spe\u0142nia wymagania normy bezpiecze\u0144stwa \u017cywno\u015bci.<\/li>\n<\/ul>\n<p><strong>* <\/strong><em>Rozmiar ci\u0119cia zale\u017cy od zainstalowanego zestawu no\u017cy i mo\u017cna go zmieni\u0107 poprzez jego wymian\u0119.<\/em><\/p>\n\t<div class=\"section video\">\n\t\t<div class=\"row\">\n\t\t\t\t\t\t\t\t\t\t\t\t<div class=\"col-md-4 col-12\">\n\t\t\t\t\t\t<div class=\"container-lazyload preview-lazyload container-youtube js-lazyload--not-loaded\"><a href=\"https:\/\/www.youtube.com\/watch?v=HpP0LHEsaPg\" class=\"lazy-load-youtube preview-lazyload preview-youtube\" data-video-title=\"Szatkownica STvega Carrot Shredder 500 do s\u0142upk\u00f3w i plastr\u00f3w: marchew, kapusta, burak\" title=\"Play video &quot;Szatkownica STvega Carrot Shredder 500 do s\u0142upk\u00f3w i plastr\u00f3w: marchew, kapusta, burak&quot;\">https:\/\/www.youtube.com\/watch?v=HpP0LHEsaPg<\/a><noscript>Video can&#8217;t be loaded because JavaScript is disabled: <a href=\"https:\/\/www.youtube.com\/watch?v=HpP0LHEsaPg\" title=\"Szatkownica STvega Carrot Shredder 500 do s\u0142upk\u00f3w i plastr\u00f3w: marchew, kapusta, burak\">Szatkownica STvega Carrot Shredder 500 do s\u0142upk\u00f3w i plastr\u00f3w: marchew, kapusta, burak (https:\/\/www.youtube.com\/watch?v=HpP0LHEsaPg)<\/a><\/noscript><\/div>\n\t\t\t\t\t<\/div>\n\t\t\t\t\t\t\t\t\t<div class=\"col-md-4 col-12\">\n\t\t\t\t\t\t\t\t\t\t\t<\/div>\n\t\t\t\t\t\t\t\t\t<div class=\"col-md-4 col-12\">\n\t\t\t\t\t\t\t\t\t\t\t<\/div>\n\t\t\t\t\t\t\t\t\t<div class=\"col-md-4 col-12\">\n\t\t\t\t\t\t\t\t\t\t\t<\/div>\n\t\t\t\t\t\t\t\t\t<div class=\"col-md-4 col-12\">\n\t\t\t\t\t\t\t\t\t\t\t<\/div>\n\t\t\t\t\t\t\t\t\t<div class=\"col-md-4 col-12\">\n\t\t\t\t\t\t\t\t\t\t\t<\/div>\n\t\t\t\t\t\t\t\t\t<\/div>\n\t<\/div>\n\t\t","protected":false},"excerpt":{"rendered":"<div class=\"elementor-element elementor-element-4e03395 elementor-widget elementor-widget-woocommerce-product-short-description\" data-id=\"4e03395\" data-element_type=\"widget\" data-widget_type=\"woocommerce-product-short-description.default\">\n<div class=\"elementor-widget-container\">\n<div class=\"woocommerce-product-details__short-description\">\n<p>Maszyna <strong>STvega Carrot Shredder 500<\/strong> zosta\u0142a zaprojektowana do krojenia marchewki, ziemniak\u00f3w, burak\u00f3w, cukinii, cebuli na paski (korea\u0144skie) i kr\u0105\u017cki (plasterki).<\/p>\n<\/div>\n<\/div>\n<\/div>\n<div class=\"elementor-element elementor-element-a28fd77 elementor-widget elementor-widget-woocommerce-product-add-to-cart\" data-id=\"a28fd77\" data-element_type=\"widget\" data-widget_type=\"woocommerce-product-add-to-cart.default\">\n<div class=\"elementor-widget-container\">\n<div class=\"elementor-add-to-cart elementor-product-simple\"><strong>Specyfikacje:<\/strong><\/div>\n<div>[table id=&#8221;72&#8243; \/]<\/div>\n<\/div>\n<\/div>\n<div class=\"elementor-element elementor-element-4ab4778 elementor-widget elementor-widget-text-editor\" data-id=\"4ab4778\" data-element_type=\"widget\" data-widget_type=\"text-editor.default\">\n<div class=\"elementor-widget-container\">\n<div class=\"elementor-text-editor elementor-clearfix\">\n<p>&nbsp;<\/p>\n<p><span style=\"color: #0000ff;\"><strong>Unikalno\u015b\u0107 maszyny: <\/strong>kroi marchewki po korea\u0144sku na d\u0142ugo\u015b\u0107.<\/span><\/p>\n<\/div>\n<\/div>\n<\/div>\n","protected":false},"featured_media":18512,"comment_status":"closed","ping_status":"closed","template":"","meta":{"_acf_changed":false,"inline_featured_image":false},"product_brand":[],"product_cat":[3671,3626,3627,3620,3453,3624,3621,3625],"product_tag":[3874,4910,9306,9305,9308,4908,6517,6518,6526,9311,9313,6367,4916,9312,9081,9079,8824,3871,9309,6528,9310,9314,3870,3872,3873,9307],"class_list":{"0":"post-18453","1":"product","2":"type-product","3":"status-publish","4":"has-post-thumbnail","6":"product_cat-burak","7":"product_cat-cebula","8":"product_cat-jablka","9":"product_cat-kapusta","10":"product_cat-krojenie-i-siekanie","11":"product_cat-krojenie-warzyw-i-owocow","12":"product_cat-marchew","13":"product_cat-ziemniaki","14":"product_tag-automatyczne-ciecie","15":"product_tag-ciecie-na-paski","16":"product_tag-do-500-kg-na-godzine","17":"product_tag-do-krojenia-warzyw-3","18":"product_tag-koreanski-rozdrabniacz-marchewki","19":"product_tag-koreanskie-marchewki","20":"product_tag-krojecz-warzywny","21":"product_tag-krojecz-warzywny-2","22":"product_tag-krojenie-kapusty","23":"product_tag-krojenie-koreanskiej-marchewki-2","24":"product_tag-krojenie-marchewek-na-paski-2","25":"product_tag-krojenie-warzyw","26":"product_tag-marchewki-w-paskach","27":"product_tag-maszyna-do-krojenia-marchewek","28":"product_tag-przemysl-wykrawajacy-warzywa","29":"product_tag-przemyslowa-wykrawka-do-warzyw-2","30":"product_tag-przetwarzanie-marchewki","31":"product_tag-przetworstwo-przemyslowe","32":"product_tag-rozdrabniacz-warzyw-2","33":"product_tag-rozdrabnianie","34":"product_tag-rozdrabnianie-koreanskiej-marchewki","35":"product_tag-salatki-koreanskie","36":"product_tag-sprzet-do-przetwarzania-zywnosci","37":"product_tag-sprzet-przemyslowy","38":"product_tag-technologie-przetwarzania","39":"product_tag-z-400-kg-na-godzine-2","41":"first","42":"instock","43":"shipping-taxable","44":"product-type-simple"},"acf":[],"yoast_head":"<!-- This site is optimized with the Yoast SEO plugin v27.6 - https:\/\/yoast.com\/product\/yoast-seo-wordpress\/ -->\n<title>Korea\u0144ska maszyna do krojenia marchewki STvega Carrotder Shredder 500 \u043a\u0443\u043f\u0438\u0442\u0438 \u0437\u0430 \u0432\u0438\u0433\u0456\u0434\u043d\u043e\u044e \u0446\u0456\u043d\u043e\u044e \u0432 \u043c\u0430\u0433\u0430\u0437\u0438\u043d\u0456 STvega<\/title>\n<meta name=\"description\" content=\"Korea\u0144ska maszyna do krojenia marchewki STvega Carrotder Shredder 500 | \u043a\u0443\u043f\u0438\u0442\u0438 \u0437\u0430 \ud83c\udf1f\u0432\u0438\u0433\u0456\u0434\u043d\u043e\u044e \u0446\u0456\u043d\u043e\u044e \u0432 \u043c\u0430\u0433\u0430\u0437\u0438\u043d\u0456 STvega\" \/>\n<meta name=\"robots\" content=\"index, follow, max-snippet:-1, max-image-preview:large, max-video-preview:-1\" \/>\n<link rel=\"canonical\" href=\"https:\/\/stvega.net\/pl\/product\/koreanska-maszyna-do-krojenia-marchewki-stvega-carrotder-shredder-500\/\" \/>\n<meta property=\"og:locale\" content=\"pl_PL\" \/>\n<meta property=\"og:type\" content=\"article\" \/>\n<meta property=\"og:title\" content=\"Korea\u0144ska maszyna do krojenia marchewki STvega Carrotder Shredder 500 \u043a\u0443\u043f\u0438\u0442\u0438 \u0437\u0430 \u0432\u0438\u0433\u0456\u0434\u043d\u043e\u044e \u0446\u0456\u043d\u043e\u044e \u0432 \u043c\u0430\u0433\u0430\u0437\u0438\u043d\u0456 STvega\" \/>\n<meta property=\"og:description\" content=\"Korea\u0144ska maszyna do krojenia marchewki STvega Carrotder Shredder 500 | \u043a\u0443\u043f\u0438\u0442\u0438 \u0437\u0430 \ud83c\udf1f\u0432\u0438\u0433\u0456\u0434\u043d\u043e\u044e \u0446\u0456\u043d\u043e\u044e \u0432 \u043c\u0430\u0433\u0430\u0437\u0438\u043d\u0456 STvega\" \/>\n<meta property=\"og:url\" content=\"https:\/\/stvega.net\/pl\/product\/koreanska-maszyna-do-krojenia-marchewki-stvega-carrotder-shredder-500\/\" \/>\n<meta property=\"og:site_name\" content=\"\u0448\u0438\u0440\u043e\u043a\u0438\u0439 \u0430\u0441\u043e\u0440\u0442\u0438\u043c\u0435\u043d\u0442 \u0445\u0430\u0440\u0447\u043e\u0432\u043e\u0433\u043e \u043f\u0440\u043e\u043c\u0438\u0441\u043b\u043e\u0432\u043e\u0433\u043e \u043e\u0431\u043b\u0430\u0434\u043d\u0430\u043d\u043d\u044f \u0434\u043b\u044f \u043f\u0435\u0440\u0435\u0440\u043e\u0431\u043a\u0438 \u043c\u2019\u044f\u0441\u0430, \u043e\u0432\u043e\u0447\u0456\u0432 \u0456 \u0444\u0440\u0443\u043a\u0442\u0456\u0432\u2b50\u0412\u0438\u0433\u0456\u0434\u043d\u0456 \u0446\u0456\u043d\u0438 \ud83e\uddbe\u0412\u0438\u0440\u043e\u0431\u043d\u0438\u0447\u0456 \u043b\u0456\u043d\u0456\u0457 \u043f\u0456\u0434 \u043a\u043b\u044e\u0447\ud83d\ude9a \u0414\u043e\u0441\u0442\u0430\u0432\u043a\u0430 \ud83d\udee0\u0421\u0435\u0440\u0432\u0456\u0441\" \/>\n<meta property=\"article:publisher\" content=\"https:\/\/www.facebook.com\/share\/9F1B4VxaHAC9E9HB\/?mibextid=qi2Omg\" \/>\n<meta property=\"article:modified_time\" content=\"2026-05-13T13:55:01+00:00\" \/>\n<meta property=\"og:image\" content=\"https:\/\/stvega.net\/wp-content\/uploads\/2023\/05\/vega_carrot_shredder-min.png\" \/>\n\t<meta property=\"og:image:width\" content=\"585\" \/>\n\t<meta property=\"og:image:height\" content=\"636\" \/>\n\t<meta property=\"og:image:type\" content=\"image\/png\" \/>\n<meta name=\"twitter:card\" content=\"summary_large_image\" \/>\n<meta name=\"twitter:label1\" content=\"Szacowany czas czytania\" \/>\n\t<meta name=\"twitter:data1\" content=\"2 minuty\" \/>\n<script type=\"application\/ld+json\" class=\"yoast-schema-graph\">{\"@context\":\"https:\\\/\\\/schema.org\",\"@graph\":[{\"@type\":\"WebPage\",\"@id\":\"https:\\\/\\\/stvega.net\\\/pl\\\/product\\\/koreanska-maszyna-do-krojenia-marchewki-stvega-carrotder-shredder-500\\\/\",\"url\":\"https:\\\/\\\/stvega.net\\\/pl\\\/product\\\/koreanska-maszyna-do-krojenia-marchewki-stvega-carrotder-shredder-500\\\/\",\"name\":\"Korea\u0144ska maszyna do krojenia marchewki STvega Carrotder Shredder 500 \u043a\u0443\u043f\u0438\u0442\u0438 \u0437\u0430 \u0432\u0438\u0433\u0456\u0434\u043d\u043e\u044e \u0446\u0456\u043d\u043e\u044e \u0432 \u043c\u0430\u0433\u0430\u0437\u0438\u043d\u0456 STvega\",\"isPartOf\":{\"@id\":\"https:\\\/\\\/stvega.net\\\/pl\\\/#website\"},\"primaryImageOfPage\":{\"@id\":\"https:\\\/\\\/stvega.net\\\/pl\\\/product\\\/koreanska-maszyna-do-krojenia-marchewki-stvega-carrotder-shredder-500\\\/#primaryimage\"},\"image\":{\"@id\":\"https:\\\/\\\/stvega.net\\\/pl\\\/product\\\/koreanska-maszyna-do-krojenia-marchewki-stvega-carrotder-shredder-500\\\/#primaryimage\"},\"thumbnailUrl\":\"https:\\\/\\\/stvega.net\\\/wp-content\\\/uploads\\\/2023\\\/05\\\/vega_carrot_shredder-min.png\",\"datePublished\":\"2023-05-21T09:22:25+00:00\",\"dateModified\":\"2026-05-13T13:55:01+00:00\",\"description\":\"Korea\u0144ska maszyna do krojenia marchewki STvega Carrotder Shredder 500 | \u043a\u0443\u043f\u0438\u0442\u0438 \u0437\u0430 \ud83c\udf1f\u0432\u0438\u0433\u0456\u0434\u043d\u043e\u044e \u0446\u0456\u043d\u043e\u044e \u0432 \u043c\u0430\u0433\u0430\u0437\u0438\u043d\u0456 STvega\",\"breadcrumb\":{\"@id\":\"https:\\\/\\\/stvega.net\\\/pl\\\/product\\\/koreanska-maszyna-do-krojenia-marchewki-stvega-carrotder-shredder-500\\\/#breadcrumb\"},\"inLanguage\":\"pl-PL\",\"potentialAction\":[{\"@type\":\"ReadAction\",\"target\":[\"https:\\\/\\\/stvega.net\\\/pl\\\/product\\\/koreanska-maszyna-do-krojenia-marchewki-stvega-carrotder-shredder-500\\\/\"]}]},{\"@type\":\"ImageObject\",\"inLanguage\":\"pl-PL\",\"@id\":\"https:\\\/\\\/stvega.net\\\/pl\\\/product\\\/koreanska-maszyna-do-krojenia-marchewki-stvega-carrotder-shredder-500\\\/#primaryimage\",\"url\":\"https:\\\/\\\/stvega.net\\\/wp-content\\\/uploads\\\/2023\\\/05\\\/vega_carrot_shredder-min.png\",\"contentUrl\":\"https:\\\/\\\/stvega.net\\\/wp-content\\\/uploads\\\/2023\\\/05\\\/vega_carrot_shredder-min.png\",\"width\":585,\"height\":636,\"caption\":\"STvega Carrot Shredder 500\"},{\"@type\":\"BreadcrumbList\",\"@id\":\"https:\\\/\\\/stvega.net\\\/pl\\\/product\\\/koreanska-maszyna-do-krojenia-marchewki-stvega-carrotder-shredder-500\\\/#breadcrumb\",\"itemListElement\":[{\"@type\":\"ListItem\",\"position\":1,\"name\":\"Dom\",\"item\":\"https:\\\/\\\/stvega.net\\\/pl\\\/\"},{\"@type\":\"ListItem\",\"position\":2,\"name\":\"Katalog\",\"item\":\"https:\\\/\\\/stvega.net\\\/katalog\\\/\"},{\"@type\":\"ListItem\",\"position\":3,\"name\":\"Korea\u0144ska maszyna do krojenia marchewki STvega Carrotder Shredder 500\"}]},{\"@type\":\"WebSite\",\"@id\":\"https:\\\/\\\/stvega.net\\\/pl\\\/#website\",\"url\":\"https:\\\/\\\/stvega.net\\\/pl\\\/\",\"name\":\"STvega\",\"description\":\"\u0445\u0430\u0440\u0447\u043e\u0432\u0435 \u043f\u0440\u043e\u043c\u0438\u0441\u043b\u043e\u0432\u0435 \u043e\u0431\u043b\u0430\u0434\u043d\u0430\u043d\u043d\u044f\",\"publisher\":{\"@id\":\"https:\\\/\\\/stvega.net\\\/pl\\\/#organization\"},\"alternateName\":\"STvega - \u043e\u0432\u043e\u0447\u0435\u0440\u0456\u0437\u043a\u0438, \u0448\u043f\u0438\u0433\u043e\u0440\u0456\u0437\u043a\u0438, \u0441\u043b\u0430\u0439\u0441\u0435\u0440\u0438 \u0442\u0430 \u0456\u043d\u0448\u0435 \u0445\u0430\u0440\u0447\u043e\u0432\u0435 \u043e\u0431\u043b\u0430\u0434\u043d\u0430\u043d\u043d\u044f\",\"potentialAction\":[{\"@type\":\"SearchAction\",\"target\":{\"@type\":\"EntryPoint\",\"urlTemplate\":\"https:\\\/\\\/stvega.net\\\/pl\\\/?s={search_term_string}\"},\"query-input\":{\"@type\":\"PropertyValueSpecification\",\"valueRequired\":true,\"valueName\":\"search_term_string\"}}],\"inLanguage\":\"pl-PL\"},{\"@type\":\"Organization\",\"@id\":\"https:\\\/\\\/stvega.net\\\/pl\\\/#organization\",\"name\":\"STvega \u0425\u0410\u0420\u0427\u041e\u0412\u0415 \u041f\u0420\u041e\u041c\u0418\u0421\u041b\u041e\u0412\u0415 \u041e\u0411\u041b\u0410\u0414\u041d\u0410\u041d\u041d\u042f\",\"alternateName\":\"STvega - \u043e\u0432\u043e\u0447\u0435\u0440\u0456\u0437\u043a\u0438, \u0448\u043f\u0438\u0433\u043e\u0440\u0456\u0437\u043a\u0438, \u0441\u043b\u0430\u0439\u0441\u0435\u0440\u0438 \u0442\u0430 \u0456\u043d\u0448\u0435 \u0445\u0430\u0440\u0447\u043e\u0432\u0435 \u043e\u0431\u043b\u0430\u0434\u043d\u0430\u043d\u043d\u044f\",\"url\":\"https:\\\/\\\/stvega.net\\\/pl\\\/\",\"logo\":{\"@type\":\"ImageObject\",\"inLanguage\":\"pl-PL\",\"@id\":\"https:\\\/\\\/stvega.net\\\/pl\\\/#\\\/schema\\\/logo\\\/image\\\/\",\"url\":\"https:\\\/\\\/stvega.net\\\/wp-content\\\/uploads\\\/2024\\\/03\\\/dyzajn-bez-nazvanyya-1.png\",\"contentUrl\":\"https:\\\/\\\/stvega.net\\\/wp-content\\\/uploads\\\/2024\\\/03\\\/dyzajn-bez-nazvanyya-1.png\",\"width\":180,\"height\":180,\"caption\":\"STvega \u0425\u0410\u0420\u0427\u041e\u0412\u0415 \u041f\u0420\u041e\u041c\u0418\u0421\u041b\u041e\u0412\u0415 \u041e\u0411\u041b\u0410\u0414\u041d\u0410\u041d\u041d\u042f\"},\"image\":{\"@id\":\"https:\\\/\\\/stvega.net\\\/pl\\\/#\\\/schema\\\/logo\\\/image\\\/\"},\"sameAs\":[\"https:\\\/\\\/www.facebook.com\\\/share\\\/9F1B4VxaHAC9E9HB\\\/?mibextid=qi2Omg\"]}]}<\/script>\n<!-- \/ Yoast SEO plugin. -->","yoast_head_json":{"title":"Korea\u0144ska maszyna do krojenia marchewki STvega Carrotder Shredder 500 \u043a\u0443\u043f\u0438\u0442\u0438 \u0437\u0430 \u0432\u0438\u0433\u0456\u0434\u043d\u043e\u044e \u0446\u0456\u043d\u043e\u044e \u0432 \u043c\u0430\u0433\u0430\u0437\u0438\u043d\u0456 STvega","description":"Korea\u0144ska maszyna do krojenia marchewki STvega Carrotder Shredder 500 | \u043a\u0443\u043f\u0438\u0442\u0438 \u0437\u0430 \ud83c\udf1f\u0432\u0438\u0433\u0456\u0434\u043d\u043e\u044e \u0446\u0456\u043d\u043e\u044e \u0432 \u043c\u0430\u0433\u0430\u0437\u0438\u043d\u0456 STvega","robots":{"index":"index","follow":"follow","max-snippet":"max-snippet:-1","max-image-preview":"max-image-preview:large","max-video-preview":"max-video-preview:-1"},"canonical":"https:\/\/stvega.net\/pl\/product\/koreanska-maszyna-do-krojenia-marchewki-stvega-carrotder-shredder-500\/","og_locale":"pl_PL","og_type":"article","og_title":"Korea\u0144ska maszyna do krojenia marchewki STvega Carrotder Shredder 500 \u043a\u0443\u043f\u0438\u0442\u0438 \u0437\u0430 \u0432\u0438\u0433\u0456\u0434\u043d\u043e\u044e \u0446\u0456\u043d\u043e\u044e \u0432 \u043c\u0430\u0433\u0430\u0437\u0438\u043d\u0456 STvega","og_description":"Korea\u0144ska maszyna do krojenia marchewki STvega Carrotder Shredder 500 | \u043a\u0443\u043f\u0438\u0442\u0438 \u0437\u0430 \ud83c\udf1f\u0432\u0438\u0433\u0456\u0434\u043d\u043e\u044e \u0446\u0456\u043d\u043e\u044e \u0432 \u043c\u0430\u0433\u0430\u0437\u0438\u043d\u0456 STvega","og_url":"https:\/\/stvega.net\/pl\/product\/koreanska-maszyna-do-krojenia-marchewki-stvega-carrotder-shredder-500\/","og_site_name":"\u0448\u0438\u0440\u043e\u043a\u0438\u0439 \u0430\u0441\u043e\u0440\u0442\u0438\u043c\u0435\u043d\u0442 \u0445\u0430\u0440\u0447\u043e\u0432\u043e\u0433\u043e \u043f\u0440\u043e\u043c\u0438\u0441\u043b\u043e\u0432\u043e\u0433\u043e \u043e\u0431\u043b\u0430\u0434\u043d\u0430\u043d\u043d\u044f \u0434\u043b\u044f \u043f\u0435\u0440\u0435\u0440\u043e\u0431\u043a\u0438 \u043c\u2019\u044f\u0441\u0430, \u043e\u0432\u043e\u0447\u0456\u0432 \u0456 \u0444\u0440\u0443\u043a\u0442\u0456\u0432\u2b50\u0412\u0438\u0433\u0456\u0434\u043d\u0456 \u0446\u0456\u043d\u0438 \ud83e\uddbe\u0412\u0438\u0440\u043e\u0431\u043d\u0438\u0447\u0456 \u043b\u0456\u043d\u0456\u0457 \u043f\u0456\u0434 \u043a\u043b\u044e\u0447\ud83d\ude9a \u0414\u043e\u0441\u0442\u0430\u0432\u043a\u0430 \ud83d\udee0\u0421\u0435\u0440\u0432\u0456\u0441","article_publisher":"https:\/\/www.facebook.com\/share\/9F1B4VxaHAC9E9HB\/?mibextid=qi2Omg","article_modified_time":"2026-05-13T13:55:01+00:00","og_image":[{"width":585,"height":636,"url":"https:\/\/stvega.net\/wp-content\/uploads\/2023\/05\/vega_carrot_shredder-min.png","type":"image\/png"}],"twitter_card":"summary_large_image","twitter_misc":{"Szacowany czas czytania":"2 minuty"},"schema":{"@context":"https:\/\/schema.org","@graph":[{"@type":"WebPage","@id":"https:\/\/stvega.net\/pl\/product\/koreanska-maszyna-do-krojenia-marchewki-stvega-carrotder-shredder-500\/","url":"https:\/\/stvega.net\/pl\/product\/koreanska-maszyna-do-krojenia-marchewki-stvega-carrotder-shredder-500\/","name":"Korea\u0144ska maszyna do krojenia marchewki STvega Carrotder Shredder 500 \u043a\u0443\u043f\u0438\u0442\u0438 \u0437\u0430 \u0432\u0438\u0433\u0456\u0434\u043d\u043e\u044e \u0446\u0456\u043d\u043e\u044e \u0432 \u043c\u0430\u0433\u0430\u0437\u0438\u043d\u0456 STvega","isPartOf":{"@id":"https:\/\/stvega.net\/pl\/#website"},"primaryImageOfPage":{"@id":"https:\/\/stvega.net\/pl\/product\/koreanska-maszyna-do-krojenia-marchewki-stvega-carrotder-shredder-500\/#primaryimage"},"image":{"@id":"https:\/\/stvega.net\/pl\/product\/koreanska-maszyna-do-krojenia-marchewki-stvega-carrotder-shredder-500\/#primaryimage"},"thumbnailUrl":"https:\/\/stvega.net\/wp-content\/uploads\/2023\/05\/vega_carrot_shredder-min.png","datePublished":"2023-05-21T09:22:25+00:00","dateModified":"2026-05-13T13:55:01+00:00","description":"Korea\u0144ska maszyna do krojenia marchewki STvega Carrotder Shredder 500 | \u043a\u0443\u043f\u0438\u0442\u0438 \u0437\u0430 \ud83c\udf1f\u0432\u0438\u0433\u0456\u0434\u043d\u043e\u044e \u0446\u0456\u043d\u043e\u044e \u0432 \u043c\u0430\u0433\u0430\u0437\u0438\u043d\u0456 STvega","breadcrumb":{"@id":"https:\/\/stvega.net\/pl\/product\/koreanska-maszyna-do-krojenia-marchewki-stvega-carrotder-shredder-500\/#breadcrumb"},"inLanguage":"pl-PL","potentialAction":[{"@type":"ReadAction","target":["https:\/\/stvega.net\/pl\/product\/koreanska-maszyna-do-krojenia-marchewki-stvega-carrotder-shredder-500\/"]}]},{"@type":"ImageObject","inLanguage":"pl-PL","@id":"https:\/\/stvega.net\/pl\/product\/koreanska-maszyna-do-krojenia-marchewki-stvega-carrotder-shredder-500\/#primaryimage","url":"https:\/\/stvega.net\/wp-content\/uploads\/2023\/05\/vega_carrot_shredder-min.png","contentUrl":"https:\/\/stvega.net\/wp-content\/uploads\/2023\/05\/vega_carrot_shredder-min.png","width":585,"height":636,"caption":"STvega Carrot Shredder 500"},{"@type":"BreadcrumbList","@id":"https:\/\/stvega.net\/pl\/product\/koreanska-maszyna-do-krojenia-marchewki-stvega-carrotder-shredder-500\/#breadcrumb","itemListElement":[{"@type":"ListItem","position":1,"name":"Dom","item":"https:\/\/stvega.net\/pl\/"},{"@type":"ListItem","position":2,"name":"Katalog","item":"https:\/\/stvega.net\/katalog\/"},{"@type":"ListItem","position":3,"name":"Korea\u0144ska maszyna do krojenia marchewki STvega Carrotder Shredder 500"}]},{"@type":"WebSite","@id":"https:\/\/stvega.net\/pl\/#website","url":"https:\/\/stvega.net\/pl\/","name":"STvega","description":"\u0445\u0430\u0440\u0447\u043e\u0432\u0435 \u043f\u0440\u043e\u043c\u0438\u0441\u043b\u043e\u0432\u0435 \u043e\u0431\u043b\u0430\u0434\u043d\u0430\u043d\u043d\u044f","publisher":{"@id":"https:\/\/stvega.net\/pl\/#organization"},"alternateName":"STvega - \u043e\u0432\u043e\u0447\u0435\u0440\u0456\u0437\u043a\u0438, \u0448\u043f\u0438\u0433\u043e\u0440\u0456\u0437\u043a\u0438, \u0441\u043b\u0430\u0439\u0441\u0435\u0440\u0438 \u0442\u0430 \u0456\u043d\u0448\u0435 \u0445\u0430\u0440\u0447\u043e\u0432\u0435 \u043e\u0431\u043b\u0430\u0434\u043d\u0430\u043d\u043d\u044f","potentialAction":[{"@type":"SearchAction","target":{"@type":"EntryPoint","urlTemplate":"https:\/\/stvega.net\/pl\/?s={search_term_string}"},"query-input":{"@type":"PropertyValueSpecification","valueRequired":true,"valueName":"search_term_string"}}],"inLanguage":"pl-PL"},{"@type":"Organization","@id":"https:\/\/stvega.net\/pl\/#organization","name":"STvega \u0425\u0410\u0420\u0427\u041e\u0412\u0415 \u041f\u0420\u041e\u041c\u0418\u0421\u041b\u041e\u0412\u0415 \u041e\u0411\u041b\u0410\u0414\u041d\u0410\u041d\u041d\u042f","alternateName":"STvega - \u043e\u0432\u043e\u0447\u0435\u0440\u0456\u0437\u043a\u0438, \u0448\u043f\u0438\u0433\u043e\u0440\u0456\u0437\u043a\u0438, \u0441\u043b\u0430\u0439\u0441\u0435\u0440\u0438 \u0442\u0430 \u0456\u043d\u0448\u0435 \u0445\u0430\u0440\u0447\u043e\u0432\u0435 \u043e\u0431\u043b\u0430\u0434\u043d\u0430\u043d\u043d\u044f","url":"https:\/\/stvega.net\/pl\/","logo":{"@type":"ImageObject","inLanguage":"pl-PL","@id":"https:\/\/stvega.net\/pl\/#\/schema\/logo\/image\/","url":"https:\/\/stvega.net\/wp-content\/uploads\/2024\/03\/dyzajn-bez-nazvanyya-1.png","contentUrl":"https:\/\/stvega.net\/wp-content\/uploads\/2024\/03\/dyzajn-bez-nazvanyya-1.png","width":180,"height":180,"caption":"STvega \u0425\u0410\u0420\u0427\u041e\u0412\u0415 \u041f\u0420\u041e\u041c\u0418\u0421\u041b\u041e\u0412\u0415 \u041e\u0411\u041b\u0410\u0414\u041d\u0410\u041d\u041d\u042f"},"image":{"@id":"https:\/\/stvega.net\/pl\/#\/schema\/logo\/image\/"},"sameAs":["https:\/\/www.facebook.com\/share\/9F1B4VxaHAC9E9HB\/?mibextid=qi2Omg"]}]}},"_links":{"self":[{"href":"https:\/\/stvega.net\/pl\/wp-json\/wp\/v2\/product\/18453","targetHints":{"allow":["GET"]}}],"collection":[{"href":"https:\/\/stvega.net\/pl\/wp-json\/wp\/v2\/product"}],"about":[{"href":"https:\/\/stvega.net\/pl\/wp-json\/wp\/v2\/types\/product"}],"replies":[{"embeddable":true,"href":"https:\/\/stvega.net\/pl\/wp-json\/wp\/v2\/comments?post=18453"}],"wp:featuredmedia":[{"embeddable":true,"href":"https:\/\/stvega.net\/pl\/wp-json\/wp\/v2\/media\/18512"}],"wp:attachment":[{"href":"https:\/\/stvega.net\/pl\/wp-json\/wp\/v2\/media?parent=18453"}],"wp:term":[{"taxonomy":"product_brand","embeddable":true,"href":"https:\/\/stvega.net\/pl\/wp-json\/wp\/v2\/product_brand?post=18453"},{"taxonomy":"product_cat","embeddable":true,"href":"https:\/\/stvega.net\/pl\/wp-json\/wp\/v2\/product_cat?post=18453"},{"taxonomy":"product_tag","embeddable":true,"href":"https:\/\/stvega.net\/pl\/wp-json\/wp\/v2\/product_tag?post=18453"}],"curies":[{"name":"wp","href":"https:\/\/api.w.org\/{rel}","templated":true}]}}