{"id":17570,"date":"2023-08-11T15:56:20","date_gmt":"2023-08-11T12:56:20","guid":{"rendered":"https:\/\/stvega.net\/product\/przemyslowy-mlynek-do-mielenia-orzechow-nasion-stvega-seed-grinder-h30\/"},"modified":"2023-08-11T15:56:20","modified_gmt":"2023-08-11T12:56:20","slug":"przemyslowy-mlynek-do-mielenia-orzechow-nasion-stvega-seed-grinder-h30","status":"publish","type":"product","link":"https:\/\/stvega.net\/pl\/product\/przemyslowy-mlynek-do-mielenia-orzechow-nasion-stvega-seed-grinder-h30\/","title":{"rendered":"Przemys\u0142owy m\u0142ynek do mielenia orzech\u00f3w, nasion STvega Seed Grinder H30"},"content":{"rendered":"<section class=\"elementor-element elementor-element-fae3385 elementor-section-boxed elementor-section-height-default elementor-section-height-default elementor-section elementor-top-section\" data-id=\"fae3385\" data-element_type=\"section\">\n<div class=\"elementor-container elementor-column-gap-default\">\n<div class=\"elementor-row\">\n<div class=\"elementor-element elementor-element-8be2275 elementor-column elementor-col-100 elementor-top-column\" data-id=\"8be2275\" data-element_type=\"column\">\n<div class=\"elementor-column-wrap elementor-element-populated\">\n<div class=\"elementor-widget-wrap\">\n<div class=\"elementor-element elementor-element-faca251 elementor-widget elementor-widget-heading\" data-id=\"faca251\" data-element_type=\"widget\" data-widget_type=\"heading.default\">\n<div class=\"elementor-widget-container\">\n<p class=\"elementor-heading-title elementor-size-default\" style=\"text-align: left;\"><strong style=\"font-size: 16px;\">STvega Seed Grinder 30<\/strong> <span style=\"font-size: 16px;\">s\u0142u\u017cy <\/span><span style=\"font-size: 16px;\"> do mielenia produkt\u00f3w o wysokiej zawarto\u015bci oleju, takich jak r\u00f3\u017cne nasiona, orzechy i inne produkty.<\/span><\/p>\n<\/div>\n<\/div>\n<\/div>\n<\/div>\n<\/div>\n<\/div>\n<\/div>\n<\/section>\n<section class=\"elementor-element elementor-element-f28c030 elementor-section-boxed elementor-section-height-default elementor-section-height-default elementor-section elementor-top-section\" data-id=\"f28c030\" data-element_type=\"section\">\n<div class=\"elementor-container elementor-column-gap-default\">\n<div class=\"elementor-row\">\n<div class=\"elementor-element elementor-element-78d95ae elementor-column elementor-col-100 elementor-top-column\" data-id=\"78d95ae\" data-element_type=\"column\">\n<div class=\"elementor-column-wrap elementor-element-populated\">\n<div class=\"elementor-widget-wrap\">\n<div class=\"elementor-element elementor-element-9019023 elementor-widget elementor-widget-text-editor\" data-id=\"9019023\" data-element_type=\"widget\" data-widget_type=\"text-editor.default\">\n<div class=\"elementor-widget-container\">\n<div class=\"elementor-text-editor elementor-clearfix\">\n<p><strong>Zasada dzia\u0142ania:<\/strong><\/p>\n<p>Operator podaje produkt do zasobnika za\u0142adunkowego, a nast\u0119pnie produkt trafia do no\u017cy jak m\u0142ynek, gdzie jest mielony.<\/p>\n<p>Firma zapewnia gwarancj\u0119 oraz serwis posprzeda\u017cowy.<\/p>\n<\/div>\n<\/div>\n<\/div>\n<\/div>\n<\/div>\n<\/div>\n<\/div>\n<\/div>\n<\/section>\n\t<div class=\"section video\">\n\t\t<div class=\"row\">\n\t\t\t\t\t\t\t\t\t\t\t\t<div class=\"col-md-4 col-12\">\n\t\t\t\t\t\t<div class=\"container-lazyload preview-lazyload container-youtube js-lazyload--not-loaded\"><a href=\"https:\/\/www.youtube.com\/watch?v=psT6Au5yIy8\" class=\"lazy-load-youtube preview-lazyload preview-youtube\" data-video-title=\"\u0413\u0440\u0438\u043d\u0434\u0435\u0440 STvega Seed Grinder H30 \u0434\u043b\u044f \u043f\u043e\u0434\u0440\u0456\u0431\u043d\u0435\u043d\u043d\u044f \u0447\u0430\u0441\u043d\u0438\u043a\u0443, \u0433\u043e\u0440\u0456\u0445\u0456\u0432, \u043d\u0430\u0441\u0456\u043d\u043d\u044f \u0442\u0430 \u0456\u043d\u0448\u0438\u0445 \u043f\u0440\u043e\u0434\u0443\u043a\u0442\u0456\u0432\" title=\"Play video &quot;\u0413\u0440\u0438\u043d\u0434\u0435\u0440 STvega Seed Grinder H30 \u0434\u043b\u044f \u043f\u043e\u0434\u0440\u0456\u0431\u043d\u0435\u043d\u043d\u044f \u0447\u0430\u0441\u043d\u0438\u043a\u0443, \u0433\u043e\u0440\u0456\u0445\u0456\u0432, \u043d\u0430\u0441\u0456\u043d\u043d\u044f \u0442\u0430 \u0456\u043d\u0448\u0438\u0445 \u043f\u0440\u043e\u0434\u0443\u043a\u0442\u0456\u0432&quot;\">https:\/\/www.youtube.com\/watch?v=psT6Au5yIy8<\/a><noscript>Video can&#8217;t be loaded because JavaScript is disabled: <a href=\"https:\/\/www.youtube.com\/watch?v=psT6Au5yIy8\" title=\"\u0413\u0440\u0438\u043d\u0434\u0435\u0440 STvega Seed Grinder H30 \u0434\u043b\u044f \u043f\u043e\u0434\u0440\u0456\u0431\u043d\u0435\u043d\u043d\u044f \u0447\u0430\u0441\u043d\u0438\u043a\u0443, \u0433\u043e\u0440\u0456\u0445\u0456\u0432, \u043d\u0430\u0441\u0456\u043d\u043d\u044f \u0442\u0430 \u0456\u043d\u0448\u0438\u0445 \u043f\u0440\u043e\u0434\u0443\u043a\u0442\u0456\u0432\">\u0413\u0440\u0438\u043d\u0434\u0435\u0440 STvega Seed Grinder H30 \u0434\u043b\u044f \u043f\u043e\u0434\u0440\u0456\u0431\u043d\u0435\u043d\u043d\u044f \u0447\u0430\u0441\u043d\u0438\u043a\u0443, \u0433\u043e\u0440\u0456\u0445\u0456\u0432, \u043d\u0430\u0441\u0456\u043d\u043d\u044f \u0442\u0430 \u0456\u043d\u0448\u0438\u0445 \u043f\u0440\u043e\u0434\u0443\u043a\u0442\u0456\u0432 (https:\/\/www.youtube.com\/watch?v=psT6Au5yIy8)<\/a><\/noscript><\/div>\n\t\t\t\t\t<\/div>\n\t\t\t\t\t\t\t\t\t<div class=\"col-md-4 col-12\">\n\t\t\t\t\t\t<div class=\"container-lazyload preview-lazyload container-youtube js-lazyload--not-loaded\"><a href=\"https:\/\/www.youtube.com\/watch?v=-sFsHnIXU-E\" class=\"lazy-load-youtube preview-lazyload preview-youtube\" data-video-title=\"\u0413\u0440\u0438\u043d\u0434\u0435\u0440 STvega Seed Grinder 30 \u0434\u043b\u044f \u043f\u0435\u0440\u0435\u043c\u0435\u043b\u044e\u0432\u0430\u043d\u043d\u044f \u0441\u0443\u0445\u0438\u0445 \u043f\u0440\u043e\u0434\u0443\u043a\u0442\u0456\u0432 \u0443 \u0431\u0456\u043b\u044c\u0448\u0443 \u0442\u0430 \u043c\u0435\u043d\u044c\u0448\u0443 \u0444\u0440\u0430\u043d\u043a\u0446\u0456\u044e\" title=\"Play video &quot;\u0413\u0440\u0438\u043d\u0434\u0435\u0440 STvega Seed Grinder 30 \u0434\u043b\u044f \u043f\u0435\u0440\u0435\u043c\u0435\u043b\u044e\u0432\u0430\u043d\u043d\u044f \u0441\u0443\u0445\u0438\u0445 \u043f\u0440\u043e\u0434\u0443\u043a\u0442\u0456\u0432 \u0443 \u0431\u0456\u043b\u044c\u0448\u0443 \u0442\u0430 \u043c\u0435\u043d\u044c\u0448\u0443 \u0444\u0440\u0430\u043d\u043a\u0446\u0456\u044e&quot;\">https:\/\/www.youtube.com\/watch?v=-sFsHnIXU-E<\/a><noscript>Video can&#8217;t be loaded because JavaScript is disabled: <a href=\"https:\/\/www.youtube.com\/watch?v=-sFsHnIXU-E\" title=\"\u0413\u0440\u0438\u043d\u0434\u0435\u0440 STvega Seed Grinder 30 \u0434\u043b\u044f \u043f\u0435\u0440\u0435\u043c\u0435\u043b\u044e\u0432\u0430\u043d\u043d\u044f \u0441\u0443\u0445\u0438\u0445 \u043f\u0440\u043e\u0434\u0443\u043a\u0442\u0456\u0432 \u0443 \u0431\u0456\u043b\u044c\u0448\u0443 \u0442\u0430 \u043c\u0435\u043d\u044c\u0448\u0443 \u0444\u0440\u0430\u043d\u043a\u0446\u0456\u044e\">\u0413\u0440\u0438\u043d\u0434\u0435\u0440 STvega Seed Grinder 30 \u0434\u043b\u044f \u043f\u0435\u0440\u0435\u043c\u0435\u043b\u044e\u0432\u0430\u043d\u043d\u044f \u0441\u0443\u0445\u0438\u0445 \u043f\u0440\u043e\u0434\u0443\u043a\u0442\u0456\u0432 \u0443 \u0431\u0456\u043b\u044c\u0448\u0443 \u0442\u0430 \u043c\u0435\u043d\u044c\u0448\u0443 \u0444\u0440\u0430\u043d\u043a\u0446\u0456\u044e (https:\/\/www.youtube.com\/watch?v=-sFsHnIXU-E)<\/a><\/noscript><\/div>\n\t\t\t\t\t<\/div>\n\t\t\t\t\t\t\t\t\t<div class=\"col-md-4 col-12\">\n\t\t\t\t\t\t<div class=\"container-lazyload preview-lazyload container-youtube js-lazyload--not-loaded\"><a href=\"https:\/\/www.youtube.com\/watch?v=976K3c4WWPI\" class=\"lazy-load-youtube preview-lazyload preview-youtube\" data-video-title=\"\u041f\u0440\u043e\u043c\u0438\u0441\u043b\u043e\u0432\u0438\u0439 \u0433\u0440\u0438\u043d\u0434\u0435\u0440 STvega Seed Grinder 30 - \u043f\u043e\u0434\u0440\u0456\u0431\u043d\u044e\u0432\u0430\u0447 \u0433\u043e\u0440\u0456\u0445\u0456\u0432, \u043d\u0430\u0441\u0456\u043d\u043d\u044f\" title=\"Play video &quot;\u041f\u0440\u043e\u043c\u0438\u0441\u043b\u043e\u0432\u0438\u0439 \u0433\u0440\u0438\u043d\u0434\u0435\u0440 STvega Seed Grinder 30 - \u043f\u043e\u0434\u0440\u0456\u0431\u043d\u044e\u0432\u0430\u0447 \u0433\u043e\u0440\u0456\u0445\u0456\u0432, \u043d\u0430\u0441\u0456\u043d\u043d\u044f&quot;\">https:\/\/www.youtube.com\/watch?v=976K3c4WWPI<\/a><noscript>Video can&#8217;t be loaded because JavaScript is disabled: <a href=\"https:\/\/www.youtube.com\/watch?v=976K3c4WWPI\" title=\"\u041f\u0440\u043e\u043c\u0438\u0441\u043b\u043e\u0432\u0438\u0439 \u0433\u0440\u0438\u043d\u0434\u0435\u0440 STvega Seed Grinder 30 - \u043f\u043e\u0434\u0440\u0456\u0431\u043d\u044e\u0432\u0430\u0447 \u0433\u043e\u0440\u0456\u0445\u0456\u0432, \u043d\u0430\u0441\u0456\u043d\u043d\u044f\">\u041f\u0440\u043e\u043c\u0438\u0441\u043b\u043e\u0432\u0438\u0439 \u0433\u0440\u0438\u043d\u0434\u0435\u0440 STvega Seed Grinder 30 &#8211; \u043f\u043e\u0434\u0440\u0456\u0431\u043d\u044e\u0432\u0430\u0447 \u0433\u043e\u0440\u0456\u0445\u0456\u0432, \u043d\u0430\u0441\u0456\u043d\u043d\u044f (https:\/\/www.youtube.com\/watch?v=976K3c4WWPI)<\/a><\/noscript><\/div>\n\t\t\t\t\t<\/div>\n\t\t\t\t\t\t\t\t\t<\/div>\n\t<\/div>\n\t\t","protected":false},"excerpt":{"rendered":"<div class=\"elementor-element elementor-element-4e03395 elementor-widget elementor-widget-woocommerce-product-short-description\" data-id=\"4e03395\" data-element_type=\"widget\" data-widget_type=\"woocommerce-product-short-description.default\">\n<div class=\"elementor-widget-container\">\n<div class=\"woocommerce-product-details__short-description\">\n<p><strong style=\"font-size: 16px;\">STvega Seed Grinder 30<\/strong> <span style=\"font-size: 16px;\">s\u0142u\u017cy <\/span><span style=\"font-size: 16px;\"> do mielenia produkt\u00f3w o wysokiej zawarto\u015bci oleju, takich jak r\u00f3\u017cne nasiona, orzechy i inne produkty.<\/span><\/p>\n<p><strong>Specyfikacje:<\/strong><\/p>\n<p>[table id=&#8221;69&#8243; \/]<\/p>\n<\/div>\n<\/div>\n<\/div>\n<div class=\"elementor-element elementor-element-4ab4778 elementor-widget elementor-widget-text-editor\" data-id=\"4ab4778\" data-element_type=\"widget\" data-widget_type=\"text-editor.default\">\n<div class=\"elementor-widget-container\">\n<div class=\"elementor-text-editor elementor-clearfix\">\n<p>&nbsp;<\/p>\n<p><span style=\"color: #0000ff;\"><strong>Wyj\u0105tkowo\u015b\u0107 maszyny:<\/strong> miele orzechy, miele nasiona.<\/span><\/p>\n<\/div>\n<\/div>\n<\/div>\n","protected":false},"featured_media":17579,"comment_status":"closed","ping_status":"closed","template":"","meta":{"_acf_changed":false,"inline_featured_image":false},"product_brand":[],"product_cat":[3453,3642,3670],"product_tag":[5444,8926,7391,8426,8089,8924,8425,8930,8096,7383,8932,8934,3871,8048,8928,4321,3870,7401],"class_list":{"0":"post-17570","1":"product","2":"type-product","3":"status-publish","4":"has-post-thumbnail","6":"product_cat-krojenie-i-siekanie","7":"product_cat-mielenie-orzechow-przypraw-i-innych-produktow","8":"product_cat-orzechy","9":"product_tag-automatyczne-niszczenie","10":"product_tag-ciecie-orzechow","11":"product_tag-mielenie-nasion","12":"product_tag-mlynek-2","13":"product_tag-mlynek","14":"product_tag-mlynek-do-mielenia-i-mielenia-jedzenia","15":"product_tag-mlynek-do-mielenia-produktow-stalych","16":"product_tag-mlynek-do-nasion","17":"product_tag-mlynek-do-orzechow","18":"product_tag-mlynek-przemyslowy","19":"product_tag-obrobka-naciagow","20":"product_tag-obrobka-nasion","21":"product_tag-przetworstwo-przemyslowe","22":"product_tag-shredder","23":"product_tag-siekacz-orzechow","24":"product_tag-sprzet-dla-przemyslu-spozywczego","25":"product_tag-sprzet-do-przetwarzania-zywnosci","26":"product_tag-technologie-szlifowania","28":"first","29":"instock","30":"shipping-taxable","31":"product-type-simple"},"acf":[],"yoast_head":"<!-- This site is optimized with the Yoast SEO plugin v27.6 - https:\/\/yoast.com\/product\/yoast-seo-wordpress\/ -->\n<title>Przemys\u0142owy m\u0142ynek do mielenia orzech\u00f3w, nasion STvega Seed Grinder H30 \u043a\u0443\u043f\u0438\u0442\u0438 \u0437\u0430 \u0432\u0438\u0433\u0456\u0434\u043d\u043e\u044e \u0446\u0456\u043d\u043e\u044e \u0432 \u043c\u0430\u0433\u0430\u0437\u0438\u043d\u0456 STvega<\/title>\n<meta name=\"description\" content=\"|\" \/>\n<meta name=\"robots\" content=\"index, follow, max-snippet:-1, max-image-preview:large, max-video-preview:-1\" \/>\n<link rel=\"canonical\" href=\"https:\/\/stvega.net\/pl\/product\/przemyslowy-mlynek-do-mielenia-orzechow-nasion-stvega-seed-grinder-h30\/\" \/>\n<meta property=\"og:locale\" content=\"pl_PL\" \/>\n<meta property=\"og:type\" content=\"article\" \/>\n<meta property=\"og:title\" content=\"Przemys\u0142owy m\u0142ynek do mielenia orzech\u00f3w, nasion STvega Seed Grinder H30 \u043a\u0443\u043f\u0438\u0442\u0438 \u0437\u0430 \u0432\u0438\u0433\u0456\u0434\u043d\u043e\u044e \u0446\u0456\u043d\u043e\u044e \u0432 \u043c\u0430\u0433\u0430\u0437\u0438\u043d\u0456 STvega\" \/>\n<meta property=\"og:description\" content=\"|\" \/>\n<meta property=\"og:url\" content=\"https:\/\/stvega.net\/pl\/product\/przemyslowy-mlynek-do-mielenia-orzechow-nasion-stvega-seed-grinder-h30\/\" \/>\n<meta property=\"og:site_name\" content=\"\u0448\u0438\u0440\u043e\u043a\u0438\u0439 \u0430\u0441\u043e\u0440\u0442\u0438\u043c\u0435\u043d\u0442 \u0445\u0430\u0440\u0447\u043e\u0432\u043e\u0433\u043e \u043f\u0440\u043e\u043c\u0438\u0441\u043b\u043e\u0432\u043e\u0433\u043e \u043e\u0431\u043b\u0430\u0434\u043d\u0430\u043d\u043d\u044f \u0434\u043b\u044f \u043f\u0435\u0440\u0435\u0440\u043e\u0431\u043a\u0438 \u043c\u2019\u044f\u0441\u0430, \u043e\u0432\u043e\u0447\u0456\u0432 \u0456 \u0444\u0440\u0443\u043a\u0442\u0456\u0432\u2b50\u0412\u0438\u0433\u0456\u0434\u043d\u0456 \u0446\u0456\u043d\u0438 \ud83e\uddbe\u0412\u0438\u0440\u043e\u0431\u043d\u0438\u0447\u0456 \u043b\u0456\u043d\u0456\u0457 \u043f\u0456\u0434 \u043a\u043b\u044e\u0447\ud83d\ude9a \u0414\u043e\u0441\u0442\u0430\u0432\u043a\u0430 \ud83d\udee0\u0421\u0435\u0440\u0432\u0456\u0441\" \/>\n<meta property=\"article:publisher\" content=\"https:\/\/www.facebook.com\/share\/9F1B4VxaHAC9E9HB\/?mibextid=qi2Omg\" \/>\n<meta property=\"og:image\" content=\"https:\/\/stvega.net\/wp-content\/uploads\/2023\/08\/promyslovyj-grynder-dlya-podribnennya-gorihiv.png\" \/>\n\t<meta property=\"og:image:width\" content=\"500\" \/>\n\t<meta property=\"og:image:height\" content=\"500\" \/>\n\t<meta property=\"og:image:type\" content=\"image\/png\" \/>\n<meta name=\"twitter:card\" content=\"summary_large_image\" \/>\n<script type=\"application\/ld+json\" class=\"yoast-schema-graph\">{\"@context\":\"https:\\\/\\\/schema.org\",\"@graph\":[{\"@type\":\"WebPage\",\"@id\":\"https:\\\/\\\/stvega.net\\\/pl\\\/product\\\/przemyslowy-mlynek-do-mielenia-orzechow-nasion-stvega-seed-grinder-h30\\\/\",\"url\":\"https:\\\/\\\/stvega.net\\\/pl\\\/product\\\/przemyslowy-mlynek-do-mielenia-orzechow-nasion-stvega-seed-grinder-h30\\\/\",\"name\":\"Przemys\u0142owy m\u0142ynek do mielenia orzech\u00f3w, nasion STvega Seed Grinder H30 \u043a\u0443\u043f\u0438\u0442\u0438 \u0437\u0430 \u0432\u0438\u0433\u0456\u0434\u043d\u043e\u044e \u0446\u0456\u043d\u043e\u044e \u0432 \u043c\u0430\u0433\u0430\u0437\u0438\u043d\u0456 STvega\",\"isPartOf\":{\"@id\":\"https:\\\/\\\/stvega.net\\\/pl\\\/#website\"},\"primaryImageOfPage\":{\"@id\":\"https:\\\/\\\/stvega.net\\\/pl\\\/product\\\/przemyslowy-mlynek-do-mielenia-orzechow-nasion-stvega-seed-grinder-h30\\\/#primaryimage\"},\"image\":{\"@id\":\"https:\\\/\\\/stvega.net\\\/pl\\\/product\\\/przemyslowy-mlynek-do-mielenia-orzechow-nasion-stvega-seed-grinder-h30\\\/#primaryimage\"},\"thumbnailUrl\":\"https:\\\/\\\/stvega.net\\\/wp-content\\\/uploads\\\/2023\\\/08\\\/promyslovyj-grynder-dlya-podribnennya-gorihiv.png\",\"datePublished\":\"2023-08-11T12:56:20+00:00\",\"description\":\"|\",\"breadcrumb\":{\"@id\":\"https:\\\/\\\/stvega.net\\\/pl\\\/product\\\/przemyslowy-mlynek-do-mielenia-orzechow-nasion-stvega-seed-grinder-h30\\\/#breadcrumb\"},\"inLanguage\":\"pl-PL\",\"potentialAction\":[{\"@type\":\"ReadAction\",\"target\":[\"https:\\\/\\\/stvega.net\\\/pl\\\/product\\\/przemyslowy-mlynek-do-mielenia-orzechow-nasion-stvega-seed-grinder-h30\\\/\"]}]},{\"@type\":\"ImageObject\",\"inLanguage\":\"pl-PL\",\"@id\":\"https:\\\/\\\/stvega.net\\\/pl\\\/product\\\/przemyslowy-mlynek-do-mielenia-orzechow-nasion-stvega-seed-grinder-h30\\\/#primaryimage\",\"url\":\"https:\\\/\\\/stvega.net\\\/wp-content\\\/uploads\\\/2023\\\/08\\\/promyslovyj-grynder-dlya-podribnennya-gorihiv.png\",\"contentUrl\":\"https:\\\/\\\/stvega.net\\\/wp-content\\\/uploads\\\/2023\\\/08\\\/promyslovyj-grynder-dlya-podribnennya-gorihiv.png\",\"width\":500,\"height\":500},{\"@type\":\"BreadcrumbList\",\"@id\":\"https:\\\/\\\/stvega.net\\\/pl\\\/product\\\/przemyslowy-mlynek-do-mielenia-orzechow-nasion-stvega-seed-grinder-h30\\\/#breadcrumb\",\"itemListElement\":[{\"@type\":\"ListItem\",\"position\":1,\"name\":\"Dom\",\"item\":\"https:\\\/\\\/stvega.net\\\/pl\\\/\"},{\"@type\":\"ListItem\",\"position\":2,\"name\":\"Katalog\",\"item\":\"https:\\\/\\\/stvega.net\\\/katalog\\\/\"},{\"@type\":\"ListItem\",\"position\":3,\"name\":\"Przemys\u0142owy m\u0142ynek do mielenia orzech\u00f3w, nasion STvega Seed Grinder H30\"}]},{\"@type\":\"WebSite\",\"@id\":\"https:\\\/\\\/stvega.net\\\/pl\\\/#website\",\"url\":\"https:\\\/\\\/stvega.net\\\/pl\\\/\",\"name\":\"STvega\",\"description\":\"\u0445\u0430\u0440\u0447\u043e\u0432\u0435 \u043f\u0440\u043e\u043c\u0438\u0441\u043b\u043e\u0432\u0435 \u043e\u0431\u043b\u0430\u0434\u043d\u0430\u043d\u043d\u044f\",\"publisher\":{\"@id\":\"https:\\\/\\\/stvega.net\\\/pl\\\/#organization\"},\"alternateName\":\"STvega - \u043e\u0432\u043e\u0447\u0435\u0440\u0456\u0437\u043a\u0438, \u0448\u043f\u0438\u0433\u043e\u0440\u0456\u0437\u043a\u0438, \u0441\u043b\u0430\u0439\u0441\u0435\u0440\u0438 \u0442\u0430 \u0456\u043d\u0448\u0435 \u0445\u0430\u0440\u0447\u043e\u0432\u0435 \u043e\u0431\u043b\u0430\u0434\u043d\u0430\u043d\u043d\u044f\",\"potentialAction\":[{\"@type\":\"SearchAction\",\"target\":{\"@type\":\"EntryPoint\",\"urlTemplate\":\"https:\\\/\\\/stvega.net\\\/pl\\\/?s={search_term_string}\"},\"query-input\":{\"@type\":\"PropertyValueSpecification\",\"valueRequired\":true,\"valueName\":\"search_term_string\"}}],\"inLanguage\":\"pl-PL\"},{\"@type\":\"Organization\",\"@id\":\"https:\\\/\\\/stvega.net\\\/pl\\\/#organization\",\"name\":\"STvega \u0425\u0410\u0420\u0427\u041e\u0412\u0415 \u041f\u0420\u041e\u041c\u0418\u0421\u041b\u041e\u0412\u0415 \u041e\u0411\u041b\u0410\u0414\u041d\u0410\u041d\u041d\u042f\",\"alternateName\":\"STvega - \u043e\u0432\u043e\u0447\u0435\u0440\u0456\u0437\u043a\u0438, \u0448\u043f\u0438\u0433\u043e\u0440\u0456\u0437\u043a\u0438, \u0441\u043b\u0430\u0439\u0441\u0435\u0440\u0438 \u0442\u0430 \u0456\u043d\u0448\u0435 \u0445\u0430\u0440\u0447\u043e\u0432\u0435 \u043e\u0431\u043b\u0430\u0434\u043d\u0430\u043d\u043d\u044f\",\"url\":\"https:\\\/\\\/stvega.net\\\/pl\\\/\",\"logo\":{\"@type\":\"ImageObject\",\"inLanguage\":\"pl-PL\",\"@id\":\"https:\\\/\\\/stvega.net\\\/pl\\\/#\\\/schema\\\/logo\\\/image\\\/\",\"url\":\"https:\\\/\\\/stvega.net\\\/wp-content\\\/uploads\\\/2024\\\/03\\\/dyzajn-bez-nazvanyya-1.png\",\"contentUrl\":\"https:\\\/\\\/stvega.net\\\/wp-content\\\/uploads\\\/2024\\\/03\\\/dyzajn-bez-nazvanyya-1.png\",\"width\":180,\"height\":180,\"caption\":\"STvega \u0425\u0410\u0420\u0427\u041e\u0412\u0415 \u041f\u0420\u041e\u041c\u0418\u0421\u041b\u041e\u0412\u0415 \u041e\u0411\u041b\u0410\u0414\u041d\u0410\u041d\u041d\u042f\"},\"image\":{\"@id\":\"https:\\\/\\\/stvega.net\\\/pl\\\/#\\\/schema\\\/logo\\\/image\\\/\"},\"sameAs\":[\"https:\\\/\\\/www.facebook.com\\\/share\\\/9F1B4VxaHAC9E9HB\\\/?mibextid=qi2Omg\"]}]}<\/script>\n<!-- \/ Yoast SEO plugin. -->","yoast_head_json":{"title":"Przemys\u0142owy m\u0142ynek do mielenia orzech\u00f3w, nasion STvega Seed Grinder H30 \u043a\u0443\u043f\u0438\u0442\u0438 \u0437\u0430 \u0432\u0438\u0433\u0456\u0434\u043d\u043e\u044e \u0446\u0456\u043d\u043e\u044e \u0432 \u043c\u0430\u0433\u0430\u0437\u0438\u043d\u0456 STvega","description":"|","robots":{"index":"index","follow":"follow","max-snippet":"max-snippet:-1","max-image-preview":"max-image-preview:large","max-video-preview":"max-video-preview:-1"},"canonical":"https:\/\/stvega.net\/pl\/product\/przemyslowy-mlynek-do-mielenia-orzechow-nasion-stvega-seed-grinder-h30\/","og_locale":"pl_PL","og_type":"article","og_title":"Przemys\u0142owy m\u0142ynek do mielenia orzech\u00f3w, nasion STvega Seed Grinder H30 \u043a\u0443\u043f\u0438\u0442\u0438 \u0437\u0430 \u0432\u0438\u0433\u0456\u0434\u043d\u043e\u044e \u0446\u0456\u043d\u043e\u044e \u0432 \u043c\u0430\u0433\u0430\u0437\u0438\u043d\u0456 STvega","og_description":"|","og_url":"https:\/\/stvega.net\/pl\/product\/przemyslowy-mlynek-do-mielenia-orzechow-nasion-stvega-seed-grinder-h30\/","og_site_name":"\u0448\u0438\u0440\u043e\u043a\u0438\u0439 \u0430\u0441\u043e\u0440\u0442\u0438\u043c\u0435\u043d\u0442 \u0445\u0430\u0440\u0447\u043e\u0432\u043e\u0433\u043e \u043f\u0440\u043e\u043c\u0438\u0441\u043b\u043e\u0432\u043e\u0433\u043e \u043e\u0431\u043b\u0430\u0434\u043d\u0430\u043d\u043d\u044f \u0434\u043b\u044f \u043f\u0435\u0440\u0435\u0440\u043e\u0431\u043a\u0438 \u043c\u2019\u044f\u0441\u0430, \u043e\u0432\u043e\u0447\u0456\u0432 \u0456 \u0444\u0440\u0443\u043a\u0442\u0456\u0432\u2b50\u0412\u0438\u0433\u0456\u0434\u043d\u0456 \u0446\u0456\u043d\u0438 \ud83e\uddbe\u0412\u0438\u0440\u043e\u0431\u043d\u0438\u0447\u0456 \u043b\u0456\u043d\u0456\u0457 \u043f\u0456\u0434 \u043a\u043b\u044e\u0447\ud83d\ude9a \u0414\u043e\u0441\u0442\u0430\u0432\u043a\u0430 \ud83d\udee0\u0421\u0435\u0440\u0432\u0456\u0441","article_publisher":"https:\/\/www.facebook.com\/share\/9F1B4VxaHAC9E9HB\/?mibextid=qi2Omg","og_image":[{"width":500,"height":500,"url":"https:\/\/stvega.net\/wp-content\/uploads\/2023\/08\/promyslovyj-grynder-dlya-podribnennya-gorihiv.png","type":"image\/png"}],"twitter_card":"summary_large_image","schema":{"@context":"https:\/\/schema.org","@graph":[{"@type":"WebPage","@id":"https:\/\/stvega.net\/pl\/product\/przemyslowy-mlynek-do-mielenia-orzechow-nasion-stvega-seed-grinder-h30\/","url":"https:\/\/stvega.net\/pl\/product\/przemyslowy-mlynek-do-mielenia-orzechow-nasion-stvega-seed-grinder-h30\/","name":"Przemys\u0142owy m\u0142ynek do mielenia orzech\u00f3w, nasion STvega Seed Grinder H30 \u043a\u0443\u043f\u0438\u0442\u0438 \u0437\u0430 \u0432\u0438\u0433\u0456\u0434\u043d\u043e\u044e \u0446\u0456\u043d\u043e\u044e \u0432 \u043c\u0430\u0433\u0430\u0437\u0438\u043d\u0456 STvega","isPartOf":{"@id":"https:\/\/stvega.net\/pl\/#website"},"primaryImageOfPage":{"@id":"https:\/\/stvega.net\/pl\/product\/przemyslowy-mlynek-do-mielenia-orzechow-nasion-stvega-seed-grinder-h30\/#primaryimage"},"image":{"@id":"https:\/\/stvega.net\/pl\/product\/przemyslowy-mlynek-do-mielenia-orzechow-nasion-stvega-seed-grinder-h30\/#primaryimage"},"thumbnailUrl":"https:\/\/stvega.net\/wp-content\/uploads\/2023\/08\/promyslovyj-grynder-dlya-podribnennya-gorihiv.png","datePublished":"2023-08-11T12:56:20+00:00","description":"|","breadcrumb":{"@id":"https:\/\/stvega.net\/pl\/product\/przemyslowy-mlynek-do-mielenia-orzechow-nasion-stvega-seed-grinder-h30\/#breadcrumb"},"inLanguage":"pl-PL","potentialAction":[{"@type":"ReadAction","target":["https:\/\/stvega.net\/pl\/product\/przemyslowy-mlynek-do-mielenia-orzechow-nasion-stvega-seed-grinder-h30\/"]}]},{"@type":"ImageObject","inLanguage":"pl-PL","@id":"https:\/\/stvega.net\/pl\/product\/przemyslowy-mlynek-do-mielenia-orzechow-nasion-stvega-seed-grinder-h30\/#primaryimage","url":"https:\/\/stvega.net\/wp-content\/uploads\/2023\/08\/promyslovyj-grynder-dlya-podribnennya-gorihiv.png","contentUrl":"https:\/\/stvega.net\/wp-content\/uploads\/2023\/08\/promyslovyj-grynder-dlya-podribnennya-gorihiv.png","width":500,"height":500},{"@type":"BreadcrumbList","@id":"https:\/\/stvega.net\/pl\/product\/przemyslowy-mlynek-do-mielenia-orzechow-nasion-stvega-seed-grinder-h30\/#breadcrumb","itemListElement":[{"@type":"ListItem","position":1,"name":"Dom","item":"https:\/\/stvega.net\/pl\/"},{"@type":"ListItem","position":2,"name":"Katalog","item":"https:\/\/stvega.net\/katalog\/"},{"@type":"ListItem","position":3,"name":"Przemys\u0142owy m\u0142ynek do mielenia orzech\u00f3w, nasion STvega Seed Grinder H30"}]},{"@type":"WebSite","@id":"https:\/\/stvega.net\/pl\/#website","url":"https:\/\/stvega.net\/pl\/","name":"STvega","description":"\u0445\u0430\u0440\u0447\u043e\u0432\u0435 \u043f\u0440\u043e\u043c\u0438\u0441\u043b\u043e\u0432\u0435 \u043e\u0431\u043b\u0430\u0434\u043d\u0430\u043d\u043d\u044f","publisher":{"@id":"https:\/\/stvega.net\/pl\/#organization"},"alternateName":"STvega - \u043e\u0432\u043e\u0447\u0435\u0440\u0456\u0437\u043a\u0438, \u0448\u043f\u0438\u0433\u043e\u0440\u0456\u0437\u043a\u0438, \u0441\u043b\u0430\u0439\u0441\u0435\u0440\u0438 \u0442\u0430 \u0456\u043d\u0448\u0435 \u0445\u0430\u0440\u0447\u043e\u0432\u0435 \u043e\u0431\u043b\u0430\u0434\u043d\u0430\u043d\u043d\u044f","potentialAction":[{"@type":"SearchAction","target":{"@type":"EntryPoint","urlTemplate":"https:\/\/stvega.net\/pl\/?s={search_term_string}"},"query-input":{"@type":"PropertyValueSpecification","valueRequired":true,"valueName":"search_term_string"}}],"inLanguage":"pl-PL"},{"@type":"Organization","@id":"https:\/\/stvega.net\/pl\/#organization","name":"STvega \u0425\u0410\u0420\u0427\u041e\u0412\u0415 \u041f\u0420\u041e\u041c\u0418\u0421\u041b\u041e\u0412\u0415 \u041e\u0411\u041b\u0410\u0414\u041d\u0410\u041d\u041d\u042f","alternateName":"STvega - \u043e\u0432\u043e\u0447\u0435\u0440\u0456\u0437\u043a\u0438, \u0448\u043f\u0438\u0433\u043e\u0440\u0456\u0437\u043a\u0438, \u0441\u043b\u0430\u0439\u0441\u0435\u0440\u0438 \u0442\u0430 \u0456\u043d\u0448\u0435 \u0445\u0430\u0440\u0447\u043e\u0432\u0435 \u043e\u0431\u043b\u0430\u0434\u043d\u0430\u043d\u043d\u044f","url":"https:\/\/stvega.net\/pl\/","logo":{"@type":"ImageObject","inLanguage":"pl-PL","@id":"https:\/\/stvega.net\/pl\/#\/schema\/logo\/image\/","url":"https:\/\/stvega.net\/wp-content\/uploads\/2024\/03\/dyzajn-bez-nazvanyya-1.png","contentUrl":"https:\/\/stvega.net\/wp-content\/uploads\/2024\/03\/dyzajn-bez-nazvanyya-1.png","width":180,"height":180,"caption":"STvega \u0425\u0410\u0420\u0427\u041e\u0412\u0415 \u041f\u0420\u041e\u041c\u0418\u0421\u041b\u041e\u0412\u0415 \u041e\u0411\u041b\u0410\u0414\u041d\u0410\u041d\u041d\u042f"},"image":{"@id":"https:\/\/stvega.net\/pl\/#\/schema\/logo\/image\/"},"sameAs":["https:\/\/www.facebook.com\/share\/9F1B4VxaHAC9E9HB\/?mibextid=qi2Omg"]}]}},"_links":{"self":[{"href":"https:\/\/stvega.net\/pl\/wp-json\/wp\/v2\/product\/17570","targetHints":{"allow":["GET"]}}],"collection":[{"href":"https:\/\/stvega.net\/pl\/wp-json\/wp\/v2\/product"}],"about":[{"href":"https:\/\/stvega.net\/pl\/wp-json\/wp\/v2\/types\/product"}],"replies":[{"embeddable":true,"href":"https:\/\/stvega.net\/pl\/wp-json\/wp\/v2\/comments?post=17570"}],"wp:featuredmedia":[{"embeddable":true,"href":"https:\/\/stvega.net\/pl\/wp-json\/wp\/v2\/media\/17579"}],"wp:attachment":[{"href":"https:\/\/stvega.net\/pl\/wp-json\/wp\/v2\/media?parent=17570"}],"wp:term":[{"taxonomy":"product_brand","embeddable":true,"href":"https:\/\/stvega.net\/pl\/wp-json\/wp\/v2\/product_brand?post=17570"},{"taxonomy":"product_cat","embeddable":true,"href":"https:\/\/stvega.net\/pl\/wp-json\/wp\/v2\/product_cat?post=17570"},{"taxonomy":"product_tag","embeddable":true,"href":"https:\/\/stvega.net\/pl\/wp-json\/wp\/v2\/product_tag?post=17570"}],"curies":[{"name":"wp","href":"https:\/\/api.w.org\/{rel}","templated":true}]}}