{"id":17043,"date":"2023-10-10T23:59:56","date_gmt":"2023-10-10T20:59:56","guid":{"rendered":"https:\/\/stvega.net\/product\/pralka-beczkowa-stvega-barrel-washing-h230\/"},"modified":"2023-10-10T23:59:56","modified_gmt":"2023-10-10T20:59:56","slug":"pralka-beczkowa-stvega-barrel-washing-h230","status":"publish","type":"product","link":"https:\/\/stvega.net\/pl\/product\/pralka-beczkowa-stvega-barrel-washing-h230\/","title":{"rendered":"Pralka beczkowa STvega Barrel Washing H230"},"content":{"rendered":"<section class=\"elementor-element elementor-element-347a7c7 elementor-section-boxed elementor-section-height-default elementor-section-height-default elementor-section elementor-top-section\" data-id=\"347a7c7\" data-element_type=\"section\">\n<div class=\"elementor-container elementor-column-gap-default\">\n<div class=\"elementor-row\">\n<div class=\"elementor-element elementor-element-e1e22d6 elementor-column elementor-col-100 elementor-top-column\" data-id=\"e1e22d6\" data-element_type=\"column\">\n<div class=\"elementor-column-wrap elementor-element-populated\">\n<div class=\"elementor-widget-wrap\">\n<div class=\"elementor-element elementor-element-d93c861 elementor-widget elementor-widget-heading\" data-id=\"d93c861\" data-element_type=\"widget\" data-widget_type=\"heading.default\">\n<div class=\"elementor-widget-container\"><strong>Maszyna STv<\/strong><strong>ega Barrel Washing H230<\/strong> zosta\u0142a zaprojektowana do czyszczenia okr\u0105g\u0142ych, metalowych, plastikowych beczek u\u017cywanych w procesie produkcji \u017cywno\u015bci z r\u00f3\u017cnych zanieczyszcze\u0144 i pozosta\u0142o\u015bci \u017cywno\u015bci.<\/div>\n<\/div>\n<\/div>\n<\/div>\n<\/div>\n<\/div>\n<\/div>\n<\/section>\n<section class=\"elementor-element elementor-element-0926c8a elementor-section-boxed elementor-section-height-default elementor-section-height-default elementor-section elementor-top-section\" data-id=\"0926c8a\" data-element_type=\"section\">\n<div class=\"elementor-container elementor-column-gap-default\">\n<div class=\"elementor-row\">\n<div class=\"elementor-element elementor-element-ef2acb7 elementor-column elementor-col-100 elementor-top-column\" data-id=\"ef2acb7\" data-element_type=\"column\">\n<div class=\"elementor-column-wrap elementor-element-populated\">\n<div class=\"elementor-widget-wrap\">\n<div class=\"elementor-element elementor-element-92f9d8e elementor-widget elementor-widget-text-editor\" data-id=\"92f9d8e\" data-element_type=\"widget\" data-widget_type=\"text-editor.default\">\n<div class=\"elementor-widget-container\">\n<div class=\"elementor-text-editor elementor-clearfix\">\n<p><strong> <\/strong><strong>Zasada dzia\u0142ania:<\/strong><\/p>\n<p>Operator umieszcza zanieczyszczon\u0105 luf\u0119 w komorze, zamyka drzwi i rozpoczyna proces czyszczenia. Opr\u00f3cz podstawowego szczotkowania i czyszczenia wod\u0105, do modelu <strong>STv<\/strong><strong>ega Barrel Washing H230<\/strong> Advanced dodano nast\u0119puj\u0105ce linki. Tryb czyszczenia sk\u0142ada si\u0119 z dw\u00f3ch cz\u0119\u015bci \u2013 wst\u0119pnego p\u0142ukania cyrkuluj\u0105cym detergentem oraz p\u0142ukania czyst\u0105 wod\u0105.  <\/p>\n<p>Korpus lufy jest wst\u0119pnie myty, a \u015bcieki zbierane s\u0105 w zbiorniku do ponownego u\u017cycia.<\/p>\n<p>Tryb czyszczenia urz\u0105dzenia automatycznie prze\u0142\u0105cza si\u0119 na wod\u0119 czyst\u0105 do wt\u00f3rnego p\u0142ukania wewn\u0105trz i na zewn\u0105trz beczki, a woda do p\u0142ukania jest zbierana w zbiorniku, aby przela\u0107 i odprowadzi\u0107 zebran\u0105 wod\u0119 z procesu wst\u0119pnego oczyszczania.<\/p>\n<p><strong>Zalety sprz\u0119tu:<\/strong><\/p>\n<ul>\n<li>Zamkni\u0119ty cykl zu\u017cycia wody pozwala znacz\u0105co zmniejszy\u0107 zu\u017cycie wody i zwi\u0119kszy\u0107 wydajno\u015b\u0107 maszyny.<\/li>\n<li>Automatyczne p\u0142ukanie zawor\u00f3w steruj\u0105cych wod\u0105 z p\u0142ynem czyszcz\u0105cym oraz automatyczne p\u0142ukanie zawor\u00f3w steruj\u0105cych czyst\u0105 wod\u0105.<\/li>\n<li>Sprz\u0119t wykonany jest ze stali nierdzewnej SUS 304, maszyna jest niezawodna i trwa\u0142a w u\u017cyciu, spe\u0142nia normy bezpiecze\u0144stwa \u017cywno\u015bci.<\/li>\n<\/ul>\n<p>Firma zapewnia pe\u0142n\u0105 gwarancj\u0119 oraz serwis posprzeda\u017cowy.<\/p>\n<\/div>\n<\/div>\n<\/div>\n<\/div>\n<\/div>\n<\/div>\n<\/div>\n<\/div>\n<\/section>\n\t<div class=\"section video\">\n\t\t<div class=\"row\">\n\t\t\t\t\t\t\t\t\t\t\t\t<div class=\"col-md-4 col-12\">\n\t\t\t\t\t\t<div class=\"container-lazyload preview-lazyload container-youtube js-lazyload--not-loaded\"><a href=\"https:\/\/www.youtube.com\/watch?v=Rug_VCE_s4Y\" class=\"lazy-load-youtube preview-lazyload preview-youtube\" data-video-title=\"\u041e\u0433\u043b\u044f\u0434 \u043f\u0440\u043e\u043c\u0438\u0441\u043b\u043e\u0432\u043e\u0457 \u043c\u0430\u0448\u0438\u043d\u0438 STvega Barrel Washing H230 \u0434\u043b\u044f \u043c\u0438\u0442\u0442\u044f \u043a\u0440\u0443\u0433\u043b\u0438\u0445 \u043c\u0435\u0442\u0430\u043b\u0435\u0432\u0438\u0445, \u043f\u043b\u0430\u0441\u0442\u0438\u043a\u043e\u0432\u0438\u0445 \u0431\u043e\u0447\u043e\u043a.\" title=\"Play video &quot;\u041e\u0433\u043b\u044f\u0434 \u043f\u0440\u043e\u043c\u0438\u0441\u043b\u043e\u0432\u043e\u0457 \u043c\u0430\u0448\u0438\u043d\u0438 STvega Barrel Washing H230 \u0434\u043b\u044f \u043c\u0438\u0442\u0442\u044f \u043a\u0440\u0443\u0433\u043b\u0438\u0445 \u043c\u0435\u0442\u0430\u043b\u0435\u0432\u0438\u0445, \u043f\u043b\u0430\u0441\u0442\u0438\u043a\u043e\u0432\u0438\u0445 \u0431\u043e\u0447\u043e\u043a.&quot;\">https:\/\/www.youtube.com\/watch?v=Rug_VCE_s4Y<\/a><noscript>Video can&#8217;t be loaded because JavaScript is disabled: <a href=\"https:\/\/www.youtube.com\/watch?v=Rug_VCE_s4Y\" title=\"\u041e\u0433\u043b\u044f\u0434 \u043f\u0440\u043e\u043c\u0438\u0441\u043b\u043e\u0432\u043e\u0457 \u043c\u0430\u0448\u0438\u043d\u0438 STvega Barrel Washing H230 \u0434\u043b\u044f \u043c\u0438\u0442\u0442\u044f \u043a\u0440\u0443\u0433\u043b\u0438\u0445 \u043c\u0435\u0442\u0430\u043b\u0435\u0432\u0438\u0445, \u043f\u043b\u0430\u0441\u0442\u0438\u043a\u043e\u0432\u0438\u0445 \u0431\u043e\u0447\u043e\u043a.\">\u041e\u0433\u043b\u044f\u0434 \u043f\u0440\u043e\u043c\u0438\u0441\u043b\u043e\u0432\u043e\u0457 \u043c\u0430\u0448\u0438\u043d\u0438 STvega Barrel Washing H230 \u0434\u043b\u044f \u043c\u0438\u0442\u0442\u044f \u043a\u0440\u0443\u0433\u043b\u0438\u0445 \u043c\u0435\u0442\u0430\u043b\u0435\u0432\u0438\u0445, \u043f\u043b\u0430\u0441\u0442\u0438\u043a\u043e\u0432\u0438\u0445 \u0431\u043e\u0447\u043e\u043a. (https:\/\/www.youtube.com\/watch?v=Rug_VCE_s4Y)<\/a><\/noscript><\/div>\n\t\t\t\t\t<\/div>\n\t\t\t\t\t\t\t\t\t<\/div>\n\t<\/div>\n\t\t","protected":false},"excerpt":{"rendered":"<div class=\"elementor-element elementor-element-4e03395 elementor-widget elementor-widget-woocommerce-product-short-description\" data-id=\"4e03395\" data-element_type=\"widget\" data-widget_type=\"woocommerce-product-short-description.default\">\n<div class=\"elementor-widget-container\">\n<div class=\"woocommerce-product-details__short-description\">\n<p><strong>Maszyna STv<\/strong><strong>ega Barrel Washing H230<\/strong> zosta\u0142a zaprojektowana do czyszczenia okr\u0105g\u0142ych, metalowych, plastikowych beczek u\u017cywanych w procesie produkcji \u017cywno\u015bci z r\u00f3\u017cnych zanieczyszcze\u0144 i pozosta\u0142o\u015bci \u017cywno\u015bci.<\/p>\n<p><strong>Specyfikacje:<\/strong><\/p>\n<p>[table id=&#8221;86&#8243; \/]<\/p>\n<\/div>\n<\/div>\n<\/div>\n<div class=\"elementor-element elementor-element-4ab4778 elementor-widget elementor-widget-text-editor\" data-id=\"4ab4778\" data-element_type=\"widget\" data-widget_type=\"text-editor.default\">\n<div class=\"elementor-widget-container\">\n<div class=\"elementor-text-editor elementor-clearfix\">\n<p>&nbsp;<\/p>\n<p><span style=\"color: #0000ff;\"><strong>Unikalno\u015b\u0107 urz\u0105dzenia: <\/strong>\u0141atwe i wygodne sterowanie maszyn\u0105 za pomoc\u0105 przycisk\u00f3w na urz\u0105dzeniu zdalnym.<\/span><\/p>\n<\/div>\n<\/div>\n<\/div>\n","protected":false},"featured_media":17068,"comment_status":"closed","ping_status":"closed","template":"","meta":{"_acf_changed":false,"inline_featured_image":false},"product_brand":[],"product_cat":[3646,3613],"product_tag":[8794,8788,7749,8797,8793,7750,5503],"class_list":{"0":"post-17043","1":"product","2":"type-product","3":"status-publish","4":"has-post-thumbnail","6":"product_cat-mycie-pojemnikow","7":"product_cat-pranie-i-czyszczenie","8":"product_tag-lukier-do-mycia-pojemnikow","9":"product_tag-mycie-okraglych-metalowych-i-plastikowych-beczek-z-gornym-otworem","10":"product_tag-mycie-pojemnikow-2","11":"product_tag-mycie-pojemnikow-detergentem","12":"product_tag-mycie-pojemnikow-na-jedzenie-2","13":"product_tag-pralka-do-pojemnikow-2","14":"product_tag-pralka-do-pojemnikow-na-jedzenie","16":"first","17":"instock","18":"shipping-taxable","19":"product-type-simple"},"acf":[],"yoast_head":"<!-- This site is optimized with the Yoast SEO plugin v27.5 - https:\/\/yoast.com\/product\/yoast-seo-wordpress\/ -->\n<title>Pralka beczkowa STvega Barrel Washing H230 \u043a\u0443\u043f\u0438\u0442\u0438 \u0437\u0430 \u0432\u0438\u0433\u0456\u0434\u043d\u043e\u044e \u0446\u0456\u043d\u043e\u044e \u0432 \u043c\u0430\u0433\u0430\u0437\u0438\u043d\u0456 STvega<\/title>\n<meta name=\"description\" content=\"Pralka beczkowa STvega Barrel Washing H230 | \u043a\u0443\u043f\u0438\u0442\u0438 \u0437\u0430 \ud83c\udf1f\u0432\u0438\u0433\u0456\u0434\u043d\u043e\u044e \u0446\u0456\u043d\u043e\u044e \u0432 \u043c\u0430\u0433\u0430\u0437\u0438\u043d\u0456 STvega\" \/>\n<meta name=\"robots\" content=\"index, follow, max-snippet:-1, max-image-preview:large, max-video-preview:-1\" \/>\n<link rel=\"canonical\" href=\"https:\/\/stvega.net\/pl\/product\/pralka-beczkowa-stvega-barrel-washing-h230\/\" \/>\n<meta property=\"og:locale\" content=\"pl_PL\" \/>\n<meta property=\"og:type\" content=\"article\" \/>\n<meta property=\"og:title\" content=\"Pralka beczkowa STvega Barrel Washing H230 \u043a\u0443\u043f\u0438\u0442\u0438 \u0437\u0430 \u0432\u0438\u0433\u0456\u0434\u043d\u043e\u044e \u0446\u0456\u043d\u043e\u044e \u0432 \u043c\u0430\u0433\u0430\u0437\u0438\u043d\u0456 STvega\" \/>\n<meta property=\"og:description\" content=\"Pralka beczkowa STvega Barrel Washing H230 | \u043a\u0443\u043f\u0438\u0442\u0438 \u0437\u0430 \ud83c\udf1f\u0432\u0438\u0433\u0456\u0434\u043d\u043e\u044e \u0446\u0456\u043d\u043e\u044e \u0432 \u043c\u0430\u0433\u0430\u0437\u0438\u043d\u0456 STvega\" \/>\n<meta property=\"og:url\" content=\"https:\/\/stvega.net\/pl\/product\/pralka-beczkowa-stvega-barrel-washing-h230\/\" \/>\n<meta property=\"og:site_name\" content=\"\u0448\u0438\u0440\u043e\u043a\u0438\u0439 \u0430\u0441\u043e\u0440\u0442\u0438\u043c\u0435\u043d\u0442 \u0445\u0430\u0440\u0447\u043e\u0432\u043e\u0433\u043e \u043f\u0440\u043e\u043c\u0438\u0441\u043b\u043e\u0432\u043e\u0433\u043e \u043e\u0431\u043b\u0430\u0434\u043d\u0430\u043d\u043d\u044f \u0434\u043b\u044f \u043f\u0435\u0440\u0435\u0440\u043e\u0431\u043a\u0438 \u043c\u2019\u044f\u0441\u0430, \u043e\u0432\u043e\u0447\u0456\u0432 \u0456 \u0444\u0440\u0443\u043a\u0442\u0456\u0432\u2b50\u0412\u0438\u0433\u0456\u0434\u043d\u0456 \u0446\u0456\u043d\u0438 \ud83e\uddbe\u0412\u0438\u0440\u043e\u0431\u043d\u0438\u0447\u0456 \u043b\u0456\u043d\u0456\u0457 \u043f\u0456\u0434 \u043a\u043b\u044e\u0447\ud83d\ude9a \u0414\u043e\u0441\u0442\u0430\u0432\u043a\u0430 \ud83d\udee0\u0421\u0435\u0440\u0432\u0456\u0441\" \/>\n<meta property=\"article:publisher\" content=\"https:\/\/www.facebook.com\/share\/9F1B4VxaHAC9E9HB\/?mibextid=qi2Omg\" \/>\n<meta property=\"og:image\" content=\"https:\/\/stvega.net\/wp-content\/uploads\/2023\/10\/barrel-washing-h-230.png\" \/>\n\t<meta property=\"og:image:width\" content=\"362\" \/>\n\t<meta property=\"og:image:height\" content=\"355\" \/>\n\t<meta property=\"og:image:type\" content=\"image\/png\" \/>\n<meta name=\"twitter:card\" content=\"summary_large_image\" \/>\n<meta name=\"twitter:label1\" content=\"Szacowany czas czytania\" \/>\n\t<meta name=\"twitter:data1\" content=\"1 minuta\" \/>\n<script type=\"application\/ld+json\" class=\"yoast-schema-graph\">{\"@context\":\"https:\\\/\\\/schema.org\",\"@graph\":[{\"@type\":\"WebPage\",\"@id\":\"https:\\\/\\\/stvega.net\\\/pl\\\/product\\\/pralka-beczkowa-stvega-barrel-washing-h230\\\/\",\"url\":\"https:\\\/\\\/stvega.net\\\/pl\\\/product\\\/pralka-beczkowa-stvega-barrel-washing-h230\\\/\",\"name\":\"Pralka beczkowa STvega Barrel Washing H230 \u043a\u0443\u043f\u0438\u0442\u0438 \u0437\u0430 \u0432\u0438\u0433\u0456\u0434\u043d\u043e\u044e \u0446\u0456\u043d\u043e\u044e \u0432 \u043c\u0430\u0433\u0430\u0437\u0438\u043d\u0456 STvega\",\"isPartOf\":{\"@id\":\"https:\\\/\\\/stvega.net\\\/pl\\\/#website\"},\"primaryImageOfPage\":{\"@id\":\"https:\\\/\\\/stvega.net\\\/pl\\\/product\\\/pralka-beczkowa-stvega-barrel-washing-h230\\\/#primaryimage\"},\"image\":{\"@id\":\"https:\\\/\\\/stvega.net\\\/pl\\\/product\\\/pralka-beczkowa-stvega-barrel-washing-h230\\\/#primaryimage\"},\"thumbnailUrl\":\"https:\\\/\\\/stvega.net\\\/wp-content\\\/uploads\\\/2023\\\/10\\\/barrel-washing-h-230.png\",\"datePublished\":\"2023-10-10T20:59:56+00:00\",\"description\":\"Pralka beczkowa STvega Barrel Washing H230 | \u043a\u0443\u043f\u0438\u0442\u0438 \u0437\u0430 \ud83c\udf1f\u0432\u0438\u0433\u0456\u0434\u043d\u043e\u044e \u0446\u0456\u043d\u043e\u044e \u0432 \u043c\u0430\u0433\u0430\u0437\u0438\u043d\u0456 STvega\",\"breadcrumb\":{\"@id\":\"https:\\\/\\\/stvega.net\\\/pl\\\/product\\\/pralka-beczkowa-stvega-barrel-washing-h230\\\/#breadcrumb\"},\"inLanguage\":\"pl-PL\",\"potentialAction\":[{\"@type\":\"ReadAction\",\"target\":[\"https:\\\/\\\/stvega.net\\\/pl\\\/product\\\/pralka-beczkowa-stvega-barrel-washing-h230\\\/\"]}]},{\"@type\":\"ImageObject\",\"inLanguage\":\"pl-PL\",\"@id\":\"https:\\\/\\\/stvega.net\\\/pl\\\/product\\\/pralka-beczkowa-stvega-barrel-washing-h230\\\/#primaryimage\",\"url\":\"https:\\\/\\\/stvega.net\\\/wp-content\\\/uploads\\\/2023\\\/10\\\/barrel-washing-h-230.png\",\"contentUrl\":\"https:\\\/\\\/stvega.net\\\/wp-content\\\/uploads\\\/2023\\\/10\\\/barrel-washing-h-230.png\",\"width\":362,\"height\":355},{\"@type\":\"BreadcrumbList\",\"@id\":\"https:\\\/\\\/stvega.net\\\/pl\\\/product\\\/pralka-beczkowa-stvega-barrel-washing-h230\\\/#breadcrumb\",\"itemListElement\":[{\"@type\":\"ListItem\",\"position\":1,\"name\":\"Dom\",\"item\":\"https:\\\/\\\/stvega.net\\\/pl\\\/\"},{\"@type\":\"ListItem\",\"position\":2,\"name\":\"Katalog\",\"item\":\"https:\\\/\\\/stvega.net\\\/katalog\\\/\"},{\"@type\":\"ListItem\",\"position\":3,\"name\":\"Pralka beczkowa STvega Barrel Washing H230\"}]},{\"@type\":\"WebSite\",\"@id\":\"https:\\\/\\\/stvega.net\\\/pl\\\/#website\",\"url\":\"https:\\\/\\\/stvega.net\\\/pl\\\/\",\"name\":\"STvega\",\"description\":\"\u0445\u0430\u0440\u0447\u043e\u0432\u0435 \u043f\u0440\u043e\u043c\u0438\u0441\u043b\u043e\u0432\u0435 \u043e\u0431\u043b\u0430\u0434\u043d\u0430\u043d\u043d\u044f\",\"publisher\":{\"@id\":\"https:\\\/\\\/stvega.net\\\/pl\\\/#organization\"},\"alternateName\":\"STvega - \u043e\u0432\u043e\u0447\u0435\u0440\u0456\u0437\u043a\u0438, \u0448\u043f\u0438\u0433\u043e\u0440\u0456\u0437\u043a\u0438, \u0441\u043b\u0430\u0439\u0441\u0435\u0440\u0438 \u0442\u0430 \u0456\u043d\u0448\u0435 \u0445\u0430\u0440\u0447\u043e\u0432\u0435 \u043e\u0431\u043b\u0430\u0434\u043d\u0430\u043d\u043d\u044f\",\"potentialAction\":[{\"@type\":\"SearchAction\",\"target\":{\"@type\":\"EntryPoint\",\"urlTemplate\":\"https:\\\/\\\/stvega.net\\\/pl\\\/?s={search_term_string}\"},\"query-input\":{\"@type\":\"PropertyValueSpecification\",\"valueRequired\":true,\"valueName\":\"search_term_string\"}}],\"inLanguage\":\"pl-PL\"},{\"@type\":\"Organization\",\"@id\":\"https:\\\/\\\/stvega.net\\\/pl\\\/#organization\",\"name\":\"STvega \u0425\u0410\u0420\u0427\u041e\u0412\u0415 \u041f\u0420\u041e\u041c\u0418\u0421\u041b\u041e\u0412\u0415 \u041e\u0411\u041b\u0410\u0414\u041d\u0410\u041d\u041d\u042f\",\"alternateName\":\"STvega - \u043e\u0432\u043e\u0447\u0435\u0440\u0456\u0437\u043a\u0438, \u0448\u043f\u0438\u0433\u043e\u0440\u0456\u0437\u043a\u0438, \u0441\u043b\u0430\u0439\u0441\u0435\u0440\u0438 \u0442\u0430 \u0456\u043d\u0448\u0435 \u0445\u0430\u0440\u0447\u043e\u0432\u0435 \u043e\u0431\u043b\u0430\u0434\u043d\u0430\u043d\u043d\u044f\",\"url\":\"https:\\\/\\\/stvega.net\\\/pl\\\/\",\"logo\":{\"@type\":\"ImageObject\",\"inLanguage\":\"pl-PL\",\"@id\":\"https:\\\/\\\/stvega.net\\\/pl\\\/#\\\/schema\\\/logo\\\/image\\\/\",\"url\":\"https:\\\/\\\/stvega.net\\\/wp-content\\\/uploads\\\/2024\\\/03\\\/dyzajn-bez-nazvanyya-1.png\",\"contentUrl\":\"https:\\\/\\\/stvega.net\\\/wp-content\\\/uploads\\\/2024\\\/03\\\/dyzajn-bez-nazvanyya-1.png\",\"width\":180,\"height\":180,\"caption\":\"STvega \u0425\u0410\u0420\u0427\u041e\u0412\u0415 \u041f\u0420\u041e\u041c\u0418\u0421\u041b\u041e\u0412\u0415 \u041e\u0411\u041b\u0410\u0414\u041d\u0410\u041d\u041d\u042f\"},\"image\":{\"@id\":\"https:\\\/\\\/stvega.net\\\/pl\\\/#\\\/schema\\\/logo\\\/image\\\/\"},\"sameAs\":[\"https:\\\/\\\/www.facebook.com\\\/share\\\/9F1B4VxaHAC9E9HB\\\/?mibextid=qi2Omg\"]}]}<\/script>\n<!-- \/ Yoast SEO plugin. -->","yoast_head_json":{"title":"Pralka beczkowa STvega Barrel Washing H230 \u043a\u0443\u043f\u0438\u0442\u0438 \u0437\u0430 \u0432\u0438\u0433\u0456\u0434\u043d\u043e\u044e \u0446\u0456\u043d\u043e\u044e \u0432 \u043c\u0430\u0433\u0430\u0437\u0438\u043d\u0456 STvega","description":"Pralka beczkowa STvega Barrel Washing H230 | \u043a\u0443\u043f\u0438\u0442\u0438 \u0437\u0430 \ud83c\udf1f\u0432\u0438\u0433\u0456\u0434\u043d\u043e\u044e \u0446\u0456\u043d\u043e\u044e \u0432 \u043c\u0430\u0433\u0430\u0437\u0438\u043d\u0456 STvega","robots":{"index":"index","follow":"follow","max-snippet":"max-snippet:-1","max-image-preview":"max-image-preview:large","max-video-preview":"max-video-preview:-1"},"canonical":"https:\/\/stvega.net\/pl\/product\/pralka-beczkowa-stvega-barrel-washing-h230\/","og_locale":"pl_PL","og_type":"article","og_title":"Pralka beczkowa STvega Barrel Washing H230 \u043a\u0443\u043f\u0438\u0442\u0438 \u0437\u0430 \u0432\u0438\u0433\u0456\u0434\u043d\u043e\u044e \u0446\u0456\u043d\u043e\u044e \u0432 \u043c\u0430\u0433\u0430\u0437\u0438\u043d\u0456 STvega","og_description":"Pralka beczkowa STvega Barrel Washing H230 | \u043a\u0443\u043f\u0438\u0442\u0438 \u0437\u0430 \ud83c\udf1f\u0432\u0438\u0433\u0456\u0434\u043d\u043e\u044e \u0446\u0456\u043d\u043e\u044e \u0432 \u043c\u0430\u0433\u0430\u0437\u0438\u043d\u0456 STvega","og_url":"https:\/\/stvega.net\/pl\/product\/pralka-beczkowa-stvega-barrel-washing-h230\/","og_site_name":"\u0448\u0438\u0440\u043e\u043a\u0438\u0439 \u0430\u0441\u043e\u0440\u0442\u0438\u043c\u0435\u043d\u0442 \u0445\u0430\u0440\u0447\u043e\u0432\u043e\u0433\u043e \u043f\u0440\u043e\u043c\u0438\u0441\u043b\u043e\u0432\u043e\u0433\u043e \u043e\u0431\u043b\u0430\u0434\u043d\u0430\u043d\u043d\u044f \u0434\u043b\u044f \u043f\u0435\u0440\u0435\u0440\u043e\u0431\u043a\u0438 \u043c\u2019\u044f\u0441\u0430, \u043e\u0432\u043e\u0447\u0456\u0432 \u0456 \u0444\u0440\u0443\u043a\u0442\u0456\u0432\u2b50\u0412\u0438\u0433\u0456\u0434\u043d\u0456 \u0446\u0456\u043d\u0438 \ud83e\uddbe\u0412\u0438\u0440\u043e\u0431\u043d\u0438\u0447\u0456 \u043b\u0456\u043d\u0456\u0457 \u043f\u0456\u0434 \u043a\u043b\u044e\u0447\ud83d\ude9a \u0414\u043e\u0441\u0442\u0430\u0432\u043a\u0430 \ud83d\udee0\u0421\u0435\u0440\u0432\u0456\u0441","article_publisher":"https:\/\/www.facebook.com\/share\/9F1B4VxaHAC9E9HB\/?mibextid=qi2Omg","og_image":[{"width":362,"height":355,"url":"https:\/\/stvega.net\/wp-content\/uploads\/2023\/10\/barrel-washing-h-230.png","type":"image\/png"}],"twitter_card":"summary_large_image","twitter_misc":{"Szacowany czas czytania":"1 minuta"},"schema":{"@context":"https:\/\/schema.org","@graph":[{"@type":"WebPage","@id":"https:\/\/stvega.net\/pl\/product\/pralka-beczkowa-stvega-barrel-washing-h230\/","url":"https:\/\/stvega.net\/pl\/product\/pralka-beczkowa-stvega-barrel-washing-h230\/","name":"Pralka beczkowa STvega Barrel Washing H230 \u043a\u0443\u043f\u0438\u0442\u0438 \u0437\u0430 \u0432\u0438\u0433\u0456\u0434\u043d\u043e\u044e \u0446\u0456\u043d\u043e\u044e \u0432 \u043c\u0430\u0433\u0430\u0437\u0438\u043d\u0456 STvega","isPartOf":{"@id":"https:\/\/stvega.net\/pl\/#website"},"primaryImageOfPage":{"@id":"https:\/\/stvega.net\/pl\/product\/pralka-beczkowa-stvega-barrel-washing-h230\/#primaryimage"},"image":{"@id":"https:\/\/stvega.net\/pl\/product\/pralka-beczkowa-stvega-barrel-washing-h230\/#primaryimage"},"thumbnailUrl":"https:\/\/stvega.net\/wp-content\/uploads\/2023\/10\/barrel-washing-h-230.png","datePublished":"2023-10-10T20:59:56+00:00","description":"Pralka beczkowa STvega Barrel Washing H230 | \u043a\u0443\u043f\u0438\u0442\u0438 \u0437\u0430 \ud83c\udf1f\u0432\u0438\u0433\u0456\u0434\u043d\u043e\u044e \u0446\u0456\u043d\u043e\u044e \u0432 \u043c\u0430\u0433\u0430\u0437\u0438\u043d\u0456 STvega","breadcrumb":{"@id":"https:\/\/stvega.net\/pl\/product\/pralka-beczkowa-stvega-barrel-washing-h230\/#breadcrumb"},"inLanguage":"pl-PL","potentialAction":[{"@type":"ReadAction","target":["https:\/\/stvega.net\/pl\/product\/pralka-beczkowa-stvega-barrel-washing-h230\/"]}]},{"@type":"ImageObject","inLanguage":"pl-PL","@id":"https:\/\/stvega.net\/pl\/product\/pralka-beczkowa-stvega-barrel-washing-h230\/#primaryimage","url":"https:\/\/stvega.net\/wp-content\/uploads\/2023\/10\/barrel-washing-h-230.png","contentUrl":"https:\/\/stvega.net\/wp-content\/uploads\/2023\/10\/barrel-washing-h-230.png","width":362,"height":355},{"@type":"BreadcrumbList","@id":"https:\/\/stvega.net\/pl\/product\/pralka-beczkowa-stvega-barrel-washing-h230\/#breadcrumb","itemListElement":[{"@type":"ListItem","position":1,"name":"Dom","item":"https:\/\/stvega.net\/pl\/"},{"@type":"ListItem","position":2,"name":"Katalog","item":"https:\/\/stvega.net\/katalog\/"},{"@type":"ListItem","position":3,"name":"Pralka beczkowa STvega Barrel Washing H230"}]},{"@type":"WebSite","@id":"https:\/\/stvega.net\/pl\/#website","url":"https:\/\/stvega.net\/pl\/","name":"STvega","description":"\u0445\u0430\u0440\u0447\u043e\u0432\u0435 \u043f\u0440\u043e\u043c\u0438\u0441\u043b\u043e\u0432\u0435 \u043e\u0431\u043b\u0430\u0434\u043d\u0430\u043d\u043d\u044f","publisher":{"@id":"https:\/\/stvega.net\/pl\/#organization"},"alternateName":"STvega - \u043e\u0432\u043e\u0447\u0435\u0440\u0456\u0437\u043a\u0438, \u0448\u043f\u0438\u0433\u043e\u0440\u0456\u0437\u043a\u0438, \u0441\u043b\u0430\u0439\u0441\u0435\u0440\u0438 \u0442\u0430 \u0456\u043d\u0448\u0435 \u0445\u0430\u0440\u0447\u043e\u0432\u0435 \u043e\u0431\u043b\u0430\u0434\u043d\u0430\u043d\u043d\u044f","potentialAction":[{"@type":"SearchAction","target":{"@type":"EntryPoint","urlTemplate":"https:\/\/stvega.net\/pl\/?s={search_term_string}"},"query-input":{"@type":"PropertyValueSpecification","valueRequired":true,"valueName":"search_term_string"}}],"inLanguage":"pl-PL"},{"@type":"Organization","@id":"https:\/\/stvega.net\/pl\/#organization","name":"STvega \u0425\u0410\u0420\u0427\u041e\u0412\u0415 \u041f\u0420\u041e\u041c\u0418\u0421\u041b\u041e\u0412\u0415 \u041e\u0411\u041b\u0410\u0414\u041d\u0410\u041d\u041d\u042f","alternateName":"STvega - \u043e\u0432\u043e\u0447\u0435\u0440\u0456\u0437\u043a\u0438, \u0448\u043f\u0438\u0433\u043e\u0440\u0456\u0437\u043a\u0438, \u0441\u043b\u0430\u0439\u0441\u0435\u0440\u0438 \u0442\u0430 \u0456\u043d\u0448\u0435 \u0445\u0430\u0440\u0447\u043e\u0432\u0435 \u043e\u0431\u043b\u0430\u0434\u043d\u0430\u043d\u043d\u044f","url":"https:\/\/stvega.net\/pl\/","logo":{"@type":"ImageObject","inLanguage":"pl-PL","@id":"https:\/\/stvega.net\/pl\/#\/schema\/logo\/image\/","url":"https:\/\/stvega.net\/wp-content\/uploads\/2024\/03\/dyzajn-bez-nazvanyya-1.png","contentUrl":"https:\/\/stvega.net\/wp-content\/uploads\/2024\/03\/dyzajn-bez-nazvanyya-1.png","width":180,"height":180,"caption":"STvega \u0425\u0410\u0420\u0427\u041e\u0412\u0415 \u041f\u0420\u041e\u041c\u0418\u0421\u041b\u041e\u0412\u0415 \u041e\u0411\u041b\u0410\u0414\u041d\u0410\u041d\u041d\u042f"},"image":{"@id":"https:\/\/stvega.net\/pl\/#\/schema\/logo\/image\/"},"sameAs":["https:\/\/www.facebook.com\/share\/9F1B4VxaHAC9E9HB\/?mibextid=qi2Omg"]}]}},"_links":{"self":[{"href":"https:\/\/stvega.net\/pl\/wp-json\/wp\/v2\/product\/17043","targetHints":{"allow":["GET"]}}],"collection":[{"href":"https:\/\/stvega.net\/pl\/wp-json\/wp\/v2\/product"}],"about":[{"href":"https:\/\/stvega.net\/pl\/wp-json\/wp\/v2\/types\/product"}],"replies":[{"embeddable":true,"href":"https:\/\/stvega.net\/pl\/wp-json\/wp\/v2\/comments?post=17043"}],"wp:featuredmedia":[{"embeddable":true,"href":"https:\/\/stvega.net\/pl\/wp-json\/wp\/v2\/media\/17068"}],"wp:attachment":[{"href":"https:\/\/stvega.net\/pl\/wp-json\/wp\/v2\/media?parent=17043"}],"wp:term":[{"taxonomy":"product_brand","embeddable":true,"href":"https:\/\/stvega.net\/pl\/wp-json\/wp\/v2\/product_brand?post=17043"},{"taxonomy":"product_cat","embeddable":true,"href":"https:\/\/stvega.net\/pl\/wp-json\/wp\/v2\/product_cat?post=17043"},{"taxonomy":"product_tag","embeddable":true,"href":"https:\/\/stvega.net\/pl\/wp-json\/wp\/v2\/product_tag?post=17043"}],"curies":[{"name":"wp","href":"https:\/\/api.w.org\/{rel}","templated":true}]}}