{"id":16896,"date":"2025-08-14T10:17:31","date_gmt":"2025-08-14T07:17:31","guid":{"rendered":"https:\/\/stvega.net\/?post_type=product&#038;p=16896"},"modified":"2026-05-07T17:27:01","modified_gmt":"2026-05-07T14:27:01","slug":"przemyslowa-maszynka-do-mielenia-miesa-wilk-do-rozdrabniania-miesa-na-mieso-mielone-stvega-meat-grinder-h400","status":"publish","type":"product","link":"https:\/\/stvega.net\/pl\/product\/przemyslowa-maszynka-do-mielenia-miesa-wilk-do-rozdrabniania-miesa-na-mieso-mielone-stvega-meat-grinder-h400\/","title":{"rendered":"Przemys\u0142owa maszynka do mielenia mi\u0119sa (wilk) do rozdrabniania mi\u0119sa na mi\u0119so mielone STvega Meat Grinder H400"},"content":{"rendered":"<p>Przemys\u0142owa maszynka do mielenia mi\u0119sa mielonego <strong>STvega Meat Grinder H400-<\/strong> to niezawodne rozwi\u0105zanie dla przedsi\u0119biorstw ceni\u0105cych sobie stabiln\u0105 jako\u015b\u0107 produktu i nieprzerwan\u0105 prac\u0119 urz\u0105dzenia. Przeznaczona jest do codziennej pracy w zak\u0142adach mi\u0119snych, fabrykach da\u0144 gotowych i kuchniach produkcyjnych, gdzie szybko\u015b\u0107 przetwarzania i zachowanie struktury produktu s\u0105 istotne.<\/p>\n<p>Pojemny lej zasypowy z wysokimi bokami i powi\u0119kszonym otworem za\u0142adowczym pozwala na wygodn\u0105 prac\u0119 z du\u017cymi partiami surowca i skraca czas za\u0142adunku. Zesp\u00f3\u0142 tn\u0105cy z dwoma no\u017cami i trzema perforowanymi p\u0142ytami zapewnia czyste ci\u0119cie i r\u00f3wnomierne rozdrobnienie mi\u0119sa mielonego, niezale\u017cnie od stopnia rozdrobnienia. Wykonanie ze stali nierdzewnej dopuszczonej do kontaktu z \u017cywno\u015bci\u0105 gwarantuje trwa\u0142o\u015b\u0107, \u0142atwo\u015b\u0107 czyszczenia i pe\u0142n\u0105 zgodno\u015b\u0107 z normami sanitarnymi.<\/p>\n<p>W razie potrzeby urz\u0105dzenie mo\u017cna wyposa\u017cy\u0107 w funkcj\u0119 rewersu, kt\u00f3ra u\u0142atwia czyszczenie \u015blimaka w przypadku zatrzymania lub zaci\u0119cia produktu.<\/p>\n<p><strong>Zasada dzia\u0142ania<\/strong><strong>:<\/strong><\/p>\n<p>Surowiec jest \u0142adowany do leja zasypowego, z kt\u00f3rego jest r\u00f3wnomiernie podawany do zespo\u0142u tn\u0105cego. Obracaj\u0105cy si\u0119 \u015blimak podaje produkt do no\u017cy, gdzie rozdrobniony produkt przechodzi przez perforowane blachy o \u015brednicy otwor\u00f3w dobranej do wymaga\u0144 technologicznych. System ten zapewnia stabilny efekt i r\u00f3wnomiern\u0105 konsystencj\u0119 mielonego mi\u0119sa bez tworzenia si\u0119 zbyt ma\u0142ych cz\u0105stek. Proces przebiega w spos\u00f3b ci\u0105g\u0142y a\u017c do ca\u0142kowitego uzupe\u0142nienia surowca.<\/p>\n<p><strong>Zalety urz\u0105dzenia<\/strong><strong>:<\/strong><\/p>\n<ul>\n<li>Zesp\u00f3\u0142 tn\u0105cy z dwoma no\u017cami i trzema perforowanymi blachami zapewnia r\u00f3wnomierne rozdrobnienie.<\/li>\n<li>Prosta obs\u0142uga i przejrzysta zasada dzia\u0142ania skracaj\u0105 czas szkolenia personelu.<\/li>\n<li>Konstrukcja ze stali nierdzewnej gwarantuje trwa\u0142o\u015b\u0107 i zgodno\u015b\u0107 z wymogami sanitarnymi.<\/li>\n<\/ul>\n\t<div class=\"section video\">\n\t\t<div class=\"row\">\n\t\t\t\t\t\t\t\t\t\t\t\t<div class=\"col-md-4 col-12\">\n\t\t\t\t\t\t<div class=\"container-lazyload preview-lazyload container-youtube js-lazyload--not-loaded\"><a href=\"https:\/\/www.youtube.com\/watch?v=R6vNU-WDVww&#038;feature=youtu.be\" class=\"lazy-load-youtube preview-lazyload preview-youtube\" data-video-title=\"\u041f\u0440\u043e\u043c\u0438\u0441\u043b\u043e\u0432\u0430 \u043c\u2019\u044f\u0441\u043e\u0440\u0443\u0431\u043a\u0430 STvega Meat Grinder H400 - \u0434\u043e 800 \u043a\u0433 \u0444\u0430\u0440\u0448\u0443 \u0437\u0430 \u0433\u043e\u0434\u0438\u043d\u0443.\" title=\"Play video &quot;\u041f\u0440\u043e\u043c\u0438\u0441\u043b\u043e\u0432\u0430 \u043c\u2019\u044f\u0441\u043e\u0440\u0443\u0431\u043a\u0430 STvega Meat Grinder H400 - \u0434\u043e 800 \u043a\u0433 \u0444\u0430\u0440\u0448\u0443 \u0437\u0430 \u0433\u043e\u0434\u0438\u043d\u0443.&quot;\">https:\/\/www.youtube.com\/watch?v=R6vNU-WDVww&#038;feature=youtu.be<\/a><noscript>Video can&#8217;t be loaded because JavaScript is disabled: <a href=\"https:\/\/www.youtube.com\/watch?v=R6vNU-WDVww&#038;feature=youtu.be\" title=\"\u041f\u0440\u043e\u043c\u0438\u0441\u043b\u043e\u0432\u0430 \u043c\u2019\u044f\u0441\u043e\u0440\u0443\u0431\u043a\u0430 STvega Meat Grinder H400 - \u0434\u043e 800 \u043a\u0433 \u0444\u0430\u0440\u0448\u0443 \u0437\u0430 \u0433\u043e\u0434\u0438\u043d\u0443.\">\u041f\u0440\u043e\u043c\u0438\u0441\u043b\u043e\u0432\u0430 \u043c\u2019\u044f\u0441\u043e\u0440\u0443\u0431\u043a\u0430 STvega Meat Grinder H400 &#8211; \u0434\u043e 800 \u043a\u0433 \u0444\u0430\u0440\u0448\u0443 \u0437\u0430 \u0433\u043e\u0434\u0438\u043d\u0443. (https:\/\/www.youtube.com\/watch?v=R6vNU-WDVww&#038;feature=youtu.be)<\/a><\/noscript><\/div>\n\t\t\t\t\t<\/div>\n\t\t\t\t\t\t\t\t\t<\/div>\n\t<\/div>\n\t\t","protected":false},"excerpt":{"rendered":"<p>Przemys\u0142owa maszynka do mi\u0119sa <strong>STvega Meat Grinder H400<\/strong> to niezawodne, profesjonalne urz\u0105dzenie do szybkiego przetwarzania mi\u0119sa z zachowaniem jego struktury.<\/p>\n<p><strong>Dane techniczne:<\/strong><\/p>\n<p>[table id=367 \/]<\/p>\n<p><span style=\"color: #0000ff;\"><strong>Unikalno\u015b\u0107 maszyny:<\/strong> Mo\u017cliwo\u015b\u0107 opcjonalnego monta\u017cu biegu wstecznego, u\u0142atwiaj\u0105cego czyszczenie \u015blimaka.<\/span><\/p>\n","protected":false},"featured_media":16894,"comment_status":"open","ping_status":"closed","template":"","meta":{"_acf_changed":false,"inline_featured_image":false},"product_brand":[],"product_cat":[3453,3668,3418],"product_tag":[4965,4983,4574,4990,4969,4973,4995,4971,4566,4967,4559,4402,4980],"class_list":{"0":"post-16896","1":"product","2":"type-product","3":"status-publish","4":"has-post-thumbnail","6":"product_cat-krojenie-i-siekanie","7":"product_cat-maszynki-do-miesa","8":"product_cat-mieso","9":"product_tag-maszynka-do-mielenia-miesa","10":"product_tag-maszynka-do-miesa-dla-przemyslu-spozywczego","11":"product_tag-maszynka-do-miesa-do-duzych-objetosci","12":"product_tag-maszynka-do-miesa-do-sklepu-z-kielbasami","13":"product_tag-maszynka-do-miesa-z-dwoma-nozami","14":"product_tag-maszynka-do-miesa-z-funkcja-odwrotna","15":"product_tag-maszynka-do-miesa-z-praca-ciagla","16":"product_tag-maszynka-do-miesa-z-trzema-perforowanymi-plytami","17":"product_tag-mlynek-do-miesa-mielonego","18":"product_tag-profesjonalna-maszynka-do-miesa","19":"product_tag-przemyslowa-maszynka-do-miesa-2","20":"product_tag-przemyslowa-maszynka-do-miesa","21":"product_tag-przemyslowa-maszynka-do-miesa-ze-stali-nierdzewnej","23":"first","24":"instock","25":"shipping-taxable","26":"product-type-simple"},"acf":[],"yoast_head":"<!-- This site is optimized with the Yoast SEO plugin v27.6 - https:\/\/yoast.com\/product\/yoast-seo-wordpress\/ -->\n<title>Przemys\u0142owa maszynka do mielenia mi\u0119sa (wilk) do rozdrabniania mi\u0119sa na mi\u0119so mielone STvega Meat Grinder H400 \u043a\u0443\u043f\u0438\u0442\u0438 \u0437\u0430 \u0432\u0438\u0433\u0456\u0434\u043d\u043e\u044e \u0446\u0456\u043d\u043e\u044e \u0432 \u043c\u0430\u0433\u0430\u0437\u0438\u043d\u0456 STvega<\/title>\n<meta name=\"description\" content=\"Przemys\u0142owa maszynka do mielenia mi\u0119sa (wilk) do rozdrabniania mi\u0119sa na mi\u0119so mielone STvega Meat Grinder H400 | \u043a\u0443\u043f\u0438\u0442\u0438 \u0437\u0430 \ud83c\udf1f\u0432\u0438\u0433\u0456\u0434\u043d\u043e\u044e \u0446\u0456\u043d\u043e\u044e \u0432 \u043c\u0430\u0433\u0430\u0437\u0438\u043d\u0456 STvega\" \/>\n<meta name=\"robots\" content=\"index, follow, max-snippet:-1, max-image-preview:large, max-video-preview:-1\" \/>\n<link rel=\"canonical\" href=\"https:\/\/stvega.net\/pl\/product\/przemyslowa-maszynka-do-mielenia-miesa-wilk-do-rozdrabniania-miesa-na-mieso-mielone-stvega-meat-grinder-h400\/\" \/>\n<meta property=\"og:locale\" content=\"pl_PL\" \/>\n<meta property=\"og:type\" content=\"article\" \/>\n<meta property=\"og:title\" content=\"Przemys\u0142owa maszynka do mielenia mi\u0119sa (wilk) do rozdrabniania mi\u0119sa na mi\u0119so mielone STvega Meat Grinder H400 \u043a\u0443\u043f\u0438\u0442\u0438 \u0437\u0430 \u0432\u0438\u0433\u0456\u0434\u043d\u043e\u044e \u0446\u0456\u043d\u043e\u044e \u0432 \u043c\u0430\u0433\u0430\u0437\u0438\u043d\u0456 STvega\" \/>\n<meta property=\"og:description\" content=\"Przemys\u0142owa maszynka do mielenia mi\u0119sa (wilk) do rozdrabniania mi\u0119sa na mi\u0119so mielone STvega Meat Grinder H400 | \u043a\u0443\u043f\u0438\u0442\u0438 \u0437\u0430 \ud83c\udf1f\u0432\u0438\u0433\u0456\u0434\u043d\u043e\u044e \u0446\u0456\u043d\u043e\u044e \u0432 \u043c\u0430\u0433\u0430\u0437\u0438\u043d\u0456 STvega\" \/>\n<meta property=\"og:url\" content=\"https:\/\/stvega.net\/pl\/product\/przemyslowa-maszynka-do-mielenia-miesa-wilk-do-rozdrabniania-miesa-na-mieso-mielone-stvega-meat-grinder-h400\/\" \/>\n<meta property=\"og:site_name\" content=\"\u0448\u0438\u0440\u043e\u043a\u0438\u0439 \u0430\u0441\u043e\u0440\u0442\u0438\u043c\u0435\u043d\u0442 \u0445\u0430\u0440\u0447\u043e\u0432\u043e\u0433\u043e \u043f\u0440\u043e\u043c\u0438\u0441\u043b\u043e\u0432\u043e\u0433\u043e \u043e\u0431\u043b\u0430\u0434\u043d\u0430\u043d\u043d\u044f \u0434\u043b\u044f \u043f\u0435\u0440\u0435\u0440\u043e\u0431\u043a\u0438 \u043c\u2019\u044f\u0441\u0430, \u043e\u0432\u043e\u0447\u0456\u0432 \u0456 \u0444\u0440\u0443\u043a\u0442\u0456\u0432\u2b50\u0412\u0438\u0433\u0456\u0434\u043d\u0456 \u0446\u0456\u043d\u0438 \ud83e\uddbe\u0412\u0438\u0440\u043e\u0431\u043d\u0438\u0447\u0456 \u043b\u0456\u043d\u0456\u0457 \u043f\u0456\u0434 \u043a\u043b\u044e\u0447\ud83d\ude9a \u0414\u043e\u0441\u0442\u0430\u0432\u043a\u0430 \ud83d\udee0\u0421\u0435\u0440\u0432\u0456\u0441\" \/>\n<meta property=\"article:publisher\" content=\"https:\/\/www.facebook.com\/share\/9F1B4VxaHAC9E9HB\/?mibextid=qi2Omg\" \/>\n<meta property=\"article:modified_time\" content=\"2026-05-07T14:27:01+00:00\" \/>\n<meta property=\"og:image\" content=\"https:\/\/stvega.net\/wp-content\/uploads\/2025\/08\/stvega-meat-grinder-h400.png\" \/>\n\t<meta property=\"og:image:width\" content=\"566\" \/>\n\t<meta property=\"og:image:height\" content=\"441\" \/>\n\t<meta property=\"og:image:type\" content=\"image\/png\" \/>\n<meta name=\"twitter:card\" content=\"summary_large_image\" \/>\n<meta name=\"twitter:label1\" content=\"Szacowany czas czytania\" \/>\n\t<meta name=\"twitter:data1\" content=\"2 minuty\" \/>\n<script type=\"application\/ld+json\" class=\"yoast-schema-graph\">{\"@context\":\"https:\\\/\\\/schema.org\",\"@graph\":[{\"@type\":\"WebPage\",\"@id\":\"https:\\\/\\\/stvega.net\\\/pl\\\/product\\\/przemyslowa-maszynka-do-mielenia-miesa-wilk-do-rozdrabniania-miesa-na-mieso-mielone-stvega-meat-grinder-h400\\\/\",\"url\":\"https:\\\/\\\/stvega.net\\\/pl\\\/product\\\/przemyslowa-maszynka-do-mielenia-miesa-wilk-do-rozdrabniania-miesa-na-mieso-mielone-stvega-meat-grinder-h400\\\/\",\"name\":\"Przemys\u0142owa maszynka do mielenia mi\u0119sa (wilk) do rozdrabniania mi\u0119sa na mi\u0119so mielone STvega Meat Grinder H400 \u043a\u0443\u043f\u0438\u0442\u0438 \u0437\u0430 \u0432\u0438\u0433\u0456\u0434\u043d\u043e\u044e \u0446\u0456\u043d\u043e\u044e \u0432 \u043c\u0430\u0433\u0430\u0437\u0438\u043d\u0456 STvega\",\"isPartOf\":{\"@id\":\"https:\\\/\\\/stvega.net\\\/pl\\\/#website\"},\"primaryImageOfPage\":{\"@id\":\"https:\\\/\\\/stvega.net\\\/pl\\\/product\\\/przemyslowa-maszynka-do-mielenia-miesa-wilk-do-rozdrabniania-miesa-na-mieso-mielone-stvega-meat-grinder-h400\\\/#primaryimage\"},\"image\":{\"@id\":\"https:\\\/\\\/stvega.net\\\/pl\\\/product\\\/przemyslowa-maszynka-do-mielenia-miesa-wilk-do-rozdrabniania-miesa-na-mieso-mielone-stvega-meat-grinder-h400\\\/#primaryimage\"},\"thumbnailUrl\":\"https:\\\/\\\/stvega.net\\\/wp-content\\\/uploads\\\/2025\\\/08\\\/stvega-meat-grinder-h400.png\",\"datePublished\":\"2025-08-14T07:17:31+00:00\",\"dateModified\":\"2026-05-07T14:27:01+00:00\",\"description\":\"Przemys\u0142owa maszynka do mielenia mi\u0119sa (wilk) do rozdrabniania mi\u0119sa na mi\u0119so mielone STvega Meat Grinder H400 | \u043a\u0443\u043f\u0438\u0442\u0438 \u0437\u0430 \ud83c\udf1f\u0432\u0438\u0433\u0456\u0434\u043d\u043e\u044e \u0446\u0456\u043d\u043e\u044e \u0432 \u043c\u0430\u0433\u0430\u0437\u0438\u043d\u0456 STvega\",\"breadcrumb\":{\"@id\":\"https:\\\/\\\/stvega.net\\\/pl\\\/product\\\/przemyslowa-maszynka-do-mielenia-miesa-wilk-do-rozdrabniania-miesa-na-mieso-mielone-stvega-meat-grinder-h400\\\/#breadcrumb\"},\"inLanguage\":\"pl-PL\",\"potentialAction\":[{\"@type\":\"ReadAction\",\"target\":[\"https:\\\/\\\/stvega.net\\\/pl\\\/product\\\/przemyslowa-maszynka-do-mielenia-miesa-wilk-do-rozdrabniania-miesa-na-mieso-mielone-stvega-meat-grinder-h400\\\/\"]}]},{\"@type\":\"ImageObject\",\"inLanguage\":\"pl-PL\",\"@id\":\"https:\\\/\\\/stvega.net\\\/pl\\\/product\\\/przemyslowa-maszynka-do-mielenia-miesa-wilk-do-rozdrabniania-miesa-na-mieso-mielone-stvega-meat-grinder-h400\\\/#primaryimage\",\"url\":\"https:\\\/\\\/stvega.net\\\/wp-content\\\/uploads\\\/2025\\\/08\\\/stvega-meat-grinder-h400.png\",\"contentUrl\":\"https:\\\/\\\/stvega.net\\\/wp-content\\\/uploads\\\/2025\\\/08\\\/stvega-meat-grinder-h400.png\",\"width\":566,\"height\":441},{\"@type\":\"BreadcrumbList\",\"@id\":\"https:\\\/\\\/stvega.net\\\/pl\\\/product\\\/przemyslowa-maszynka-do-mielenia-miesa-wilk-do-rozdrabniania-miesa-na-mieso-mielone-stvega-meat-grinder-h400\\\/#breadcrumb\",\"itemListElement\":[{\"@type\":\"ListItem\",\"position\":1,\"name\":\"Dom\",\"item\":\"https:\\\/\\\/stvega.net\\\/pl\\\/\"},{\"@type\":\"ListItem\",\"position\":2,\"name\":\"Katalog\",\"item\":\"https:\\\/\\\/stvega.net\\\/katalog\\\/\"},{\"@type\":\"ListItem\",\"position\":3,\"name\":\"Przemys\u0142owa maszynka do mielenia mi\u0119sa (wilk) do rozdrabniania mi\u0119sa na mi\u0119so mielone STvega Meat Grinder H400\"}]},{\"@type\":\"WebSite\",\"@id\":\"https:\\\/\\\/stvega.net\\\/pl\\\/#website\",\"url\":\"https:\\\/\\\/stvega.net\\\/pl\\\/\",\"name\":\"STvega\",\"description\":\"\u0445\u0430\u0440\u0447\u043e\u0432\u0435 \u043f\u0440\u043e\u043c\u0438\u0441\u043b\u043e\u0432\u0435 \u043e\u0431\u043b\u0430\u0434\u043d\u0430\u043d\u043d\u044f\",\"publisher\":{\"@id\":\"https:\\\/\\\/stvega.net\\\/pl\\\/#organization\"},\"alternateName\":\"STvega - \u043e\u0432\u043e\u0447\u0435\u0440\u0456\u0437\u043a\u0438, \u0448\u043f\u0438\u0433\u043e\u0440\u0456\u0437\u043a\u0438, \u0441\u043b\u0430\u0439\u0441\u0435\u0440\u0438 \u0442\u0430 \u0456\u043d\u0448\u0435 \u0445\u0430\u0440\u0447\u043e\u0432\u0435 \u043e\u0431\u043b\u0430\u0434\u043d\u0430\u043d\u043d\u044f\",\"potentialAction\":[{\"@type\":\"SearchAction\",\"target\":{\"@type\":\"EntryPoint\",\"urlTemplate\":\"https:\\\/\\\/stvega.net\\\/pl\\\/?s={search_term_string}\"},\"query-input\":{\"@type\":\"PropertyValueSpecification\",\"valueRequired\":true,\"valueName\":\"search_term_string\"}}],\"inLanguage\":\"pl-PL\"},{\"@type\":\"Organization\",\"@id\":\"https:\\\/\\\/stvega.net\\\/pl\\\/#organization\",\"name\":\"STvega \u0425\u0410\u0420\u0427\u041e\u0412\u0415 \u041f\u0420\u041e\u041c\u0418\u0421\u041b\u041e\u0412\u0415 \u041e\u0411\u041b\u0410\u0414\u041d\u0410\u041d\u041d\u042f\",\"alternateName\":\"STvega - \u043e\u0432\u043e\u0447\u0435\u0440\u0456\u0437\u043a\u0438, \u0448\u043f\u0438\u0433\u043e\u0440\u0456\u0437\u043a\u0438, \u0441\u043b\u0430\u0439\u0441\u0435\u0440\u0438 \u0442\u0430 \u0456\u043d\u0448\u0435 \u0445\u0430\u0440\u0447\u043e\u0432\u0435 \u043e\u0431\u043b\u0430\u0434\u043d\u0430\u043d\u043d\u044f\",\"url\":\"https:\\\/\\\/stvega.net\\\/pl\\\/\",\"logo\":{\"@type\":\"ImageObject\",\"inLanguage\":\"pl-PL\",\"@id\":\"https:\\\/\\\/stvega.net\\\/pl\\\/#\\\/schema\\\/logo\\\/image\\\/\",\"url\":\"https:\\\/\\\/stvega.net\\\/wp-content\\\/uploads\\\/2024\\\/03\\\/dyzajn-bez-nazvanyya-1.png\",\"contentUrl\":\"https:\\\/\\\/stvega.net\\\/wp-content\\\/uploads\\\/2024\\\/03\\\/dyzajn-bez-nazvanyya-1.png\",\"width\":180,\"height\":180,\"caption\":\"STvega \u0425\u0410\u0420\u0427\u041e\u0412\u0415 \u041f\u0420\u041e\u041c\u0418\u0421\u041b\u041e\u0412\u0415 \u041e\u0411\u041b\u0410\u0414\u041d\u0410\u041d\u041d\u042f\"},\"image\":{\"@id\":\"https:\\\/\\\/stvega.net\\\/pl\\\/#\\\/schema\\\/logo\\\/image\\\/\"},\"sameAs\":[\"https:\\\/\\\/www.facebook.com\\\/share\\\/9F1B4VxaHAC9E9HB\\\/?mibextid=qi2Omg\"]}]}<\/script>\n<!-- \/ Yoast SEO plugin. -->","yoast_head_json":{"title":"Przemys\u0142owa maszynka do mielenia mi\u0119sa (wilk) do rozdrabniania mi\u0119sa na mi\u0119so mielone STvega Meat Grinder H400 \u043a\u0443\u043f\u0438\u0442\u0438 \u0437\u0430 \u0432\u0438\u0433\u0456\u0434\u043d\u043e\u044e \u0446\u0456\u043d\u043e\u044e \u0432 \u043c\u0430\u0433\u0430\u0437\u0438\u043d\u0456 STvega","description":"Przemys\u0142owa maszynka do mielenia mi\u0119sa (wilk) do rozdrabniania mi\u0119sa na mi\u0119so mielone STvega Meat Grinder H400 | \u043a\u0443\u043f\u0438\u0442\u0438 \u0437\u0430 \ud83c\udf1f\u0432\u0438\u0433\u0456\u0434\u043d\u043e\u044e \u0446\u0456\u043d\u043e\u044e \u0432 \u043c\u0430\u0433\u0430\u0437\u0438\u043d\u0456 STvega","robots":{"index":"index","follow":"follow","max-snippet":"max-snippet:-1","max-image-preview":"max-image-preview:large","max-video-preview":"max-video-preview:-1"},"canonical":"https:\/\/stvega.net\/pl\/product\/przemyslowa-maszynka-do-mielenia-miesa-wilk-do-rozdrabniania-miesa-na-mieso-mielone-stvega-meat-grinder-h400\/","og_locale":"pl_PL","og_type":"article","og_title":"Przemys\u0142owa maszynka do mielenia mi\u0119sa (wilk) do rozdrabniania mi\u0119sa na mi\u0119so mielone STvega Meat Grinder H400 \u043a\u0443\u043f\u0438\u0442\u0438 \u0437\u0430 \u0432\u0438\u0433\u0456\u0434\u043d\u043e\u044e \u0446\u0456\u043d\u043e\u044e \u0432 \u043c\u0430\u0433\u0430\u0437\u0438\u043d\u0456 STvega","og_description":"Przemys\u0142owa maszynka do mielenia mi\u0119sa (wilk) do rozdrabniania mi\u0119sa na mi\u0119so mielone STvega Meat Grinder H400 | \u043a\u0443\u043f\u0438\u0442\u0438 \u0437\u0430 \ud83c\udf1f\u0432\u0438\u0433\u0456\u0434\u043d\u043e\u044e \u0446\u0456\u043d\u043e\u044e \u0432 \u043c\u0430\u0433\u0430\u0437\u0438\u043d\u0456 STvega","og_url":"https:\/\/stvega.net\/pl\/product\/przemyslowa-maszynka-do-mielenia-miesa-wilk-do-rozdrabniania-miesa-na-mieso-mielone-stvega-meat-grinder-h400\/","og_site_name":"\u0448\u0438\u0440\u043e\u043a\u0438\u0439 \u0430\u0441\u043e\u0440\u0442\u0438\u043c\u0435\u043d\u0442 \u0445\u0430\u0440\u0447\u043e\u0432\u043e\u0433\u043e \u043f\u0440\u043e\u043c\u0438\u0441\u043b\u043e\u0432\u043e\u0433\u043e \u043e\u0431\u043b\u0430\u0434\u043d\u0430\u043d\u043d\u044f \u0434\u043b\u044f \u043f\u0435\u0440\u0435\u0440\u043e\u0431\u043a\u0438 \u043c\u2019\u044f\u0441\u0430, \u043e\u0432\u043e\u0447\u0456\u0432 \u0456 \u0444\u0440\u0443\u043a\u0442\u0456\u0432\u2b50\u0412\u0438\u0433\u0456\u0434\u043d\u0456 \u0446\u0456\u043d\u0438 \ud83e\uddbe\u0412\u0438\u0440\u043e\u0431\u043d\u0438\u0447\u0456 \u043b\u0456\u043d\u0456\u0457 \u043f\u0456\u0434 \u043a\u043b\u044e\u0447\ud83d\ude9a \u0414\u043e\u0441\u0442\u0430\u0432\u043a\u0430 \ud83d\udee0\u0421\u0435\u0440\u0432\u0456\u0441","article_publisher":"https:\/\/www.facebook.com\/share\/9F1B4VxaHAC9E9HB\/?mibextid=qi2Omg","article_modified_time":"2026-05-07T14:27:01+00:00","og_image":[{"width":566,"height":441,"url":"https:\/\/stvega.net\/wp-content\/uploads\/2025\/08\/stvega-meat-grinder-h400.png","type":"image\/png"}],"twitter_card":"summary_large_image","twitter_misc":{"Szacowany czas czytania":"2 minuty"},"schema":{"@context":"https:\/\/schema.org","@graph":[{"@type":"WebPage","@id":"https:\/\/stvega.net\/pl\/product\/przemyslowa-maszynka-do-mielenia-miesa-wilk-do-rozdrabniania-miesa-na-mieso-mielone-stvega-meat-grinder-h400\/","url":"https:\/\/stvega.net\/pl\/product\/przemyslowa-maszynka-do-mielenia-miesa-wilk-do-rozdrabniania-miesa-na-mieso-mielone-stvega-meat-grinder-h400\/","name":"Przemys\u0142owa maszynka do mielenia mi\u0119sa (wilk) do rozdrabniania mi\u0119sa na mi\u0119so mielone STvega Meat Grinder H400 \u043a\u0443\u043f\u0438\u0442\u0438 \u0437\u0430 \u0432\u0438\u0433\u0456\u0434\u043d\u043e\u044e \u0446\u0456\u043d\u043e\u044e \u0432 \u043c\u0430\u0433\u0430\u0437\u0438\u043d\u0456 STvega","isPartOf":{"@id":"https:\/\/stvega.net\/pl\/#website"},"primaryImageOfPage":{"@id":"https:\/\/stvega.net\/pl\/product\/przemyslowa-maszynka-do-mielenia-miesa-wilk-do-rozdrabniania-miesa-na-mieso-mielone-stvega-meat-grinder-h400\/#primaryimage"},"image":{"@id":"https:\/\/stvega.net\/pl\/product\/przemyslowa-maszynka-do-mielenia-miesa-wilk-do-rozdrabniania-miesa-na-mieso-mielone-stvega-meat-grinder-h400\/#primaryimage"},"thumbnailUrl":"https:\/\/stvega.net\/wp-content\/uploads\/2025\/08\/stvega-meat-grinder-h400.png","datePublished":"2025-08-14T07:17:31+00:00","dateModified":"2026-05-07T14:27:01+00:00","description":"Przemys\u0142owa maszynka do mielenia mi\u0119sa (wilk) do rozdrabniania mi\u0119sa na mi\u0119so mielone STvega Meat Grinder H400 | \u043a\u0443\u043f\u0438\u0442\u0438 \u0437\u0430 \ud83c\udf1f\u0432\u0438\u0433\u0456\u0434\u043d\u043e\u044e \u0446\u0456\u043d\u043e\u044e \u0432 \u043c\u0430\u0433\u0430\u0437\u0438\u043d\u0456 STvega","breadcrumb":{"@id":"https:\/\/stvega.net\/pl\/product\/przemyslowa-maszynka-do-mielenia-miesa-wilk-do-rozdrabniania-miesa-na-mieso-mielone-stvega-meat-grinder-h400\/#breadcrumb"},"inLanguage":"pl-PL","potentialAction":[{"@type":"ReadAction","target":["https:\/\/stvega.net\/pl\/product\/przemyslowa-maszynka-do-mielenia-miesa-wilk-do-rozdrabniania-miesa-na-mieso-mielone-stvega-meat-grinder-h400\/"]}]},{"@type":"ImageObject","inLanguage":"pl-PL","@id":"https:\/\/stvega.net\/pl\/product\/przemyslowa-maszynka-do-mielenia-miesa-wilk-do-rozdrabniania-miesa-na-mieso-mielone-stvega-meat-grinder-h400\/#primaryimage","url":"https:\/\/stvega.net\/wp-content\/uploads\/2025\/08\/stvega-meat-grinder-h400.png","contentUrl":"https:\/\/stvega.net\/wp-content\/uploads\/2025\/08\/stvega-meat-grinder-h400.png","width":566,"height":441},{"@type":"BreadcrumbList","@id":"https:\/\/stvega.net\/pl\/product\/przemyslowa-maszynka-do-mielenia-miesa-wilk-do-rozdrabniania-miesa-na-mieso-mielone-stvega-meat-grinder-h400\/#breadcrumb","itemListElement":[{"@type":"ListItem","position":1,"name":"Dom","item":"https:\/\/stvega.net\/pl\/"},{"@type":"ListItem","position":2,"name":"Katalog","item":"https:\/\/stvega.net\/katalog\/"},{"@type":"ListItem","position":3,"name":"Przemys\u0142owa maszynka do mielenia mi\u0119sa (wilk) do rozdrabniania mi\u0119sa na mi\u0119so mielone STvega Meat Grinder H400"}]},{"@type":"WebSite","@id":"https:\/\/stvega.net\/pl\/#website","url":"https:\/\/stvega.net\/pl\/","name":"STvega","description":"\u0445\u0430\u0440\u0447\u043e\u0432\u0435 \u043f\u0440\u043e\u043c\u0438\u0441\u043b\u043e\u0432\u0435 \u043e\u0431\u043b\u0430\u0434\u043d\u0430\u043d\u043d\u044f","publisher":{"@id":"https:\/\/stvega.net\/pl\/#organization"},"alternateName":"STvega - \u043e\u0432\u043e\u0447\u0435\u0440\u0456\u0437\u043a\u0438, \u0448\u043f\u0438\u0433\u043e\u0440\u0456\u0437\u043a\u0438, \u0441\u043b\u0430\u0439\u0441\u0435\u0440\u0438 \u0442\u0430 \u0456\u043d\u0448\u0435 \u0445\u0430\u0440\u0447\u043e\u0432\u0435 \u043e\u0431\u043b\u0430\u0434\u043d\u0430\u043d\u043d\u044f","potentialAction":[{"@type":"SearchAction","target":{"@type":"EntryPoint","urlTemplate":"https:\/\/stvega.net\/pl\/?s={search_term_string}"},"query-input":{"@type":"PropertyValueSpecification","valueRequired":true,"valueName":"search_term_string"}}],"inLanguage":"pl-PL"},{"@type":"Organization","@id":"https:\/\/stvega.net\/pl\/#organization","name":"STvega \u0425\u0410\u0420\u0427\u041e\u0412\u0415 \u041f\u0420\u041e\u041c\u0418\u0421\u041b\u041e\u0412\u0415 \u041e\u0411\u041b\u0410\u0414\u041d\u0410\u041d\u041d\u042f","alternateName":"STvega - \u043e\u0432\u043e\u0447\u0435\u0440\u0456\u0437\u043a\u0438, \u0448\u043f\u0438\u0433\u043e\u0440\u0456\u0437\u043a\u0438, \u0441\u043b\u0430\u0439\u0441\u0435\u0440\u0438 \u0442\u0430 \u0456\u043d\u0448\u0435 \u0445\u0430\u0440\u0447\u043e\u0432\u0435 \u043e\u0431\u043b\u0430\u0434\u043d\u0430\u043d\u043d\u044f","url":"https:\/\/stvega.net\/pl\/","logo":{"@type":"ImageObject","inLanguage":"pl-PL","@id":"https:\/\/stvega.net\/pl\/#\/schema\/logo\/image\/","url":"https:\/\/stvega.net\/wp-content\/uploads\/2024\/03\/dyzajn-bez-nazvanyya-1.png","contentUrl":"https:\/\/stvega.net\/wp-content\/uploads\/2024\/03\/dyzajn-bez-nazvanyya-1.png","width":180,"height":180,"caption":"STvega \u0425\u0410\u0420\u0427\u041e\u0412\u0415 \u041f\u0420\u041e\u041c\u0418\u0421\u041b\u041e\u0412\u0415 \u041e\u0411\u041b\u0410\u0414\u041d\u0410\u041d\u041d\u042f"},"image":{"@id":"https:\/\/stvega.net\/pl\/#\/schema\/logo\/image\/"},"sameAs":["https:\/\/www.facebook.com\/share\/9F1B4VxaHAC9E9HB\/?mibextid=qi2Omg"]}]}},"_links":{"self":[{"href":"https:\/\/stvega.net\/pl\/wp-json\/wp\/v2\/product\/16896","targetHints":{"allow":["GET"]}}],"collection":[{"href":"https:\/\/stvega.net\/pl\/wp-json\/wp\/v2\/product"}],"about":[{"href":"https:\/\/stvega.net\/pl\/wp-json\/wp\/v2\/types\/product"}],"replies":[{"embeddable":true,"href":"https:\/\/stvega.net\/pl\/wp-json\/wp\/v2\/comments?post=16896"}],"wp:featuredmedia":[{"embeddable":true,"href":"https:\/\/stvega.net\/pl\/wp-json\/wp\/v2\/media\/16894"}],"wp:attachment":[{"href":"https:\/\/stvega.net\/pl\/wp-json\/wp\/v2\/media?parent=16896"}],"wp:term":[{"taxonomy":"product_brand","embeddable":true,"href":"https:\/\/stvega.net\/pl\/wp-json\/wp\/v2\/product_brand?post=16896"},{"taxonomy":"product_cat","embeddable":true,"href":"https:\/\/stvega.net\/pl\/wp-json\/wp\/v2\/product_cat?post=16896"},{"taxonomy":"product_tag","embeddable":true,"href":"https:\/\/stvega.net\/pl\/wp-json\/wp\/v2\/product_tag?post=16896"}],"curies":[{"name":"wp","href":"https:\/\/api.w.org\/{rel}","templated":true}]}}