{"id":16554,"date":"2023-10-18T16:43:35","date_gmt":"2023-10-18T13:43:35","guid":{"rendered":"https:\/\/stvega.net\/product\/stvega-vpm-h200-automatyczna-maszyna-pakowania-tasmowego-prozniowego\/"},"modified":"2023-10-18T16:43:35","modified_gmt":"2023-10-18T13:43:35","slug":"stvega-vpm-h200-automatyczna-maszyna-pakowania-tasmowego-prozniowego","status":"publish","type":"product","link":"https:\/\/stvega.net\/pl\/product\/stvega-vpm-h200-automatyczna-maszyna-pakowania-tasmowego-prozniowego\/","title":{"rendered":"STvega VPM H200 Automatyczna Maszyna Pakowania Ta\u015bmowego Pr\u00f3\u017cniowego"},"content":{"rendered":"<p><strong>Maszyna STvega VPM H200<\/strong> zosta\u0142a zaprojektowana do odkurzania i pakowania work\u00f3w pr\u00f3\u017cniowych, toreb retortowych z \u017cywno\u015bci\u0105 w \u015brodku, w tym wyrob\u00f3w mi\u0119snych, kie\u0142bas, wo\u0142owiny, wieprzowiny, owoc\u00f3w morza i ryb, warzyw i owoc\u00f3w, produkt\u00f3w serowych, karmy dla zwierz\u0105t itp. Celem procesu pr\u00f3\u017cniowego jest wyd\u0142u\u017cenie okresu przydatno\u015bci \u017cywno\u015bci. <\/p>\n<p>Maszyna pakuj\u0105ca mo\u017ce u\u017cywa\u0107 work\u00f3w pr\u00f3\u017cniowych wykonanych z r\u00f3\u017cnych materia\u0142\u00f3w do uszczelniania, w tym work\u00f3w z PET, PA, PE, folii aluminiowej oraz materia\u0142\u00f3w mieszanych. Mo\u017cliwe s\u0105 zar\u00f3wno autonomiczne u\u017cycie, jak i eksploatacja jako cz\u0119\u015b\u0107 linii przeno\u015bnika. <\/p>\n<p>Maszyna ta mo\u017ce by\u0107 wykorzystywana na farmach, zak\u0142adach przetw\u00f3rstwa mi\u0119sa i ryb, zak\u0142adach produkcji \u017cywno\u015bci oraz innych przedsi\u0119biorstwach w przemy\u015ble spo\u017cywczym i przetw\u00f3rczym.<\/p>\n<p><strong>Zasada dzia\u0142ania:<\/strong><\/p>\n<p><strong>STv<\/strong><strong>ega VPM H200<\/strong> z ci\u0105g\u0142\u0105 ta\u015bm\u0105 pakowan\u0105 do pakowania pr\u00f3\u017cniowego to jeden z typ\u00f3w komorowych maszyn do pakowania pr\u00f3\u017cniowego. Sprz\u0119t posiada obracaj\u0105c\u0105 ta\u015bm\u0119 przeno\u015bniczkow\u0105 do transportu work\u00f3w produktowych do komory pr\u00f3\u017cniowej, a nast\u0119pnie z niej \u2013 po zako\u0144czeniu procesu pakowania pr\u00f3\u017cniowego. Proces odkurzania i zamykania work\u00f3w z produktem odbywa si\u0119 w komorze roboczej za pomoc\u0105 pompy pr\u00f3\u017cniowej i elementu grzewczego. Najwygodniejszym elementem maszyny pakuj\u0105cej pr\u00f3\u017cniowej jest to, \u017ce obracaj\u0105cy si\u0119 ta\u015bmowy ta\u015bma umo\u017cliwia po\u0142\u0105czenie pracy maszyny z g\u0142\u00f3wnym przeno\u015bnikiem w celu odbioru gotowych paczek. Operatorzy wykonuj\u0105 jedynie minimaln\u0105 prac\u0119, polegaj\u0105c\u0105 na uk\u0142adaniu produkt\u00f3w w workach i umieszczaniu work\u00f3w we w\u0142a\u015bciwym miejscu na szczelinie uszczelniaj\u0105cej.    <\/p>\n<p><strong>Zalety sprz\u0119tu:<\/strong><\/p>\n<ul>\n<li>Przestronna komora robocza pozwala umie\u015bci\u0107 du\u017c\u0105 liczb\u0119 work\u00f3w jednocze\u015bnie.<\/li>\n<li>Regulowany k\u0105t sto\u0142u pakuj\u0105cego u\u0142atwia prac\u0119 z produktami p\u0142ynnymi i masowymi.<\/li>\n<li>Wygodna i intuicyjna obs\u0142uga maszyny za pomoc\u0105 ekranu dotykowego.<\/li>\n<li>Maszyna dzia\u0142a w trybie p\u00f3\u0142automatycznym i automatycznym, sterowanym przez sterownik PLC.<\/li>\n<li>Panele zdejmowane zapewniaj\u0105 szybki dost\u0119p do wewn\u0119trznych element\u00f3w maszyny, co umo\u017cliwia komfortow\u0105 konserwacj\u0119 i czyszczenie.<\/li>\n<li>Obudowa wykonana jest z wysokiej jako\u015bci stali nierdzewnej SUS 304, ma estetyczny wygl\u0105d i spe\u0142nia wszystkie normy bezpiecze\u0144stwa \u017cywno\u015bci.<\/li>\n<\/ul>\n<p>&nbsp;<\/p>\n<p>Firma zapewnia pe\u0142n\u0105 gwarancj\u0119 oraz serwis posprzeda\u017cowy.<\/p>\n\t<div class=\"section video\">\n\t\t<div class=\"row\">\n\t\t\t\t\t\t\t\t\t\t\t\t<div class=\"col-md-4 col-12\">\n\t\t\t\t\t\t<div class=\"container-lazyload preview-lazyload container-youtube js-lazyload--not-loaded\"><a href=\"https:\/\/www.youtube.com\/watch?v=8nbXuRL2aWM\" class=\"lazy-load-youtube preview-lazyload preview-youtube\" data-video-title=\"\u041f\u0440\u043e\u043c\u0438\u0441\u043b\u043e\u0432\u0438\u0439 \u0432\u0430\u043a\u0443\u0443\u043c\u0430\u0442\u043e\u0440 \u0442\u0443\u043d\u0435\u043b\u044c\u043d\u043e\u0433\u043e \u0442\u0438\u043f\u0443 \u0434\u043b\u044f \u043f\u0430\u043a\u0443\u0432\u0430\u043d\u043d\u044f \u043c&#039;\u044f\u0441\u0430, \u0440\u0438\u0431\u0438,  \u043e\u0432\u043e\u0447\u0456\u0432 \u0456 \u0444\u0440\u0443\u043a\u0442\u0456\u0432 STvega VPM H200\" title=\"Play video &quot;\u041f\u0440\u043e\u043c\u0438\u0441\u043b\u043e\u0432\u0438\u0439 \u0432\u0430\u043a\u0443\u0443\u043c\u0430\u0442\u043e\u0440 \u0442\u0443\u043d\u0435\u043b\u044c\u043d\u043e\u0433\u043e \u0442\u0438\u043f\u0443 \u0434\u043b\u044f \u043f\u0430\u043a\u0443\u0432\u0430\u043d\u043d\u044f \u043c&#039;\u044f\u0441\u0430, \u0440\u0438\u0431\u0438,  \u043e\u0432\u043e\u0447\u0456\u0432 \u0456 \u0444\u0440\u0443\u043a\u0442\u0456\u0432 STvega VPM H200&quot;\">https:\/\/www.youtube.com\/watch?v=8nbXuRL2aWM<\/a><noscript>Video can&#8217;t be loaded because JavaScript is disabled: <a href=\"https:\/\/www.youtube.com\/watch?v=8nbXuRL2aWM\" title=\"\u041f\u0440\u043e\u043c\u0438\u0441\u043b\u043e\u0432\u0438\u0439 \u0432\u0430\u043a\u0443\u0443\u043c\u0430\u0442\u043e\u0440 \u0442\u0443\u043d\u0435\u043b\u044c\u043d\u043e\u0433\u043e \u0442\u0438\u043f\u0443 \u0434\u043b\u044f \u043f\u0430\u043a\u0443\u0432\u0430\u043d\u043d\u044f \u043c&#039;\u044f\u0441\u0430, \u0440\u0438\u0431\u0438,  \u043e\u0432\u043e\u0447\u0456\u0432 \u0456 \u0444\u0440\u0443\u043a\u0442\u0456\u0432 STvega VPM H200\">\u041f\u0440\u043e\u043c\u0438\u0441\u043b\u043e\u0432\u0438\u0439 \u0432\u0430\u043a\u0443\u0443\u043c\u0430\u0442\u043e\u0440 \u0442\u0443\u043d\u0435\u043b\u044c\u043d\u043e\u0433\u043e \u0442\u0438\u043f\u0443 \u0434\u043b\u044f \u043f\u0430\u043a\u0443\u0432\u0430\u043d\u043d\u044f \u043c&#039;\u044f\u0441\u0430, \u0440\u0438\u0431\u0438,  \u043e\u0432\u043e\u0447\u0456\u0432 \u0456 \u0444\u0440\u0443\u043a\u0442\u0456\u0432 STvega VPM H200 (https:\/\/www.youtube.com\/watch?v=8nbXuRL2aWM)<\/a><\/noscript><\/div>\n\t\t\t\t\t<\/div>\n\t\t\t\t\t\t\t\t\t<\/div>\n\t<\/div>\n\t\t","protected":false},"excerpt":{"rendered":"<p><strong>Maszyna STvega VPM H200<\/strong> zosta\u0142a zaprojektowana do odkurzania i pakowania work\u00f3w pr\u00f3\u017cniowych, torebek retortowych z produktami w \u015brodku.<\/p>\n<p><strong>Specyfikacje: <\/strong><\/p>\n<p>[table id=&#8221;227&#8243; \/]<\/p>\n<p><span style=\"color: #0000ff;\"><strong>Unikalno\u015b\u0107 urz\u0105dzenia: <\/strong>Urz\u0105dzenie ma niski poziom ha\u0142asu i wykazuje niezawodno\u015b\u0107 oraz stabilno\u015b\u0107 podczas pracy.<\/span><\/p>\n","protected":false},"featured_media":16586,"comment_status":"closed","ping_status":"closed","template":"","meta":{"_acf_changed":false,"inline_featured_image":false},"product_brand":[],"product_cat":[3627,3634,3620,3420,3621,3587,3418,3684,3483,3552,3622,3638,3630,3625],"product_tag":[8614,3785,3783,8609,8617,8526,8604,8607,8620,8546,4811,8618,8612,3778,8613,3789,8611,8616,8384,8605],"class_list":{"0":"post-16554","1":"product","2":"type-product","3":"status-publish","4":"has-post-thumbnail","6":"product_cat-jablka","7":"product_cat-jagody","8":"product_cat-kapusta","9":"product_cat-kurczak","10":"product_cat-marchew","11":"product_cat-maszyny-pakujace","12":"product_cat-mieso","13":"product_cat-odkurzacze","14":"product_cat-opakowanie-i-opakowania","15":"product_cat-ryba","16":"product_cat-salatki","17":"product_cat-wisnie-wisnie","18":"product_cat-zielen","19":"product_cat-ziemniaki","20":"product_tag-automatyczny-odkurzacz","21":"product_tag-efektywne-pakowanie","22":"product_tag-kontrola-jakosci-opakowan","23":"product_tag-maszyna-do-pakowania-prozniowego-typu-tunelowego","24":"product_tag-ochrona-produktu","25":"product_tag-odkurzacz","26":"product_tag-odkurzacz-do-produktow","27":"product_tag-odkurzacz-tasmowy","28":"product_tag-odkurzacz-tunelowy","29":"product_tag-opakowania-zywnosci-4","30":"product_tag-pakowanie-prozniowe-2","31":"product_tag-pakowanie-prozniowe-zmechanizowane","32":"product_tag-pakowanie-tunelowe","33":"product_tag-przemysl-spozywczy","34":"product_tag-przemyslowe-pakowanie-prozniowe","35":"product_tag-przetworstwo-zywnosci","36":"product_tag-staly-odkurzacz","37":"product_tag-technologia-prozniowa","38":"product_tag-urzadzenia-do-pakowania-prozniowego","39":"product_tag-worki-uszczelniajace","41":"first","42":"instock","43":"shipping-taxable","44":"product-type-simple"},"acf":[],"yoast_head":"<!-- This site is optimized with the Yoast SEO plugin v27.5 - https:\/\/yoast.com\/product\/yoast-seo-wordpress\/ -->\n<title>STvega VPM H200 Automatyczna Maszyna Pakowania Ta\u015bmowego Pr\u00f3\u017cniowego \u043a\u0443\u043f\u0438\u0442\u0438 \u0437\u0430 \u0432\u0438\u0433\u0456\u0434\u043d\u043e\u044e \u0446\u0456\u043d\u043e\u044e \u0432 \u043c\u0430\u0433\u0430\u0437\u0438\u043d\u0456 STvega<\/title>\n<meta name=\"description\" content=\"STvega VPM H200 Automatyczna Maszyna Pakowania Ta\u015bmowego Pr\u00f3\u017cniowego | \u043a\u0443\u043f\u0438\u0442\u0438 \u0437\u0430 \ud83c\udf1f\u0432\u0438\u0433\u0456\u0434\u043d\u043e\u044e \u0446\u0456\u043d\u043e\u044e \u0432 \u043c\u0430\u0433\u0430\u0437\u0438\u043d\u0456 STvega\" \/>\n<meta name=\"robots\" content=\"index, follow, max-snippet:-1, max-image-preview:large, max-video-preview:-1\" \/>\n<link rel=\"canonical\" href=\"https:\/\/stvega.net\/pl\/product\/stvega-vpm-h200-automatyczna-maszyna-pakowania-tasmowego-prozniowego\/\" \/>\n<meta property=\"og:locale\" content=\"pl_PL\" \/>\n<meta property=\"og:type\" content=\"article\" \/>\n<meta property=\"og:title\" content=\"STvega VPM H200 Automatyczna Maszyna Pakowania Ta\u015bmowego Pr\u00f3\u017cniowego \u043a\u0443\u043f\u0438\u0442\u0438 \u0437\u0430 \u0432\u0438\u0433\u0456\u0434\u043d\u043e\u044e \u0446\u0456\u043d\u043e\u044e \u0432 \u043c\u0430\u0433\u0430\u0437\u0438\u043d\u0456 STvega\" \/>\n<meta property=\"og:description\" content=\"STvega VPM H200 Automatyczna Maszyna Pakowania Ta\u015bmowego Pr\u00f3\u017cniowego | \u043a\u0443\u043f\u0438\u0442\u0438 \u0437\u0430 \ud83c\udf1f\u0432\u0438\u0433\u0456\u0434\u043d\u043e\u044e \u0446\u0456\u043d\u043e\u044e \u0432 \u043c\u0430\u0433\u0430\u0437\u0438\u043d\u0456 STvega\" \/>\n<meta property=\"og:url\" content=\"https:\/\/stvega.net\/pl\/product\/stvega-vpm-h200-automatyczna-maszyna-pakowania-tasmowego-prozniowego\/\" \/>\n<meta property=\"og:site_name\" content=\"\u0448\u0438\u0440\u043e\u043a\u0438\u0439 \u0430\u0441\u043e\u0440\u0442\u0438\u043c\u0435\u043d\u0442 \u0445\u0430\u0440\u0447\u043e\u0432\u043e\u0433\u043e \u043f\u0440\u043e\u043c\u0438\u0441\u043b\u043e\u0432\u043e\u0433\u043e \u043e\u0431\u043b\u0430\u0434\u043d\u0430\u043d\u043d\u044f \u0434\u043b\u044f \u043f\u0435\u0440\u0435\u0440\u043e\u0431\u043a\u0438 \u043c\u2019\u044f\u0441\u0430, \u043e\u0432\u043e\u0447\u0456\u0432 \u0456 \u0444\u0440\u0443\u043a\u0442\u0456\u0432\u2b50\u0412\u0438\u0433\u0456\u0434\u043d\u0456 \u0446\u0456\u043d\u0438 \ud83e\uddbe\u0412\u0438\u0440\u043e\u0431\u043d\u0438\u0447\u0456 \u043b\u0456\u043d\u0456\u0457 \u043f\u0456\u0434 \u043a\u043b\u044e\u0447\ud83d\ude9a \u0414\u043e\u0441\u0442\u0430\u0432\u043a\u0430 \ud83d\udee0\u0421\u0435\u0440\u0432\u0456\u0441\" \/>\n<meta property=\"article:publisher\" content=\"https:\/\/www.facebook.com\/share\/9F1B4VxaHAC9E9HB\/?mibextid=qi2Omg\" \/>\n<meta property=\"og:image\" content=\"https:\/\/stvega.net\/wp-content\/uploads\/2023\/10\/\u0412\u0430\u043a\u0443\u0443\u043c\u0430\u0442\u043e\u0440-\u0434\u043b\u044f-\u043f\u0440\u043e\u0434\u0443\u043a\u0442\u043e\u0432-Vega-VPM-200-\u043b\u0435\u043d\u0442\u043e\u0447\u043d\u044b\u0439.png\" \/>\n\t<meta property=\"og:image:width\" content=\"500\" \/>\n\t<meta property=\"og:image:height\" content=\"500\" \/>\n\t<meta property=\"og:image:type\" content=\"image\/png\" \/>\n<meta name=\"twitter:card\" content=\"summary_large_image\" \/>\n<meta name=\"twitter:label1\" content=\"Szacowany czas czytania\" \/>\n\t<meta name=\"twitter:data1\" content=\"2 minuty\" \/>\n<script type=\"application\/ld+json\" class=\"yoast-schema-graph\">{\"@context\":\"https:\\\/\\\/schema.org\",\"@graph\":[{\"@type\":\"WebPage\",\"@id\":\"https:\\\/\\\/stvega.net\\\/pl\\\/product\\\/stvega-vpm-h200-automatyczna-maszyna-pakowania-tasmowego-prozniowego\\\/\",\"url\":\"https:\\\/\\\/stvega.net\\\/pl\\\/product\\\/stvega-vpm-h200-automatyczna-maszyna-pakowania-tasmowego-prozniowego\\\/\",\"name\":\"STvega VPM H200 Automatyczna Maszyna Pakowania Ta\u015bmowego Pr\u00f3\u017cniowego \u043a\u0443\u043f\u0438\u0442\u0438 \u0437\u0430 \u0432\u0438\u0433\u0456\u0434\u043d\u043e\u044e \u0446\u0456\u043d\u043e\u044e \u0432 \u043c\u0430\u0433\u0430\u0437\u0438\u043d\u0456 STvega\",\"isPartOf\":{\"@id\":\"https:\\\/\\\/stvega.net\\\/pl\\\/#website\"},\"primaryImageOfPage\":{\"@id\":\"https:\\\/\\\/stvega.net\\\/pl\\\/product\\\/stvega-vpm-h200-automatyczna-maszyna-pakowania-tasmowego-prozniowego\\\/#primaryimage\"},\"image\":{\"@id\":\"https:\\\/\\\/stvega.net\\\/pl\\\/product\\\/stvega-vpm-h200-automatyczna-maszyna-pakowania-tasmowego-prozniowego\\\/#primaryimage\"},\"thumbnailUrl\":\"https:\\\/\\\/stvega.net\\\/wp-content\\\/uploads\\\/2023\\\/10\\\/\u0412\u0430\u043a\u0443\u0443\u043c\u0430\u0442\u043e\u0440-\u0434\u043b\u044f-\u043f\u0440\u043e\u0434\u0443\u043a\u0442\u043e\u0432-Vega-VPM-200-\u043b\u0435\u043d\u0442\u043e\u0447\u043d\u044b\u0439.png\",\"datePublished\":\"2023-10-18T13:43:35+00:00\",\"description\":\"STvega VPM H200 Automatyczna Maszyna Pakowania Ta\u015bmowego Pr\u00f3\u017cniowego | \u043a\u0443\u043f\u0438\u0442\u0438 \u0437\u0430 \ud83c\udf1f\u0432\u0438\u0433\u0456\u0434\u043d\u043e\u044e \u0446\u0456\u043d\u043e\u044e \u0432 \u043c\u0430\u0433\u0430\u0437\u0438\u043d\u0456 STvega\",\"breadcrumb\":{\"@id\":\"https:\\\/\\\/stvega.net\\\/pl\\\/product\\\/stvega-vpm-h200-automatyczna-maszyna-pakowania-tasmowego-prozniowego\\\/#breadcrumb\"},\"inLanguage\":\"pl-PL\",\"potentialAction\":[{\"@type\":\"ReadAction\",\"target\":[\"https:\\\/\\\/stvega.net\\\/pl\\\/product\\\/stvega-vpm-h200-automatyczna-maszyna-pakowania-tasmowego-prozniowego\\\/\"]}]},{\"@type\":\"ImageObject\",\"inLanguage\":\"pl-PL\",\"@id\":\"https:\\\/\\\/stvega.net\\\/pl\\\/product\\\/stvega-vpm-h200-automatyczna-maszyna-pakowania-tasmowego-prozniowego\\\/#primaryimage\",\"url\":\"https:\\\/\\\/stvega.net\\\/wp-content\\\/uploads\\\/2023\\\/10\\\/\u0412\u0430\u043a\u0443\u0443\u043c\u0430\u0442\u043e\u0440-\u0434\u043b\u044f-\u043f\u0440\u043e\u0434\u0443\u043a\u0442\u043e\u0432-Vega-VPM-200-\u043b\u0435\u043d\u0442\u043e\u0447\u043d\u044b\u0439.png\",\"contentUrl\":\"https:\\\/\\\/stvega.net\\\/wp-content\\\/uploads\\\/2023\\\/10\\\/\u0412\u0430\u043a\u0443\u0443\u043c\u0430\u0442\u043e\u0440-\u0434\u043b\u044f-\u043f\u0440\u043e\u0434\u0443\u043a\u0442\u043e\u0432-Vega-VPM-200-\u043b\u0435\u043d\u0442\u043e\u0447\u043d\u044b\u0439.png\",\"width\":500,\"height\":500,\"caption\":\"Odkurzacz do produkt\u00f3w z paskiem STvega VPM 200\"},{\"@type\":\"BreadcrumbList\",\"@id\":\"https:\\\/\\\/stvega.net\\\/pl\\\/product\\\/stvega-vpm-h200-automatyczna-maszyna-pakowania-tasmowego-prozniowego\\\/#breadcrumb\",\"itemListElement\":[{\"@type\":\"ListItem\",\"position\":1,\"name\":\"Dom\",\"item\":\"https:\\\/\\\/stvega.net\\\/pl\\\/\"},{\"@type\":\"ListItem\",\"position\":2,\"name\":\"Katalog\",\"item\":\"https:\\\/\\\/stvega.net\\\/katalog\\\/\"},{\"@type\":\"ListItem\",\"position\":3,\"name\":\"STvega VPM H200 Automatyczna Maszyna Pakowania Ta\u015bmowego Pr\u00f3\u017cniowego\"}]},{\"@type\":\"WebSite\",\"@id\":\"https:\\\/\\\/stvega.net\\\/pl\\\/#website\",\"url\":\"https:\\\/\\\/stvega.net\\\/pl\\\/\",\"name\":\"STvega\",\"description\":\"\u0445\u0430\u0440\u0447\u043e\u0432\u0435 \u043f\u0440\u043e\u043c\u0438\u0441\u043b\u043e\u0432\u0435 \u043e\u0431\u043b\u0430\u0434\u043d\u0430\u043d\u043d\u044f\",\"publisher\":{\"@id\":\"https:\\\/\\\/stvega.net\\\/pl\\\/#organization\"},\"alternateName\":\"STvega - \u043e\u0432\u043e\u0447\u0435\u0440\u0456\u0437\u043a\u0438, \u0448\u043f\u0438\u0433\u043e\u0440\u0456\u0437\u043a\u0438, \u0441\u043b\u0430\u0439\u0441\u0435\u0440\u0438 \u0442\u0430 \u0456\u043d\u0448\u0435 \u0445\u0430\u0440\u0447\u043e\u0432\u0435 \u043e\u0431\u043b\u0430\u0434\u043d\u0430\u043d\u043d\u044f\",\"potentialAction\":[{\"@type\":\"SearchAction\",\"target\":{\"@type\":\"EntryPoint\",\"urlTemplate\":\"https:\\\/\\\/stvega.net\\\/pl\\\/?s={search_term_string}\"},\"query-input\":{\"@type\":\"PropertyValueSpecification\",\"valueRequired\":true,\"valueName\":\"search_term_string\"}}],\"inLanguage\":\"pl-PL\"},{\"@type\":\"Organization\",\"@id\":\"https:\\\/\\\/stvega.net\\\/pl\\\/#organization\",\"name\":\"STvega \u0425\u0410\u0420\u0427\u041e\u0412\u0415 \u041f\u0420\u041e\u041c\u0418\u0421\u041b\u041e\u0412\u0415 \u041e\u0411\u041b\u0410\u0414\u041d\u0410\u041d\u041d\u042f\",\"alternateName\":\"STvega - \u043e\u0432\u043e\u0447\u0435\u0440\u0456\u0437\u043a\u0438, \u0448\u043f\u0438\u0433\u043e\u0440\u0456\u0437\u043a\u0438, \u0441\u043b\u0430\u0439\u0441\u0435\u0440\u0438 \u0442\u0430 \u0456\u043d\u0448\u0435 \u0445\u0430\u0440\u0447\u043e\u0432\u0435 \u043e\u0431\u043b\u0430\u0434\u043d\u0430\u043d\u043d\u044f\",\"url\":\"https:\\\/\\\/stvega.net\\\/pl\\\/\",\"logo\":{\"@type\":\"ImageObject\",\"inLanguage\":\"pl-PL\",\"@id\":\"https:\\\/\\\/stvega.net\\\/pl\\\/#\\\/schema\\\/logo\\\/image\\\/\",\"url\":\"https:\\\/\\\/stvega.net\\\/wp-content\\\/uploads\\\/2024\\\/03\\\/dyzajn-bez-nazvanyya-1.png\",\"contentUrl\":\"https:\\\/\\\/stvega.net\\\/wp-content\\\/uploads\\\/2024\\\/03\\\/dyzajn-bez-nazvanyya-1.png\",\"width\":180,\"height\":180,\"caption\":\"STvega \u0425\u0410\u0420\u0427\u041e\u0412\u0415 \u041f\u0420\u041e\u041c\u0418\u0421\u041b\u041e\u0412\u0415 \u041e\u0411\u041b\u0410\u0414\u041d\u0410\u041d\u041d\u042f\"},\"image\":{\"@id\":\"https:\\\/\\\/stvega.net\\\/pl\\\/#\\\/schema\\\/logo\\\/image\\\/\"},\"sameAs\":[\"https:\\\/\\\/www.facebook.com\\\/share\\\/9F1B4VxaHAC9E9HB\\\/?mibextid=qi2Omg\"]}]}<\/script>\n<!-- \/ Yoast SEO plugin. -->","yoast_head_json":{"title":"STvega VPM H200 Automatyczna Maszyna Pakowania Ta\u015bmowego Pr\u00f3\u017cniowego \u043a\u0443\u043f\u0438\u0442\u0438 \u0437\u0430 \u0432\u0438\u0433\u0456\u0434\u043d\u043e\u044e \u0446\u0456\u043d\u043e\u044e \u0432 \u043c\u0430\u0433\u0430\u0437\u0438\u043d\u0456 STvega","description":"STvega VPM H200 Automatyczna Maszyna Pakowania Ta\u015bmowego Pr\u00f3\u017cniowego | \u043a\u0443\u043f\u0438\u0442\u0438 \u0437\u0430 \ud83c\udf1f\u0432\u0438\u0433\u0456\u0434\u043d\u043e\u044e \u0446\u0456\u043d\u043e\u044e \u0432 \u043c\u0430\u0433\u0430\u0437\u0438\u043d\u0456 STvega","robots":{"index":"index","follow":"follow","max-snippet":"max-snippet:-1","max-image-preview":"max-image-preview:large","max-video-preview":"max-video-preview:-1"},"canonical":"https:\/\/stvega.net\/pl\/product\/stvega-vpm-h200-automatyczna-maszyna-pakowania-tasmowego-prozniowego\/","og_locale":"pl_PL","og_type":"article","og_title":"STvega VPM H200 Automatyczna Maszyna Pakowania Ta\u015bmowego Pr\u00f3\u017cniowego \u043a\u0443\u043f\u0438\u0442\u0438 \u0437\u0430 \u0432\u0438\u0433\u0456\u0434\u043d\u043e\u044e \u0446\u0456\u043d\u043e\u044e \u0432 \u043c\u0430\u0433\u0430\u0437\u0438\u043d\u0456 STvega","og_description":"STvega VPM H200 Automatyczna Maszyna Pakowania Ta\u015bmowego Pr\u00f3\u017cniowego | \u043a\u0443\u043f\u0438\u0442\u0438 \u0437\u0430 \ud83c\udf1f\u0432\u0438\u0433\u0456\u0434\u043d\u043e\u044e \u0446\u0456\u043d\u043e\u044e \u0432 \u043c\u0430\u0433\u0430\u0437\u0438\u043d\u0456 STvega","og_url":"https:\/\/stvega.net\/pl\/product\/stvega-vpm-h200-automatyczna-maszyna-pakowania-tasmowego-prozniowego\/","og_site_name":"\u0448\u0438\u0440\u043e\u043a\u0438\u0439 \u0430\u0441\u043e\u0440\u0442\u0438\u043c\u0435\u043d\u0442 \u0445\u0430\u0440\u0447\u043e\u0432\u043e\u0433\u043e \u043f\u0440\u043e\u043c\u0438\u0441\u043b\u043e\u0432\u043e\u0433\u043e \u043e\u0431\u043b\u0430\u0434\u043d\u0430\u043d\u043d\u044f \u0434\u043b\u044f \u043f\u0435\u0440\u0435\u0440\u043e\u0431\u043a\u0438 \u043c\u2019\u044f\u0441\u0430, \u043e\u0432\u043e\u0447\u0456\u0432 \u0456 \u0444\u0440\u0443\u043a\u0442\u0456\u0432\u2b50\u0412\u0438\u0433\u0456\u0434\u043d\u0456 \u0446\u0456\u043d\u0438 \ud83e\uddbe\u0412\u0438\u0440\u043e\u0431\u043d\u0438\u0447\u0456 \u043b\u0456\u043d\u0456\u0457 \u043f\u0456\u0434 \u043a\u043b\u044e\u0447\ud83d\ude9a \u0414\u043e\u0441\u0442\u0430\u0432\u043a\u0430 \ud83d\udee0\u0421\u0435\u0440\u0432\u0456\u0441","article_publisher":"https:\/\/www.facebook.com\/share\/9F1B4VxaHAC9E9HB\/?mibextid=qi2Omg","og_image":[{"width":500,"height":500,"url":"https:\/\/stvega.net\/wp-content\/uploads\/2023\/10\/\u0412\u0430\u043a\u0443\u0443\u043c\u0430\u0442\u043e\u0440-\u0434\u043b\u044f-\u043f\u0440\u043e\u0434\u0443\u043a\u0442\u043e\u0432-Vega-VPM-200-\u043b\u0435\u043d\u0442\u043e\u0447\u043d\u044b\u0439.png","type":"image\/png"}],"twitter_card":"summary_large_image","twitter_misc":{"Szacowany czas czytania":"2 minuty"},"schema":{"@context":"https:\/\/schema.org","@graph":[{"@type":"WebPage","@id":"https:\/\/stvega.net\/pl\/product\/stvega-vpm-h200-automatyczna-maszyna-pakowania-tasmowego-prozniowego\/","url":"https:\/\/stvega.net\/pl\/product\/stvega-vpm-h200-automatyczna-maszyna-pakowania-tasmowego-prozniowego\/","name":"STvega VPM H200 Automatyczna Maszyna Pakowania Ta\u015bmowego Pr\u00f3\u017cniowego \u043a\u0443\u043f\u0438\u0442\u0438 \u0437\u0430 \u0432\u0438\u0433\u0456\u0434\u043d\u043e\u044e \u0446\u0456\u043d\u043e\u044e \u0432 \u043c\u0430\u0433\u0430\u0437\u0438\u043d\u0456 STvega","isPartOf":{"@id":"https:\/\/stvega.net\/pl\/#website"},"primaryImageOfPage":{"@id":"https:\/\/stvega.net\/pl\/product\/stvega-vpm-h200-automatyczna-maszyna-pakowania-tasmowego-prozniowego\/#primaryimage"},"image":{"@id":"https:\/\/stvega.net\/pl\/product\/stvega-vpm-h200-automatyczna-maszyna-pakowania-tasmowego-prozniowego\/#primaryimage"},"thumbnailUrl":"https:\/\/stvega.net\/wp-content\/uploads\/2023\/10\/\u0412\u0430\u043a\u0443\u0443\u043c\u0430\u0442\u043e\u0440-\u0434\u043b\u044f-\u043f\u0440\u043e\u0434\u0443\u043a\u0442\u043e\u0432-Vega-VPM-200-\u043b\u0435\u043d\u0442\u043e\u0447\u043d\u044b\u0439.png","datePublished":"2023-10-18T13:43:35+00:00","description":"STvega VPM H200 Automatyczna Maszyna Pakowania Ta\u015bmowego Pr\u00f3\u017cniowego | \u043a\u0443\u043f\u0438\u0442\u0438 \u0437\u0430 \ud83c\udf1f\u0432\u0438\u0433\u0456\u0434\u043d\u043e\u044e \u0446\u0456\u043d\u043e\u044e \u0432 \u043c\u0430\u0433\u0430\u0437\u0438\u043d\u0456 STvega","breadcrumb":{"@id":"https:\/\/stvega.net\/pl\/product\/stvega-vpm-h200-automatyczna-maszyna-pakowania-tasmowego-prozniowego\/#breadcrumb"},"inLanguage":"pl-PL","potentialAction":[{"@type":"ReadAction","target":["https:\/\/stvega.net\/pl\/product\/stvega-vpm-h200-automatyczna-maszyna-pakowania-tasmowego-prozniowego\/"]}]},{"@type":"ImageObject","inLanguage":"pl-PL","@id":"https:\/\/stvega.net\/pl\/product\/stvega-vpm-h200-automatyczna-maszyna-pakowania-tasmowego-prozniowego\/#primaryimage","url":"https:\/\/stvega.net\/wp-content\/uploads\/2023\/10\/\u0412\u0430\u043a\u0443\u0443\u043c\u0430\u0442\u043e\u0440-\u0434\u043b\u044f-\u043f\u0440\u043e\u0434\u0443\u043a\u0442\u043e\u0432-Vega-VPM-200-\u043b\u0435\u043d\u0442\u043e\u0447\u043d\u044b\u0439.png","contentUrl":"https:\/\/stvega.net\/wp-content\/uploads\/2023\/10\/\u0412\u0430\u043a\u0443\u0443\u043c\u0430\u0442\u043e\u0440-\u0434\u043b\u044f-\u043f\u0440\u043e\u0434\u0443\u043a\u0442\u043e\u0432-Vega-VPM-200-\u043b\u0435\u043d\u0442\u043e\u0447\u043d\u044b\u0439.png","width":500,"height":500,"caption":"Odkurzacz do produkt\u00f3w z paskiem STvega VPM 200"},{"@type":"BreadcrumbList","@id":"https:\/\/stvega.net\/pl\/product\/stvega-vpm-h200-automatyczna-maszyna-pakowania-tasmowego-prozniowego\/#breadcrumb","itemListElement":[{"@type":"ListItem","position":1,"name":"Dom","item":"https:\/\/stvega.net\/pl\/"},{"@type":"ListItem","position":2,"name":"Katalog","item":"https:\/\/stvega.net\/katalog\/"},{"@type":"ListItem","position":3,"name":"STvega VPM H200 Automatyczna Maszyna Pakowania Ta\u015bmowego Pr\u00f3\u017cniowego"}]},{"@type":"WebSite","@id":"https:\/\/stvega.net\/pl\/#website","url":"https:\/\/stvega.net\/pl\/","name":"STvega","description":"\u0445\u0430\u0440\u0447\u043e\u0432\u0435 \u043f\u0440\u043e\u043c\u0438\u0441\u043b\u043e\u0432\u0435 \u043e\u0431\u043b\u0430\u0434\u043d\u0430\u043d\u043d\u044f","publisher":{"@id":"https:\/\/stvega.net\/pl\/#organization"},"alternateName":"STvega - \u043e\u0432\u043e\u0447\u0435\u0440\u0456\u0437\u043a\u0438, \u0448\u043f\u0438\u0433\u043e\u0440\u0456\u0437\u043a\u0438, \u0441\u043b\u0430\u0439\u0441\u0435\u0440\u0438 \u0442\u0430 \u0456\u043d\u0448\u0435 \u0445\u0430\u0440\u0447\u043e\u0432\u0435 \u043e\u0431\u043b\u0430\u0434\u043d\u0430\u043d\u043d\u044f","potentialAction":[{"@type":"SearchAction","target":{"@type":"EntryPoint","urlTemplate":"https:\/\/stvega.net\/pl\/?s={search_term_string}"},"query-input":{"@type":"PropertyValueSpecification","valueRequired":true,"valueName":"search_term_string"}}],"inLanguage":"pl-PL"},{"@type":"Organization","@id":"https:\/\/stvega.net\/pl\/#organization","name":"STvega \u0425\u0410\u0420\u0427\u041e\u0412\u0415 \u041f\u0420\u041e\u041c\u0418\u0421\u041b\u041e\u0412\u0415 \u041e\u0411\u041b\u0410\u0414\u041d\u0410\u041d\u041d\u042f","alternateName":"STvega - \u043e\u0432\u043e\u0447\u0435\u0440\u0456\u0437\u043a\u0438, \u0448\u043f\u0438\u0433\u043e\u0440\u0456\u0437\u043a\u0438, \u0441\u043b\u0430\u0439\u0441\u0435\u0440\u0438 \u0442\u0430 \u0456\u043d\u0448\u0435 \u0445\u0430\u0440\u0447\u043e\u0432\u0435 \u043e\u0431\u043b\u0430\u0434\u043d\u0430\u043d\u043d\u044f","url":"https:\/\/stvega.net\/pl\/","logo":{"@type":"ImageObject","inLanguage":"pl-PL","@id":"https:\/\/stvega.net\/pl\/#\/schema\/logo\/image\/","url":"https:\/\/stvega.net\/wp-content\/uploads\/2024\/03\/dyzajn-bez-nazvanyya-1.png","contentUrl":"https:\/\/stvega.net\/wp-content\/uploads\/2024\/03\/dyzajn-bez-nazvanyya-1.png","width":180,"height":180,"caption":"STvega \u0425\u0410\u0420\u0427\u041e\u0412\u0415 \u041f\u0420\u041e\u041c\u0418\u0421\u041b\u041e\u0412\u0415 \u041e\u0411\u041b\u0410\u0414\u041d\u0410\u041d\u041d\u042f"},"image":{"@id":"https:\/\/stvega.net\/pl\/#\/schema\/logo\/image\/"},"sameAs":["https:\/\/www.facebook.com\/share\/9F1B4VxaHAC9E9HB\/?mibextid=qi2Omg"]}]}},"_links":{"self":[{"href":"https:\/\/stvega.net\/pl\/wp-json\/wp\/v2\/product\/16554","targetHints":{"allow":["GET"]}}],"collection":[{"href":"https:\/\/stvega.net\/pl\/wp-json\/wp\/v2\/product"}],"about":[{"href":"https:\/\/stvega.net\/pl\/wp-json\/wp\/v2\/types\/product"}],"replies":[{"embeddable":true,"href":"https:\/\/stvega.net\/pl\/wp-json\/wp\/v2\/comments?post=16554"}],"wp:featuredmedia":[{"embeddable":true,"href":"https:\/\/stvega.net\/pl\/wp-json\/wp\/v2\/media\/16586"}],"wp:attachment":[{"href":"https:\/\/stvega.net\/pl\/wp-json\/wp\/v2\/media?parent=16554"}],"wp:term":[{"taxonomy":"product_brand","embeddable":true,"href":"https:\/\/stvega.net\/pl\/wp-json\/wp\/v2\/product_brand?post=16554"},{"taxonomy":"product_cat","embeddable":true,"href":"https:\/\/stvega.net\/pl\/wp-json\/wp\/v2\/product_cat?post=16554"},{"taxonomy":"product_tag","embeddable":true,"href":"https:\/\/stvega.net\/pl\/wp-json\/wp\/v2\/product_tag?post=16554"}],"curies":[{"name":"wp","href":"https:\/\/api.w.org\/{rel}","templated":true}]}}