{"id":16231,"date":"2023-10-17T04:15:24","date_gmt":"2023-10-17T01:15:24","guid":{"rendered":"https:\/\/stvega.net\/product\/mlynek-stvega-wn-serii-h-solid-grinder\/"},"modified":"2023-10-17T04:15:24","modified_gmt":"2023-10-17T01:15:24","slug":"mlynek-stvega-wn-serii-h-solid-grinder","status":"publish","type":"product","link":"https:\/\/stvega.net\/pl\/product\/mlynek-stvega-wn-serii-h-solid-grinder\/","title":{"rendered":"M\u0142ynek STvega WN serii H Solid Grinder"},"content":{"rendered":"<p><strong>M\u0142ynek STv<\/strong><strong>ega WN Grinder H<\/strong> serii zosta\u0142 zaprojektowany do mielenia produkt\u00f3w sta\u0142ych na proszek, posiada dwa etapy mielenia, \u0142\u0105czy wysok\u0105 wydajno\u015b\u0107, doskona\u0142\u0105 jako\u015b\u0107 wykonania i niezawodno\u015b\u0107 oraz niskie zu\u017cycie energii. Wydajno\u015b\u0107 od 80 do 2000 kg\/h, w zale\u017cno\u015bci od modelu. <\/p>\n<p>Sprz\u0119t ten jest wykorzystywany w przemy\u015ble spo\u017cywczym i farmaceutycznym do mielenia r\u00f3\u017cnych produkt\u00f3w sta\u0142ych: orzech\u00f3w, minera\u0142\u00f3w, przypraw, zb\u00f3\u017c, suszonych ro\u015blin korzeniowych, korzeni, kory drzew i innych.<\/p>\n<p><strong>Zasada dzia\u0142ania:<\/strong><\/p>\n<p>Operator \u0142aduje surowce do komory podawaj\u0105cej, po czym produkt trafia do komory roboczej, gdzie jest mia\u017cd\u017cony mi\u0119dzy ruchomymi a stacjonarnymi no\u017cami. Cz\u0105stki, kt\u00f3rych wymiary s\u0105 mniejsze ni\u017c otwory siatki kalibracyjnej, przechodz\u0105 przez ni\u0105 i s\u0105 wlewane do tacy wylotowej. Wi\u0119ksze cz\u0105stki s\u0105 wychwytywane przez wirnik w ruchu ko\u0142owym i poddawane dalszemu szlifkowaniu.  <\/p>\n<p><strong>Zalety sprz\u0119tu:<\/strong><\/p>\n<ul>\n<li>M\u0142ynek wyposa\u017cony jest w siatk\u0119 kalibracyjn\u0105, kt\u00f3ra ma dwie wersje, dzi\u0119ki czemu mo\u017cna uzyska\u0107 r\u00f3\u017cne stopnie mielenia na wyj\u015bciu.<\/li>\n<li>Konstrukcja portu wylotowego umo\u017cliwia monta\u017c materia\u0142owego worka, aby zminimalizowa\u0107 powstawanie kurzu podczas pracy.<\/li>\n<li>Konstrukcja ze stali nierdzewnej, wysoka wytrzyma\u0142o\u015b\u0107 i odporno\u015b\u0107 na zabrudzenie, maszyna jest \u0142atwa do roz\u0142o\u017cenia, czyszczenia i prania.<\/li>\n<li>Komora podawaj\u0105ca jest pokryta silikonow\u0105 zas\u0142on\u0105, aby zapobiec powrotowi produktu z komory roboczej.<\/li>\n<li>Drzwi komory roboczej s\u0105 solidnie zamocowane za pomoc\u0105 \u015brubowych zamk\u00f3w.<\/li>\n<\/ul>\n<div class=\"responsive-table\"><table style=\"height: 748px;\" width=\"1054\">\n<tbody>\n<tr>\n<td width=\"235\"><strong>Specyfikacja<\/strong><strong> <\/strong><\/td>\n<td width=\"85\"><strong>H150<\/strong><\/td>\n<td width=\"75\"><strong>H280<\/strong><\/td>\n<td width=\"75\"><strong>H400<\/strong><\/td>\n<td width=\"85\"><strong>H500<\/strong><\/td>\n<td width=\"85\"><strong>H1000<\/strong><\/td>\n<td colspan=\"2\" width=\"85\"><strong>H2000<\/strong><\/td>\n<\/tr>\n<tr>\n<td width=\"235\">Wymiary maszyny, mm<\/td>\n<td width=\"85\">550x840x1200<\/td>\n<td width=\"75\">645x1002x1152<\/td>\n<td width=\"75\">845x1125x1335<\/td>\n<td width=\"85\">1048x1381x1416<\/td>\n<td width=\"85\">1290x1743x1716<\/td>\n<td colspan=\"2\" width=\"85\">1485x1485x2112<\/td>\n<\/tr>\n<tr>\n<td width=\"235\">Wymiary otworu zasilaj\u0105cego, mm<\/td>\n<td width=\"85\">190&#215;138<\/td>\n<td width=\"75\">245&#215;165<\/td>\n<td width=\"75\">405&#215;208<\/td>\n<td width=\"85\">605&#215;213<\/td>\n<td width=\"85\">805&#215;228<\/td>\n<td colspan=\"2\" width=\"85\">1000&#215;320<\/td>\n<\/tr>\n<tr>\n<td width=\"235\">\u015arednica szczeliny, mm<\/td>\n<td width=\"85\">6<\/td>\n<td width=\"75\">6<\/td>\n<td width=\"75\">6<\/td>\n<td width=\"85\">6<\/td>\n<td width=\"85\">6<\/td>\n<td colspan=\"2\" width=\"85\">6<\/td>\n<\/tr>\n<tr>\n<td width=\"235\">Liczba sta\u0142ych no\u017cy<\/td>\n<td width=\"85\">9<\/td>\n<td width=\"75\">6<\/td>\n<td width=\"75\">12<\/td>\n<td width=\"85\">18<\/td>\n<td width=\"85\">24<\/td>\n<td colspan=\"2\" width=\"85\">30<\/td>\n<\/tr>\n<tr>\n<td width=\"235\">Liczba ruchomych no\u017cy<\/td>\n<td width=\"85\">2<\/td>\n<td width=\"75\">2<\/td>\n<td width=\"75\">2<\/td>\n<td width=\"85\">4<\/td>\n<td width=\"85\">4<\/td>\n<td colspan=\"2\" width=\"85\">4<\/td>\n<\/tr>\n<tr>\n<td width=\"235\">Pr\u0119dko\u015b\u0107 obrotowa, obroty<\/td>\n<td width=\"85\">720<\/td>\n<td width=\"75\">690<\/td>\n<td width=\"75\">600<\/td>\n<td width=\"85\">490<\/td>\n<td width=\"85\">450<\/td>\n<td colspan=\"2\" width=\"85\">400<\/td>\n<\/tr>\n<tr>\n<td width=\"235\">Wydajno\u015b\u0107, kg\/h<\/td>\n<td width=\"85\">80-150<\/td>\n<td width=\"75\">120-280<\/td>\n<td width=\"75\">200-400<\/td>\n<td width=\"85\">300-500<\/td>\n<td width=\"85\">500-1000<\/td>\n<td colspan=\"2\" width=\"85\">800-2000<\/td>\n<\/tr>\n<tr>\n<td width=\"235\">Napi\u0119cie, V<\/td>\n<td width=\"85\">220<\/td>\n<td width=\"75\">380<\/td>\n<td width=\"75\">380<\/td>\n<td width=\"85\">380<\/td>\n<td width=\"85\">380<\/td>\n<td colspan=\"2\" width=\"85\">380<\/td>\n<\/tr>\n<tr>\n<td width=\"235\">Moc, kW<\/td>\n<td width=\"85\">2,2<\/td>\n<td width=\"75\">4<\/td>\n<td width=\"75\">7,5<\/td>\n<td width=\"85\">15<\/td>\n<td width=\"85\">22-37<\/td>\n<td colspan=\"2\" width=\"85\">37<\/td>\n<\/tr>\n<tr>\n<td width=\"235\">Waga, kg<\/td>\n<td width=\"85\">140<\/td>\n<td width=\"75\">190<\/td>\n<td width=\"75\">355<\/td>\n<td width=\"85\">580<\/td>\n<td width=\"85\">980<\/td>\n<td colspan=\"2\" width=\"85\"><\/td>\n<\/tr>\n<tr>\n<td width=\"235\">Materia\u0142<\/td>\n<td colspan=\"6\" width=\"491\">Stal nierdzewna SUS 304<\/td>\n<td width=\"0\"><\/td>\n<\/tr>\n<\/tbody>\n<\/table><\/div>\n\t<div class=\"section video\">\n\t\t<div class=\"row\">\n\t\t\t\t\t\t\t\t\t\t\t\t<div class=\"col-md-4 col-12\">\n\t\t\t\t\t\t<div class=\"container-lazyload preview-lazyload container-youtube js-lazyload--not-loaded\"><a href=\"https:\/\/www.youtube.com\/watch?v=fhTqXey4h-E\" class=\"lazy-load-youtube preview-lazyload preview-youtube\" data-video-title=\"\u0413\u0440\u0438\u043d\u0434\u0435\u0440 STvega WN Grinder \u0434\u043b\u044f \u043f\u043e\u0434\u0440\u0456\u0431\u043d\u0435\u043d\u043d\u044f \u0433\u043e\u0440\u0456\u0445\u0456\u0432, \u043c\u0456\u043d\u0435\u0440\u0430\u043b\u0456\u0432, \u0441\u043f\u0435\u0446\u0456\u0439, \u043a\u0440\u0443\u043f, \u043a\u043e\u0440\u0456\u043d\u043d\u044f, \u043a\u043e\u0440\u0443 \u0434\u0435\u0440\u0435\u0432\u0430\" title=\"Play video &quot;\u0413\u0440\u0438\u043d\u0434\u0435\u0440 STvega WN Grinder \u0434\u043b\u044f \u043f\u043e\u0434\u0440\u0456\u0431\u043d\u0435\u043d\u043d\u044f \u0433\u043e\u0440\u0456\u0445\u0456\u0432, \u043c\u0456\u043d\u0435\u0440\u0430\u043b\u0456\u0432, \u0441\u043f\u0435\u0446\u0456\u0439, \u043a\u0440\u0443\u043f, \u043a\u043e\u0440\u0456\u043d\u043d\u044f, \u043a\u043e\u0440\u0443 \u0434\u0435\u0440\u0435\u0432\u0430&quot;\">https:\/\/www.youtube.com\/watch?v=fhTqXey4h-E<\/a><noscript>Video can&#8217;t be loaded because JavaScript is disabled: <a href=\"https:\/\/www.youtube.com\/watch?v=fhTqXey4h-E\" title=\"\u0413\u0440\u0438\u043d\u0434\u0435\u0440 STvega WN Grinder \u0434\u043b\u044f \u043f\u043e\u0434\u0440\u0456\u0431\u043d\u0435\u043d\u043d\u044f \u0433\u043e\u0440\u0456\u0445\u0456\u0432, \u043c\u0456\u043d\u0435\u0440\u0430\u043b\u0456\u0432, \u0441\u043f\u0435\u0446\u0456\u0439, \u043a\u0440\u0443\u043f, \u043a\u043e\u0440\u0456\u043d\u043d\u044f, \u043a\u043e\u0440\u0443 \u0434\u0435\u0440\u0435\u0432\u0430\">\u0413\u0440\u0438\u043d\u0434\u0435\u0440 STvega WN Grinder \u0434\u043b\u044f \u043f\u043e\u0434\u0440\u0456\u0431\u043d\u0435\u043d\u043d\u044f \u0433\u043e\u0440\u0456\u0445\u0456\u0432, \u043c\u0456\u043d\u0435\u0440\u0430\u043b\u0456\u0432, \u0441\u043f\u0435\u0446\u0456\u0439, \u043a\u0440\u0443\u043f, \u043a\u043e\u0440\u0456\u043d\u043d\u044f, \u043a\u043e\u0440\u0443 \u0434\u0435\u0440\u0435\u0432\u0430 (https:\/\/www.youtube.com\/watch?v=fhTqXey4h-E)<\/a><\/noscript><\/div>\n\t\t\t\t\t<\/div>\n\t\t\t\t\t\t\t\t\t<\/div>\n\t<\/div>\n\t\t","protected":false},"excerpt":{"rendered":"<div class=\"elementor-element elementor-element-4e03395 elementor-widget elementor-widget-woocommerce-product-short-description\" data-id=\"4e03395\" data-element_type=\"widget\" data-widget_type=\"woocommerce-product-short-description.default\">\n<div class=\"elementor-widget-container\">\n<div class=\"woocommerce-product-details__short-description\">\n<p><strong>M\u0142ynek STv<\/strong><strong>ega WN Grinder H<\/strong> serii zosta\u0142 zaprojektowany do mielenia produkt\u00f3w sta\u0142ych na proszek, posiada dwa etapy mielenia, \u0142\u0105czy wysok\u0105 wydajno\u015b\u0107, doskona\u0142\u0105 jako\u015b\u0107 wykonania i niezawodno\u015b\u0107 oraz niskie zu\u017cycie energii.<\/p>\n<\/div>\n<\/div>\n<\/div>\n<div class=\"elementor-element elementor-element-a28fd77 elementor-widget elementor-widget-woocommerce-product-add-to-cart\" data-id=\"a28fd77\" data-element_type=\"widget\" data-widget_type=\"woocommerce-product-add-to-cart.default\">\n<div class=\"elementor-widget-container\">\n<div class=\"elementor-add-to-cart elementor-product-simple\"><strong>Specyfikacja STvega WN Grinder 150<\/strong>:<\/div>\n<\/div>\n<\/div>\n<div class=\"elementor-element elementor-element-4ab4778 elementor-widget elementor-widget-text-editor\" data-id=\"4ab4778\" data-element_type=\"widget\" data-widget_type=\"text-editor.default\">\n<div class=\"elementor-widget-container\">\n<div class=\"elementor-text-editor elementor-clearfix\">\n<p>[table id=&#8221;188&#8243; \/]<\/p>\n<p><span style=\"color: #0000ff;\"><strong>Unikalno\u015b\u0107 maszyny: <\/strong>mo\u017cliwe s\u0105 2 opcje szlifowania, dzi\u0119ki wewn\u0119trznej siatce.<\/span><\/p>\n<\/div>\n<\/div>\n<\/div>\n","protected":false},"featured_media":19446,"comment_status":"closed","ping_status":"closed","template":"","meta":{"_acf_changed":false,"inline_featured_image":false},"product_brand":[],"product_cat":[3453,3642,3670],"product_tag":[5444,8418,8422,8063,8424,8089,8426,8425,8102,8061,3871,3789,4321,3870,8420,8091,7401],"class_list":{"0":"post-16231","1":"product","2":"type-product","3":"status-publish","4":"has-post-thumbnail","6":"product_cat-krojenie-i-siekanie","7":"product_cat-mielenie-orzechow-przypraw-i-innych-produktow","8":"product_cat-orzechy","9":"product_tag-automatyczne-niszczenie","10":"product_tag-maszyna-do-mielenia-produktow-stalych","11":"product_tag-mielenie-kawy","12":"product_tag-mielenie-skladnikow","13":"product_tag-mielenie-zboz","14":"product_tag-mlynek","15":"product_tag-mlynek-2","16":"product_tag-mlynek-do-mielenia-produktow-stalych","17":"product_tag-mlynek-do-produktow-stalych","18":"product_tag-mlynek-przemyslowy-2","19":"product_tag-przetworstwo-przemyslowe","20":"product_tag-przetworstwo-zywnosci","21":"product_tag-sprzet-dla-przemyslu-spozywczego","22":"product_tag-sprzet-do-przetwarzania-zywnosci","23":"product_tag-szlifowanie-produktow-stalych-2","24":"product_tag-szlifowanie-produktow-stalych","25":"product_tag-technologie-szlifowania","27":"first","28":"instock","29":"shipping-taxable","30":"product-type-simple"},"acf":[],"yoast_head":"<!-- This site is optimized with the Yoast SEO plugin v27.6 - https:\/\/yoast.com\/product\/yoast-seo-wordpress\/ -->\n<title>M\u0142ynek STvega WN serii H Solid Grinder \u043a\u0443\u043f\u0438\u0442\u0438 \u0437\u0430 \u0432\u0438\u0433\u0456\u0434\u043d\u043e\u044e \u0446\u0456\u043d\u043e\u044e \u0432 \u043c\u0430\u0433\u0430\u0437\u0438\u043d\u0456 STvega<\/title>\n<meta name=\"description\" content=\"M\u0142ynek STvega WN serii H Solid Grinder | \u043a\u0443\u043f\u0438\u0442\u0438 \u0437\u0430 \ud83c\udf1f\u0432\u0438\u0433\u0456\u0434\u043d\u043e\u044e \u0446\u0456\u043d\u043e\u044e \u0432 \u043c\u0430\u0433\u0430\u0437\u0438\u043d\u0456 STvega\" \/>\n<meta name=\"robots\" content=\"index, follow, max-snippet:-1, max-image-preview:large, max-video-preview:-1\" \/>\n<link rel=\"canonical\" href=\"https:\/\/stvega.net\/pl\/product\/mlynek-stvega-wn-serii-h-solid-grinder\/\" \/>\n<meta property=\"og:locale\" content=\"pl_PL\" \/>\n<meta property=\"og:type\" content=\"article\" \/>\n<meta property=\"og:title\" content=\"M\u0142ynek STvega WN serii H Solid Grinder \u043a\u0443\u043f\u0438\u0442\u0438 \u0437\u0430 \u0432\u0438\u0433\u0456\u0434\u043d\u043e\u044e \u0446\u0456\u043d\u043e\u044e \u0432 \u043c\u0430\u0433\u0430\u0437\u0438\u043d\u0456 STvega\" \/>\n<meta property=\"og:description\" content=\"M\u0142ynek STvega WN serii H Solid Grinder | \u043a\u0443\u043f\u0438\u0442\u0438 \u0437\u0430 \ud83c\udf1f\u0432\u0438\u0433\u0456\u0434\u043d\u043e\u044e \u0446\u0456\u043d\u043e\u044e \u0432 \u043c\u0430\u0433\u0430\u0437\u0438\u043d\u0456 STvega\" \/>\n<meta property=\"og:url\" content=\"https:\/\/stvega.net\/pl\/product\/mlynek-stvega-wn-serii-h-solid-grinder\/\" \/>\n<meta property=\"og:site_name\" content=\"\u0448\u0438\u0440\u043e\u043a\u0438\u0439 \u0430\u0441\u043e\u0440\u0442\u0438\u043c\u0435\u043d\u0442 \u0445\u0430\u0440\u0447\u043e\u0432\u043e\u0433\u043e \u043f\u0440\u043e\u043c\u0438\u0441\u043b\u043e\u0432\u043e\u0433\u043e \u043e\u0431\u043b\u0430\u0434\u043d\u0430\u043d\u043d\u044f \u0434\u043b\u044f \u043f\u0435\u0440\u0435\u0440\u043e\u0431\u043a\u0438 \u043c\u2019\u044f\u0441\u0430, \u043e\u0432\u043e\u0447\u0456\u0432 \u0456 \u0444\u0440\u0443\u043a\u0442\u0456\u0432\u2b50\u0412\u0438\u0433\u0456\u0434\u043d\u0456 \u0446\u0456\u043d\u0438 \ud83e\uddbe\u0412\u0438\u0440\u043e\u0431\u043d\u0438\u0447\u0456 \u043b\u0456\u043d\u0456\u0457 \u043f\u0456\u0434 \u043a\u043b\u044e\u0447\ud83d\ude9a \u0414\u043e\u0441\u0442\u0430\u0432\u043a\u0430 \ud83d\udee0\u0421\u0435\u0440\u0432\u0456\u0441\" \/>\n<meta property=\"article:publisher\" content=\"https:\/\/www.facebook.com\/share\/9F1B4VxaHAC9E9HB\/?mibextid=qi2Omg\" \/>\n<meta property=\"og:image\" content=\"https:\/\/stvega.net\/wp-content\/uploads\/2023\/10\/grynder-stvega-wn-grinder-150-400-1000-podribnennya-tverdyh-produktiv.png\" \/>\n\t<meta property=\"og:image:width\" content=\"500\" \/>\n\t<meta property=\"og:image:height\" content=\"500\" \/>\n\t<meta property=\"og:image:type\" content=\"image\/png\" \/>\n<meta name=\"twitter:card\" content=\"summary_large_image\" \/>\n<meta name=\"twitter:label1\" content=\"Szacowany czas czytania\" \/>\n\t<meta name=\"twitter:data1\" content=\"2 minuty\" \/>\n<script type=\"application\/ld+json\" class=\"yoast-schema-graph\">{\"@context\":\"https:\\\/\\\/schema.org\",\"@graph\":[{\"@type\":\"WebPage\",\"@id\":\"https:\\\/\\\/stvega.net\\\/pl\\\/product\\\/mlynek-stvega-wn-serii-h-solid-grinder\\\/\",\"url\":\"https:\\\/\\\/stvega.net\\\/pl\\\/product\\\/mlynek-stvega-wn-serii-h-solid-grinder\\\/\",\"name\":\"M\u0142ynek STvega WN serii H Solid Grinder \u043a\u0443\u043f\u0438\u0442\u0438 \u0437\u0430 \u0432\u0438\u0433\u0456\u0434\u043d\u043e\u044e \u0446\u0456\u043d\u043e\u044e \u0432 \u043c\u0430\u0433\u0430\u0437\u0438\u043d\u0456 STvega\",\"isPartOf\":{\"@id\":\"https:\\\/\\\/stvega.net\\\/pl\\\/#website\"},\"primaryImageOfPage\":{\"@id\":\"https:\\\/\\\/stvega.net\\\/pl\\\/product\\\/mlynek-stvega-wn-serii-h-solid-grinder\\\/#primaryimage\"},\"image\":{\"@id\":\"https:\\\/\\\/stvega.net\\\/pl\\\/product\\\/mlynek-stvega-wn-serii-h-solid-grinder\\\/#primaryimage\"},\"thumbnailUrl\":\"https:\\\/\\\/stvega.net\\\/wp-content\\\/uploads\\\/2023\\\/10\\\/stvega-wn-grinde-1.png\",\"datePublished\":\"2023-10-17T01:15:24+00:00\",\"description\":\"M\u0142ynek STvega WN serii H Solid Grinder | \u043a\u0443\u043f\u0438\u0442\u0438 \u0437\u0430 \ud83c\udf1f\u0432\u0438\u0433\u0456\u0434\u043d\u043e\u044e \u0446\u0456\u043d\u043e\u044e \u0432 \u043c\u0430\u0433\u0430\u0437\u0438\u043d\u0456 STvega\",\"breadcrumb\":{\"@id\":\"https:\\\/\\\/stvega.net\\\/pl\\\/product\\\/mlynek-stvega-wn-serii-h-solid-grinder\\\/#breadcrumb\"},\"inLanguage\":\"pl-PL\",\"potentialAction\":[{\"@type\":\"ReadAction\",\"target\":[\"https:\\\/\\\/stvega.net\\\/pl\\\/product\\\/mlynek-stvega-wn-serii-h-solid-grinder\\\/\"]}]},{\"@type\":\"ImageObject\",\"inLanguage\":\"pl-PL\",\"@id\":\"https:\\\/\\\/stvega.net\\\/pl\\\/product\\\/mlynek-stvega-wn-serii-h-solid-grinder\\\/#primaryimage\",\"url\":\"https:\\\/\\\/stvega.net\\\/wp-content\\\/uploads\\\/2023\\\/10\\\/stvega-wn-grinde-1.png\",\"contentUrl\":\"https:\\\/\\\/stvega.net\\\/wp-content\\\/uploads\\\/2023\\\/10\\\/stvega-wn-grinde-1.png\",\"width\":1794,\"height\":1856},{\"@type\":\"BreadcrumbList\",\"@id\":\"https:\\\/\\\/stvega.net\\\/pl\\\/product\\\/mlynek-stvega-wn-serii-h-solid-grinder\\\/#breadcrumb\",\"itemListElement\":[{\"@type\":\"ListItem\",\"position\":1,\"name\":\"Dom\",\"item\":\"https:\\\/\\\/stvega.net\\\/pl\\\/\"},{\"@type\":\"ListItem\",\"position\":2,\"name\":\"Katalog\",\"item\":\"https:\\\/\\\/stvega.net\\\/katalog\\\/\"},{\"@type\":\"ListItem\",\"position\":3,\"name\":\"M\u0142ynek STvega WN serii H Solid Grinder\"}]},{\"@type\":\"WebSite\",\"@id\":\"https:\\\/\\\/stvega.net\\\/pl\\\/#website\",\"url\":\"https:\\\/\\\/stvega.net\\\/pl\\\/\",\"name\":\"STvega\",\"description\":\"\u0445\u0430\u0440\u0447\u043e\u0432\u0435 \u043f\u0440\u043e\u043c\u0438\u0441\u043b\u043e\u0432\u0435 \u043e\u0431\u043b\u0430\u0434\u043d\u0430\u043d\u043d\u044f\",\"publisher\":{\"@id\":\"https:\\\/\\\/stvega.net\\\/pl\\\/#organization\"},\"alternateName\":\"STvega - \u043e\u0432\u043e\u0447\u0435\u0440\u0456\u0437\u043a\u0438, \u0448\u043f\u0438\u0433\u043e\u0440\u0456\u0437\u043a\u0438, \u0441\u043b\u0430\u0439\u0441\u0435\u0440\u0438 \u0442\u0430 \u0456\u043d\u0448\u0435 \u0445\u0430\u0440\u0447\u043e\u0432\u0435 \u043e\u0431\u043b\u0430\u0434\u043d\u0430\u043d\u043d\u044f\",\"potentialAction\":[{\"@type\":\"SearchAction\",\"target\":{\"@type\":\"EntryPoint\",\"urlTemplate\":\"https:\\\/\\\/stvega.net\\\/pl\\\/?s={search_term_string}\"},\"query-input\":{\"@type\":\"PropertyValueSpecification\",\"valueRequired\":true,\"valueName\":\"search_term_string\"}}],\"inLanguage\":\"pl-PL\"},{\"@type\":\"Organization\",\"@id\":\"https:\\\/\\\/stvega.net\\\/pl\\\/#organization\",\"name\":\"STvega \u0425\u0410\u0420\u0427\u041e\u0412\u0415 \u041f\u0420\u041e\u041c\u0418\u0421\u041b\u041e\u0412\u0415 \u041e\u0411\u041b\u0410\u0414\u041d\u0410\u041d\u041d\u042f\",\"alternateName\":\"STvega - \u043e\u0432\u043e\u0447\u0435\u0440\u0456\u0437\u043a\u0438, \u0448\u043f\u0438\u0433\u043e\u0440\u0456\u0437\u043a\u0438, \u0441\u043b\u0430\u0439\u0441\u0435\u0440\u0438 \u0442\u0430 \u0456\u043d\u0448\u0435 \u0445\u0430\u0440\u0447\u043e\u0432\u0435 \u043e\u0431\u043b\u0430\u0434\u043d\u0430\u043d\u043d\u044f\",\"url\":\"https:\\\/\\\/stvega.net\\\/pl\\\/\",\"logo\":{\"@type\":\"ImageObject\",\"inLanguage\":\"pl-PL\",\"@id\":\"https:\\\/\\\/stvega.net\\\/pl\\\/#\\\/schema\\\/logo\\\/image\\\/\",\"url\":\"https:\\\/\\\/stvega.net\\\/wp-content\\\/uploads\\\/2024\\\/03\\\/dyzajn-bez-nazvanyya-1.png\",\"contentUrl\":\"https:\\\/\\\/stvega.net\\\/wp-content\\\/uploads\\\/2024\\\/03\\\/dyzajn-bez-nazvanyya-1.png\",\"width\":180,\"height\":180,\"caption\":\"STvega \u0425\u0410\u0420\u0427\u041e\u0412\u0415 \u041f\u0420\u041e\u041c\u0418\u0421\u041b\u041e\u0412\u0415 \u041e\u0411\u041b\u0410\u0414\u041d\u0410\u041d\u041d\u042f\"},\"image\":{\"@id\":\"https:\\\/\\\/stvega.net\\\/pl\\\/#\\\/schema\\\/logo\\\/image\\\/\"},\"sameAs\":[\"https:\\\/\\\/www.facebook.com\\\/share\\\/9F1B4VxaHAC9E9HB\\\/?mibextid=qi2Omg\"]}]}<\/script>\n<!-- \/ Yoast SEO plugin. -->","yoast_head_json":{"title":"M\u0142ynek STvega WN serii H Solid Grinder \u043a\u0443\u043f\u0438\u0442\u0438 \u0437\u0430 \u0432\u0438\u0433\u0456\u0434\u043d\u043e\u044e \u0446\u0456\u043d\u043e\u044e \u0432 \u043c\u0430\u0433\u0430\u0437\u0438\u043d\u0456 STvega","description":"M\u0142ynek STvega WN serii H Solid Grinder | \u043a\u0443\u043f\u0438\u0442\u0438 \u0437\u0430 \ud83c\udf1f\u0432\u0438\u0433\u0456\u0434\u043d\u043e\u044e \u0446\u0456\u043d\u043e\u044e \u0432 \u043c\u0430\u0433\u0430\u0437\u0438\u043d\u0456 STvega","robots":{"index":"index","follow":"follow","max-snippet":"max-snippet:-1","max-image-preview":"max-image-preview:large","max-video-preview":"max-video-preview:-1"},"canonical":"https:\/\/stvega.net\/pl\/product\/mlynek-stvega-wn-serii-h-solid-grinder\/","og_locale":"pl_PL","og_type":"article","og_title":"M\u0142ynek STvega WN serii H Solid Grinder \u043a\u0443\u043f\u0438\u0442\u0438 \u0437\u0430 \u0432\u0438\u0433\u0456\u0434\u043d\u043e\u044e \u0446\u0456\u043d\u043e\u044e \u0432 \u043c\u0430\u0433\u0430\u0437\u0438\u043d\u0456 STvega","og_description":"M\u0142ynek STvega WN serii H Solid Grinder | \u043a\u0443\u043f\u0438\u0442\u0438 \u0437\u0430 \ud83c\udf1f\u0432\u0438\u0433\u0456\u0434\u043d\u043e\u044e \u0446\u0456\u043d\u043e\u044e \u0432 \u043c\u0430\u0433\u0430\u0437\u0438\u043d\u0456 STvega","og_url":"https:\/\/stvega.net\/pl\/product\/mlynek-stvega-wn-serii-h-solid-grinder\/","og_site_name":"\u0448\u0438\u0440\u043e\u043a\u0438\u0439 \u0430\u0441\u043e\u0440\u0442\u0438\u043c\u0435\u043d\u0442 \u0445\u0430\u0440\u0447\u043e\u0432\u043e\u0433\u043e \u043f\u0440\u043e\u043c\u0438\u0441\u043b\u043e\u0432\u043e\u0433\u043e \u043e\u0431\u043b\u0430\u0434\u043d\u0430\u043d\u043d\u044f \u0434\u043b\u044f \u043f\u0435\u0440\u0435\u0440\u043e\u0431\u043a\u0438 \u043c\u2019\u044f\u0441\u0430, \u043e\u0432\u043e\u0447\u0456\u0432 \u0456 \u0444\u0440\u0443\u043a\u0442\u0456\u0432\u2b50\u0412\u0438\u0433\u0456\u0434\u043d\u0456 \u0446\u0456\u043d\u0438 \ud83e\uddbe\u0412\u0438\u0440\u043e\u0431\u043d\u0438\u0447\u0456 \u043b\u0456\u043d\u0456\u0457 \u043f\u0456\u0434 \u043a\u043b\u044e\u0447\ud83d\ude9a \u0414\u043e\u0441\u0442\u0430\u0432\u043a\u0430 \ud83d\udee0\u0421\u0435\u0440\u0432\u0456\u0441","article_publisher":"https:\/\/www.facebook.com\/share\/9F1B4VxaHAC9E9HB\/?mibextid=qi2Omg","og_image":[{"width":500,"height":500,"url":"https:\/\/stvega.net\/wp-content\/uploads\/2023\/10\/grynder-stvega-wn-grinder-150-400-1000-podribnennya-tverdyh-produktiv.png","type":"image\/png"}],"twitter_card":"summary_large_image","twitter_misc":{"Szacowany czas czytania":"2 minuty"},"schema":{"@context":"https:\/\/schema.org","@graph":[{"@type":"WebPage","@id":"https:\/\/stvega.net\/pl\/product\/mlynek-stvega-wn-serii-h-solid-grinder\/","url":"https:\/\/stvega.net\/pl\/product\/mlynek-stvega-wn-serii-h-solid-grinder\/","name":"M\u0142ynek STvega WN serii H Solid Grinder \u043a\u0443\u043f\u0438\u0442\u0438 \u0437\u0430 \u0432\u0438\u0433\u0456\u0434\u043d\u043e\u044e \u0446\u0456\u043d\u043e\u044e \u0432 \u043c\u0430\u0433\u0430\u0437\u0438\u043d\u0456 STvega","isPartOf":{"@id":"https:\/\/stvega.net\/pl\/#website"},"primaryImageOfPage":{"@id":"https:\/\/stvega.net\/pl\/product\/mlynek-stvega-wn-serii-h-solid-grinder\/#primaryimage"},"image":{"@id":"https:\/\/stvega.net\/pl\/product\/mlynek-stvega-wn-serii-h-solid-grinder\/#primaryimage"},"thumbnailUrl":"https:\/\/stvega.net\/wp-content\/uploads\/2023\/10\/stvega-wn-grinde-1.png","datePublished":"2023-10-17T01:15:24+00:00","description":"M\u0142ynek STvega WN serii H Solid Grinder | \u043a\u0443\u043f\u0438\u0442\u0438 \u0437\u0430 \ud83c\udf1f\u0432\u0438\u0433\u0456\u0434\u043d\u043e\u044e \u0446\u0456\u043d\u043e\u044e \u0432 \u043c\u0430\u0433\u0430\u0437\u0438\u043d\u0456 STvega","breadcrumb":{"@id":"https:\/\/stvega.net\/pl\/product\/mlynek-stvega-wn-serii-h-solid-grinder\/#breadcrumb"},"inLanguage":"pl-PL","potentialAction":[{"@type":"ReadAction","target":["https:\/\/stvega.net\/pl\/product\/mlynek-stvega-wn-serii-h-solid-grinder\/"]}]},{"@type":"ImageObject","inLanguage":"pl-PL","@id":"https:\/\/stvega.net\/pl\/product\/mlynek-stvega-wn-serii-h-solid-grinder\/#primaryimage","url":"https:\/\/stvega.net\/wp-content\/uploads\/2023\/10\/stvega-wn-grinde-1.png","contentUrl":"https:\/\/stvega.net\/wp-content\/uploads\/2023\/10\/stvega-wn-grinde-1.png","width":1794,"height":1856},{"@type":"BreadcrumbList","@id":"https:\/\/stvega.net\/pl\/product\/mlynek-stvega-wn-serii-h-solid-grinder\/#breadcrumb","itemListElement":[{"@type":"ListItem","position":1,"name":"Dom","item":"https:\/\/stvega.net\/pl\/"},{"@type":"ListItem","position":2,"name":"Katalog","item":"https:\/\/stvega.net\/katalog\/"},{"@type":"ListItem","position":3,"name":"M\u0142ynek STvega WN serii H Solid Grinder"}]},{"@type":"WebSite","@id":"https:\/\/stvega.net\/pl\/#website","url":"https:\/\/stvega.net\/pl\/","name":"STvega","description":"\u0445\u0430\u0440\u0447\u043e\u0432\u0435 \u043f\u0440\u043e\u043c\u0438\u0441\u043b\u043e\u0432\u0435 \u043e\u0431\u043b\u0430\u0434\u043d\u0430\u043d\u043d\u044f","publisher":{"@id":"https:\/\/stvega.net\/pl\/#organization"},"alternateName":"STvega - \u043e\u0432\u043e\u0447\u0435\u0440\u0456\u0437\u043a\u0438, \u0448\u043f\u0438\u0433\u043e\u0440\u0456\u0437\u043a\u0438, \u0441\u043b\u0430\u0439\u0441\u0435\u0440\u0438 \u0442\u0430 \u0456\u043d\u0448\u0435 \u0445\u0430\u0440\u0447\u043e\u0432\u0435 \u043e\u0431\u043b\u0430\u0434\u043d\u0430\u043d\u043d\u044f","potentialAction":[{"@type":"SearchAction","target":{"@type":"EntryPoint","urlTemplate":"https:\/\/stvega.net\/pl\/?s={search_term_string}"},"query-input":{"@type":"PropertyValueSpecification","valueRequired":true,"valueName":"search_term_string"}}],"inLanguage":"pl-PL"},{"@type":"Organization","@id":"https:\/\/stvega.net\/pl\/#organization","name":"STvega \u0425\u0410\u0420\u0427\u041e\u0412\u0415 \u041f\u0420\u041e\u041c\u0418\u0421\u041b\u041e\u0412\u0415 \u041e\u0411\u041b\u0410\u0414\u041d\u0410\u041d\u041d\u042f","alternateName":"STvega - \u043e\u0432\u043e\u0447\u0435\u0440\u0456\u0437\u043a\u0438, \u0448\u043f\u0438\u0433\u043e\u0440\u0456\u0437\u043a\u0438, \u0441\u043b\u0430\u0439\u0441\u0435\u0440\u0438 \u0442\u0430 \u0456\u043d\u0448\u0435 \u0445\u0430\u0440\u0447\u043e\u0432\u0435 \u043e\u0431\u043b\u0430\u0434\u043d\u0430\u043d\u043d\u044f","url":"https:\/\/stvega.net\/pl\/","logo":{"@type":"ImageObject","inLanguage":"pl-PL","@id":"https:\/\/stvega.net\/pl\/#\/schema\/logo\/image\/","url":"https:\/\/stvega.net\/wp-content\/uploads\/2024\/03\/dyzajn-bez-nazvanyya-1.png","contentUrl":"https:\/\/stvega.net\/wp-content\/uploads\/2024\/03\/dyzajn-bez-nazvanyya-1.png","width":180,"height":180,"caption":"STvega \u0425\u0410\u0420\u0427\u041e\u0412\u0415 \u041f\u0420\u041e\u041c\u0418\u0421\u041b\u041e\u0412\u0415 \u041e\u0411\u041b\u0410\u0414\u041d\u0410\u041d\u041d\u042f"},"image":{"@id":"https:\/\/stvega.net\/pl\/#\/schema\/logo\/image\/"},"sameAs":["https:\/\/www.facebook.com\/share\/9F1B4VxaHAC9E9HB\/?mibextid=qi2Omg"]}]}},"_links":{"self":[{"href":"https:\/\/stvega.net\/pl\/wp-json\/wp\/v2\/product\/16231","targetHints":{"allow":["GET"]}}],"collection":[{"href":"https:\/\/stvega.net\/pl\/wp-json\/wp\/v2\/product"}],"about":[{"href":"https:\/\/stvega.net\/pl\/wp-json\/wp\/v2\/types\/product"}],"replies":[{"embeddable":true,"href":"https:\/\/stvega.net\/pl\/wp-json\/wp\/v2\/comments?post=16231"}],"wp:featuredmedia":[{"embeddable":true,"href":"https:\/\/stvega.net\/pl\/wp-json\/wp\/v2\/media\/19446"}],"wp:attachment":[{"href":"https:\/\/stvega.net\/pl\/wp-json\/wp\/v2\/media?parent=16231"}],"wp:term":[{"taxonomy":"product_brand","embeddable":true,"href":"https:\/\/stvega.net\/pl\/wp-json\/wp\/v2\/product_brand?post=16231"},{"taxonomy":"product_cat","embeddable":true,"href":"https:\/\/stvega.net\/pl\/wp-json\/wp\/v2\/product_cat?post=16231"},{"taxonomy":"product_tag","embeddable":true,"href":"https:\/\/stvega.net\/pl\/wp-json\/wp\/v2\/product_tag?post=16231"}],"curies":[{"name":"wp","href":"https:\/\/api.w.org\/{rel}","templated":true}]}}