{"id":16122,"date":"2023-10-24T02:01:07","date_gmt":"2023-10-23T23:01:07","guid":{"rendered":"https:\/\/stvega.net\/product\/maszyna-do-mieszania-salatek-stega-skif\/"},"modified":"2023-10-24T02:01:07","modified_gmt":"2023-10-23T23:01:07","slug":"maszyna-do-mieszania-salatek-stega-skif","status":"publish","type":"product","link":"https:\/\/stvega.net\/pl\/product\/maszyna-do-mieszania-salatek-stega-skif\/","title":{"rendered":"Maszyna do mieszania sa\u0142atek Stega Skif"},"content":{"rendered":"<section class=\"elementor-element elementor-element-8a0d304 elementor-section-boxed elementor-section-height-default elementor-section-height-default elementor-section elementor-top-section\" data-id=\"8a0d304\" data-element_type=\"section\">\n<div class=\"elementor-container elementor-column-gap-default\">\n<div class=\"elementor-row\">\n<div class=\"elementor-element elementor-element-64b38a3 elementor-column elementor-col-100 elementor-top-column\" data-id=\"64b38a3\" data-element_type=\"column\">\n<div class=\"elementor-column-wrap elementor-element-populated\">\n<div class=\"elementor-widget-wrap\">\n<div class=\"elementor-element elementor-element-b67536b elementor-widget elementor-widget-heading\" data-id=\"b67536b\" data-element_type=\"widget\" data-widget_type=\"heading.default\">\n<div class=\"elementor-widget-container\"><\/div>\n<\/div>\n<\/div>\n<\/div>\n<\/div>\n<\/div>\n<\/div>\n<\/section>\n<section class=\"elementor-element elementor-element-28268bf elementor-section-boxed elementor-section-height-default elementor-section-height-default elementor-section elementor-top-section\" data-id=\"28268bf\" data-element_type=\"section\">\n<div class=\"elementor-container elementor-column-gap-default\">\n<div class=\"elementor-row\">\n<div class=\"elementor-element elementor-element-3dcbdf4 elementor-column elementor-col-100 elementor-top-column\" data-id=\"3dcbdf4\" data-element_type=\"column\">\n<div class=\"elementor-column-wrap elementor-element-populated\">\n<div class=\"elementor-widget-wrap\">\n<div class=\"elementor-element elementor-element-2a71447 elementor-widget elementor-widget-text-editor\" data-id=\"2a71447\" data-element_type=\"widget\" data-widget_type=\"text-editor.default\">\n<div class=\"elementor-widget-container\">\n<div class=\"elementor-text-editor elementor-clearfix\">\n<p>Maszyna do mieszania <strong>sa\u0142atek STvega Skif<\/strong> to urz\u0105dzenie zaprojektowane do r\u00f3wnomiernego mieszania produkt\u00f3w wielosk\u0142adnikowych zgodnie z wymaganiami technologicznymi. Rozstaw osi samochodu pozwala na \u0142atwy ruch. Dzi\u0119ki konstrukcji ze stali nierdzewnej SUS 304 oraz wygodnemu mechanizmowi wychylania, maszyna zapewnia wysok\u0105 jako\u015b\u0107 mieszania, \u0142atw\u0105 konserwacj\u0119 i efektywno\u015b\u0107 operacyjn\u0105.  <\/p>\n<p><strong> <\/strong><strong>Zasada dzia\u0142ania<\/strong><strong>:<\/strong><\/p>\n<p>Operator \u0142aduje sk\u0142adniki do zasobnika zgodnie z zatwierdzonym przepisem. Uruchamiany jest mechanizm mieszania, kt\u00f3ry zapewnia jednorodne mieszanie wszystkich sk\u0142adnik\u00f3w. Czas pracy mo\u017cna ustawi\u0107 r\u0119cznie lub u\u017cy\u0107 funkcji start\/stop. Po zako\u0144czeniu mieszania zasobnik si\u0119 przechyla, co u\u0142atwia roz\u0142adowanie gotowej mieszanki do przygotowanego pojemnika.   <\/p>\n<p><strong>Zalety sprz\u0119tu<\/strong><strong>:<\/strong><\/p>\n<ul>\n<li>Mechanizm mieszania r\u00f3wnomiernie miesza sk\u0142adniki, co zapewnia stabiln\u0105 jako\u015b\u0107 gotowego produktu.<\/li>\n<li>Rozstaw osi u\u0142atwia przemieszczanie sprz\u0119tu, co upraszcza jego zastosowanie w r\u00f3\u017cnych obszarach produkcji.<\/li>\n<li>Funkcja przechylania zasobnika upraszcza proces roz\u0142adunku mieszanki i zmniejsza intensywno\u015b\u0107 pracy podczas pracy.<\/li>\n<li>Maszyna wykonana jest ze stali nierdzewnej SUS 304, co zapewnia wysok\u0105 higien\u0119 i trwa\u0142o\u015b\u0107 konstrukcji.<\/li>\n<\/ul>\n<div class=\"responsive-table\"><table style=\"height: 999px;\" width=\"850\">\n<tbody>\n<tr>\n<td width=\"186\"><strong><b>Nazwa sprz\u0119tu<\/b><\/strong><\/td>\n<td width=\"115\"><strong><b>Obj\u0119to\u015b\u0107<\/b><\/strong><strong><b><\/b><strong><b><\/b> zasobnika<strong><b>,<\/b><\/strong><strong><b> l<\/b><\/strong><\/strong><\/strong><\/td>\n<td width=\"198\"><strong><b>Zalecany pojedynczy \u0142adunek, l<\/b><\/strong><\/td>\n<\/tr>\n<tr>\n<td width=\"186\"><strong><b>St&#8217;vega<\/b><\/strong><strong><b> <\/b><\/strong><strong><b>Skif Sa\u0142atka<\/b><\/strong><strong><b> 100<\/b><\/strong><\/td>\n<td width=\"115\">100<\/td>\n<td width=\"198\">20-30<\/td>\n<\/tr>\n<tr>\n<td width=\"186\"><strong><b>Stvega<\/b><\/strong><strong><b> <\/b><\/strong><strong><b>Skif Sa\u0142atka<\/b><\/strong><strong><b> 120<\/b><\/strong><\/td>\n<td width=\"115\">120<\/td>\n<td width=\"198\">30-35<\/td>\n<\/tr>\n<tr>\n<td width=\"186\"><strong><b>Stvega<\/b><\/strong><strong><b> <\/b><\/strong><strong><b>Skif Sa\u0142atka<\/b><\/strong><strong><b> 140<\/b><\/strong><\/td>\n<td width=\"115\">140<\/td>\n<td width=\"198\">35-40<\/td>\n<\/tr>\n<tr>\n<td width=\"186\"><strong><b>Stvega<\/b><\/strong><strong><b> <\/b><\/strong><strong><b>Skif Sa\u0142atka<\/b><\/strong><strong><b> 160<\/b><\/strong><\/td>\n<td width=\"115\">160<\/td>\n<td width=\"198\">40-45<\/td>\n<\/tr>\n<tr>\n<td width=\"186\"><strong><b>Stvega<\/b><\/strong><strong><b> <\/b><\/strong><strong><b>Skif Sa\u0142atka<\/b><\/strong><strong><b> 180<\/b><\/strong><\/td>\n<td width=\"115\">180<\/td>\n<td width=\"198\">45-50<\/td>\n<\/tr>\n<tr>\n<td width=\"186\"><strong><b>Stvega Skif Salad <\/b><\/strong><strong><b>20<\/b><\/strong><strong><b>0<\/b><\/strong><\/td>\n<td width=\"115\">200<\/td>\n<td width=\"198\">50-55<\/td>\n<\/tr>\n<tr>\n<td width=\"186\"><strong><b>Stvega<\/b><\/strong><strong><b> <\/b><\/strong><strong><b>Skif Sa\u0142atka<\/b><\/strong><strong><b> 250<\/b><\/strong><\/td>\n<td width=\"115\">250<\/td>\n<td width=\"198\">55-60<\/td>\n<\/tr>\n<tr>\n<td width=\"186\"><strong><b>Stvega<\/b><\/strong><strong><b> <\/b><\/strong><strong><b>Skif Sa\u0142atka<\/b><\/strong><strong><b> 320<\/b><\/strong><\/td>\n<td width=\"115\">320<\/td>\n<td width=\"198\">70-80<\/td>\n<\/tr>\n<tr>\n<td width=\"186\"><strong><b>Stvega<\/b><\/strong><strong><b> <\/b><\/strong><strong><b>Skif Sa\u0142atka<\/b><\/strong><strong><b> 400<\/b><\/strong><\/td>\n<td width=\"115\">400<\/td>\n<td width=\"198\">100-110<\/td>\n<\/tr>\n<tr>\n<td width=\"186\"><strong><b>Stvega Skif Sa\u0142atka <\/b><\/strong><strong><b>500<\/b><\/strong><\/td>\n<td width=\"115\">500<\/td>\n<td width=\"198\">120<\/td>\n<\/tr>\n<tr>\n<td width=\"186\"><strong><b>Stvega Skif Sa\u0142atka <\/b><\/strong><strong><b>600<\/b><\/strong><\/td>\n<td width=\"115\">600<\/td>\n<td width=\"198\">150<\/td>\n<\/tr>\n<tr>\n<td width=\"186\"><strong><b>Stvega Skif Sa\u0142atka <\/b><\/strong><strong><b>800<\/b><\/strong><\/td>\n<td width=\"115\">800<\/td>\n<td width=\"198\">250-300<\/td>\n<\/tr>\n<tr>\n<td width=\"186\"><strong><b>Stvega Skif Sa\u0142atka <\/b><\/strong><strong><b>1000<\/b><\/strong><\/td>\n<td width=\"115\">1000<\/td>\n<td width=\"198\">300-350<\/td>\n<\/tr>\n<tr>\n<td width=\"186\"><strong><b>St&#8217;vega Skif Sa\u0142atka <\/b><\/strong><strong><b>1500<\/b><\/strong><\/td>\n<td width=\"115\">1500<\/td>\n<td width=\"198\">500<\/td>\n<\/tr>\n<\/tbody>\n<\/table><\/div>\n<p>Firma \u015bwiadczy pe\u0142n\u0105 obs\u0142ug\u0119 i serwis gwarancyjny.<\/p>\n<\/div>\n<\/div>\n<\/div>\n<\/div>\n<\/div>\n<\/div>\n<\/div>\n<\/div>\n<\/section>\n","protected":false},"excerpt":{"rendered":"<div class=\"elementor-element elementor-element-4e03395 elementor-widget elementor-widget-woocommerce-product-short-description\" data-id=\"4e03395\" data-element_type=\"widget\" data-widget_type=\"woocommerce-product-short-description.default\">\n<div class=\"elementor-widget-container\">\n<div class=\"woocommerce-product-details__short-description\">\n<p>Maszyna do mieszania <strong>sa\u0142atek STvega Skif<\/strong> to urz\u0105dzenie zaprojektowane do r\u00f3wnomiernego mieszania produkt\u00f3w wielosk\u0142adnikowych zgodnie z wymaganiami technologicznymi.<\/p>\n<\/div>\n<\/div>\n<\/div>\n<div class=\"elementor-element elementor-element-a28fd77 elementor-widget elementor-widget-woocommerce-product-add-to-cart\" data-id=\"a28fd77\" data-element_type=\"widget\" data-widget_type=\"woocommerce-product-add-to-cart.default\">\n<div class=\"elementor-widget-container\">\n<div class=\"elementor-add-to-cart elementor-product-simple\"><strong>Specyfikacje:  <\/strong><\/div>\n<\/div>\n<\/div>\n<div class=\"elementor-element elementor-element-4ab4778 elementor-widget elementor-widget-text-editor\" data-id=\"4ab4778\" data-element_type=\"widget\" data-widget_type=\"text-editor.default\">\n<div class=\"elementor-widget-container\">\n<div class=\"elementor-text-editor elementor-clearfix\">\n<p>[table id=&#8221;216&#8243; \/]<\/p>\n<p><span style=\"color: #0000ff;\"><strong>Unikalno\u015b\u0107 maszyny: <\/strong>Mo\u017cna zainstalowa\u0107 automatyczne wysypywanie pojazd\u00f3w.<\/span><\/p>\n<\/div>\n<\/div>\n<\/div>\n","protected":false},"featured_media":16127,"comment_status":"closed","ping_status":"closed","template":"","meta":{"_acf_changed":false,"inline_featured_image":false},"product_brand":[],"product_cat":[3626,3620,3420,3418,3535,3534,3552,3622,3619,3625],"product_tag":[8348,8337,6788,6785,6790,6791,8342,8338,6792,8341,8345,8339,8340,6789,8344,8347,8343,6793,4626,8346,6522,6794,8336],"class_list":{"0":"post-16122","1":"product","2":"type-product","3":"status-publish","4":"has-post-thumbnail","6":"product_cat-cebula","7":"product_cat-kapusta","8":"product_cat-kurczak","9":"product_cat-mieso","10":"product_cat-miksery-miksery","11":"product_cat-miksowanie","12":"product_cat-ryba","13":"product_cat-salatki","14":"product_cat-suszenie","15":"product_cat-ziemniaki","16":"product_tag-blender-kuchenny","17":"product_tag-masa-jednorodna","18":"product_tag-mieszanie-produktow","19":"product_tag-mieszanie-salatek","20":"product_tag-mieszanie-skladnikow","21":"product_tag-mieszanie-warzyw","22":"product_tag-mieszarka-do-jedzenia-2","23":"product_tag-mikser-do-wyrobow-polwykonczonych","24":"product_tag-mikser-miesny","25":"product_tag-mikser-owocowy","26":"product_tag-mikser-produktow","27":"product_tag-mikser-salatkowy-2","28":"product_tag-mikser-warzywny","29":"product_tag-miksowanie","30":"product_tag-mixer-dla-branzy-spozywczej","31":"product_tag-produkcja-salat","32":"product_tag-przemyslowe-urzadzenia-mieszajace","33":"product_tag-przemyslowy-mieszalnik","34":"product_tag-przetworstwo-miesa-2","35":"product_tag-przetworstwo-warzyw-2","36":"product_tag-salatki","37":"product_tag-sprzet-do-miksowania","38":"product_tag-wyrabianie","40":"first","41":"instock","42":"shipping-taxable","43":"product-type-simple"},"acf":[],"yoast_head":"<!-- This site is optimized with the Yoast SEO plugin v27.5 - https:\/\/yoast.com\/product\/yoast-seo-wordpress\/ -->\n<title>Maszyna do mieszania sa\u0142atek Stega Skif \u043a\u0443\u043f\u0438\u0442\u0438 \u0437\u0430 \u0432\u0438\u0433\u0456\u0434\u043d\u043e\u044e \u0446\u0456\u043d\u043e\u044e \u0432 \u043c\u0430\u0433\u0430\u0437\u0438\u043d\u0456 STvega<\/title>\n<meta name=\"description\" content=\"Maszyna do mieszania sa\u0142atek Stega Skif | \u043a\u0443\u043f\u0438\u0442\u0438 \u0437\u0430 \ud83c\udf1f\u0432\u0438\u0433\u0456\u0434\u043d\u043e\u044e \u0446\u0456\u043d\u043e\u044e \u0432 \u043c\u0430\u0433\u0430\u0437\u0438\u043d\u0456 STvega\" \/>\n<meta name=\"robots\" content=\"index, follow, max-snippet:-1, max-image-preview:large, max-video-preview:-1\" \/>\n<link rel=\"canonical\" href=\"https:\/\/stvega.net\/pl\/product\/maszyna-do-mieszania-salatek-stega-skif\/\" \/>\n<meta property=\"og:locale\" content=\"pl_PL\" \/>\n<meta property=\"og:type\" content=\"article\" \/>\n<meta property=\"og:title\" content=\"Maszyna do mieszania sa\u0142atek Stega Skif \u043a\u0443\u043f\u0438\u0442\u0438 \u0437\u0430 \u0432\u0438\u0433\u0456\u0434\u043d\u043e\u044e \u0446\u0456\u043d\u043e\u044e \u0432 \u043c\u0430\u0433\u0430\u0437\u0438\u043d\u0456 STvega\" \/>\n<meta property=\"og:description\" content=\"Maszyna do mieszania sa\u0142atek Stega Skif | \u043a\u0443\u043f\u0438\u0442\u0438 \u0437\u0430 \ud83c\udf1f\u0432\u0438\u0433\u0456\u0434\u043d\u043e\u044e \u0446\u0456\u043d\u043e\u044e \u0432 \u043c\u0430\u0433\u0430\u0437\u0438\u043d\u0456 STvega\" \/>\n<meta property=\"og:url\" content=\"https:\/\/stvega.net\/pl\/product\/maszyna-do-mieszania-salatek-stega-skif\/\" \/>\n<meta property=\"og:site_name\" content=\"\u0448\u0438\u0440\u043e\u043a\u0438\u0439 \u0430\u0441\u043e\u0440\u0442\u0438\u043c\u0435\u043d\u0442 \u0445\u0430\u0440\u0447\u043e\u0432\u043e\u0433\u043e \u043f\u0440\u043e\u043c\u0438\u0441\u043b\u043e\u0432\u043e\u0433\u043e \u043e\u0431\u043b\u0430\u0434\u043d\u0430\u043d\u043d\u044f \u0434\u043b\u044f \u043f\u0435\u0440\u0435\u0440\u043e\u0431\u043a\u0438 \u043c\u2019\u044f\u0441\u0430, \u043e\u0432\u043e\u0447\u0456\u0432 \u0456 \u0444\u0440\u0443\u043a\u0442\u0456\u0432\u2b50\u0412\u0438\u0433\u0456\u0434\u043d\u0456 \u0446\u0456\u043d\u0438 \ud83e\uddbe\u0412\u0438\u0440\u043e\u0431\u043d\u0438\u0447\u0456 \u043b\u0456\u043d\u0456\u0457 \u043f\u0456\u0434 \u043a\u043b\u044e\u0447\ud83d\ude9a \u0414\u043e\u0441\u0442\u0430\u0432\u043a\u0430 \ud83d\udee0\u0421\u0435\u0440\u0432\u0456\u0441\" \/>\n<meta property=\"article:publisher\" content=\"https:\/\/www.facebook.com\/share\/9F1B4VxaHAC9E9HB\/?mibextid=qi2Omg\" \/>\n<meta property=\"og:image\" content=\"https:\/\/stvega.net\/wp-content\/uploads\/2023\/10\/smeshivanie-produktov.png\" \/>\n\t<meta property=\"og:image:width\" content=\"500\" \/>\n\t<meta property=\"og:image:height\" content=\"500\" \/>\n\t<meta property=\"og:image:type\" content=\"image\/png\" \/>\n<meta name=\"twitter:card\" content=\"summary_large_image\" \/>\n<meta name=\"twitter:label1\" content=\"Szacowany czas czytania\" \/>\n\t<meta name=\"twitter:data1\" content=\"1 minuta\" \/>\n<script type=\"application\/ld+json\" class=\"yoast-schema-graph\">{\"@context\":\"https:\\\/\\\/schema.org\",\"@graph\":[{\"@type\":\"WebPage\",\"@id\":\"https:\\\/\\\/stvega.net\\\/pl\\\/product\\\/maszyna-do-mieszania-salatek-stega-skif\\\/\",\"url\":\"https:\\\/\\\/stvega.net\\\/pl\\\/product\\\/maszyna-do-mieszania-salatek-stega-skif\\\/\",\"name\":\"Maszyna do mieszania sa\u0142atek Stega Skif \u043a\u0443\u043f\u0438\u0442\u0438 \u0437\u0430 \u0432\u0438\u0433\u0456\u0434\u043d\u043e\u044e \u0446\u0456\u043d\u043e\u044e \u0432 \u043c\u0430\u0433\u0430\u0437\u0438\u043d\u0456 STvega\",\"isPartOf\":{\"@id\":\"https:\\\/\\\/stvega.net\\\/pl\\\/#website\"},\"primaryImageOfPage\":{\"@id\":\"https:\\\/\\\/stvega.net\\\/pl\\\/product\\\/maszyna-do-mieszania-salatek-stega-skif\\\/#primaryimage\"},\"image\":{\"@id\":\"https:\\\/\\\/stvega.net\\\/pl\\\/product\\\/maszyna-do-mieszania-salatek-stega-skif\\\/#primaryimage\"},\"thumbnailUrl\":\"https:\\\/\\\/stvega.net\\\/wp-content\\\/uploads\\\/2023\\\/10\\\/smeshivanie-produktov.png\",\"datePublished\":\"2023-10-23T23:01:07+00:00\",\"description\":\"Maszyna do mieszania sa\u0142atek Stega Skif | \u043a\u0443\u043f\u0438\u0442\u0438 \u0437\u0430 \ud83c\udf1f\u0432\u0438\u0433\u0456\u0434\u043d\u043e\u044e \u0446\u0456\u043d\u043e\u044e \u0432 \u043c\u0430\u0433\u0430\u0437\u0438\u043d\u0456 STvega\",\"breadcrumb\":{\"@id\":\"https:\\\/\\\/stvega.net\\\/pl\\\/product\\\/maszyna-do-mieszania-salatek-stega-skif\\\/#breadcrumb\"},\"inLanguage\":\"pl-PL\",\"potentialAction\":[{\"@type\":\"ReadAction\",\"target\":[\"https:\\\/\\\/stvega.net\\\/pl\\\/product\\\/maszyna-do-mieszania-salatek-stega-skif\\\/\"]}]},{\"@type\":\"ImageObject\",\"inLanguage\":\"pl-PL\",\"@id\":\"https:\\\/\\\/stvega.net\\\/pl\\\/product\\\/maszyna-do-mieszania-salatek-stega-skif\\\/#primaryimage\",\"url\":\"https:\\\/\\\/stvega.net\\\/wp-content\\\/uploads\\\/2023\\\/10\\\/smeshivanie-produktov.png\",\"contentUrl\":\"https:\\\/\\\/stvega.net\\\/wp-content\\\/uploads\\\/2023\\\/10\\\/smeshivanie-produktov.png\",\"width\":500,\"height\":500},{\"@type\":\"BreadcrumbList\",\"@id\":\"https:\\\/\\\/stvega.net\\\/pl\\\/product\\\/maszyna-do-mieszania-salatek-stega-skif\\\/#breadcrumb\",\"itemListElement\":[{\"@type\":\"ListItem\",\"position\":1,\"name\":\"Dom\",\"item\":\"https:\\\/\\\/stvega.net\\\/pl\\\/\"},{\"@type\":\"ListItem\",\"position\":2,\"name\":\"Katalog\",\"item\":\"https:\\\/\\\/stvega.net\\\/katalog\\\/\"},{\"@type\":\"ListItem\",\"position\":3,\"name\":\"Maszyna do mieszania sa\u0142atek Stega Skif\"}]},{\"@type\":\"WebSite\",\"@id\":\"https:\\\/\\\/stvega.net\\\/pl\\\/#website\",\"url\":\"https:\\\/\\\/stvega.net\\\/pl\\\/\",\"name\":\"STvega\",\"description\":\"\u0445\u0430\u0440\u0447\u043e\u0432\u0435 \u043f\u0440\u043e\u043c\u0438\u0441\u043b\u043e\u0432\u0435 \u043e\u0431\u043b\u0430\u0434\u043d\u0430\u043d\u043d\u044f\",\"publisher\":{\"@id\":\"https:\\\/\\\/stvega.net\\\/pl\\\/#organization\"},\"alternateName\":\"STvega - \u043e\u0432\u043e\u0447\u0435\u0440\u0456\u0437\u043a\u0438, \u0448\u043f\u0438\u0433\u043e\u0440\u0456\u0437\u043a\u0438, \u0441\u043b\u0430\u0439\u0441\u0435\u0440\u0438 \u0442\u0430 \u0456\u043d\u0448\u0435 \u0445\u0430\u0440\u0447\u043e\u0432\u0435 \u043e\u0431\u043b\u0430\u0434\u043d\u0430\u043d\u043d\u044f\",\"potentialAction\":[{\"@type\":\"SearchAction\",\"target\":{\"@type\":\"EntryPoint\",\"urlTemplate\":\"https:\\\/\\\/stvega.net\\\/pl\\\/?s={search_term_string}\"},\"query-input\":{\"@type\":\"PropertyValueSpecification\",\"valueRequired\":true,\"valueName\":\"search_term_string\"}}],\"inLanguage\":\"pl-PL\"},{\"@type\":\"Organization\",\"@id\":\"https:\\\/\\\/stvega.net\\\/pl\\\/#organization\",\"name\":\"STvega \u0425\u0410\u0420\u0427\u041e\u0412\u0415 \u041f\u0420\u041e\u041c\u0418\u0421\u041b\u041e\u0412\u0415 \u041e\u0411\u041b\u0410\u0414\u041d\u0410\u041d\u041d\u042f\",\"alternateName\":\"STvega - \u043e\u0432\u043e\u0447\u0435\u0440\u0456\u0437\u043a\u0438, \u0448\u043f\u0438\u0433\u043e\u0440\u0456\u0437\u043a\u0438, \u0441\u043b\u0430\u0439\u0441\u0435\u0440\u0438 \u0442\u0430 \u0456\u043d\u0448\u0435 \u0445\u0430\u0440\u0447\u043e\u0432\u0435 \u043e\u0431\u043b\u0430\u0434\u043d\u0430\u043d\u043d\u044f\",\"url\":\"https:\\\/\\\/stvega.net\\\/pl\\\/\",\"logo\":{\"@type\":\"ImageObject\",\"inLanguage\":\"pl-PL\",\"@id\":\"https:\\\/\\\/stvega.net\\\/pl\\\/#\\\/schema\\\/logo\\\/image\\\/\",\"url\":\"https:\\\/\\\/stvega.net\\\/wp-content\\\/uploads\\\/2024\\\/03\\\/dyzajn-bez-nazvanyya-1.png\",\"contentUrl\":\"https:\\\/\\\/stvega.net\\\/wp-content\\\/uploads\\\/2024\\\/03\\\/dyzajn-bez-nazvanyya-1.png\",\"width\":180,\"height\":180,\"caption\":\"STvega \u0425\u0410\u0420\u0427\u041e\u0412\u0415 \u041f\u0420\u041e\u041c\u0418\u0421\u041b\u041e\u0412\u0415 \u041e\u0411\u041b\u0410\u0414\u041d\u0410\u041d\u041d\u042f\"},\"image\":{\"@id\":\"https:\\\/\\\/stvega.net\\\/pl\\\/#\\\/schema\\\/logo\\\/image\\\/\"},\"sameAs\":[\"https:\\\/\\\/www.facebook.com\\\/share\\\/9F1B4VxaHAC9E9HB\\\/?mibextid=qi2Omg\"]}]}<\/script>\n<!-- \/ Yoast SEO plugin. -->","yoast_head_json":{"title":"Maszyna do mieszania sa\u0142atek Stega Skif \u043a\u0443\u043f\u0438\u0442\u0438 \u0437\u0430 \u0432\u0438\u0433\u0456\u0434\u043d\u043e\u044e \u0446\u0456\u043d\u043e\u044e \u0432 \u043c\u0430\u0433\u0430\u0437\u0438\u043d\u0456 STvega","description":"Maszyna do mieszania sa\u0142atek Stega Skif | \u043a\u0443\u043f\u0438\u0442\u0438 \u0437\u0430 \ud83c\udf1f\u0432\u0438\u0433\u0456\u0434\u043d\u043e\u044e \u0446\u0456\u043d\u043e\u044e \u0432 \u043c\u0430\u0433\u0430\u0437\u0438\u043d\u0456 STvega","robots":{"index":"index","follow":"follow","max-snippet":"max-snippet:-1","max-image-preview":"max-image-preview:large","max-video-preview":"max-video-preview:-1"},"canonical":"https:\/\/stvega.net\/pl\/product\/maszyna-do-mieszania-salatek-stega-skif\/","og_locale":"pl_PL","og_type":"article","og_title":"Maszyna do mieszania sa\u0142atek Stega Skif \u043a\u0443\u043f\u0438\u0442\u0438 \u0437\u0430 \u0432\u0438\u0433\u0456\u0434\u043d\u043e\u044e \u0446\u0456\u043d\u043e\u044e \u0432 \u043c\u0430\u0433\u0430\u0437\u0438\u043d\u0456 STvega","og_description":"Maszyna do mieszania sa\u0142atek Stega Skif | \u043a\u0443\u043f\u0438\u0442\u0438 \u0437\u0430 \ud83c\udf1f\u0432\u0438\u0433\u0456\u0434\u043d\u043e\u044e \u0446\u0456\u043d\u043e\u044e \u0432 \u043c\u0430\u0433\u0430\u0437\u0438\u043d\u0456 STvega","og_url":"https:\/\/stvega.net\/pl\/product\/maszyna-do-mieszania-salatek-stega-skif\/","og_site_name":"\u0448\u0438\u0440\u043e\u043a\u0438\u0439 \u0430\u0441\u043e\u0440\u0442\u0438\u043c\u0435\u043d\u0442 \u0445\u0430\u0440\u0447\u043e\u0432\u043e\u0433\u043e \u043f\u0440\u043e\u043c\u0438\u0441\u043b\u043e\u0432\u043e\u0433\u043e \u043e\u0431\u043b\u0430\u0434\u043d\u0430\u043d\u043d\u044f \u0434\u043b\u044f \u043f\u0435\u0440\u0435\u0440\u043e\u0431\u043a\u0438 \u043c\u2019\u044f\u0441\u0430, \u043e\u0432\u043e\u0447\u0456\u0432 \u0456 \u0444\u0440\u0443\u043a\u0442\u0456\u0432\u2b50\u0412\u0438\u0433\u0456\u0434\u043d\u0456 \u0446\u0456\u043d\u0438 \ud83e\uddbe\u0412\u0438\u0440\u043e\u0431\u043d\u0438\u0447\u0456 \u043b\u0456\u043d\u0456\u0457 \u043f\u0456\u0434 \u043a\u043b\u044e\u0447\ud83d\ude9a \u0414\u043e\u0441\u0442\u0430\u0432\u043a\u0430 \ud83d\udee0\u0421\u0435\u0440\u0432\u0456\u0441","article_publisher":"https:\/\/www.facebook.com\/share\/9F1B4VxaHAC9E9HB\/?mibextid=qi2Omg","og_image":[{"width":500,"height":500,"url":"https:\/\/stvega.net\/wp-content\/uploads\/2023\/10\/smeshivanie-produktov.png","type":"image\/png"}],"twitter_card":"summary_large_image","twitter_misc":{"Szacowany czas czytania":"1 minuta"},"schema":{"@context":"https:\/\/schema.org","@graph":[{"@type":"WebPage","@id":"https:\/\/stvega.net\/pl\/product\/maszyna-do-mieszania-salatek-stega-skif\/","url":"https:\/\/stvega.net\/pl\/product\/maszyna-do-mieszania-salatek-stega-skif\/","name":"Maszyna do mieszania sa\u0142atek Stega Skif \u043a\u0443\u043f\u0438\u0442\u0438 \u0437\u0430 \u0432\u0438\u0433\u0456\u0434\u043d\u043e\u044e \u0446\u0456\u043d\u043e\u044e \u0432 \u043c\u0430\u0433\u0430\u0437\u0438\u043d\u0456 STvega","isPartOf":{"@id":"https:\/\/stvega.net\/pl\/#website"},"primaryImageOfPage":{"@id":"https:\/\/stvega.net\/pl\/product\/maszyna-do-mieszania-salatek-stega-skif\/#primaryimage"},"image":{"@id":"https:\/\/stvega.net\/pl\/product\/maszyna-do-mieszania-salatek-stega-skif\/#primaryimage"},"thumbnailUrl":"https:\/\/stvega.net\/wp-content\/uploads\/2023\/10\/smeshivanie-produktov.png","datePublished":"2023-10-23T23:01:07+00:00","description":"Maszyna do mieszania sa\u0142atek Stega Skif | \u043a\u0443\u043f\u0438\u0442\u0438 \u0437\u0430 \ud83c\udf1f\u0432\u0438\u0433\u0456\u0434\u043d\u043e\u044e \u0446\u0456\u043d\u043e\u044e \u0432 \u043c\u0430\u0433\u0430\u0437\u0438\u043d\u0456 STvega","breadcrumb":{"@id":"https:\/\/stvega.net\/pl\/product\/maszyna-do-mieszania-salatek-stega-skif\/#breadcrumb"},"inLanguage":"pl-PL","potentialAction":[{"@type":"ReadAction","target":["https:\/\/stvega.net\/pl\/product\/maszyna-do-mieszania-salatek-stega-skif\/"]}]},{"@type":"ImageObject","inLanguage":"pl-PL","@id":"https:\/\/stvega.net\/pl\/product\/maszyna-do-mieszania-salatek-stega-skif\/#primaryimage","url":"https:\/\/stvega.net\/wp-content\/uploads\/2023\/10\/smeshivanie-produktov.png","contentUrl":"https:\/\/stvega.net\/wp-content\/uploads\/2023\/10\/smeshivanie-produktov.png","width":500,"height":500},{"@type":"BreadcrumbList","@id":"https:\/\/stvega.net\/pl\/product\/maszyna-do-mieszania-salatek-stega-skif\/#breadcrumb","itemListElement":[{"@type":"ListItem","position":1,"name":"Dom","item":"https:\/\/stvega.net\/pl\/"},{"@type":"ListItem","position":2,"name":"Katalog","item":"https:\/\/stvega.net\/katalog\/"},{"@type":"ListItem","position":3,"name":"Maszyna do mieszania sa\u0142atek Stega Skif"}]},{"@type":"WebSite","@id":"https:\/\/stvega.net\/pl\/#website","url":"https:\/\/stvega.net\/pl\/","name":"STvega","description":"\u0445\u0430\u0440\u0447\u043e\u0432\u0435 \u043f\u0440\u043e\u043c\u0438\u0441\u043b\u043e\u0432\u0435 \u043e\u0431\u043b\u0430\u0434\u043d\u0430\u043d\u043d\u044f","publisher":{"@id":"https:\/\/stvega.net\/pl\/#organization"},"alternateName":"STvega - \u043e\u0432\u043e\u0447\u0435\u0440\u0456\u0437\u043a\u0438, \u0448\u043f\u0438\u0433\u043e\u0440\u0456\u0437\u043a\u0438, \u0441\u043b\u0430\u0439\u0441\u0435\u0440\u0438 \u0442\u0430 \u0456\u043d\u0448\u0435 \u0445\u0430\u0440\u0447\u043e\u0432\u0435 \u043e\u0431\u043b\u0430\u0434\u043d\u0430\u043d\u043d\u044f","potentialAction":[{"@type":"SearchAction","target":{"@type":"EntryPoint","urlTemplate":"https:\/\/stvega.net\/pl\/?s={search_term_string}"},"query-input":{"@type":"PropertyValueSpecification","valueRequired":true,"valueName":"search_term_string"}}],"inLanguage":"pl-PL"},{"@type":"Organization","@id":"https:\/\/stvega.net\/pl\/#organization","name":"STvega \u0425\u0410\u0420\u0427\u041e\u0412\u0415 \u041f\u0420\u041e\u041c\u0418\u0421\u041b\u041e\u0412\u0415 \u041e\u0411\u041b\u0410\u0414\u041d\u0410\u041d\u041d\u042f","alternateName":"STvega - \u043e\u0432\u043e\u0447\u0435\u0440\u0456\u0437\u043a\u0438, \u0448\u043f\u0438\u0433\u043e\u0440\u0456\u0437\u043a\u0438, \u0441\u043b\u0430\u0439\u0441\u0435\u0440\u0438 \u0442\u0430 \u0456\u043d\u0448\u0435 \u0445\u0430\u0440\u0447\u043e\u0432\u0435 \u043e\u0431\u043b\u0430\u0434\u043d\u0430\u043d\u043d\u044f","url":"https:\/\/stvega.net\/pl\/","logo":{"@type":"ImageObject","inLanguage":"pl-PL","@id":"https:\/\/stvega.net\/pl\/#\/schema\/logo\/image\/","url":"https:\/\/stvega.net\/wp-content\/uploads\/2024\/03\/dyzajn-bez-nazvanyya-1.png","contentUrl":"https:\/\/stvega.net\/wp-content\/uploads\/2024\/03\/dyzajn-bez-nazvanyya-1.png","width":180,"height":180,"caption":"STvega \u0425\u0410\u0420\u0427\u041e\u0412\u0415 \u041f\u0420\u041e\u041c\u0418\u0421\u041b\u041e\u0412\u0415 \u041e\u0411\u041b\u0410\u0414\u041d\u0410\u041d\u041d\u042f"},"image":{"@id":"https:\/\/stvega.net\/pl\/#\/schema\/logo\/image\/"},"sameAs":["https:\/\/www.facebook.com\/share\/9F1B4VxaHAC9E9HB\/?mibextid=qi2Omg"]}]}},"_links":{"self":[{"href":"https:\/\/stvega.net\/pl\/wp-json\/wp\/v2\/product\/16122","targetHints":{"allow":["GET"]}}],"collection":[{"href":"https:\/\/stvega.net\/pl\/wp-json\/wp\/v2\/product"}],"about":[{"href":"https:\/\/stvega.net\/pl\/wp-json\/wp\/v2\/types\/product"}],"replies":[{"embeddable":true,"href":"https:\/\/stvega.net\/pl\/wp-json\/wp\/v2\/comments?post=16122"}],"wp:featuredmedia":[{"embeddable":true,"href":"https:\/\/stvega.net\/pl\/wp-json\/wp\/v2\/media\/16127"}],"wp:attachment":[{"href":"https:\/\/stvega.net\/pl\/wp-json\/wp\/v2\/media?parent=16122"}],"wp:term":[{"taxonomy":"product_brand","embeddable":true,"href":"https:\/\/stvega.net\/pl\/wp-json\/wp\/v2\/product_brand?post=16122"},{"taxonomy":"product_cat","embeddable":true,"href":"https:\/\/stvega.net\/pl\/wp-json\/wp\/v2\/product_cat?post=16122"},{"taxonomy":"product_tag","embeddable":true,"href":"https:\/\/stvega.net\/pl\/wp-json\/wp\/v2\/product_tag?post=16122"}],"curies":[{"name":"wp","href":"https:\/\/api.w.org\/{rel}","templated":true}]}}