{"id":14668,"date":"2024-03-18T15:28:53","date_gmt":"2024-03-18T12:28:53","guid":{"rendered":"https:\/\/stvega.net\/product\/mashina-dlya-mittya-yashhikiv-tari-stvega-barrel-box-l8500\/"},"modified":"2024-03-18T15:28:53","modified_gmt":"2024-03-18T12:28:53","slug":"mashina-dlya-mittya-yashhikiv-tari-stvega-barrel-box-l8500","status":"publish","type":"product","link":"https:\/\/stvega.net\/pl\/product\/mashina-dlya-mittya-yashhikiv-tari-stvega-barrel-box-l8500\/","title":{"rendered":"\u041c\u0430\u0448\u0438\u043d\u0430 \u0434\u043b\u044f \u043c\u0438\u0442\u0442\u044f \u044f\u0449\u0438\u043a\u0456\u0432 (\u0442\u0430\u0440\u0438) STvega Barrel Box L8500"},"content":{"rendered":"<p><strong>Maszyna STvega <\/strong><strong>Barrel Box L8500<\/strong> zosta\u0142a zaprojektowana do efektywnego i zautomatyzowanego mycia r\u00f3\u017cnych plastikowych pojemnik\u00f3w. Dwustopniowy system czyszczenia pozwala efektywnie oczyszcza\u0107 ska\u017con\u0105 powierzchni\u0119, a system zamkni\u0119tego obiegu wody pozwala znacz\u0105co ograniczy\u0107 zu\u017cycie wody. <\/p>\n<p>Maszyna wyposa\u017cona jest w pompy i pojemniki z dyszami do spryskiwania wody i roztworu czyszcz\u0105cego, specjalne por\u0119cze do mocowania pojemnik\u00f3w podczas przechodzenia przez zasobnik oraz panel zdalnego sterowania, za pomoc\u0105 kt\u00f3rego mo\u017cna regulowa\u0107 dop\u0142yw wody, ci\u015bnienie i pr\u0119dko\u015b\u0107 ta\u015bmy przeno\u015bnikowej.<\/p>\n<p><strong>Zasada dzia\u0142ania<\/strong><strong>:<\/strong><\/p>\n<p>Sprz\u0119t ten ma form\u0119 tunelowego zasobnika, podzielonego na trzy sekcje, w kt\u00f3rych przetwarzana jest powierzchnia wyczyszczonego pojemnika. Ska\u017cony kontener jest umieszczany przez operatora na ta\u015bmie \u0142a\u0144cuchowej, po kt\u00f3rej jest wysy\u0142any do przetwarzania pierwotnego. <\/p>\n<p>Pierwszy etap przetwarzania nast\u0119puje dzi\u0119ki dostarczaniu roztworu do mycia wysokoci\u015bnieniowego przez system dysz. Dysze s\u0105 rozmieszczone po r\u00f3\u017cnych stronach wzd\u0142u\u017c ca\u0142ego obwodu odcinka tunelu, co umo\u017cliwia jako\u015bciowe przetwarzanie kontenera ze wszystkich stron. <\/p>\n<p>Drugim krokiem jest przep\u0142ukanie pojemnik\u00f3w ciep\u0142\u0105 wod\u0105 z roztworu detergentu przez system dysz. Na tym etapie pojemnik jest sterylizowany i ponownie czyszczony z powodu przep\u0142ywu gor\u0105cej wody. W obu etapach zu\u017cyta woda przechodzi przez system filtracyjny i trafia do zbiornika w celu dalszego wykorzystania.  <\/p>\n<p>Na trzecim, ostatnim etapie czyszczone naczynie jest dmuchane powietrzem, aby usun\u0105\u0107 resztki wody z zewn\u0119trznej powierzchni pude\u0142ek. Nie ma funkcji suszenia gor\u0105cym powietrzem, pojemnik jest dmuchany powietrzem, kt\u00f3re jest produkowane. <\/p>\n<p><strong><em>Uwaga:<\/em><\/strong><em> w modelu z ogrzewaniem parowym do stabilnej pracy wymagany jest generator pary o wydajno\u015bci 300 kg\/h<\/em><em>.<\/em><\/p>\n<p><strong> <\/strong><\/p>\n<p><strong>Zalety sprz\u0119tu:<\/strong><\/p>\n<ul>\n<li>Skutecznie oczyszcza kontenery z wszelkiego stopnia zanieczyszcze\u0144, dzi\u0119ki dyszam umieszczonym po r\u00f3\u017cnych stronach wok\u00f3\u0142 ca\u0142ego obwodu tunelu, nie ma martwych stref do czyszczenia.<\/li>\n<li>Na ca\u0142ej d\u0142ugo\u015bci tunelowego zalewnika montowane s\u0105 prowadnice do mocowania kontener\u00f3w.<\/li>\n<li>Zamkni\u0119ty cykl zu\u017cycia wody pozwala znacz\u0105co zmniejszy\u0107 zu\u017cycie wody i zwi\u0119kszy\u0107 wydajno\u015b\u0107 maszyny.<\/li>\n<li>Dzi\u0119ki panelu zdalnego sterowania mo\u017cesz regulowa\u0107 dop\u0142yw wody, ci\u015bnienie i pr\u0119dko\u015b\u0107 ta\u015bmy przeno\u015bniowej.<\/li>\n<li>Maszyna wykonana jest ze stali nierdzewnej SUS 304, zapewniaj\u0105c maksymaln\u0105 \u017cywotno\u015b\u0107 i w pe\u0142ni spe\u0142nia normy bezpiecze\u0144stwa \u017cywno\u015bci.<\/li>\n<\/ul>\n<p>Firma zapewnia pe\u0142n\u0105 gwarancj\u0119 oraz serwis posprzeda\u017cowy.<\/p>\n\t<div class=\"section video\">\n\t\t<div class=\"row\">\n\t\t\t\t\t\t\t\t\t\t\t\t<div class=\"col-md-4 col-12\">\n\t\t\t\t\t\t<div class=\"container-lazyload preview-lazyload container-youtube js-lazyload--not-loaded\"><a href=\"https:\/\/www.youtube.com\/watch?v=HfpJnWHfR_c\" class=\"lazy-load-youtube preview-lazyload preview-youtube\" data-video-title=\"\u041c\u0430\u0448\u0438\u043d\u0430 STvega Barrel Box L8500 \u0434\u043b\u044f \u0435\u0444\u0435\u043a\u0442\u0438\u0432\u043d\u043e\u0433\u043e \u0442\u0430 \u0430\u0432\u0442\u043e\u043c\u0430\u0442\u0438\u0437\u043e\u0432\u0430\u043d\u043e\u0433\u043e \u043c\u0438\u0442\u0442\u044f \u0440\u0456\u0437\u043d\u043e\u0457 \u043f\u043b\u0430\u0441\u0442\u0438\u043a\u043e\u0432\u043e\u0457 \u0442\u0430\u0440\u0438.\" title=\"Play video &quot;\u041c\u0430\u0448\u0438\u043d\u0430 STvega Barrel Box L8500 \u0434\u043b\u044f \u0435\u0444\u0435\u043a\u0442\u0438\u0432\u043d\u043e\u0433\u043e \u0442\u0430 \u0430\u0432\u0442\u043e\u043c\u0430\u0442\u0438\u0437\u043e\u0432\u0430\u043d\u043e\u0433\u043e \u043c\u0438\u0442\u0442\u044f \u0440\u0456\u0437\u043d\u043e\u0457 \u043f\u043b\u0430\u0441\u0442\u0438\u043a\u043e\u0432\u043e\u0457 \u0442\u0430\u0440\u0438.&quot;\">https:\/\/www.youtube.com\/watch?v=HfpJnWHfR_c<\/a><noscript>Video can&#8217;t be loaded because JavaScript is disabled: <a href=\"https:\/\/www.youtube.com\/watch?v=HfpJnWHfR_c\" title=\"\u041c\u0430\u0448\u0438\u043d\u0430 STvega Barrel Box L8500 \u0434\u043b\u044f \u0435\u0444\u0435\u043a\u0442\u0438\u0432\u043d\u043e\u0433\u043e \u0442\u0430 \u0430\u0432\u0442\u043e\u043c\u0430\u0442\u0438\u0437\u043e\u0432\u0430\u043d\u043e\u0433\u043e \u043c\u0438\u0442\u0442\u044f \u0440\u0456\u0437\u043d\u043e\u0457 \u043f\u043b\u0430\u0441\u0442\u0438\u043a\u043e\u0432\u043e\u0457 \u0442\u0430\u0440\u0438.\">\u041c\u0430\u0448\u0438\u043d\u0430 STvega Barrel Box L8500 \u0434\u043b\u044f \u0435\u0444\u0435\u043a\u0442\u0438\u0432\u043d\u043e\u0433\u043e \u0442\u0430 \u0430\u0432\u0442\u043e\u043c\u0430\u0442\u0438\u0437\u043e\u0432\u0430\u043d\u043e\u0433\u043e \u043c\u0438\u0442\u0442\u044f \u0440\u0456\u0437\u043d\u043e\u0457 \u043f\u043b\u0430\u0441\u0442\u0438\u043a\u043e\u0432\u043e\u0457 \u0442\u0430\u0440\u0438. (https:\/\/www.youtube.com\/watch?v=HfpJnWHfR_c)<\/a><\/noscript><\/div>\n\t\t\t\t\t<\/div>\n\t\t\t\t\t\t\t\t\t<\/div>\n\t<\/div>\n\t\t","protected":false},"excerpt":{"rendered":"<p><span class=\"tm7\"><strong>Maszyna STvega <\/strong><strong>Barrel Box L8500<\/strong> zosta\u0142a zaprojektowana do efektywnego i zautomatyzowanego mycia r\u00f3\u017cnych plastikowych pojemnik\u00f3w.<\/span><\/p>\n<p><strong>Specyfikacje:<\/strong><\/p>\n<p>[table id=&#8221;17&#8243; \/]<\/p>\n<p><span style=\"color: #0000ff;\"><strong>Unikalno\u015b\u0107 maszyny: <\/strong><\/span><span class=\"tm7\" style=\"color: #0000ff;\">mo\u017cliwo\u015b\u0107 dostosowania do klienta o dowolnej wielko\u015bci i parametrach, w zale\u017cno\u015bci od zada\u0144.<\/span><\/p>\n<div class=\"btn-bubble-icon\"><\/div>\n","protected":false},"featured_media":14693,"comment_status":"closed","ping_status":"closed","template":"","meta":{"_acf_changed":false,"inline_featured_image":false},"product_brand":[],"product_cat":[3646,3613],"product_tag":[7751,7749,5645,7750,7753,7752,5644],"class_list":{"0":"post-14668","1":"product","2":"type-product","3":"status-publish","4":"has-post-thumbnail","6":"product_cat-mycie-pojemnikow","7":"product_cat-pranie-i-czyszczenie","8":"product_tag-automatyczne-mycie-pojemnikow","9":"product_tag-mycie-pojemnikow-2","10":"product_tag-pralka-do-pojemnikow","11":"product_tag-pralka-do-pojemnikow-2","12":"product_tag-pralka-szufladowa","13":"product_tag-pudelka-na-pranie","14":"product_tag-sprzet-do-mycia-pojemnikow","16":"first","17":"instock","18":"shipping-taxable","19":"product-type-simple"},"acf":[],"yoast_head":"<!-- This site is optimized with the Yoast SEO plugin v27.5 - https:\/\/yoast.com\/product\/yoast-seo-wordpress\/ -->\n<title>\u041c\u0430\u0448\u0438\u043d\u0430 \u0434\u043b\u044f \u043c\u0438\u0442\u0442\u044f \u044f\u0449\u0438\u043a\u0456\u0432 (\u0442\u0430\u0440\u0438) STvega Barrel Box L8500 \u043a\u0443\u043f\u0438\u0442\u0438 \u0437\u0430 \u0432\u0438\u0433\u0456\u0434\u043d\u043e\u044e \u0446\u0456\u043d\u043e\u044e \u0432 \u043c\u0430\u0433\u0430\u0437\u0438\u043d\u0456 STvega<\/title>\n<meta name=\"description\" content=\"\u041c\u0430\u0448\u0438\u043d\u0430 \u0434\u043b\u044f \u043c\u0438\u0442\u0442\u044f \u044f\u0449\u0438\u043a\u0456\u0432 (\u0442\u0430\u0440\u0438) STvega Barrel Box L8500 | \u043a\u0443\u043f\u0438\u0442\u0438 \u0437\u0430 \ud83c\udf1f\u0432\u0438\u0433\u0456\u0434\u043d\u043e\u044e \u0446\u0456\u043d\u043e\u044e \u0432 \u043c\u0430\u0433\u0430\u0437\u0438\u043d\u0456 STvega\" \/>\n<meta name=\"robots\" content=\"index, follow, max-snippet:-1, max-image-preview:large, max-video-preview:-1\" \/>\n<link rel=\"canonical\" href=\"https:\/\/stvega.net\/pl\/product\/mashina-dlya-mittya-yashhikiv-tari-stvega-barrel-box-l8500\/\" \/>\n<meta property=\"og:locale\" content=\"pl_PL\" \/>\n<meta property=\"og:type\" content=\"article\" \/>\n<meta property=\"og:title\" content=\"\u041c\u0430\u0448\u0438\u043d\u0430 \u0434\u043b\u044f \u043c\u0438\u0442\u0442\u044f \u044f\u0449\u0438\u043a\u0456\u0432 (\u0442\u0430\u0440\u0438) STvega Barrel Box L8500 \u043a\u0443\u043f\u0438\u0442\u0438 \u0437\u0430 \u0432\u0438\u0433\u0456\u0434\u043d\u043e\u044e \u0446\u0456\u043d\u043e\u044e \u0432 \u043c\u0430\u0433\u0430\u0437\u0438\u043d\u0456 STvega\" \/>\n<meta property=\"og:description\" content=\"\u041c\u0430\u0448\u0438\u043d\u0430 \u0434\u043b\u044f \u043c\u0438\u0442\u0442\u044f \u044f\u0449\u0438\u043a\u0456\u0432 (\u0442\u0430\u0440\u0438) STvega Barrel Box L8500 | \u043a\u0443\u043f\u0438\u0442\u0438 \u0437\u0430 \ud83c\udf1f\u0432\u0438\u0433\u0456\u0434\u043d\u043e\u044e \u0446\u0456\u043d\u043e\u044e \u0432 \u043c\u0430\u0433\u0430\u0437\u0438\u043d\u0456 STvega\" \/>\n<meta property=\"og:url\" content=\"https:\/\/stvega.net\/pl\/product\/mashina-dlya-mittya-yashhikiv-tari-stvega-barrel-box-l8500\/\" \/>\n<meta property=\"og:site_name\" content=\"\u0448\u0438\u0440\u043e\u043a\u0438\u0439 \u0430\u0441\u043e\u0440\u0442\u0438\u043c\u0435\u043d\u0442 \u0445\u0430\u0440\u0447\u043e\u0432\u043e\u0433\u043e \u043f\u0440\u043e\u043c\u0438\u0441\u043b\u043e\u0432\u043e\u0433\u043e \u043e\u0431\u043b\u0430\u0434\u043d\u0430\u043d\u043d\u044f \u0434\u043b\u044f \u043f\u0435\u0440\u0435\u0440\u043e\u0431\u043a\u0438 \u043c\u2019\u044f\u0441\u0430, \u043e\u0432\u043e\u0447\u0456\u0432 \u0456 \u0444\u0440\u0443\u043a\u0442\u0456\u0432\u2b50\u0412\u0438\u0433\u0456\u0434\u043d\u0456 \u0446\u0456\u043d\u0438 \ud83e\uddbe\u0412\u0438\u0440\u043e\u0431\u043d\u0438\u0447\u0456 \u043b\u0456\u043d\u0456\u0457 \u043f\u0456\u0434 \u043a\u043b\u044e\u0447\ud83d\ude9a \u0414\u043e\u0441\u0442\u0430\u0432\u043a\u0430 \ud83d\udee0\u0421\u0435\u0440\u0432\u0456\u0441\" \/>\n<meta property=\"article:publisher\" content=\"https:\/\/www.facebook.com\/share\/9F1B4VxaHAC9E9HB\/?mibextid=qi2Omg\" \/>\n<meta property=\"og:image\" content=\"https:\/\/stvega.net\/wp-content\/uploads\/2024\/03\/123-2.jpg\" \/>\n\t<meta property=\"og:image:width\" content=\"1582\" \/>\n\t<meta property=\"og:image:height\" content=\"988\" \/>\n\t<meta property=\"og:image:type\" content=\"image\/jpeg\" \/>\n<meta name=\"twitter:card\" content=\"summary_large_image\" \/>\n<meta name=\"twitter:label1\" content=\"Szacowany czas czytania\" \/>\n\t<meta name=\"twitter:data1\" content=\"2 minuty\" \/>\n<script type=\"application\/ld+json\" class=\"yoast-schema-graph\">{\"@context\":\"https:\\\/\\\/schema.org\",\"@graph\":[{\"@type\":\"WebPage\",\"@id\":\"https:\\\/\\\/stvega.net\\\/pl\\\/product\\\/mashina-dlya-mittya-yashhikiv-tari-stvega-barrel-box-l8500\\\/\",\"url\":\"https:\\\/\\\/stvega.net\\\/pl\\\/product\\\/mashina-dlya-mittya-yashhikiv-tari-stvega-barrel-box-l8500\\\/\",\"name\":\"\u041c\u0430\u0448\u0438\u043d\u0430 \u0434\u043b\u044f \u043c\u0438\u0442\u0442\u044f \u044f\u0449\u0438\u043a\u0456\u0432 (\u0442\u0430\u0440\u0438) STvega Barrel Box L8500 \u043a\u0443\u043f\u0438\u0442\u0438 \u0437\u0430 \u0432\u0438\u0433\u0456\u0434\u043d\u043e\u044e \u0446\u0456\u043d\u043e\u044e \u0432 \u043c\u0430\u0433\u0430\u0437\u0438\u043d\u0456 STvega\",\"isPartOf\":{\"@id\":\"https:\\\/\\\/stvega.net\\\/pl\\\/#website\"},\"primaryImageOfPage\":{\"@id\":\"https:\\\/\\\/stvega.net\\\/pl\\\/product\\\/mashina-dlya-mittya-yashhikiv-tari-stvega-barrel-box-l8500\\\/#primaryimage\"},\"image\":{\"@id\":\"https:\\\/\\\/stvega.net\\\/pl\\\/product\\\/mashina-dlya-mittya-yashhikiv-tari-stvega-barrel-box-l8500\\\/#primaryimage\"},\"thumbnailUrl\":\"https:\\\/\\\/stvega.net\\\/wp-content\\\/uploads\\\/2024\\\/03\\\/123-2.jpg\",\"datePublished\":\"2024-03-18T12:28:53+00:00\",\"description\":\"\u041c\u0430\u0448\u0438\u043d\u0430 \u0434\u043b\u044f \u043c\u0438\u0442\u0442\u044f \u044f\u0449\u0438\u043a\u0456\u0432 (\u0442\u0430\u0440\u0438) STvega Barrel Box L8500 | \u043a\u0443\u043f\u0438\u0442\u0438 \u0437\u0430 \ud83c\udf1f\u0432\u0438\u0433\u0456\u0434\u043d\u043e\u044e \u0446\u0456\u043d\u043e\u044e \u0432 \u043c\u0430\u0433\u0430\u0437\u0438\u043d\u0456 STvega\",\"breadcrumb\":{\"@id\":\"https:\\\/\\\/stvega.net\\\/pl\\\/product\\\/mashina-dlya-mittya-yashhikiv-tari-stvega-barrel-box-l8500\\\/#breadcrumb\"},\"inLanguage\":\"pl-PL\",\"potentialAction\":[{\"@type\":\"ReadAction\",\"target\":[\"https:\\\/\\\/stvega.net\\\/pl\\\/product\\\/mashina-dlya-mittya-yashhikiv-tari-stvega-barrel-box-l8500\\\/\"]}]},{\"@type\":\"ImageObject\",\"inLanguage\":\"pl-PL\",\"@id\":\"https:\\\/\\\/stvega.net\\\/pl\\\/product\\\/mashina-dlya-mittya-yashhikiv-tari-stvega-barrel-box-l8500\\\/#primaryimage\",\"url\":\"https:\\\/\\\/stvega.net\\\/wp-content\\\/uploads\\\/2024\\\/03\\\/123-2.jpg\",\"contentUrl\":\"https:\\\/\\\/stvega.net\\\/wp-content\\\/uploads\\\/2024\\\/03\\\/123-2.jpg\",\"width\":1582,\"height\":988,\"caption\":\"Pralka do szuflad STvega Barrel Box L8500\"},{\"@type\":\"BreadcrumbList\",\"@id\":\"https:\\\/\\\/stvega.net\\\/pl\\\/product\\\/mashina-dlya-mittya-yashhikiv-tari-stvega-barrel-box-l8500\\\/#breadcrumb\",\"itemListElement\":[{\"@type\":\"ListItem\",\"position\":1,\"name\":\"Dom\",\"item\":\"https:\\\/\\\/stvega.net\\\/pl\\\/\"},{\"@type\":\"ListItem\",\"position\":2,\"name\":\"Katalog\",\"item\":\"https:\\\/\\\/stvega.net\\\/katalog\\\/\"},{\"@type\":\"ListItem\",\"position\":3,\"name\":\"\u041c\u0430\u0448\u0438\u043d\u0430 \u0434\u043b\u044f \u043c\u0438\u0442\u0442\u044f \u044f\u0449\u0438\u043a\u0456\u0432 (\u0442\u0430\u0440\u0438) STvega Barrel Box L8500\"}]},{\"@type\":\"WebSite\",\"@id\":\"https:\\\/\\\/stvega.net\\\/pl\\\/#website\",\"url\":\"https:\\\/\\\/stvega.net\\\/pl\\\/\",\"name\":\"STvega\",\"description\":\"\u0445\u0430\u0440\u0447\u043e\u0432\u0435 \u043f\u0440\u043e\u043c\u0438\u0441\u043b\u043e\u0432\u0435 \u043e\u0431\u043b\u0430\u0434\u043d\u0430\u043d\u043d\u044f\",\"publisher\":{\"@id\":\"https:\\\/\\\/stvega.net\\\/pl\\\/#organization\"},\"alternateName\":\"STvega - \u043e\u0432\u043e\u0447\u0435\u0440\u0456\u0437\u043a\u0438, \u0448\u043f\u0438\u0433\u043e\u0440\u0456\u0437\u043a\u0438, \u0441\u043b\u0430\u0439\u0441\u0435\u0440\u0438 \u0442\u0430 \u0456\u043d\u0448\u0435 \u0445\u0430\u0440\u0447\u043e\u0432\u0435 \u043e\u0431\u043b\u0430\u0434\u043d\u0430\u043d\u043d\u044f\",\"potentialAction\":[{\"@type\":\"SearchAction\",\"target\":{\"@type\":\"EntryPoint\",\"urlTemplate\":\"https:\\\/\\\/stvega.net\\\/pl\\\/?s={search_term_string}\"},\"query-input\":{\"@type\":\"PropertyValueSpecification\",\"valueRequired\":true,\"valueName\":\"search_term_string\"}}],\"inLanguage\":\"pl-PL\"},{\"@type\":\"Organization\",\"@id\":\"https:\\\/\\\/stvega.net\\\/pl\\\/#organization\",\"name\":\"STvega \u0425\u0410\u0420\u0427\u041e\u0412\u0415 \u041f\u0420\u041e\u041c\u0418\u0421\u041b\u041e\u0412\u0415 \u041e\u0411\u041b\u0410\u0414\u041d\u0410\u041d\u041d\u042f\",\"alternateName\":\"STvega - \u043e\u0432\u043e\u0447\u0435\u0440\u0456\u0437\u043a\u0438, \u0448\u043f\u0438\u0433\u043e\u0440\u0456\u0437\u043a\u0438, \u0441\u043b\u0430\u0439\u0441\u0435\u0440\u0438 \u0442\u0430 \u0456\u043d\u0448\u0435 \u0445\u0430\u0440\u0447\u043e\u0432\u0435 \u043e\u0431\u043b\u0430\u0434\u043d\u0430\u043d\u043d\u044f\",\"url\":\"https:\\\/\\\/stvega.net\\\/pl\\\/\",\"logo\":{\"@type\":\"ImageObject\",\"inLanguage\":\"pl-PL\",\"@id\":\"https:\\\/\\\/stvega.net\\\/pl\\\/#\\\/schema\\\/logo\\\/image\\\/\",\"url\":\"https:\\\/\\\/stvega.net\\\/wp-content\\\/uploads\\\/2024\\\/03\\\/dyzajn-bez-nazvanyya-1.png\",\"contentUrl\":\"https:\\\/\\\/stvega.net\\\/wp-content\\\/uploads\\\/2024\\\/03\\\/dyzajn-bez-nazvanyya-1.png\",\"width\":180,\"height\":180,\"caption\":\"STvega \u0425\u0410\u0420\u0427\u041e\u0412\u0415 \u041f\u0420\u041e\u041c\u0418\u0421\u041b\u041e\u0412\u0415 \u041e\u0411\u041b\u0410\u0414\u041d\u0410\u041d\u041d\u042f\"},\"image\":{\"@id\":\"https:\\\/\\\/stvega.net\\\/pl\\\/#\\\/schema\\\/logo\\\/image\\\/\"},\"sameAs\":[\"https:\\\/\\\/www.facebook.com\\\/share\\\/9F1B4VxaHAC9E9HB\\\/?mibextid=qi2Omg\"]}]}<\/script>\n<!-- \/ Yoast SEO plugin. -->","yoast_head_json":{"title":"\u041c\u0430\u0448\u0438\u043d\u0430 \u0434\u043b\u044f \u043c\u0438\u0442\u0442\u044f \u044f\u0449\u0438\u043a\u0456\u0432 (\u0442\u0430\u0440\u0438) STvega Barrel Box L8500 \u043a\u0443\u043f\u0438\u0442\u0438 \u0437\u0430 \u0432\u0438\u0433\u0456\u0434\u043d\u043e\u044e \u0446\u0456\u043d\u043e\u044e \u0432 \u043c\u0430\u0433\u0430\u0437\u0438\u043d\u0456 STvega","description":"\u041c\u0430\u0448\u0438\u043d\u0430 \u0434\u043b\u044f \u043c\u0438\u0442\u0442\u044f \u044f\u0449\u0438\u043a\u0456\u0432 (\u0442\u0430\u0440\u0438) STvega Barrel Box L8500 | \u043a\u0443\u043f\u0438\u0442\u0438 \u0437\u0430 \ud83c\udf1f\u0432\u0438\u0433\u0456\u0434\u043d\u043e\u044e \u0446\u0456\u043d\u043e\u044e \u0432 \u043c\u0430\u0433\u0430\u0437\u0438\u043d\u0456 STvega","robots":{"index":"index","follow":"follow","max-snippet":"max-snippet:-1","max-image-preview":"max-image-preview:large","max-video-preview":"max-video-preview:-1"},"canonical":"https:\/\/stvega.net\/pl\/product\/mashina-dlya-mittya-yashhikiv-tari-stvega-barrel-box-l8500\/","og_locale":"pl_PL","og_type":"article","og_title":"\u041c\u0430\u0448\u0438\u043d\u0430 \u0434\u043b\u044f \u043c\u0438\u0442\u0442\u044f \u044f\u0449\u0438\u043a\u0456\u0432 (\u0442\u0430\u0440\u0438) STvega Barrel Box L8500 \u043a\u0443\u043f\u0438\u0442\u0438 \u0437\u0430 \u0432\u0438\u0433\u0456\u0434\u043d\u043e\u044e \u0446\u0456\u043d\u043e\u044e \u0432 \u043c\u0430\u0433\u0430\u0437\u0438\u043d\u0456 STvega","og_description":"\u041c\u0430\u0448\u0438\u043d\u0430 \u0434\u043b\u044f \u043c\u0438\u0442\u0442\u044f \u044f\u0449\u0438\u043a\u0456\u0432 (\u0442\u0430\u0440\u0438) STvega Barrel Box L8500 | \u043a\u0443\u043f\u0438\u0442\u0438 \u0437\u0430 \ud83c\udf1f\u0432\u0438\u0433\u0456\u0434\u043d\u043e\u044e \u0446\u0456\u043d\u043e\u044e \u0432 \u043c\u0430\u0433\u0430\u0437\u0438\u043d\u0456 STvega","og_url":"https:\/\/stvega.net\/pl\/product\/mashina-dlya-mittya-yashhikiv-tari-stvega-barrel-box-l8500\/","og_site_name":"\u0448\u0438\u0440\u043e\u043a\u0438\u0439 \u0430\u0441\u043e\u0440\u0442\u0438\u043c\u0435\u043d\u0442 \u0445\u0430\u0440\u0447\u043e\u0432\u043e\u0433\u043e \u043f\u0440\u043e\u043c\u0438\u0441\u043b\u043e\u0432\u043e\u0433\u043e \u043e\u0431\u043b\u0430\u0434\u043d\u0430\u043d\u043d\u044f \u0434\u043b\u044f \u043f\u0435\u0440\u0435\u0440\u043e\u0431\u043a\u0438 \u043c\u2019\u044f\u0441\u0430, \u043e\u0432\u043e\u0447\u0456\u0432 \u0456 \u0444\u0440\u0443\u043a\u0442\u0456\u0432\u2b50\u0412\u0438\u0433\u0456\u0434\u043d\u0456 \u0446\u0456\u043d\u0438 \ud83e\uddbe\u0412\u0438\u0440\u043e\u0431\u043d\u0438\u0447\u0456 \u043b\u0456\u043d\u0456\u0457 \u043f\u0456\u0434 \u043a\u043b\u044e\u0447\ud83d\ude9a \u0414\u043e\u0441\u0442\u0430\u0432\u043a\u0430 \ud83d\udee0\u0421\u0435\u0440\u0432\u0456\u0441","article_publisher":"https:\/\/www.facebook.com\/share\/9F1B4VxaHAC9E9HB\/?mibextid=qi2Omg","og_image":[{"width":1582,"height":988,"url":"https:\/\/stvega.net\/wp-content\/uploads\/2024\/03\/123-2.jpg","type":"image\/jpeg"}],"twitter_card":"summary_large_image","twitter_misc":{"Szacowany czas czytania":"2 minuty"},"schema":{"@context":"https:\/\/schema.org","@graph":[{"@type":"WebPage","@id":"https:\/\/stvega.net\/pl\/product\/mashina-dlya-mittya-yashhikiv-tari-stvega-barrel-box-l8500\/","url":"https:\/\/stvega.net\/pl\/product\/mashina-dlya-mittya-yashhikiv-tari-stvega-barrel-box-l8500\/","name":"\u041c\u0430\u0448\u0438\u043d\u0430 \u0434\u043b\u044f \u043c\u0438\u0442\u0442\u044f \u044f\u0449\u0438\u043a\u0456\u0432 (\u0442\u0430\u0440\u0438) STvega Barrel Box L8500 \u043a\u0443\u043f\u0438\u0442\u0438 \u0437\u0430 \u0432\u0438\u0433\u0456\u0434\u043d\u043e\u044e \u0446\u0456\u043d\u043e\u044e \u0432 \u043c\u0430\u0433\u0430\u0437\u0438\u043d\u0456 STvega","isPartOf":{"@id":"https:\/\/stvega.net\/pl\/#website"},"primaryImageOfPage":{"@id":"https:\/\/stvega.net\/pl\/product\/mashina-dlya-mittya-yashhikiv-tari-stvega-barrel-box-l8500\/#primaryimage"},"image":{"@id":"https:\/\/stvega.net\/pl\/product\/mashina-dlya-mittya-yashhikiv-tari-stvega-barrel-box-l8500\/#primaryimage"},"thumbnailUrl":"https:\/\/stvega.net\/wp-content\/uploads\/2024\/03\/123-2.jpg","datePublished":"2024-03-18T12:28:53+00:00","description":"\u041c\u0430\u0448\u0438\u043d\u0430 \u0434\u043b\u044f \u043c\u0438\u0442\u0442\u044f \u044f\u0449\u0438\u043a\u0456\u0432 (\u0442\u0430\u0440\u0438) STvega Barrel Box L8500 | \u043a\u0443\u043f\u0438\u0442\u0438 \u0437\u0430 \ud83c\udf1f\u0432\u0438\u0433\u0456\u0434\u043d\u043e\u044e \u0446\u0456\u043d\u043e\u044e \u0432 \u043c\u0430\u0433\u0430\u0437\u0438\u043d\u0456 STvega","breadcrumb":{"@id":"https:\/\/stvega.net\/pl\/product\/mashina-dlya-mittya-yashhikiv-tari-stvega-barrel-box-l8500\/#breadcrumb"},"inLanguage":"pl-PL","potentialAction":[{"@type":"ReadAction","target":["https:\/\/stvega.net\/pl\/product\/mashina-dlya-mittya-yashhikiv-tari-stvega-barrel-box-l8500\/"]}]},{"@type":"ImageObject","inLanguage":"pl-PL","@id":"https:\/\/stvega.net\/pl\/product\/mashina-dlya-mittya-yashhikiv-tari-stvega-barrel-box-l8500\/#primaryimage","url":"https:\/\/stvega.net\/wp-content\/uploads\/2024\/03\/123-2.jpg","contentUrl":"https:\/\/stvega.net\/wp-content\/uploads\/2024\/03\/123-2.jpg","width":1582,"height":988,"caption":"Pralka do szuflad STvega Barrel Box L8500"},{"@type":"BreadcrumbList","@id":"https:\/\/stvega.net\/pl\/product\/mashina-dlya-mittya-yashhikiv-tari-stvega-barrel-box-l8500\/#breadcrumb","itemListElement":[{"@type":"ListItem","position":1,"name":"Dom","item":"https:\/\/stvega.net\/pl\/"},{"@type":"ListItem","position":2,"name":"Katalog","item":"https:\/\/stvega.net\/katalog\/"},{"@type":"ListItem","position":3,"name":"\u041c\u0430\u0448\u0438\u043d\u0430 \u0434\u043b\u044f \u043c\u0438\u0442\u0442\u044f \u044f\u0449\u0438\u043a\u0456\u0432 (\u0442\u0430\u0440\u0438) STvega Barrel Box L8500"}]},{"@type":"WebSite","@id":"https:\/\/stvega.net\/pl\/#website","url":"https:\/\/stvega.net\/pl\/","name":"STvega","description":"\u0445\u0430\u0440\u0447\u043e\u0432\u0435 \u043f\u0440\u043e\u043c\u0438\u0441\u043b\u043e\u0432\u0435 \u043e\u0431\u043b\u0430\u0434\u043d\u0430\u043d\u043d\u044f","publisher":{"@id":"https:\/\/stvega.net\/pl\/#organization"},"alternateName":"STvega - \u043e\u0432\u043e\u0447\u0435\u0440\u0456\u0437\u043a\u0438, \u0448\u043f\u0438\u0433\u043e\u0440\u0456\u0437\u043a\u0438, \u0441\u043b\u0430\u0439\u0441\u0435\u0440\u0438 \u0442\u0430 \u0456\u043d\u0448\u0435 \u0445\u0430\u0440\u0447\u043e\u0432\u0435 \u043e\u0431\u043b\u0430\u0434\u043d\u0430\u043d\u043d\u044f","potentialAction":[{"@type":"SearchAction","target":{"@type":"EntryPoint","urlTemplate":"https:\/\/stvega.net\/pl\/?s={search_term_string}"},"query-input":{"@type":"PropertyValueSpecification","valueRequired":true,"valueName":"search_term_string"}}],"inLanguage":"pl-PL"},{"@type":"Organization","@id":"https:\/\/stvega.net\/pl\/#organization","name":"STvega \u0425\u0410\u0420\u0427\u041e\u0412\u0415 \u041f\u0420\u041e\u041c\u0418\u0421\u041b\u041e\u0412\u0415 \u041e\u0411\u041b\u0410\u0414\u041d\u0410\u041d\u041d\u042f","alternateName":"STvega - \u043e\u0432\u043e\u0447\u0435\u0440\u0456\u0437\u043a\u0438, \u0448\u043f\u0438\u0433\u043e\u0440\u0456\u0437\u043a\u0438, \u0441\u043b\u0430\u0439\u0441\u0435\u0440\u0438 \u0442\u0430 \u0456\u043d\u0448\u0435 \u0445\u0430\u0440\u0447\u043e\u0432\u0435 \u043e\u0431\u043b\u0430\u0434\u043d\u0430\u043d\u043d\u044f","url":"https:\/\/stvega.net\/pl\/","logo":{"@type":"ImageObject","inLanguage":"pl-PL","@id":"https:\/\/stvega.net\/pl\/#\/schema\/logo\/image\/","url":"https:\/\/stvega.net\/wp-content\/uploads\/2024\/03\/dyzajn-bez-nazvanyya-1.png","contentUrl":"https:\/\/stvega.net\/wp-content\/uploads\/2024\/03\/dyzajn-bez-nazvanyya-1.png","width":180,"height":180,"caption":"STvega \u0425\u0410\u0420\u0427\u041e\u0412\u0415 \u041f\u0420\u041e\u041c\u0418\u0421\u041b\u041e\u0412\u0415 \u041e\u0411\u041b\u0410\u0414\u041d\u0410\u041d\u041d\u042f"},"image":{"@id":"https:\/\/stvega.net\/pl\/#\/schema\/logo\/image\/"},"sameAs":["https:\/\/www.facebook.com\/share\/9F1B4VxaHAC9E9HB\/?mibextid=qi2Omg"]}]}},"_links":{"self":[{"href":"https:\/\/stvega.net\/pl\/wp-json\/wp\/v2\/product\/14668","targetHints":{"allow":["GET"]}}],"collection":[{"href":"https:\/\/stvega.net\/pl\/wp-json\/wp\/v2\/product"}],"about":[{"href":"https:\/\/stvega.net\/pl\/wp-json\/wp\/v2\/types\/product"}],"replies":[{"embeddable":true,"href":"https:\/\/stvega.net\/pl\/wp-json\/wp\/v2\/comments?post=14668"}],"wp:featuredmedia":[{"embeddable":true,"href":"https:\/\/stvega.net\/pl\/wp-json\/wp\/v2\/media\/14693"}],"wp:attachment":[{"href":"https:\/\/stvega.net\/pl\/wp-json\/wp\/v2\/media?parent=14668"}],"wp:term":[{"taxonomy":"product_brand","embeddable":true,"href":"https:\/\/stvega.net\/pl\/wp-json\/wp\/v2\/product_brand?post=14668"},{"taxonomy":"product_cat","embeddable":true,"href":"https:\/\/stvega.net\/pl\/wp-json\/wp\/v2\/product_cat?post=14668"},{"taxonomy":"product_tag","embeddable":true,"href":"https:\/\/stvega.net\/pl\/wp-json\/wp\/v2\/product_tag?post=14668"}],"curies":[{"name":"wp","href":"https:\/\/api.w.org\/{rel}","templated":true}]}}