{"id":14159,"date":"2024-03-11T13:42:29","date_gmt":"2024-03-11T10:42:29","guid":{"rendered":"https:\/\/stvega.net\/product\/pasteryzator-z-kompresorem-do-produktow-mlecznych-sokow-piwa-i-innych-plynow-stvega-pasteurization-refrigeration-h500-1000\/"},"modified":"2024-03-11T13:42:29","modified_gmt":"2024-03-11T10:42:29","slug":"pasteryzator-z-kompresorem-do-produktow-mlecznych-sokow-piwa-i-innych-plynow-stvega-pasteurization-refrigeration-h500-1000","status":"publish","type":"product","link":"https:\/\/stvega.net\/pl\/product\/pasteryzator-z-kompresorem-do-produktow-mlecznych-sokow-piwa-i-innych-plynow-stvega-pasteurization-refrigeration-h500-1000\/","title":{"rendered":"Pasteryzator z kompresorem do produkt\u00f3w mlecznych, sok\u00f3w, piwa i innych p\u0142yn\u00f3w STvega Pasteurization Refrigeration H500\/1000"},"content":{"rendered":"<p>Spr\u0119\u017carka <strong>STvega Pasteryzacja Ch\u0142odnicza H500\/H1000<\/strong> zosta\u0142a zaprojektowana do pasteryzacji mleka i produkt\u00f3w mlecznych (krowego, owczaego, koziego itd.), a tak\u017ce sok\u00f3w, piwa, miodu i innych p\u0142yn\u00f3w. Pasteryzacja zapewnia zwi\u0119kszon\u0105 stabilno\u015b\u0107 i bezpiecze\u0144stwo produkt\u00f3w, wyd\u0142u\u017caj\u0105c ich okres przydatno\u015bci bez znacz\u0105cej utraty sk\u0142adnik\u00f3w od\u017cywczych i smaku. <\/p>\n<p>Sprz\u0119t wykonany jest ze stali nierdzewnej SUS 304, co zapewnia \u0142atw\u0105 konserwacj\u0119 i czyszczenie. Brak zamkni\u0119tych obwod\u00f3w eliminuje gromadzenie mikroorganizm\u00f3w w strefach stagnacji. Pasteryzator dzia\u0142a niezawodnie w r\u00f3\u017cnych warunkach pracy i spe\u0142nia normy bezpiecze\u0144stwa \u017cywno\u015bci.  <\/p>\n<p>Urz\u0105dzenie to mo\u017ce by\u0107 wykorzystywane jako cz\u0119\u015b\u0107 linii produkcyjnej w zak\u0142adach mleczarskich i mleczarskich, zak\u0142adach sok\u00f3w i konserw, a tak\u017ce w przemy\u015ble piwowarczym i winiarskim przemys\u0142u spo\u017cywczego.<\/p>\n<p>Zasada dzia\u0142ania pasteryzera polega na podawaniu produktu wewn\u0105trz aparatu, gdzie jest podgrzewany do okre\u015blonej temperatury przez okre\u015blony czas, po czym szybko stygnie, aby zapobiec d\u0142ugotrwa\u0142emu nara\u017caniu produktu na ciep\u0142o.<\/p>\n<p>Zalety sprz\u0119tu:<\/p>\n<ul>\n<li>Okres przydatno\u015bci produktu ro\u015bnie bez utraty jako\u015bci.<\/li>\n<li>Pasteryzator wyposa\u017cony jest w automatyczny system kontroli temperatury, kt\u00f3ry pozwala dostosowa\u0107 pr\u0119dko\u015b\u0107 pasteryzacji i temperatur\u0119 podgrzewania zgodnie z wymaganiami procesu.<\/li>\n<li>Mieszad\u0142o ze stali nierdzewnej obraca si\u0119 wewn\u0105trz zbiornika, zapewniaj\u0105c r\u00f3wnomierne podgrzewanie produktu.<\/li>\n<\/ul>\n<div class=\"responsive-table\"><table style=\"height: 829px;\" width=\"998\">\n<tbody>\n<tr>\n<td width=\"264\"><strong>Specyfikacje<\/strong><strong> <\/strong><\/td>\n<td width=\"255\"><strong>ch\u0142odzenia do pasteryzacji<\/strong><strong> H500<\/strong><\/td>\n<\/tr>\n<tr>\n<td width=\"264\">Wymiary, mm<\/td>\n<td width=\"255\">1400*1000*1900<\/td>\n<\/tr>\n<tr>\n<td width=\"264\">\u015arednica wlotu i wylotu, mm<\/td>\n<td width=\"255\">38<\/td>\n<\/tr>\n<tr>\n<td width=\"264\">Obj\u0119to\u015b\u0107, l<\/td>\n<td width=\"255\">500<\/td>\n<\/tr>\n<tr>\n<td width=\"264\">Pr\u0119dko\u015b\u0107 mieszania, obroty<\/td>\n<td width=\"255\">36<\/td>\n<\/tr>\n<tr>\n<td width=\"264\">Temperatura pasteryzacji, \u00b0C<\/td>\n<td width=\"255\">60-99 (regulowane)<\/td>\n<\/tr>\n<tr>\n<td width=\"264\">Czas pasteryzacji (jedna partia), minimum<\/td>\n<td width=\"255\">15-30 (regulowane)<\/td>\n<\/tr>\n<tr>\n<td width=\"264\">Moc grzewcza, kW<\/td>\n<td width=\"255\">24<\/td>\n<\/tr>\n<tr>\n<td width=\"264\">Moc agitatora, kW<\/td>\n<td width=\"255\">0,37<\/td>\n<\/tr>\n<tr>\n<td width=\"264\">Ci\u015bnienie robocze, MPa<\/td>\n<td width=\"255\">0,09<\/td>\n<\/tr>\n<tr>\n<td width=\"264\">Napi\u0119cie, V<\/td>\n<td width=\"255\">380<\/td>\n<\/tr>\n<tr>\n<td width=\"264\">Cz\u0119stotliwo\u015b\u0107, Hz<\/td>\n<td width=\"255\">50<\/td>\n<\/tr>\n<tr>\n<td width=\"264\">Materia\u0142<\/td>\n<td width=\"255\">Stal nierdzewna SUS 304<\/td>\n<\/tr>\n<\/tbody>\n<\/table><\/div>\n<p><br role=\"presentation\"><br role=\"presentation\"><span style=\"color: #0000ff;\"><br \/>\n<\/span><\/p>\n<p>Firma \u015bwiadczy pe\u0142n\u0105 obs\u0142ug\u0119 i serwis gwarancyjny.<\/p>\n<p>&nbsp;<\/p>\n","protected":false},"excerpt":{"rendered":"<p><span dir=\"ltr\" role=\"presentation\">Spr\u0119\u017carka <\/span><strong><span dir=\"ltr\" role=\"presentation\">STvega Pasteurization <\/span><\/strong><strong><span dir=\"ltr\" role=\"presentation\">Refrigeration H500\/1000<\/span><\/strong> zosta\u0142a <span dir=\"ltr\" role=\"presentation\"> zaprojektowana <\/span><span dir=\"ltr\" role=\"presentation\">do pasteryzacji mleka i <\/span><span dir=\"ltr\" role=\"presentation\">produkt\u00f3w mlecznych<\/span><span dir=\"ltr\" role=\"presentation\">, a tak\u017ce <\/span><span dir=\"ltr\" role=\"presentation\">sok\u00f3w, piwa, miodu i innych cieczy.<\/span><\/p>\n<p><strong><span dir=\"ltr\" role=\"presentation\">Specyfikacje <\/span><\/strong><strong> ch\u0142odzenia H<\/strong><strong>1000<\/strong> <strong>do pasteryzacji<\/strong>:<\/p>\n<p>&nbsp;<\/p>\n<p>[table id=&#8221;278&#8243; \/]<br role=\"presentation\"><br role=\"presentation\"><span style=\"color: #0000ff;\"><strong>Wyj\u0105tkowo\u015b\u0107 maszyny:<\/strong> <span dir=\"ltr\" role=\"presentation\"> mleko jest przetwarzane <\/span><span dir=\"ltr\" role=\"presentation\">w<\/span> <span dir=\"ltr\" role=\"presentation\">temperaturach do<\/span> 99 \u2070C <span dir=\"ltr\" role=\"presentation\">, <\/span><span dir=\"ltr\" role=\"presentation\">zachowuje si\u0119 korzystne bakterie, niszczy <\/span><span dir=\"ltr\" role=\"presentation\">szkodliwe <\/span><span dir=\"ltr\" role=\"presentation\">bakterie.<\/span><\/span><\/p>\n","protected":false},"featured_media":14168,"comment_status":"closed","ping_status":"closed","template":"","meta":{"_acf_changed":false,"inline_featured_image":false},"product_brand":[],"product_cat":[3678,3639],"product_tag":[4117,7620,7619,7613,7616,7614,4116,4125,4120],"class_list":{"0":"post-14159","1":"product","2":"type-product","3":"status-publish","4":"has-post-thumbnail","6":"product_cat-pasteryzacja","7":"product_cat-zabiegi-termiczne-i-inne","8":"product_tag-pasteryzacja","9":"product_tag-pasteryzacja-cieczy","10":"product_tag-pasteryzacja-miodu","11":"product_tag-pasteryzacja-mleka","12":"product_tag-pasteryzacja-piwa","13":"product_tag-pasteryzacja-soku","14":"product_tag-pasteryzator","15":"product_tag-pasteryzator-ze-sprezarka","16":"product_tag-sprzet-do-pasteryzacji","18":"first","19":"instock","20":"shipping-taxable","21":"product-type-simple"},"acf":[],"yoast_head":"<!-- This site is optimized with the Yoast SEO plugin v27.5 - https:\/\/yoast.com\/product\/yoast-seo-wordpress\/ -->\n<title>Pasteryzator z kompresorem do produkt\u00f3w mlecznych, sok\u00f3w, piwa i innych p\u0142yn\u00f3w STvega Pasteurization Refrigeration H500\/1000 \u043a\u0443\u043f\u0438\u0442\u0438 \u0437\u0430 \u0432\u0438\u0433\u0456\u0434\u043d\u043e\u044e \u0446\u0456\u043d\u043e\u044e \u0432 \u043c\u0430\u0433\u0430\u0437\u0438\u043d\u0456 STvega<\/title>\n<meta name=\"description\" content=\"Pasteryzator z kompresorem do produkt\u00f3w mlecznych, sok\u00f3w, piwa i innych p\u0142yn\u00f3w STvega Pasteurization Refrigeration H500\/1000 | \u043a\u0443\u043f\u0438\u0442\u0438 \u0437\u0430 \ud83c\udf1f\u0432\u0438\u0433\u0456\u0434\u043d\u043e\u044e \u0446\u0456\u043d\u043e\u044e \u0432 \u043c\u0430\u0433\u0430\u0437\u0438\u043d\u0456 STvega\" \/>\n<meta name=\"robots\" content=\"index, follow, max-snippet:-1, max-image-preview:large, max-video-preview:-1\" \/>\n<link rel=\"canonical\" href=\"https:\/\/stvega.net\/pl\/product\/pasteryzator-z-kompresorem-do-produktow-mlecznych-sokow-piwa-i-innych-plynow-stvega-pasteurization-refrigeration-h500-1000\/\" \/>\n<meta property=\"og:locale\" content=\"pl_PL\" \/>\n<meta property=\"og:type\" content=\"article\" \/>\n<meta property=\"og:title\" content=\"Pasteryzator z kompresorem do produkt\u00f3w mlecznych, sok\u00f3w, piwa i innych p\u0142yn\u00f3w STvega Pasteurization Refrigeration H500\/1000 \u043a\u0443\u043f\u0438\u0442\u0438 \u0437\u0430 \u0432\u0438\u0433\u0456\u0434\u043d\u043e\u044e \u0446\u0456\u043d\u043e\u044e \u0432 \u043c\u0430\u0433\u0430\u0437\u0438\u043d\u0456 STvega\" \/>\n<meta property=\"og:description\" content=\"Pasteryzator z kompresorem do produkt\u00f3w mlecznych, sok\u00f3w, piwa i innych p\u0142yn\u00f3w STvega Pasteurization Refrigeration H500\/1000 | \u043a\u0443\u043f\u0438\u0442\u0438 \u0437\u0430 \ud83c\udf1f\u0432\u0438\u0433\u0456\u0434\u043d\u043e\u044e \u0446\u0456\u043d\u043e\u044e \u0432 \u043c\u0430\u0433\u0430\u0437\u0438\u043d\u0456 STvega\" \/>\n<meta property=\"og:url\" content=\"https:\/\/stvega.net\/pl\/product\/pasteryzator-z-kompresorem-do-produktow-mlecznych-sokow-piwa-i-innych-plynow-stvega-pasteurization-refrigeration-h500-1000\/\" \/>\n<meta property=\"og:site_name\" content=\"\u0448\u0438\u0440\u043e\u043a\u0438\u0439 \u0430\u0441\u043e\u0440\u0442\u0438\u043c\u0435\u043d\u0442 \u0445\u0430\u0440\u0447\u043e\u0432\u043e\u0433\u043e \u043f\u0440\u043e\u043c\u0438\u0441\u043b\u043e\u0432\u043e\u0433\u043e \u043e\u0431\u043b\u0430\u0434\u043d\u0430\u043d\u043d\u044f \u0434\u043b\u044f \u043f\u0435\u0440\u0435\u0440\u043e\u0431\u043a\u0438 \u043c\u2019\u044f\u0441\u0430, \u043e\u0432\u043e\u0447\u0456\u0432 \u0456 \u0444\u0440\u0443\u043a\u0442\u0456\u0432\u2b50\u0412\u0438\u0433\u0456\u0434\u043d\u0456 \u0446\u0456\u043d\u0438 \ud83e\uddbe\u0412\u0438\u0440\u043e\u0431\u043d\u0438\u0447\u0456 \u043b\u0456\u043d\u0456\u0457 \u043f\u0456\u0434 \u043a\u043b\u044e\u0447\ud83d\ude9a \u0414\u043e\u0441\u0442\u0430\u0432\u043a\u0430 \ud83d\udee0\u0421\u0435\u0440\u0432\u0456\u0441\" \/>\n<meta property=\"article:publisher\" content=\"https:\/\/www.facebook.com\/share\/9F1B4VxaHAC9E9HB\/?mibextid=qi2Omg\" \/>\n<meta property=\"og:image\" content=\"https:\/\/stvega.net\/wp-content\/uploads\/2024\/03\/dyzajn-bez-nazvanyya-4.png\" \/>\n\t<meta property=\"og:image:width\" content=\"500\" \/>\n\t<meta property=\"og:image:height\" content=\"500\" \/>\n\t<meta property=\"og:image:type\" content=\"image\/png\" \/>\n<meta name=\"twitter:card\" content=\"summary_large_image\" \/>\n<meta name=\"twitter:label1\" content=\"Szacowany czas czytania\" \/>\n\t<meta name=\"twitter:data1\" content=\"1 minuta\" \/>\n<script type=\"application\/ld+json\" class=\"yoast-schema-graph\">{\"@context\":\"https:\\\/\\\/schema.org\",\"@graph\":[{\"@type\":\"WebPage\",\"@id\":\"https:\\\/\\\/stvega.net\\\/pl\\\/product\\\/pasteryzator-z-kompresorem-do-produktow-mlecznych-sokow-piwa-i-innych-plynow-stvega-pasteurization-refrigeration-h500-1000\\\/\",\"url\":\"https:\\\/\\\/stvega.net\\\/pl\\\/product\\\/pasteryzator-z-kompresorem-do-produktow-mlecznych-sokow-piwa-i-innych-plynow-stvega-pasteurization-refrigeration-h500-1000\\\/\",\"name\":\"Pasteryzator z kompresorem do produkt\u00f3w mlecznych, sok\u00f3w, piwa i innych p\u0142yn\u00f3w STvega Pasteurization Refrigeration H500\\\/1000 \u043a\u0443\u043f\u0438\u0442\u0438 \u0437\u0430 \u0432\u0438\u0433\u0456\u0434\u043d\u043e\u044e \u0446\u0456\u043d\u043e\u044e \u0432 \u043c\u0430\u0433\u0430\u0437\u0438\u043d\u0456 STvega\",\"isPartOf\":{\"@id\":\"https:\\\/\\\/stvega.net\\\/pl\\\/#website\"},\"primaryImageOfPage\":{\"@id\":\"https:\\\/\\\/stvega.net\\\/pl\\\/product\\\/pasteryzator-z-kompresorem-do-produktow-mlecznych-sokow-piwa-i-innych-plynow-stvega-pasteurization-refrigeration-h500-1000\\\/#primaryimage\"},\"image\":{\"@id\":\"https:\\\/\\\/stvega.net\\\/pl\\\/product\\\/pasteryzator-z-kompresorem-do-produktow-mlecznych-sokow-piwa-i-innych-plynow-stvega-pasteurization-refrigeration-h500-1000\\\/#primaryimage\"},\"thumbnailUrl\":\"https:\\\/\\\/stvega.net\\\/wp-content\\\/uploads\\\/2024\\\/03\\\/dyzajn-bez-nazvanyya-4.png\",\"datePublished\":\"2024-03-11T10:42:29+00:00\",\"description\":\"Pasteryzator z kompresorem do produkt\u00f3w mlecznych, sok\u00f3w, piwa i innych p\u0142yn\u00f3w STvega Pasteurization Refrigeration H500\\\/1000 | \u043a\u0443\u043f\u0438\u0442\u0438 \u0437\u0430 \ud83c\udf1f\u0432\u0438\u0433\u0456\u0434\u043d\u043e\u044e \u0446\u0456\u043d\u043e\u044e \u0432 \u043c\u0430\u0433\u0430\u0437\u0438\u043d\u0456 STvega\",\"breadcrumb\":{\"@id\":\"https:\\\/\\\/stvega.net\\\/pl\\\/product\\\/pasteryzator-z-kompresorem-do-produktow-mlecznych-sokow-piwa-i-innych-plynow-stvega-pasteurization-refrigeration-h500-1000\\\/#breadcrumb\"},\"inLanguage\":\"pl-PL\",\"potentialAction\":[{\"@type\":\"ReadAction\",\"target\":[\"https:\\\/\\\/stvega.net\\\/pl\\\/product\\\/pasteryzator-z-kompresorem-do-produktow-mlecznych-sokow-piwa-i-innych-plynow-stvega-pasteurization-refrigeration-h500-1000\\\/\"]}]},{\"@type\":\"ImageObject\",\"inLanguage\":\"pl-PL\",\"@id\":\"https:\\\/\\\/stvega.net\\\/pl\\\/product\\\/pasteryzator-z-kompresorem-do-produktow-mlecznych-sokow-piwa-i-innych-plynow-stvega-pasteurization-refrigeration-h500-1000\\\/#primaryimage\",\"url\":\"https:\\\/\\\/stvega.net\\\/wp-content\\\/uploads\\\/2024\\\/03\\\/dyzajn-bez-nazvanyya-4.png\",\"contentUrl\":\"https:\\\/\\\/stvega.net\\\/wp-content\\\/uploads\\\/2024\\\/03\\\/dyzajn-bez-nazvanyya-4.png\",\"width\":500,\"height\":500,\"caption\":\"Pasteryzator STvega Pasteryzacja Ch\u0142odzenie H 500\\\/1000\"},{\"@type\":\"BreadcrumbList\",\"@id\":\"https:\\\/\\\/stvega.net\\\/pl\\\/product\\\/pasteryzator-z-kompresorem-do-produktow-mlecznych-sokow-piwa-i-innych-plynow-stvega-pasteurization-refrigeration-h500-1000\\\/#breadcrumb\",\"itemListElement\":[{\"@type\":\"ListItem\",\"position\":1,\"name\":\"Dom\",\"item\":\"https:\\\/\\\/stvega.net\\\/pl\\\/\"},{\"@type\":\"ListItem\",\"position\":2,\"name\":\"Katalog\",\"item\":\"https:\\\/\\\/stvega.net\\\/katalog\\\/\"},{\"@type\":\"ListItem\",\"position\":3,\"name\":\"Pasteryzator z kompresorem do produkt\u00f3w mlecznych, sok\u00f3w, piwa i innych p\u0142yn\u00f3w STvega Pasteurization Refrigeration H500\\\/1000\"}]},{\"@type\":\"WebSite\",\"@id\":\"https:\\\/\\\/stvega.net\\\/pl\\\/#website\",\"url\":\"https:\\\/\\\/stvega.net\\\/pl\\\/\",\"name\":\"STvega\",\"description\":\"\u0445\u0430\u0440\u0447\u043e\u0432\u0435 \u043f\u0440\u043e\u043c\u0438\u0441\u043b\u043e\u0432\u0435 \u043e\u0431\u043b\u0430\u0434\u043d\u0430\u043d\u043d\u044f\",\"publisher\":{\"@id\":\"https:\\\/\\\/stvega.net\\\/pl\\\/#organization\"},\"alternateName\":\"STvega - \u043e\u0432\u043e\u0447\u0435\u0440\u0456\u0437\u043a\u0438, \u0448\u043f\u0438\u0433\u043e\u0440\u0456\u0437\u043a\u0438, \u0441\u043b\u0430\u0439\u0441\u0435\u0440\u0438 \u0442\u0430 \u0456\u043d\u0448\u0435 \u0445\u0430\u0440\u0447\u043e\u0432\u0435 \u043e\u0431\u043b\u0430\u0434\u043d\u0430\u043d\u043d\u044f\",\"potentialAction\":[{\"@type\":\"SearchAction\",\"target\":{\"@type\":\"EntryPoint\",\"urlTemplate\":\"https:\\\/\\\/stvega.net\\\/pl\\\/?s={search_term_string}\"},\"query-input\":{\"@type\":\"PropertyValueSpecification\",\"valueRequired\":true,\"valueName\":\"search_term_string\"}}],\"inLanguage\":\"pl-PL\"},{\"@type\":\"Organization\",\"@id\":\"https:\\\/\\\/stvega.net\\\/pl\\\/#organization\",\"name\":\"STvega \u0425\u0410\u0420\u0427\u041e\u0412\u0415 \u041f\u0420\u041e\u041c\u0418\u0421\u041b\u041e\u0412\u0415 \u041e\u0411\u041b\u0410\u0414\u041d\u0410\u041d\u041d\u042f\",\"alternateName\":\"STvega - \u043e\u0432\u043e\u0447\u0435\u0440\u0456\u0437\u043a\u0438, \u0448\u043f\u0438\u0433\u043e\u0440\u0456\u0437\u043a\u0438, \u0441\u043b\u0430\u0439\u0441\u0435\u0440\u0438 \u0442\u0430 \u0456\u043d\u0448\u0435 \u0445\u0430\u0440\u0447\u043e\u0432\u0435 \u043e\u0431\u043b\u0430\u0434\u043d\u0430\u043d\u043d\u044f\",\"url\":\"https:\\\/\\\/stvega.net\\\/pl\\\/\",\"logo\":{\"@type\":\"ImageObject\",\"inLanguage\":\"pl-PL\",\"@id\":\"https:\\\/\\\/stvega.net\\\/pl\\\/#\\\/schema\\\/logo\\\/image\\\/\",\"url\":\"https:\\\/\\\/stvega.net\\\/wp-content\\\/uploads\\\/2024\\\/03\\\/dyzajn-bez-nazvanyya-1.png\",\"contentUrl\":\"https:\\\/\\\/stvega.net\\\/wp-content\\\/uploads\\\/2024\\\/03\\\/dyzajn-bez-nazvanyya-1.png\",\"width\":180,\"height\":180,\"caption\":\"STvega \u0425\u0410\u0420\u0427\u041e\u0412\u0415 \u041f\u0420\u041e\u041c\u0418\u0421\u041b\u041e\u0412\u0415 \u041e\u0411\u041b\u0410\u0414\u041d\u0410\u041d\u041d\u042f\"},\"image\":{\"@id\":\"https:\\\/\\\/stvega.net\\\/pl\\\/#\\\/schema\\\/logo\\\/image\\\/\"},\"sameAs\":[\"https:\\\/\\\/www.facebook.com\\\/share\\\/9F1B4VxaHAC9E9HB\\\/?mibextid=qi2Omg\"]}]}<\/script>\n<!-- \/ Yoast SEO plugin. -->","yoast_head_json":{"title":"Pasteryzator z kompresorem do produkt\u00f3w mlecznych, sok\u00f3w, piwa i innych p\u0142yn\u00f3w STvega Pasteurization Refrigeration H500\/1000 \u043a\u0443\u043f\u0438\u0442\u0438 \u0437\u0430 \u0432\u0438\u0433\u0456\u0434\u043d\u043e\u044e \u0446\u0456\u043d\u043e\u044e \u0432 \u043c\u0430\u0433\u0430\u0437\u0438\u043d\u0456 STvega","description":"Pasteryzator z kompresorem do produkt\u00f3w mlecznych, sok\u00f3w, piwa i innych p\u0142yn\u00f3w STvega Pasteurization Refrigeration H500\/1000 | \u043a\u0443\u043f\u0438\u0442\u0438 \u0437\u0430 \ud83c\udf1f\u0432\u0438\u0433\u0456\u0434\u043d\u043e\u044e \u0446\u0456\u043d\u043e\u044e \u0432 \u043c\u0430\u0433\u0430\u0437\u0438\u043d\u0456 STvega","robots":{"index":"index","follow":"follow","max-snippet":"max-snippet:-1","max-image-preview":"max-image-preview:large","max-video-preview":"max-video-preview:-1"},"canonical":"https:\/\/stvega.net\/pl\/product\/pasteryzator-z-kompresorem-do-produktow-mlecznych-sokow-piwa-i-innych-plynow-stvega-pasteurization-refrigeration-h500-1000\/","og_locale":"pl_PL","og_type":"article","og_title":"Pasteryzator z kompresorem do produkt\u00f3w mlecznych, sok\u00f3w, piwa i innych p\u0142yn\u00f3w STvega Pasteurization Refrigeration H500\/1000 \u043a\u0443\u043f\u0438\u0442\u0438 \u0437\u0430 \u0432\u0438\u0433\u0456\u0434\u043d\u043e\u044e \u0446\u0456\u043d\u043e\u044e \u0432 \u043c\u0430\u0433\u0430\u0437\u0438\u043d\u0456 STvega","og_description":"Pasteryzator z kompresorem do produkt\u00f3w mlecznych, sok\u00f3w, piwa i innych p\u0142yn\u00f3w STvega Pasteurization Refrigeration H500\/1000 | \u043a\u0443\u043f\u0438\u0442\u0438 \u0437\u0430 \ud83c\udf1f\u0432\u0438\u0433\u0456\u0434\u043d\u043e\u044e \u0446\u0456\u043d\u043e\u044e \u0432 \u043c\u0430\u0433\u0430\u0437\u0438\u043d\u0456 STvega","og_url":"https:\/\/stvega.net\/pl\/product\/pasteryzator-z-kompresorem-do-produktow-mlecznych-sokow-piwa-i-innych-plynow-stvega-pasteurization-refrigeration-h500-1000\/","og_site_name":"\u0448\u0438\u0440\u043e\u043a\u0438\u0439 \u0430\u0441\u043e\u0440\u0442\u0438\u043c\u0435\u043d\u0442 \u0445\u0430\u0440\u0447\u043e\u0432\u043e\u0433\u043e \u043f\u0440\u043e\u043c\u0438\u0441\u043b\u043e\u0432\u043e\u0433\u043e \u043e\u0431\u043b\u0430\u0434\u043d\u0430\u043d\u043d\u044f \u0434\u043b\u044f \u043f\u0435\u0440\u0435\u0440\u043e\u0431\u043a\u0438 \u043c\u2019\u044f\u0441\u0430, \u043e\u0432\u043e\u0447\u0456\u0432 \u0456 \u0444\u0440\u0443\u043a\u0442\u0456\u0432\u2b50\u0412\u0438\u0433\u0456\u0434\u043d\u0456 \u0446\u0456\u043d\u0438 \ud83e\uddbe\u0412\u0438\u0440\u043e\u0431\u043d\u0438\u0447\u0456 \u043b\u0456\u043d\u0456\u0457 \u043f\u0456\u0434 \u043a\u043b\u044e\u0447\ud83d\ude9a \u0414\u043e\u0441\u0442\u0430\u0432\u043a\u0430 \ud83d\udee0\u0421\u0435\u0440\u0432\u0456\u0441","article_publisher":"https:\/\/www.facebook.com\/share\/9F1B4VxaHAC9E9HB\/?mibextid=qi2Omg","og_image":[{"width":500,"height":500,"url":"https:\/\/stvega.net\/wp-content\/uploads\/2024\/03\/dyzajn-bez-nazvanyya-4.png","type":"image\/png"}],"twitter_card":"summary_large_image","twitter_misc":{"Szacowany czas czytania":"1 minuta"},"schema":{"@context":"https:\/\/schema.org","@graph":[{"@type":"WebPage","@id":"https:\/\/stvega.net\/pl\/product\/pasteryzator-z-kompresorem-do-produktow-mlecznych-sokow-piwa-i-innych-plynow-stvega-pasteurization-refrigeration-h500-1000\/","url":"https:\/\/stvega.net\/pl\/product\/pasteryzator-z-kompresorem-do-produktow-mlecznych-sokow-piwa-i-innych-plynow-stvega-pasteurization-refrigeration-h500-1000\/","name":"Pasteryzator z kompresorem do produkt\u00f3w mlecznych, sok\u00f3w, piwa i innych p\u0142yn\u00f3w STvega Pasteurization Refrigeration H500\/1000 \u043a\u0443\u043f\u0438\u0442\u0438 \u0437\u0430 \u0432\u0438\u0433\u0456\u0434\u043d\u043e\u044e \u0446\u0456\u043d\u043e\u044e \u0432 \u043c\u0430\u0433\u0430\u0437\u0438\u043d\u0456 STvega","isPartOf":{"@id":"https:\/\/stvega.net\/pl\/#website"},"primaryImageOfPage":{"@id":"https:\/\/stvega.net\/pl\/product\/pasteryzator-z-kompresorem-do-produktow-mlecznych-sokow-piwa-i-innych-plynow-stvega-pasteurization-refrigeration-h500-1000\/#primaryimage"},"image":{"@id":"https:\/\/stvega.net\/pl\/product\/pasteryzator-z-kompresorem-do-produktow-mlecznych-sokow-piwa-i-innych-plynow-stvega-pasteurization-refrigeration-h500-1000\/#primaryimage"},"thumbnailUrl":"https:\/\/stvega.net\/wp-content\/uploads\/2024\/03\/dyzajn-bez-nazvanyya-4.png","datePublished":"2024-03-11T10:42:29+00:00","description":"Pasteryzator z kompresorem do produkt\u00f3w mlecznych, sok\u00f3w, piwa i innych p\u0142yn\u00f3w STvega Pasteurization Refrigeration H500\/1000 | \u043a\u0443\u043f\u0438\u0442\u0438 \u0437\u0430 \ud83c\udf1f\u0432\u0438\u0433\u0456\u0434\u043d\u043e\u044e \u0446\u0456\u043d\u043e\u044e \u0432 \u043c\u0430\u0433\u0430\u0437\u0438\u043d\u0456 STvega","breadcrumb":{"@id":"https:\/\/stvega.net\/pl\/product\/pasteryzator-z-kompresorem-do-produktow-mlecznych-sokow-piwa-i-innych-plynow-stvega-pasteurization-refrigeration-h500-1000\/#breadcrumb"},"inLanguage":"pl-PL","potentialAction":[{"@type":"ReadAction","target":["https:\/\/stvega.net\/pl\/product\/pasteryzator-z-kompresorem-do-produktow-mlecznych-sokow-piwa-i-innych-plynow-stvega-pasteurization-refrigeration-h500-1000\/"]}]},{"@type":"ImageObject","inLanguage":"pl-PL","@id":"https:\/\/stvega.net\/pl\/product\/pasteryzator-z-kompresorem-do-produktow-mlecznych-sokow-piwa-i-innych-plynow-stvega-pasteurization-refrigeration-h500-1000\/#primaryimage","url":"https:\/\/stvega.net\/wp-content\/uploads\/2024\/03\/dyzajn-bez-nazvanyya-4.png","contentUrl":"https:\/\/stvega.net\/wp-content\/uploads\/2024\/03\/dyzajn-bez-nazvanyya-4.png","width":500,"height":500,"caption":"Pasteryzator STvega Pasteryzacja Ch\u0142odzenie H 500\/1000"},{"@type":"BreadcrumbList","@id":"https:\/\/stvega.net\/pl\/product\/pasteryzator-z-kompresorem-do-produktow-mlecznych-sokow-piwa-i-innych-plynow-stvega-pasteurization-refrigeration-h500-1000\/#breadcrumb","itemListElement":[{"@type":"ListItem","position":1,"name":"Dom","item":"https:\/\/stvega.net\/pl\/"},{"@type":"ListItem","position":2,"name":"Katalog","item":"https:\/\/stvega.net\/katalog\/"},{"@type":"ListItem","position":3,"name":"Pasteryzator z kompresorem do produkt\u00f3w mlecznych, sok\u00f3w, piwa i innych p\u0142yn\u00f3w STvega Pasteurization Refrigeration H500\/1000"}]},{"@type":"WebSite","@id":"https:\/\/stvega.net\/pl\/#website","url":"https:\/\/stvega.net\/pl\/","name":"STvega","description":"\u0445\u0430\u0440\u0447\u043e\u0432\u0435 \u043f\u0440\u043e\u043c\u0438\u0441\u043b\u043e\u0432\u0435 \u043e\u0431\u043b\u0430\u0434\u043d\u0430\u043d\u043d\u044f","publisher":{"@id":"https:\/\/stvega.net\/pl\/#organization"},"alternateName":"STvega - \u043e\u0432\u043e\u0447\u0435\u0440\u0456\u0437\u043a\u0438, \u0448\u043f\u0438\u0433\u043e\u0440\u0456\u0437\u043a\u0438, \u0441\u043b\u0430\u0439\u0441\u0435\u0440\u0438 \u0442\u0430 \u0456\u043d\u0448\u0435 \u0445\u0430\u0440\u0447\u043e\u0432\u0435 \u043e\u0431\u043b\u0430\u0434\u043d\u0430\u043d\u043d\u044f","potentialAction":[{"@type":"SearchAction","target":{"@type":"EntryPoint","urlTemplate":"https:\/\/stvega.net\/pl\/?s={search_term_string}"},"query-input":{"@type":"PropertyValueSpecification","valueRequired":true,"valueName":"search_term_string"}}],"inLanguage":"pl-PL"},{"@type":"Organization","@id":"https:\/\/stvega.net\/pl\/#organization","name":"STvega \u0425\u0410\u0420\u0427\u041e\u0412\u0415 \u041f\u0420\u041e\u041c\u0418\u0421\u041b\u041e\u0412\u0415 \u041e\u0411\u041b\u0410\u0414\u041d\u0410\u041d\u041d\u042f","alternateName":"STvega - \u043e\u0432\u043e\u0447\u0435\u0440\u0456\u0437\u043a\u0438, \u0448\u043f\u0438\u0433\u043e\u0440\u0456\u0437\u043a\u0438, \u0441\u043b\u0430\u0439\u0441\u0435\u0440\u0438 \u0442\u0430 \u0456\u043d\u0448\u0435 \u0445\u0430\u0440\u0447\u043e\u0432\u0435 \u043e\u0431\u043b\u0430\u0434\u043d\u0430\u043d\u043d\u044f","url":"https:\/\/stvega.net\/pl\/","logo":{"@type":"ImageObject","inLanguage":"pl-PL","@id":"https:\/\/stvega.net\/pl\/#\/schema\/logo\/image\/","url":"https:\/\/stvega.net\/wp-content\/uploads\/2024\/03\/dyzajn-bez-nazvanyya-1.png","contentUrl":"https:\/\/stvega.net\/wp-content\/uploads\/2024\/03\/dyzajn-bez-nazvanyya-1.png","width":180,"height":180,"caption":"STvega \u0425\u0410\u0420\u0427\u041e\u0412\u0415 \u041f\u0420\u041e\u041c\u0418\u0421\u041b\u041e\u0412\u0415 \u041e\u0411\u041b\u0410\u0414\u041d\u0410\u041d\u041d\u042f"},"image":{"@id":"https:\/\/stvega.net\/pl\/#\/schema\/logo\/image\/"},"sameAs":["https:\/\/www.facebook.com\/share\/9F1B4VxaHAC9E9HB\/?mibextid=qi2Omg"]}]}},"_links":{"self":[{"href":"https:\/\/stvega.net\/pl\/wp-json\/wp\/v2\/product\/14159","targetHints":{"allow":["GET"]}}],"collection":[{"href":"https:\/\/stvega.net\/pl\/wp-json\/wp\/v2\/product"}],"about":[{"href":"https:\/\/stvega.net\/pl\/wp-json\/wp\/v2\/types\/product"}],"replies":[{"embeddable":true,"href":"https:\/\/stvega.net\/pl\/wp-json\/wp\/v2\/comments?post=14159"}],"wp:featuredmedia":[{"embeddable":true,"href":"https:\/\/stvega.net\/pl\/wp-json\/wp\/v2\/media\/14168"}],"wp:attachment":[{"href":"https:\/\/stvega.net\/pl\/wp-json\/wp\/v2\/media?parent=14159"}],"wp:term":[{"taxonomy":"product_brand","embeddable":true,"href":"https:\/\/stvega.net\/pl\/wp-json\/wp\/v2\/product_brand?post=14159"},{"taxonomy":"product_cat","embeddable":true,"href":"https:\/\/stvega.net\/pl\/wp-json\/wp\/v2\/product_cat?post=14159"},{"taxonomy":"product_tag","embeddable":true,"href":"https:\/\/stvega.net\/pl\/wp-json\/wp\/v2\/product_tag?post=14159"}],"curies":[{"name":"wp","href":"https:\/\/api.w.org\/{rel}","templated":true}]}}