{"id":13735,"date":"2024-03-25T11:11:40","date_gmt":"2024-03-25T08:11:40","guid":{"rendered":"https:\/\/stvega.net\/product\/przemyslowy-mlynek-do-suchych-produktow-stvega-seed-grinder-h100\/"},"modified":"2024-03-25T11:11:40","modified_gmt":"2024-03-25T08:11:40","slug":"przemyslowy-mlynek-do-suchych-produktow-stvega-seed-grinder-h100","status":"publish","type":"product","link":"https:\/\/stvega.net\/pl\/product\/przemyslowy-mlynek-do-suchych-produktow-stvega-seed-grinder-h100\/","title":{"rendered":"Przemys\u0142owy m\u0142ynek do suchych produkt\u00f3w STvega Seed Grinder H100"},"content":{"rendered":"<p class=\"tm6\"><span class=\"tm7\">Przemys\u0142owy m\u0142ynek <\/span><strong><span class=\"tm8\">STv<\/span><span class=\"tm8\">ega Seed Grinder H100<\/span><\/strong><span class=\"tm7\"> zosta\u0142 zaprojektowany do mielenia orzech\u00f3w, nasion i innych produkt\u00f3w o wysokiej zawarto\u015bci oleju, \u0142\u0105czy wysok\u0105 wydajno\u015b\u0107, doskona\u0142\u0105 jako\u015b\u0107 wykonania i niezawodno\u015b\u0107 oraz niskie zu\u017cycie energii. Wydajno\u015b\u0107 od 10 do 200 kg\/h. <\/span><span class=\"tm7\">Sprz\u0119t ten jest wykorzystywany w przemy\u015ble spo\u017cywczym i farmaceutycznym do mielenia r\u00f3\u017cnych produkt\u00f3w sta\u0142ych: orzech\u00f3w, minera\u0142\u00f3w, przypraw, zb\u00f3\u017c, suszonych ro\u015blin korzeniowych, korzeni, kory drzew i innych.<\/span><span class=\"tm11\"><br \/>\n<\/span><\/p>\n<p class=\"tm13\"><strong><span class=\"tm15\">Zasada dzia\u0142ania<\/span><\/strong><\/p>\n<p class=\"tm17\"><span class=\"tm7\">Produkt przeznaczony do mielenia trafia do zasobnika \u0142adunkowego, sk\u0105d przep\u0142ywa grawitacj\u0105 do wewn\u0119trznego b\u0119bna; obj\u0119to\u015b\u0107 podawania mo\u017cna regulowa\u0107 specjalnym t\u0142umikiem (nie przeci\u0105\u017caj zasobnika du\u017c\u0105 ilo\u015bci\u0105 produktu). W wewn\u0119trznym b\u0119bnie produkt jest mielony pomi\u0119dzy obracaj\u0105cymi si\u0119 no\u017cami a wewn\u0119trznym sitem. Rozdrobniony produkt przechodzi przez sito o okre\u015blonej wielko\u015bci kom\u00f3rki, co umo\u017cliwia uzyskanie produktu o okre\u015blonym stopniu mielenia na wyj\u015bciu, a nast\u0119pnie trafia do tacy na gotowe produkty.  <\/span><\/p>\n<p class=\"tm19\"><span class=\"tm7\"> <\/span><strong><span class=\"tm15\">Zalety sprz\u0119tu:<\/span><\/strong><\/p>\n<ul>\n<li class=\"tm23\"><span class=\"tm7\">Szlifowanie za pomoc\u0105 obracaj\u0105cego si\u0119 wirnika.<\/span><\/li>\n<li class=\"tm26\"><span class=\"tm7\">Uzyskanie wymaganej cz\u0119\u015bci gotowego produktu za pomoc\u0105 sit\u00f3w kalibracyjnych o r\u00f3\u017cnych rozmiarach otwor\u00f3w.<\/span><\/li>\n<li class=\"tm26\"><span class=\"tm7\">Konstrukcja portu wylotowego umo\u017cliwia monta\u017c materia\u0142owego worka, aby zminimalizowa\u0107 powstawanie kurzu podczas pracy.<\/span><\/li>\n<li class=\"tm26\"><span class=\"tm7\">Dzi\u0119ki specjalnej klapie w zasobniku za\u0142adunkowym mo\u017cna regulowa\u0107 pr\u0119dko\u015b\u0107 podawania produktu.<\/span><\/li>\n<li class=\"tm26\"><span class=\"tm7\">Konstrukcja ze stali nierdzewnej, wysoka wytrzyma\u0142o\u015b\u0107 i odporno\u015b\u0107 na zabrudzenie, maszyna jest \u0142atwa do roz\u0142o\u017cenia, czyszczenia i prania.<\/span><\/li>\n<li class=\"tm26\"><span class=\"tm24\"> <\/span><span class=\"tm7\">Drzwi komory roboczej s\u0105 solidnie zamocowane za pomoc\u0105 \u015brubowych zamk\u00f3w.<\/span><\/li>\n<\/ul>\n<p class=\"a________\">Firma zapewnia pe\u0142n\u0105 gwarancj\u0119 oraz serwis posprzeda\u017cowy.<\/p>\n\t<div class=\"section video\">\n\t\t<div class=\"row\">\n\t\t\t\t\t\t\t\t\t\t\t\t<div class=\"col-md-4 col-12\">\n\t\t\t\t\t\t<div class=\"container-lazyload preview-lazyload container-youtube js-lazyload--not-loaded\"><a href=\"https:\/\/www.youtube.com\/watch?v=_pa5F17y6Qo\" class=\"lazy-load-youtube preview-lazyload preview-youtube\" data-video-title=\"\u041f\u0440\u043e\u043c\u0438\u0441\u043b\u043e\u0432\u0438\u0445 \u0433\u0440\u0438\u043d\u0434\u0435\u0440 STvega Seed Grinder H100 \u0434\u043b\u044f \u043f\u043e\u0434\u0440\u0456\u0431\u043d\u0435\u043d\u043d\u044f \u0433\u043e\u0440\u0456\u0445\u0456\u0432, \u043d\u0430\u0441\u0456\u043d\u043d\u044f \u0442\u0430 \u0456\u043d\u0448\u0438\u0445 \u043f\u0440\u043e\u0434\u0443\u043a\u0442\u0456\u0432\" title=\"Play video &quot;\u041f\u0440\u043e\u043c\u0438\u0441\u043b\u043e\u0432\u0438\u0445 \u0433\u0440\u0438\u043d\u0434\u0435\u0440 STvega Seed Grinder H100 \u0434\u043b\u044f \u043f\u043e\u0434\u0440\u0456\u0431\u043d\u0435\u043d\u043d\u044f \u0433\u043e\u0440\u0456\u0445\u0456\u0432, \u043d\u0430\u0441\u0456\u043d\u043d\u044f \u0442\u0430 \u0456\u043d\u0448\u0438\u0445 \u043f\u0440\u043e\u0434\u0443\u043a\u0442\u0456\u0432&quot;\">https:\/\/www.youtube.com\/watch?v=_pa5F17y6Qo<\/a><noscript>Video can&#8217;t be loaded because JavaScript is disabled: <a href=\"https:\/\/www.youtube.com\/watch?v=_pa5F17y6Qo\" title=\"\u041f\u0440\u043e\u043c\u0438\u0441\u043b\u043e\u0432\u0438\u0445 \u0433\u0440\u0438\u043d\u0434\u0435\u0440 STvega Seed Grinder H100 \u0434\u043b\u044f \u043f\u043e\u0434\u0440\u0456\u0431\u043d\u0435\u043d\u043d\u044f \u0433\u043e\u0440\u0456\u0445\u0456\u0432, \u043d\u0430\u0441\u0456\u043d\u043d\u044f \u0442\u0430 \u0456\u043d\u0448\u0438\u0445 \u043f\u0440\u043e\u0434\u0443\u043a\u0442\u0456\u0432\">\u041f\u0440\u043e\u043c\u0438\u0441\u043b\u043e\u0432\u0438\u0445 \u0433\u0440\u0438\u043d\u0434\u0435\u0440 STvega Seed Grinder H100 \u0434\u043b\u044f \u043f\u043e\u0434\u0440\u0456\u0431\u043d\u0435\u043d\u043d\u044f \u0433\u043e\u0440\u0456\u0445\u0456\u0432, \u043d\u0430\u0441\u0456\u043d\u043d\u044f \u0442\u0430 \u0456\u043d\u0448\u0438\u0445 \u043f\u0440\u043e\u0434\u0443\u043a\u0442\u0456\u0432 (https:\/\/www.youtube.com\/watch?v=_pa5F17y6Qo)<\/a><\/noscript><\/div>\n\t\t\t\t\t<\/div>\n\t\t\t\t\t\t\t\t\t<div class=\"col-md-4 col-12\">\n\t\t\t\t\t\t<div class=\"container-lazyload preview-lazyload container-youtube js-lazyload--not-loaded\"><a href=\"https:\/\/www.youtube.com\/watch?v=IbvwoIiEfH4\" class=\"lazy-load-youtube preview-lazyload preview-youtube\" data-video-title=\"\u041f\u0440\u043e\u043c\u0438\u0441\u043b\u043e\u0432\u0438\u0439 \u0433\u0440\u0438\u043d\u0434\u0435\u0440 STvega Seed Grinder H100 \u0434\u043b\u044f \u043f\u043e\u0434\u0440\u0456\u0431\u043d\u0435\u043d\u043d\u044f \u0440\u0456\u0437\u043d\u0438\u0445 \u0441\u0443\u0445\u0438\u0445 \u043f\u0440\u043e\u0434\u0443\u043a\u0442\u0456\u0432 \u0443 \u043f\u043e\u0440\u043e\u0448\u043e\u043a\" title=\"Play video &quot;\u041f\u0440\u043e\u043c\u0438\u0441\u043b\u043e\u0432\u0438\u0439 \u0433\u0440\u0438\u043d\u0434\u0435\u0440 STvega Seed Grinder H100 \u0434\u043b\u044f \u043f\u043e\u0434\u0440\u0456\u0431\u043d\u0435\u043d\u043d\u044f \u0440\u0456\u0437\u043d\u0438\u0445 \u0441\u0443\u0445\u0438\u0445 \u043f\u0440\u043e\u0434\u0443\u043a\u0442\u0456\u0432 \u0443 \u043f\u043e\u0440\u043e\u0448\u043e\u043a&quot;\">https:\/\/www.youtube.com\/watch?v=IbvwoIiEfH4<\/a><noscript>Video can&#8217;t be loaded because JavaScript is disabled: <a href=\"https:\/\/www.youtube.com\/watch?v=IbvwoIiEfH4\" title=\"\u041f\u0440\u043e\u043c\u0438\u0441\u043b\u043e\u0432\u0438\u0439 \u0433\u0440\u0438\u043d\u0434\u0435\u0440 STvega Seed Grinder H100 \u0434\u043b\u044f \u043f\u043e\u0434\u0440\u0456\u0431\u043d\u0435\u043d\u043d\u044f \u0440\u0456\u0437\u043d\u0438\u0445 \u0441\u0443\u0445\u0438\u0445 \u043f\u0440\u043e\u0434\u0443\u043a\u0442\u0456\u0432 \u0443 \u043f\u043e\u0440\u043e\u0448\u043e\u043a\">\u041f\u0440\u043e\u043c\u0438\u0441\u043b\u043e\u0432\u0438\u0439 \u0433\u0440\u0438\u043d\u0434\u0435\u0440 STvega Seed Grinder H100 \u0434\u043b\u044f \u043f\u043e\u0434\u0440\u0456\u0431\u043d\u0435\u043d\u043d\u044f \u0440\u0456\u0437\u043d\u0438\u0445 \u0441\u0443\u0445\u0438\u0445 \u043f\u0440\u043e\u0434\u0443\u043a\u0442\u0456\u0432 \u0443 \u043f\u043e\u0440\u043e\u0448\u043e\u043a (https:\/\/www.youtube.com\/watch?v=IbvwoIiEfH4)<\/a><\/noscript><\/div>\n\t\t\t\t\t<\/div>\n\t\t\t\t\t\t\t\t\t<\/div>\n\t<\/div>\n\t\t","protected":false},"excerpt":{"rendered":"<p><span class=\"tm7\"> <\/span><strong><span class=\"tm8\">STv<\/span><span class=\"tm8\">ega Seed Grinder H100<\/span><\/strong> <span class=\"tm7\"> zosta\u0142 zaprojektowany do mielenia orzech\u00f3w, nasion i innych produkt\u00f3w o wysokiej zawarto\u015bci oleju.<\/span><\/p>\n<p><strong>Specyfikacje:<\/strong><\/p>\n<p>[table id=&#8221;42&#8243; \/]<\/p>\n<p><span style=\"color: #0000ff;\"><strong>Unikalno\u015b\u0107 maszyny: <\/strong><span class=\"tm7\">Niskie zu\u017cycie energii elektrycznej.<\/span><\/span><\/p>\n","protected":false},"featured_media":13772,"comment_status":"closed","ping_status":"closed","template":"","meta":{"_acf_changed":false,"inline_featured_image":false},"product_brand":[],"product_cat":[3453,3642,3670],"product_tag":[7396,7389,7385,7058,7391,7393,7386,7392,7383,7394,7399,3871,4321,3870,7401],"class_list":{"0":"post-13735","1":"product","2":"type-product","3":"status-publish","4":"has-post-thumbnail","6":"product_cat-krojenie-i-siekanie","7":"product_cat-mielenie-orzechow-przypraw-i-innych-produktow","8":"product_cat-orzechy","9":"product_tag-automatyczny-mlynek","10":"product_tag-maszyna-do-ciecia-orzechow","11":"product_tag-maszyna-do-mielenia-zywnosci","12":"product_tag-maszyna-do-niszczenia","13":"product_tag-mielenie-nasion","14":"product_tag-mielenie-produktow-suchych","15":"product_tag-mlynek-do-mielenia","16":"product_tag-mlynek-do-suchej-zywnosci","17":"product_tag-mlynek-przemyslowy","18":"product_tag-przemyslowe-mielenie","19":"product_tag-przetwarzanie-suchych-skladnikow","20":"product_tag-przetworstwo-przemyslowe","21":"product_tag-sprzet-dla-przemyslu-spozywczego","22":"product_tag-sprzet-do-przetwarzania-zywnosci","23":"product_tag-technologie-szlifowania","25":"first","26":"instock","27":"shipping-taxable","28":"product-type-simple"},"acf":[],"yoast_head":"<!-- This site is optimized with the Yoast SEO plugin v27.6 - https:\/\/yoast.com\/product\/yoast-seo-wordpress\/ -->\n<title>Przemys\u0142owy m\u0142ynek do suchych produkt\u00f3w STvega Seed Grinder H100 \u043a\u0443\u043f\u0438\u0442\u0438 \u0437\u0430 \u0432\u0438\u0433\u0456\u0434\u043d\u043e\u044e \u0446\u0456\u043d\u043e\u044e \u0432 \u043c\u0430\u0433\u0430\u0437\u0438\u043d\u0456 STvega<\/title>\n<meta name=\"description\" content=\"Przemys\u0142owy m\u0142ynek do suchych produkt\u00f3w STvega Seed Grinder H100 | \u043a\u0443\u043f\u0438\u0442\u0438 \u0437\u0430 \ud83c\udf1f\u0432\u0438\u0433\u0456\u0434\u043d\u043e\u044e \u0446\u0456\u043d\u043e\u044e \u0432 \u043c\u0430\u0433\u0430\u0437\u0438\u043d\u0456 STvega\" \/>\n<meta name=\"robots\" content=\"index, follow, max-snippet:-1, max-image-preview:large, max-video-preview:-1\" \/>\n<link rel=\"canonical\" href=\"https:\/\/stvega.net\/pl\/product\/przemyslowy-mlynek-do-suchych-produktow-stvega-seed-grinder-h100\/\" \/>\n<meta property=\"og:locale\" content=\"pl_PL\" \/>\n<meta property=\"og:type\" content=\"article\" \/>\n<meta property=\"og:title\" content=\"Przemys\u0142owy m\u0142ynek do suchych produkt\u00f3w STvega Seed Grinder H100 \u043a\u0443\u043f\u0438\u0442\u0438 \u0437\u0430 \u0432\u0438\u0433\u0456\u0434\u043d\u043e\u044e \u0446\u0456\u043d\u043e\u044e \u0432 \u043c\u0430\u0433\u0430\u0437\u0438\u043d\u0456 STvega\" \/>\n<meta property=\"og:description\" content=\"Przemys\u0142owy m\u0142ynek do suchych produkt\u00f3w STvega Seed Grinder H100 | \u043a\u0443\u043f\u0438\u0442\u0438 \u0437\u0430 \ud83c\udf1f\u0432\u0438\u0433\u0456\u0434\u043d\u043e\u044e \u0446\u0456\u043d\u043e\u044e \u0432 \u043c\u0430\u0433\u0430\u0437\u0438\u043d\u0456 STvega\" \/>\n<meta property=\"og:url\" content=\"https:\/\/stvega.net\/pl\/product\/przemyslowy-mlynek-do-suchych-produktow-stvega-seed-grinder-h100\/\" \/>\n<meta property=\"og:site_name\" content=\"\u0448\u0438\u0440\u043e\u043a\u0438\u0439 \u0430\u0441\u043e\u0440\u0442\u0438\u043c\u0435\u043d\u0442 \u0445\u0430\u0440\u0447\u043e\u0432\u043e\u0433\u043e \u043f\u0440\u043e\u043c\u0438\u0441\u043b\u043e\u0432\u043e\u0433\u043e \u043e\u0431\u043b\u0430\u0434\u043d\u0430\u043d\u043d\u044f \u0434\u043b\u044f \u043f\u0435\u0440\u0435\u0440\u043e\u0431\u043a\u0438 \u043c\u2019\u044f\u0441\u0430, \u043e\u0432\u043e\u0447\u0456\u0432 \u0456 \u0444\u0440\u0443\u043a\u0442\u0456\u0432\u2b50\u0412\u0438\u0433\u0456\u0434\u043d\u0456 \u0446\u0456\u043d\u0438 \ud83e\uddbe\u0412\u0438\u0440\u043e\u0431\u043d\u0438\u0447\u0456 \u043b\u0456\u043d\u0456\u0457 \u043f\u0456\u0434 \u043a\u043b\u044e\u0447\ud83d\ude9a \u0414\u043e\u0441\u0442\u0430\u0432\u043a\u0430 \ud83d\udee0\u0421\u0435\u0440\u0432\u0456\u0441\" \/>\n<meta property=\"article:publisher\" content=\"https:\/\/www.facebook.com\/share\/9F1B4VxaHAC9E9HB\/?mibextid=qi2Omg\" \/>\n<meta property=\"og:image\" content=\"https:\/\/stvega.net\/wp-content\/uploads\/2024\/03\/picture1-1-4.png\" \/>\n\t<meta property=\"og:image:width\" content=\"779\" \/>\n\t<meta property=\"og:image:height\" content=\"939\" \/>\n\t<meta property=\"og:image:type\" content=\"image\/png\" \/>\n<meta name=\"twitter:card\" content=\"summary_large_image\" \/>\n<meta name=\"twitter:label1\" content=\"Szacowany czas czytania\" \/>\n\t<meta name=\"twitter:data1\" content=\"1 minuta\" \/>\n<script type=\"application\/ld+json\" class=\"yoast-schema-graph\">{\"@context\":\"https:\\\/\\\/schema.org\",\"@graph\":[{\"@type\":\"WebPage\",\"@id\":\"https:\\\/\\\/stvega.net\\\/pl\\\/product\\\/przemyslowy-mlynek-do-suchych-produktow-stvega-seed-grinder-h100\\\/\",\"url\":\"https:\\\/\\\/stvega.net\\\/pl\\\/product\\\/przemyslowy-mlynek-do-suchych-produktow-stvega-seed-grinder-h100\\\/\",\"name\":\"Przemys\u0142owy m\u0142ynek do suchych produkt\u00f3w STvega Seed Grinder H100 \u043a\u0443\u043f\u0438\u0442\u0438 \u0437\u0430 \u0432\u0438\u0433\u0456\u0434\u043d\u043e\u044e \u0446\u0456\u043d\u043e\u044e \u0432 \u043c\u0430\u0433\u0430\u0437\u0438\u043d\u0456 STvega\",\"isPartOf\":{\"@id\":\"https:\\\/\\\/stvega.net\\\/pl\\\/#website\"},\"primaryImageOfPage\":{\"@id\":\"https:\\\/\\\/stvega.net\\\/pl\\\/product\\\/przemyslowy-mlynek-do-suchych-produktow-stvega-seed-grinder-h100\\\/#primaryimage\"},\"image\":{\"@id\":\"https:\\\/\\\/stvega.net\\\/pl\\\/product\\\/przemyslowy-mlynek-do-suchych-produktow-stvega-seed-grinder-h100\\\/#primaryimage\"},\"thumbnailUrl\":\"https:\\\/\\\/stvega.net\\\/wp-content\\\/uploads\\\/2024\\\/03\\\/picture1-1-4.png\",\"datePublished\":\"2024-03-25T08:11:40+00:00\",\"description\":\"Przemys\u0142owy m\u0142ynek do suchych produkt\u00f3w STvega Seed Grinder H100 | \u043a\u0443\u043f\u0438\u0442\u0438 \u0437\u0430 \ud83c\udf1f\u0432\u0438\u0433\u0456\u0434\u043d\u043e\u044e \u0446\u0456\u043d\u043e\u044e \u0432 \u043c\u0430\u0433\u0430\u0437\u0438\u043d\u0456 STvega\",\"breadcrumb\":{\"@id\":\"https:\\\/\\\/stvega.net\\\/pl\\\/product\\\/przemyslowy-mlynek-do-suchych-produktow-stvega-seed-grinder-h100\\\/#breadcrumb\"},\"inLanguage\":\"pl-PL\",\"potentialAction\":[{\"@type\":\"ReadAction\",\"target\":[\"https:\\\/\\\/stvega.net\\\/pl\\\/product\\\/przemyslowy-mlynek-do-suchych-produktow-stvega-seed-grinder-h100\\\/\"]}]},{\"@type\":\"ImageObject\",\"inLanguage\":\"pl-PL\",\"@id\":\"https:\\\/\\\/stvega.net\\\/pl\\\/product\\\/przemyslowy-mlynek-do-suchych-produktow-stvega-seed-grinder-h100\\\/#primaryimage\",\"url\":\"https:\\\/\\\/stvega.net\\\/wp-content\\\/uploads\\\/2024\\\/03\\\/picture1-1-4.png\",\"contentUrl\":\"https:\\\/\\\/stvega.net\\\/wp-content\\\/uploads\\\/2024\\\/03\\\/picture1-1-4.png\",\"width\":779,\"height\":939,\"caption\":\"M\u0142ynek do nasion STvega H100\"},{\"@type\":\"BreadcrumbList\",\"@id\":\"https:\\\/\\\/stvega.net\\\/pl\\\/product\\\/przemyslowy-mlynek-do-suchych-produktow-stvega-seed-grinder-h100\\\/#breadcrumb\",\"itemListElement\":[{\"@type\":\"ListItem\",\"position\":1,\"name\":\"Dom\",\"item\":\"https:\\\/\\\/stvega.net\\\/pl\\\/\"},{\"@type\":\"ListItem\",\"position\":2,\"name\":\"Katalog\",\"item\":\"https:\\\/\\\/stvega.net\\\/katalog\\\/\"},{\"@type\":\"ListItem\",\"position\":3,\"name\":\"Przemys\u0142owy m\u0142ynek do suchych produkt\u00f3w STvega Seed Grinder H100\"}]},{\"@type\":\"WebSite\",\"@id\":\"https:\\\/\\\/stvega.net\\\/pl\\\/#website\",\"url\":\"https:\\\/\\\/stvega.net\\\/pl\\\/\",\"name\":\"STvega\",\"description\":\"\u0445\u0430\u0440\u0447\u043e\u0432\u0435 \u043f\u0440\u043e\u043c\u0438\u0441\u043b\u043e\u0432\u0435 \u043e\u0431\u043b\u0430\u0434\u043d\u0430\u043d\u043d\u044f\",\"publisher\":{\"@id\":\"https:\\\/\\\/stvega.net\\\/pl\\\/#organization\"},\"alternateName\":\"STvega - \u043e\u0432\u043e\u0447\u0435\u0440\u0456\u0437\u043a\u0438, \u0448\u043f\u0438\u0433\u043e\u0440\u0456\u0437\u043a\u0438, \u0441\u043b\u0430\u0439\u0441\u0435\u0440\u0438 \u0442\u0430 \u0456\u043d\u0448\u0435 \u0445\u0430\u0440\u0447\u043e\u0432\u0435 \u043e\u0431\u043b\u0430\u0434\u043d\u0430\u043d\u043d\u044f\",\"potentialAction\":[{\"@type\":\"SearchAction\",\"target\":{\"@type\":\"EntryPoint\",\"urlTemplate\":\"https:\\\/\\\/stvega.net\\\/pl\\\/?s={search_term_string}\"},\"query-input\":{\"@type\":\"PropertyValueSpecification\",\"valueRequired\":true,\"valueName\":\"search_term_string\"}}],\"inLanguage\":\"pl-PL\"},{\"@type\":\"Organization\",\"@id\":\"https:\\\/\\\/stvega.net\\\/pl\\\/#organization\",\"name\":\"STvega \u0425\u0410\u0420\u0427\u041e\u0412\u0415 \u041f\u0420\u041e\u041c\u0418\u0421\u041b\u041e\u0412\u0415 \u041e\u0411\u041b\u0410\u0414\u041d\u0410\u041d\u041d\u042f\",\"alternateName\":\"STvega - \u043e\u0432\u043e\u0447\u0435\u0440\u0456\u0437\u043a\u0438, \u0448\u043f\u0438\u0433\u043e\u0440\u0456\u0437\u043a\u0438, \u0441\u043b\u0430\u0439\u0441\u0435\u0440\u0438 \u0442\u0430 \u0456\u043d\u0448\u0435 \u0445\u0430\u0440\u0447\u043e\u0432\u0435 \u043e\u0431\u043b\u0430\u0434\u043d\u0430\u043d\u043d\u044f\",\"url\":\"https:\\\/\\\/stvega.net\\\/pl\\\/\",\"logo\":{\"@type\":\"ImageObject\",\"inLanguage\":\"pl-PL\",\"@id\":\"https:\\\/\\\/stvega.net\\\/pl\\\/#\\\/schema\\\/logo\\\/image\\\/\",\"url\":\"https:\\\/\\\/stvega.net\\\/wp-content\\\/uploads\\\/2024\\\/03\\\/dyzajn-bez-nazvanyya-1.png\",\"contentUrl\":\"https:\\\/\\\/stvega.net\\\/wp-content\\\/uploads\\\/2024\\\/03\\\/dyzajn-bez-nazvanyya-1.png\",\"width\":180,\"height\":180,\"caption\":\"STvega \u0425\u0410\u0420\u0427\u041e\u0412\u0415 \u041f\u0420\u041e\u041c\u0418\u0421\u041b\u041e\u0412\u0415 \u041e\u0411\u041b\u0410\u0414\u041d\u0410\u041d\u041d\u042f\"},\"image\":{\"@id\":\"https:\\\/\\\/stvega.net\\\/pl\\\/#\\\/schema\\\/logo\\\/image\\\/\"},\"sameAs\":[\"https:\\\/\\\/www.facebook.com\\\/share\\\/9F1B4VxaHAC9E9HB\\\/?mibextid=qi2Omg\"]}]}<\/script>\n<!-- \/ Yoast SEO plugin. -->","yoast_head_json":{"title":"Przemys\u0142owy m\u0142ynek do suchych produkt\u00f3w STvega Seed Grinder H100 \u043a\u0443\u043f\u0438\u0442\u0438 \u0437\u0430 \u0432\u0438\u0433\u0456\u0434\u043d\u043e\u044e \u0446\u0456\u043d\u043e\u044e \u0432 \u043c\u0430\u0433\u0430\u0437\u0438\u043d\u0456 STvega","description":"Przemys\u0142owy m\u0142ynek do suchych produkt\u00f3w STvega Seed Grinder H100 | \u043a\u0443\u043f\u0438\u0442\u0438 \u0437\u0430 \ud83c\udf1f\u0432\u0438\u0433\u0456\u0434\u043d\u043e\u044e \u0446\u0456\u043d\u043e\u044e \u0432 \u043c\u0430\u0433\u0430\u0437\u0438\u043d\u0456 STvega","robots":{"index":"index","follow":"follow","max-snippet":"max-snippet:-1","max-image-preview":"max-image-preview:large","max-video-preview":"max-video-preview:-1"},"canonical":"https:\/\/stvega.net\/pl\/product\/przemyslowy-mlynek-do-suchych-produktow-stvega-seed-grinder-h100\/","og_locale":"pl_PL","og_type":"article","og_title":"Przemys\u0142owy m\u0142ynek do suchych produkt\u00f3w STvega Seed Grinder H100 \u043a\u0443\u043f\u0438\u0442\u0438 \u0437\u0430 \u0432\u0438\u0433\u0456\u0434\u043d\u043e\u044e \u0446\u0456\u043d\u043e\u044e \u0432 \u043c\u0430\u0433\u0430\u0437\u0438\u043d\u0456 STvega","og_description":"Przemys\u0142owy m\u0142ynek do suchych produkt\u00f3w STvega Seed Grinder H100 | \u043a\u0443\u043f\u0438\u0442\u0438 \u0437\u0430 \ud83c\udf1f\u0432\u0438\u0433\u0456\u0434\u043d\u043e\u044e \u0446\u0456\u043d\u043e\u044e \u0432 \u043c\u0430\u0433\u0430\u0437\u0438\u043d\u0456 STvega","og_url":"https:\/\/stvega.net\/pl\/product\/przemyslowy-mlynek-do-suchych-produktow-stvega-seed-grinder-h100\/","og_site_name":"\u0448\u0438\u0440\u043e\u043a\u0438\u0439 \u0430\u0441\u043e\u0440\u0442\u0438\u043c\u0435\u043d\u0442 \u0445\u0430\u0440\u0447\u043e\u0432\u043e\u0433\u043e \u043f\u0440\u043e\u043c\u0438\u0441\u043b\u043e\u0432\u043e\u0433\u043e \u043e\u0431\u043b\u0430\u0434\u043d\u0430\u043d\u043d\u044f \u0434\u043b\u044f \u043f\u0435\u0440\u0435\u0440\u043e\u0431\u043a\u0438 \u043c\u2019\u044f\u0441\u0430, \u043e\u0432\u043e\u0447\u0456\u0432 \u0456 \u0444\u0440\u0443\u043a\u0442\u0456\u0432\u2b50\u0412\u0438\u0433\u0456\u0434\u043d\u0456 \u0446\u0456\u043d\u0438 \ud83e\uddbe\u0412\u0438\u0440\u043e\u0431\u043d\u0438\u0447\u0456 \u043b\u0456\u043d\u0456\u0457 \u043f\u0456\u0434 \u043a\u043b\u044e\u0447\ud83d\ude9a \u0414\u043e\u0441\u0442\u0430\u0432\u043a\u0430 \ud83d\udee0\u0421\u0435\u0440\u0432\u0456\u0441","article_publisher":"https:\/\/www.facebook.com\/share\/9F1B4VxaHAC9E9HB\/?mibextid=qi2Omg","og_image":[{"width":779,"height":939,"url":"https:\/\/stvega.net\/wp-content\/uploads\/2024\/03\/picture1-1-4.png","type":"image\/png"}],"twitter_card":"summary_large_image","twitter_misc":{"Szacowany czas czytania":"1 minuta"},"schema":{"@context":"https:\/\/schema.org","@graph":[{"@type":"WebPage","@id":"https:\/\/stvega.net\/pl\/product\/przemyslowy-mlynek-do-suchych-produktow-stvega-seed-grinder-h100\/","url":"https:\/\/stvega.net\/pl\/product\/przemyslowy-mlynek-do-suchych-produktow-stvega-seed-grinder-h100\/","name":"Przemys\u0142owy m\u0142ynek do suchych produkt\u00f3w STvega Seed Grinder H100 \u043a\u0443\u043f\u0438\u0442\u0438 \u0437\u0430 \u0432\u0438\u0433\u0456\u0434\u043d\u043e\u044e \u0446\u0456\u043d\u043e\u044e \u0432 \u043c\u0430\u0433\u0430\u0437\u0438\u043d\u0456 STvega","isPartOf":{"@id":"https:\/\/stvega.net\/pl\/#website"},"primaryImageOfPage":{"@id":"https:\/\/stvega.net\/pl\/product\/przemyslowy-mlynek-do-suchych-produktow-stvega-seed-grinder-h100\/#primaryimage"},"image":{"@id":"https:\/\/stvega.net\/pl\/product\/przemyslowy-mlynek-do-suchych-produktow-stvega-seed-grinder-h100\/#primaryimage"},"thumbnailUrl":"https:\/\/stvega.net\/wp-content\/uploads\/2024\/03\/picture1-1-4.png","datePublished":"2024-03-25T08:11:40+00:00","description":"Przemys\u0142owy m\u0142ynek do suchych produkt\u00f3w STvega Seed Grinder H100 | \u043a\u0443\u043f\u0438\u0442\u0438 \u0437\u0430 \ud83c\udf1f\u0432\u0438\u0433\u0456\u0434\u043d\u043e\u044e \u0446\u0456\u043d\u043e\u044e \u0432 \u043c\u0430\u0433\u0430\u0437\u0438\u043d\u0456 STvega","breadcrumb":{"@id":"https:\/\/stvega.net\/pl\/product\/przemyslowy-mlynek-do-suchych-produktow-stvega-seed-grinder-h100\/#breadcrumb"},"inLanguage":"pl-PL","potentialAction":[{"@type":"ReadAction","target":["https:\/\/stvega.net\/pl\/product\/przemyslowy-mlynek-do-suchych-produktow-stvega-seed-grinder-h100\/"]}]},{"@type":"ImageObject","inLanguage":"pl-PL","@id":"https:\/\/stvega.net\/pl\/product\/przemyslowy-mlynek-do-suchych-produktow-stvega-seed-grinder-h100\/#primaryimage","url":"https:\/\/stvega.net\/wp-content\/uploads\/2024\/03\/picture1-1-4.png","contentUrl":"https:\/\/stvega.net\/wp-content\/uploads\/2024\/03\/picture1-1-4.png","width":779,"height":939,"caption":"M\u0142ynek do nasion STvega H100"},{"@type":"BreadcrumbList","@id":"https:\/\/stvega.net\/pl\/product\/przemyslowy-mlynek-do-suchych-produktow-stvega-seed-grinder-h100\/#breadcrumb","itemListElement":[{"@type":"ListItem","position":1,"name":"Dom","item":"https:\/\/stvega.net\/pl\/"},{"@type":"ListItem","position":2,"name":"Katalog","item":"https:\/\/stvega.net\/katalog\/"},{"@type":"ListItem","position":3,"name":"Przemys\u0142owy m\u0142ynek do suchych produkt\u00f3w STvega Seed Grinder H100"}]},{"@type":"WebSite","@id":"https:\/\/stvega.net\/pl\/#website","url":"https:\/\/stvega.net\/pl\/","name":"STvega","description":"\u0445\u0430\u0440\u0447\u043e\u0432\u0435 \u043f\u0440\u043e\u043c\u0438\u0441\u043b\u043e\u0432\u0435 \u043e\u0431\u043b\u0430\u0434\u043d\u0430\u043d\u043d\u044f","publisher":{"@id":"https:\/\/stvega.net\/pl\/#organization"},"alternateName":"STvega - \u043e\u0432\u043e\u0447\u0435\u0440\u0456\u0437\u043a\u0438, \u0448\u043f\u0438\u0433\u043e\u0440\u0456\u0437\u043a\u0438, \u0441\u043b\u0430\u0439\u0441\u0435\u0440\u0438 \u0442\u0430 \u0456\u043d\u0448\u0435 \u0445\u0430\u0440\u0447\u043e\u0432\u0435 \u043e\u0431\u043b\u0430\u0434\u043d\u0430\u043d\u043d\u044f","potentialAction":[{"@type":"SearchAction","target":{"@type":"EntryPoint","urlTemplate":"https:\/\/stvega.net\/pl\/?s={search_term_string}"},"query-input":{"@type":"PropertyValueSpecification","valueRequired":true,"valueName":"search_term_string"}}],"inLanguage":"pl-PL"},{"@type":"Organization","@id":"https:\/\/stvega.net\/pl\/#organization","name":"STvega \u0425\u0410\u0420\u0427\u041e\u0412\u0415 \u041f\u0420\u041e\u041c\u0418\u0421\u041b\u041e\u0412\u0415 \u041e\u0411\u041b\u0410\u0414\u041d\u0410\u041d\u041d\u042f","alternateName":"STvega - \u043e\u0432\u043e\u0447\u0435\u0440\u0456\u0437\u043a\u0438, \u0448\u043f\u0438\u0433\u043e\u0440\u0456\u0437\u043a\u0438, \u0441\u043b\u0430\u0439\u0441\u0435\u0440\u0438 \u0442\u0430 \u0456\u043d\u0448\u0435 \u0445\u0430\u0440\u0447\u043e\u0432\u0435 \u043e\u0431\u043b\u0430\u0434\u043d\u0430\u043d\u043d\u044f","url":"https:\/\/stvega.net\/pl\/","logo":{"@type":"ImageObject","inLanguage":"pl-PL","@id":"https:\/\/stvega.net\/pl\/#\/schema\/logo\/image\/","url":"https:\/\/stvega.net\/wp-content\/uploads\/2024\/03\/dyzajn-bez-nazvanyya-1.png","contentUrl":"https:\/\/stvega.net\/wp-content\/uploads\/2024\/03\/dyzajn-bez-nazvanyya-1.png","width":180,"height":180,"caption":"STvega \u0425\u0410\u0420\u0427\u041e\u0412\u0415 \u041f\u0420\u041e\u041c\u0418\u0421\u041b\u041e\u0412\u0415 \u041e\u0411\u041b\u0410\u0414\u041d\u0410\u041d\u041d\u042f"},"image":{"@id":"https:\/\/stvega.net\/pl\/#\/schema\/logo\/image\/"},"sameAs":["https:\/\/www.facebook.com\/share\/9F1B4VxaHAC9E9HB\/?mibextid=qi2Omg"]}]}},"_links":{"self":[{"href":"https:\/\/stvega.net\/pl\/wp-json\/wp\/v2\/product\/13735","targetHints":{"allow":["GET"]}}],"collection":[{"href":"https:\/\/stvega.net\/pl\/wp-json\/wp\/v2\/product"}],"about":[{"href":"https:\/\/stvega.net\/pl\/wp-json\/wp\/v2\/types\/product"}],"replies":[{"embeddable":true,"href":"https:\/\/stvega.net\/pl\/wp-json\/wp\/v2\/comments?post=13735"}],"wp:featuredmedia":[{"embeddable":true,"href":"https:\/\/stvega.net\/pl\/wp-json\/wp\/v2\/media\/13772"}],"wp:attachment":[{"href":"https:\/\/stvega.net\/pl\/wp-json\/wp\/v2\/media?parent=13735"}],"wp:term":[{"taxonomy":"product_brand","embeddable":true,"href":"https:\/\/stvega.net\/pl\/wp-json\/wp\/v2\/product_brand?post=13735"},{"taxonomy":"product_cat","embeddable":true,"href":"https:\/\/stvega.net\/pl\/wp-json\/wp\/v2\/product_cat?post=13735"},{"taxonomy":"product_tag","embeddable":true,"href":"https:\/\/stvega.net\/pl\/wp-json\/wp\/v2\/product_tag?post=13735"}],"curies":[{"name":"wp","href":"https:\/\/api.w.org\/{rel}","templated":true}]}}