{"id":13689,"date":"2024-03-22T18:15:08","date_gmt":"2024-03-22T15:15:08","guid":{"rendered":"https:\/\/stvega.net\/product\/mashina-dlya-vidalennya-kigtiv-na-kuryachih-lapkah-stvega-chicken-nails-remover-h150\/"},"modified":"2024-03-22T18:15:08","modified_gmt":"2024-03-22T15:15:08","slug":"mashina-dlya-vidalennya-kigtiv-na-kuryachih-lapkah-stvega-chicken-nails-remover-h150","status":"publish","type":"product","link":"https:\/\/stvega.net\/pl\/product\/mashina-dlya-vidalennya-kigtiv-na-kuryachih-lapkah-stvega-chicken-nails-remover-h150\/","title":{"rendered":"\u041c\u0430\u0448\u0438\u043d\u0430 \u0434\u043b\u044f \u0432\u0438\u0434\u0430\u043b\u0435\u043d\u043d\u044f \u043a\u0456\u0433\u0442\u0456\u0432 \u043d\u0430 \u043a\u0443\u0440\u044f\u0447\u0438\u0445 \u043b\u0430\u043f\u043a\u0430\u0445 STvega Chicken Nails Remover H150"},"content":{"rendered":"<p class=\"tm6\"><span class=\"tm7\"><strong>Maszyna STvega Chicken Nails Remover H150<\/strong><\/span><span class=\"tm7\"> zosta\u0142a zaprojektowana do usuwania pazur\u00f3w z kurzych n\u00f3g. Sprz\u0119t osi\u0105ga wysok\u0105 wydajno\u015b\u0107 \u2013 od 150 do 300 kg\/h, w zale\u017cno\u015bci od umiej\u0119tno\u015bci operatora.<\/span><\/p>\n<p class=\"tm10\"><span class=\"tm7\">Maszyna wykonana jest ze stali nierdzewnej i wyposa\u017cona w nogi regulowane wysoko\u015bciowo. Sprz\u0119t cechuje si\u0119 wysok\u0105 wydajno\u015bci\u0105, \u0142atw\u0105 obs\u0142ug\u0105 i konserwacj\u0105, wszystkie mechanizmy ruchome s\u0105 zamkni\u0119te ochronnymi os\u0142onami, co zapewnia bezpiecze\u0144stwo podczas eksploatacji.   <\/span><span class=\"tm7\">To urz\u0105dzenie dziesi\u0119ciokrotnie zwi\u0119ksza szybko\u015b\u0107 pracy w por\u00f3wnaniu z metodami usuwania pazur\u00f3w niemaszynowymi, zapewnia korzy\u015bci ekonomiczne i zwi\u0119ksza efektywno\u015b\u0107 produkcji.<\/span><span class=\"tm11\"><br \/>\n<\/span><\/p>\n<p class=\"tm10\"><span class=\"tm7\"> <\/span><strong><span class=\"tm14\">Zasada dzia\u0142ania:<\/span><\/strong><\/p>\n<p class=\"tm16\"><span class=\"tm7\">Produkt (udka kurczaka) jest podawany do okien za\u0142adunkowych, gdzie ze wzgl\u0119du na geometri\u0119 komory okienka za\u0142adunkowego ka\u017cdy palec kurzej stopki wchodzi do odpowiedniego kana\u0142u. Wewn\u0119trzna komora mie\u015bci pi\u0119\u0107 stale obracaj\u0105cych si\u0119 wirnik\u00f3w, z dwoma wyjmowanymi no\u017cami na ka\u017cdym. Pazur usuwa si\u0119, \u015bciskaj\u0105c go mi\u0119dzy \u0142\u00f3\u017ckiem okna za\u0142adunku a obracaj\u0105cymi si\u0119 no\u017cami. Wyd\u0142u\u017cone pazurki wpadaj\u0105 do nap\u0119du zamontowanego wewn\u0105trz pulpitu.   <\/span><\/p>\n<p class=\"tm18\"><span class=\"tm7\"> <\/span><strong><span class=\"tm14\">Zalety sprz\u0119tu<\/span><span class=\"tm14\">:<\/span><\/strong><\/p>\n<ul>\n<li class=\"tm22\"><span class=\"tm7\">System wyjmowanych no\u017cy u\u0142atwia wymian\u0119 t\u0119pych no\u017cy.<\/span><\/li>\n<li class=\"tm22\"><span class=\"tm7\">Ostrza tn\u0105ce wyr\u00f3\u017cniaj\u0105 si\u0119 ostro\u015bci\u0105, trwa\u0142o\u015bci\u0105 i dobr\u0105 jako\u015bci\u0105 ci\u0119cia.<\/span><\/li>\n<li class=\"tm22\"><span class=\"tm7\">Maszyna wykonana jest z grubej stali nierdzewnej wysokiej jako\u015bci, dzi\u0119ki czemu jest niezawodna i trwa\u0142a podczas u\u017cytkowania.<\/span><\/li>\n<li class=\"tm22\"><span class=\"tm7\">Intuicyjna i wygodna obs\u0142uga przy u\u017cyciu zewn\u0119trznej jednostki na zdalnej rurze.<\/span><\/li>\n<li class=\"tm22\"><span class=\"tm7\">Maszyna posiada tryb ci\u0105g\u0142ej pracy zapewniaj\u0105cy p\u0142ynn\u0105 produkcj\u0119 oraz prost\u0105 konstrukcj\u0119, kt\u00f3ra u\u0142atwia czyszczenie i konserwacj\u0119.<\/span><\/li>\n<\/ul>\n<p>Firma zapewnia pe\u0142n\u0105 gwarancj\u0119 oraz serwis posprzeda\u017cowy.<\/p>\n\t<div class=\"section video\">\n\t\t<div class=\"row\">\n\t\t\t\t\t\t\t\t\t\t\t\t<div class=\"col-md-4 col-12\">\n\t\t\t\t\t\t<div class=\"container-lazyload preview-lazyload container-youtube js-lazyload--not-loaded\"><a href=\"https:\/\/www.youtube.com\/watch?v=QiKJanH8Z-o\" class=\"lazy-load-youtube preview-lazyload preview-youtube\" data-video-title=\"\u041c\u0430\u0448\u0438\u043d\u0430 STvega Chicken Nails Remover H150 \u0434\u043b\u044f \u0432\u0438\u0434\u0430\u043b\u0435\u043d\u043d\u044f \u043f\u0430\u0437\u0443\u0440\u0456\u0432 \u0437 \u043a\u0443\u0440\u044f\u0447\u0438\u0445 \u043b\u0430\u043f\u043e\u043a\" title=\"Play video &quot;\u041c\u0430\u0448\u0438\u043d\u0430 STvega Chicken Nails Remover H150 \u0434\u043b\u044f \u0432\u0438\u0434\u0430\u043b\u0435\u043d\u043d\u044f \u043f\u0430\u0437\u0443\u0440\u0456\u0432 \u0437 \u043a\u0443\u0440\u044f\u0447\u0438\u0445 \u043b\u0430\u043f\u043e\u043a&quot;\">https:\/\/www.youtube.com\/watch?v=QiKJanH8Z-o<\/a><noscript>Video can&#8217;t be loaded because JavaScript is disabled: <a href=\"https:\/\/www.youtube.com\/watch?v=QiKJanH8Z-o\" title=\"\u041c\u0430\u0448\u0438\u043d\u0430 STvega Chicken Nails Remover H150 \u0434\u043b\u044f \u0432\u0438\u0434\u0430\u043b\u0435\u043d\u043d\u044f \u043f\u0430\u0437\u0443\u0440\u0456\u0432 \u0437 \u043a\u0443\u0440\u044f\u0447\u0438\u0445 \u043b\u0430\u043f\u043e\u043a\">\u041c\u0430\u0448\u0438\u043d\u0430 STvega Chicken Nails Remover H150 \u0434\u043b\u044f \u0432\u0438\u0434\u0430\u043b\u0435\u043d\u043d\u044f \u043f\u0430\u0437\u0443\u0440\u0456\u0432 \u0437 \u043a\u0443\u0440\u044f\u0447\u0438\u0445 \u043b\u0430\u043f\u043e\u043a (https:\/\/www.youtube.com\/watch?v=QiKJanH8Z-o)<\/a><\/noscript><\/div>\n\t\t\t\t\t<\/div>\n\t\t\t\t\t\t\t\t\t<\/div>\n\t<\/div>\n\t\t","protected":false},"excerpt":{"rendered":"<p><span class=\"tm7\"><strong>Maszyna STvega Chicken Nails Remover H150<\/strong><\/span><span class=\"tm7\"> zosta\u0142a zaprojektowana do usuwania pazur\u00f3w z kurzych n\u00f3g.<\/span><\/p>\n<p><strong>Specyfikacje:<\/strong><\/p>\n<p>[table id=&#8221;41&#8243; \/]<\/p>\n<p><span style=\"color: #0000ff;\"><strong>Unikalno\u015b\u0107 maszyny: Dzi\u0119ki<\/strong><span class=\"tm7\">szybszej pracy w por\u00f3wnaniu z metodami usuwania pazur\u00f3w niemaszynowymi, przynosi korzy\u015bci ekonomiczne i poprawia efektywno\u015b\u0107 produkcji.<\/span><\/span><\/p>\n<p>&nbsp;<\/p>\n","protected":false},"featured_media":13691,"comment_status":"closed","ping_status":"closed","template":"","meta":{"_acf_changed":false,"inline_featured_image":false},"product_brand":[],"product_cat":[3453],"product_tag":[4379,6741,7365,7359,7368,4626,7369,3870,3872,4377,7364,7361,4380],"class_list":{"0":"post-13689","1":"product","2":"type-product","3":"status-publish","4":"has-post-thumbnail","6":"product_cat-krojenie-i-siekanie","7":"product_tag-automatyzacja-procesow","8":"product_tag-kurczece-lapy","9":"product_tag-kurze-lapki","10":"product_tag-maszyna-do-usuwania-pazurow","11":"product_tag-przetworstwo-kurczaka-2","12":"product_tag-przetworstwo-miesa-2","13":"product_tag-sprzet-do-kurczakow","14":"product_tag-sprzet-do-przetwarzania-zywnosci","15":"product_tag-sprzet-przemyslowy","16":"product_tag-sprzet-zawodowy","17":"product_tag-usuniecie-pazurow","18":"product_tag-usuwanie-pazurow-z-kurzych-lap","19":"product_tag-wydajne-przetwarzanie","21":"first","22":"instock","23":"shipping-taxable","24":"product-type-simple"},"acf":[],"yoast_head":"<!-- This site is optimized with the Yoast SEO plugin v27.6 - https:\/\/yoast.com\/product\/yoast-seo-wordpress\/ -->\n<title>\u041c\u0430\u0448\u0438\u043d\u0430 \u0434\u043b\u044f \u0432\u0438\u0434\u0430\u043b\u0435\u043d\u043d\u044f \u043a\u0456\u0433\u0442\u0456\u0432 \u043d\u0430 \u043a\u0443\u0440\u044f\u0447\u0438\u0445 \u043b\u0430\u043f\u043a\u0430\u0445 STvega Chicken Nails Remover H150 \u043a\u0443\u043f\u0438\u0442\u0438 \u0437\u0430 \u0432\u0438\u0433\u0456\u0434\u043d\u043e\u044e \u0446\u0456\u043d\u043e\u044e \u0432 \u043c\u0430\u0433\u0430\u0437\u0438\u043d\u0456 STvega<\/title>\n<meta name=\"description\" content=\"\u041c\u0430\u0448\u0438\u043d\u0430 \u0434\u043b\u044f \u0432\u0438\u0434\u0430\u043b\u0435\u043d\u043d\u044f \u043a\u0456\u0433\u0442\u0456\u0432 \u043d\u0430 \u043a\u0443\u0440\u044f\u0447\u0438\u0445 \u043b\u0430\u043f\u043a\u0430\u0445 STvega Chicken Nails Remover H150 | \u043a\u0443\u043f\u0438\u0442\u0438 \u0437\u0430 \ud83c\udf1f\u0432\u0438\u0433\u0456\u0434\u043d\u043e\u044e \u0446\u0456\u043d\u043e\u044e \u0432 \u043c\u0430\u0433\u0430\u0437\u0438\u043d\u0456 STvega\" \/>\n<meta name=\"robots\" content=\"index, follow, max-snippet:-1, max-image-preview:large, max-video-preview:-1\" \/>\n<link rel=\"canonical\" href=\"https:\/\/stvega.net\/pl\/product\/mashina-dlya-vidalennya-kigtiv-na-kuryachih-lapkah-stvega-chicken-nails-remover-h150\/\" \/>\n<meta property=\"og:locale\" content=\"pl_PL\" \/>\n<meta property=\"og:type\" content=\"article\" \/>\n<meta property=\"og:title\" content=\"\u041c\u0430\u0448\u0438\u043d\u0430 \u0434\u043b\u044f \u0432\u0438\u0434\u0430\u043b\u0435\u043d\u043d\u044f \u043a\u0456\u0433\u0442\u0456\u0432 \u043d\u0430 \u043a\u0443\u0440\u044f\u0447\u0438\u0445 \u043b\u0430\u043f\u043a\u0430\u0445 STvega Chicken Nails Remover H150 \u043a\u0443\u043f\u0438\u0442\u0438 \u0437\u0430 \u0432\u0438\u0433\u0456\u0434\u043d\u043e\u044e \u0446\u0456\u043d\u043e\u044e \u0432 \u043c\u0430\u0433\u0430\u0437\u0438\u043d\u0456 STvega\" \/>\n<meta property=\"og:description\" content=\"\u041c\u0430\u0448\u0438\u043d\u0430 \u0434\u043b\u044f \u0432\u0438\u0434\u0430\u043b\u0435\u043d\u043d\u044f \u043a\u0456\u0433\u0442\u0456\u0432 \u043d\u0430 \u043a\u0443\u0440\u044f\u0447\u0438\u0445 \u043b\u0430\u043f\u043a\u0430\u0445 STvega Chicken Nails Remover H150 | \u043a\u0443\u043f\u0438\u0442\u0438 \u0437\u0430 \ud83c\udf1f\u0432\u0438\u0433\u0456\u0434\u043d\u043e\u044e \u0446\u0456\u043d\u043e\u044e \u0432 \u043c\u0430\u0433\u0430\u0437\u0438\u043d\u0456 STvega\" \/>\n<meta property=\"og:url\" content=\"https:\/\/stvega.net\/pl\/product\/mashina-dlya-vidalennya-kigtiv-na-kuryachih-lapkah-stvega-chicken-nails-remover-h150\/\" \/>\n<meta property=\"og:site_name\" content=\"\u0448\u0438\u0440\u043e\u043a\u0438\u0439 \u0430\u0441\u043e\u0440\u0442\u0438\u043c\u0435\u043d\u0442 \u0445\u0430\u0440\u0447\u043e\u0432\u043e\u0433\u043e \u043f\u0440\u043e\u043c\u0438\u0441\u043b\u043e\u0432\u043e\u0433\u043e \u043e\u0431\u043b\u0430\u0434\u043d\u0430\u043d\u043d\u044f \u0434\u043b\u044f \u043f\u0435\u0440\u0435\u0440\u043e\u0431\u043a\u0438 \u043c\u2019\u044f\u0441\u0430, \u043e\u0432\u043e\u0447\u0456\u0432 \u0456 \u0444\u0440\u0443\u043a\u0442\u0456\u0432\u2b50\u0412\u0438\u0433\u0456\u0434\u043d\u0456 \u0446\u0456\u043d\u0438 \ud83e\uddbe\u0412\u0438\u0440\u043e\u0431\u043d\u0438\u0447\u0456 \u043b\u0456\u043d\u0456\u0457 \u043f\u0456\u0434 \u043a\u043b\u044e\u0447\ud83d\ude9a \u0414\u043e\u0441\u0442\u0430\u0432\u043a\u0430 \ud83d\udee0\u0421\u0435\u0440\u0432\u0456\u0441\" \/>\n<meta property=\"article:publisher\" content=\"https:\/\/www.facebook.com\/share\/9F1B4VxaHAC9E9HB\/?mibextid=qi2Omg\" \/>\n<meta property=\"og:image\" content=\"https:\/\/stvega.net\/wp-content\/uploads\/2024\/03\/picture1-20.png\" \/>\n\t<meta property=\"og:image:width\" content=\"500\" \/>\n\t<meta property=\"og:image:height\" content=\"500\" \/>\n\t<meta property=\"og:image:type\" content=\"image\/png\" \/>\n<meta name=\"twitter:card\" content=\"summary_large_image\" \/>\n<meta name=\"twitter:label1\" content=\"Szacowany czas czytania\" \/>\n\t<meta name=\"twitter:data1\" content=\"1 minuta\" \/>\n<script type=\"application\/ld+json\" class=\"yoast-schema-graph\">{\"@context\":\"https:\\\/\\\/schema.org\",\"@graph\":[{\"@type\":\"WebPage\",\"@id\":\"https:\\\/\\\/stvega.net\\\/pl\\\/product\\\/mashina-dlya-vidalennya-kigtiv-na-kuryachih-lapkah-stvega-chicken-nails-remover-h150\\\/\",\"url\":\"https:\\\/\\\/stvega.net\\\/pl\\\/product\\\/mashina-dlya-vidalennya-kigtiv-na-kuryachih-lapkah-stvega-chicken-nails-remover-h150\\\/\",\"name\":\"\u041c\u0430\u0448\u0438\u043d\u0430 \u0434\u043b\u044f \u0432\u0438\u0434\u0430\u043b\u0435\u043d\u043d\u044f \u043a\u0456\u0433\u0442\u0456\u0432 \u043d\u0430 \u043a\u0443\u0440\u044f\u0447\u0438\u0445 \u043b\u0430\u043f\u043a\u0430\u0445 STvega Chicken Nails Remover H150 \u043a\u0443\u043f\u0438\u0442\u0438 \u0437\u0430 \u0432\u0438\u0433\u0456\u0434\u043d\u043e\u044e \u0446\u0456\u043d\u043e\u044e \u0432 \u043c\u0430\u0433\u0430\u0437\u0438\u043d\u0456 STvega\",\"isPartOf\":{\"@id\":\"https:\\\/\\\/stvega.net\\\/pl\\\/#website\"},\"primaryImageOfPage\":{\"@id\":\"https:\\\/\\\/stvega.net\\\/pl\\\/product\\\/mashina-dlya-vidalennya-kigtiv-na-kuryachih-lapkah-stvega-chicken-nails-remover-h150\\\/#primaryimage\"},\"image\":{\"@id\":\"https:\\\/\\\/stvega.net\\\/pl\\\/product\\\/mashina-dlya-vidalennya-kigtiv-na-kuryachih-lapkah-stvega-chicken-nails-remover-h150\\\/#primaryimage\"},\"thumbnailUrl\":\"https:\\\/\\\/stvega.net\\\/wp-content\\\/uploads\\\/2024\\\/03\\\/picture1-20.png\",\"datePublished\":\"2024-03-22T15:15:08+00:00\",\"description\":\"\u041c\u0430\u0448\u0438\u043d\u0430 \u0434\u043b\u044f \u0432\u0438\u0434\u0430\u043b\u0435\u043d\u043d\u044f \u043a\u0456\u0433\u0442\u0456\u0432 \u043d\u0430 \u043a\u0443\u0440\u044f\u0447\u0438\u0445 \u043b\u0430\u043f\u043a\u0430\u0445 STvega Chicken Nails Remover H150 | \u043a\u0443\u043f\u0438\u0442\u0438 \u0437\u0430 \ud83c\udf1f\u0432\u0438\u0433\u0456\u0434\u043d\u043e\u044e \u0446\u0456\u043d\u043e\u044e \u0432 \u043c\u0430\u0433\u0430\u0437\u0438\u043d\u0456 STvega\",\"breadcrumb\":{\"@id\":\"https:\\\/\\\/stvega.net\\\/pl\\\/product\\\/mashina-dlya-vidalennya-kigtiv-na-kuryachih-lapkah-stvega-chicken-nails-remover-h150\\\/#breadcrumb\"},\"inLanguage\":\"pl-PL\",\"potentialAction\":[{\"@type\":\"ReadAction\",\"target\":[\"https:\\\/\\\/stvega.net\\\/pl\\\/product\\\/mashina-dlya-vidalennya-kigtiv-na-kuryachih-lapkah-stvega-chicken-nails-remover-h150\\\/\"]}]},{\"@type\":\"ImageObject\",\"inLanguage\":\"pl-PL\",\"@id\":\"https:\\\/\\\/stvega.net\\\/pl\\\/product\\\/mashina-dlya-vidalennya-kigtiv-na-kuryachih-lapkah-stvega-chicken-nails-remover-h150\\\/#primaryimage\",\"url\":\"https:\\\/\\\/stvega.net\\\/wp-content\\\/uploads\\\/2024\\\/03\\\/picture1-20.png\",\"contentUrl\":\"https:\\\/\\\/stvega.net\\\/wp-content\\\/uploads\\\/2024\\\/03\\\/picture1-20.png\",\"width\":500,\"height\":500,\"caption\":\"STvega Chicken Feet Nails Ci\u0119cie usuwanie H150\"},{\"@type\":\"BreadcrumbList\",\"@id\":\"https:\\\/\\\/stvega.net\\\/pl\\\/product\\\/mashina-dlya-vidalennya-kigtiv-na-kuryachih-lapkah-stvega-chicken-nails-remover-h150\\\/#breadcrumb\",\"itemListElement\":[{\"@type\":\"ListItem\",\"position\":1,\"name\":\"Dom\",\"item\":\"https:\\\/\\\/stvega.net\\\/pl\\\/\"},{\"@type\":\"ListItem\",\"position\":2,\"name\":\"Katalog\",\"item\":\"https:\\\/\\\/stvega.net\\\/katalog\\\/\"},{\"@type\":\"ListItem\",\"position\":3,\"name\":\"\u041c\u0430\u0448\u0438\u043d\u0430 \u0434\u043b\u044f \u0432\u0438\u0434\u0430\u043b\u0435\u043d\u043d\u044f \u043a\u0456\u0433\u0442\u0456\u0432 \u043d\u0430 \u043a\u0443\u0440\u044f\u0447\u0438\u0445 \u043b\u0430\u043f\u043a\u0430\u0445 STvega Chicken Nails Remover H150\"}]},{\"@type\":\"WebSite\",\"@id\":\"https:\\\/\\\/stvega.net\\\/pl\\\/#website\",\"url\":\"https:\\\/\\\/stvega.net\\\/pl\\\/\",\"name\":\"STvega\",\"description\":\"\u0445\u0430\u0440\u0447\u043e\u0432\u0435 \u043f\u0440\u043e\u043c\u0438\u0441\u043b\u043e\u0432\u0435 \u043e\u0431\u043b\u0430\u0434\u043d\u0430\u043d\u043d\u044f\",\"publisher\":{\"@id\":\"https:\\\/\\\/stvega.net\\\/pl\\\/#organization\"},\"alternateName\":\"STvega - \u043e\u0432\u043e\u0447\u0435\u0440\u0456\u0437\u043a\u0438, \u0448\u043f\u0438\u0433\u043e\u0440\u0456\u0437\u043a\u0438, \u0441\u043b\u0430\u0439\u0441\u0435\u0440\u0438 \u0442\u0430 \u0456\u043d\u0448\u0435 \u0445\u0430\u0440\u0447\u043e\u0432\u0435 \u043e\u0431\u043b\u0430\u0434\u043d\u0430\u043d\u043d\u044f\",\"potentialAction\":[{\"@type\":\"SearchAction\",\"target\":{\"@type\":\"EntryPoint\",\"urlTemplate\":\"https:\\\/\\\/stvega.net\\\/pl\\\/?s={search_term_string}\"},\"query-input\":{\"@type\":\"PropertyValueSpecification\",\"valueRequired\":true,\"valueName\":\"search_term_string\"}}],\"inLanguage\":\"pl-PL\"},{\"@type\":\"Organization\",\"@id\":\"https:\\\/\\\/stvega.net\\\/pl\\\/#organization\",\"name\":\"STvega \u0425\u0410\u0420\u0427\u041e\u0412\u0415 \u041f\u0420\u041e\u041c\u0418\u0421\u041b\u041e\u0412\u0415 \u041e\u0411\u041b\u0410\u0414\u041d\u0410\u041d\u041d\u042f\",\"alternateName\":\"STvega - \u043e\u0432\u043e\u0447\u0435\u0440\u0456\u0437\u043a\u0438, \u0448\u043f\u0438\u0433\u043e\u0440\u0456\u0437\u043a\u0438, \u0441\u043b\u0430\u0439\u0441\u0435\u0440\u0438 \u0442\u0430 \u0456\u043d\u0448\u0435 \u0445\u0430\u0440\u0447\u043e\u0432\u0435 \u043e\u0431\u043b\u0430\u0434\u043d\u0430\u043d\u043d\u044f\",\"url\":\"https:\\\/\\\/stvega.net\\\/pl\\\/\",\"logo\":{\"@type\":\"ImageObject\",\"inLanguage\":\"pl-PL\",\"@id\":\"https:\\\/\\\/stvega.net\\\/pl\\\/#\\\/schema\\\/logo\\\/image\\\/\",\"url\":\"https:\\\/\\\/stvega.net\\\/wp-content\\\/uploads\\\/2024\\\/03\\\/dyzajn-bez-nazvanyya-1.png\",\"contentUrl\":\"https:\\\/\\\/stvega.net\\\/wp-content\\\/uploads\\\/2024\\\/03\\\/dyzajn-bez-nazvanyya-1.png\",\"width\":180,\"height\":180,\"caption\":\"STvega \u0425\u0410\u0420\u0427\u041e\u0412\u0415 \u041f\u0420\u041e\u041c\u0418\u0421\u041b\u041e\u0412\u0415 \u041e\u0411\u041b\u0410\u0414\u041d\u0410\u041d\u041d\u042f\"},\"image\":{\"@id\":\"https:\\\/\\\/stvega.net\\\/pl\\\/#\\\/schema\\\/logo\\\/image\\\/\"},\"sameAs\":[\"https:\\\/\\\/www.facebook.com\\\/share\\\/9F1B4VxaHAC9E9HB\\\/?mibextid=qi2Omg\"]}]}<\/script>\n<!-- \/ Yoast SEO plugin. -->","yoast_head_json":{"title":"\u041c\u0430\u0448\u0438\u043d\u0430 \u0434\u043b\u044f \u0432\u0438\u0434\u0430\u043b\u0435\u043d\u043d\u044f \u043a\u0456\u0433\u0442\u0456\u0432 \u043d\u0430 \u043a\u0443\u0440\u044f\u0447\u0438\u0445 \u043b\u0430\u043f\u043a\u0430\u0445 STvega Chicken Nails Remover H150 \u043a\u0443\u043f\u0438\u0442\u0438 \u0437\u0430 \u0432\u0438\u0433\u0456\u0434\u043d\u043e\u044e \u0446\u0456\u043d\u043e\u044e \u0432 \u043c\u0430\u0433\u0430\u0437\u0438\u043d\u0456 STvega","description":"\u041c\u0430\u0448\u0438\u043d\u0430 \u0434\u043b\u044f \u0432\u0438\u0434\u0430\u043b\u0435\u043d\u043d\u044f \u043a\u0456\u0433\u0442\u0456\u0432 \u043d\u0430 \u043a\u0443\u0440\u044f\u0447\u0438\u0445 \u043b\u0430\u043f\u043a\u0430\u0445 STvega Chicken Nails Remover H150 | \u043a\u0443\u043f\u0438\u0442\u0438 \u0437\u0430 \ud83c\udf1f\u0432\u0438\u0433\u0456\u0434\u043d\u043e\u044e \u0446\u0456\u043d\u043e\u044e \u0432 \u043c\u0430\u0433\u0430\u0437\u0438\u043d\u0456 STvega","robots":{"index":"index","follow":"follow","max-snippet":"max-snippet:-1","max-image-preview":"max-image-preview:large","max-video-preview":"max-video-preview:-1"},"canonical":"https:\/\/stvega.net\/pl\/product\/mashina-dlya-vidalennya-kigtiv-na-kuryachih-lapkah-stvega-chicken-nails-remover-h150\/","og_locale":"pl_PL","og_type":"article","og_title":"\u041c\u0430\u0448\u0438\u043d\u0430 \u0434\u043b\u044f \u0432\u0438\u0434\u0430\u043b\u0435\u043d\u043d\u044f \u043a\u0456\u0433\u0442\u0456\u0432 \u043d\u0430 \u043a\u0443\u0440\u044f\u0447\u0438\u0445 \u043b\u0430\u043f\u043a\u0430\u0445 STvega Chicken Nails Remover H150 \u043a\u0443\u043f\u0438\u0442\u0438 \u0437\u0430 \u0432\u0438\u0433\u0456\u0434\u043d\u043e\u044e \u0446\u0456\u043d\u043e\u044e \u0432 \u043c\u0430\u0433\u0430\u0437\u0438\u043d\u0456 STvega","og_description":"\u041c\u0430\u0448\u0438\u043d\u0430 \u0434\u043b\u044f \u0432\u0438\u0434\u0430\u043b\u0435\u043d\u043d\u044f \u043a\u0456\u0433\u0442\u0456\u0432 \u043d\u0430 \u043a\u0443\u0440\u044f\u0447\u0438\u0445 \u043b\u0430\u043f\u043a\u0430\u0445 STvega Chicken Nails Remover H150 | \u043a\u0443\u043f\u0438\u0442\u0438 \u0437\u0430 \ud83c\udf1f\u0432\u0438\u0433\u0456\u0434\u043d\u043e\u044e \u0446\u0456\u043d\u043e\u044e \u0432 \u043c\u0430\u0433\u0430\u0437\u0438\u043d\u0456 STvega","og_url":"https:\/\/stvega.net\/pl\/product\/mashina-dlya-vidalennya-kigtiv-na-kuryachih-lapkah-stvega-chicken-nails-remover-h150\/","og_site_name":"\u0448\u0438\u0440\u043e\u043a\u0438\u0439 \u0430\u0441\u043e\u0440\u0442\u0438\u043c\u0435\u043d\u0442 \u0445\u0430\u0440\u0447\u043e\u0432\u043e\u0433\u043e \u043f\u0440\u043e\u043c\u0438\u0441\u043b\u043e\u0432\u043e\u0433\u043e \u043e\u0431\u043b\u0430\u0434\u043d\u0430\u043d\u043d\u044f \u0434\u043b\u044f \u043f\u0435\u0440\u0435\u0440\u043e\u0431\u043a\u0438 \u043c\u2019\u044f\u0441\u0430, \u043e\u0432\u043e\u0447\u0456\u0432 \u0456 \u0444\u0440\u0443\u043a\u0442\u0456\u0432\u2b50\u0412\u0438\u0433\u0456\u0434\u043d\u0456 \u0446\u0456\u043d\u0438 \ud83e\uddbe\u0412\u0438\u0440\u043e\u0431\u043d\u0438\u0447\u0456 \u043b\u0456\u043d\u0456\u0457 \u043f\u0456\u0434 \u043a\u043b\u044e\u0447\ud83d\ude9a \u0414\u043e\u0441\u0442\u0430\u0432\u043a\u0430 \ud83d\udee0\u0421\u0435\u0440\u0432\u0456\u0441","article_publisher":"https:\/\/www.facebook.com\/share\/9F1B4VxaHAC9E9HB\/?mibextid=qi2Omg","og_image":[{"width":500,"height":500,"url":"https:\/\/stvega.net\/wp-content\/uploads\/2024\/03\/picture1-20.png","type":"image\/png"}],"twitter_card":"summary_large_image","twitter_misc":{"Szacowany czas czytania":"1 minuta"},"schema":{"@context":"https:\/\/schema.org","@graph":[{"@type":"WebPage","@id":"https:\/\/stvega.net\/pl\/product\/mashina-dlya-vidalennya-kigtiv-na-kuryachih-lapkah-stvega-chicken-nails-remover-h150\/","url":"https:\/\/stvega.net\/pl\/product\/mashina-dlya-vidalennya-kigtiv-na-kuryachih-lapkah-stvega-chicken-nails-remover-h150\/","name":"\u041c\u0430\u0448\u0438\u043d\u0430 \u0434\u043b\u044f \u0432\u0438\u0434\u0430\u043b\u0435\u043d\u043d\u044f \u043a\u0456\u0433\u0442\u0456\u0432 \u043d\u0430 \u043a\u0443\u0440\u044f\u0447\u0438\u0445 \u043b\u0430\u043f\u043a\u0430\u0445 STvega Chicken Nails Remover H150 \u043a\u0443\u043f\u0438\u0442\u0438 \u0437\u0430 \u0432\u0438\u0433\u0456\u0434\u043d\u043e\u044e \u0446\u0456\u043d\u043e\u044e \u0432 \u043c\u0430\u0433\u0430\u0437\u0438\u043d\u0456 STvega","isPartOf":{"@id":"https:\/\/stvega.net\/pl\/#website"},"primaryImageOfPage":{"@id":"https:\/\/stvega.net\/pl\/product\/mashina-dlya-vidalennya-kigtiv-na-kuryachih-lapkah-stvega-chicken-nails-remover-h150\/#primaryimage"},"image":{"@id":"https:\/\/stvega.net\/pl\/product\/mashina-dlya-vidalennya-kigtiv-na-kuryachih-lapkah-stvega-chicken-nails-remover-h150\/#primaryimage"},"thumbnailUrl":"https:\/\/stvega.net\/wp-content\/uploads\/2024\/03\/picture1-20.png","datePublished":"2024-03-22T15:15:08+00:00","description":"\u041c\u0430\u0448\u0438\u043d\u0430 \u0434\u043b\u044f \u0432\u0438\u0434\u0430\u043b\u0435\u043d\u043d\u044f \u043a\u0456\u0433\u0442\u0456\u0432 \u043d\u0430 \u043a\u0443\u0440\u044f\u0447\u0438\u0445 \u043b\u0430\u043f\u043a\u0430\u0445 STvega Chicken Nails Remover H150 | \u043a\u0443\u043f\u0438\u0442\u0438 \u0437\u0430 \ud83c\udf1f\u0432\u0438\u0433\u0456\u0434\u043d\u043e\u044e \u0446\u0456\u043d\u043e\u044e \u0432 \u043c\u0430\u0433\u0430\u0437\u0438\u043d\u0456 STvega","breadcrumb":{"@id":"https:\/\/stvega.net\/pl\/product\/mashina-dlya-vidalennya-kigtiv-na-kuryachih-lapkah-stvega-chicken-nails-remover-h150\/#breadcrumb"},"inLanguage":"pl-PL","potentialAction":[{"@type":"ReadAction","target":["https:\/\/stvega.net\/pl\/product\/mashina-dlya-vidalennya-kigtiv-na-kuryachih-lapkah-stvega-chicken-nails-remover-h150\/"]}]},{"@type":"ImageObject","inLanguage":"pl-PL","@id":"https:\/\/stvega.net\/pl\/product\/mashina-dlya-vidalennya-kigtiv-na-kuryachih-lapkah-stvega-chicken-nails-remover-h150\/#primaryimage","url":"https:\/\/stvega.net\/wp-content\/uploads\/2024\/03\/picture1-20.png","contentUrl":"https:\/\/stvega.net\/wp-content\/uploads\/2024\/03\/picture1-20.png","width":500,"height":500,"caption":"STvega Chicken Feet Nails Ci\u0119cie usuwanie H150"},{"@type":"BreadcrumbList","@id":"https:\/\/stvega.net\/pl\/product\/mashina-dlya-vidalennya-kigtiv-na-kuryachih-lapkah-stvega-chicken-nails-remover-h150\/#breadcrumb","itemListElement":[{"@type":"ListItem","position":1,"name":"Dom","item":"https:\/\/stvega.net\/pl\/"},{"@type":"ListItem","position":2,"name":"Katalog","item":"https:\/\/stvega.net\/katalog\/"},{"@type":"ListItem","position":3,"name":"\u041c\u0430\u0448\u0438\u043d\u0430 \u0434\u043b\u044f \u0432\u0438\u0434\u0430\u043b\u0435\u043d\u043d\u044f \u043a\u0456\u0433\u0442\u0456\u0432 \u043d\u0430 \u043a\u0443\u0440\u044f\u0447\u0438\u0445 \u043b\u0430\u043f\u043a\u0430\u0445 STvega Chicken Nails Remover H150"}]},{"@type":"WebSite","@id":"https:\/\/stvega.net\/pl\/#website","url":"https:\/\/stvega.net\/pl\/","name":"STvega","description":"\u0445\u0430\u0440\u0447\u043e\u0432\u0435 \u043f\u0440\u043e\u043c\u0438\u0441\u043b\u043e\u0432\u0435 \u043e\u0431\u043b\u0430\u0434\u043d\u0430\u043d\u043d\u044f","publisher":{"@id":"https:\/\/stvega.net\/pl\/#organization"},"alternateName":"STvega - \u043e\u0432\u043e\u0447\u0435\u0440\u0456\u0437\u043a\u0438, \u0448\u043f\u0438\u0433\u043e\u0440\u0456\u0437\u043a\u0438, \u0441\u043b\u0430\u0439\u0441\u0435\u0440\u0438 \u0442\u0430 \u0456\u043d\u0448\u0435 \u0445\u0430\u0440\u0447\u043e\u0432\u0435 \u043e\u0431\u043b\u0430\u0434\u043d\u0430\u043d\u043d\u044f","potentialAction":[{"@type":"SearchAction","target":{"@type":"EntryPoint","urlTemplate":"https:\/\/stvega.net\/pl\/?s={search_term_string}"},"query-input":{"@type":"PropertyValueSpecification","valueRequired":true,"valueName":"search_term_string"}}],"inLanguage":"pl-PL"},{"@type":"Organization","@id":"https:\/\/stvega.net\/pl\/#organization","name":"STvega \u0425\u0410\u0420\u0427\u041e\u0412\u0415 \u041f\u0420\u041e\u041c\u0418\u0421\u041b\u041e\u0412\u0415 \u041e\u0411\u041b\u0410\u0414\u041d\u0410\u041d\u041d\u042f","alternateName":"STvega - \u043e\u0432\u043e\u0447\u0435\u0440\u0456\u0437\u043a\u0438, \u0448\u043f\u0438\u0433\u043e\u0440\u0456\u0437\u043a\u0438, \u0441\u043b\u0430\u0439\u0441\u0435\u0440\u0438 \u0442\u0430 \u0456\u043d\u0448\u0435 \u0445\u0430\u0440\u0447\u043e\u0432\u0435 \u043e\u0431\u043b\u0430\u0434\u043d\u0430\u043d\u043d\u044f","url":"https:\/\/stvega.net\/pl\/","logo":{"@type":"ImageObject","inLanguage":"pl-PL","@id":"https:\/\/stvega.net\/pl\/#\/schema\/logo\/image\/","url":"https:\/\/stvega.net\/wp-content\/uploads\/2024\/03\/dyzajn-bez-nazvanyya-1.png","contentUrl":"https:\/\/stvega.net\/wp-content\/uploads\/2024\/03\/dyzajn-bez-nazvanyya-1.png","width":180,"height":180,"caption":"STvega \u0425\u0410\u0420\u0427\u041e\u0412\u0415 \u041f\u0420\u041e\u041c\u0418\u0421\u041b\u041e\u0412\u0415 \u041e\u0411\u041b\u0410\u0414\u041d\u0410\u041d\u041d\u042f"},"image":{"@id":"https:\/\/stvega.net\/pl\/#\/schema\/logo\/image\/"},"sameAs":["https:\/\/www.facebook.com\/share\/9F1B4VxaHAC9E9HB\/?mibextid=qi2Omg"]}]}},"_links":{"self":[{"href":"https:\/\/stvega.net\/pl\/wp-json\/wp\/v2\/product\/13689","targetHints":{"allow":["GET"]}}],"collection":[{"href":"https:\/\/stvega.net\/pl\/wp-json\/wp\/v2\/product"}],"about":[{"href":"https:\/\/stvega.net\/pl\/wp-json\/wp\/v2\/types\/product"}],"replies":[{"embeddable":true,"href":"https:\/\/stvega.net\/pl\/wp-json\/wp\/v2\/comments?post=13689"}],"wp:featuredmedia":[{"embeddable":true,"href":"https:\/\/stvega.net\/pl\/wp-json\/wp\/v2\/media\/13691"}],"wp:attachment":[{"href":"https:\/\/stvega.net\/pl\/wp-json\/wp\/v2\/media?parent=13689"}],"wp:term":[{"taxonomy":"product_brand","embeddable":true,"href":"https:\/\/stvega.net\/pl\/wp-json\/wp\/v2\/product_brand?post=13689"},{"taxonomy":"product_cat","embeddable":true,"href":"https:\/\/stvega.net\/pl\/wp-json\/wp\/v2\/product_cat?post=13689"},{"taxonomy":"product_tag","embeddable":true,"href":"https:\/\/stvega.net\/pl\/wp-json\/wp\/v2\/product_tag?post=13689"}],"curies":[{"name":"wp","href":"https:\/\/api.w.org\/{rel}","templated":true}]}}