{"id":13338,"date":"2024-03-25T19:01:28","date_gmt":"2024-03-25T16:01:28","guid":{"rendered":"https:\/\/stvega.net\/product\/obieraczka-do-nozy-ziem-stvega-kpel-l100-200\/"},"modified":"2024-03-25T19:01:28","modified_gmt":"2024-03-25T16:01:28","slug":"obieraczka-do-nozy-ziem-stvega-kpel-l100-200","status":"publish","type":"product","link":"https:\/\/stvega.net\/pl\/product\/obieraczka-do-nozy-ziem-stvega-kpel-l100-200\/","title":{"rendered":"Obieraczka do no\u017cy ziem STvega KPel L100\/200"},"content":{"rendered":"<p class=\"tm6\"><strong><span class=\"tm8\">Maszyna STvega KPel L100\/200<\/span><\/strong> <span class=\"tm7\"> <\/span><span class=\"tm7\"> zosta\u0142a zaprojektowana do automatycznego obierania korzeni oraz innych warzyw i owoc\u00f3w no\u017cem. Dzi\u0119ki wa\u0142om, na kt\u00f3rych umieszczono ostrza na ca\u0142ej d\u0142ugo\u015bci wa\u0142u, maszyna jest w stanie szybko i efektywnie czy\u015bci\u0107 produkty takie jak ziemniaki, buraki, marchew, dynie, bataty, inne du\u017ce i twarde owoce bez uszkadzania produktu i przy minimalnych stratach. Sprz\u0119t mo\u017ce by\u0107 dostarczany w dw\u00f3ch wersjach o wydajno\u015bci 1000 i 2000 kg\/h. <\/span><span class=\"tm7\">Ta maszyna jest idealna dla \u015brednich i du\u017cych przedsi\u0119biorstw, zaprojektowana do produkcji \u017cywno\u015bci oraz gastronomii.<\/span><span class=\"tm11\"><br \/>\n<\/span><\/p>\n<p class=\"tm13\"><span class=\"tm7\"> <\/span><strong><span class=\"tm15\">Zasada dzia\u0142ania:<\/span><\/strong><\/p>\n<p class=\"tm17\"><span class=\"tm7\">Produkt wst\u0119pnie wyprany jest \u0142adowany do zasobnika odbiorczego r\u0119cznie przez operatora lub automatycznie za pomoc\u0105 przeno\u015bnika podaj\u0105cego. Przez zalej surowca trafia do b\u0119bna w celu czyszczenia. Za pomoc\u0105 wa\u0142u \u015blimaka produkt jest przepychany przez b\u0119ben i obierany za pomoc\u0105 obrotowych wa\u0142\u00f3w z ostrzami wzd\u0142u\u017c ca\u0142ej d\u0142ugo\u015bci wa\u0142u. Podczas czyszczenia woda jest dostarczana z g\u00f3ry, zmywaj\u0105c produkt z \u0142uski. Oczyszczony produkt trafia do komory wylotowej, a stamt\u0105d do pojemnika na gotowe produkty lub na kolejny etap przetwarzania technologicznego.    <\/span><\/p>\n<p class=\"tm19\"><strong><span class=\"tm15\">Zalety sprz\u0119tu<\/span><span class=\"tm15\">:<\/span><\/strong><\/p>\n<ul>\n<li class=\"tm21\"><span class=\"tm7\">Wysokiej jako\u015bci konstrukcja nadwozia ze stali nierdzewnej, odporno\u015b\u0107 na zanieczyszczenia, maszyna jest produkowana zgodnie ze standardami bezpiecze\u0144stwa \u017cywno\u015bci i higieny.<\/span><\/li>\n<li class=\"tm21\"><span class=\"tm7\">Jednostka zdalnego sterowania <\/span><span class=\"tm23\">\u2013<\/span><span class=\"tm7\"> ochrona panelu sterowania przed przenikaniem wody, \u0142atwo\u015b\u0107 obs\u0142ugi w produkcji, <\/span> <span class=\"tm7\">intuicyjne sterowanie<\/span><span class=\"tm7\">.<\/span><\/li>\n<li class=\"tm21\"><span class=\"tm7\">Przemieszczanie i obracanie produkt\u00f3w za pomoc\u0105 wa\u0142ka \u015brubowego, co gwarantuje r\u00f3wnomierne czyszczenie ka\u017cdego owocu ze wszystkich stron.<\/span><\/li>\n<li class=\"tm21\"><span class=\"tm7\">Trzonki z ostrzami wzd\u0142u\u017c ca\u0142ej d\u0142ugo\u015bci trzonu <\/span><span class=\"tm23\">\u2013<\/span><span class=\"tm7\"> czyszczenie korzenia za pomoc\u0105 no\u017ca, co jest idealne dla produkt\u00f3w, kt\u00f3re p\u00f3\u017aniej zostan\u0105 zapakowane w pr\u00f3\u017cni, bez chropowato\u015bci, jak przy u\u017cyciu czyszczenia korundu.<\/span><\/li>\n<li class=\"tm21\"><span class=\"tm7\">Wysoka wydajno\u015b\u0107 i szybko\u015b\u0107 pracy.<\/span><\/li>\n<li class=\"tm25\"><span class=\"tm7\">Kompaktowy rozmiar i \u0142atwo\u015b\u0107 obs\u0142ugi.<\/span><\/li>\n<\/ul>\n<div class=\"responsive-table\"><table style=\"height: 500px;\" width=\"816\">\n<tbody>\n<tr>\n<td width=\"235\"><strong>Specyfikacja<\/strong><\/td>\n<td width=\"207\"><strong>STvega KPel L100<\/strong><\/td>\n<td width=\"198\"><strong>STvega KPel L<\/strong><strong>2<\/strong><strong>00<\/strong><\/td>\n<\/tr>\n<tr>\n<td width=\"235\">Wymiary, mm<\/td>\n<td width=\"207\">2216*1156*1472<\/td>\n<td width=\"198\">2990*1100*2280<\/td>\n<\/tr>\n<tr>\n<td width=\"235\">Produktywno\u015b\u0107, kg\/h<\/td>\n<td width=\"207\">1000<\/td>\n<td width=\"198\">2000<\/td>\n<\/tr>\n<tr>\n<td width=\"235\">Liczba wa\u0142\u00f3w, pcs<\/td>\n<td width=\"207\">6<\/td>\n<td width=\"198\">10<\/td>\n<\/tr>\n<tr>\n<td width=\"235\">Moc, kW<\/td>\n<td width=\"207\">3,75<\/td>\n<td width=\"198\">6,75<\/td>\n<\/tr>\n<tr>\n<td width=\"235\">Napi\u0119cie, V<\/td>\n<td colspan=\"2\" width=\"406\">\n<p style=\"text-align: center;\">380<\/p>\n<\/td>\n<\/tr>\n<tr>\n<td width=\"235\">Cz\u0119stotliwo\u015b\u0107, Hz<\/td>\n<td colspan=\"2\" width=\"406\">\n<p style=\"text-align: center;\">50<\/p>\n<\/td>\n<\/tr>\n<tr>\n<td width=\"235\">Materia\u0142<\/td>\n<td colspan=\"2\" width=\"406\">\n<p style=\"text-align: center;\">Stal nierdzewna SUS304<\/p>\n<\/td>\n<\/tr>\n<\/tbody>\n<\/table><\/div>\n<p>&nbsp;<\/p>\n<p>Firma \u015bwiadczy pe\u0142n\u0105 obs\u0142ug\u0119 i serwis gwarancyjny.<\/p>\n<p>&nbsp;<\/p>\n<p>&nbsp;<\/p>\n\t<div class=\"section video\">\n\t\t<div class=\"row\">\n\t\t\t\t\t\t\t\t\t\t\t\t<div class=\"col-md-4 col-12\">\n\t\t\t\t\t\t<div class=\"container-lazyload preview-lazyload container-youtube js-lazyload--not-loaded\"><a href=\"https:\/\/www.youtube.com\/watch?v=T2CDyTLGL4Y\" class=\"lazy-load-youtube preview-lazyload preview-youtube\" data-video-title=\"\u041f\u0440\u043e\u043c\u0438\u0441\u043b\u043e\u0432\u0430 \u043c\u0430\u0448\u0438\u043d\u0430 STvega KPel L100\/L200 \u0434\u043b\u044f \u043d\u043e\u0436\u043e\u0432\u043e\u0433\u043e \u0447\u0438\u0449\u0435\u043d\u043d\u044f \u043a\u0430\u0440\u0442\u043e\u043f\u043b\u0456 \u0442\u0430 \u0456\u0448\u043d\u0438\u0445 \u043e\u0432\u043e\u0447\u0456\u0432\" title=\"Play video &quot;\u041f\u0440\u043e\u043c\u0438\u0441\u043b\u043e\u0432\u0430 \u043c\u0430\u0448\u0438\u043d\u0430 STvega KPel L100\/L200 \u0434\u043b\u044f \u043d\u043e\u0436\u043e\u0432\u043e\u0433\u043e \u0447\u0438\u0449\u0435\u043d\u043d\u044f \u043a\u0430\u0440\u0442\u043e\u043f\u043b\u0456 \u0442\u0430 \u0456\u0448\u043d\u0438\u0445 \u043e\u0432\u043e\u0447\u0456\u0432&quot;\">https:\/\/www.youtube.com\/watch?v=T2CDyTLGL4Y<\/a><noscript>Video can&#8217;t be loaded because JavaScript is disabled: <a href=\"https:\/\/www.youtube.com\/watch?v=T2CDyTLGL4Y\" title=\"\u041f\u0440\u043e\u043c\u0438\u0441\u043b\u043e\u0432\u0430 \u043c\u0430\u0448\u0438\u043d\u0430 STvega KPel L100\/L200 \u0434\u043b\u044f \u043d\u043e\u0436\u043e\u0432\u043e\u0433\u043e \u0447\u0438\u0449\u0435\u043d\u043d\u044f \u043a\u0430\u0440\u0442\u043e\u043f\u043b\u0456 \u0442\u0430 \u0456\u0448\u043d\u0438\u0445 \u043e\u0432\u043e\u0447\u0456\u0432\">\u041f\u0440\u043e\u043c\u0438\u0441\u043b\u043e\u0432\u0430 \u043c\u0430\u0448\u0438\u043d\u0430 STvega KPel L100\/L200 \u0434\u043b\u044f \u043d\u043e\u0436\u043e\u0432\u043e\u0433\u043e \u0447\u0438\u0449\u0435\u043d\u043d\u044f \u043a\u0430\u0440\u0442\u043e\u043f\u043b\u0456 \u0442\u0430 \u0456\u0448\u043d\u0438\u0445 \u043e\u0432\u043e\u0447\u0456\u0432 (https:\/\/www.youtube.com\/watch?v=T2CDyTLGL4Y)<\/a><\/noscript><\/div>\n\t\t\t\t\t<\/div>\n\t\t\t\t\t\t\t\t\t<div class=\"col-md-4 col-12\">\n\t\t\t\t\t\t\t\t\t\t\t<\/div>\n\t\t\t\t\t\t\t\t\t<\/div>\n\t<\/div>\n\t\t","protected":false},"excerpt":{"rendered":"<p><strong><span class=\"tm8\">Maszyna STvega KPel L100\/200<\/span><\/strong> <span class=\"tm7\"> <\/span><span class=\"tm7\"> zosta\u0142a zaprojektowana do automatycznego obierania warzyw korzeniowych oraz innych warzyw i owoc\u00f3w no\u017cem.<\/span><\/p>\n<p><strong>Specyfikacje<\/strong><strong><span class=\"tm8\">:<\/span><\/strong><\/p>\n<p>[table id=&#8221;49&#8243; \/]<\/p>\n<p><span style=\"color: #0000ff;\"><strong>Unikalno\u015b\u0107 maszyny: <\/strong>O<span class=\"tm7\">czy\u015bci produkty takie jak ziemniaki, buraki, marchew, dynia, bataty, inne du\u017ce i twarde warzywa oraz owoce.<\/span><\/span><\/p>\n<p>&nbsp;<\/p>\n","protected":false},"featured_media":13351,"comment_status":"closed","ping_status":"closed","template":"","meta":{"_acf_changed":false,"inline_featured_image":false},"product_brand":[],"product_cat":[3671,3629,3649,3621,3615,3625],"product_tag":[7226,5410,7227,7224,7074,7084,6620,7075,7222,7085,3871,6239,4146,3870,5557],"class_list":{"0":"post-13338","1":"product","2":"type-product","3":"status-publish","4":"has-post-thumbnail","6":"product_cat-burak","7":"product_cat-czyszczenie-roslin-korzeniowych","8":"product_cat-dynia","9":"product_cat-marchew","10":"product_cat-maszyny-do-oluskania-luskania-i-luskania","11":"product_cat-ziemniaki","12":"product_tag-automatyczna-maszyna","13":"product_tag-czyszczenie-przemyslowe","14":"product_tag-maszyna-do-czyszczenia-nozy","15":"product_tag-maszyna-do-obierania-ziemniakow","16":"product_tag-obieranie","17":"product_tag-obieranie-warzyw-3","18":"product_tag-obieranie-warzyw-2","19":"product_tag-obieranie-warzyw-nozem","20":"product_tag-obieranie-ziemniakow","21":"product_tag-obieranie-ziemniakow-nozem","22":"product_tag-przetworstwo-przemyslowe","23":"product_tag-przetworstwo-roslin-korzeniowych","24":"product_tag-przetworstwo-ziemniakow","25":"product_tag-sprzet-do-przetwarzania-zywnosci","26":"product_tag-technologie-czyszczenia","28":"first","29":"instock","30":"shipping-taxable","31":"product-type-simple"},"acf":[],"yoast_head":"<!-- This site is optimized with the Yoast SEO plugin v27.5 - https:\/\/yoast.com\/product\/yoast-seo-wordpress\/ -->\n<title>Obieraczka do no\u017cy ziem STvega KPel L100\/200 \u043a\u0443\u043f\u0438\u0442\u0438 \u0437\u0430 \u0432\u0438\u0433\u0456\u0434\u043d\u043e\u044e \u0446\u0456\u043d\u043e\u044e \u0432 \u043c\u0430\u0433\u0430\u0437\u0438\u043d\u0456 STvega<\/title>\n<meta name=\"description\" content=\"Obieraczka do no\u017cy ziem STvega KPel L100\/200 | \u043a\u0443\u043f\u0438\u0442\u0438 \u0437\u0430 \ud83c\udf1f\u0432\u0438\u0433\u0456\u0434\u043d\u043e\u044e \u0446\u0456\u043d\u043e\u044e \u0432 \u043c\u0430\u0433\u0430\u0437\u0438\u043d\u0456 STvega\" \/>\n<meta name=\"robots\" content=\"index, follow, max-snippet:-1, max-image-preview:large, max-video-preview:-1\" \/>\n<link rel=\"canonical\" href=\"https:\/\/stvega.net\/pl\/product\/obieraczka-do-nozy-ziem-stvega-kpel-l100-200\/\" \/>\n<meta property=\"og:locale\" content=\"pl_PL\" \/>\n<meta property=\"og:type\" content=\"article\" \/>\n<meta property=\"og:title\" content=\"Obieraczka do no\u017cy ziem STvega KPel L100\/200 \u043a\u0443\u043f\u0438\u0442\u0438 \u0437\u0430 \u0432\u0438\u0433\u0456\u0434\u043d\u043e\u044e \u0446\u0456\u043d\u043e\u044e \u0432 \u043c\u0430\u0433\u0430\u0437\u0438\u043d\u0456 STvega\" \/>\n<meta property=\"og:description\" content=\"Obieraczka do no\u017cy ziem STvega KPel L100\/200 | \u043a\u0443\u043f\u0438\u0442\u0438 \u0437\u0430 \ud83c\udf1f\u0432\u0438\u0433\u0456\u0434\u043d\u043e\u044e \u0446\u0456\u043d\u043e\u044e \u0432 \u043c\u0430\u0433\u0430\u0437\u0438\u043d\u0456 STvega\" \/>\n<meta property=\"og:url\" content=\"https:\/\/stvega.net\/pl\/product\/obieraczka-do-nozy-ziem-stvega-kpel-l100-200\/\" \/>\n<meta property=\"og:site_name\" content=\"\u0448\u0438\u0440\u043e\u043a\u0438\u0439 \u0430\u0441\u043e\u0440\u0442\u0438\u043c\u0435\u043d\u0442 \u0445\u0430\u0440\u0447\u043e\u0432\u043e\u0433\u043e \u043f\u0440\u043e\u043c\u0438\u0441\u043b\u043e\u0432\u043e\u0433\u043e \u043e\u0431\u043b\u0430\u0434\u043d\u0430\u043d\u043d\u044f \u0434\u043b\u044f \u043f\u0435\u0440\u0435\u0440\u043e\u0431\u043a\u0438 \u043c\u2019\u044f\u0441\u0430, \u043e\u0432\u043e\u0447\u0456\u0432 \u0456 \u0444\u0440\u0443\u043a\u0442\u0456\u0432\u2b50\u0412\u0438\u0433\u0456\u0434\u043d\u0456 \u0446\u0456\u043d\u0438 \ud83e\uddbe\u0412\u0438\u0440\u043e\u0431\u043d\u0438\u0447\u0456 \u043b\u0456\u043d\u0456\u0457 \u043f\u0456\u0434 \u043a\u043b\u044e\u0447\ud83d\ude9a \u0414\u043e\u0441\u0442\u0430\u0432\u043a\u0430 \ud83d\udee0\u0421\u0435\u0440\u0432\u0456\u0441\" \/>\n<meta property=\"article:publisher\" content=\"https:\/\/www.facebook.com\/share\/9F1B4VxaHAC9E9HB\/?mibextid=qi2Omg\" \/>\n<meta property=\"og:image\" content=\"https:\/\/stvega.net\/wp-content\/uploads\/2024\/03\/picture77.png\" \/>\n\t<meta property=\"og:image:width\" content=\"1318\" \/>\n\t<meta property=\"og:image:height\" content=\"1037\" \/>\n\t<meta property=\"og:image:type\" content=\"image\/png\" \/>\n<meta name=\"twitter:card\" content=\"summary_large_image\" \/>\n<meta name=\"twitter:label1\" content=\"Szacowany czas czytania\" \/>\n\t<meta name=\"twitter:data1\" content=\"2 minuty\" \/>\n<script type=\"application\/ld+json\" class=\"yoast-schema-graph\">{\"@context\":\"https:\\\/\\\/schema.org\",\"@graph\":[{\"@type\":\"WebPage\",\"@id\":\"https:\\\/\\\/stvega.net\\\/pl\\\/product\\\/obieraczka-do-nozy-ziem-stvega-kpel-l100-200\\\/\",\"url\":\"https:\\\/\\\/stvega.net\\\/pl\\\/product\\\/obieraczka-do-nozy-ziem-stvega-kpel-l100-200\\\/\",\"name\":\"Obieraczka do no\u017cy ziem STvega KPel L100\\\/200 \u043a\u0443\u043f\u0438\u0442\u0438 \u0437\u0430 \u0432\u0438\u0433\u0456\u0434\u043d\u043e\u044e \u0446\u0456\u043d\u043e\u044e \u0432 \u043c\u0430\u0433\u0430\u0437\u0438\u043d\u0456 STvega\",\"isPartOf\":{\"@id\":\"https:\\\/\\\/stvega.net\\\/pl\\\/#website\"},\"primaryImageOfPage\":{\"@id\":\"https:\\\/\\\/stvega.net\\\/pl\\\/product\\\/obieraczka-do-nozy-ziem-stvega-kpel-l100-200\\\/#primaryimage\"},\"image\":{\"@id\":\"https:\\\/\\\/stvega.net\\\/pl\\\/product\\\/obieraczka-do-nozy-ziem-stvega-kpel-l100-200\\\/#primaryimage\"},\"thumbnailUrl\":\"https:\\\/\\\/stvega.net\\\/wp-content\\\/uploads\\\/2024\\\/03\\\/picture77.png\",\"datePublished\":\"2024-03-25T16:01:28+00:00\",\"description\":\"Obieraczka do no\u017cy ziem STvega KPel L100\\\/200 | \u043a\u0443\u043f\u0438\u0442\u0438 \u0437\u0430 \ud83c\udf1f\u0432\u0438\u0433\u0456\u0434\u043d\u043e\u044e \u0446\u0456\u043d\u043e\u044e \u0432 \u043c\u0430\u0433\u0430\u0437\u0438\u043d\u0456 STvega\",\"breadcrumb\":{\"@id\":\"https:\\\/\\\/stvega.net\\\/pl\\\/product\\\/obieraczka-do-nozy-ziem-stvega-kpel-l100-200\\\/#breadcrumb\"},\"inLanguage\":\"pl-PL\",\"potentialAction\":[{\"@type\":\"ReadAction\",\"target\":[\"https:\\\/\\\/stvega.net\\\/pl\\\/product\\\/obieraczka-do-nozy-ziem-stvega-kpel-l100-200\\\/\"]}]},{\"@type\":\"ImageObject\",\"inLanguage\":\"pl-PL\",\"@id\":\"https:\\\/\\\/stvega.net\\\/pl\\\/product\\\/obieraczka-do-nozy-ziem-stvega-kpel-l100-200\\\/#primaryimage\",\"url\":\"https:\\\/\\\/stvega.net\\\/wp-content\\\/uploads\\\/2024\\\/03\\\/picture77.png\",\"contentUrl\":\"https:\\\/\\\/stvega.net\\\/wp-content\\\/uploads\\\/2024\\\/03\\\/picture77.png\",\"width\":1318,\"height\":1037,\"caption\":\"STvega KPel L100\\\/L200\"},{\"@type\":\"BreadcrumbList\",\"@id\":\"https:\\\/\\\/stvega.net\\\/pl\\\/product\\\/obieraczka-do-nozy-ziem-stvega-kpel-l100-200\\\/#breadcrumb\",\"itemListElement\":[{\"@type\":\"ListItem\",\"position\":1,\"name\":\"Dom\",\"item\":\"https:\\\/\\\/stvega.net\\\/pl\\\/\"},{\"@type\":\"ListItem\",\"position\":2,\"name\":\"Katalog\",\"item\":\"https:\\\/\\\/stvega.net\\\/katalog\\\/\"},{\"@type\":\"ListItem\",\"position\":3,\"name\":\"Obieraczka do no\u017cy ziem STvega KPel L100\\\/200\"}]},{\"@type\":\"WebSite\",\"@id\":\"https:\\\/\\\/stvega.net\\\/pl\\\/#website\",\"url\":\"https:\\\/\\\/stvega.net\\\/pl\\\/\",\"name\":\"STvega\",\"description\":\"\u0445\u0430\u0440\u0447\u043e\u0432\u0435 \u043f\u0440\u043e\u043c\u0438\u0441\u043b\u043e\u0432\u0435 \u043e\u0431\u043b\u0430\u0434\u043d\u0430\u043d\u043d\u044f\",\"publisher\":{\"@id\":\"https:\\\/\\\/stvega.net\\\/pl\\\/#organization\"},\"alternateName\":\"STvega - \u043e\u0432\u043e\u0447\u0435\u0440\u0456\u0437\u043a\u0438, \u0448\u043f\u0438\u0433\u043e\u0440\u0456\u0437\u043a\u0438, \u0441\u043b\u0430\u0439\u0441\u0435\u0440\u0438 \u0442\u0430 \u0456\u043d\u0448\u0435 \u0445\u0430\u0440\u0447\u043e\u0432\u0435 \u043e\u0431\u043b\u0430\u0434\u043d\u0430\u043d\u043d\u044f\",\"potentialAction\":[{\"@type\":\"SearchAction\",\"target\":{\"@type\":\"EntryPoint\",\"urlTemplate\":\"https:\\\/\\\/stvega.net\\\/pl\\\/?s={search_term_string}\"},\"query-input\":{\"@type\":\"PropertyValueSpecification\",\"valueRequired\":true,\"valueName\":\"search_term_string\"}}],\"inLanguage\":\"pl-PL\"},{\"@type\":\"Organization\",\"@id\":\"https:\\\/\\\/stvega.net\\\/pl\\\/#organization\",\"name\":\"STvega \u0425\u0410\u0420\u0427\u041e\u0412\u0415 \u041f\u0420\u041e\u041c\u0418\u0421\u041b\u041e\u0412\u0415 \u041e\u0411\u041b\u0410\u0414\u041d\u0410\u041d\u041d\u042f\",\"alternateName\":\"STvega - \u043e\u0432\u043e\u0447\u0435\u0440\u0456\u0437\u043a\u0438, \u0448\u043f\u0438\u0433\u043e\u0440\u0456\u0437\u043a\u0438, \u0441\u043b\u0430\u0439\u0441\u0435\u0440\u0438 \u0442\u0430 \u0456\u043d\u0448\u0435 \u0445\u0430\u0440\u0447\u043e\u0432\u0435 \u043e\u0431\u043b\u0430\u0434\u043d\u0430\u043d\u043d\u044f\",\"url\":\"https:\\\/\\\/stvega.net\\\/pl\\\/\",\"logo\":{\"@type\":\"ImageObject\",\"inLanguage\":\"pl-PL\",\"@id\":\"https:\\\/\\\/stvega.net\\\/pl\\\/#\\\/schema\\\/logo\\\/image\\\/\",\"url\":\"https:\\\/\\\/stvega.net\\\/wp-content\\\/uploads\\\/2024\\\/03\\\/dyzajn-bez-nazvanyya-1.png\",\"contentUrl\":\"https:\\\/\\\/stvega.net\\\/wp-content\\\/uploads\\\/2024\\\/03\\\/dyzajn-bez-nazvanyya-1.png\",\"width\":180,\"height\":180,\"caption\":\"STvega \u0425\u0410\u0420\u0427\u041e\u0412\u0415 \u041f\u0420\u041e\u041c\u0418\u0421\u041b\u041e\u0412\u0415 \u041e\u0411\u041b\u0410\u0414\u041d\u0410\u041d\u041d\u042f\"},\"image\":{\"@id\":\"https:\\\/\\\/stvega.net\\\/pl\\\/#\\\/schema\\\/logo\\\/image\\\/\"},\"sameAs\":[\"https:\\\/\\\/www.facebook.com\\\/share\\\/9F1B4VxaHAC9E9HB\\\/?mibextid=qi2Omg\"]}]}<\/script>\n<!-- \/ Yoast SEO plugin. -->","yoast_head_json":{"title":"Obieraczka do no\u017cy ziem STvega KPel L100\/200 \u043a\u0443\u043f\u0438\u0442\u0438 \u0437\u0430 \u0432\u0438\u0433\u0456\u0434\u043d\u043e\u044e \u0446\u0456\u043d\u043e\u044e \u0432 \u043c\u0430\u0433\u0430\u0437\u0438\u043d\u0456 STvega","description":"Obieraczka do no\u017cy ziem STvega KPel L100\/200 | \u043a\u0443\u043f\u0438\u0442\u0438 \u0437\u0430 \ud83c\udf1f\u0432\u0438\u0433\u0456\u0434\u043d\u043e\u044e \u0446\u0456\u043d\u043e\u044e \u0432 \u043c\u0430\u0433\u0430\u0437\u0438\u043d\u0456 STvega","robots":{"index":"index","follow":"follow","max-snippet":"max-snippet:-1","max-image-preview":"max-image-preview:large","max-video-preview":"max-video-preview:-1"},"canonical":"https:\/\/stvega.net\/pl\/product\/obieraczka-do-nozy-ziem-stvega-kpel-l100-200\/","og_locale":"pl_PL","og_type":"article","og_title":"Obieraczka do no\u017cy ziem STvega KPel L100\/200 \u043a\u0443\u043f\u0438\u0442\u0438 \u0437\u0430 \u0432\u0438\u0433\u0456\u0434\u043d\u043e\u044e \u0446\u0456\u043d\u043e\u044e \u0432 \u043c\u0430\u0433\u0430\u0437\u0438\u043d\u0456 STvega","og_description":"Obieraczka do no\u017cy ziem STvega KPel L100\/200 | \u043a\u0443\u043f\u0438\u0442\u0438 \u0437\u0430 \ud83c\udf1f\u0432\u0438\u0433\u0456\u0434\u043d\u043e\u044e \u0446\u0456\u043d\u043e\u044e \u0432 \u043c\u0430\u0433\u0430\u0437\u0438\u043d\u0456 STvega","og_url":"https:\/\/stvega.net\/pl\/product\/obieraczka-do-nozy-ziem-stvega-kpel-l100-200\/","og_site_name":"\u0448\u0438\u0440\u043e\u043a\u0438\u0439 \u0430\u0441\u043e\u0440\u0442\u0438\u043c\u0435\u043d\u0442 \u0445\u0430\u0440\u0447\u043e\u0432\u043e\u0433\u043e \u043f\u0440\u043e\u043c\u0438\u0441\u043b\u043e\u0432\u043e\u0433\u043e \u043e\u0431\u043b\u0430\u0434\u043d\u0430\u043d\u043d\u044f \u0434\u043b\u044f \u043f\u0435\u0440\u0435\u0440\u043e\u0431\u043a\u0438 \u043c\u2019\u044f\u0441\u0430, \u043e\u0432\u043e\u0447\u0456\u0432 \u0456 \u0444\u0440\u0443\u043a\u0442\u0456\u0432\u2b50\u0412\u0438\u0433\u0456\u0434\u043d\u0456 \u0446\u0456\u043d\u0438 \ud83e\uddbe\u0412\u0438\u0440\u043e\u0431\u043d\u0438\u0447\u0456 \u043b\u0456\u043d\u0456\u0457 \u043f\u0456\u0434 \u043a\u043b\u044e\u0447\ud83d\ude9a \u0414\u043e\u0441\u0442\u0430\u0432\u043a\u0430 \ud83d\udee0\u0421\u0435\u0440\u0432\u0456\u0441","article_publisher":"https:\/\/www.facebook.com\/share\/9F1B4VxaHAC9E9HB\/?mibextid=qi2Omg","og_image":[{"width":1318,"height":1037,"url":"https:\/\/stvega.net\/wp-content\/uploads\/2024\/03\/picture77.png","type":"image\/png"}],"twitter_card":"summary_large_image","twitter_misc":{"Szacowany czas czytania":"2 minuty"},"schema":{"@context":"https:\/\/schema.org","@graph":[{"@type":"WebPage","@id":"https:\/\/stvega.net\/pl\/product\/obieraczka-do-nozy-ziem-stvega-kpel-l100-200\/","url":"https:\/\/stvega.net\/pl\/product\/obieraczka-do-nozy-ziem-stvega-kpel-l100-200\/","name":"Obieraczka do no\u017cy ziem STvega KPel L100\/200 \u043a\u0443\u043f\u0438\u0442\u0438 \u0437\u0430 \u0432\u0438\u0433\u0456\u0434\u043d\u043e\u044e \u0446\u0456\u043d\u043e\u044e \u0432 \u043c\u0430\u0433\u0430\u0437\u0438\u043d\u0456 STvega","isPartOf":{"@id":"https:\/\/stvega.net\/pl\/#website"},"primaryImageOfPage":{"@id":"https:\/\/stvega.net\/pl\/product\/obieraczka-do-nozy-ziem-stvega-kpel-l100-200\/#primaryimage"},"image":{"@id":"https:\/\/stvega.net\/pl\/product\/obieraczka-do-nozy-ziem-stvega-kpel-l100-200\/#primaryimage"},"thumbnailUrl":"https:\/\/stvega.net\/wp-content\/uploads\/2024\/03\/picture77.png","datePublished":"2024-03-25T16:01:28+00:00","description":"Obieraczka do no\u017cy ziem STvega KPel L100\/200 | \u043a\u0443\u043f\u0438\u0442\u0438 \u0437\u0430 \ud83c\udf1f\u0432\u0438\u0433\u0456\u0434\u043d\u043e\u044e \u0446\u0456\u043d\u043e\u044e \u0432 \u043c\u0430\u0433\u0430\u0437\u0438\u043d\u0456 STvega","breadcrumb":{"@id":"https:\/\/stvega.net\/pl\/product\/obieraczka-do-nozy-ziem-stvega-kpel-l100-200\/#breadcrumb"},"inLanguage":"pl-PL","potentialAction":[{"@type":"ReadAction","target":["https:\/\/stvega.net\/pl\/product\/obieraczka-do-nozy-ziem-stvega-kpel-l100-200\/"]}]},{"@type":"ImageObject","inLanguage":"pl-PL","@id":"https:\/\/stvega.net\/pl\/product\/obieraczka-do-nozy-ziem-stvega-kpel-l100-200\/#primaryimage","url":"https:\/\/stvega.net\/wp-content\/uploads\/2024\/03\/picture77.png","contentUrl":"https:\/\/stvega.net\/wp-content\/uploads\/2024\/03\/picture77.png","width":1318,"height":1037,"caption":"STvega KPel L100\/L200"},{"@type":"BreadcrumbList","@id":"https:\/\/stvega.net\/pl\/product\/obieraczka-do-nozy-ziem-stvega-kpel-l100-200\/#breadcrumb","itemListElement":[{"@type":"ListItem","position":1,"name":"Dom","item":"https:\/\/stvega.net\/pl\/"},{"@type":"ListItem","position":2,"name":"Katalog","item":"https:\/\/stvega.net\/katalog\/"},{"@type":"ListItem","position":3,"name":"Obieraczka do no\u017cy ziem STvega KPel L100\/200"}]},{"@type":"WebSite","@id":"https:\/\/stvega.net\/pl\/#website","url":"https:\/\/stvega.net\/pl\/","name":"STvega","description":"\u0445\u0430\u0440\u0447\u043e\u0432\u0435 \u043f\u0440\u043e\u043c\u0438\u0441\u043b\u043e\u0432\u0435 \u043e\u0431\u043b\u0430\u0434\u043d\u0430\u043d\u043d\u044f","publisher":{"@id":"https:\/\/stvega.net\/pl\/#organization"},"alternateName":"STvega - \u043e\u0432\u043e\u0447\u0435\u0440\u0456\u0437\u043a\u0438, \u0448\u043f\u0438\u0433\u043e\u0440\u0456\u0437\u043a\u0438, \u0441\u043b\u0430\u0439\u0441\u0435\u0440\u0438 \u0442\u0430 \u0456\u043d\u0448\u0435 \u0445\u0430\u0440\u0447\u043e\u0432\u0435 \u043e\u0431\u043b\u0430\u0434\u043d\u0430\u043d\u043d\u044f","potentialAction":[{"@type":"SearchAction","target":{"@type":"EntryPoint","urlTemplate":"https:\/\/stvega.net\/pl\/?s={search_term_string}"},"query-input":{"@type":"PropertyValueSpecification","valueRequired":true,"valueName":"search_term_string"}}],"inLanguage":"pl-PL"},{"@type":"Organization","@id":"https:\/\/stvega.net\/pl\/#organization","name":"STvega \u0425\u0410\u0420\u0427\u041e\u0412\u0415 \u041f\u0420\u041e\u041c\u0418\u0421\u041b\u041e\u0412\u0415 \u041e\u0411\u041b\u0410\u0414\u041d\u0410\u041d\u041d\u042f","alternateName":"STvega - \u043e\u0432\u043e\u0447\u0435\u0440\u0456\u0437\u043a\u0438, \u0448\u043f\u0438\u0433\u043e\u0440\u0456\u0437\u043a\u0438, \u0441\u043b\u0430\u0439\u0441\u0435\u0440\u0438 \u0442\u0430 \u0456\u043d\u0448\u0435 \u0445\u0430\u0440\u0447\u043e\u0432\u0435 \u043e\u0431\u043b\u0430\u0434\u043d\u0430\u043d\u043d\u044f","url":"https:\/\/stvega.net\/pl\/","logo":{"@type":"ImageObject","inLanguage":"pl-PL","@id":"https:\/\/stvega.net\/pl\/#\/schema\/logo\/image\/","url":"https:\/\/stvega.net\/wp-content\/uploads\/2024\/03\/dyzajn-bez-nazvanyya-1.png","contentUrl":"https:\/\/stvega.net\/wp-content\/uploads\/2024\/03\/dyzajn-bez-nazvanyya-1.png","width":180,"height":180,"caption":"STvega \u0425\u0410\u0420\u0427\u041e\u0412\u0415 \u041f\u0420\u041e\u041c\u0418\u0421\u041b\u041e\u0412\u0415 \u041e\u0411\u041b\u0410\u0414\u041d\u0410\u041d\u041d\u042f"},"image":{"@id":"https:\/\/stvega.net\/pl\/#\/schema\/logo\/image\/"},"sameAs":["https:\/\/www.facebook.com\/share\/9F1B4VxaHAC9E9HB\/?mibextid=qi2Omg"]}]}},"_links":{"self":[{"href":"https:\/\/stvega.net\/pl\/wp-json\/wp\/v2\/product\/13338","targetHints":{"allow":["GET"]}}],"collection":[{"href":"https:\/\/stvega.net\/pl\/wp-json\/wp\/v2\/product"}],"about":[{"href":"https:\/\/stvega.net\/pl\/wp-json\/wp\/v2\/types\/product"}],"replies":[{"embeddable":true,"href":"https:\/\/stvega.net\/pl\/wp-json\/wp\/v2\/comments?post=13338"}],"wp:featuredmedia":[{"embeddable":true,"href":"https:\/\/stvega.net\/pl\/wp-json\/wp\/v2\/media\/13351"}],"wp:attachment":[{"href":"https:\/\/stvega.net\/pl\/wp-json\/wp\/v2\/media?parent=13338"}],"wp:term":[{"taxonomy":"product_brand","embeddable":true,"href":"https:\/\/stvega.net\/pl\/wp-json\/wp\/v2\/product_brand?post=13338"},{"taxonomy":"product_cat","embeddable":true,"href":"https:\/\/stvega.net\/pl\/wp-json\/wp\/v2\/product_cat?post=13338"},{"taxonomy":"product_tag","embeddable":true,"href":"https:\/\/stvega.net\/pl\/wp-json\/wp\/v2\/product_tag?post=13338"}],"curies":[{"name":"wp","href":"https:\/\/api.w.org\/{rel}","templated":true}]}}