{"id":13232,"date":"2024-05-29T12:54:22","date_gmt":"2024-05-29T09:54:22","guid":{"rendered":"https:\/\/stvega.net\/product\/stvega-pizza-dough-roller-h100-pizza-dough-roll-machine\/"},"modified":"2024-05-29T12:54:22","modified_gmt":"2024-05-29T09:54:22","slug":"stvega-pizza-dough-roller-h100-pizza-dough-roll-machine","status":"publish","type":"product","link":"https:\/\/stvega.net\/pl\/product\/stvega-pizza-dough-roller-h100-pizza-dough-roll-machine\/","title":{"rendered":"STvega Pizza Dough Roller H100 Pizza Dough Roll Machine"},"content":{"rendered":"<div class=\"flex flex-grow flex-col max-w-full\">\n<div class=\"min-h-[20px] text-message flex flex-col items-start whitespace-pre-wrap break-words [.text-message+&amp;]:mt-5 juice:w-full juice:items-end overflow-x-auto gap-2\" dir=\"auto\" data-message-author-role=\"assistant\" data-message-id=\"77e1302e-b86a-4b55-9594-fa84fce0fdb5\">\n<div class=\"flex w-full flex-col gap-1 juice:empty:hidden juice:first:pt-[3px]\">\n<div class=\"markdown prose w-full break-words dark:prose-invert light\">\n<p><strong>Maszyna STvega Pizza Dough Roller H100<\/strong> zosta\u0142a zaprojektowana tak, aby r\u00f3wnomiernie wa\u0142kowa\u0107 ciasto na pizz\u0119. G\u0142\u00f3wne zalety tej maszyny to zachowanie zaokr\u0105glonego kszta\u0142tu ciasta bez uszkodze\u0144. Dzi\u0119ki specjalnym wa\u0142kom ciasto otrzymuje po\u017c\u0105dany kszta\u0142t i grubo\u015b\u0107. Grubo\u015b\u0107 zbiornika jest regulowana w zakresie od 0,5 do 5,5 mm.   <\/p>\n<p>Maszyna wykonana jest z wytrzyma\u0142ej stali wysokiej jako\u015bci, z wyj\u0105tkiem silnika, rolek i cz\u0119\u015bci elektronicznej. Jest \u0142atwy w utrzymaniu i czyszczeniu, spe\u0142nia standardy bezpiecze\u0144stwa \u017cywno\u015bci, automatyzuje prac\u0119 fizyczn\u0105 i zwi\u0119ksza efektywno\u015b\u0107 produkcji. Maszyna ta mo\u017ce by\u0107 u\u017cywana zar\u00f3wno osobno, jak i jako cz\u0119\u015b\u0107 linii produkcyjnej w kawiarniach i restauracjach, lokalach cateringowych, pizzeriach, cukierniach i piekarniach.  <\/p>\n<p><strong>Zasada dzia\u0142ania:<\/strong><\/p>\n<p>Operator reguluje szczelin\u0119 mi\u0119dzy wa\u0142kami rolkowymi w zale\u017cno\u015bci od po\u017c\u0105danej grubo\u015bci ciasta na pizz\u0119. Nast\u0119pnie uruchamia maszyn\u0119 i podk\u0142ada kawa\u0142ek ciasta na pierwsz\u0105 par\u0119 wa\u0142k\u00f3w. Po przepuszczeniu ciasta przez wa\u0142ki, operator obraca warstw\u0119 ciasta o 90\u00b0 i podaje je na drug\u0105 par\u0119 wa\u0142k\u00f3w. W ten spos\u00f3b powstaje okr\u0105g\u0142y element o po\u017c\u0105danym rozmiarze i grubo\u015bci. Gotowy element obrabiany jest przekazywany do kolejnego etapu procesu technologicznego.    <\/p>\n<p><strong>Zalety sprz\u0119tu:<\/strong><\/p>\n<ul>\n<li>Wa\u0142ki s\u0105 regulowane na ca\u0142ej d\u0142ugo\u015bci, zapewniaj\u0105c r\u00f3wnomierne wa\u0142kowanie ciasta bez zagniecania i przyklejania.<\/li>\n<li>Grubo\u015b\u0107 wa\u0142kowanego ciasta mo\u017cna regulowa\u0107 od 0,5 do 5,5 mm.<\/li>\n<li>Szybka regulacja szczeliny mi\u0119dzy rolkami za pomoc\u0105 r\u0119cznych sterowa\u0144.<\/li>\n<li>Maszyna wykonana jest ze stali nierdzewnej, spe\u0142nia normy bezpiecze\u0144stwa \u017cywno\u015bci, zapewniaj\u0105c wysok\u0105 jako\u015b\u0107, niezawodno\u015b\u0107 i trwa\u0142o\u015b\u0107 wszystkich komponent\u00f3w.<\/li>\n<\/ul>\n<p>Firma zapewnia gwarancj\u0119 oraz serwis posprzeda\u017cowy.<\/p>\n<\/div>\n<\/div>\n<\/div>\n<\/div>\n<div class=\"mt-1 flex gap-3 empty:hidden juice:-ml-3\">\n<div class=\"items-center justify-start rounded-xl p-1 flex\">\n<div class=\"flex items-center\">\n<div class=\"flex\"><\/div>\n<div class=\"flex items-center pb-0.5 juice:pb-0\">\n<div class=\"[&amp;_svg]:h-full [&amp;_svg]:w-full icon-md h-4 w-4\"><\/div>\n<\/div>\n<\/div>\n<\/div>\n<\/div>\n\t<div class=\"section video\">\n\t\t<div class=\"row\">\n\t\t\t\t\t\t\t\t\t\t\t\t<div class=\"col-md-4 col-12\">\n\t\t\t\t\t\t<div class=\"container-lazyload preview-lazyload container-youtube js-lazyload--not-loaded\"><a href=\"https:\/\/www.youtube.com\/watch?v=RnZ7vf7PiiM\" class=\"lazy-load-youtube preview-lazyload preview-youtube\" data-video-title=\"\u0420\u043e\u0437\u043a\u0430\u0442\u043a\u0430 \u0442\u0456\u0441\u0442\u0430 \u043c\u0430\u0448\u0438\u043d\u043e\u044e STvega Pizza Dough Roller H100 \u0434\u043b\u044f \u0444\u043e\u0440\u043c\u0443\u0432\u0430\u043d\u043d\u044f \u043e\u0441\u043d\u043e\u0432\u0438 \u0434\u043b\u044f \u043f\u0456\u0446\u0438.\" title=\"Play video &quot;\u0420\u043e\u0437\u043a\u0430\u0442\u043a\u0430 \u0442\u0456\u0441\u0442\u0430 \u043c\u0430\u0448\u0438\u043d\u043e\u044e STvega Pizza Dough Roller H100 \u0434\u043b\u044f \u0444\u043e\u0440\u043c\u0443\u0432\u0430\u043d\u043d\u044f \u043e\u0441\u043d\u043e\u0432\u0438 \u0434\u043b\u044f \u043f\u0456\u0446\u0438.&quot;\">https:\/\/www.youtube.com\/watch?v=RnZ7vf7PiiM<\/a><noscript>Video can&#8217;t be loaded because JavaScript is disabled: <a href=\"https:\/\/www.youtube.com\/watch?v=RnZ7vf7PiiM\" title=\"\u0420\u043e\u0437\u043a\u0430\u0442\u043a\u0430 \u0442\u0456\u0441\u0442\u0430 \u043c\u0430\u0448\u0438\u043d\u043e\u044e STvega Pizza Dough Roller H100 \u0434\u043b\u044f \u0444\u043e\u0440\u043c\u0443\u0432\u0430\u043d\u043d\u044f \u043e\u0441\u043d\u043e\u0432\u0438 \u0434\u043b\u044f \u043f\u0456\u0446\u0438.\">\u0420\u043e\u0437\u043a\u0430\u0442\u043a\u0430 \u0442\u0456\u0441\u0442\u0430 \u043c\u0430\u0448\u0438\u043d\u043e\u044e STvega Pizza Dough Roller H100 \u0434\u043b\u044f \u0444\u043e\u0440\u043c\u0443\u0432\u0430\u043d\u043d\u044f \u043e\u0441\u043d\u043e\u0432\u0438 \u0434\u043b\u044f \u043f\u0456\u0446\u0438. (https:\/\/www.youtube.com\/watch?v=RnZ7vf7PiiM)<\/a><\/noscript><\/div>\n\t\t\t\t\t<\/div>\n\t\t\t\t\t\t\t\t\t<div class=\"col-md-4 col-12\">\n\t\t\t\t\t\t<div class=\"container-lazyload preview-lazyload container-youtube js-lazyload--not-loaded\"><a href=\"https:\/\/www.youtube.com\/watch?v=XEj7-Ufvpo4\" class=\"lazy-load-youtube preview-lazyload preview-youtube\" data-video-title=\"\u041c\u0430\u0448\u0438\u043d\u0430 STvega Pizza Dough Roller H100 \u0434\u043b\u044f \u0440\u043e\u0437\u043a\u0430\u0442\u0443\u0432\u0430\u043d\u043d\u044f \u0442\u0456\u0441\u0442\u0430 \u0442\u0430 \u0444\u043e\u0440\u043c\u0443\u0432\u0430\u043d\u043d\u044f \u043e\u0441\u043d\u043e\u0432\u0438 \u0434\u043b\u044f \u043f\u0438\u0446\u0456\" title=\"Play video &quot;\u041c\u0430\u0448\u0438\u043d\u0430 STvega Pizza Dough Roller H100 \u0434\u043b\u044f \u0440\u043e\u0437\u043a\u0430\u0442\u0443\u0432\u0430\u043d\u043d\u044f \u0442\u0456\u0441\u0442\u0430 \u0442\u0430 \u0444\u043e\u0440\u043c\u0443\u0432\u0430\u043d\u043d\u044f \u043e\u0441\u043d\u043e\u0432\u0438 \u0434\u043b\u044f \u043f\u0438\u0446\u0456&quot;\">https:\/\/www.youtube.com\/watch?v=XEj7-Ufvpo4<\/a><noscript>Video can&#8217;t be loaded because JavaScript is disabled: <a href=\"https:\/\/www.youtube.com\/watch?v=XEj7-Ufvpo4\" title=\"\u041c\u0430\u0448\u0438\u043d\u0430 STvega Pizza Dough Roller H100 \u0434\u043b\u044f \u0440\u043e\u0437\u043a\u0430\u0442\u0443\u0432\u0430\u043d\u043d\u044f \u0442\u0456\u0441\u0442\u0430 \u0442\u0430 \u0444\u043e\u0440\u043c\u0443\u0432\u0430\u043d\u043d\u044f \u043e\u0441\u043d\u043e\u0432\u0438 \u0434\u043b\u044f \u043f\u0438\u0446\u0456\">\u041c\u0430\u0448\u0438\u043d\u0430 STvega Pizza Dough Roller H100 \u0434\u043b\u044f \u0440\u043e\u0437\u043a\u0430\u0442\u0443\u0432\u0430\u043d\u043d\u044f \u0442\u0456\u0441\u0442\u0430 \u0442\u0430 \u0444\u043e\u0440\u043c\u0443\u0432\u0430\u043d\u043d\u044f \u043e\u0441\u043d\u043e\u0432\u0438 \u0434\u043b\u044f \u043f\u0438\u0446\u0456 (https:\/\/www.youtube.com\/watch?v=XEj7-Ufvpo4)<\/a><\/noscript><\/div>\n\t\t\t\t\t<\/div>\n\t\t\t\t\t\t\t\t\t<\/div>\n\t<\/div>\n\t\t","protected":false},"excerpt":{"rendered":"<p><strong>Maszyna STvega Pizza Dough Roller H100<\/strong> zosta\u0142a zaprojektowana tak, aby r\u00f3wnomiernie wa\u0142kowa\u0107 ciasto na pizz\u0119.<\/p>\n<p><strong>Specyfikacje:<\/strong><\/p>\n<p>[table id=&#8221;258&#8243; \/]<\/p>\n<p><span style=\"color: #0000ff;\"><strong>Unikalno\u015b\u0107 maszyny: <\/strong>Wygodne obs\u0142ugiwanie z przyciskami chronionymi przed brudem i wilgoci\u0105.<\/span><\/p>\n<p>&nbsp;<\/p>\n","protected":false},"featured_media":13233,"comment_status":"closed","ping_status":"closed","template":"","meta":{"_acf_changed":false,"inline_featured_image":false},"product_brand":[],"product_cat":[3421,3681],"product_tag":[7178,7171,7177,7170,4505,7172,7173,7176,7175,7174,3870,7169],"class_list":{"0":"post-13232","1":"product","2":"type-product","3":"status-publish","4":"has-post-thumbnail","6":"product_cat-powstawanie-polproduktow","7":"product_cat-toczenie","8":"product_tag-automatyczne-walkowanie-ciasta","9":"product_tag-ciasto-na-pizze","10":"product_tag-gotowanie-pizzy","11":"product_tag-maszyna-do-walcowania-ciasta-3","12":"product_tag-maszyna-do-walcowania-ciasta","13":"product_tag-pizza","14":"product_tag-pizza-blanks","15":"product_tag-pizzeria","16":"product_tag-przemyslowe-walkowanie-ciasta","17":"product_tag-sprzet-do-pizzy","18":"product_tag-sprzet-do-przetwarzania-zywnosci","19":"product_tag-walkowanie-ciasta","21":"first","22":"instock","23":"shipping-taxable","24":"product-type-simple"},"acf":[],"yoast_head":"<!-- This site is optimized with the Yoast SEO plugin v27.5 - https:\/\/yoast.com\/product\/yoast-seo-wordpress\/ -->\n<title>STvega Pizza Dough Roller H100 Pizza Dough Roll Machine \u043a\u0443\u043f\u0438\u0442\u0438 \u0437\u0430 \u0432\u0438\u0433\u0456\u0434\u043d\u043e\u044e \u0446\u0456\u043d\u043e\u044e \u0432 \u043c\u0430\u0433\u0430\u0437\u0438\u043d\u0456 STvega<\/title>\n<meta name=\"description\" content=\"STvega Pizza Dough Roller H100 Pizza Dough Roll Machine | \u043a\u0443\u043f\u0438\u0442\u0438 \u0437\u0430 \ud83c\udf1f\u0432\u0438\u0433\u0456\u0434\u043d\u043e\u044e \u0446\u0456\u043d\u043e\u044e \u0432 \u043c\u0430\u0433\u0430\u0437\u0438\u043d\u0456 STvega\" \/>\n<meta name=\"robots\" content=\"index, follow, max-snippet:-1, max-image-preview:large, max-video-preview:-1\" \/>\n<link rel=\"canonical\" href=\"https:\/\/stvega.net\/pl\/product\/stvega-pizza-dough-roller-h100-pizza-dough-roll-machine\/\" \/>\n<meta property=\"og:locale\" content=\"pl_PL\" \/>\n<meta property=\"og:type\" content=\"article\" \/>\n<meta property=\"og:title\" content=\"STvega Pizza Dough Roller H100 Pizza Dough Roll Machine \u043a\u0443\u043f\u0438\u0442\u0438 \u0437\u0430 \u0432\u0438\u0433\u0456\u0434\u043d\u043e\u044e \u0446\u0456\u043d\u043e\u044e \u0432 \u043c\u0430\u0433\u0430\u0437\u0438\u043d\u0456 STvega\" \/>\n<meta property=\"og:description\" content=\"STvega Pizza Dough Roller H100 Pizza Dough Roll Machine | \u043a\u0443\u043f\u0438\u0442\u0438 \u0437\u0430 \ud83c\udf1f\u0432\u0438\u0433\u0456\u0434\u043d\u043e\u044e \u0446\u0456\u043d\u043e\u044e \u0432 \u043c\u0430\u0433\u0430\u0437\u0438\u043d\u0456 STvega\" \/>\n<meta property=\"og:url\" content=\"https:\/\/stvega.net\/pl\/product\/stvega-pizza-dough-roller-h100-pizza-dough-roll-machine\/\" \/>\n<meta property=\"og:site_name\" content=\"\u0448\u0438\u0440\u043e\u043a\u0438\u0439 \u0430\u0441\u043e\u0440\u0442\u0438\u043c\u0435\u043d\u0442 \u0445\u0430\u0440\u0447\u043e\u0432\u043e\u0433\u043e \u043f\u0440\u043e\u043c\u0438\u0441\u043b\u043e\u0432\u043e\u0433\u043e \u043e\u0431\u043b\u0430\u0434\u043d\u0430\u043d\u043d\u044f \u0434\u043b\u044f \u043f\u0435\u0440\u0435\u0440\u043e\u0431\u043a\u0438 \u043c\u2019\u044f\u0441\u0430, \u043e\u0432\u043e\u0447\u0456\u0432 \u0456 \u0444\u0440\u0443\u043a\u0442\u0456\u0432\u2b50\u0412\u0438\u0433\u0456\u0434\u043d\u0456 \u0446\u0456\u043d\u0438 \ud83e\uddbe\u0412\u0438\u0440\u043e\u0431\u043d\u0438\u0447\u0456 \u043b\u0456\u043d\u0456\u0457 \u043f\u0456\u0434 \u043a\u043b\u044e\u0447\ud83d\ude9a \u0414\u043e\u0441\u0442\u0430\u0432\u043a\u0430 \ud83d\udee0\u0421\u0435\u0440\u0432\u0456\u0441\" \/>\n<meta property=\"article:publisher\" content=\"https:\/\/www.facebook.com\/share\/9F1B4VxaHAC9E9HB\/?mibextid=qi2Omg\" \/>\n<meta property=\"og:image\" content=\"https:\/\/stvega.net\/wp-content\/uploads\/2024\/05\/zaglavnoe-foto.png\" \/>\n\t<meta property=\"og:image:width\" content=\"487\" \/>\n\t<meta property=\"og:image:height\" content=\"512\" \/>\n\t<meta property=\"og:image:type\" content=\"image\/png\" \/>\n<meta name=\"twitter:card\" content=\"summary_large_image\" \/>\n<meta name=\"twitter:label1\" content=\"Szacowany czas czytania\" \/>\n\t<meta name=\"twitter:data1\" content=\"1 minuta\" \/>\n<script type=\"application\/ld+json\" class=\"yoast-schema-graph\">{\"@context\":\"https:\\\/\\\/schema.org\",\"@graph\":[{\"@type\":\"WebPage\",\"@id\":\"https:\\\/\\\/stvega.net\\\/pl\\\/product\\\/stvega-pizza-dough-roller-h100-pizza-dough-roll-machine\\\/\",\"url\":\"https:\\\/\\\/stvega.net\\\/pl\\\/product\\\/stvega-pizza-dough-roller-h100-pizza-dough-roll-machine\\\/\",\"name\":\"STvega Pizza Dough Roller H100 Pizza Dough Roll Machine \u043a\u0443\u043f\u0438\u0442\u0438 \u0437\u0430 \u0432\u0438\u0433\u0456\u0434\u043d\u043e\u044e \u0446\u0456\u043d\u043e\u044e \u0432 \u043c\u0430\u0433\u0430\u0437\u0438\u043d\u0456 STvega\",\"isPartOf\":{\"@id\":\"https:\\\/\\\/stvega.net\\\/pl\\\/#website\"},\"primaryImageOfPage\":{\"@id\":\"https:\\\/\\\/stvega.net\\\/pl\\\/product\\\/stvega-pizza-dough-roller-h100-pizza-dough-roll-machine\\\/#primaryimage\"},\"image\":{\"@id\":\"https:\\\/\\\/stvega.net\\\/pl\\\/product\\\/stvega-pizza-dough-roller-h100-pizza-dough-roll-machine\\\/#primaryimage\"},\"thumbnailUrl\":\"https:\\\/\\\/stvega.net\\\/wp-content\\\/uploads\\\/2024\\\/05\\\/zaglavnoe-foto.png\",\"datePublished\":\"2024-05-29T09:54:22+00:00\",\"description\":\"STvega Pizza Dough Roller H100 Pizza Dough Roll Machine | \u043a\u0443\u043f\u0438\u0442\u0438 \u0437\u0430 \ud83c\udf1f\u0432\u0438\u0433\u0456\u0434\u043d\u043e\u044e \u0446\u0456\u043d\u043e\u044e \u0432 \u043c\u0430\u0433\u0430\u0437\u0438\u043d\u0456 STvega\",\"breadcrumb\":{\"@id\":\"https:\\\/\\\/stvega.net\\\/pl\\\/product\\\/stvega-pizza-dough-roller-h100-pizza-dough-roll-machine\\\/#breadcrumb\"},\"inLanguage\":\"pl-PL\",\"potentialAction\":[{\"@type\":\"ReadAction\",\"target\":[\"https:\\\/\\\/stvega.net\\\/pl\\\/product\\\/stvega-pizza-dough-roller-h100-pizza-dough-roll-machine\\\/\"]}]},{\"@type\":\"ImageObject\",\"inLanguage\":\"pl-PL\",\"@id\":\"https:\\\/\\\/stvega.net\\\/pl\\\/product\\\/stvega-pizza-dough-roller-h100-pizza-dough-roll-machine\\\/#primaryimage\",\"url\":\"https:\\\/\\\/stvega.net\\\/wp-content\\\/uploads\\\/2024\\\/05\\\/zaglavnoe-foto.png\",\"contentUrl\":\"https:\\\/\\\/stvega.net\\\/wp-content\\\/uploads\\\/2024\\\/05\\\/zaglavnoe-foto.png\",\"width\":487,\"height\":512,\"caption\":\"Maszyna do rozdzielania i formowania ciasta STvega Cake Rounder H3000\"},{\"@type\":\"BreadcrumbList\",\"@id\":\"https:\\\/\\\/stvega.net\\\/pl\\\/product\\\/stvega-pizza-dough-roller-h100-pizza-dough-roll-machine\\\/#breadcrumb\",\"itemListElement\":[{\"@type\":\"ListItem\",\"position\":1,\"name\":\"Dom\",\"item\":\"https:\\\/\\\/stvega.net\\\/pl\\\/\"},{\"@type\":\"ListItem\",\"position\":2,\"name\":\"Katalog\",\"item\":\"https:\\\/\\\/stvega.net\\\/katalog\\\/\"},{\"@type\":\"ListItem\",\"position\":3,\"name\":\"STvega Pizza Dough Roller H100 Pizza Dough Roll Machine\"}]},{\"@type\":\"WebSite\",\"@id\":\"https:\\\/\\\/stvega.net\\\/pl\\\/#website\",\"url\":\"https:\\\/\\\/stvega.net\\\/pl\\\/\",\"name\":\"STvega\",\"description\":\"\u0445\u0430\u0440\u0447\u043e\u0432\u0435 \u043f\u0440\u043e\u043c\u0438\u0441\u043b\u043e\u0432\u0435 \u043e\u0431\u043b\u0430\u0434\u043d\u0430\u043d\u043d\u044f\",\"publisher\":{\"@id\":\"https:\\\/\\\/stvega.net\\\/pl\\\/#organization\"},\"alternateName\":\"STvega - \u043e\u0432\u043e\u0447\u0435\u0440\u0456\u0437\u043a\u0438, \u0448\u043f\u0438\u0433\u043e\u0440\u0456\u0437\u043a\u0438, \u0441\u043b\u0430\u0439\u0441\u0435\u0440\u0438 \u0442\u0430 \u0456\u043d\u0448\u0435 \u0445\u0430\u0440\u0447\u043e\u0432\u0435 \u043e\u0431\u043b\u0430\u0434\u043d\u0430\u043d\u043d\u044f\",\"potentialAction\":[{\"@type\":\"SearchAction\",\"target\":{\"@type\":\"EntryPoint\",\"urlTemplate\":\"https:\\\/\\\/stvega.net\\\/pl\\\/?s={search_term_string}\"},\"query-input\":{\"@type\":\"PropertyValueSpecification\",\"valueRequired\":true,\"valueName\":\"search_term_string\"}}],\"inLanguage\":\"pl-PL\"},{\"@type\":\"Organization\",\"@id\":\"https:\\\/\\\/stvega.net\\\/pl\\\/#organization\",\"name\":\"STvega \u0425\u0410\u0420\u0427\u041e\u0412\u0415 \u041f\u0420\u041e\u041c\u0418\u0421\u041b\u041e\u0412\u0415 \u041e\u0411\u041b\u0410\u0414\u041d\u0410\u041d\u041d\u042f\",\"alternateName\":\"STvega - \u043e\u0432\u043e\u0447\u0435\u0440\u0456\u0437\u043a\u0438, \u0448\u043f\u0438\u0433\u043e\u0440\u0456\u0437\u043a\u0438, \u0441\u043b\u0430\u0439\u0441\u0435\u0440\u0438 \u0442\u0430 \u0456\u043d\u0448\u0435 \u0445\u0430\u0440\u0447\u043e\u0432\u0435 \u043e\u0431\u043b\u0430\u0434\u043d\u0430\u043d\u043d\u044f\",\"url\":\"https:\\\/\\\/stvega.net\\\/pl\\\/\",\"logo\":{\"@type\":\"ImageObject\",\"inLanguage\":\"pl-PL\",\"@id\":\"https:\\\/\\\/stvega.net\\\/pl\\\/#\\\/schema\\\/logo\\\/image\\\/\",\"url\":\"https:\\\/\\\/stvega.net\\\/wp-content\\\/uploads\\\/2024\\\/03\\\/dyzajn-bez-nazvanyya-1.png\",\"contentUrl\":\"https:\\\/\\\/stvega.net\\\/wp-content\\\/uploads\\\/2024\\\/03\\\/dyzajn-bez-nazvanyya-1.png\",\"width\":180,\"height\":180,\"caption\":\"STvega \u0425\u0410\u0420\u0427\u041e\u0412\u0415 \u041f\u0420\u041e\u041c\u0418\u0421\u041b\u041e\u0412\u0415 \u041e\u0411\u041b\u0410\u0414\u041d\u0410\u041d\u041d\u042f\"},\"image\":{\"@id\":\"https:\\\/\\\/stvega.net\\\/pl\\\/#\\\/schema\\\/logo\\\/image\\\/\"},\"sameAs\":[\"https:\\\/\\\/www.facebook.com\\\/share\\\/9F1B4VxaHAC9E9HB\\\/?mibextid=qi2Omg\"]}]}<\/script>\n<!-- \/ Yoast SEO plugin. -->","yoast_head_json":{"title":"STvega Pizza Dough Roller H100 Pizza Dough Roll Machine \u043a\u0443\u043f\u0438\u0442\u0438 \u0437\u0430 \u0432\u0438\u0433\u0456\u0434\u043d\u043e\u044e \u0446\u0456\u043d\u043e\u044e \u0432 \u043c\u0430\u0433\u0430\u0437\u0438\u043d\u0456 STvega","description":"STvega Pizza Dough Roller H100 Pizza Dough Roll Machine | \u043a\u0443\u043f\u0438\u0442\u0438 \u0437\u0430 \ud83c\udf1f\u0432\u0438\u0433\u0456\u0434\u043d\u043e\u044e \u0446\u0456\u043d\u043e\u044e \u0432 \u043c\u0430\u0433\u0430\u0437\u0438\u043d\u0456 STvega","robots":{"index":"index","follow":"follow","max-snippet":"max-snippet:-1","max-image-preview":"max-image-preview:large","max-video-preview":"max-video-preview:-1"},"canonical":"https:\/\/stvega.net\/pl\/product\/stvega-pizza-dough-roller-h100-pizza-dough-roll-machine\/","og_locale":"pl_PL","og_type":"article","og_title":"STvega Pizza Dough Roller H100 Pizza Dough Roll Machine \u043a\u0443\u043f\u0438\u0442\u0438 \u0437\u0430 \u0432\u0438\u0433\u0456\u0434\u043d\u043e\u044e \u0446\u0456\u043d\u043e\u044e \u0432 \u043c\u0430\u0433\u0430\u0437\u0438\u043d\u0456 STvega","og_description":"STvega Pizza Dough Roller H100 Pizza Dough Roll Machine | \u043a\u0443\u043f\u0438\u0442\u0438 \u0437\u0430 \ud83c\udf1f\u0432\u0438\u0433\u0456\u0434\u043d\u043e\u044e \u0446\u0456\u043d\u043e\u044e \u0432 \u043c\u0430\u0433\u0430\u0437\u0438\u043d\u0456 STvega","og_url":"https:\/\/stvega.net\/pl\/product\/stvega-pizza-dough-roller-h100-pizza-dough-roll-machine\/","og_site_name":"\u0448\u0438\u0440\u043e\u043a\u0438\u0439 \u0430\u0441\u043e\u0440\u0442\u0438\u043c\u0435\u043d\u0442 \u0445\u0430\u0440\u0447\u043e\u0432\u043e\u0433\u043e \u043f\u0440\u043e\u043c\u0438\u0441\u043b\u043e\u0432\u043e\u0433\u043e \u043e\u0431\u043b\u0430\u0434\u043d\u0430\u043d\u043d\u044f \u0434\u043b\u044f \u043f\u0435\u0440\u0435\u0440\u043e\u0431\u043a\u0438 \u043c\u2019\u044f\u0441\u0430, \u043e\u0432\u043e\u0447\u0456\u0432 \u0456 \u0444\u0440\u0443\u043a\u0442\u0456\u0432\u2b50\u0412\u0438\u0433\u0456\u0434\u043d\u0456 \u0446\u0456\u043d\u0438 \ud83e\uddbe\u0412\u0438\u0440\u043e\u0431\u043d\u0438\u0447\u0456 \u043b\u0456\u043d\u0456\u0457 \u043f\u0456\u0434 \u043a\u043b\u044e\u0447\ud83d\ude9a \u0414\u043e\u0441\u0442\u0430\u0432\u043a\u0430 \ud83d\udee0\u0421\u0435\u0440\u0432\u0456\u0441","article_publisher":"https:\/\/www.facebook.com\/share\/9F1B4VxaHAC9E9HB\/?mibextid=qi2Omg","og_image":[{"width":487,"height":512,"url":"https:\/\/stvega.net\/wp-content\/uploads\/2024\/05\/zaglavnoe-foto.png","type":"image\/png"}],"twitter_card":"summary_large_image","twitter_misc":{"Szacowany czas czytania":"1 minuta"},"schema":{"@context":"https:\/\/schema.org","@graph":[{"@type":"WebPage","@id":"https:\/\/stvega.net\/pl\/product\/stvega-pizza-dough-roller-h100-pizza-dough-roll-machine\/","url":"https:\/\/stvega.net\/pl\/product\/stvega-pizza-dough-roller-h100-pizza-dough-roll-machine\/","name":"STvega Pizza Dough Roller H100 Pizza Dough Roll Machine \u043a\u0443\u043f\u0438\u0442\u0438 \u0437\u0430 \u0432\u0438\u0433\u0456\u0434\u043d\u043e\u044e \u0446\u0456\u043d\u043e\u044e \u0432 \u043c\u0430\u0433\u0430\u0437\u0438\u043d\u0456 STvega","isPartOf":{"@id":"https:\/\/stvega.net\/pl\/#website"},"primaryImageOfPage":{"@id":"https:\/\/stvega.net\/pl\/product\/stvega-pizza-dough-roller-h100-pizza-dough-roll-machine\/#primaryimage"},"image":{"@id":"https:\/\/stvega.net\/pl\/product\/stvega-pizza-dough-roller-h100-pizza-dough-roll-machine\/#primaryimage"},"thumbnailUrl":"https:\/\/stvega.net\/wp-content\/uploads\/2024\/05\/zaglavnoe-foto.png","datePublished":"2024-05-29T09:54:22+00:00","description":"STvega Pizza Dough Roller H100 Pizza Dough Roll Machine | \u043a\u0443\u043f\u0438\u0442\u0438 \u0437\u0430 \ud83c\udf1f\u0432\u0438\u0433\u0456\u0434\u043d\u043e\u044e \u0446\u0456\u043d\u043e\u044e \u0432 \u043c\u0430\u0433\u0430\u0437\u0438\u043d\u0456 STvega","breadcrumb":{"@id":"https:\/\/stvega.net\/pl\/product\/stvega-pizza-dough-roller-h100-pizza-dough-roll-machine\/#breadcrumb"},"inLanguage":"pl-PL","potentialAction":[{"@type":"ReadAction","target":["https:\/\/stvega.net\/pl\/product\/stvega-pizza-dough-roller-h100-pizza-dough-roll-machine\/"]}]},{"@type":"ImageObject","inLanguage":"pl-PL","@id":"https:\/\/stvega.net\/pl\/product\/stvega-pizza-dough-roller-h100-pizza-dough-roll-machine\/#primaryimage","url":"https:\/\/stvega.net\/wp-content\/uploads\/2024\/05\/zaglavnoe-foto.png","contentUrl":"https:\/\/stvega.net\/wp-content\/uploads\/2024\/05\/zaglavnoe-foto.png","width":487,"height":512,"caption":"Maszyna do rozdzielania i formowania ciasta STvega Cake Rounder H3000"},{"@type":"BreadcrumbList","@id":"https:\/\/stvega.net\/pl\/product\/stvega-pizza-dough-roller-h100-pizza-dough-roll-machine\/#breadcrumb","itemListElement":[{"@type":"ListItem","position":1,"name":"Dom","item":"https:\/\/stvega.net\/pl\/"},{"@type":"ListItem","position":2,"name":"Katalog","item":"https:\/\/stvega.net\/katalog\/"},{"@type":"ListItem","position":3,"name":"STvega Pizza Dough Roller H100 Pizza Dough Roll Machine"}]},{"@type":"WebSite","@id":"https:\/\/stvega.net\/pl\/#website","url":"https:\/\/stvega.net\/pl\/","name":"STvega","description":"\u0445\u0430\u0440\u0447\u043e\u0432\u0435 \u043f\u0440\u043e\u043c\u0438\u0441\u043b\u043e\u0432\u0435 \u043e\u0431\u043b\u0430\u0434\u043d\u0430\u043d\u043d\u044f","publisher":{"@id":"https:\/\/stvega.net\/pl\/#organization"},"alternateName":"STvega - \u043e\u0432\u043e\u0447\u0435\u0440\u0456\u0437\u043a\u0438, \u0448\u043f\u0438\u0433\u043e\u0440\u0456\u0437\u043a\u0438, \u0441\u043b\u0430\u0439\u0441\u0435\u0440\u0438 \u0442\u0430 \u0456\u043d\u0448\u0435 \u0445\u0430\u0440\u0447\u043e\u0432\u0435 \u043e\u0431\u043b\u0430\u0434\u043d\u0430\u043d\u043d\u044f","potentialAction":[{"@type":"SearchAction","target":{"@type":"EntryPoint","urlTemplate":"https:\/\/stvega.net\/pl\/?s={search_term_string}"},"query-input":{"@type":"PropertyValueSpecification","valueRequired":true,"valueName":"search_term_string"}}],"inLanguage":"pl-PL"},{"@type":"Organization","@id":"https:\/\/stvega.net\/pl\/#organization","name":"STvega \u0425\u0410\u0420\u0427\u041e\u0412\u0415 \u041f\u0420\u041e\u041c\u0418\u0421\u041b\u041e\u0412\u0415 \u041e\u0411\u041b\u0410\u0414\u041d\u0410\u041d\u041d\u042f","alternateName":"STvega - \u043e\u0432\u043e\u0447\u0435\u0440\u0456\u0437\u043a\u0438, \u0448\u043f\u0438\u0433\u043e\u0440\u0456\u0437\u043a\u0438, \u0441\u043b\u0430\u0439\u0441\u0435\u0440\u0438 \u0442\u0430 \u0456\u043d\u0448\u0435 \u0445\u0430\u0440\u0447\u043e\u0432\u0435 \u043e\u0431\u043b\u0430\u0434\u043d\u0430\u043d\u043d\u044f","url":"https:\/\/stvega.net\/pl\/","logo":{"@type":"ImageObject","inLanguage":"pl-PL","@id":"https:\/\/stvega.net\/pl\/#\/schema\/logo\/image\/","url":"https:\/\/stvega.net\/wp-content\/uploads\/2024\/03\/dyzajn-bez-nazvanyya-1.png","contentUrl":"https:\/\/stvega.net\/wp-content\/uploads\/2024\/03\/dyzajn-bez-nazvanyya-1.png","width":180,"height":180,"caption":"STvega \u0425\u0410\u0420\u0427\u041e\u0412\u0415 \u041f\u0420\u041e\u041c\u0418\u0421\u041b\u041e\u0412\u0415 \u041e\u0411\u041b\u0410\u0414\u041d\u0410\u041d\u041d\u042f"},"image":{"@id":"https:\/\/stvega.net\/pl\/#\/schema\/logo\/image\/"},"sameAs":["https:\/\/www.facebook.com\/share\/9F1B4VxaHAC9E9HB\/?mibextid=qi2Omg"]}]}},"_links":{"self":[{"href":"https:\/\/stvega.net\/pl\/wp-json\/wp\/v2\/product\/13232","targetHints":{"allow":["GET"]}}],"collection":[{"href":"https:\/\/stvega.net\/pl\/wp-json\/wp\/v2\/product"}],"about":[{"href":"https:\/\/stvega.net\/pl\/wp-json\/wp\/v2\/types\/product"}],"replies":[{"embeddable":true,"href":"https:\/\/stvega.net\/pl\/wp-json\/wp\/v2\/comments?post=13232"}],"wp:featuredmedia":[{"embeddable":true,"href":"https:\/\/stvega.net\/pl\/wp-json\/wp\/v2\/media\/13233"}],"wp:attachment":[{"href":"https:\/\/stvega.net\/pl\/wp-json\/wp\/v2\/media?parent=13232"}],"wp:term":[{"taxonomy":"product_brand","embeddable":true,"href":"https:\/\/stvega.net\/pl\/wp-json\/wp\/v2\/product_brand?post=13232"},{"taxonomy":"product_cat","embeddable":true,"href":"https:\/\/stvega.net\/pl\/wp-json\/wp\/v2\/product_cat?post=13232"},{"taxonomy":"product_tag","embeddable":true,"href":"https:\/\/stvega.net\/pl\/wp-json\/wp\/v2\/product_tag?post=13232"}],"curies":[{"name":"wp","href":"https:\/\/api.w.org\/{rel}","templated":true}]}}