{"id":13050,"date":"2024-06-04T10:34:44","date_gmt":"2024-06-04T07:34:44","guid":{"rendered":"https:\/\/stvega.net\/product\/stvega-jmix-h2500-maszyna-do-wycierania-produktow\/"},"modified":"2024-06-04T10:34:44","modified_gmt":"2024-06-04T07:34:44","slug":"stvega-jmix-h2500-maszyna-do-wycierania-produktow","status":"publish","type":"product","link":"https:\/\/stvega.net\/pl\/product\/stvega-jmix-h2500-maszyna-do-wycierania-produktow\/","title":{"rendered":"STvega JMIX H2500 Maszyna do wycierania produkt\u00f3w"},"content":{"rendered":"<p class=\"tm6\"><strong><span class=\"tm8\">Maszyna STv<\/span><span class=\"tm8\">ega JMIX H2500<\/span><\/strong> <span class=\"tm7\"> <\/span> s\u0142u\u017cy <span class=\"tm7\"> do mielenia warzyw i owoc\u00f3w, takich jak pomidory, kiwi, truskawki, jab\u0142ka, pomara\u0144cze, daktyle. Jest idealn\u0105 maszyn\u0105 do przygotowywania d\u017cem\u00f3w, sok\u00f3w owocowych i <\/span> warzywnych.<span class=\"tm7\">Maszyna ta mo\u017ce by\u0107 u\u017cywana jako samodzielny sprz\u0119t lub jako cz\u0119\u015b\u0107 linii produkcyjnej do <\/span> <span class=\"tm7\">przetwarzania<\/span><span class=\"tm7\"> warzyw i owoc\u00f3w przez gospodarstwa i przedsi\u0119biorstwa przetw\u00f3rstwa spo\u017cywczego.<\/span><\/p>\n<p class=\"tm6\"><strong><span class=\"tm7\">Zasada dzia\u0142ania:<\/span><\/strong><\/p>\n<p class=\"tm9\"><span class=\"tm10\">Surowce do przetwarzania s\u0105 podawane przez operatora do zalewa za\u0142adunkowego, po czym trafiaj\u0105 do g\u00f3rnej komory, gdzie produkt jest pocz\u0105tkowo mielony przez perforowane sito, a nasiona i osk\u00f3rki s\u0105 rozdzielane, kt\u00f3re natychmiast s\u0105 wy\u0142adowywane do pojemnika na odpady. Nast\u0119pnie powsta\u0142a mi\u0105\u017csza trafia do drugiej komory, gdzie jest mielona przez perforowane sito z otworami o mniejszej \u015brednicy, dzi\u0119ki czemu sok jest wyciskany z mi\u0105\u017cszu. Wyci\u015bni\u0119ta masa jest wypuszczana do pojemnika na odpady, a sok sp\u0142ywa zsypem do pojemnika na gotowe produkty.  <\/span><\/p>\n<p><img loading=\"lazy\" decoding=\"async\" class=\"alignnone size-medium wp-image-4740\" src=\"https:\/\/stvega.net\/wp-content\/uploads\/2024\/06\/picture1-300x84.png\" alt=\"\" width=\"300\" height=\"84\" srcset=\"https:\/\/stvega.net\/wp-content\/uploads\/2024\/06\/picture1-300x84.png 300w, https:\/\/stvega.net\/wp-content\/uploads\/2024\/06\/picture1-660x184.png 660w, https:\/\/stvega.net\/wp-content\/uploads\/2024\/06\/picture1.png 717w\" sizes=\"auto, (max-width: 300px) 100vw, 300px\" \/><\/p>\n<p class=\"tm12\"><span class=\"tm10\"> <\/span><\/p>\n<p class=\"tm6\"><strong><span class=\"tm7\">Zalety sprz\u0119tu:<\/span><\/strong><\/p>\n<p class=\"tm14\"><span class=\"tm15\">\u25cf <\/span><span class=\"tm10\">Wszystkie ruchome elementy maszyny s\u0105 przykryte ochronnymi os\u0142onami dla bezpiecze\u0144stwa operatora.<a id=\"aGoBack\"><\/a><\/span><\/p>\n<p class=\"tm14\"><span class=\"tm15\">\u25cf <\/span><span class=\"tm10\">Wszystkie cz\u0119\u015bci maszyny b\u0119d\u0105ce bezpo\u015brednio w kontakcie z produktem wykonane s\u0105 ze stali nierdzewnej SUS 304 klasy spo\u017cywczej,<\/span><span class=\"tm10\"> <\/span> <span class=\"tm10\">a sprz\u0119t <\/span><span class=\"tm10\">spe\u0142nia normy bezpiecze\u0144stwa \u017cywno\u015bci.<\/span><\/p>\n<p class=\"tm14\"><span class=\"tm15\">\u25cf <\/span><span class=\"tm10\">Maszyna charakteryzuje si\u0119 ci\u0105g\u0142\u0105 prac\u0105 zapewniaj\u0105c\u0105 nieprzerwan\u0105 produkcj\u0119 i wysok\u0105 wydajno\u015b\u0107 <\/span><span class=\"tm10\">\u2013 <\/span><span class=\"tm10\">do 25<\/span><span class=\"tm10\">00<\/span><span class=\"tm10\">kg\/h<\/span><span class=\"tm10\"> (w zale\u017cno\u015bci od produktu).<\/span><span class=\"tm10\"><\/span><\/p>\n\t<div class=\"section video\">\n\t\t<div class=\"row\">\n\t\t\t\t\t\t\t\t\t\t\t\t<div class=\"col-md-4 col-12\">\n\t\t\t\t\t\t<div class=\"container-lazyload preview-lazyload container-youtube js-lazyload--not-loaded\"><a href=\"https:\/\/www.youtube.com\/watch?v=KzMRew1--yY\" class=\"lazy-load-youtube preview-lazyload preview-youtube\" data-video-title=\"\u041f\u0440\u043e\u043c\u0438\u0441\u043b\u043e\u0432\u0430 \u043c\u0430\u0448\u0438\u043d\u0430 STvega JMIX H2500 - \u043f\u0435\u0440\u0435\u0442\u0438\u0440\u0430\u043d\u043d\u044f \u043e\u0432\u043e\u0447\u0456\u0432, \u0444\u0440\u0443\u043a\u0442\u0456\u0432 \u0442\u0430 \u044f\u0433\u0456\u0434 \u0434\u043b\u044f \u0432\u0438\u0440\u043e\u0431\u043d\u0438\u0446\u0442\u0432\u0430 \u0441\u043e\u043a\u0443\" title=\"Play video &quot;\u041f\u0440\u043e\u043c\u0438\u0441\u043b\u043e\u0432\u0430 \u043c\u0430\u0448\u0438\u043d\u0430 STvega JMIX H2500 - \u043f\u0435\u0440\u0435\u0442\u0438\u0440\u0430\u043d\u043d\u044f \u043e\u0432\u043e\u0447\u0456\u0432, \u0444\u0440\u0443\u043a\u0442\u0456\u0432 \u0442\u0430 \u044f\u0433\u0456\u0434 \u0434\u043b\u044f \u0432\u0438\u0440\u043e\u0431\u043d\u0438\u0446\u0442\u0432\u0430 \u0441\u043e\u043a\u0443&quot;\">https:\/\/www.youtube.com\/watch?v=KzMRew1&#8211;yY<\/a><noscript>Video can&#8217;t be loaded because JavaScript is disabled: <a href=\"https:\/\/www.youtube.com\/watch?v=KzMRew1--yY\" title=\"\u041f\u0440\u043e\u043c\u0438\u0441\u043b\u043e\u0432\u0430 \u043c\u0430\u0448\u0438\u043d\u0430 STvega JMIX H2500 - \u043f\u0435\u0440\u0435\u0442\u0438\u0440\u0430\u043d\u043d\u044f \u043e\u0432\u043e\u0447\u0456\u0432, \u0444\u0440\u0443\u043a\u0442\u0456\u0432 \u0442\u0430 \u044f\u0433\u0456\u0434 \u0434\u043b\u044f \u0432\u0438\u0440\u043e\u0431\u043d\u0438\u0446\u0442\u0432\u0430 \u0441\u043e\u043a\u0443\">\u041f\u0440\u043e\u043c\u0438\u0441\u043b\u043e\u0432\u0430 \u043c\u0430\u0448\u0438\u043d\u0430 STvega JMIX H2500 &#8211; \u043f\u0435\u0440\u0435\u0442\u0438\u0440\u0430\u043d\u043d\u044f \u043e\u0432\u043e\u0447\u0456\u0432, \u0444\u0440\u0443\u043a\u0442\u0456\u0432 \u0442\u0430 \u044f\u0433\u0456\u0434 \u0434\u043b\u044f \u0432\u0438\u0440\u043e\u0431\u043d\u0438\u0446\u0442\u0432\u0430 \u0441\u043e\u043a\u0443 (https:\/\/www.youtube.com\/watch?v=KzMRew1&#8211;yY)<\/a><\/noscript><\/div>\n\t\t\t\t\t<\/div>\n\t\t\t\t\t\t\t\t\t<\/div>\n\t<\/div>\n\t\t","protected":false},"excerpt":{"rendered":"<p><strong>Maszyna STv<\/strong><strong>ega JMIX H2500<\/strong> zosta\u0142a zaprojektowana do mielenia warzyw i owoc\u00f3w, takich jak pomidory, kiwi, truskawki, jab\u0142ka, pomara\u0144cze, daktyle.<\/p>\n<p><strong>Specyfikacje: <\/strong><\/p>\n<p>[table id=&#8221;261&#8243; \/]<\/p>\n<p><span style=\"color: #0000ff;\"><strong>Unikalno\u015b\u0107 maszyny: <\/strong><span class=\"tm10\">Wysoki procent soku daje od 80 do 95% (w zale\u017cno\u015bci od produktu).<\/span><span class=\"tm10\"><\/span><\/span><\/p>\n","protected":false},"featured_media":13051,"comment_status":"closed","ping_status":"closed","template":"","meta":{"_acf_changed":false,"inline_featured_image":false},"product_brand":[],"product_cat":[3627,3634,3672,3676,3637],"product_tag":[7024,7027,7042,7021,7018,7015,4177,7039,7030,3778,7036,5296,3872,7033],"class_list":{"0":"post-13050","1":"product","2":"type-product","3":"status-publish","4":"has-post-thumbnail","6":"product_cat-jablka","7":"product_cat-jagody","8":"product_cat-owoce-cytrusowe","9":"product_cat-pomidory","10":"product_cat-produkcja-soku","11":"product_tag-krojenie-warzyw-4","12":"product_tag-maszyna-do-krojenia-warzyw-i-owocow","13":"product_tag-maszyna-do-wycieraczy-produktu","14":"product_tag-maszyna-do-wycierania","15":"product_tag-mielenie-owocow","16":"product_tag-mielenie-warzyw","17":"product_tag-produkcja-soku","18":"product_tag-przecier-owocowy","19":"product_tag-przecier-warzywny","20":"product_tag-przemysl-spozywczy","21":"product_tag-sprzet-do-przetworstwa-owocow-2","22":"product_tag-sprzet-do-przetworstwa-warzyw","23":"product_tag-sprzet-przemyslowy","24":"product_tag-szlifierka","26":"first","27":"instock","28":"shipping-taxable","29":"product-type-simple"},"acf":[],"yoast_head":"<!-- This site is optimized with the Yoast SEO plugin v27.6 - https:\/\/yoast.com\/product\/yoast-seo-wordpress\/ -->\n<title>STvega JMIX H2500 Maszyna do wycierania produkt\u00f3w \u043a\u0443\u043f\u0438\u0442\u0438 \u0437\u0430 \u0432\u0438\u0433\u0456\u0434\u043d\u043e\u044e \u0446\u0456\u043d\u043e\u044e \u0432 \u043c\u0430\u0433\u0430\u0437\u0438\u043d\u0456 STvega<\/title>\n<meta name=\"description\" content=\"STvega JMIX H2500 Maszyna do wycierania produkt\u00f3w | \u043a\u0443\u043f\u0438\u0442\u0438 \u0437\u0430 \ud83c\udf1f\u0432\u0438\u0433\u0456\u0434\u043d\u043e\u044e \u0446\u0456\u043d\u043e\u044e \u0432 \u043c\u0430\u0433\u0430\u0437\u0438\u043d\u0456 STvega\" \/>\n<meta name=\"robots\" content=\"index, follow, max-snippet:-1, max-image-preview:large, max-video-preview:-1\" \/>\n<link rel=\"canonical\" href=\"https:\/\/stvega.net\/pl\/product\/stvega-jmix-h2500-maszyna-do-wycierania-produktow\/\" \/>\n<meta property=\"og:locale\" content=\"pl_PL\" \/>\n<meta property=\"og:type\" content=\"article\" \/>\n<meta property=\"og:title\" content=\"STvega JMIX H2500 Maszyna do wycierania produkt\u00f3w \u043a\u0443\u043f\u0438\u0442\u0438 \u0437\u0430 \u0432\u0438\u0433\u0456\u0434\u043d\u043e\u044e \u0446\u0456\u043d\u043e\u044e \u0432 \u043c\u0430\u0433\u0430\u0437\u0438\u043d\u0456 STvega\" \/>\n<meta property=\"og:description\" content=\"STvega JMIX H2500 Maszyna do wycierania produkt\u00f3w | \u043a\u0443\u043f\u0438\u0442\u0438 \u0437\u0430 \ud83c\udf1f\u0432\u0438\u0433\u0456\u0434\u043d\u043e\u044e \u0446\u0456\u043d\u043e\u044e \u0432 \u043c\u0430\u0433\u0430\u0437\u0438\u043d\u0456 STvega\" \/>\n<meta property=\"og:url\" content=\"https:\/\/stvega.net\/pl\/product\/stvega-jmix-h2500-maszyna-do-wycierania-produktow\/\" \/>\n<meta property=\"og:site_name\" content=\"\u0448\u0438\u0440\u043e\u043a\u0438\u0439 \u0430\u0441\u043e\u0440\u0442\u0438\u043c\u0435\u043d\u0442 \u0445\u0430\u0440\u0447\u043e\u0432\u043e\u0433\u043e \u043f\u0440\u043e\u043c\u0438\u0441\u043b\u043e\u0432\u043e\u0433\u043e \u043e\u0431\u043b\u0430\u0434\u043d\u0430\u043d\u043d\u044f \u0434\u043b\u044f \u043f\u0435\u0440\u0435\u0440\u043e\u0431\u043a\u0438 \u043c\u2019\u044f\u0441\u0430, \u043e\u0432\u043e\u0447\u0456\u0432 \u0456 \u0444\u0440\u0443\u043a\u0442\u0456\u0432\u2b50\u0412\u0438\u0433\u0456\u0434\u043d\u0456 \u0446\u0456\u043d\u0438 \ud83e\uddbe\u0412\u0438\u0440\u043e\u0431\u043d\u0438\u0447\u0456 \u043b\u0456\u043d\u0456\u0457 \u043f\u0456\u0434 \u043a\u043b\u044e\u0447\ud83d\ude9a \u0414\u043e\u0441\u0442\u0430\u0432\u043a\u0430 \ud83d\udee0\u0421\u0435\u0440\u0432\u0456\u0441\" \/>\n<meta property=\"article:publisher\" content=\"https:\/\/www.facebook.com\/share\/9F1B4VxaHAC9E9HB\/?mibextid=qi2Omg\" \/>\n<meta property=\"og:image\" content=\"https:\/\/stvega.net\/wp-content\/uploads\/2024\/06\/mashyna-dlya-peretyrannya-ovochiv-i-fruktiv-h2500.png\" \/>\n\t<meta property=\"og:image:width\" content=\"903\" \/>\n\t<meta property=\"og:image:height\" content=\"578\" \/>\n\t<meta property=\"og:image:type\" content=\"image\/png\" \/>\n<meta name=\"twitter:card\" content=\"summary_large_image\" \/>\n<meta name=\"twitter:label1\" content=\"Szacowany czas czytania\" \/>\n\t<meta name=\"twitter:data1\" content=\"1 minuta\" \/>\n<script type=\"application\/ld+json\" class=\"yoast-schema-graph\">{\"@context\":\"https:\\\/\\\/schema.org\",\"@graph\":[{\"@type\":\"WebPage\",\"@id\":\"https:\\\/\\\/stvega.net\\\/pl\\\/product\\\/stvega-jmix-h2500-maszyna-do-wycierania-produktow\\\/\",\"url\":\"https:\\\/\\\/stvega.net\\\/pl\\\/product\\\/stvega-jmix-h2500-maszyna-do-wycierania-produktow\\\/\",\"name\":\"STvega JMIX H2500 Maszyna do wycierania produkt\u00f3w \u043a\u0443\u043f\u0438\u0442\u0438 \u0437\u0430 \u0432\u0438\u0433\u0456\u0434\u043d\u043e\u044e \u0446\u0456\u043d\u043e\u044e \u0432 \u043c\u0430\u0433\u0430\u0437\u0438\u043d\u0456 STvega\",\"isPartOf\":{\"@id\":\"https:\\\/\\\/stvega.net\\\/pl\\\/#website\"},\"primaryImageOfPage\":{\"@id\":\"https:\\\/\\\/stvega.net\\\/pl\\\/product\\\/stvega-jmix-h2500-maszyna-do-wycierania-produktow\\\/#primaryimage\"},\"image\":{\"@id\":\"https:\\\/\\\/stvega.net\\\/pl\\\/product\\\/stvega-jmix-h2500-maszyna-do-wycierania-produktow\\\/#primaryimage\"},\"thumbnailUrl\":\"https:\\\/\\\/stvega.net\\\/wp-content\\\/uploads\\\/2024\\\/06\\\/mashyna-dlya-peretyrannya-ovochiv-i-fruktiv-h2500.png\",\"datePublished\":\"2024-06-04T07:34:44+00:00\",\"description\":\"STvega JMIX H2500 Maszyna do wycierania produkt\u00f3w | \u043a\u0443\u043f\u0438\u0442\u0438 \u0437\u0430 \ud83c\udf1f\u0432\u0438\u0433\u0456\u0434\u043d\u043e\u044e \u0446\u0456\u043d\u043e\u044e \u0432 \u043c\u0430\u0433\u0430\u0437\u0438\u043d\u0456 STvega\",\"breadcrumb\":{\"@id\":\"https:\\\/\\\/stvega.net\\\/pl\\\/product\\\/stvega-jmix-h2500-maszyna-do-wycierania-produktow\\\/#breadcrumb\"},\"inLanguage\":\"pl-PL\",\"potentialAction\":[{\"@type\":\"ReadAction\",\"target\":[\"https:\\\/\\\/stvega.net\\\/pl\\\/product\\\/stvega-jmix-h2500-maszyna-do-wycierania-produktow\\\/\"]}]},{\"@type\":\"ImageObject\",\"inLanguage\":\"pl-PL\",\"@id\":\"https:\\\/\\\/stvega.net\\\/pl\\\/product\\\/stvega-jmix-h2500-maszyna-do-wycierania-produktow\\\/#primaryimage\",\"url\":\"https:\\\/\\\/stvega.net\\\/wp-content\\\/uploads\\\/2024\\\/06\\\/mashyna-dlya-peretyrannya-ovochiv-i-fruktiv-h2500.png\",\"contentUrl\":\"https:\\\/\\\/stvega.net\\\/wp-content\\\/uploads\\\/2024\\\/06\\\/mashyna-dlya-peretyrannya-ovochiv-i-fruktiv-h2500.png\",\"width\":903,\"height\":578},{\"@type\":\"BreadcrumbList\",\"@id\":\"https:\\\/\\\/stvega.net\\\/pl\\\/product\\\/stvega-jmix-h2500-maszyna-do-wycierania-produktow\\\/#breadcrumb\",\"itemListElement\":[{\"@type\":\"ListItem\",\"position\":1,\"name\":\"Dom\",\"item\":\"https:\\\/\\\/stvega.net\\\/pl\\\/\"},{\"@type\":\"ListItem\",\"position\":2,\"name\":\"Katalog\",\"item\":\"https:\\\/\\\/stvega.net\\\/katalog\\\/\"},{\"@type\":\"ListItem\",\"position\":3,\"name\":\"STvega JMIX H2500 Maszyna do wycierania produkt\u00f3w\"}]},{\"@type\":\"WebSite\",\"@id\":\"https:\\\/\\\/stvega.net\\\/pl\\\/#website\",\"url\":\"https:\\\/\\\/stvega.net\\\/pl\\\/\",\"name\":\"STvega\",\"description\":\"\u0445\u0430\u0440\u0447\u043e\u0432\u0435 \u043f\u0440\u043e\u043c\u0438\u0441\u043b\u043e\u0432\u0435 \u043e\u0431\u043b\u0430\u0434\u043d\u0430\u043d\u043d\u044f\",\"publisher\":{\"@id\":\"https:\\\/\\\/stvega.net\\\/pl\\\/#organization\"},\"alternateName\":\"STvega - \u043e\u0432\u043e\u0447\u0435\u0440\u0456\u0437\u043a\u0438, \u0448\u043f\u0438\u0433\u043e\u0440\u0456\u0437\u043a\u0438, \u0441\u043b\u0430\u0439\u0441\u0435\u0440\u0438 \u0442\u0430 \u0456\u043d\u0448\u0435 \u0445\u0430\u0440\u0447\u043e\u0432\u0435 \u043e\u0431\u043b\u0430\u0434\u043d\u0430\u043d\u043d\u044f\",\"potentialAction\":[{\"@type\":\"SearchAction\",\"target\":{\"@type\":\"EntryPoint\",\"urlTemplate\":\"https:\\\/\\\/stvega.net\\\/pl\\\/?s={search_term_string}\"},\"query-input\":{\"@type\":\"PropertyValueSpecification\",\"valueRequired\":true,\"valueName\":\"search_term_string\"}}],\"inLanguage\":\"pl-PL\"},{\"@type\":\"Organization\",\"@id\":\"https:\\\/\\\/stvega.net\\\/pl\\\/#organization\",\"name\":\"STvega \u0425\u0410\u0420\u0427\u041e\u0412\u0415 \u041f\u0420\u041e\u041c\u0418\u0421\u041b\u041e\u0412\u0415 \u041e\u0411\u041b\u0410\u0414\u041d\u0410\u041d\u041d\u042f\",\"alternateName\":\"STvega - \u043e\u0432\u043e\u0447\u0435\u0440\u0456\u0437\u043a\u0438, \u0448\u043f\u0438\u0433\u043e\u0440\u0456\u0437\u043a\u0438, \u0441\u043b\u0430\u0439\u0441\u0435\u0440\u0438 \u0442\u0430 \u0456\u043d\u0448\u0435 \u0445\u0430\u0440\u0447\u043e\u0432\u0435 \u043e\u0431\u043b\u0430\u0434\u043d\u0430\u043d\u043d\u044f\",\"url\":\"https:\\\/\\\/stvega.net\\\/pl\\\/\",\"logo\":{\"@type\":\"ImageObject\",\"inLanguage\":\"pl-PL\",\"@id\":\"https:\\\/\\\/stvega.net\\\/pl\\\/#\\\/schema\\\/logo\\\/image\\\/\",\"url\":\"https:\\\/\\\/stvega.net\\\/wp-content\\\/uploads\\\/2024\\\/03\\\/dyzajn-bez-nazvanyya-1.png\",\"contentUrl\":\"https:\\\/\\\/stvega.net\\\/wp-content\\\/uploads\\\/2024\\\/03\\\/dyzajn-bez-nazvanyya-1.png\",\"width\":180,\"height\":180,\"caption\":\"STvega \u0425\u0410\u0420\u0427\u041e\u0412\u0415 \u041f\u0420\u041e\u041c\u0418\u0421\u041b\u041e\u0412\u0415 \u041e\u0411\u041b\u0410\u0414\u041d\u0410\u041d\u041d\u042f\"},\"image\":{\"@id\":\"https:\\\/\\\/stvega.net\\\/pl\\\/#\\\/schema\\\/logo\\\/image\\\/\"},\"sameAs\":[\"https:\\\/\\\/www.facebook.com\\\/share\\\/9F1B4VxaHAC9E9HB\\\/?mibextid=qi2Omg\"]}]}<\/script>\n<!-- \/ Yoast SEO plugin. -->","yoast_head_json":{"title":"STvega JMIX H2500 Maszyna do wycierania produkt\u00f3w \u043a\u0443\u043f\u0438\u0442\u0438 \u0437\u0430 \u0432\u0438\u0433\u0456\u0434\u043d\u043e\u044e \u0446\u0456\u043d\u043e\u044e \u0432 \u043c\u0430\u0433\u0430\u0437\u0438\u043d\u0456 STvega","description":"STvega JMIX H2500 Maszyna do wycierania produkt\u00f3w | \u043a\u0443\u043f\u0438\u0442\u0438 \u0437\u0430 \ud83c\udf1f\u0432\u0438\u0433\u0456\u0434\u043d\u043e\u044e \u0446\u0456\u043d\u043e\u044e \u0432 \u043c\u0430\u0433\u0430\u0437\u0438\u043d\u0456 STvega","robots":{"index":"index","follow":"follow","max-snippet":"max-snippet:-1","max-image-preview":"max-image-preview:large","max-video-preview":"max-video-preview:-1"},"canonical":"https:\/\/stvega.net\/pl\/product\/stvega-jmix-h2500-maszyna-do-wycierania-produktow\/","og_locale":"pl_PL","og_type":"article","og_title":"STvega JMIX H2500 Maszyna do wycierania produkt\u00f3w \u043a\u0443\u043f\u0438\u0442\u0438 \u0437\u0430 \u0432\u0438\u0433\u0456\u0434\u043d\u043e\u044e \u0446\u0456\u043d\u043e\u044e \u0432 \u043c\u0430\u0433\u0430\u0437\u0438\u043d\u0456 STvega","og_description":"STvega JMIX H2500 Maszyna do wycierania produkt\u00f3w | \u043a\u0443\u043f\u0438\u0442\u0438 \u0437\u0430 \ud83c\udf1f\u0432\u0438\u0433\u0456\u0434\u043d\u043e\u044e \u0446\u0456\u043d\u043e\u044e \u0432 \u043c\u0430\u0433\u0430\u0437\u0438\u043d\u0456 STvega","og_url":"https:\/\/stvega.net\/pl\/product\/stvega-jmix-h2500-maszyna-do-wycierania-produktow\/","og_site_name":"\u0448\u0438\u0440\u043e\u043a\u0438\u0439 \u0430\u0441\u043e\u0440\u0442\u0438\u043c\u0435\u043d\u0442 \u0445\u0430\u0440\u0447\u043e\u0432\u043e\u0433\u043e \u043f\u0440\u043e\u043c\u0438\u0441\u043b\u043e\u0432\u043e\u0433\u043e \u043e\u0431\u043b\u0430\u0434\u043d\u0430\u043d\u043d\u044f \u0434\u043b\u044f \u043f\u0435\u0440\u0435\u0440\u043e\u0431\u043a\u0438 \u043c\u2019\u044f\u0441\u0430, \u043e\u0432\u043e\u0447\u0456\u0432 \u0456 \u0444\u0440\u0443\u043a\u0442\u0456\u0432\u2b50\u0412\u0438\u0433\u0456\u0434\u043d\u0456 \u0446\u0456\u043d\u0438 \ud83e\uddbe\u0412\u0438\u0440\u043e\u0431\u043d\u0438\u0447\u0456 \u043b\u0456\u043d\u0456\u0457 \u043f\u0456\u0434 \u043a\u043b\u044e\u0447\ud83d\ude9a \u0414\u043e\u0441\u0442\u0430\u0432\u043a\u0430 \ud83d\udee0\u0421\u0435\u0440\u0432\u0456\u0441","article_publisher":"https:\/\/www.facebook.com\/share\/9F1B4VxaHAC9E9HB\/?mibextid=qi2Omg","og_image":[{"width":903,"height":578,"url":"https:\/\/stvega.net\/wp-content\/uploads\/2024\/06\/mashyna-dlya-peretyrannya-ovochiv-i-fruktiv-h2500.png","type":"image\/png"}],"twitter_card":"summary_large_image","twitter_misc":{"Szacowany czas czytania":"1 minuta"},"schema":{"@context":"https:\/\/schema.org","@graph":[{"@type":"WebPage","@id":"https:\/\/stvega.net\/pl\/product\/stvega-jmix-h2500-maszyna-do-wycierania-produktow\/","url":"https:\/\/stvega.net\/pl\/product\/stvega-jmix-h2500-maszyna-do-wycierania-produktow\/","name":"STvega JMIX H2500 Maszyna do wycierania produkt\u00f3w \u043a\u0443\u043f\u0438\u0442\u0438 \u0437\u0430 \u0432\u0438\u0433\u0456\u0434\u043d\u043e\u044e \u0446\u0456\u043d\u043e\u044e \u0432 \u043c\u0430\u0433\u0430\u0437\u0438\u043d\u0456 STvega","isPartOf":{"@id":"https:\/\/stvega.net\/pl\/#website"},"primaryImageOfPage":{"@id":"https:\/\/stvega.net\/pl\/product\/stvega-jmix-h2500-maszyna-do-wycierania-produktow\/#primaryimage"},"image":{"@id":"https:\/\/stvega.net\/pl\/product\/stvega-jmix-h2500-maszyna-do-wycierania-produktow\/#primaryimage"},"thumbnailUrl":"https:\/\/stvega.net\/wp-content\/uploads\/2024\/06\/mashyna-dlya-peretyrannya-ovochiv-i-fruktiv-h2500.png","datePublished":"2024-06-04T07:34:44+00:00","description":"STvega JMIX H2500 Maszyna do wycierania produkt\u00f3w | \u043a\u0443\u043f\u0438\u0442\u0438 \u0437\u0430 \ud83c\udf1f\u0432\u0438\u0433\u0456\u0434\u043d\u043e\u044e \u0446\u0456\u043d\u043e\u044e \u0432 \u043c\u0430\u0433\u0430\u0437\u0438\u043d\u0456 STvega","breadcrumb":{"@id":"https:\/\/stvega.net\/pl\/product\/stvega-jmix-h2500-maszyna-do-wycierania-produktow\/#breadcrumb"},"inLanguage":"pl-PL","potentialAction":[{"@type":"ReadAction","target":["https:\/\/stvega.net\/pl\/product\/stvega-jmix-h2500-maszyna-do-wycierania-produktow\/"]}]},{"@type":"ImageObject","inLanguage":"pl-PL","@id":"https:\/\/stvega.net\/pl\/product\/stvega-jmix-h2500-maszyna-do-wycierania-produktow\/#primaryimage","url":"https:\/\/stvega.net\/wp-content\/uploads\/2024\/06\/mashyna-dlya-peretyrannya-ovochiv-i-fruktiv-h2500.png","contentUrl":"https:\/\/stvega.net\/wp-content\/uploads\/2024\/06\/mashyna-dlya-peretyrannya-ovochiv-i-fruktiv-h2500.png","width":903,"height":578},{"@type":"BreadcrumbList","@id":"https:\/\/stvega.net\/pl\/product\/stvega-jmix-h2500-maszyna-do-wycierania-produktow\/#breadcrumb","itemListElement":[{"@type":"ListItem","position":1,"name":"Dom","item":"https:\/\/stvega.net\/pl\/"},{"@type":"ListItem","position":2,"name":"Katalog","item":"https:\/\/stvega.net\/katalog\/"},{"@type":"ListItem","position":3,"name":"STvega JMIX H2500 Maszyna do wycierania produkt\u00f3w"}]},{"@type":"WebSite","@id":"https:\/\/stvega.net\/pl\/#website","url":"https:\/\/stvega.net\/pl\/","name":"STvega","description":"\u0445\u0430\u0440\u0447\u043e\u0432\u0435 \u043f\u0440\u043e\u043c\u0438\u0441\u043b\u043e\u0432\u0435 \u043e\u0431\u043b\u0430\u0434\u043d\u0430\u043d\u043d\u044f","publisher":{"@id":"https:\/\/stvega.net\/pl\/#organization"},"alternateName":"STvega - \u043e\u0432\u043e\u0447\u0435\u0440\u0456\u0437\u043a\u0438, \u0448\u043f\u0438\u0433\u043e\u0440\u0456\u0437\u043a\u0438, \u0441\u043b\u0430\u0439\u0441\u0435\u0440\u0438 \u0442\u0430 \u0456\u043d\u0448\u0435 \u0445\u0430\u0440\u0447\u043e\u0432\u0435 \u043e\u0431\u043b\u0430\u0434\u043d\u0430\u043d\u043d\u044f","potentialAction":[{"@type":"SearchAction","target":{"@type":"EntryPoint","urlTemplate":"https:\/\/stvega.net\/pl\/?s={search_term_string}"},"query-input":{"@type":"PropertyValueSpecification","valueRequired":true,"valueName":"search_term_string"}}],"inLanguage":"pl-PL"},{"@type":"Organization","@id":"https:\/\/stvega.net\/pl\/#organization","name":"STvega \u0425\u0410\u0420\u0427\u041e\u0412\u0415 \u041f\u0420\u041e\u041c\u0418\u0421\u041b\u041e\u0412\u0415 \u041e\u0411\u041b\u0410\u0414\u041d\u0410\u041d\u041d\u042f","alternateName":"STvega - \u043e\u0432\u043e\u0447\u0435\u0440\u0456\u0437\u043a\u0438, \u0448\u043f\u0438\u0433\u043e\u0440\u0456\u0437\u043a\u0438, \u0441\u043b\u0430\u0439\u0441\u0435\u0440\u0438 \u0442\u0430 \u0456\u043d\u0448\u0435 \u0445\u0430\u0440\u0447\u043e\u0432\u0435 \u043e\u0431\u043b\u0430\u0434\u043d\u0430\u043d\u043d\u044f","url":"https:\/\/stvega.net\/pl\/","logo":{"@type":"ImageObject","inLanguage":"pl-PL","@id":"https:\/\/stvega.net\/pl\/#\/schema\/logo\/image\/","url":"https:\/\/stvega.net\/wp-content\/uploads\/2024\/03\/dyzajn-bez-nazvanyya-1.png","contentUrl":"https:\/\/stvega.net\/wp-content\/uploads\/2024\/03\/dyzajn-bez-nazvanyya-1.png","width":180,"height":180,"caption":"STvega \u0425\u0410\u0420\u0427\u041e\u0412\u0415 \u041f\u0420\u041e\u041c\u0418\u0421\u041b\u041e\u0412\u0415 \u041e\u0411\u041b\u0410\u0414\u041d\u0410\u041d\u041d\u042f"},"image":{"@id":"https:\/\/stvega.net\/pl\/#\/schema\/logo\/image\/"},"sameAs":["https:\/\/www.facebook.com\/share\/9F1B4VxaHAC9E9HB\/?mibextid=qi2Omg"]}]}},"_links":{"self":[{"href":"https:\/\/stvega.net\/pl\/wp-json\/wp\/v2\/product\/13050","targetHints":{"allow":["GET"]}}],"collection":[{"href":"https:\/\/stvega.net\/pl\/wp-json\/wp\/v2\/product"}],"about":[{"href":"https:\/\/stvega.net\/pl\/wp-json\/wp\/v2\/types\/product"}],"replies":[{"embeddable":true,"href":"https:\/\/stvega.net\/pl\/wp-json\/wp\/v2\/comments?post=13050"}],"wp:featuredmedia":[{"embeddable":true,"href":"https:\/\/stvega.net\/pl\/wp-json\/wp\/v2\/media\/13051"}],"wp:attachment":[{"href":"https:\/\/stvega.net\/pl\/wp-json\/wp\/v2\/media?parent=13050"}],"wp:term":[{"taxonomy":"product_brand","embeddable":true,"href":"https:\/\/stvega.net\/pl\/wp-json\/wp\/v2\/product_brand?post=13050"},{"taxonomy":"product_cat","embeddable":true,"href":"https:\/\/stvega.net\/pl\/wp-json\/wp\/v2\/product_cat?post=13050"},{"taxonomy":"product_tag","embeddable":true,"href":"https:\/\/stvega.net\/pl\/wp-json\/wp\/v2\/product_tag?post=13050"}],"curies":[{"name":"wp","href":"https:\/\/api.w.org\/{rel}","templated":true}]}}