{"id":12922,"date":"2024-03-28T16:20:44","date_gmt":"2024-03-28T13:20:44","guid":{"rendered":"https:\/\/stvega.net\/product\/blender-bebnowy-do-jedzenia-beben-peletujacy-stvega-mix-salad-h2500\/"},"modified":"2026-05-07T14:36:50","modified_gmt":"2026-05-07T11:36:50","slug":"blender-bebnowy-do-jedzenia-beben-peletujacy-stvega-mix-salad-h2500","status":"publish","type":"product","link":"https:\/\/stvega.net\/pl\/product\/blender-bebnowy-do-jedzenia-beben-peletujacy-stvega-mix-salad-h2500\/","title":{"rendered":"Blender b\u0119bnowy do jedzenia (b\u0119ben peletuj\u0105cy) STvega Mix Salad H2500"},"content":{"rendered":"<p><strong>Mikser b\u0119bnowy STvega Mix Salad H2500<\/strong> zosta\u0142 zaprojektowany do r\u00f3wnomiernego mieszania pokrojonych warzyw, sa\u0142atek li\u015bciastych, zi\u00f3\u0142 i innych sk\u0142adnik\u00f3w. Maszyna zapewnia delikatne mieszanie bez deformacji produktu, zachowuj\u0105c jego struktur\u0119 i wygl\u0105d. Na \u017cyczenie klienta mo\u017cliwe jest wykonanie produkcji z transporterem oraz indywidualna produkcja dostosowana do wymaga\u0144 konkretnej produkcji.  <\/p>\n<p><strong> <\/strong><strong>Zasada dzia\u0142ania<\/strong><strong>:<\/strong><\/p>\n<p>Produkt jest podawany do mieszarki odbiorczej r\u0119cznie lub za pomoc\u0105 przeno\u015bnika za\u0142adunkowego. B\u0119ben z zamontowanymi ostrzami wewn\u0105trz obraca si\u0119 pod k\u0105tem. Ze wzgl\u0119du na pochylone u\u0142o\u017cenie i obr\u00f3t b\u0119bna, produkt jest stopniowo mieszany podczas przemieszczania si\u0119 wzd\u0142u\u017c obszaru roboczego. W efekcie sk\u0142adniki s\u0105 r\u00f3wnomiernie wymieszane, nie uszkadzaj\u0105c konstrukcji. Na ko\u0144cu cyklu mieszanka jest automatycznie roz\u0142adowywana do pojemnika na gotowe produkty. Dla wygody dost\u0119pny jest dozownik do dodawania przypraw lub innych dodatk\u00f3w bezpo\u015brednio podczas mieszania.     <\/p>\n<p><strong>Zalety sprz\u0119tu<\/strong><strong>:<\/strong><\/p>\n<ul>\n<li>Przechylony b\u0119ben z ostrzami zapewnia efektywne i delikatne mieszanie produktu bez jego uszkodzenia.<\/li>\n<li>Wysoka wydajno\u015b\u0107 pozwala przetwarza\u0107 do 600 kg produkt\u00f3w na godzin\u0119, co jest odpowiednie dla produkcji przemys\u0142owej.<\/li>\n<li>Mo\u017cliwo\u015b\u0107 indywidualnej produkcji miksera zgodnie z wymaganiami klienta zapewnia maksymaln\u0105 adaptacj\u0119 do istniej\u0105cego procesu technologicznego.<\/li>\n<li>Maszyna jest w ca\u0142o\u015bci wykonana ze stali nierdzewnej klasy SUS304, co zapewnia higien\u0119, trwa\u0142o\u015b\u0107 i odporno\u015b\u0107 na korozj\u0119.<\/li>\n<\/ul>\n<p><strong> <\/strong><\/p>\n<p>Firma zapewnia pe\u0142n\u0105 gwarancj\u0119 oraz serwis posprzeda\u017cowy.<\/p>\n<p class=\"a________\">\n\t<div class=\"section video\">\n\t\t<div class=\"row\">\n\t\t\t\t\t\t\t\t\t\t\t\t<div class=\"col-md-4 col-12\">\n\t\t\t\t\t\t<div class=\"container-lazyload preview-lazyload container-youtube js-lazyload--not-loaded\"><a href=\"https:\/\/www.youtube.com\/watch?v=DJTk1ph4HFI\" class=\"lazy-load-youtube preview-lazyload preview-youtube\" data-video-title=\"\u041f\u0440\u043e\u043c\u0438\u0441\u043b\u043e\u0432\u0438\u0439 \u043c\u0456\u043a\u0441\u0435\u0440 \u043f\u0440\u043e\u0442\u043e\u0447\u043d\u043e\u0433\u043e \u0442\u0438\u043f\u0443 \u0434\u043b\u044f \u0437\u043c\u0456\u0448\u0443\u0432\u0430\u043d\u043d\u044f \u0441\u0430\u043b\u0430\u0442\u0443  - STvega Mix Salad H2500\" title=\"Play video &quot;\u041f\u0440\u043e\u043c\u0438\u0441\u043b\u043e\u0432\u0438\u0439 \u043c\u0456\u043a\u0441\u0435\u0440 \u043f\u0440\u043e\u0442\u043e\u0447\u043d\u043e\u0433\u043e \u0442\u0438\u043f\u0443 \u0434\u043b\u044f \u0437\u043c\u0456\u0448\u0443\u0432\u0430\u043d\u043d\u044f \u0441\u0430\u043b\u0430\u0442\u0443  - STvega Mix Salad H2500&quot;\">https:\/\/www.youtube.com\/watch?v=DJTk1ph4HFI<\/a><noscript>Video can&#8217;t be loaded because JavaScript is disabled: <a href=\"https:\/\/www.youtube.com\/watch?v=DJTk1ph4HFI\" title=\"\u041f\u0440\u043e\u043c\u0438\u0441\u043b\u043e\u0432\u0438\u0439 \u043c\u0456\u043a\u0441\u0435\u0440 \u043f\u0440\u043e\u0442\u043e\u0447\u043d\u043e\u0433\u043e \u0442\u0438\u043f\u0443 \u0434\u043b\u044f \u0437\u043c\u0456\u0448\u0443\u0432\u0430\u043d\u043d\u044f \u0441\u0430\u043b\u0430\u0442\u0443  - STvega Mix Salad H2500\">\u041f\u0440\u043e\u043c\u0438\u0441\u043b\u043e\u0432\u0438\u0439 \u043c\u0456\u043a\u0441\u0435\u0440 \u043f\u0440\u043e\u0442\u043e\u0447\u043d\u043e\u0433\u043e \u0442\u0438\u043f\u0443 \u0434\u043b\u044f \u0437\u043c\u0456\u0448\u0443\u0432\u0430\u043d\u043d\u044f \u0441\u0430\u043b\u0430\u0442\u0443  &#8211; STvega Mix Salad H2500 (https:\/\/www.youtube.com\/watch?v=DJTk1ph4HFI)<\/a><\/noscript><\/div>\n\t\t\t\t\t<\/div>\n\t\t\t\t\t\t\t\t\t<\/div>\n\t<\/div>\n\t\t","protected":false},"excerpt":{"rendered":"<p>B\u0119ben tunelowy <strong> STvega Mix Salad H2500<\/strong> zosta\u0142 zaprojektowany do r\u00f3wnomiernego mieszania posiekanych warzyw, li\u015bciastych sa\u0142atek, zi\u00f3\u0142 i innych sk\u0142adnik\u00f3w.<\/p>\n<p><strong>Specyfikacje:<\/strong><\/p>\n<p>[table id=&#8221;67&#8243; \/]<\/p>\n<p><span style=\"color: #0000ff;\"><strong>Unikalno\u015b\u0107 maszyny: <\/strong><span class=\"tm8\">Mo\u017cliwe jest wprowadzanie zmian i tworzenie jej indywidualnie, zgodnie z wymiarami, uwzgl\u0119dniaj\u0105c cechy obr\u00f3bki produktu.<\/span><\/span><\/p>\n","protected":false},"featured_media":12940,"comment_status":"closed","ping_status":"closed","template":"","meta":{"_acf_changed":false,"inline_featured_image":false},"product_brand":[],"product_cat":[3535,3534,3622,3630],"product_tag":[6949,6981,6978,6953,6932,6947,6967,6934,6940,6788,6943,6785,6938,6936,6974,6971,6965,3778,6160,6794,6963,6961,6957],"class_list":{"0":"post-12922","1":"product","2":"type-product","3":"status-publish","4":"has-post-thumbnail","6":"product_cat-miksery-miksery","7":"product_cat-miksowanie","8":"product_cat-salatki","9":"product_cat-zielen","10":"product_tag-automatyczne-miksowanie","11":"product_tag-beben-do-peletowania-tunelowego","12":"product_tag-beben-peletujacy","13":"product_tag-delikatne-przetwarzanie","14":"product_tag-kran","15":"product_tag-linia-salat","16":"product_tag-latwosc-czyszczenia","17":"product_tag-maszyna-do-mieszania-salatek","18":"product_tag-mieszacz-salatek-z-przeplywem","19":"product_tag-mieszanie-produktow","20":"product_tag-mieszanie-rownomierne","21":"product_tag-mieszanie-salatek","22":"product_tag-mieszanie-salatki","23":"product_tag-mikser-salatkowy","24":"product_tag-mikser-typu-bebnowy","25":"product_tag-proces-ciagly","26":"product_tag-profesjonalne-wyposazenie-kuchenne","27":"product_tag-przemysl-spozywczy","28":"product_tag-przemyslowe-maszyny-zywnosciowe","29":"product_tag-sprzet-do-miksowania","30":"product_tag-stal-nierdzewna","31":"product_tag-wysoka-wydajnosc","32":"product_tag-zachowanie-struktury-produktow","34":"first","35":"instock","36":"shipping-taxable","37":"product-type-simple"},"acf":[],"yoast_head":"<!-- This site is optimized with the Yoast SEO plugin v27.5 - https:\/\/yoast.com\/product\/yoast-seo-wordpress\/ -->\n<title>Blender b\u0119bnowy do jedzenia (b\u0119ben peletuj\u0105cy) STvega Mix Salad H2500 \u043a\u0443\u043f\u0438\u0442\u0438 \u0437\u0430 \u0432\u0438\u0433\u0456\u0434\u043d\u043e\u044e \u0446\u0456\u043d\u043e\u044e \u0432 \u043c\u0430\u0433\u0430\u0437\u0438\u043d\u0456 STvega<\/title>\n<meta name=\"description\" content=\"Blender b\u0119bnowy do jedzenia (b\u0119ben peletuj\u0105cy) STvega Mix Salad H2500 | \u043a\u0443\u043f\u0438\u0442\u0438 \u0437\u0430 \ud83c\udf1f\u0432\u0438\u0433\u0456\u0434\u043d\u043e\u044e \u0446\u0456\u043d\u043e\u044e \u0432 \u043c\u0430\u0433\u0430\u0437\u0438\u043d\u0456 STvega\" \/>\n<meta name=\"robots\" content=\"index, follow, max-snippet:-1, max-image-preview:large, max-video-preview:-1\" \/>\n<link rel=\"canonical\" href=\"https:\/\/stvega.net\/pl\/product\/blender-bebnowy-do-jedzenia-beben-peletujacy-stvega-mix-salad-h2500\/\" \/>\n<meta property=\"og:locale\" content=\"pl_PL\" \/>\n<meta property=\"og:type\" content=\"article\" \/>\n<meta property=\"og:title\" content=\"Blender b\u0119bnowy do jedzenia (b\u0119ben peletuj\u0105cy) STvega Mix Salad H2500 \u043a\u0443\u043f\u0438\u0442\u0438 \u0437\u0430 \u0432\u0438\u0433\u0456\u0434\u043d\u043e\u044e \u0446\u0456\u043d\u043e\u044e \u0432 \u043c\u0430\u0433\u0430\u0437\u0438\u043d\u0456 STvega\" \/>\n<meta property=\"og:description\" content=\"Blender b\u0119bnowy do jedzenia (b\u0119ben peletuj\u0105cy) STvega Mix Salad H2500 | \u043a\u0443\u043f\u0438\u0442\u0438 \u0437\u0430 \ud83c\udf1f\u0432\u0438\u0433\u0456\u0434\u043d\u043e\u044e \u0446\u0456\u043d\u043e\u044e \u0432 \u043c\u0430\u0433\u0430\u0437\u0438\u043d\u0456 STvega\" \/>\n<meta property=\"og:url\" content=\"https:\/\/stvega.net\/pl\/product\/blender-bebnowy-do-jedzenia-beben-peletujacy-stvega-mix-salad-h2500\/\" \/>\n<meta property=\"og:site_name\" content=\"\u0448\u0438\u0440\u043e\u043a\u0438\u0439 \u0430\u0441\u043e\u0440\u0442\u0438\u043c\u0435\u043d\u0442 \u0445\u0430\u0440\u0447\u043e\u0432\u043e\u0433\u043e \u043f\u0440\u043e\u043c\u0438\u0441\u043b\u043e\u0432\u043e\u0433\u043e \u043e\u0431\u043b\u0430\u0434\u043d\u0430\u043d\u043d\u044f \u0434\u043b\u044f \u043f\u0435\u0440\u0435\u0440\u043e\u0431\u043a\u0438 \u043c\u2019\u044f\u0441\u0430, \u043e\u0432\u043e\u0447\u0456\u0432 \u0456 \u0444\u0440\u0443\u043a\u0442\u0456\u0432\u2b50\u0412\u0438\u0433\u0456\u0434\u043d\u0456 \u0446\u0456\u043d\u0438 \ud83e\uddbe\u0412\u0438\u0440\u043e\u0431\u043d\u0438\u0447\u0456 \u043b\u0456\u043d\u0456\u0457 \u043f\u0456\u0434 \u043a\u043b\u044e\u0447\ud83d\ude9a \u0414\u043e\u0441\u0442\u0430\u0432\u043a\u0430 \ud83d\udee0\u0421\u0435\u0440\u0432\u0456\u0441\" \/>\n<meta property=\"article:publisher\" content=\"https:\/\/www.facebook.com\/share\/9F1B4VxaHAC9E9HB\/?mibextid=qi2Omg\" \/>\n<meta property=\"article:modified_time\" content=\"2026-05-07T11:36:50+00:00\" \/>\n<meta property=\"og:image\" content=\"https:\/\/stvega.net\/wp-content\/uploads\/2024\/03\/stvega-mix-salad-h2500-2-3.png\" \/>\n\t<meta property=\"og:image:width\" content=\"1152\" \/>\n\t<meta property=\"og:image:height\" content=\"953\" \/>\n\t<meta property=\"og:image:type\" content=\"image\/png\" \/>\n<meta name=\"twitter:card\" content=\"summary_large_image\" \/>\n<meta name=\"twitter:label1\" content=\"Szacowany czas czytania\" \/>\n\t<meta name=\"twitter:data1\" content=\"1 minuta\" \/>\n<script type=\"application\/ld+json\" class=\"yoast-schema-graph\">{\"@context\":\"https:\\\/\\\/schema.org\",\"@graph\":[{\"@type\":\"WebPage\",\"@id\":\"https:\\\/\\\/stvega.net\\\/pl\\\/product\\\/blender-bebnowy-do-jedzenia-beben-peletujacy-stvega-mix-salad-h2500\\\/\",\"url\":\"https:\\\/\\\/stvega.net\\\/pl\\\/product\\\/blender-bebnowy-do-jedzenia-beben-peletujacy-stvega-mix-salad-h2500\\\/\",\"name\":\"Blender b\u0119bnowy do jedzenia (b\u0119ben peletuj\u0105cy) STvega Mix Salad H2500 \u043a\u0443\u043f\u0438\u0442\u0438 \u0437\u0430 \u0432\u0438\u0433\u0456\u0434\u043d\u043e\u044e \u0446\u0456\u043d\u043e\u044e \u0432 \u043c\u0430\u0433\u0430\u0437\u0438\u043d\u0456 STvega\",\"isPartOf\":{\"@id\":\"https:\\\/\\\/stvega.net\\\/pl\\\/#website\"},\"primaryImageOfPage\":{\"@id\":\"https:\\\/\\\/stvega.net\\\/pl\\\/product\\\/blender-bebnowy-do-jedzenia-beben-peletujacy-stvega-mix-salad-h2500\\\/#primaryimage\"},\"image\":{\"@id\":\"https:\\\/\\\/stvega.net\\\/pl\\\/product\\\/blender-bebnowy-do-jedzenia-beben-peletujacy-stvega-mix-salad-h2500\\\/#primaryimage\"},\"thumbnailUrl\":\"https:\\\/\\\/stvega.net\\\/wp-content\\\/uploads\\\/2024\\\/03\\\/stvega-mix-salad-h2500-2-3.png\",\"datePublished\":\"2024-03-28T13:20:44+00:00\",\"dateModified\":\"2026-05-07T11:36:50+00:00\",\"description\":\"Blender b\u0119bnowy do jedzenia (b\u0119ben peletuj\u0105cy) STvega Mix Salad H2500 | \u043a\u0443\u043f\u0438\u0442\u0438 \u0437\u0430 \ud83c\udf1f\u0432\u0438\u0433\u0456\u0434\u043d\u043e\u044e \u0446\u0456\u043d\u043e\u044e \u0432 \u043c\u0430\u0433\u0430\u0437\u0438\u043d\u0456 STvega\",\"breadcrumb\":{\"@id\":\"https:\\\/\\\/stvega.net\\\/pl\\\/product\\\/blender-bebnowy-do-jedzenia-beben-peletujacy-stvega-mix-salad-h2500\\\/#breadcrumb\"},\"inLanguage\":\"pl-PL\",\"potentialAction\":[{\"@type\":\"ReadAction\",\"target\":[\"https:\\\/\\\/stvega.net\\\/pl\\\/product\\\/blender-bebnowy-do-jedzenia-beben-peletujacy-stvega-mix-salad-h2500\\\/\"]}]},{\"@type\":\"ImageObject\",\"inLanguage\":\"pl-PL\",\"@id\":\"https:\\\/\\\/stvega.net\\\/pl\\\/product\\\/blender-bebnowy-do-jedzenia-beben-peletujacy-stvega-mix-salad-h2500\\\/#primaryimage\",\"url\":\"https:\\\/\\\/stvega.net\\\/wp-content\\\/uploads\\\/2024\\\/03\\\/stvega-mix-salad-h2500-2-3.png\",\"contentUrl\":\"https:\\\/\\\/stvega.net\\\/wp-content\\\/uploads\\\/2024\\\/03\\\/stvega-mix-salad-h2500-2-3.png\",\"width\":1152,\"height\":953},{\"@type\":\"BreadcrumbList\",\"@id\":\"https:\\\/\\\/stvega.net\\\/pl\\\/product\\\/blender-bebnowy-do-jedzenia-beben-peletujacy-stvega-mix-salad-h2500\\\/#breadcrumb\",\"itemListElement\":[{\"@type\":\"ListItem\",\"position\":1,\"name\":\"Dom\",\"item\":\"https:\\\/\\\/stvega.net\\\/pl\\\/\"},{\"@type\":\"ListItem\",\"position\":2,\"name\":\"Katalog\",\"item\":\"https:\\\/\\\/stvega.net\\\/katalog\\\/\"},{\"@type\":\"ListItem\",\"position\":3,\"name\":\"Blender b\u0119bnowy do jedzenia (b\u0119ben peletuj\u0105cy) STvega Mix Salad H2500\"}]},{\"@type\":\"WebSite\",\"@id\":\"https:\\\/\\\/stvega.net\\\/pl\\\/#website\",\"url\":\"https:\\\/\\\/stvega.net\\\/pl\\\/\",\"name\":\"STvega\",\"description\":\"\u0445\u0430\u0440\u0447\u043e\u0432\u0435 \u043f\u0440\u043e\u043c\u0438\u0441\u043b\u043e\u0432\u0435 \u043e\u0431\u043b\u0430\u0434\u043d\u0430\u043d\u043d\u044f\",\"publisher\":{\"@id\":\"https:\\\/\\\/stvega.net\\\/pl\\\/#organization\"},\"alternateName\":\"STvega - \u043e\u0432\u043e\u0447\u0435\u0440\u0456\u0437\u043a\u0438, \u0448\u043f\u0438\u0433\u043e\u0440\u0456\u0437\u043a\u0438, \u0441\u043b\u0430\u0439\u0441\u0435\u0440\u0438 \u0442\u0430 \u0456\u043d\u0448\u0435 \u0445\u0430\u0440\u0447\u043e\u0432\u0435 \u043e\u0431\u043b\u0430\u0434\u043d\u0430\u043d\u043d\u044f\",\"potentialAction\":[{\"@type\":\"SearchAction\",\"target\":{\"@type\":\"EntryPoint\",\"urlTemplate\":\"https:\\\/\\\/stvega.net\\\/pl\\\/?s={search_term_string}\"},\"query-input\":{\"@type\":\"PropertyValueSpecification\",\"valueRequired\":true,\"valueName\":\"search_term_string\"}}],\"inLanguage\":\"pl-PL\"},{\"@type\":\"Organization\",\"@id\":\"https:\\\/\\\/stvega.net\\\/pl\\\/#organization\",\"name\":\"STvega \u0425\u0410\u0420\u0427\u041e\u0412\u0415 \u041f\u0420\u041e\u041c\u0418\u0421\u041b\u041e\u0412\u0415 \u041e\u0411\u041b\u0410\u0414\u041d\u0410\u041d\u041d\u042f\",\"alternateName\":\"STvega - \u043e\u0432\u043e\u0447\u0435\u0440\u0456\u0437\u043a\u0438, \u0448\u043f\u0438\u0433\u043e\u0440\u0456\u0437\u043a\u0438, \u0441\u043b\u0430\u0439\u0441\u0435\u0440\u0438 \u0442\u0430 \u0456\u043d\u0448\u0435 \u0445\u0430\u0440\u0447\u043e\u0432\u0435 \u043e\u0431\u043b\u0430\u0434\u043d\u0430\u043d\u043d\u044f\",\"url\":\"https:\\\/\\\/stvega.net\\\/pl\\\/\",\"logo\":{\"@type\":\"ImageObject\",\"inLanguage\":\"pl-PL\",\"@id\":\"https:\\\/\\\/stvega.net\\\/pl\\\/#\\\/schema\\\/logo\\\/image\\\/\",\"url\":\"https:\\\/\\\/stvega.net\\\/wp-content\\\/uploads\\\/2024\\\/03\\\/dyzajn-bez-nazvanyya-1.png\",\"contentUrl\":\"https:\\\/\\\/stvega.net\\\/wp-content\\\/uploads\\\/2024\\\/03\\\/dyzajn-bez-nazvanyya-1.png\",\"width\":180,\"height\":180,\"caption\":\"STvega \u0425\u0410\u0420\u0427\u041e\u0412\u0415 \u041f\u0420\u041e\u041c\u0418\u0421\u041b\u041e\u0412\u0415 \u041e\u0411\u041b\u0410\u0414\u041d\u0410\u041d\u041d\u042f\"},\"image\":{\"@id\":\"https:\\\/\\\/stvega.net\\\/pl\\\/#\\\/schema\\\/logo\\\/image\\\/\"},\"sameAs\":[\"https:\\\/\\\/www.facebook.com\\\/share\\\/9F1B4VxaHAC9E9HB\\\/?mibextid=qi2Omg\"]}]}<\/script>\n<!-- \/ Yoast SEO plugin. -->","yoast_head_json":{"title":"Blender b\u0119bnowy do jedzenia (b\u0119ben peletuj\u0105cy) STvega Mix Salad H2500 \u043a\u0443\u043f\u0438\u0442\u0438 \u0437\u0430 \u0432\u0438\u0433\u0456\u0434\u043d\u043e\u044e \u0446\u0456\u043d\u043e\u044e \u0432 \u043c\u0430\u0433\u0430\u0437\u0438\u043d\u0456 STvega","description":"Blender b\u0119bnowy do jedzenia (b\u0119ben peletuj\u0105cy) STvega Mix Salad H2500 | \u043a\u0443\u043f\u0438\u0442\u0438 \u0437\u0430 \ud83c\udf1f\u0432\u0438\u0433\u0456\u0434\u043d\u043e\u044e \u0446\u0456\u043d\u043e\u044e \u0432 \u043c\u0430\u0433\u0430\u0437\u0438\u043d\u0456 STvega","robots":{"index":"index","follow":"follow","max-snippet":"max-snippet:-1","max-image-preview":"max-image-preview:large","max-video-preview":"max-video-preview:-1"},"canonical":"https:\/\/stvega.net\/pl\/product\/blender-bebnowy-do-jedzenia-beben-peletujacy-stvega-mix-salad-h2500\/","og_locale":"pl_PL","og_type":"article","og_title":"Blender b\u0119bnowy do jedzenia (b\u0119ben peletuj\u0105cy) STvega Mix Salad H2500 \u043a\u0443\u043f\u0438\u0442\u0438 \u0437\u0430 \u0432\u0438\u0433\u0456\u0434\u043d\u043e\u044e \u0446\u0456\u043d\u043e\u044e \u0432 \u043c\u0430\u0433\u0430\u0437\u0438\u043d\u0456 STvega","og_description":"Blender b\u0119bnowy do jedzenia (b\u0119ben peletuj\u0105cy) STvega Mix Salad H2500 | \u043a\u0443\u043f\u0438\u0442\u0438 \u0437\u0430 \ud83c\udf1f\u0432\u0438\u0433\u0456\u0434\u043d\u043e\u044e \u0446\u0456\u043d\u043e\u044e \u0432 \u043c\u0430\u0433\u0430\u0437\u0438\u043d\u0456 STvega","og_url":"https:\/\/stvega.net\/pl\/product\/blender-bebnowy-do-jedzenia-beben-peletujacy-stvega-mix-salad-h2500\/","og_site_name":"\u0448\u0438\u0440\u043e\u043a\u0438\u0439 \u0430\u0441\u043e\u0440\u0442\u0438\u043c\u0435\u043d\u0442 \u0445\u0430\u0440\u0447\u043e\u0432\u043e\u0433\u043e \u043f\u0440\u043e\u043c\u0438\u0441\u043b\u043e\u0432\u043e\u0433\u043e \u043e\u0431\u043b\u0430\u0434\u043d\u0430\u043d\u043d\u044f \u0434\u043b\u044f \u043f\u0435\u0440\u0435\u0440\u043e\u0431\u043a\u0438 \u043c\u2019\u044f\u0441\u0430, \u043e\u0432\u043e\u0447\u0456\u0432 \u0456 \u0444\u0440\u0443\u043a\u0442\u0456\u0432\u2b50\u0412\u0438\u0433\u0456\u0434\u043d\u0456 \u0446\u0456\u043d\u0438 \ud83e\uddbe\u0412\u0438\u0440\u043e\u0431\u043d\u0438\u0447\u0456 \u043b\u0456\u043d\u0456\u0457 \u043f\u0456\u0434 \u043a\u043b\u044e\u0447\ud83d\ude9a \u0414\u043e\u0441\u0442\u0430\u0432\u043a\u0430 \ud83d\udee0\u0421\u0435\u0440\u0432\u0456\u0441","article_publisher":"https:\/\/www.facebook.com\/share\/9F1B4VxaHAC9E9HB\/?mibextid=qi2Omg","article_modified_time":"2026-05-07T11:36:50+00:00","og_image":[{"width":1152,"height":953,"url":"https:\/\/stvega.net\/wp-content\/uploads\/2024\/03\/stvega-mix-salad-h2500-2-3.png","type":"image\/png"}],"twitter_card":"summary_large_image","twitter_misc":{"Szacowany czas czytania":"1 minuta"},"schema":{"@context":"https:\/\/schema.org","@graph":[{"@type":"WebPage","@id":"https:\/\/stvega.net\/pl\/product\/blender-bebnowy-do-jedzenia-beben-peletujacy-stvega-mix-salad-h2500\/","url":"https:\/\/stvega.net\/pl\/product\/blender-bebnowy-do-jedzenia-beben-peletujacy-stvega-mix-salad-h2500\/","name":"Blender b\u0119bnowy do jedzenia (b\u0119ben peletuj\u0105cy) STvega Mix Salad H2500 \u043a\u0443\u043f\u0438\u0442\u0438 \u0437\u0430 \u0432\u0438\u0433\u0456\u0434\u043d\u043e\u044e \u0446\u0456\u043d\u043e\u044e \u0432 \u043c\u0430\u0433\u0430\u0437\u0438\u043d\u0456 STvega","isPartOf":{"@id":"https:\/\/stvega.net\/pl\/#website"},"primaryImageOfPage":{"@id":"https:\/\/stvega.net\/pl\/product\/blender-bebnowy-do-jedzenia-beben-peletujacy-stvega-mix-salad-h2500\/#primaryimage"},"image":{"@id":"https:\/\/stvega.net\/pl\/product\/blender-bebnowy-do-jedzenia-beben-peletujacy-stvega-mix-salad-h2500\/#primaryimage"},"thumbnailUrl":"https:\/\/stvega.net\/wp-content\/uploads\/2024\/03\/stvega-mix-salad-h2500-2-3.png","datePublished":"2024-03-28T13:20:44+00:00","dateModified":"2026-05-07T11:36:50+00:00","description":"Blender b\u0119bnowy do jedzenia (b\u0119ben peletuj\u0105cy) STvega Mix Salad H2500 | \u043a\u0443\u043f\u0438\u0442\u0438 \u0437\u0430 \ud83c\udf1f\u0432\u0438\u0433\u0456\u0434\u043d\u043e\u044e \u0446\u0456\u043d\u043e\u044e \u0432 \u043c\u0430\u0433\u0430\u0437\u0438\u043d\u0456 STvega","breadcrumb":{"@id":"https:\/\/stvega.net\/pl\/product\/blender-bebnowy-do-jedzenia-beben-peletujacy-stvega-mix-salad-h2500\/#breadcrumb"},"inLanguage":"pl-PL","potentialAction":[{"@type":"ReadAction","target":["https:\/\/stvega.net\/pl\/product\/blender-bebnowy-do-jedzenia-beben-peletujacy-stvega-mix-salad-h2500\/"]}]},{"@type":"ImageObject","inLanguage":"pl-PL","@id":"https:\/\/stvega.net\/pl\/product\/blender-bebnowy-do-jedzenia-beben-peletujacy-stvega-mix-salad-h2500\/#primaryimage","url":"https:\/\/stvega.net\/wp-content\/uploads\/2024\/03\/stvega-mix-salad-h2500-2-3.png","contentUrl":"https:\/\/stvega.net\/wp-content\/uploads\/2024\/03\/stvega-mix-salad-h2500-2-3.png","width":1152,"height":953},{"@type":"BreadcrumbList","@id":"https:\/\/stvega.net\/pl\/product\/blender-bebnowy-do-jedzenia-beben-peletujacy-stvega-mix-salad-h2500\/#breadcrumb","itemListElement":[{"@type":"ListItem","position":1,"name":"Dom","item":"https:\/\/stvega.net\/pl\/"},{"@type":"ListItem","position":2,"name":"Katalog","item":"https:\/\/stvega.net\/katalog\/"},{"@type":"ListItem","position":3,"name":"Blender b\u0119bnowy do jedzenia (b\u0119ben peletuj\u0105cy) STvega Mix Salad H2500"}]},{"@type":"WebSite","@id":"https:\/\/stvega.net\/pl\/#website","url":"https:\/\/stvega.net\/pl\/","name":"STvega","description":"\u0445\u0430\u0440\u0447\u043e\u0432\u0435 \u043f\u0440\u043e\u043c\u0438\u0441\u043b\u043e\u0432\u0435 \u043e\u0431\u043b\u0430\u0434\u043d\u0430\u043d\u043d\u044f","publisher":{"@id":"https:\/\/stvega.net\/pl\/#organization"},"alternateName":"STvega - \u043e\u0432\u043e\u0447\u0435\u0440\u0456\u0437\u043a\u0438, \u0448\u043f\u0438\u0433\u043e\u0440\u0456\u0437\u043a\u0438, \u0441\u043b\u0430\u0439\u0441\u0435\u0440\u0438 \u0442\u0430 \u0456\u043d\u0448\u0435 \u0445\u0430\u0440\u0447\u043e\u0432\u0435 \u043e\u0431\u043b\u0430\u0434\u043d\u0430\u043d\u043d\u044f","potentialAction":[{"@type":"SearchAction","target":{"@type":"EntryPoint","urlTemplate":"https:\/\/stvega.net\/pl\/?s={search_term_string}"},"query-input":{"@type":"PropertyValueSpecification","valueRequired":true,"valueName":"search_term_string"}}],"inLanguage":"pl-PL"},{"@type":"Organization","@id":"https:\/\/stvega.net\/pl\/#organization","name":"STvega \u0425\u0410\u0420\u0427\u041e\u0412\u0415 \u041f\u0420\u041e\u041c\u0418\u0421\u041b\u041e\u0412\u0415 \u041e\u0411\u041b\u0410\u0414\u041d\u0410\u041d\u041d\u042f","alternateName":"STvega - \u043e\u0432\u043e\u0447\u0435\u0440\u0456\u0437\u043a\u0438, \u0448\u043f\u0438\u0433\u043e\u0440\u0456\u0437\u043a\u0438, \u0441\u043b\u0430\u0439\u0441\u0435\u0440\u0438 \u0442\u0430 \u0456\u043d\u0448\u0435 \u0445\u0430\u0440\u0447\u043e\u0432\u0435 \u043e\u0431\u043b\u0430\u0434\u043d\u0430\u043d\u043d\u044f","url":"https:\/\/stvega.net\/pl\/","logo":{"@type":"ImageObject","inLanguage":"pl-PL","@id":"https:\/\/stvega.net\/pl\/#\/schema\/logo\/image\/","url":"https:\/\/stvega.net\/wp-content\/uploads\/2024\/03\/dyzajn-bez-nazvanyya-1.png","contentUrl":"https:\/\/stvega.net\/wp-content\/uploads\/2024\/03\/dyzajn-bez-nazvanyya-1.png","width":180,"height":180,"caption":"STvega \u0425\u0410\u0420\u0427\u041e\u0412\u0415 \u041f\u0420\u041e\u041c\u0418\u0421\u041b\u041e\u0412\u0415 \u041e\u0411\u041b\u0410\u0414\u041d\u0410\u041d\u041d\u042f"},"image":{"@id":"https:\/\/stvega.net\/pl\/#\/schema\/logo\/image\/"},"sameAs":["https:\/\/www.facebook.com\/share\/9F1B4VxaHAC9E9HB\/?mibextid=qi2Omg"]}]}},"_links":{"self":[{"href":"https:\/\/stvega.net\/pl\/wp-json\/wp\/v2\/product\/12922","targetHints":{"allow":["GET"]}}],"collection":[{"href":"https:\/\/stvega.net\/pl\/wp-json\/wp\/v2\/product"}],"about":[{"href":"https:\/\/stvega.net\/pl\/wp-json\/wp\/v2\/types\/product"}],"replies":[{"embeddable":true,"href":"https:\/\/stvega.net\/pl\/wp-json\/wp\/v2\/comments?post=12922"}],"wp:featuredmedia":[{"embeddable":true,"href":"https:\/\/stvega.net\/pl\/wp-json\/wp\/v2\/media\/12940"}],"wp:attachment":[{"href":"https:\/\/stvega.net\/pl\/wp-json\/wp\/v2\/media?parent=12922"}],"wp:term":[{"taxonomy":"product_brand","embeddable":true,"href":"https:\/\/stvega.net\/pl\/wp-json\/wp\/v2\/product_brand?post=12922"},{"taxonomy":"product_cat","embeddable":true,"href":"https:\/\/stvega.net\/pl\/wp-json\/wp\/v2\/product_cat?post=12922"},{"taxonomy":"product_tag","embeddable":true,"href":"https:\/\/stvega.net\/pl\/wp-json\/wp\/v2\/product_tag?post=12922"}],"curies":[{"name":"wp","href":"https:\/\/api.w.org\/{rel}","templated":true}]}}