{"id":12451,"date":"2024-10-03T13:01:44","date_gmt":"2024-10-03T10:01:44","guid":{"rendered":"https:\/\/stvega.net\/product\/szafka-suszaca-mieso-warzywa-i-inne-produkty-spozywcze-suszarka-stvega-dry-system-f480\/"},"modified":"2024-10-03T13:01:44","modified_gmt":"2024-10-03T10:01:44","slug":"szafka-suszaca-mieso-warzywa-i-inne-produkty-spozywcze-suszarka-stvega-dry-system-f480","status":"publish","type":"product","link":"https:\/\/stvega.net\/pl\/product\/szafka-suszaca-mieso-warzywa-i-inne-produkty-spozywcze-suszarka-stvega-dry-system-f480\/","title":{"rendered":"Szafka susz\u0105ca mi\u0119so, warzywa i inne produkty spo\u017cywcze (suszarka) STvega Dry System F480"},"content":{"rendered":"<p><strong>Suszarka STvega Dry System F480<\/strong> jest przeznaczona do mi\u0119sa, kurczaka, ryb, warzyw, owoc\u00f3w, jag\u00f3d, grzyb\u00f3w, zi\u00f3\u0142, herbaty, pianek marshmallow, a tak\u017ce do produkcji suszonych chips\u00f3w, racji suchych i produkt\u00f3w do d\u0142ugoterminowego przechowywania. Wysoce wydajne ogrzewanie z przyspieszon\u0105 wymian\u0105 powietrza wewn\u0105trz szafki zapewnia r\u00f3wnomierny dmuchanie ciep\u0142ego powietrza do wszystkich tac, co przyczynia si\u0119 do szybkiego i wysokiej jako\u015bci suszenia produkt\u00f3w. Sprz\u0119t ten jest szeroko wykorzystywany w kuchni, gastronomii oraz produkcji \u017cywno\u015bci.  <\/p>\n<p><strong>Zasada dzia\u0142ania:<\/strong><\/p>\n<p>Operator uk\u0142ada produkt na paletach, kt\u00f3re s\u0105 montowane w suszarzach. Stojaki umieszczane s\u0105 w szafie susz\u0105cej, gdzie suszenie odbywa si\u0119 r\u00f3wnomiernie dzi\u0119ki sta\u0142emu rozprowadzaniu ogrzewanego powietrza w ca\u0142ej komorze. Wentylatory odporne na wysok\u0105 temperatur\u0119 odpowiadaj\u0105 za cyrkulacj\u0119 powietrza. Po wysuszeniu rozwala si\u0119 stoki, a suszone produkty przenosz\u0105 do przygotowanego pojemnika lub do kolejnego etapu przetwarzania.   <\/p>\n<p><strong>Zalety sprz\u0119tu:<\/strong><\/p>\n<ul>\n<li>Wentylatory zapewniaj\u0105 r\u00f3wnomierne rozprowadzenie ciep\u0142ego powietrza na ca\u0142ej powierzchni tacek, co gwarantuje wysok\u0105 jako\u015b\u0107 suszenia.<\/li>\n<li>Wysokiej jako\u015bci stal nierdzewna SUS 304 zapewnia trwa\u0142o\u015b\u0107, \u0142atwo\u015b\u0107 konserwacji oraz spe\u0142nia mi\u0119dzynarodowe normy bezpiecze\u0144stwa \u017cywno\u015bci.<\/li>\n<\/ul>\n\t<div class=\"section video\">\n\t\t<div class=\"row\">\n\t\t\t\t\t\t\t\t\t\t\t\t<div class=\"col-md-4 col-12\">\n\t\t\t\t\t\t<div class=\"container-lazyload preview-lazyload container-youtube js-lazyload--not-loaded\"><a href=\"https:\/\/www.youtube.com\/watch?v=bNS0z1p9-OQ\" class=\"lazy-load-youtube preview-lazyload preview-youtube\" data-video-title=\"\u0421\u0443\u0448\u0438\u043b\u044c\u043d\u0430 \u0448\u0430\u0444\u0430 \u0434\u043b\u044f \u043c\u044f\u0441\u0430, \u0440\u0438\u0431\u0438, \u043e\u0432\u043e\u0447\u0456\u0432, \u0444\u0440\u0443\u043a\u0442\u0456\u0432 \u0442\u0430 \u044f\u0433\u0456\u0434- STvega Dry System F480\/STvega Dry System F240\" title=\"Play video &quot;\u0421\u0443\u0448\u0438\u043b\u044c\u043d\u0430 \u0448\u0430\u0444\u0430 \u0434\u043b\u044f \u043c\u044f\u0441\u0430, \u0440\u0438\u0431\u0438, \u043e\u0432\u043e\u0447\u0456\u0432, \u0444\u0440\u0443\u043a\u0442\u0456\u0432 \u0442\u0430 \u044f\u0433\u0456\u0434- STvega Dry System F480\/STvega Dry System F240&quot;\">https:\/\/www.youtube.com\/watch?v=bNS0z1p9-OQ<\/a><noscript>Video can&#8217;t be loaded because JavaScript is disabled: <a href=\"https:\/\/www.youtube.com\/watch?v=bNS0z1p9-OQ\" title=\"\u0421\u0443\u0448\u0438\u043b\u044c\u043d\u0430 \u0448\u0430\u0444\u0430 \u0434\u043b\u044f \u043c\u044f\u0441\u0430, \u0440\u0438\u0431\u0438, \u043e\u0432\u043e\u0447\u0456\u0432, \u0444\u0440\u0443\u043a\u0442\u0456\u0432 \u0442\u0430 \u044f\u0433\u0456\u0434- STvega Dry System F480\/STvega Dry System F240\">\u0421\u0443\u0448\u0438\u043b\u044c\u043d\u0430 \u0448\u0430\u0444\u0430 \u0434\u043b\u044f \u043c\u044f\u0441\u0430, \u0440\u0438\u0431\u0438, \u043e\u0432\u043e\u0447\u0456\u0432, \u0444\u0440\u0443\u043a\u0442\u0456\u0432 \u0442\u0430 \u044f\u0433\u0456\u0434- STvega Dry System F480\/STvega Dry System F240 (https:\/\/www.youtube.com\/watch?v=bNS0z1p9-OQ)<\/a><\/noscript><\/div>\n\t\t\t\t\t<\/div>\n\t\t\t\t\t\t\t\t\t<\/div>\n\t<\/div>\n\t\t","protected":false},"excerpt":{"rendered":"<p><strong>Suszarka STvega Dry System F480<\/strong> specjalizuje si\u0119 w suszeniu mi\u0119sa, kurczaka, ryb, warzyw, owoc\u00f3w, jag\u00f3d, grzyb\u00f3w, zi\u00f3\u0142, herbaty, pianek marshmallow, a tak\u017ce w produkcji suszonych chips\u00f3w, racji suchych i produkt\u00f3w do przechowywania d\u0142ugoterminowego.<\/p>\n<p><strong>Specyfikacje:<\/strong><\/p>\n<p>[table id=&#8221;289&#8243; \/]<\/p>\n<p><span style=\"color: #0000ff;\"><strong>Unikalno\u015b\u0107 urz\u0105dzenia:<\/strong> Ekran dotykowy u\u0142atwia regulacj\u0119 optymalnych parametr\u00f3w dla r\u00f3\u017cnych typ\u00f3w produkt\u00f3w.<\/span><\/p>\n","protected":false},"featured_media":12470,"comment_status":"closed","ping_status":"closed","template":"","meta":{"_acf_changed":false,"inline_featured_image":false},"product_brand":[],"product_cat":[3671,3626,3623,3673,3666,3627,3634,3620,3420,3621,3418,3651,3676,6700,3638,3639,3625],"product_tag":[6704,5796,6711,6713,6710,6712,6702,6706,5363,6708],"class_list":{"0":"post-12451","1":"product","2":"type-product","3":"status-publish","4":"has-post-thumbnail","6":"product_cat-burak","7":"product_cat-cebula","8":"product_cat-czosnek","9":"product_cat-grzyby","10":"product_cat-herbata","11":"product_cat-jablka","12":"product_cat-jagody","13":"product_cat-kapusta","14":"product_cat-kurczak","15":"product_cat-marchew","16":"product_cat-mieso","17":"product_cat-morze","18":"product_cat-pomidory","19":"product_cat-suszenie-2","20":"product_cat-wisnie-wisnie","21":"product_cat-zabiegi-termiczne-i-inne","22":"product_cat-ziemniaki","23":"product_tag-suszarka-3","24":"product_tag-suszarka-2","25":"product_tag-suszarka-do-miesa","26":"product_tag-suszarka-do-suszenia","27":"product_tag-suszarka-owocow","28":"product_tag-suszenie-miesa","29":"product_tag-suszenie-owocow-2","30":"product_tag-suszenie-warzyw-2","31":"product_tag-szafka-suszarka","32":"product_tag-szafka-suszarka-na-warzywa-i-owoce","34":"first","35":"instock","36":"shipping-taxable","37":"product-type-simple"},"acf":[],"yoast_head":"<!-- This site is optimized with the Yoast SEO plugin v27.5 - https:\/\/yoast.com\/product\/yoast-seo-wordpress\/ -->\n<title>Szafka susz\u0105ca mi\u0119so, warzywa i inne produkty spo\u017cywcze (suszarka) STvega Dry System F480 \u043a\u0443\u043f\u0438\u0442\u0438 \u0437\u0430 \u0432\u0438\u0433\u0456\u0434\u043d\u043e\u044e \u0446\u0456\u043d\u043e\u044e \u0432 \u043c\u0430\u0433\u0430\u0437\u0438\u043d\u0456 STvega<\/title>\n<meta name=\"description\" content=\"Szafka susz\u0105ca mi\u0119so, warzywa i inne produkty spo\u017cywcze (suszarka) STvega Dry System F480 | \u043a\u0443\u043f\u0438\u0442\u0438 \u0437\u0430 \ud83c\udf1f\u0432\u0438\u0433\u0456\u0434\u043d\u043e\u044e \u0446\u0456\u043d\u043e\u044e \u0432 \u043c\u0430\u0433\u0430\u0437\u0438\u043d\u0456 STvega\" \/>\n<meta name=\"robots\" content=\"index, follow, max-snippet:-1, max-image-preview:large, max-video-preview:-1\" \/>\n<link rel=\"canonical\" href=\"https:\/\/stvega.net\/pl\/product\/szafka-suszaca-mieso-warzywa-i-inne-produkty-spozywcze-suszarka-stvega-dry-system-f480\/\" \/>\n<meta property=\"og:locale\" content=\"pl_PL\" \/>\n<meta property=\"og:type\" content=\"article\" \/>\n<meta property=\"og:title\" content=\"Szafka susz\u0105ca mi\u0119so, warzywa i inne produkty spo\u017cywcze (suszarka) STvega Dry System F480 \u043a\u0443\u043f\u0438\u0442\u0438 \u0437\u0430 \u0432\u0438\u0433\u0456\u0434\u043d\u043e\u044e \u0446\u0456\u043d\u043e\u044e \u0432 \u043c\u0430\u0433\u0430\u0437\u0438\u043d\u0456 STvega\" \/>\n<meta property=\"og:description\" content=\"Szafka susz\u0105ca mi\u0119so, warzywa i inne produkty spo\u017cywcze (suszarka) STvega Dry System F480 | \u043a\u0443\u043f\u0438\u0442\u0438 \u0437\u0430 \ud83c\udf1f\u0432\u0438\u0433\u0456\u0434\u043d\u043e\u044e \u0446\u0456\u043d\u043e\u044e \u0432 \u043c\u0430\u0433\u0430\u0437\u0438\u043d\u0456 STvega\" \/>\n<meta property=\"og:url\" content=\"https:\/\/stvega.net\/pl\/product\/szafka-suszaca-mieso-warzywa-i-inne-produkty-spozywcze-suszarka-stvega-dry-system-f480\/\" \/>\n<meta property=\"og:site_name\" content=\"\u0448\u0438\u0440\u043e\u043a\u0438\u0439 \u0430\u0441\u043e\u0440\u0442\u0438\u043c\u0435\u043d\u0442 \u0445\u0430\u0440\u0447\u043e\u0432\u043e\u0433\u043e \u043f\u0440\u043e\u043c\u0438\u0441\u043b\u043e\u0432\u043e\u0433\u043e \u043e\u0431\u043b\u0430\u0434\u043d\u0430\u043d\u043d\u044f \u0434\u043b\u044f \u043f\u0435\u0440\u0435\u0440\u043e\u0431\u043a\u0438 \u043c\u2019\u044f\u0441\u0430, \u043e\u0432\u043e\u0447\u0456\u0432 \u0456 \u0444\u0440\u0443\u043a\u0442\u0456\u0432\u2b50\u0412\u0438\u0433\u0456\u0434\u043d\u0456 \u0446\u0456\u043d\u0438 \ud83e\uddbe\u0412\u0438\u0440\u043e\u0431\u043d\u0438\u0447\u0456 \u043b\u0456\u043d\u0456\u0457 \u043f\u0456\u0434 \u043a\u043b\u044e\u0447\ud83d\ude9a \u0414\u043e\u0441\u0442\u0430\u0432\u043a\u0430 \ud83d\udee0\u0421\u0435\u0440\u0432\u0456\u0441\" \/>\n<meta property=\"article:publisher\" content=\"https:\/\/www.facebook.com\/share\/9F1B4VxaHAC9E9HB\/?mibextid=qi2Omg\" \/>\n<meta property=\"og:image\" content=\"https:\/\/stvega.net\/wp-content\/uploads\/2024\/10\/stvega-dry-system-f480.png\" \/>\n\t<meta property=\"og:image:width\" content=\"1211\" \/>\n\t<meta property=\"og:image:height\" content=\"878\" \/>\n\t<meta property=\"og:image:type\" content=\"image\/png\" \/>\n<meta name=\"twitter:card\" content=\"summary_large_image\" \/>\n<meta name=\"twitter:label1\" content=\"Szacowany czas czytania\" \/>\n\t<meta name=\"twitter:data1\" content=\"1 minuta\" \/>\n<script type=\"application\/ld+json\" class=\"yoast-schema-graph\">{\"@context\":\"https:\\\/\\\/schema.org\",\"@graph\":[{\"@type\":\"WebPage\",\"@id\":\"https:\\\/\\\/stvega.net\\\/pl\\\/product\\\/szafka-suszaca-mieso-warzywa-i-inne-produkty-spozywcze-suszarka-stvega-dry-system-f480\\\/\",\"url\":\"https:\\\/\\\/stvega.net\\\/pl\\\/product\\\/szafka-suszaca-mieso-warzywa-i-inne-produkty-spozywcze-suszarka-stvega-dry-system-f480\\\/\",\"name\":\"Szafka susz\u0105ca mi\u0119so, warzywa i inne produkty spo\u017cywcze (suszarka) STvega Dry System F480 \u043a\u0443\u043f\u0438\u0442\u0438 \u0437\u0430 \u0432\u0438\u0433\u0456\u0434\u043d\u043e\u044e \u0446\u0456\u043d\u043e\u044e \u0432 \u043c\u0430\u0433\u0430\u0437\u0438\u043d\u0456 STvega\",\"isPartOf\":{\"@id\":\"https:\\\/\\\/stvega.net\\\/pl\\\/#website\"},\"primaryImageOfPage\":{\"@id\":\"https:\\\/\\\/stvega.net\\\/pl\\\/product\\\/szafka-suszaca-mieso-warzywa-i-inne-produkty-spozywcze-suszarka-stvega-dry-system-f480\\\/#primaryimage\"},\"image\":{\"@id\":\"https:\\\/\\\/stvega.net\\\/pl\\\/product\\\/szafka-suszaca-mieso-warzywa-i-inne-produkty-spozywcze-suszarka-stvega-dry-system-f480\\\/#primaryimage\"},\"thumbnailUrl\":\"https:\\\/\\\/stvega.net\\\/wp-content\\\/uploads\\\/2024\\\/10\\\/stvega-dry-system-f480.png\",\"datePublished\":\"2024-10-03T10:01:44+00:00\",\"description\":\"Szafka susz\u0105ca mi\u0119so, warzywa i inne produkty spo\u017cywcze (suszarka) STvega Dry System F480 | \u043a\u0443\u043f\u0438\u0442\u0438 \u0437\u0430 \ud83c\udf1f\u0432\u0438\u0433\u0456\u0434\u043d\u043e\u044e \u0446\u0456\u043d\u043e\u044e \u0432 \u043c\u0430\u0433\u0430\u0437\u0438\u043d\u0456 STvega\",\"breadcrumb\":{\"@id\":\"https:\\\/\\\/stvega.net\\\/pl\\\/product\\\/szafka-suszaca-mieso-warzywa-i-inne-produkty-spozywcze-suszarka-stvega-dry-system-f480\\\/#breadcrumb\"},\"inLanguage\":\"pl-PL\",\"potentialAction\":[{\"@type\":\"ReadAction\",\"target\":[\"https:\\\/\\\/stvega.net\\\/pl\\\/product\\\/szafka-suszaca-mieso-warzywa-i-inne-produkty-spozywcze-suszarka-stvega-dry-system-f480\\\/\"]}]},{\"@type\":\"ImageObject\",\"inLanguage\":\"pl-PL\",\"@id\":\"https:\\\/\\\/stvega.net\\\/pl\\\/product\\\/szafka-suszaca-mieso-warzywa-i-inne-produkty-spozywcze-suszarka-stvega-dry-system-f480\\\/#primaryimage\",\"url\":\"https:\\\/\\\/stvega.net\\\/wp-content\\\/uploads\\\/2024\\\/10\\\/stvega-dry-system-f480.png\",\"contentUrl\":\"https:\\\/\\\/stvega.net\\\/wp-content\\\/uploads\\\/2024\\\/10\\\/stvega-dry-system-f480.png\",\"width\":1211,\"height\":878},{\"@type\":\"BreadcrumbList\",\"@id\":\"https:\\\/\\\/stvega.net\\\/pl\\\/product\\\/szafka-suszaca-mieso-warzywa-i-inne-produkty-spozywcze-suszarka-stvega-dry-system-f480\\\/#breadcrumb\",\"itemListElement\":[{\"@type\":\"ListItem\",\"position\":1,\"name\":\"Dom\",\"item\":\"https:\\\/\\\/stvega.net\\\/pl\\\/\"},{\"@type\":\"ListItem\",\"position\":2,\"name\":\"Katalog\",\"item\":\"https:\\\/\\\/stvega.net\\\/katalog\\\/\"},{\"@type\":\"ListItem\",\"position\":3,\"name\":\"Szafka susz\u0105ca mi\u0119so, warzywa i inne produkty spo\u017cywcze (suszarka) STvega Dry System F480\"}]},{\"@type\":\"WebSite\",\"@id\":\"https:\\\/\\\/stvega.net\\\/pl\\\/#website\",\"url\":\"https:\\\/\\\/stvega.net\\\/pl\\\/\",\"name\":\"STvega\",\"description\":\"\u0445\u0430\u0440\u0447\u043e\u0432\u0435 \u043f\u0440\u043e\u043c\u0438\u0441\u043b\u043e\u0432\u0435 \u043e\u0431\u043b\u0430\u0434\u043d\u0430\u043d\u043d\u044f\",\"publisher\":{\"@id\":\"https:\\\/\\\/stvega.net\\\/pl\\\/#organization\"},\"alternateName\":\"STvega - \u043e\u0432\u043e\u0447\u0435\u0440\u0456\u0437\u043a\u0438, \u0448\u043f\u0438\u0433\u043e\u0440\u0456\u0437\u043a\u0438, \u0441\u043b\u0430\u0439\u0441\u0435\u0440\u0438 \u0442\u0430 \u0456\u043d\u0448\u0435 \u0445\u0430\u0440\u0447\u043e\u0432\u0435 \u043e\u0431\u043b\u0430\u0434\u043d\u0430\u043d\u043d\u044f\",\"potentialAction\":[{\"@type\":\"SearchAction\",\"target\":{\"@type\":\"EntryPoint\",\"urlTemplate\":\"https:\\\/\\\/stvega.net\\\/pl\\\/?s={search_term_string}\"},\"query-input\":{\"@type\":\"PropertyValueSpecification\",\"valueRequired\":true,\"valueName\":\"search_term_string\"}}],\"inLanguage\":\"pl-PL\"},{\"@type\":\"Organization\",\"@id\":\"https:\\\/\\\/stvega.net\\\/pl\\\/#organization\",\"name\":\"STvega \u0425\u0410\u0420\u0427\u041e\u0412\u0415 \u041f\u0420\u041e\u041c\u0418\u0421\u041b\u041e\u0412\u0415 \u041e\u0411\u041b\u0410\u0414\u041d\u0410\u041d\u041d\u042f\",\"alternateName\":\"STvega - \u043e\u0432\u043e\u0447\u0435\u0440\u0456\u0437\u043a\u0438, \u0448\u043f\u0438\u0433\u043e\u0440\u0456\u0437\u043a\u0438, \u0441\u043b\u0430\u0439\u0441\u0435\u0440\u0438 \u0442\u0430 \u0456\u043d\u0448\u0435 \u0445\u0430\u0440\u0447\u043e\u0432\u0435 \u043e\u0431\u043b\u0430\u0434\u043d\u0430\u043d\u043d\u044f\",\"url\":\"https:\\\/\\\/stvega.net\\\/pl\\\/\",\"logo\":{\"@type\":\"ImageObject\",\"inLanguage\":\"pl-PL\",\"@id\":\"https:\\\/\\\/stvega.net\\\/pl\\\/#\\\/schema\\\/logo\\\/image\\\/\",\"url\":\"https:\\\/\\\/stvega.net\\\/wp-content\\\/uploads\\\/2024\\\/03\\\/dyzajn-bez-nazvanyya-1.png\",\"contentUrl\":\"https:\\\/\\\/stvega.net\\\/wp-content\\\/uploads\\\/2024\\\/03\\\/dyzajn-bez-nazvanyya-1.png\",\"width\":180,\"height\":180,\"caption\":\"STvega \u0425\u0410\u0420\u0427\u041e\u0412\u0415 \u041f\u0420\u041e\u041c\u0418\u0421\u041b\u041e\u0412\u0415 \u041e\u0411\u041b\u0410\u0414\u041d\u0410\u041d\u041d\u042f\"},\"image\":{\"@id\":\"https:\\\/\\\/stvega.net\\\/pl\\\/#\\\/schema\\\/logo\\\/image\\\/\"},\"sameAs\":[\"https:\\\/\\\/www.facebook.com\\\/share\\\/9F1B4VxaHAC9E9HB\\\/?mibextid=qi2Omg\"]}]}<\/script>\n<!-- \/ Yoast SEO plugin. -->","yoast_head_json":{"title":"Szafka susz\u0105ca mi\u0119so, warzywa i inne produkty spo\u017cywcze (suszarka) STvega Dry System F480 \u043a\u0443\u043f\u0438\u0442\u0438 \u0437\u0430 \u0432\u0438\u0433\u0456\u0434\u043d\u043e\u044e \u0446\u0456\u043d\u043e\u044e \u0432 \u043c\u0430\u0433\u0430\u0437\u0438\u043d\u0456 STvega","description":"Szafka susz\u0105ca mi\u0119so, warzywa i inne produkty spo\u017cywcze (suszarka) STvega Dry System F480 | \u043a\u0443\u043f\u0438\u0442\u0438 \u0437\u0430 \ud83c\udf1f\u0432\u0438\u0433\u0456\u0434\u043d\u043e\u044e \u0446\u0456\u043d\u043e\u044e \u0432 \u043c\u0430\u0433\u0430\u0437\u0438\u043d\u0456 STvega","robots":{"index":"index","follow":"follow","max-snippet":"max-snippet:-1","max-image-preview":"max-image-preview:large","max-video-preview":"max-video-preview:-1"},"canonical":"https:\/\/stvega.net\/pl\/product\/szafka-suszaca-mieso-warzywa-i-inne-produkty-spozywcze-suszarka-stvega-dry-system-f480\/","og_locale":"pl_PL","og_type":"article","og_title":"Szafka susz\u0105ca mi\u0119so, warzywa i inne produkty spo\u017cywcze (suszarka) STvega Dry System F480 \u043a\u0443\u043f\u0438\u0442\u0438 \u0437\u0430 \u0432\u0438\u0433\u0456\u0434\u043d\u043e\u044e \u0446\u0456\u043d\u043e\u044e \u0432 \u043c\u0430\u0433\u0430\u0437\u0438\u043d\u0456 STvega","og_description":"Szafka susz\u0105ca mi\u0119so, warzywa i inne produkty spo\u017cywcze (suszarka) STvega Dry System F480 | \u043a\u0443\u043f\u0438\u0442\u0438 \u0437\u0430 \ud83c\udf1f\u0432\u0438\u0433\u0456\u0434\u043d\u043e\u044e \u0446\u0456\u043d\u043e\u044e \u0432 \u043c\u0430\u0433\u0430\u0437\u0438\u043d\u0456 STvega","og_url":"https:\/\/stvega.net\/pl\/product\/szafka-suszaca-mieso-warzywa-i-inne-produkty-spozywcze-suszarka-stvega-dry-system-f480\/","og_site_name":"\u0448\u0438\u0440\u043e\u043a\u0438\u0439 \u0430\u0441\u043e\u0440\u0442\u0438\u043c\u0435\u043d\u0442 \u0445\u0430\u0440\u0447\u043e\u0432\u043e\u0433\u043e \u043f\u0440\u043e\u043c\u0438\u0441\u043b\u043e\u0432\u043e\u0433\u043e \u043e\u0431\u043b\u0430\u0434\u043d\u0430\u043d\u043d\u044f \u0434\u043b\u044f \u043f\u0435\u0440\u0435\u0440\u043e\u0431\u043a\u0438 \u043c\u2019\u044f\u0441\u0430, \u043e\u0432\u043e\u0447\u0456\u0432 \u0456 \u0444\u0440\u0443\u043a\u0442\u0456\u0432\u2b50\u0412\u0438\u0433\u0456\u0434\u043d\u0456 \u0446\u0456\u043d\u0438 \ud83e\uddbe\u0412\u0438\u0440\u043e\u0431\u043d\u0438\u0447\u0456 \u043b\u0456\u043d\u0456\u0457 \u043f\u0456\u0434 \u043a\u043b\u044e\u0447\ud83d\ude9a \u0414\u043e\u0441\u0442\u0430\u0432\u043a\u0430 \ud83d\udee0\u0421\u0435\u0440\u0432\u0456\u0441","article_publisher":"https:\/\/www.facebook.com\/share\/9F1B4VxaHAC9E9HB\/?mibextid=qi2Omg","og_image":[{"width":1211,"height":878,"url":"https:\/\/stvega.net\/wp-content\/uploads\/2024\/10\/stvega-dry-system-f480.png","type":"image\/png"}],"twitter_card":"summary_large_image","twitter_misc":{"Szacowany czas czytania":"1 minuta"},"schema":{"@context":"https:\/\/schema.org","@graph":[{"@type":"WebPage","@id":"https:\/\/stvega.net\/pl\/product\/szafka-suszaca-mieso-warzywa-i-inne-produkty-spozywcze-suszarka-stvega-dry-system-f480\/","url":"https:\/\/stvega.net\/pl\/product\/szafka-suszaca-mieso-warzywa-i-inne-produkty-spozywcze-suszarka-stvega-dry-system-f480\/","name":"Szafka susz\u0105ca mi\u0119so, warzywa i inne produkty spo\u017cywcze (suszarka) STvega Dry System F480 \u043a\u0443\u043f\u0438\u0442\u0438 \u0437\u0430 \u0432\u0438\u0433\u0456\u0434\u043d\u043e\u044e \u0446\u0456\u043d\u043e\u044e \u0432 \u043c\u0430\u0433\u0430\u0437\u0438\u043d\u0456 STvega","isPartOf":{"@id":"https:\/\/stvega.net\/pl\/#website"},"primaryImageOfPage":{"@id":"https:\/\/stvega.net\/pl\/product\/szafka-suszaca-mieso-warzywa-i-inne-produkty-spozywcze-suszarka-stvega-dry-system-f480\/#primaryimage"},"image":{"@id":"https:\/\/stvega.net\/pl\/product\/szafka-suszaca-mieso-warzywa-i-inne-produkty-spozywcze-suszarka-stvega-dry-system-f480\/#primaryimage"},"thumbnailUrl":"https:\/\/stvega.net\/wp-content\/uploads\/2024\/10\/stvega-dry-system-f480.png","datePublished":"2024-10-03T10:01:44+00:00","description":"Szafka susz\u0105ca mi\u0119so, warzywa i inne produkty spo\u017cywcze (suszarka) STvega Dry System F480 | \u043a\u0443\u043f\u0438\u0442\u0438 \u0437\u0430 \ud83c\udf1f\u0432\u0438\u0433\u0456\u0434\u043d\u043e\u044e \u0446\u0456\u043d\u043e\u044e \u0432 \u043c\u0430\u0433\u0430\u0437\u0438\u043d\u0456 STvega","breadcrumb":{"@id":"https:\/\/stvega.net\/pl\/product\/szafka-suszaca-mieso-warzywa-i-inne-produkty-spozywcze-suszarka-stvega-dry-system-f480\/#breadcrumb"},"inLanguage":"pl-PL","potentialAction":[{"@type":"ReadAction","target":["https:\/\/stvega.net\/pl\/product\/szafka-suszaca-mieso-warzywa-i-inne-produkty-spozywcze-suszarka-stvega-dry-system-f480\/"]}]},{"@type":"ImageObject","inLanguage":"pl-PL","@id":"https:\/\/stvega.net\/pl\/product\/szafka-suszaca-mieso-warzywa-i-inne-produkty-spozywcze-suszarka-stvega-dry-system-f480\/#primaryimage","url":"https:\/\/stvega.net\/wp-content\/uploads\/2024\/10\/stvega-dry-system-f480.png","contentUrl":"https:\/\/stvega.net\/wp-content\/uploads\/2024\/10\/stvega-dry-system-f480.png","width":1211,"height":878},{"@type":"BreadcrumbList","@id":"https:\/\/stvega.net\/pl\/product\/szafka-suszaca-mieso-warzywa-i-inne-produkty-spozywcze-suszarka-stvega-dry-system-f480\/#breadcrumb","itemListElement":[{"@type":"ListItem","position":1,"name":"Dom","item":"https:\/\/stvega.net\/pl\/"},{"@type":"ListItem","position":2,"name":"Katalog","item":"https:\/\/stvega.net\/katalog\/"},{"@type":"ListItem","position":3,"name":"Szafka susz\u0105ca mi\u0119so, warzywa i inne produkty spo\u017cywcze (suszarka) STvega Dry System F480"}]},{"@type":"WebSite","@id":"https:\/\/stvega.net\/pl\/#website","url":"https:\/\/stvega.net\/pl\/","name":"STvega","description":"\u0445\u0430\u0440\u0447\u043e\u0432\u0435 \u043f\u0440\u043e\u043c\u0438\u0441\u043b\u043e\u0432\u0435 \u043e\u0431\u043b\u0430\u0434\u043d\u0430\u043d\u043d\u044f","publisher":{"@id":"https:\/\/stvega.net\/pl\/#organization"},"alternateName":"STvega - \u043e\u0432\u043e\u0447\u0435\u0440\u0456\u0437\u043a\u0438, \u0448\u043f\u0438\u0433\u043e\u0440\u0456\u0437\u043a\u0438, \u0441\u043b\u0430\u0439\u0441\u0435\u0440\u0438 \u0442\u0430 \u0456\u043d\u0448\u0435 \u0445\u0430\u0440\u0447\u043e\u0432\u0435 \u043e\u0431\u043b\u0430\u0434\u043d\u0430\u043d\u043d\u044f","potentialAction":[{"@type":"SearchAction","target":{"@type":"EntryPoint","urlTemplate":"https:\/\/stvega.net\/pl\/?s={search_term_string}"},"query-input":{"@type":"PropertyValueSpecification","valueRequired":true,"valueName":"search_term_string"}}],"inLanguage":"pl-PL"},{"@type":"Organization","@id":"https:\/\/stvega.net\/pl\/#organization","name":"STvega \u0425\u0410\u0420\u0427\u041e\u0412\u0415 \u041f\u0420\u041e\u041c\u0418\u0421\u041b\u041e\u0412\u0415 \u041e\u0411\u041b\u0410\u0414\u041d\u0410\u041d\u041d\u042f","alternateName":"STvega - \u043e\u0432\u043e\u0447\u0435\u0440\u0456\u0437\u043a\u0438, \u0448\u043f\u0438\u0433\u043e\u0440\u0456\u0437\u043a\u0438, \u0441\u043b\u0430\u0439\u0441\u0435\u0440\u0438 \u0442\u0430 \u0456\u043d\u0448\u0435 \u0445\u0430\u0440\u0447\u043e\u0432\u0435 \u043e\u0431\u043b\u0430\u0434\u043d\u0430\u043d\u043d\u044f","url":"https:\/\/stvega.net\/pl\/","logo":{"@type":"ImageObject","inLanguage":"pl-PL","@id":"https:\/\/stvega.net\/pl\/#\/schema\/logo\/image\/","url":"https:\/\/stvega.net\/wp-content\/uploads\/2024\/03\/dyzajn-bez-nazvanyya-1.png","contentUrl":"https:\/\/stvega.net\/wp-content\/uploads\/2024\/03\/dyzajn-bez-nazvanyya-1.png","width":180,"height":180,"caption":"STvega \u0425\u0410\u0420\u0427\u041e\u0412\u0415 \u041f\u0420\u041e\u041c\u0418\u0421\u041b\u041e\u0412\u0415 \u041e\u0411\u041b\u0410\u0414\u041d\u0410\u041d\u041d\u042f"},"image":{"@id":"https:\/\/stvega.net\/pl\/#\/schema\/logo\/image\/"},"sameAs":["https:\/\/www.facebook.com\/share\/9F1B4VxaHAC9E9HB\/?mibextid=qi2Omg"]}]}},"_links":{"self":[{"href":"https:\/\/stvega.net\/pl\/wp-json\/wp\/v2\/product\/12451","targetHints":{"allow":["GET"]}}],"collection":[{"href":"https:\/\/stvega.net\/pl\/wp-json\/wp\/v2\/product"}],"about":[{"href":"https:\/\/stvega.net\/pl\/wp-json\/wp\/v2\/types\/product"}],"replies":[{"embeddable":true,"href":"https:\/\/stvega.net\/pl\/wp-json\/wp\/v2\/comments?post=12451"}],"wp:featuredmedia":[{"embeddable":true,"href":"https:\/\/stvega.net\/pl\/wp-json\/wp\/v2\/media\/12470"}],"wp:attachment":[{"href":"https:\/\/stvega.net\/pl\/wp-json\/wp\/v2\/media?parent=12451"}],"wp:term":[{"taxonomy":"product_brand","embeddable":true,"href":"https:\/\/stvega.net\/pl\/wp-json\/wp\/v2\/product_brand?post=12451"},{"taxonomy":"product_cat","embeddable":true,"href":"https:\/\/stvega.net\/pl\/wp-json\/wp\/v2\/product_cat?post=12451"},{"taxonomy":"product_tag","embeddable":true,"href":"https:\/\/stvega.net\/pl\/wp-json\/wp\/v2\/product_tag?post=12451"}],"curies":[{"name":"wp","href":"https:\/\/api.w.org\/{rel}","templated":true}]}}