{"id":12131,"date":"2024-10-04T17:06:39","date_gmt":"2024-10-04T14:06:39","guid":{"rendered":"https:\/\/stvega.net\/product\/automatyczna-linia-obierania-krewetek-stvega-h150-h300\/"},"modified":"2026-05-07T14:04:16","modified_gmt":"2026-05-07T11:04:16","slug":"automatyczna-linia-obierania-krewetek-stvega-h150-h300","status":"publish","type":"product","link":"https:\/\/stvega.net\/pl\/product\/automatyczna-linia-obierania-krewetek-stvega-h150-h300\/","title":{"rendered":"Automatyczna linia obierania krewetek STvega H150\/H300"},"content":{"rendered":"<p><b>STvega Automatic<\/b> <b>Shrimp Peel Line <\/b><span style=\"font-weight: 400;\">to zaawansowany technologicznie kompleks sk\u0142adaj\u0105cy si\u0119 z trzech funkcjonalnych modu\u0142\u00f3w: windy zasilaj\u0105cej, maszyny czyszcz\u0105cej oraz przeno\u015bnika roz\u0142adunku. Standardy produkcji \u017cywno\u015bci.<\/span><\/p>\n<p><b>Zasada dzia\u0142ania:<\/b><\/p>\n<p><span style=\"font-weight: 400;\">Produkt jest \u0142adowany do zasobnika elewatora zasilaj\u0105cego, sk\u0105d krewetki s\u0105 przemieszczane ta\u015bm\u0105 przeno\u015bnika do modu\u0142u czyszcz\u0105cego. Wewn\u0105trz maszyny skorupa jest oddzielona od korpusu za pomoc\u0105 specjalnych wa\u0142k\u00f3w i regulowanego mechanizmu zaciskowego, kt\u00f3ry pozwala zachowa\u0107 integralno\u015b\u0107 mi\u0119sa. Po zako\u0144czeniu procesu oczyszczony produkt trafia do przeno\u015bnika roz\u0142adunkowego, kt\u00f3ry transportuje go do kontenera lub do nast\u0119pnego miejsca przetwarzania.  <\/span><\/p>\n<p><b>Zalety sprz\u0119tu:<\/b><\/p>\n<ul>\n<li style=\"font-weight: 400;\" aria-level=\"1\"><span style=\"font-weight: 400;\">Pe\u0142na automatyzacja procesu pozwala na przetwarzanie du\u017cych ilo\u015bci surowc\u00f3w o wydajno\u015bci 150 lub 300 kg\/h, w zale\u017cno\u015bci od modelu.<\/span><\/li>\n<li style=\"font-weight: 400;\" aria-level=\"1\"><span style=\"font-weight: 400;\">Pr\u0119dko\u015b\u0107 maszyn jest synchronizowana za pomoc\u0105 przetwornicy cz\u0119stotliwo\u015bci, kt\u00f3ra pozwala dostosowa\u0107 pr\u0119dko\u015b\u0107 posuwania do konkretnych zada\u0144.<\/span><\/li>\n<li style=\"font-weight: 400;\" aria-level=\"1\"><span style=\"font-weight: 400;\">Regulacja wysoko\u015bci mechanizmu zaciskowego zapewnia skuteczne czyszczenie krewetek o r\u00f3\u017cnych grupach wielko\u015bciowych zgodnie z wymaganiami klienta.<\/span><\/li>\n<li style=\"font-weight: 400;\" aria-level=\"1\"><span style=\"font-weight: 400;\">Jednostka zdalnego sterowania z izolacj\u0105 element\u00f3w elektrycznych gwarantuje bezpieczn\u0105 prac\u0119 i ochron\u0119 przed wilgotnymi warunkami.<\/span><\/li>\n<\/ul>\n<div class=\"responsive-table\"><table style=\"height: 325px;\" width=\"817\">\n<tbody>\n<tr>\n<td width=\"273\"><strong>Specyfikacja<\/strong><\/td>\n<td width=\"189\"><strong> H150<\/strong><\/td>\n<td width=\"189\"><strong>H300<\/strong><\/td>\n<\/tr>\n<tr>\n<td width=\"273\">Wymiary maszyny, mm<\/td>\n<td width=\"189\">2300*2060*1800<\/td>\n<td width=\"189\">3600*2260*2200<\/td>\n<\/tr>\n<tr>\n<td width=\"273\">Wymiary elewatora zasilaj\u0105cego, mm<\/td>\n<td width=\"189\">220*1500*2100<\/td>\n<td width=\"189\">2700*1650*2460<\/td>\n<\/tr>\n<tr>\n<td width=\"273\">Wysoko\u015b\u0107 przeno\u015bnika wy\u0142adunku, mm<\/td>\n<td width=\"189\">2000*600*800<\/td>\n<td width=\"189\">2500*600*800<\/td>\n<\/tr>\n<tr>\n<td width=\"273\">Produktywno\u015b\u0107, kg\/h<\/td>\n<td width=\"189\">150<\/td>\n<td width=\"189\">300<\/td>\n<\/tr>\n<tr>\n<td width=\"273\">Moc, kW<\/td>\n<td width=\"189\">3<\/td>\n<td width=\"189\">4<\/td>\n<\/tr>\n<tr>\n<td width=\"273\">Napi\u0119cie, V<\/td>\n<td width=\"189\">230\/400<\/td>\n<td width=\"189\">230\/400<\/td>\n<\/tr>\n<tr>\n<td style=\"text-align: left;\" width=\"273\">Konwerter cz\u0119stotliwo\u015bci<\/td>\n<td style=\"text-align: center;\" colspan=\"2\" width=\"378\">Zintegrowane<\/td>\n<\/tr>\n<tr>\n<td width=\"273\">Materia\u0142<\/td>\n<td style=\"text-align: center;\" colspan=\"2\" width=\"378\">Stal nierdzewna 304<\/td>\n<\/tr>\n<\/tbody>\n<\/table><\/div>\n\t<div class=\"section video\">\n\t\t<div class=\"row\">\n\t\t\t\t\t\t\t\t\t\t\t\t<div class=\"col-md-4 col-12\">\n\t\t\t\t\t\t<div class=\"container-lazyload preview-lazyload container-youtube js-lazyload--not-loaded\"><a href=\"https:\/\/www.youtube.com\/watch?v=W8o2ZGik0hY\" class=\"lazy-load-youtube preview-lazyload preview-youtube\" data-video-title=\"\u041f\u0440\u043e\u043c\u0438\u0441\u043b\u043e\u0432\u0430 \u043c\u0430\u0448\u0438\u043d\u0430 STvega Automatic Shrimp Peeling Line \u0434\u043b\u044f \u0430\u0432\u0442\u043e\u043c\u0430\u0442\u0438\u0447\u043d\u043e\u0433\u043e \u043e\u0447\u0438\u0449\u0435\u043d\u043d\u044f \u043a\u0440\u0435\u0432\u0435\u0442\u043e\u043a\" title=\"Play video &quot;\u041f\u0440\u043e\u043c\u0438\u0441\u043b\u043e\u0432\u0430 \u043c\u0430\u0448\u0438\u043d\u0430 STvega Automatic Shrimp Peeling Line \u0434\u043b\u044f \u0430\u0432\u0442\u043e\u043c\u0430\u0442\u0438\u0447\u043d\u043e\u0433\u043e \u043e\u0447\u0438\u0449\u0435\u043d\u043d\u044f \u043a\u0440\u0435\u0432\u0435\u0442\u043e\u043a&quot;\">https:\/\/www.youtube.com\/watch?v=W8o2ZGik0hY<\/a><noscript>Video can&#8217;t be loaded because JavaScript is disabled: <a href=\"https:\/\/www.youtube.com\/watch?v=W8o2ZGik0hY\" title=\"\u041f\u0440\u043e\u043c\u0438\u0441\u043b\u043e\u0432\u0430 \u043c\u0430\u0448\u0438\u043d\u0430 STvega Automatic Shrimp Peeling Line \u0434\u043b\u044f \u0430\u0432\u0442\u043e\u043c\u0430\u0442\u0438\u0447\u043d\u043e\u0433\u043e \u043e\u0447\u0438\u0449\u0435\u043d\u043d\u044f \u043a\u0440\u0435\u0432\u0435\u0442\u043e\u043a\">\u041f\u0440\u043e\u043c\u0438\u0441\u043b\u043e\u0432\u0430 \u043c\u0430\u0448\u0438\u043d\u0430 STvega Automatic Shrimp Peeling Line \u0434\u043b\u044f \u0430\u0432\u0442\u043e\u043c\u0430\u0442\u0438\u0447\u043d\u043e\u0433\u043e \u043e\u0447\u0438\u0449\u0435\u043d\u043d\u044f \u043a\u0440\u0435\u0432\u0435\u0442\u043e\u043a (https:\/\/www.youtube.com\/watch?v=W8o2ZGik0hY)<\/a><\/noscript><\/div>\n\t\t\t\t\t<\/div>\n\t\t\t\t\t\t\t\t\t<\/div>\n\t<\/div>\n\t\t","protected":false},"excerpt":{"rendered":"<p><strong>Automatyczna linia obierania krewetek STvega H150\/H300 to <\/strong>linia przeznaczona do delikatnego czyszczenia surowych krewetek. Dzi\u0119ki dok\u0142adnemu procesowi czyszczenia produkt zachowuje sw\u00f3j wygl\u0105d i tekstur\u0119 bez uszkodze\u0144. <\/p>\n<p><strong>Specyfikacje <\/strong><strong>automatycznej linii obierania krewetek STvega H150: <\/strong> <\/p>\n<p>[table id=&#8221;291&#8243; \/]<\/p>\n<p>&nbsp;<\/p>\n<p><span style=\"color: #0000ff;\"><strong>Unikalno\u015b\u0107 maszyny: <\/strong>Ochronna os\u0142ona gwarantuje bezpiecze\u0144stwo podczas pracy ze sprz\u0119tem.<\/span><\/p>\n","protected":false},"featured_media":12157,"comment_status":"closed","ping_status":"closed","template":"","meta":{"_acf_changed":false,"inline_featured_image":false},"product_brand":[],"product_cat":[3632,3551],"product_tag":[6369,6378,6386,6374,6382,6512,6359,6387,5410,6389,6365,6362,6375,6514,6360,6372,6376,6366,6380,5446,3871,6371,3870,5557,6384],"class_list":{"0":"post-12131","1":"product","2":"type-product","3":"status-publish","4":"has-post-thumbnail","6":"product_cat-linie-produkcyjne","7":"product_cat-maszyny-do-czyszczenia-pestek-nasion-i-ziaren","8":"product_tag-automatyczna-linia-do-czyszczenia-krewetek","9":"product_tag-automatyczna-linia-do-obierania-krewetek","10":"product_tag-automatyczne-czyszczenie","11":"product_tag-automatyczne-czyszczenie-krewetek","12":"product_tag-automatyczne-przetwarzanie-krewetek","13":"product_tag-czyszczenie-krewetek-2","14":"product_tag-czyszczenie-krewetek","15":"product_tag-czyszczenie-owocow-morza","16":"product_tag-czyszczenie-przemyslowe","17":"product_tag-delikatne-wykonczenie","18":"product_tag-krewetki","19":"product_tag-linia-do-obierania-krewetek","20":"product_tag-linia-przetworstwa-owocow-morza","21":"product_tag-maszyna-do-obierania-krewetek-2","22":"product_tag-maszyna-do-obierania-krewetek","23":"product_tag-maszyna-do-obierania-surowych-krewetek","24":"product_tag-maszyna-do-usuwania-skorupek-krewetek","25":"product_tag-obriete-krewetki","26":"product_tag-przemyslowe-urzadzenia-do-przetwarzania-krewetek","27":"product_tag-przetworstwo-owocow-morza","28":"product_tag-przetworstwo-przemyslowe","29":"product_tag-sprzet-do-czyszczenia-krewetek","30":"product_tag-sprzet-do-przetwarzania-zywnosci","31":"product_tag-technologie-czyszczenia","32":"product_tag-zautomatyzowany-sprzet-do-lowienia-krewetek","34":"first","35":"instock","36":"shipping-taxable","37":"product-type-simple"},"acf":[],"yoast_head":"<!-- This site is optimized with the Yoast SEO plugin v27.5 - https:\/\/yoast.com\/product\/yoast-seo-wordpress\/ -->\n<title>Automatyczna linia obierania krewetek STvega H150\/H300 \u043a\u0443\u043f\u0438\u0442\u0438 \u0437\u0430 \u0432\u0438\u0433\u0456\u0434\u043d\u043e\u044e \u0446\u0456\u043d\u043e\u044e \u0432 \u043c\u0430\u0433\u0430\u0437\u0438\u043d\u0456 STvega<\/title>\n<meta name=\"description\" content=\"Automatyczna linia obierania krewetek STvega H150\/H300 | \u043a\u0443\u043f\u0438\u0442\u0438 \u0437\u0430 \ud83c\udf1f\u0432\u0438\u0433\u0456\u0434\u043d\u043e\u044e \u0446\u0456\u043d\u043e\u044e \u0432 \u043c\u0430\u0433\u0430\u0437\u0438\u043d\u0456 STvega\" \/>\n<meta name=\"robots\" content=\"index, follow, max-snippet:-1, max-image-preview:large, max-video-preview:-1\" \/>\n<link rel=\"canonical\" href=\"https:\/\/stvega.net\/pl\/product\/automatyczna-linia-obierania-krewetek-stvega-h150-h300\/\" \/>\n<meta property=\"og:locale\" content=\"pl_PL\" \/>\n<meta property=\"og:type\" content=\"article\" \/>\n<meta property=\"og:title\" content=\"Automatyczna linia obierania krewetek STvega H150\/H300 \u043a\u0443\u043f\u0438\u0442\u0438 \u0437\u0430 \u0432\u0438\u0433\u0456\u0434\u043d\u043e\u044e \u0446\u0456\u043d\u043e\u044e \u0432 \u043c\u0430\u0433\u0430\u0437\u0438\u043d\u0456 STvega\" \/>\n<meta property=\"og:description\" content=\"Automatyczna linia obierania krewetek STvega H150\/H300 | \u043a\u0443\u043f\u0438\u0442\u0438 \u0437\u0430 \ud83c\udf1f\u0432\u0438\u0433\u0456\u0434\u043d\u043e\u044e \u0446\u0456\u043d\u043e\u044e \u0432 \u043c\u0430\u0433\u0430\u0437\u0438\u043d\u0456 STvega\" \/>\n<meta property=\"og:url\" content=\"https:\/\/stvega.net\/pl\/product\/automatyczna-linia-obierania-krewetek-stvega-h150-h300\/\" \/>\n<meta property=\"og:site_name\" content=\"\u0448\u0438\u0440\u043e\u043a\u0438\u0439 \u0430\u0441\u043e\u0440\u0442\u0438\u043c\u0435\u043d\u0442 \u0445\u0430\u0440\u0447\u043e\u0432\u043e\u0433\u043e \u043f\u0440\u043e\u043c\u0438\u0441\u043b\u043e\u0432\u043e\u0433\u043e \u043e\u0431\u043b\u0430\u0434\u043d\u0430\u043d\u043d\u044f \u0434\u043b\u044f \u043f\u0435\u0440\u0435\u0440\u043e\u0431\u043a\u0438 \u043c\u2019\u044f\u0441\u0430, \u043e\u0432\u043e\u0447\u0456\u0432 \u0456 \u0444\u0440\u0443\u043a\u0442\u0456\u0432\u2b50\u0412\u0438\u0433\u0456\u0434\u043d\u0456 \u0446\u0456\u043d\u0438 \ud83e\uddbe\u0412\u0438\u0440\u043e\u0431\u043d\u0438\u0447\u0456 \u043b\u0456\u043d\u0456\u0457 \u043f\u0456\u0434 \u043a\u043b\u044e\u0447\ud83d\ude9a \u0414\u043e\u0441\u0442\u0430\u0432\u043a\u0430 \ud83d\udee0\u0421\u0435\u0440\u0432\u0456\u0441\" \/>\n<meta property=\"article:publisher\" content=\"https:\/\/www.facebook.com\/share\/9F1B4VxaHAC9E9HB\/?mibextid=qi2Omg\" \/>\n<meta property=\"article:modified_time\" content=\"2026-05-07T11:04:16+00:00\" \/>\n<meta property=\"og:image\" content=\"https:\/\/stvega.net\/wp-content\/uploads\/2024\/10\/stvega-automatic-shrimp-peeling-line-l150l300.jpg\" \/>\n\t<meta property=\"og:image:width\" content=\"958\" \/>\n\t<meta property=\"og:image:height\" content=\"942\" \/>\n\t<meta property=\"og:image:type\" content=\"image\/jpeg\" \/>\n<meta name=\"twitter:card\" content=\"summary_large_image\" \/>\n<meta name=\"twitter:label1\" content=\"Szacowany czas czytania\" \/>\n\t<meta name=\"twitter:data1\" content=\"1 minuta\" \/>\n<script type=\"application\/ld+json\" class=\"yoast-schema-graph\">{\"@context\":\"https:\\\/\\\/schema.org\",\"@graph\":[{\"@type\":\"WebPage\",\"@id\":\"https:\\\/\\\/stvega.net\\\/pl\\\/product\\\/automatyczna-linia-obierania-krewetek-stvega-h150-h300\\\/\",\"url\":\"https:\\\/\\\/stvega.net\\\/pl\\\/product\\\/automatyczna-linia-obierania-krewetek-stvega-h150-h300\\\/\",\"name\":\"Automatyczna linia obierania krewetek STvega H150\\\/H300 \u043a\u0443\u043f\u0438\u0442\u0438 \u0437\u0430 \u0432\u0438\u0433\u0456\u0434\u043d\u043e\u044e \u0446\u0456\u043d\u043e\u044e \u0432 \u043c\u0430\u0433\u0430\u0437\u0438\u043d\u0456 STvega\",\"isPartOf\":{\"@id\":\"https:\\\/\\\/stvega.net\\\/pl\\\/#website\"},\"primaryImageOfPage\":{\"@id\":\"https:\\\/\\\/stvega.net\\\/pl\\\/product\\\/automatyczna-linia-obierania-krewetek-stvega-h150-h300\\\/#primaryimage\"},\"image\":{\"@id\":\"https:\\\/\\\/stvega.net\\\/pl\\\/product\\\/automatyczna-linia-obierania-krewetek-stvega-h150-h300\\\/#primaryimage\"},\"thumbnailUrl\":\"https:\\\/\\\/stvega.net\\\/wp-content\\\/uploads\\\/2024\\\/10\\\/stvega-automatic-shrimp-peeling-line-l150l300.jpg\",\"datePublished\":\"2024-10-04T14:06:39+00:00\",\"dateModified\":\"2026-05-07T11:04:16+00:00\",\"description\":\"Automatyczna linia obierania krewetek STvega H150\\\/H300 | \u043a\u0443\u043f\u0438\u0442\u0438 \u0437\u0430 \ud83c\udf1f\u0432\u0438\u0433\u0456\u0434\u043d\u043e\u044e \u0446\u0456\u043d\u043e\u044e \u0432 \u043c\u0430\u0433\u0430\u0437\u0438\u043d\u0456 STvega\",\"breadcrumb\":{\"@id\":\"https:\\\/\\\/stvega.net\\\/pl\\\/product\\\/automatyczna-linia-obierania-krewetek-stvega-h150-h300\\\/#breadcrumb\"},\"inLanguage\":\"pl-PL\",\"potentialAction\":[{\"@type\":\"ReadAction\",\"target\":[\"https:\\\/\\\/stvega.net\\\/pl\\\/product\\\/automatyczna-linia-obierania-krewetek-stvega-h150-h300\\\/\"]}]},{\"@type\":\"ImageObject\",\"inLanguage\":\"pl-PL\",\"@id\":\"https:\\\/\\\/stvega.net\\\/pl\\\/product\\\/automatyczna-linia-obierania-krewetek-stvega-h150-h300\\\/#primaryimage\",\"url\":\"https:\\\/\\\/stvega.net\\\/wp-content\\\/uploads\\\/2024\\\/10\\\/stvega-automatic-shrimp-peeling-line-l150l300.jpg\",\"contentUrl\":\"https:\\\/\\\/stvega.net\\\/wp-content\\\/uploads\\\/2024\\\/10\\\/stvega-automatic-shrimp-peeling-line-l150l300.jpg\",\"width\":958,\"height\":942},{\"@type\":\"BreadcrumbList\",\"@id\":\"https:\\\/\\\/stvega.net\\\/pl\\\/product\\\/automatyczna-linia-obierania-krewetek-stvega-h150-h300\\\/#breadcrumb\",\"itemListElement\":[{\"@type\":\"ListItem\",\"position\":1,\"name\":\"Dom\",\"item\":\"https:\\\/\\\/stvega.net\\\/pl\\\/\"},{\"@type\":\"ListItem\",\"position\":2,\"name\":\"Katalog\",\"item\":\"https:\\\/\\\/stvega.net\\\/katalog\\\/\"},{\"@type\":\"ListItem\",\"position\":3,\"name\":\"Automatyczna linia obierania krewetek STvega H150\\\/H300\"}]},{\"@type\":\"WebSite\",\"@id\":\"https:\\\/\\\/stvega.net\\\/pl\\\/#website\",\"url\":\"https:\\\/\\\/stvega.net\\\/pl\\\/\",\"name\":\"STvega\",\"description\":\"\u0445\u0430\u0440\u0447\u043e\u0432\u0435 \u043f\u0440\u043e\u043c\u0438\u0441\u043b\u043e\u0432\u0435 \u043e\u0431\u043b\u0430\u0434\u043d\u0430\u043d\u043d\u044f\",\"publisher\":{\"@id\":\"https:\\\/\\\/stvega.net\\\/pl\\\/#organization\"},\"alternateName\":\"STvega - \u043e\u0432\u043e\u0447\u0435\u0440\u0456\u0437\u043a\u0438, \u0448\u043f\u0438\u0433\u043e\u0440\u0456\u0437\u043a\u0438, \u0441\u043b\u0430\u0439\u0441\u0435\u0440\u0438 \u0442\u0430 \u0456\u043d\u0448\u0435 \u0445\u0430\u0440\u0447\u043e\u0432\u0435 \u043e\u0431\u043b\u0430\u0434\u043d\u0430\u043d\u043d\u044f\",\"potentialAction\":[{\"@type\":\"SearchAction\",\"target\":{\"@type\":\"EntryPoint\",\"urlTemplate\":\"https:\\\/\\\/stvega.net\\\/pl\\\/?s={search_term_string}\"},\"query-input\":{\"@type\":\"PropertyValueSpecification\",\"valueRequired\":true,\"valueName\":\"search_term_string\"}}],\"inLanguage\":\"pl-PL\"},{\"@type\":\"Organization\",\"@id\":\"https:\\\/\\\/stvega.net\\\/pl\\\/#organization\",\"name\":\"STvega \u0425\u0410\u0420\u0427\u041e\u0412\u0415 \u041f\u0420\u041e\u041c\u0418\u0421\u041b\u041e\u0412\u0415 \u041e\u0411\u041b\u0410\u0414\u041d\u0410\u041d\u041d\u042f\",\"alternateName\":\"STvega - \u043e\u0432\u043e\u0447\u0435\u0440\u0456\u0437\u043a\u0438, \u0448\u043f\u0438\u0433\u043e\u0440\u0456\u0437\u043a\u0438, \u0441\u043b\u0430\u0439\u0441\u0435\u0440\u0438 \u0442\u0430 \u0456\u043d\u0448\u0435 \u0445\u0430\u0440\u0447\u043e\u0432\u0435 \u043e\u0431\u043b\u0430\u0434\u043d\u0430\u043d\u043d\u044f\",\"url\":\"https:\\\/\\\/stvega.net\\\/pl\\\/\",\"logo\":{\"@type\":\"ImageObject\",\"inLanguage\":\"pl-PL\",\"@id\":\"https:\\\/\\\/stvega.net\\\/pl\\\/#\\\/schema\\\/logo\\\/image\\\/\",\"url\":\"https:\\\/\\\/stvega.net\\\/wp-content\\\/uploads\\\/2024\\\/03\\\/dyzajn-bez-nazvanyya-1.png\",\"contentUrl\":\"https:\\\/\\\/stvega.net\\\/wp-content\\\/uploads\\\/2024\\\/03\\\/dyzajn-bez-nazvanyya-1.png\",\"width\":180,\"height\":180,\"caption\":\"STvega \u0425\u0410\u0420\u0427\u041e\u0412\u0415 \u041f\u0420\u041e\u041c\u0418\u0421\u041b\u041e\u0412\u0415 \u041e\u0411\u041b\u0410\u0414\u041d\u0410\u041d\u041d\u042f\"},\"image\":{\"@id\":\"https:\\\/\\\/stvega.net\\\/pl\\\/#\\\/schema\\\/logo\\\/image\\\/\"},\"sameAs\":[\"https:\\\/\\\/www.facebook.com\\\/share\\\/9F1B4VxaHAC9E9HB\\\/?mibextid=qi2Omg\"]}]}<\/script>\n<!-- \/ Yoast SEO plugin. -->","yoast_head_json":{"title":"Automatyczna linia obierania krewetek STvega H150\/H300 \u043a\u0443\u043f\u0438\u0442\u0438 \u0437\u0430 \u0432\u0438\u0433\u0456\u0434\u043d\u043e\u044e \u0446\u0456\u043d\u043e\u044e \u0432 \u043c\u0430\u0433\u0430\u0437\u0438\u043d\u0456 STvega","description":"Automatyczna linia obierania krewetek STvega H150\/H300 | \u043a\u0443\u043f\u0438\u0442\u0438 \u0437\u0430 \ud83c\udf1f\u0432\u0438\u0433\u0456\u0434\u043d\u043e\u044e \u0446\u0456\u043d\u043e\u044e \u0432 \u043c\u0430\u0433\u0430\u0437\u0438\u043d\u0456 STvega","robots":{"index":"index","follow":"follow","max-snippet":"max-snippet:-1","max-image-preview":"max-image-preview:large","max-video-preview":"max-video-preview:-1"},"canonical":"https:\/\/stvega.net\/pl\/product\/automatyczna-linia-obierania-krewetek-stvega-h150-h300\/","og_locale":"pl_PL","og_type":"article","og_title":"Automatyczna linia obierania krewetek STvega H150\/H300 \u043a\u0443\u043f\u0438\u0442\u0438 \u0437\u0430 \u0432\u0438\u0433\u0456\u0434\u043d\u043e\u044e \u0446\u0456\u043d\u043e\u044e \u0432 \u043c\u0430\u0433\u0430\u0437\u0438\u043d\u0456 STvega","og_description":"Automatyczna linia obierania krewetek STvega H150\/H300 | \u043a\u0443\u043f\u0438\u0442\u0438 \u0437\u0430 \ud83c\udf1f\u0432\u0438\u0433\u0456\u0434\u043d\u043e\u044e \u0446\u0456\u043d\u043e\u044e \u0432 \u043c\u0430\u0433\u0430\u0437\u0438\u043d\u0456 STvega","og_url":"https:\/\/stvega.net\/pl\/product\/automatyczna-linia-obierania-krewetek-stvega-h150-h300\/","og_site_name":"\u0448\u0438\u0440\u043e\u043a\u0438\u0439 \u0430\u0441\u043e\u0440\u0442\u0438\u043c\u0435\u043d\u0442 \u0445\u0430\u0440\u0447\u043e\u0432\u043e\u0433\u043e \u043f\u0440\u043e\u043c\u0438\u0441\u043b\u043e\u0432\u043e\u0433\u043e \u043e\u0431\u043b\u0430\u0434\u043d\u0430\u043d\u043d\u044f \u0434\u043b\u044f \u043f\u0435\u0440\u0435\u0440\u043e\u0431\u043a\u0438 \u043c\u2019\u044f\u0441\u0430, \u043e\u0432\u043e\u0447\u0456\u0432 \u0456 \u0444\u0440\u0443\u043a\u0442\u0456\u0432\u2b50\u0412\u0438\u0433\u0456\u0434\u043d\u0456 \u0446\u0456\u043d\u0438 \ud83e\uddbe\u0412\u0438\u0440\u043e\u0431\u043d\u0438\u0447\u0456 \u043b\u0456\u043d\u0456\u0457 \u043f\u0456\u0434 \u043a\u043b\u044e\u0447\ud83d\ude9a \u0414\u043e\u0441\u0442\u0430\u0432\u043a\u0430 \ud83d\udee0\u0421\u0435\u0440\u0432\u0456\u0441","article_publisher":"https:\/\/www.facebook.com\/share\/9F1B4VxaHAC9E9HB\/?mibextid=qi2Omg","article_modified_time":"2026-05-07T11:04:16+00:00","og_image":[{"width":958,"height":942,"url":"https:\/\/stvega.net\/wp-content\/uploads\/2024\/10\/stvega-automatic-shrimp-peeling-line-l150l300.jpg","type":"image\/jpeg"}],"twitter_card":"summary_large_image","twitter_misc":{"Szacowany czas czytania":"1 minuta"},"schema":{"@context":"https:\/\/schema.org","@graph":[{"@type":"WebPage","@id":"https:\/\/stvega.net\/pl\/product\/automatyczna-linia-obierania-krewetek-stvega-h150-h300\/","url":"https:\/\/stvega.net\/pl\/product\/automatyczna-linia-obierania-krewetek-stvega-h150-h300\/","name":"Automatyczna linia obierania krewetek STvega H150\/H300 \u043a\u0443\u043f\u0438\u0442\u0438 \u0437\u0430 \u0432\u0438\u0433\u0456\u0434\u043d\u043e\u044e \u0446\u0456\u043d\u043e\u044e \u0432 \u043c\u0430\u0433\u0430\u0437\u0438\u043d\u0456 STvega","isPartOf":{"@id":"https:\/\/stvega.net\/pl\/#website"},"primaryImageOfPage":{"@id":"https:\/\/stvega.net\/pl\/product\/automatyczna-linia-obierania-krewetek-stvega-h150-h300\/#primaryimage"},"image":{"@id":"https:\/\/stvega.net\/pl\/product\/automatyczna-linia-obierania-krewetek-stvega-h150-h300\/#primaryimage"},"thumbnailUrl":"https:\/\/stvega.net\/wp-content\/uploads\/2024\/10\/stvega-automatic-shrimp-peeling-line-l150l300.jpg","datePublished":"2024-10-04T14:06:39+00:00","dateModified":"2026-05-07T11:04:16+00:00","description":"Automatyczna linia obierania krewetek STvega H150\/H300 | \u043a\u0443\u043f\u0438\u0442\u0438 \u0437\u0430 \ud83c\udf1f\u0432\u0438\u0433\u0456\u0434\u043d\u043e\u044e \u0446\u0456\u043d\u043e\u044e \u0432 \u043c\u0430\u0433\u0430\u0437\u0438\u043d\u0456 STvega","breadcrumb":{"@id":"https:\/\/stvega.net\/pl\/product\/automatyczna-linia-obierania-krewetek-stvega-h150-h300\/#breadcrumb"},"inLanguage":"pl-PL","potentialAction":[{"@type":"ReadAction","target":["https:\/\/stvega.net\/pl\/product\/automatyczna-linia-obierania-krewetek-stvega-h150-h300\/"]}]},{"@type":"ImageObject","inLanguage":"pl-PL","@id":"https:\/\/stvega.net\/pl\/product\/automatyczna-linia-obierania-krewetek-stvega-h150-h300\/#primaryimage","url":"https:\/\/stvega.net\/wp-content\/uploads\/2024\/10\/stvega-automatic-shrimp-peeling-line-l150l300.jpg","contentUrl":"https:\/\/stvega.net\/wp-content\/uploads\/2024\/10\/stvega-automatic-shrimp-peeling-line-l150l300.jpg","width":958,"height":942},{"@type":"BreadcrumbList","@id":"https:\/\/stvega.net\/pl\/product\/automatyczna-linia-obierania-krewetek-stvega-h150-h300\/#breadcrumb","itemListElement":[{"@type":"ListItem","position":1,"name":"Dom","item":"https:\/\/stvega.net\/pl\/"},{"@type":"ListItem","position":2,"name":"Katalog","item":"https:\/\/stvega.net\/katalog\/"},{"@type":"ListItem","position":3,"name":"Automatyczna linia obierania krewetek STvega H150\/H300"}]},{"@type":"WebSite","@id":"https:\/\/stvega.net\/pl\/#website","url":"https:\/\/stvega.net\/pl\/","name":"STvega","description":"\u0445\u0430\u0440\u0447\u043e\u0432\u0435 \u043f\u0440\u043e\u043c\u0438\u0441\u043b\u043e\u0432\u0435 \u043e\u0431\u043b\u0430\u0434\u043d\u0430\u043d\u043d\u044f","publisher":{"@id":"https:\/\/stvega.net\/pl\/#organization"},"alternateName":"STvega - \u043e\u0432\u043e\u0447\u0435\u0440\u0456\u0437\u043a\u0438, \u0448\u043f\u0438\u0433\u043e\u0440\u0456\u0437\u043a\u0438, \u0441\u043b\u0430\u0439\u0441\u0435\u0440\u0438 \u0442\u0430 \u0456\u043d\u0448\u0435 \u0445\u0430\u0440\u0447\u043e\u0432\u0435 \u043e\u0431\u043b\u0430\u0434\u043d\u0430\u043d\u043d\u044f","potentialAction":[{"@type":"SearchAction","target":{"@type":"EntryPoint","urlTemplate":"https:\/\/stvega.net\/pl\/?s={search_term_string}"},"query-input":{"@type":"PropertyValueSpecification","valueRequired":true,"valueName":"search_term_string"}}],"inLanguage":"pl-PL"},{"@type":"Organization","@id":"https:\/\/stvega.net\/pl\/#organization","name":"STvega \u0425\u0410\u0420\u0427\u041e\u0412\u0415 \u041f\u0420\u041e\u041c\u0418\u0421\u041b\u041e\u0412\u0415 \u041e\u0411\u041b\u0410\u0414\u041d\u0410\u041d\u041d\u042f","alternateName":"STvega - \u043e\u0432\u043e\u0447\u0435\u0440\u0456\u0437\u043a\u0438, \u0448\u043f\u0438\u0433\u043e\u0440\u0456\u0437\u043a\u0438, \u0441\u043b\u0430\u0439\u0441\u0435\u0440\u0438 \u0442\u0430 \u0456\u043d\u0448\u0435 \u0445\u0430\u0440\u0447\u043e\u0432\u0435 \u043e\u0431\u043b\u0430\u0434\u043d\u0430\u043d\u043d\u044f","url":"https:\/\/stvega.net\/pl\/","logo":{"@type":"ImageObject","inLanguage":"pl-PL","@id":"https:\/\/stvega.net\/pl\/#\/schema\/logo\/image\/","url":"https:\/\/stvega.net\/wp-content\/uploads\/2024\/03\/dyzajn-bez-nazvanyya-1.png","contentUrl":"https:\/\/stvega.net\/wp-content\/uploads\/2024\/03\/dyzajn-bez-nazvanyya-1.png","width":180,"height":180,"caption":"STvega \u0425\u0410\u0420\u0427\u041e\u0412\u0415 \u041f\u0420\u041e\u041c\u0418\u0421\u041b\u041e\u0412\u0415 \u041e\u0411\u041b\u0410\u0414\u041d\u0410\u041d\u041d\u042f"},"image":{"@id":"https:\/\/stvega.net\/pl\/#\/schema\/logo\/image\/"},"sameAs":["https:\/\/www.facebook.com\/share\/9F1B4VxaHAC9E9HB\/?mibextid=qi2Omg"]}]}},"_links":{"self":[{"href":"https:\/\/stvega.net\/pl\/wp-json\/wp\/v2\/product\/12131","targetHints":{"allow":["GET"]}}],"collection":[{"href":"https:\/\/stvega.net\/pl\/wp-json\/wp\/v2\/product"}],"about":[{"href":"https:\/\/stvega.net\/pl\/wp-json\/wp\/v2\/types\/product"}],"replies":[{"embeddable":true,"href":"https:\/\/stvega.net\/pl\/wp-json\/wp\/v2\/comments?post=12131"}],"wp:featuredmedia":[{"embeddable":true,"href":"https:\/\/stvega.net\/pl\/wp-json\/wp\/v2\/media\/12157"}],"wp:attachment":[{"href":"https:\/\/stvega.net\/pl\/wp-json\/wp\/v2\/media?parent=12131"}],"wp:term":[{"taxonomy":"product_brand","embeddable":true,"href":"https:\/\/stvega.net\/pl\/wp-json\/wp\/v2\/product_brand?post=12131"},{"taxonomy":"product_cat","embeddable":true,"href":"https:\/\/stvega.net\/pl\/wp-json\/wp\/v2\/product_cat?post=12131"},{"taxonomy":"product_tag","embeddable":true,"href":"https:\/\/stvega.net\/pl\/wp-json\/wp\/v2\/product_tag?post=12131"}],"curies":[{"name":"wp","href":"https:\/\/api.w.org\/{rel}","templated":true}]}}