{"id":12079,"date":"2025-03-11T12:27:35","date_gmt":"2025-03-11T09:27:35","guid":{"rendered":"https:\/\/stvega.net\/product\/gotowanie-sruby-do-blanszowania-slimakiem-do-warzyw-i-owocow-stovega-blanching-screw-l4600-7000\/"},"modified":"2026-05-07T13:54:05","modified_gmt":"2026-05-07T10:54:05","slug":"gotowanie-sruby-do-blanszowania-slimakiem-do-warzyw-i-owocow-stovega-blanching-screw-l4600-7000","status":"publish","type":"product","link":"https:\/\/stvega.net\/pl\/product\/gotowanie-sruby-do-blanszowania-slimakiem-do-warzyw-i-owocow-stovega-blanching-screw-l4600-7000\/","title":{"rendered":"Gotowanie \u015bruby do blanszowania \u015blimakiem do warzyw i owoc\u00f3w Stovega Blanching Screw L4600\/7000"},"content":{"rendered":"<p><span style=\"font-weight: 400;\"><b> STvega Blanching Screw<\/b><span style=\"font-weight: 400;\"> to ci\u0105g\u0142e urz\u0105dzenie przemys\u0142owe zaprojektowane do obr\u00f3bki cieplnej (blanszowania) warzyw, owoc\u00f3w, ro\u015blin str\u0105czkowych i innych produkt\u00f3w. Dzi\u0119ki systemowi transportu \u015brubowego oraz inteligentnej kontroli pary maszyna zapewnia doskona\u0142\u0105 r\u00f3wnomierno\u015b\u0107 podgrzewania, zachowuj\u0105c kolor, faktur\u0119 i w\u0142a\u015bciwo\u015bci od\u017cywcze surowc\u00f3w.<\/span><\/span><\/p>\n<p><b>Zasada dzia\u0142ania<\/b><b>:<\/b><\/p>\n<p><span style=\"font-weight: 400;\">Surowca jest podawana do wewn\u0119trznej komory, gdzie p\u0142ynnie przemieszcza si\u0119 przez wbudowan\u0105 spiral\u0119. Pr\u0119dko\u015b\u0107 obrotu \u015bruby oraz czas przebywania produktu w komorze s\u0105 regulowane za pomoc\u0105 ekranu dotykowego. Dwa precyzyjne czujniki nieustannie monitoruj\u0105 temperatur\u0119, przesy\u0142aj\u0105c dane do po\u0142\u0105czonego systemu sterowania par\u0105. Pozwala to utrzyma\u0107 stabilne \u015brodowisko przetwarzania, unikaj\u0105c przegrzewania lub niewystarczaj\u0105cego dzia\u0142ania cieplnego produktu.   <\/span><\/p>\n<p><b>Zalety sprz\u0119tu:<\/b><\/p>\n<ul>\n<li style=\"font-weight: 400;\" aria-level=\"1\"><span style=\"font-weight: 400;\">Wygodny panel sterowania dotykowego pozwala precyzyjnie dostroi\u0107 pr\u0119dko\u015b\u0107 obrotu \u015bruby i temperatur\u0119 blanszowania w zale\u017cno\u015bci od rodzaju surowca.<\/span><\/li>\n<li style=\"font-weight: 400;\" aria-level=\"1\"><span style=\"font-weight: 400;\">Po\u0142\u0105czony system sterowania par\u0105 w po\u0142\u0105czeniu z wysokoprecyzyjnymi czujnikami gwarantuje stabilny re\u017cim temperatury i r\u00f3wnomierne przetwarzanie produktu.<\/span><\/li>\n<li style=\"font-weight: 400;\" aria-level=\"1\"><span style=\"font-weight: 400;\">Zoptymalizowana konstrukcja komory roboczej zapewnia efektywne wykorzystanie zasob\u00f3w energetycznych i zmniejsza zu\u017cycie pary.<\/span><\/li>\n<li style=\"font-weight: 400;\" aria-level=\"1\"><span style=\"font-weight: 400;\">Korpus maszyny oraz wszystkie elementy elektryczne wykonane s\u0105 ze stali nierdzewnej SUS 304, co gwarantuje trwa\u0142o\u015b\u0107 i pe\u0142n\u0105 zgodno\u015b\u0107 z normami sanitarnymi.<\/span><\/li>\n<li style=\"font-weight: 400;\" aria-level=\"1\"><span style=\"font-weight: 400;\">Umieszczenie cz\u0119\u015bci elektrycznej w osobnej chronionej jednostce zapewnia stabiln\u0105 prac\u0119 urz\u0105dzenia w warunkach wysokiej wilgotno\u015bci.<\/span><\/li>\n<\/ul>\n<div class=\"responsive-table\"><table style=\"height: 480px;\" width=\"907\">\n<tbody>\n<tr>\n<td width=\"254\"><strong>Specyfikacja<\/strong><strong> <\/strong><\/td>\n<td width=\"217\"><strong>L4600<\/strong><\/td>\n<td width=\"208\"><strong>L7000<\/strong><\/td>\n<\/tr>\n<tr>\n<td width=\"254\">Wymiary ca\u0142kowite, mm<\/td>\n<td width=\"217\">5120*1592*1718<\/td>\n<td width=\"208\">7272*1592*1718<\/td>\n<\/tr>\n<tr>\n<td width=\"254\">\u015arednica roboczego cylindra, mm<\/td>\n<td width=\"217\">800<\/td>\n<td width=\"208\">800<\/td>\n<\/tr>\n<tr>\n<td width=\"254\">Zu\u017cycie pary, kg\/h<\/td>\n<td width=\"217\">500<\/td>\n<td width=\"208\">400 \u2013 500<\/td>\n<\/tr>\n<tr>\n<td width=\"254\">Czas wst\u0119pnego gotowania, minimum<\/td>\n<td width=\"217\">1 \u2013 3<\/td>\n<td width=\"208\">3 \u2013 5<\/td>\n<\/tr>\n<tr>\n<td width=\"254\">Ca\u0142kowita moc, kW<\/td>\n<td width=\"217\">2,2<\/td>\n<td width=\"208\">3<\/td>\n<\/tr>\n<tr>\n<td width=\"254\">Napi\u0119cie, V<\/td>\n<td width=\"217\">400<\/td>\n<td width=\"208\">400<\/td>\n<\/tr>\n<tr>\n<td width=\"254\">Materia\u0142 do wykonania<\/td>\n<td colspan=\"2\" width=\"425\">Stal nierdzewna SUS 304<\/td>\n<\/tr>\n<\/tbody>\n<\/table><\/div>\n","protected":false},"excerpt":{"rendered":"<p><strong>\u015aruba blanszowania STvega L4600\/7000 <\/strong>zosta\u0142a zaprojektowana do blanszowania i obr\u00f3bki cieplnej produkt\u00f3w w przemy\u015ble spo\u017cywczym.<\/p>\n<p><strong>Specyfikacja STvega 7000:<\/strong><\/p>\n<p>[table id=&#8221;316&#8243; \/]<\/p>\n<p><span style=\"color: #0000ff;\"><strong>Unikalno\u015b\u0107 maszyny: <\/strong>Zoptymalizowane zu\u017cycie pary przyczynia si\u0119 do obni\u017cenia koszt\u00f3w energii.<\/span><\/p>\n","protected":false},"featured_media":12091,"comment_status":"closed","ping_status":"closed","template":"","meta":{"_acf_changed":false,"inline_featured_image":false},"product_brand":[],"product_cat":[3641,3639],"product_tag":[6278,6271,6283,6267,6250,6254,4123,4084,6274,6258,3778,6264,6261,3870],"class_list":{"0":"post-12079","1":"product","2":"type-product","3":"status-publish","4":"has-post-thumbnail","6":"product_cat-blanszowanie","7":"product_cat-zabiegi-termiczne-i-inne","8":"product_tag-automatyczne-blanszenie","9":"product_tag-blanszowanie-owocow","10":"product_tag-blanszowanie-srub","11":"product_tag-blanszowanie-warzyw","12":"product_tag-maszyna-do-blanszowania-gotowania","13":"product_tag-maszyna-do-blanszowania-srub","14":"product_tag-obrobka-cieplna","15":"product_tag-obrobka-cieplna-produktow","16":"product_tag-produkcja-produktow","17":"product_tag-produkty-blanszujace","18":"product_tag-przemysl-spozywczy","19":"product_tag-przemyslowe-blanszowanie","20":"product_tag-sprzet-do-blanszowania","21":"product_tag-sprzet-do-przetwarzania-zywnosci","23":"first","24":"instock","25":"shipping-taxable","26":"product-type-simple"},"acf":[],"yoast_head":"<!-- This site is optimized with the Yoast SEO plugin v27.5 - https:\/\/yoast.com\/product\/yoast-seo-wordpress\/ -->\n<title>Gotowanie \u015bruby do blanszowania \u015blimakiem do warzyw i owoc\u00f3w Stovega Blanching Screw L4600\/7000 \u043a\u0443\u043f\u0438\u0442\u0438 \u0437\u0430 \u0432\u0438\u0433\u0456\u0434\u043d\u043e\u044e \u0446\u0456\u043d\u043e\u044e \u0432 \u043c\u0430\u0433\u0430\u0437\u0438\u043d\u0456 STvega<\/title>\n<meta name=\"description\" content=\"Gotowanie \u015bruby do blanszowania \u015blimakiem do warzyw i owoc\u00f3w Stovega Blanching Screw L4600\/7000 | \u043a\u0443\u043f\u0438\u0442\u0438 \u0437\u0430 \ud83c\udf1f\u0432\u0438\u0433\u0456\u0434\u043d\u043e\u044e \u0446\u0456\u043d\u043e\u044e \u0432 \u043c\u0430\u0433\u0430\u0437\u0438\u043d\u0456 STvega\" \/>\n<meta name=\"robots\" content=\"index, follow, max-snippet:-1, max-image-preview:large, max-video-preview:-1\" \/>\n<link rel=\"canonical\" href=\"https:\/\/stvega.net\/pl\/product\/gotowanie-sruby-do-blanszowania-slimakiem-do-warzyw-i-owocow-stovega-blanching-screw-l4600-7000\/\" \/>\n<meta property=\"og:locale\" content=\"pl_PL\" \/>\n<meta property=\"og:type\" content=\"article\" \/>\n<meta property=\"og:title\" content=\"Gotowanie \u015bruby do blanszowania \u015blimakiem do warzyw i owoc\u00f3w Stovega Blanching Screw L4600\/7000 \u043a\u0443\u043f\u0438\u0442\u0438 \u0437\u0430 \u0432\u0438\u0433\u0456\u0434\u043d\u043e\u044e \u0446\u0456\u043d\u043e\u044e \u0432 \u043c\u0430\u0433\u0430\u0437\u0438\u043d\u0456 STvega\" \/>\n<meta property=\"og:description\" content=\"Gotowanie \u015bruby do blanszowania \u015blimakiem do warzyw i owoc\u00f3w Stovega Blanching Screw L4600\/7000 | \u043a\u0443\u043f\u0438\u0442\u0438 \u0437\u0430 \ud83c\udf1f\u0432\u0438\u0433\u0456\u0434\u043d\u043e\u044e \u0446\u0456\u043d\u043e\u044e \u0432 \u043c\u0430\u0433\u0430\u0437\u0438\u043d\u0456 STvega\" \/>\n<meta property=\"og:url\" content=\"https:\/\/stvega.net\/pl\/product\/gotowanie-sruby-do-blanszowania-slimakiem-do-warzyw-i-owocow-stovega-blanching-screw-l4600-7000\/\" \/>\n<meta property=\"og:site_name\" content=\"\u0448\u0438\u0440\u043e\u043a\u0438\u0439 \u0430\u0441\u043e\u0440\u0442\u0438\u043c\u0435\u043d\u0442 \u0445\u0430\u0440\u0447\u043e\u0432\u043e\u0433\u043e \u043f\u0440\u043e\u043c\u0438\u0441\u043b\u043e\u0432\u043e\u0433\u043e \u043e\u0431\u043b\u0430\u0434\u043d\u0430\u043d\u043d\u044f \u0434\u043b\u044f \u043f\u0435\u0440\u0435\u0440\u043e\u0431\u043a\u0438 \u043c\u2019\u044f\u0441\u0430, \u043e\u0432\u043e\u0447\u0456\u0432 \u0456 \u0444\u0440\u0443\u043a\u0442\u0456\u0432\u2b50\u0412\u0438\u0433\u0456\u0434\u043d\u0456 \u0446\u0456\u043d\u0438 \ud83e\uddbe\u0412\u0438\u0440\u043e\u0431\u043d\u0438\u0447\u0456 \u043b\u0456\u043d\u0456\u0457 \u043f\u0456\u0434 \u043a\u043b\u044e\u0447\ud83d\ude9a \u0414\u043e\u0441\u0442\u0430\u0432\u043a\u0430 \ud83d\udee0\u0421\u0435\u0440\u0432\u0456\u0441\" \/>\n<meta property=\"article:publisher\" content=\"https:\/\/www.facebook.com\/share\/9F1B4VxaHAC9E9HB\/?mibextid=qi2Omg\" \/>\n<meta property=\"article:modified_time\" content=\"2026-05-07T10:54:05+00:00\" \/>\n<meta property=\"og:image\" content=\"https:\/\/stvega.net\/wp-content\/uploads\/2025\/03\/varylnyj-blanshuvach-zi-shnekom.png\" \/>\n\t<meta property=\"og:image:width\" content=\"1947\" \/>\n\t<meta property=\"og:image:height\" content=\"956\" \/>\n\t<meta property=\"og:image:type\" content=\"image\/png\" \/>\n<meta name=\"twitter:card\" content=\"summary_large_image\" \/>\n<meta name=\"twitter:label1\" content=\"Szacowany czas czytania\" \/>\n\t<meta name=\"twitter:data1\" content=\"1 minuta\" \/>\n<script type=\"application\/ld+json\" class=\"yoast-schema-graph\">{\"@context\":\"https:\\\/\\\/schema.org\",\"@graph\":[{\"@type\":\"WebPage\",\"@id\":\"https:\\\/\\\/stvega.net\\\/pl\\\/product\\\/gotowanie-sruby-do-blanszowania-slimakiem-do-warzyw-i-owocow-stovega-blanching-screw-l4600-7000\\\/\",\"url\":\"https:\\\/\\\/stvega.net\\\/pl\\\/product\\\/gotowanie-sruby-do-blanszowania-slimakiem-do-warzyw-i-owocow-stovega-blanching-screw-l4600-7000\\\/\",\"name\":\"Gotowanie \u015bruby do blanszowania \u015blimakiem do warzyw i owoc\u00f3w Stovega Blanching Screw L4600\\\/7000 \u043a\u0443\u043f\u0438\u0442\u0438 \u0437\u0430 \u0432\u0438\u0433\u0456\u0434\u043d\u043e\u044e \u0446\u0456\u043d\u043e\u044e \u0432 \u043c\u0430\u0433\u0430\u0437\u0438\u043d\u0456 STvega\",\"isPartOf\":{\"@id\":\"https:\\\/\\\/stvega.net\\\/pl\\\/#website\"},\"primaryImageOfPage\":{\"@id\":\"https:\\\/\\\/stvega.net\\\/pl\\\/product\\\/gotowanie-sruby-do-blanszowania-slimakiem-do-warzyw-i-owocow-stovega-blanching-screw-l4600-7000\\\/#primaryimage\"},\"image\":{\"@id\":\"https:\\\/\\\/stvega.net\\\/pl\\\/product\\\/gotowanie-sruby-do-blanszowania-slimakiem-do-warzyw-i-owocow-stovega-blanching-screw-l4600-7000\\\/#primaryimage\"},\"thumbnailUrl\":\"https:\\\/\\\/stvega.net\\\/wp-content\\\/uploads\\\/2025\\\/03\\\/varylnyj-blanshuvach-zi-shnekom.png\",\"datePublished\":\"2025-03-11T09:27:35+00:00\",\"dateModified\":\"2026-05-07T10:54:05+00:00\",\"description\":\"Gotowanie \u015bruby do blanszowania \u015blimakiem do warzyw i owoc\u00f3w Stovega Blanching Screw L4600\\\/7000 | \u043a\u0443\u043f\u0438\u0442\u0438 \u0437\u0430 \ud83c\udf1f\u0432\u0438\u0433\u0456\u0434\u043d\u043e\u044e \u0446\u0456\u043d\u043e\u044e \u0432 \u043c\u0430\u0433\u0430\u0437\u0438\u043d\u0456 STvega\",\"breadcrumb\":{\"@id\":\"https:\\\/\\\/stvega.net\\\/pl\\\/product\\\/gotowanie-sruby-do-blanszowania-slimakiem-do-warzyw-i-owocow-stovega-blanching-screw-l4600-7000\\\/#breadcrumb\"},\"inLanguage\":\"pl-PL\",\"potentialAction\":[{\"@type\":\"ReadAction\",\"target\":[\"https:\\\/\\\/stvega.net\\\/pl\\\/product\\\/gotowanie-sruby-do-blanszowania-slimakiem-do-warzyw-i-owocow-stovega-blanching-screw-l4600-7000\\\/\"]}]},{\"@type\":\"ImageObject\",\"inLanguage\":\"pl-PL\",\"@id\":\"https:\\\/\\\/stvega.net\\\/pl\\\/product\\\/gotowanie-sruby-do-blanszowania-slimakiem-do-warzyw-i-owocow-stovega-blanching-screw-l4600-7000\\\/#primaryimage\",\"url\":\"https:\\\/\\\/stvega.net\\\/wp-content\\\/uploads\\\/2025\\\/03\\\/varylnyj-blanshuvach-zi-shnekom.png\",\"contentUrl\":\"https:\\\/\\\/stvega.net\\\/wp-content\\\/uploads\\\/2025\\\/03\\\/varylnyj-blanshuvach-zi-shnekom.png\",\"width\":1947,\"height\":956},{\"@type\":\"BreadcrumbList\",\"@id\":\"https:\\\/\\\/stvega.net\\\/pl\\\/product\\\/gotowanie-sruby-do-blanszowania-slimakiem-do-warzyw-i-owocow-stovega-blanching-screw-l4600-7000\\\/#breadcrumb\",\"itemListElement\":[{\"@type\":\"ListItem\",\"position\":1,\"name\":\"Dom\",\"item\":\"https:\\\/\\\/stvega.net\\\/pl\\\/\"},{\"@type\":\"ListItem\",\"position\":2,\"name\":\"Katalog\",\"item\":\"https:\\\/\\\/stvega.net\\\/katalog\\\/\"},{\"@type\":\"ListItem\",\"position\":3,\"name\":\"Gotowanie \u015bruby do blanszowania \u015blimakiem do warzyw i owoc\u00f3w Stovega Blanching Screw L4600\\\/7000\"}]},{\"@type\":\"WebSite\",\"@id\":\"https:\\\/\\\/stvega.net\\\/pl\\\/#website\",\"url\":\"https:\\\/\\\/stvega.net\\\/pl\\\/\",\"name\":\"STvega\",\"description\":\"\u0445\u0430\u0440\u0447\u043e\u0432\u0435 \u043f\u0440\u043e\u043c\u0438\u0441\u043b\u043e\u0432\u0435 \u043e\u0431\u043b\u0430\u0434\u043d\u0430\u043d\u043d\u044f\",\"publisher\":{\"@id\":\"https:\\\/\\\/stvega.net\\\/pl\\\/#organization\"},\"alternateName\":\"STvega - \u043e\u0432\u043e\u0447\u0435\u0440\u0456\u0437\u043a\u0438, \u0448\u043f\u0438\u0433\u043e\u0440\u0456\u0437\u043a\u0438, \u0441\u043b\u0430\u0439\u0441\u0435\u0440\u0438 \u0442\u0430 \u0456\u043d\u0448\u0435 \u0445\u0430\u0440\u0447\u043e\u0432\u0435 \u043e\u0431\u043b\u0430\u0434\u043d\u0430\u043d\u043d\u044f\",\"potentialAction\":[{\"@type\":\"SearchAction\",\"target\":{\"@type\":\"EntryPoint\",\"urlTemplate\":\"https:\\\/\\\/stvega.net\\\/pl\\\/?s={search_term_string}\"},\"query-input\":{\"@type\":\"PropertyValueSpecification\",\"valueRequired\":true,\"valueName\":\"search_term_string\"}}],\"inLanguage\":\"pl-PL\"},{\"@type\":\"Organization\",\"@id\":\"https:\\\/\\\/stvega.net\\\/pl\\\/#organization\",\"name\":\"STvega \u0425\u0410\u0420\u0427\u041e\u0412\u0415 \u041f\u0420\u041e\u041c\u0418\u0421\u041b\u041e\u0412\u0415 \u041e\u0411\u041b\u0410\u0414\u041d\u0410\u041d\u041d\u042f\",\"alternateName\":\"STvega - \u043e\u0432\u043e\u0447\u0435\u0440\u0456\u0437\u043a\u0438, \u0448\u043f\u0438\u0433\u043e\u0440\u0456\u0437\u043a\u0438, \u0441\u043b\u0430\u0439\u0441\u0435\u0440\u0438 \u0442\u0430 \u0456\u043d\u0448\u0435 \u0445\u0430\u0440\u0447\u043e\u0432\u0435 \u043e\u0431\u043b\u0430\u0434\u043d\u0430\u043d\u043d\u044f\",\"url\":\"https:\\\/\\\/stvega.net\\\/pl\\\/\",\"logo\":{\"@type\":\"ImageObject\",\"inLanguage\":\"pl-PL\",\"@id\":\"https:\\\/\\\/stvega.net\\\/pl\\\/#\\\/schema\\\/logo\\\/image\\\/\",\"url\":\"https:\\\/\\\/stvega.net\\\/wp-content\\\/uploads\\\/2024\\\/03\\\/dyzajn-bez-nazvanyya-1.png\",\"contentUrl\":\"https:\\\/\\\/stvega.net\\\/wp-content\\\/uploads\\\/2024\\\/03\\\/dyzajn-bez-nazvanyya-1.png\",\"width\":180,\"height\":180,\"caption\":\"STvega \u0425\u0410\u0420\u0427\u041e\u0412\u0415 \u041f\u0420\u041e\u041c\u0418\u0421\u041b\u041e\u0412\u0415 \u041e\u0411\u041b\u0410\u0414\u041d\u0410\u041d\u041d\u042f\"},\"image\":{\"@id\":\"https:\\\/\\\/stvega.net\\\/pl\\\/#\\\/schema\\\/logo\\\/image\\\/\"},\"sameAs\":[\"https:\\\/\\\/www.facebook.com\\\/share\\\/9F1B4VxaHAC9E9HB\\\/?mibextid=qi2Omg\"]}]}<\/script>\n<!-- \/ Yoast SEO plugin. -->","yoast_head_json":{"title":"Gotowanie \u015bruby do blanszowania \u015blimakiem do warzyw i owoc\u00f3w Stovega Blanching Screw L4600\/7000 \u043a\u0443\u043f\u0438\u0442\u0438 \u0437\u0430 \u0432\u0438\u0433\u0456\u0434\u043d\u043e\u044e \u0446\u0456\u043d\u043e\u044e \u0432 \u043c\u0430\u0433\u0430\u0437\u0438\u043d\u0456 STvega","description":"Gotowanie \u015bruby do blanszowania \u015blimakiem do warzyw i owoc\u00f3w Stovega Blanching Screw L4600\/7000 | \u043a\u0443\u043f\u0438\u0442\u0438 \u0437\u0430 \ud83c\udf1f\u0432\u0438\u0433\u0456\u0434\u043d\u043e\u044e \u0446\u0456\u043d\u043e\u044e \u0432 \u043c\u0430\u0433\u0430\u0437\u0438\u043d\u0456 STvega","robots":{"index":"index","follow":"follow","max-snippet":"max-snippet:-1","max-image-preview":"max-image-preview:large","max-video-preview":"max-video-preview:-1"},"canonical":"https:\/\/stvega.net\/pl\/product\/gotowanie-sruby-do-blanszowania-slimakiem-do-warzyw-i-owocow-stovega-blanching-screw-l4600-7000\/","og_locale":"pl_PL","og_type":"article","og_title":"Gotowanie \u015bruby do blanszowania \u015blimakiem do warzyw i owoc\u00f3w Stovega Blanching Screw L4600\/7000 \u043a\u0443\u043f\u0438\u0442\u0438 \u0437\u0430 \u0432\u0438\u0433\u0456\u0434\u043d\u043e\u044e \u0446\u0456\u043d\u043e\u044e \u0432 \u043c\u0430\u0433\u0430\u0437\u0438\u043d\u0456 STvega","og_description":"Gotowanie \u015bruby do blanszowania \u015blimakiem do warzyw i owoc\u00f3w Stovega Blanching Screw L4600\/7000 | \u043a\u0443\u043f\u0438\u0442\u0438 \u0437\u0430 \ud83c\udf1f\u0432\u0438\u0433\u0456\u0434\u043d\u043e\u044e \u0446\u0456\u043d\u043e\u044e \u0432 \u043c\u0430\u0433\u0430\u0437\u0438\u043d\u0456 STvega","og_url":"https:\/\/stvega.net\/pl\/product\/gotowanie-sruby-do-blanszowania-slimakiem-do-warzyw-i-owocow-stovega-blanching-screw-l4600-7000\/","og_site_name":"\u0448\u0438\u0440\u043e\u043a\u0438\u0439 \u0430\u0441\u043e\u0440\u0442\u0438\u043c\u0435\u043d\u0442 \u0445\u0430\u0440\u0447\u043e\u0432\u043e\u0433\u043e \u043f\u0440\u043e\u043c\u0438\u0441\u043b\u043e\u0432\u043e\u0433\u043e \u043e\u0431\u043b\u0430\u0434\u043d\u0430\u043d\u043d\u044f \u0434\u043b\u044f \u043f\u0435\u0440\u0435\u0440\u043e\u0431\u043a\u0438 \u043c\u2019\u044f\u0441\u0430, \u043e\u0432\u043e\u0447\u0456\u0432 \u0456 \u0444\u0440\u0443\u043a\u0442\u0456\u0432\u2b50\u0412\u0438\u0433\u0456\u0434\u043d\u0456 \u0446\u0456\u043d\u0438 \ud83e\uddbe\u0412\u0438\u0440\u043e\u0431\u043d\u0438\u0447\u0456 \u043b\u0456\u043d\u0456\u0457 \u043f\u0456\u0434 \u043a\u043b\u044e\u0447\ud83d\ude9a \u0414\u043e\u0441\u0442\u0430\u0432\u043a\u0430 \ud83d\udee0\u0421\u0435\u0440\u0432\u0456\u0441","article_publisher":"https:\/\/www.facebook.com\/share\/9F1B4VxaHAC9E9HB\/?mibextid=qi2Omg","article_modified_time":"2026-05-07T10:54:05+00:00","og_image":[{"width":1947,"height":956,"url":"https:\/\/stvega.net\/wp-content\/uploads\/2025\/03\/varylnyj-blanshuvach-zi-shnekom.png","type":"image\/png"}],"twitter_card":"summary_large_image","twitter_misc":{"Szacowany czas czytania":"1 minuta"},"schema":{"@context":"https:\/\/schema.org","@graph":[{"@type":"WebPage","@id":"https:\/\/stvega.net\/pl\/product\/gotowanie-sruby-do-blanszowania-slimakiem-do-warzyw-i-owocow-stovega-blanching-screw-l4600-7000\/","url":"https:\/\/stvega.net\/pl\/product\/gotowanie-sruby-do-blanszowania-slimakiem-do-warzyw-i-owocow-stovega-blanching-screw-l4600-7000\/","name":"Gotowanie \u015bruby do blanszowania \u015blimakiem do warzyw i owoc\u00f3w Stovega Blanching Screw L4600\/7000 \u043a\u0443\u043f\u0438\u0442\u0438 \u0437\u0430 \u0432\u0438\u0433\u0456\u0434\u043d\u043e\u044e \u0446\u0456\u043d\u043e\u044e \u0432 \u043c\u0430\u0433\u0430\u0437\u0438\u043d\u0456 STvega","isPartOf":{"@id":"https:\/\/stvega.net\/pl\/#website"},"primaryImageOfPage":{"@id":"https:\/\/stvega.net\/pl\/product\/gotowanie-sruby-do-blanszowania-slimakiem-do-warzyw-i-owocow-stovega-blanching-screw-l4600-7000\/#primaryimage"},"image":{"@id":"https:\/\/stvega.net\/pl\/product\/gotowanie-sruby-do-blanszowania-slimakiem-do-warzyw-i-owocow-stovega-blanching-screw-l4600-7000\/#primaryimage"},"thumbnailUrl":"https:\/\/stvega.net\/wp-content\/uploads\/2025\/03\/varylnyj-blanshuvach-zi-shnekom.png","datePublished":"2025-03-11T09:27:35+00:00","dateModified":"2026-05-07T10:54:05+00:00","description":"Gotowanie \u015bruby do blanszowania \u015blimakiem do warzyw i owoc\u00f3w Stovega Blanching Screw L4600\/7000 | \u043a\u0443\u043f\u0438\u0442\u0438 \u0437\u0430 \ud83c\udf1f\u0432\u0438\u0433\u0456\u0434\u043d\u043e\u044e \u0446\u0456\u043d\u043e\u044e \u0432 \u043c\u0430\u0433\u0430\u0437\u0438\u043d\u0456 STvega","breadcrumb":{"@id":"https:\/\/stvega.net\/pl\/product\/gotowanie-sruby-do-blanszowania-slimakiem-do-warzyw-i-owocow-stovega-blanching-screw-l4600-7000\/#breadcrumb"},"inLanguage":"pl-PL","potentialAction":[{"@type":"ReadAction","target":["https:\/\/stvega.net\/pl\/product\/gotowanie-sruby-do-blanszowania-slimakiem-do-warzyw-i-owocow-stovega-blanching-screw-l4600-7000\/"]}]},{"@type":"ImageObject","inLanguage":"pl-PL","@id":"https:\/\/stvega.net\/pl\/product\/gotowanie-sruby-do-blanszowania-slimakiem-do-warzyw-i-owocow-stovega-blanching-screw-l4600-7000\/#primaryimage","url":"https:\/\/stvega.net\/wp-content\/uploads\/2025\/03\/varylnyj-blanshuvach-zi-shnekom.png","contentUrl":"https:\/\/stvega.net\/wp-content\/uploads\/2025\/03\/varylnyj-blanshuvach-zi-shnekom.png","width":1947,"height":956},{"@type":"BreadcrumbList","@id":"https:\/\/stvega.net\/pl\/product\/gotowanie-sruby-do-blanszowania-slimakiem-do-warzyw-i-owocow-stovega-blanching-screw-l4600-7000\/#breadcrumb","itemListElement":[{"@type":"ListItem","position":1,"name":"Dom","item":"https:\/\/stvega.net\/pl\/"},{"@type":"ListItem","position":2,"name":"Katalog","item":"https:\/\/stvega.net\/katalog\/"},{"@type":"ListItem","position":3,"name":"Gotowanie \u015bruby do blanszowania \u015blimakiem do warzyw i owoc\u00f3w Stovega Blanching Screw L4600\/7000"}]},{"@type":"WebSite","@id":"https:\/\/stvega.net\/pl\/#website","url":"https:\/\/stvega.net\/pl\/","name":"STvega","description":"\u0445\u0430\u0440\u0447\u043e\u0432\u0435 \u043f\u0440\u043e\u043c\u0438\u0441\u043b\u043e\u0432\u0435 \u043e\u0431\u043b\u0430\u0434\u043d\u0430\u043d\u043d\u044f","publisher":{"@id":"https:\/\/stvega.net\/pl\/#organization"},"alternateName":"STvega - \u043e\u0432\u043e\u0447\u0435\u0440\u0456\u0437\u043a\u0438, \u0448\u043f\u0438\u0433\u043e\u0440\u0456\u0437\u043a\u0438, \u0441\u043b\u0430\u0439\u0441\u0435\u0440\u0438 \u0442\u0430 \u0456\u043d\u0448\u0435 \u0445\u0430\u0440\u0447\u043e\u0432\u0435 \u043e\u0431\u043b\u0430\u0434\u043d\u0430\u043d\u043d\u044f","potentialAction":[{"@type":"SearchAction","target":{"@type":"EntryPoint","urlTemplate":"https:\/\/stvega.net\/pl\/?s={search_term_string}"},"query-input":{"@type":"PropertyValueSpecification","valueRequired":true,"valueName":"search_term_string"}}],"inLanguage":"pl-PL"},{"@type":"Organization","@id":"https:\/\/stvega.net\/pl\/#organization","name":"STvega \u0425\u0410\u0420\u0427\u041e\u0412\u0415 \u041f\u0420\u041e\u041c\u0418\u0421\u041b\u041e\u0412\u0415 \u041e\u0411\u041b\u0410\u0414\u041d\u0410\u041d\u041d\u042f","alternateName":"STvega - \u043e\u0432\u043e\u0447\u0435\u0440\u0456\u0437\u043a\u0438, \u0448\u043f\u0438\u0433\u043e\u0440\u0456\u0437\u043a\u0438, \u0441\u043b\u0430\u0439\u0441\u0435\u0440\u0438 \u0442\u0430 \u0456\u043d\u0448\u0435 \u0445\u0430\u0440\u0447\u043e\u0432\u0435 \u043e\u0431\u043b\u0430\u0434\u043d\u0430\u043d\u043d\u044f","url":"https:\/\/stvega.net\/pl\/","logo":{"@type":"ImageObject","inLanguage":"pl-PL","@id":"https:\/\/stvega.net\/pl\/#\/schema\/logo\/image\/","url":"https:\/\/stvega.net\/wp-content\/uploads\/2024\/03\/dyzajn-bez-nazvanyya-1.png","contentUrl":"https:\/\/stvega.net\/wp-content\/uploads\/2024\/03\/dyzajn-bez-nazvanyya-1.png","width":180,"height":180,"caption":"STvega \u0425\u0410\u0420\u0427\u041e\u0412\u0415 \u041f\u0420\u041e\u041c\u0418\u0421\u041b\u041e\u0412\u0415 \u041e\u0411\u041b\u0410\u0414\u041d\u0410\u041d\u041d\u042f"},"image":{"@id":"https:\/\/stvega.net\/pl\/#\/schema\/logo\/image\/"},"sameAs":["https:\/\/www.facebook.com\/share\/9F1B4VxaHAC9E9HB\/?mibextid=qi2Omg"]}]}},"_links":{"self":[{"href":"https:\/\/stvega.net\/pl\/wp-json\/wp\/v2\/product\/12079","targetHints":{"allow":["GET"]}}],"collection":[{"href":"https:\/\/stvega.net\/pl\/wp-json\/wp\/v2\/product"}],"about":[{"href":"https:\/\/stvega.net\/pl\/wp-json\/wp\/v2\/types\/product"}],"replies":[{"embeddable":true,"href":"https:\/\/stvega.net\/pl\/wp-json\/wp\/v2\/comments?post=12079"}],"wp:featuredmedia":[{"embeddable":true,"href":"https:\/\/stvega.net\/pl\/wp-json\/wp\/v2\/media\/12091"}],"wp:attachment":[{"href":"https:\/\/stvega.net\/pl\/wp-json\/wp\/v2\/media?parent=12079"}],"wp:term":[{"taxonomy":"product_brand","embeddable":true,"href":"https:\/\/stvega.net\/pl\/wp-json\/wp\/v2\/product_brand?post=12079"},{"taxonomy":"product_cat","embeddable":true,"href":"https:\/\/stvega.net\/pl\/wp-json\/wp\/v2\/product_cat?post=12079"},{"taxonomy":"product_tag","embeddable":true,"href":"https:\/\/stvega.net\/pl\/wp-json\/wp\/v2\/product_tag?post=12079"}],"curies":[{"name":"wp","href":"https:\/\/api.w.org\/{rel}","templated":true}]}}