{"id":12074,"date":"2025-03-13T16:53:44","date_gmt":"2025-03-13T13:53:44","guid":{"rendered":"https:\/\/stvega.net\/product\/siroterka-dlya-myakogo-tipu-siru-stvega-cheese-grinder-h300\/"},"modified":"2025-03-13T16:53:44","modified_gmt":"2025-03-13T13:53:44","slug":"siroterka-dlya-myakogo-tipu-siru-stvega-cheese-grinder-h300","status":"publish","type":"product","link":"https:\/\/stvega.net\/pl\/product\/siroterka-dlya-myakogo-tipu-siru-stvega-cheese-grinder-h300\/","title":{"rendered":"\u0421\u0438\u0440\u043e\u0442\u0435\u0440\u043a\u0430 \u0434\u043b\u044f \u043c&#8217;\u044f\u043a\u043e\u0433\u043e \u0442\u0438\u043f\u0443 \u0441\u0438\u0440\u0443 STvega Cheese Grinder H300"},"content":{"rendered":"<p><span style=\"font-weight: 400;\">Przemys\u0142owa tarka <\/span> do <b>sera STvega Cheese Grinder H300<\/b><span style=\"font-weight: 400;\"> zosta\u0142a zaprojektowana do mielenia i granulowania mi\u0119kkich ser\u00f3w. Konstrukcja maszyny zosta\u0142a zoptymalizowana tak, aby uzyska\u0107 jednorodn\u0105 frakcj\u0119 bez przegrzewania produktu, co jest wa\u017cne dla zachowania jego tekstury. Sprz\u0119t jest zaprojektowany do intensywnego u\u017cytku w przedsi\u0119biorstwach spo\u017cywczych, sernicach i du\u017cych lokalach gastronomicznych.<\/span><\/p>\n<p><b>Zasada dzia\u0142ania<\/b><b>:<\/b><\/p>\n<p><span style=\"font-weight: 400;\">Produkt jest podawany do zasobnika za\u0142adunku, gdzie wchodzi do strefy roboczej za pomoc\u0105 obracaj\u0105cego si\u0119 b\u0119bna. Pod wp\u0142ywem tarcia mechanicznego i wymuszonego wybijania sera przechodzi przez perforowane sito. W zale\u017cno\u015bci od kierunku obrotu i ustawie\u0144 pr\u0119dko\u015bci b\u0119bna, surowce s\u0105 kruszone do stanu jednorodnych ziarnisto\u015bci. Rozmiar u\u0142amku dostosowuje si\u0119 poprzez monta\u017c wymiennych sit o \u015brednicy otworu od 2 do 50 mm. Specjalny projekt uchwytu na n\u00f3\u017c pozwala efektywnie przetwarza\u0107 nawet zgrudzone lub g\u0119ste kawa\u0142ki sera, miel\u0105c je do okre\u015blonego rozmiaru.    <\/span><\/p>\n<p><b>Zalety sprz\u0119tu:<\/b><\/p>\n<ul>\n<li style=\"font-weight: 400;\" aria-level=\"1\"><span style=\"font-weight: 400;\">Kontrola frakcji szlifierskiej polega na mo\u017cliwo\u015bci regulacji pr\u0119dko\u015bci b\u0119bna i szybkiej wymianie ekran\u00f3w kalibracyjnych.<\/span><\/li>\n<li style=\"font-weight: 400;\" aria-level=\"1\"><span style=\"font-weight: 400;\">Minimalizowanie wp\u0142ywu termicznego na surowy materia\u0142 podczas tarcia pozwala zachowa\u0107 w\u0142a\u015bciwo\u015bci fizyczne, chemiczne oraz struktur\u0119 mi\u0119kkiego sera.<\/span><\/li>\n<li style=\"font-weight: 400;\" aria-level=\"1\"><span style=\"font-weight: 400;\">Wysoki moment obrotowy nap\u0119du (2,2 kW) gwarantuje stabilne osi\u0105gi nawet przy pracy z lepkimi serami.<\/span><\/li>\n<li style=\"font-weight: 400;\" aria-level=\"1\"><span style=\"font-weight: 400;\">Konstrukcja ze stali nierdzewnej z wyjmowanym elementem roboczym zapewnia \u0142atwy dost\u0119p do dezynfekcji i czyszczenia.<\/span><\/li>\n<\/ul>\n","protected":false},"excerpt":{"rendered":"<p><span style=\"font-weight: 400;\">Przemys\u0142owa tarka <\/span> do <b>ser\u00f3w STvega Cheese Grinder H300<\/b><span style=\"font-weight: 400;\"> zosta\u0142a zaprojektowana do mielenia i granulowania mi\u0119kkich ser\u00f3w.<\/span><\/p>\n<p><strong>Specyfikacje:<\/strong><\/p>\n<p>[table id=&#8221;319&#8243; \/]<\/p>\n<p><span style=\"color: #0000ff;\"><strong>Unikalno\u015b\u0107 maszyny: <\/strong>wszechstronno\u015b\u0107 zastosowania: odpowiednia nie tylko do mi\u0119kkich ser\u00f3w, ale tak\u017ce do innych produkt\u00f3w masowych lub \u0142atwych do rozkruszenia, co poszerza zakres zastosowania.<\/span><\/p>\n","protected":false},"featured_media":12087,"comment_status":"closed","ping_status":"closed","template":"","meta":{"_acf_changed":false,"inline_featured_image":false},"product_brand":[],"product_cat":[3453,3654],"product_tag":[6251,6247,6255,3871,5529,6249,6262,3870,3872,3873,6259],"class_list":{"0":"post-12074","1":"product","2":"type-product","3":"status-publish","4":"has-post-thumbnail","6":"product_cat-krojenie-i-siekanie","7":"product_cat-ser","8":"product_tag-automatyczne-pocieranie","9":"product_tag-maszyna-do-tarcia-do-sera","10":"product_tag-przetworstwo-produktow-mlecznych","11":"product_tag-przetworstwo-przemyslowe","12":"product_tag-przetworstwo-sera","13":"product_tag-serowa-mieszanka","14":"product_tag-skladniki-do-wcierania","15":"product_tag-sprzet-do-przetwarzania-zywnosci","16":"product_tag-sprzet-przemyslowy","17":"product_tag-technologie-przetwarzania","18":"product_tag-wyroby-serowe","20":"first","21":"instock","22":"shipping-taxable","23":"product-type-simple"},"acf":[],"yoast_head":"<!-- This site is optimized with the Yoast SEO plugin v27.5 - https:\/\/yoast.com\/product\/yoast-seo-wordpress\/ -->\n<title>\u0421\u0438\u0440\u043e\u0442\u0435\u0440\u043a\u0430 \u0434\u043b\u044f \u043c&#039;\u044f\u043a\u043e\u0433\u043e \u0442\u0438\u043f\u0443 \u0441\u0438\u0440\u0443 STvega Cheese Grinder H300 \u043a\u0443\u043f\u0438\u0442\u0438 \u0437\u0430 \u0432\u0438\u0433\u0456\u0434\u043d\u043e\u044e \u0446\u0456\u043d\u043e\u044e \u0432 \u043c\u0430\u0433\u0430\u0437\u0438\u043d\u0456 STvega<\/title>\n<meta name=\"description\" content=\"\u0421\u0438\u0440\u043e\u0442\u0435\u0440\u043a\u0430 \u0434\u043b\u044f \u043c&#039;\u044f\u043a\u043e\u0433\u043e \u0442\u0438\u043f\u0443 \u0441\u0438\u0440\u0443 STvega Cheese Grinder H300 | \u043a\u0443\u043f\u0438\u0442\u0438 \u0437\u0430 \ud83c\udf1f\u0432\u0438\u0433\u0456\u0434\u043d\u043e\u044e \u0446\u0456\u043d\u043e\u044e \u0432 \u043c\u0430\u0433\u0430\u0437\u0438\u043d\u0456 STvega\" \/>\n<meta name=\"robots\" content=\"index, follow, max-snippet:-1, max-image-preview:large, max-video-preview:-1\" \/>\n<link rel=\"canonical\" href=\"https:\/\/stvega.net\/pl\/product\/siroterka-dlya-myakogo-tipu-siru-stvega-cheese-grinder-h300\/\" \/>\n<meta property=\"og:locale\" content=\"pl_PL\" \/>\n<meta property=\"og:type\" content=\"article\" \/>\n<meta property=\"og:title\" content=\"\u0421\u0438\u0440\u043e\u0442\u0435\u0440\u043a\u0430 \u0434\u043b\u044f \u043c&#039;\u044f\u043a\u043e\u0433\u043e \u0442\u0438\u043f\u0443 \u0441\u0438\u0440\u0443 STvega Cheese Grinder H300 \u043a\u0443\u043f\u0438\u0442\u0438 \u0437\u0430 \u0432\u0438\u0433\u0456\u0434\u043d\u043e\u044e \u0446\u0456\u043d\u043e\u044e \u0432 \u043c\u0430\u0433\u0430\u0437\u0438\u043d\u0456 STvega\" \/>\n<meta property=\"og:description\" content=\"\u0421\u0438\u0440\u043e\u0442\u0435\u0440\u043a\u0430 \u0434\u043b\u044f \u043c&#039;\u044f\u043a\u043e\u0433\u043e \u0442\u0438\u043f\u0443 \u0441\u0438\u0440\u0443 STvega Cheese Grinder H300 | \u043a\u0443\u043f\u0438\u0442\u0438 \u0437\u0430 \ud83c\udf1f\u0432\u0438\u0433\u0456\u0434\u043d\u043e\u044e \u0446\u0456\u043d\u043e\u044e \u0432 \u043c\u0430\u0433\u0430\u0437\u0438\u043d\u0456 STvega\" \/>\n<meta property=\"og:url\" content=\"https:\/\/stvega.net\/pl\/product\/siroterka-dlya-myakogo-tipu-siru-stvega-cheese-grinder-h300\/\" \/>\n<meta property=\"og:site_name\" content=\"\u0448\u0438\u0440\u043e\u043a\u0438\u0439 \u0430\u0441\u043e\u0440\u0442\u0438\u043c\u0435\u043d\u0442 \u0445\u0430\u0440\u0447\u043e\u0432\u043e\u0433\u043e \u043f\u0440\u043e\u043c\u0438\u0441\u043b\u043e\u0432\u043e\u0433\u043e \u043e\u0431\u043b\u0430\u0434\u043d\u0430\u043d\u043d\u044f \u0434\u043b\u044f \u043f\u0435\u0440\u0435\u0440\u043e\u0431\u043a\u0438 \u043c\u2019\u044f\u0441\u0430, \u043e\u0432\u043e\u0447\u0456\u0432 \u0456 \u0444\u0440\u0443\u043a\u0442\u0456\u0432\u2b50\u0412\u0438\u0433\u0456\u0434\u043d\u0456 \u0446\u0456\u043d\u0438 \ud83e\uddbe\u0412\u0438\u0440\u043e\u0431\u043d\u0438\u0447\u0456 \u043b\u0456\u043d\u0456\u0457 \u043f\u0456\u0434 \u043a\u043b\u044e\u0447\ud83d\ude9a \u0414\u043e\u0441\u0442\u0430\u0432\u043a\u0430 \ud83d\udee0\u0421\u0435\u0440\u0432\u0456\u0441\" \/>\n<meta property=\"article:publisher\" content=\"https:\/\/www.facebook.com\/share\/9F1B4VxaHAC9E9HB\/?mibextid=qi2Omg\" \/>\n<meta property=\"og:image\" content=\"https:\/\/stvega.net\/wp-content\/uploads\/2025\/03\/stvega-cheese-grinder-300.png\" \/>\n\t<meta property=\"og:image:width\" content=\"590\" \/>\n\t<meta property=\"og:image:height\" content=\"670\" \/>\n\t<meta property=\"og:image:type\" content=\"image\/png\" \/>\n<meta name=\"twitter:card\" content=\"summary_large_image\" \/>\n<meta name=\"twitter:label1\" content=\"Szacowany czas czytania\" \/>\n\t<meta name=\"twitter:data1\" content=\"1 minuta\" \/>\n<script type=\"application\/ld+json\" class=\"yoast-schema-graph\">{\"@context\":\"https:\\\/\\\/schema.org\",\"@graph\":[{\"@type\":\"WebPage\",\"@id\":\"https:\\\/\\\/stvega.net\\\/pl\\\/product\\\/siroterka-dlya-myakogo-tipu-siru-stvega-cheese-grinder-h300\\\/\",\"url\":\"https:\\\/\\\/stvega.net\\\/pl\\\/product\\\/siroterka-dlya-myakogo-tipu-siru-stvega-cheese-grinder-h300\\\/\",\"name\":\"\u0421\u0438\u0440\u043e\u0442\u0435\u0440\u043a\u0430 \u0434\u043b\u044f \u043c'\u044f\u043a\u043e\u0433\u043e \u0442\u0438\u043f\u0443 \u0441\u0438\u0440\u0443 STvega Cheese Grinder H300 \u043a\u0443\u043f\u0438\u0442\u0438 \u0437\u0430 \u0432\u0438\u0433\u0456\u0434\u043d\u043e\u044e \u0446\u0456\u043d\u043e\u044e \u0432 \u043c\u0430\u0433\u0430\u0437\u0438\u043d\u0456 STvega\",\"isPartOf\":{\"@id\":\"https:\\\/\\\/stvega.net\\\/pl\\\/#website\"},\"primaryImageOfPage\":{\"@id\":\"https:\\\/\\\/stvega.net\\\/pl\\\/product\\\/siroterka-dlya-myakogo-tipu-siru-stvega-cheese-grinder-h300\\\/#primaryimage\"},\"image\":{\"@id\":\"https:\\\/\\\/stvega.net\\\/pl\\\/product\\\/siroterka-dlya-myakogo-tipu-siru-stvega-cheese-grinder-h300\\\/#primaryimage\"},\"thumbnailUrl\":\"https:\\\/\\\/stvega.net\\\/wp-content\\\/uploads\\\/2025\\\/03\\\/stvega-cheese-grinder-300.png\",\"datePublished\":\"2025-03-13T13:53:44+00:00\",\"description\":\"\u0421\u0438\u0440\u043e\u0442\u0435\u0440\u043a\u0430 \u0434\u043b\u044f \u043c'\u044f\u043a\u043e\u0433\u043e \u0442\u0438\u043f\u0443 \u0441\u0438\u0440\u0443 STvega Cheese Grinder H300 | \u043a\u0443\u043f\u0438\u0442\u0438 \u0437\u0430 \ud83c\udf1f\u0432\u0438\u0433\u0456\u0434\u043d\u043e\u044e \u0446\u0456\u043d\u043e\u044e \u0432 \u043c\u0430\u0433\u0430\u0437\u0438\u043d\u0456 STvega\",\"breadcrumb\":{\"@id\":\"https:\\\/\\\/stvega.net\\\/pl\\\/product\\\/siroterka-dlya-myakogo-tipu-siru-stvega-cheese-grinder-h300\\\/#breadcrumb\"},\"inLanguage\":\"pl-PL\",\"potentialAction\":[{\"@type\":\"ReadAction\",\"target\":[\"https:\\\/\\\/stvega.net\\\/pl\\\/product\\\/siroterka-dlya-myakogo-tipu-siru-stvega-cheese-grinder-h300\\\/\"]}]},{\"@type\":\"ImageObject\",\"inLanguage\":\"pl-PL\",\"@id\":\"https:\\\/\\\/stvega.net\\\/pl\\\/product\\\/siroterka-dlya-myakogo-tipu-siru-stvega-cheese-grinder-h300\\\/#primaryimage\",\"url\":\"https:\\\/\\\/stvega.net\\\/wp-content\\\/uploads\\\/2025\\\/03\\\/stvega-cheese-grinder-300.png\",\"contentUrl\":\"https:\\\/\\\/stvega.net\\\/wp-content\\\/uploads\\\/2025\\\/03\\\/stvega-cheese-grinder-300.png\",\"width\":590,\"height\":670},{\"@type\":\"BreadcrumbList\",\"@id\":\"https:\\\/\\\/stvega.net\\\/pl\\\/product\\\/siroterka-dlya-myakogo-tipu-siru-stvega-cheese-grinder-h300\\\/#breadcrumb\",\"itemListElement\":[{\"@type\":\"ListItem\",\"position\":1,\"name\":\"Dom\",\"item\":\"https:\\\/\\\/stvega.net\\\/pl\\\/\"},{\"@type\":\"ListItem\",\"position\":2,\"name\":\"Katalog\",\"item\":\"https:\\\/\\\/stvega.net\\\/katalog\\\/\"},{\"@type\":\"ListItem\",\"position\":3,\"name\":\"\u0421\u0438\u0440\u043e\u0442\u0435\u0440\u043a\u0430 \u0434\u043b\u044f \u043c&#8217;\u044f\u043a\u043e\u0433\u043e \u0442\u0438\u043f\u0443 \u0441\u0438\u0440\u0443 STvega Cheese Grinder H300\"}]},{\"@type\":\"WebSite\",\"@id\":\"https:\\\/\\\/stvega.net\\\/pl\\\/#website\",\"url\":\"https:\\\/\\\/stvega.net\\\/pl\\\/\",\"name\":\"STvega\",\"description\":\"\u0445\u0430\u0440\u0447\u043e\u0432\u0435 \u043f\u0440\u043e\u043c\u0438\u0441\u043b\u043e\u0432\u0435 \u043e\u0431\u043b\u0430\u0434\u043d\u0430\u043d\u043d\u044f\",\"publisher\":{\"@id\":\"https:\\\/\\\/stvega.net\\\/pl\\\/#organization\"},\"alternateName\":\"STvega - \u043e\u0432\u043e\u0447\u0435\u0440\u0456\u0437\u043a\u0438, \u0448\u043f\u0438\u0433\u043e\u0440\u0456\u0437\u043a\u0438, \u0441\u043b\u0430\u0439\u0441\u0435\u0440\u0438 \u0442\u0430 \u0456\u043d\u0448\u0435 \u0445\u0430\u0440\u0447\u043e\u0432\u0435 \u043e\u0431\u043b\u0430\u0434\u043d\u0430\u043d\u043d\u044f\",\"potentialAction\":[{\"@type\":\"SearchAction\",\"target\":{\"@type\":\"EntryPoint\",\"urlTemplate\":\"https:\\\/\\\/stvega.net\\\/pl\\\/?s={search_term_string}\"},\"query-input\":{\"@type\":\"PropertyValueSpecification\",\"valueRequired\":true,\"valueName\":\"search_term_string\"}}],\"inLanguage\":\"pl-PL\"},{\"@type\":\"Organization\",\"@id\":\"https:\\\/\\\/stvega.net\\\/pl\\\/#organization\",\"name\":\"STvega \u0425\u0410\u0420\u0427\u041e\u0412\u0415 \u041f\u0420\u041e\u041c\u0418\u0421\u041b\u041e\u0412\u0415 \u041e\u0411\u041b\u0410\u0414\u041d\u0410\u041d\u041d\u042f\",\"alternateName\":\"STvega - \u043e\u0432\u043e\u0447\u0435\u0440\u0456\u0437\u043a\u0438, \u0448\u043f\u0438\u0433\u043e\u0440\u0456\u0437\u043a\u0438, \u0441\u043b\u0430\u0439\u0441\u0435\u0440\u0438 \u0442\u0430 \u0456\u043d\u0448\u0435 \u0445\u0430\u0440\u0447\u043e\u0432\u0435 \u043e\u0431\u043b\u0430\u0434\u043d\u0430\u043d\u043d\u044f\",\"url\":\"https:\\\/\\\/stvega.net\\\/pl\\\/\",\"logo\":{\"@type\":\"ImageObject\",\"inLanguage\":\"pl-PL\",\"@id\":\"https:\\\/\\\/stvega.net\\\/pl\\\/#\\\/schema\\\/logo\\\/image\\\/\",\"url\":\"https:\\\/\\\/stvega.net\\\/wp-content\\\/uploads\\\/2024\\\/03\\\/dyzajn-bez-nazvanyya-1.png\",\"contentUrl\":\"https:\\\/\\\/stvega.net\\\/wp-content\\\/uploads\\\/2024\\\/03\\\/dyzajn-bez-nazvanyya-1.png\",\"width\":180,\"height\":180,\"caption\":\"STvega \u0425\u0410\u0420\u0427\u041e\u0412\u0415 \u041f\u0420\u041e\u041c\u0418\u0421\u041b\u041e\u0412\u0415 \u041e\u0411\u041b\u0410\u0414\u041d\u0410\u041d\u041d\u042f\"},\"image\":{\"@id\":\"https:\\\/\\\/stvega.net\\\/pl\\\/#\\\/schema\\\/logo\\\/image\\\/\"},\"sameAs\":[\"https:\\\/\\\/www.facebook.com\\\/share\\\/9F1B4VxaHAC9E9HB\\\/?mibextid=qi2Omg\"]}]}<\/script>\n<!-- \/ Yoast SEO plugin. -->","yoast_head_json":{"title":"\u0421\u0438\u0440\u043e\u0442\u0435\u0440\u043a\u0430 \u0434\u043b\u044f \u043c'\u044f\u043a\u043e\u0433\u043e \u0442\u0438\u043f\u0443 \u0441\u0438\u0440\u0443 STvega Cheese Grinder H300 \u043a\u0443\u043f\u0438\u0442\u0438 \u0437\u0430 \u0432\u0438\u0433\u0456\u0434\u043d\u043e\u044e \u0446\u0456\u043d\u043e\u044e \u0432 \u043c\u0430\u0433\u0430\u0437\u0438\u043d\u0456 STvega","description":"\u0421\u0438\u0440\u043e\u0442\u0435\u0440\u043a\u0430 \u0434\u043b\u044f \u043c'\u044f\u043a\u043e\u0433\u043e \u0442\u0438\u043f\u0443 \u0441\u0438\u0440\u0443 STvega Cheese Grinder H300 | \u043a\u0443\u043f\u0438\u0442\u0438 \u0437\u0430 \ud83c\udf1f\u0432\u0438\u0433\u0456\u0434\u043d\u043e\u044e \u0446\u0456\u043d\u043e\u044e \u0432 \u043c\u0430\u0433\u0430\u0437\u0438\u043d\u0456 STvega","robots":{"index":"index","follow":"follow","max-snippet":"max-snippet:-1","max-image-preview":"max-image-preview:large","max-video-preview":"max-video-preview:-1"},"canonical":"https:\/\/stvega.net\/pl\/product\/siroterka-dlya-myakogo-tipu-siru-stvega-cheese-grinder-h300\/","og_locale":"pl_PL","og_type":"article","og_title":"\u0421\u0438\u0440\u043e\u0442\u0435\u0440\u043a\u0430 \u0434\u043b\u044f \u043c'\u044f\u043a\u043e\u0433\u043e \u0442\u0438\u043f\u0443 \u0441\u0438\u0440\u0443 STvega Cheese Grinder H300 \u043a\u0443\u043f\u0438\u0442\u0438 \u0437\u0430 \u0432\u0438\u0433\u0456\u0434\u043d\u043e\u044e \u0446\u0456\u043d\u043e\u044e \u0432 \u043c\u0430\u0433\u0430\u0437\u0438\u043d\u0456 STvega","og_description":"\u0421\u0438\u0440\u043e\u0442\u0435\u0440\u043a\u0430 \u0434\u043b\u044f \u043c'\u044f\u043a\u043e\u0433\u043e \u0442\u0438\u043f\u0443 \u0441\u0438\u0440\u0443 STvega Cheese Grinder H300 | \u043a\u0443\u043f\u0438\u0442\u0438 \u0437\u0430 \ud83c\udf1f\u0432\u0438\u0433\u0456\u0434\u043d\u043e\u044e \u0446\u0456\u043d\u043e\u044e \u0432 \u043c\u0430\u0433\u0430\u0437\u0438\u043d\u0456 STvega","og_url":"https:\/\/stvega.net\/pl\/product\/siroterka-dlya-myakogo-tipu-siru-stvega-cheese-grinder-h300\/","og_site_name":"\u0448\u0438\u0440\u043e\u043a\u0438\u0439 \u0430\u0441\u043e\u0440\u0442\u0438\u043c\u0435\u043d\u0442 \u0445\u0430\u0440\u0447\u043e\u0432\u043e\u0433\u043e \u043f\u0440\u043e\u043c\u0438\u0441\u043b\u043e\u0432\u043e\u0433\u043e \u043e\u0431\u043b\u0430\u0434\u043d\u0430\u043d\u043d\u044f \u0434\u043b\u044f \u043f\u0435\u0440\u0435\u0440\u043e\u0431\u043a\u0438 \u043c\u2019\u044f\u0441\u0430, \u043e\u0432\u043e\u0447\u0456\u0432 \u0456 \u0444\u0440\u0443\u043a\u0442\u0456\u0432\u2b50\u0412\u0438\u0433\u0456\u0434\u043d\u0456 \u0446\u0456\u043d\u0438 \ud83e\uddbe\u0412\u0438\u0440\u043e\u0431\u043d\u0438\u0447\u0456 \u043b\u0456\u043d\u0456\u0457 \u043f\u0456\u0434 \u043a\u043b\u044e\u0447\ud83d\ude9a \u0414\u043e\u0441\u0442\u0430\u0432\u043a\u0430 \ud83d\udee0\u0421\u0435\u0440\u0432\u0456\u0441","article_publisher":"https:\/\/www.facebook.com\/share\/9F1B4VxaHAC9E9HB\/?mibextid=qi2Omg","og_image":[{"width":590,"height":670,"url":"https:\/\/stvega.net\/wp-content\/uploads\/2025\/03\/stvega-cheese-grinder-300.png","type":"image\/png"}],"twitter_card":"summary_large_image","twitter_misc":{"Szacowany czas czytania":"1 minuta"},"schema":{"@context":"https:\/\/schema.org","@graph":[{"@type":"WebPage","@id":"https:\/\/stvega.net\/pl\/product\/siroterka-dlya-myakogo-tipu-siru-stvega-cheese-grinder-h300\/","url":"https:\/\/stvega.net\/pl\/product\/siroterka-dlya-myakogo-tipu-siru-stvega-cheese-grinder-h300\/","name":"\u0421\u0438\u0440\u043e\u0442\u0435\u0440\u043a\u0430 \u0434\u043b\u044f \u043c'\u044f\u043a\u043e\u0433\u043e \u0442\u0438\u043f\u0443 \u0441\u0438\u0440\u0443 STvega Cheese Grinder H300 \u043a\u0443\u043f\u0438\u0442\u0438 \u0437\u0430 \u0432\u0438\u0433\u0456\u0434\u043d\u043e\u044e \u0446\u0456\u043d\u043e\u044e \u0432 \u043c\u0430\u0433\u0430\u0437\u0438\u043d\u0456 STvega","isPartOf":{"@id":"https:\/\/stvega.net\/pl\/#website"},"primaryImageOfPage":{"@id":"https:\/\/stvega.net\/pl\/product\/siroterka-dlya-myakogo-tipu-siru-stvega-cheese-grinder-h300\/#primaryimage"},"image":{"@id":"https:\/\/stvega.net\/pl\/product\/siroterka-dlya-myakogo-tipu-siru-stvega-cheese-grinder-h300\/#primaryimage"},"thumbnailUrl":"https:\/\/stvega.net\/wp-content\/uploads\/2025\/03\/stvega-cheese-grinder-300.png","datePublished":"2025-03-13T13:53:44+00:00","description":"\u0421\u0438\u0440\u043e\u0442\u0435\u0440\u043a\u0430 \u0434\u043b\u044f \u043c'\u044f\u043a\u043e\u0433\u043e \u0442\u0438\u043f\u0443 \u0441\u0438\u0440\u0443 STvega Cheese Grinder H300 | \u043a\u0443\u043f\u0438\u0442\u0438 \u0437\u0430 \ud83c\udf1f\u0432\u0438\u0433\u0456\u0434\u043d\u043e\u044e \u0446\u0456\u043d\u043e\u044e \u0432 \u043c\u0430\u0433\u0430\u0437\u0438\u043d\u0456 STvega","breadcrumb":{"@id":"https:\/\/stvega.net\/pl\/product\/siroterka-dlya-myakogo-tipu-siru-stvega-cheese-grinder-h300\/#breadcrumb"},"inLanguage":"pl-PL","potentialAction":[{"@type":"ReadAction","target":["https:\/\/stvega.net\/pl\/product\/siroterka-dlya-myakogo-tipu-siru-stvega-cheese-grinder-h300\/"]}]},{"@type":"ImageObject","inLanguage":"pl-PL","@id":"https:\/\/stvega.net\/pl\/product\/siroterka-dlya-myakogo-tipu-siru-stvega-cheese-grinder-h300\/#primaryimage","url":"https:\/\/stvega.net\/wp-content\/uploads\/2025\/03\/stvega-cheese-grinder-300.png","contentUrl":"https:\/\/stvega.net\/wp-content\/uploads\/2025\/03\/stvega-cheese-grinder-300.png","width":590,"height":670},{"@type":"BreadcrumbList","@id":"https:\/\/stvega.net\/pl\/product\/siroterka-dlya-myakogo-tipu-siru-stvega-cheese-grinder-h300\/#breadcrumb","itemListElement":[{"@type":"ListItem","position":1,"name":"Dom","item":"https:\/\/stvega.net\/pl\/"},{"@type":"ListItem","position":2,"name":"Katalog","item":"https:\/\/stvega.net\/katalog\/"},{"@type":"ListItem","position":3,"name":"\u0421\u0438\u0440\u043e\u0442\u0435\u0440\u043a\u0430 \u0434\u043b\u044f \u043c&#8217;\u044f\u043a\u043e\u0433\u043e \u0442\u0438\u043f\u0443 \u0441\u0438\u0440\u0443 STvega Cheese Grinder H300"}]},{"@type":"WebSite","@id":"https:\/\/stvega.net\/pl\/#website","url":"https:\/\/stvega.net\/pl\/","name":"STvega","description":"\u0445\u0430\u0440\u0447\u043e\u0432\u0435 \u043f\u0440\u043e\u043c\u0438\u0441\u043b\u043e\u0432\u0435 \u043e\u0431\u043b\u0430\u0434\u043d\u0430\u043d\u043d\u044f","publisher":{"@id":"https:\/\/stvega.net\/pl\/#organization"},"alternateName":"STvega - \u043e\u0432\u043e\u0447\u0435\u0440\u0456\u0437\u043a\u0438, \u0448\u043f\u0438\u0433\u043e\u0440\u0456\u0437\u043a\u0438, \u0441\u043b\u0430\u0439\u0441\u0435\u0440\u0438 \u0442\u0430 \u0456\u043d\u0448\u0435 \u0445\u0430\u0440\u0447\u043e\u0432\u0435 \u043e\u0431\u043b\u0430\u0434\u043d\u0430\u043d\u043d\u044f","potentialAction":[{"@type":"SearchAction","target":{"@type":"EntryPoint","urlTemplate":"https:\/\/stvega.net\/pl\/?s={search_term_string}"},"query-input":{"@type":"PropertyValueSpecification","valueRequired":true,"valueName":"search_term_string"}}],"inLanguage":"pl-PL"},{"@type":"Organization","@id":"https:\/\/stvega.net\/pl\/#organization","name":"STvega \u0425\u0410\u0420\u0427\u041e\u0412\u0415 \u041f\u0420\u041e\u041c\u0418\u0421\u041b\u041e\u0412\u0415 \u041e\u0411\u041b\u0410\u0414\u041d\u0410\u041d\u041d\u042f","alternateName":"STvega - \u043e\u0432\u043e\u0447\u0435\u0440\u0456\u0437\u043a\u0438, \u0448\u043f\u0438\u0433\u043e\u0440\u0456\u0437\u043a\u0438, \u0441\u043b\u0430\u0439\u0441\u0435\u0440\u0438 \u0442\u0430 \u0456\u043d\u0448\u0435 \u0445\u0430\u0440\u0447\u043e\u0432\u0435 \u043e\u0431\u043b\u0430\u0434\u043d\u0430\u043d\u043d\u044f","url":"https:\/\/stvega.net\/pl\/","logo":{"@type":"ImageObject","inLanguage":"pl-PL","@id":"https:\/\/stvega.net\/pl\/#\/schema\/logo\/image\/","url":"https:\/\/stvega.net\/wp-content\/uploads\/2024\/03\/dyzajn-bez-nazvanyya-1.png","contentUrl":"https:\/\/stvega.net\/wp-content\/uploads\/2024\/03\/dyzajn-bez-nazvanyya-1.png","width":180,"height":180,"caption":"STvega \u0425\u0410\u0420\u0427\u041e\u0412\u0415 \u041f\u0420\u041e\u041c\u0418\u0421\u041b\u041e\u0412\u0415 \u041e\u0411\u041b\u0410\u0414\u041d\u0410\u041d\u041d\u042f"},"image":{"@id":"https:\/\/stvega.net\/pl\/#\/schema\/logo\/image\/"},"sameAs":["https:\/\/www.facebook.com\/share\/9F1B4VxaHAC9E9HB\/?mibextid=qi2Omg"]}]}},"_links":{"self":[{"href":"https:\/\/stvega.net\/pl\/wp-json\/wp\/v2\/product\/12074","targetHints":{"allow":["GET"]}}],"collection":[{"href":"https:\/\/stvega.net\/pl\/wp-json\/wp\/v2\/product"}],"about":[{"href":"https:\/\/stvega.net\/pl\/wp-json\/wp\/v2\/types\/product"}],"replies":[{"embeddable":true,"href":"https:\/\/stvega.net\/pl\/wp-json\/wp\/v2\/comments?post=12074"}],"wp:featuredmedia":[{"embeddable":true,"href":"https:\/\/stvega.net\/pl\/wp-json\/wp\/v2\/media\/12087"}],"wp:attachment":[{"href":"https:\/\/stvega.net\/pl\/wp-json\/wp\/v2\/media?parent=12074"}],"wp:term":[{"taxonomy":"product_brand","embeddable":true,"href":"https:\/\/stvega.net\/pl\/wp-json\/wp\/v2\/product_brand?post=12074"},{"taxonomy":"product_cat","embeddable":true,"href":"https:\/\/stvega.net\/pl\/wp-json\/wp\/v2\/product_cat?post=12074"},{"taxonomy":"product_tag","embeddable":true,"href":"https:\/\/stvega.net\/pl\/wp-json\/wp\/v2\/product_tag?post=12074"}],"curies":[{"name":"wp","href":"https:\/\/api.w.org\/{rel}","templated":true}]}}