{"id":11957,"date":"2024-12-04T12:49:52","date_gmt":"2024-12-04T09:49:52","guid":{"rendered":"https:\/\/stvega.net\/product\/stvega-pralka-do-ryzu-produkty-luzowe-stvega-rice-washing-h500\/"},"modified":"2024-12-04T12:49:52","modified_gmt":"2024-12-04T09:49:52","slug":"stvega-pralka-do-ryzu-produkty-luzowe-stvega-rice-washing-h500","status":"publish","type":"product","link":"https:\/\/stvega.net\/pl\/product\/stvega-pralka-do-ryzu-produkty-luzowe-stvega-rice-washing-h500\/","title":{"rendered":"Stvega pralka do ry\u017cu (produkty luzowe) STvega Rice Washing H500"},"content":{"rendered":"<p><strong><b>Pralka do ry\u017cu STvega H500<\/b><\/strong><strong> <\/strong>Jest przeznaczony do mycia upraw zbo\u017cowych takich jak: ry\u017c, groch, fasola, j\u0119czmie\u0144, sezam, pszenica itp., przy u\u017cyciu bie\u017c\u0105cej wody pod ci\u015bnieniem, usuwaj\u0105c drobne kamienie, piasek, kurz i inne obce zanieczyszczenia.<\/p>\n<p><strong> <\/strong><\/p>\n<p><strong>Zasada dzia\u0142ania:<\/strong><\/p>\n<p>Pocz\u0105tkowy surowec jest za\u0142adowywany do zalewa odbiorczego z otworem na dnie, do kt\u00f3rego dostarczana jest woda. Produkt z strumieniem wody opada na pierwszy (piaszczysty) separator, gdzie usuwane s\u0105 kamienie i inne sta\u0142e zanieczyszczenia, kt\u00f3re s\u0105 odprowadzane wod\u0105 do osobnej tacy i przesiewane na kratce. Nast\u0119pnie produkt trafia do drugiego (p\u0142ywaj\u0105cego) separatora, gdzie podczas mycia usuwane s\u0105 drobne i lekkie zanieczyszczenia, kt\u00f3re unosz\u0105 si\u0119 na powierzchni\u0119 wody i s\u0105 r\u00f3wnie\u017c odprowadzane do osobnej tacy. Zbo\u017ca wyp\u0142ukane, z strumieniem wody przez rur\u0119 wylotow\u0105, trafiaj\u0105 do zasobnika, gdzie woda jest filtrowana przez dno za pomoc\u0105 kratki, po czym operator kieruje gotowy produkt do kolejnego etapu przetwarzania.   <\/p>\n<p><strong>Zalety sprz\u0119tu:<\/strong><\/p>\n<ul>\n<li>Zwi\u0119kszona obj\u0119to\u015b\u0107 zasobnika odbiorczego dla wi\u0119kszego jednorazowego za\u0142adunku produktu.<\/li>\n<li>Dzi\u0119ki dw\u00f3m r\u00f3\u017cnym separatorom produkt jest dodatkowo oczyszczany z wielu szkodliwych zanieczyszcze\u0144 podczas prania.<\/li>\n<li>Maszyna wykonana jest z wysokiej jako\u015bci stali nierdzewnej, niezawodna i trwa\u0142a w u\u017cyciu, w pe\u0142ni spe\u0142nia normy bezpiecze\u0144stwa \u017cywno\u015bci.<\/li>\n<\/ul>\n<p><strong>Wideo o sprz\u0119cie:<\/strong><\/p>\n\t<div class=\"section video\">\n\t\t<div class=\"row\">\n\t\t\t\t\t\t\t\t\t\t\t\t<div class=\"col-md-4 col-12\">\n\t\t\t\t\t\t<div class=\"container-lazyload preview-lazyload container-youtube js-lazyload--not-loaded\"><a href=\"https:\/\/www.youtube.com\/watch?v=LK_YI-xfmj8\" class=\"lazy-load-youtube preview-lazyload preview-youtube\" data-video-title=\"\u041f\u0440\u043e\u043c\u0438\u0441\u043b\u043e\u0432\u0430 \u043c\u0430\u0448\u0438\u043d\u0430 STvega Rice Washing H500 - \u043f\u0440\u0438\u0437\u043d\u0430\u0447\u0435\u043d\u0430 \u0434\u043b\u044f \u043f\u0440\u043e\u043c\u0438\u0432\u0430\u043d\u043d\u044f \u0440\u0438\u0441\u0443 \u0442\u0430 \u0456\u043d\u0448\u0438\u0445 \u043a\u0440\u0443\u043f\" title=\"Play video &quot;\u041f\u0440\u043e\u043c\u0438\u0441\u043b\u043e\u0432\u0430 \u043c\u0430\u0448\u0438\u043d\u0430 STvega Rice Washing H500 - \u043f\u0440\u0438\u0437\u043d\u0430\u0447\u0435\u043d\u0430 \u0434\u043b\u044f \u043f\u0440\u043e\u043c\u0438\u0432\u0430\u043d\u043d\u044f \u0440\u0438\u0441\u0443 \u0442\u0430 \u0456\u043d\u0448\u0438\u0445 \u043a\u0440\u0443\u043f&quot;\">https:\/\/www.youtube.com\/watch?v=LK_YI-xfmj8<\/a><noscript>Video can&#8217;t be loaded because JavaScript is disabled: <a href=\"https:\/\/www.youtube.com\/watch?v=LK_YI-xfmj8\" title=\"\u041f\u0440\u043e\u043c\u0438\u0441\u043b\u043e\u0432\u0430 \u043c\u0430\u0448\u0438\u043d\u0430 STvega Rice Washing H500 - \u043f\u0440\u0438\u0437\u043d\u0430\u0447\u0435\u043d\u0430 \u0434\u043b\u044f \u043f\u0440\u043e\u043c\u0438\u0432\u0430\u043d\u043d\u044f \u0440\u0438\u0441\u0443 \u0442\u0430 \u0456\u043d\u0448\u0438\u0445 \u043a\u0440\u0443\u043f\">\u041f\u0440\u043e\u043c\u0438\u0441\u043b\u043e\u0432\u0430 \u043c\u0430\u0448\u0438\u043d\u0430 STvega Rice Washing H500 &#8211; \u043f\u0440\u0438\u0437\u043d\u0430\u0447\u0435\u043d\u0430 \u0434\u043b\u044f \u043f\u0440\u043e\u043c\u0438\u0432\u0430\u043d\u043d\u044f \u0440\u0438\u0441\u0443 \u0442\u0430 \u0456\u043d\u0448\u0438\u0445 \u043a\u0440\u0443\u043f (https:\/\/www.youtube.com\/watch?v=LK_YI-xfmj8)<\/a><\/noscript><\/div>\n\t\t\t\t\t<\/div>\n\t\t\t\t\t\t\t\t\t<div class=\"col-md-4 col-12\">\n\t\t\t\t\t\t<div class=\"container-lazyload preview-lazyload container-youtube js-lazyload--not-loaded\"><a href=\"https:\/\/www.youtube.com\/watch?v=STyyTfbuusQ\" class=\"lazy-load-youtube preview-lazyload preview-youtube\" data-video-title=\"\u041f\u0440\u043e\u043c\u0438\u0441\u043b\u043e\u0432\u0430 \u043c\u0430\u0448\u0438\u043d\u0430 \u0434\u043b\u044f \u043f\u0440\u043e\u043c\u0438\u0432\u0430\u043d\u043d\u044f \u0440\u0438\u0441\u0443, \u044f\u0447\u043c\u0435\u043d\u044f, \u0433\u043e\u0440\u043e\u0445\u0443, \u043f\u0448\u0435\u043d\u0438\u0446\u0456 \u0442\u0430 \u0456\u043d\u0448\u0438\u0445 - STvega Rice Washing H500\" title=\"Play video &quot;\u041f\u0440\u043e\u043c\u0438\u0441\u043b\u043e\u0432\u0430 \u043c\u0430\u0448\u0438\u043d\u0430 \u0434\u043b\u044f \u043f\u0440\u043e\u043c\u0438\u0432\u0430\u043d\u043d\u044f \u0440\u0438\u0441\u0443, \u044f\u0447\u043c\u0435\u043d\u044f, \u0433\u043e\u0440\u043e\u0445\u0443, \u043f\u0448\u0435\u043d\u0438\u0446\u0456 \u0442\u0430 \u0456\u043d\u0448\u0438\u0445 - STvega Rice Washing H500&quot;\">https:\/\/www.youtube.com\/watch?v=STyyTfbuusQ<\/a><noscript>Video can&#8217;t be loaded because JavaScript is disabled: <a href=\"https:\/\/www.youtube.com\/watch?v=STyyTfbuusQ\" title=\"\u041f\u0440\u043e\u043c\u0438\u0441\u043b\u043e\u0432\u0430 \u043c\u0430\u0448\u0438\u043d\u0430 \u0434\u043b\u044f \u043f\u0440\u043e\u043c\u0438\u0432\u0430\u043d\u043d\u044f \u0440\u0438\u0441\u0443, \u044f\u0447\u043c\u0435\u043d\u044f, \u0433\u043e\u0440\u043e\u0445\u0443, \u043f\u0448\u0435\u043d\u0438\u0446\u0456 \u0442\u0430 \u0456\u043d\u0448\u0438\u0445 - STvega Rice Washing H500\">\u041f\u0440\u043e\u043c\u0438\u0441\u043b\u043e\u0432\u0430 \u043c\u0430\u0448\u0438\u043d\u0430 \u0434\u043b\u044f \u043f\u0440\u043e\u043c\u0438\u0432\u0430\u043d\u043d\u044f \u0440\u0438\u0441\u0443, \u044f\u0447\u043c\u0435\u043d\u044f, \u0433\u043e\u0440\u043e\u0445\u0443, \u043f\u0448\u0435\u043d\u0438\u0446\u0456 \u0442\u0430 \u0456\u043d\u0448\u0438\u0445 &#8211; STvega Rice Washing H500 (https:\/\/www.youtube.com\/watch?v=STyyTfbuusQ)<\/a><\/noscript><\/div>\n\t\t\t\t\t<\/div>\n\t\t\t\t\t\t\t\t\t<\/div>\n\t<\/div>\n\t\t","protected":false},"excerpt":{"rendered":"<p>Maszyna <strong> <\/strong><strong><b>STvega Rice Washing H500<\/b><\/strong> zosta\u0142a zaprojektowana do mycia ro\u015blin zbo\u017cowych, takich jak: ry\u017c, groch, fasola, j\u0119czmie\u0144, sezam, pszenica i inne produkty luzowe, przy u\u017cyciu bie\u017c\u0105cej wody pod ci\u015bnieniem, usuwaj\u0105c drobne kamienie, piasek, kurz i inne obce zanieczyszczenia.<\/p>\n<p><strong>Specyfikacje: <\/strong><\/p>\n<p>[table id=&#8221;300&#8243; \/]<\/p>\n<p><span style=\"color: #0000ff;\"><strong>Unikalno\u015b\u0107 urz\u0105dzenia: <\/strong>Znacz\u0105ce oszcz\u0119dno\u015bci wody podczas pracy maszyny dzi\u0119ki zamkni\u0119temu systemowi ruroci\u0105gowemu.<\/span><\/p>\n<p>&nbsp;<\/p>\n","protected":false},"featured_media":11984,"comment_status":"closed","ping_status":"closed","template":"","meta":{"_acf_changed":false,"inline_featured_image":false},"product_brand":[],"product_cat":[3614,3613],"product_tag":[5508,6094,5410,6101,6086,6082,6124,6111,6097,6116,6090,6104,6128,6075,5506,6126,6079,6114,3870,3872,6120,6107],"class_list":{"0":"post-11957","1":"product","2":"type-product","3":"status-publish","4":"has-post-thumbnail","6":"product_cat-pralki-i-maszyny-czystosci","7":"product_cat-pranie-i-czyszczenie","8":"product_tag-automatyczna-myjnia-samochodowa","9":"product_tag-automatyczne-plukanie-ryzu","10":"product_tag-czyszczenie-przemyslowe","11":"product_tag-instalacja-do-przygotowywania-ryzu","12":"product_tag-linia-do-mycia-ryzu","13":"product_tag-maszyna-do-obierania-ryzu","14":"product_tag-mycie-platkow-sniadaniowych","15":"product_tag-mycie-ryzu","16":"product_tag-mycie-ryzu-do-produkcji","17":"product_tag-obieranie-ryzu","18":"product_tag-pralka-do-platkow","19":"product_tag-pralka-do-platkow-sniadaniowych","20":"product_tag-pralka-do-produktow-luzowych","21":"product_tag-pralka-do-ryzu","22":"product_tag-pralka-i-pralka-czystajaca","23":"product_tag-przetworstwo-ryzu","24":"product_tag-sprzet-do-mycia-ryzu","25":"product_tag-sprzet-do-przetwarzania-ryzu","26":"product_tag-sprzet-do-przetwarzania-zywnosci","27":"product_tag-sprzet-przemyslowy","28":"product_tag-technologia-przetwarzania-ryzu","29":"product_tag-zlew-ryzu","31":"first","32":"instock","33":"shipping-taxable","34":"product-type-simple"},"acf":[],"yoast_head":"<!-- This site is optimized with the Yoast SEO plugin v27.5 - https:\/\/yoast.com\/product\/yoast-seo-wordpress\/ -->\n<title>Stvega pralka do ry\u017cu (produkty luzowe) STvega Rice Washing H500 \u043a\u0443\u043f\u0438\u0442\u0438 \u0437\u0430 \u0432\u0438\u0433\u0456\u0434\u043d\u043e\u044e \u0446\u0456\u043d\u043e\u044e \u0432 \u043c\u0430\u0433\u0430\u0437\u0438\u043d\u0456 STvega<\/title>\n<meta name=\"description\" content=\"Stvega pralka do ry\u017cu (produkty luzowe) STvega Rice Washing H500 | \u043a\u0443\u043f\u0438\u0442\u0438 \u0437\u0430 \ud83c\udf1f\u0432\u0438\u0433\u0456\u0434\u043d\u043e\u044e \u0446\u0456\u043d\u043e\u044e \u0432 \u043c\u0430\u0433\u0430\u0437\u0438\u043d\u0456 STvega\" \/>\n<meta name=\"robots\" content=\"index, follow, max-snippet:-1, max-image-preview:large, max-video-preview:-1\" \/>\n<link rel=\"canonical\" href=\"https:\/\/stvega.net\/pl\/product\/stvega-pralka-do-ryzu-produkty-luzowe-stvega-rice-washing-h500\/\" \/>\n<meta property=\"og:locale\" content=\"pl_PL\" \/>\n<meta property=\"og:type\" content=\"article\" \/>\n<meta property=\"og:title\" content=\"Stvega pralka do ry\u017cu (produkty luzowe) STvega Rice Washing H500 \u043a\u0443\u043f\u0438\u0442\u0438 \u0437\u0430 \u0432\u0438\u0433\u0456\u0434\u043d\u043e\u044e \u0446\u0456\u043d\u043e\u044e \u0432 \u043c\u0430\u0433\u0430\u0437\u0438\u043d\u0456 STvega\" \/>\n<meta property=\"og:description\" content=\"Stvega pralka do ry\u017cu (produkty luzowe) STvega Rice Washing H500 | \u043a\u0443\u043f\u0438\u0442\u0438 \u0437\u0430 \ud83c\udf1f\u0432\u0438\u0433\u0456\u0434\u043d\u043e\u044e \u0446\u0456\u043d\u043e\u044e \u0432 \u043c\u0430\u0433\u0430\u0437\u0438\u043d\u0456 STvega\" \/>\n<meta property=\"og:url\" content=\"https:\/\/stvega.net\/pl\/product\/stvega-pralka-do-ryzu-produkty-luzowe-stvega-rice-washing-h500\/\" \/>\n<meta property=\"og:site_name\" content=\"\u0448\u0438\u0440\u043e\u043a\u0438\u0439 \u0430\u0441\u043e\u0440\u0442\u0438\u043c\u0435\u043d\u0442 \u0445\u0430\u0440\u0447\u043e\u0432\u043e\u0433\u043e \u043f\u0440\u043e\u043c\u0438\u0441\u043b\u043e\u0432\u043e\u0433\u043e \u043e\u0431\u043b\u0430\u0434\u043d\u0430\u043d\u043d\u044f \u0434\u043b\u044f \u043f\u0435\u0440\u0435\u0440\u043e\u0431\u043a\u0438 \u043c\u2019\u044f\u0441\u0430, \u043e\u0432\u043e\u0447\u0456\u0432 \u0456 \u0444\u0440\u0443\u043a\u0442\u0456\u0432\u2b50\u0412\u0438\u0433\u0456\u0434\u043d\u0456 \u0446\u0456\u043d\u0438 \ud83e\uddbe\u0412\u0438\u0440\u043e\u0431\u043d\u0438\u0447\u0456 \u043b\u0456\u043d\u0456\u0457 \u043f\u0456\u0434 \u043a\u043b\u044e\u0447\ud83d\ude9a \u0414\u043e\u0441\u0442\u0430\u0432\u043a\u0430 \ud83d\udee0\u0421\u0435\u0440\u0432\u0456\u0441\" \/>\n<meta property=\"article:publisher\" content=\"https:\/\/www.facebook.com\/share\/9F1B4VxaHAC9E9HB\/?mibextid=qi2Omg\" \/>\n<meta property=\"og:image\" content=\"https:\/\/stvega.net\/wp-content\/uploads\/2024\/12\/stvega-rice-washing-h500-1.png\" \/>\n\t<meta property=\"og:image:width\" content=\"554\" \/>\n\t<meta property=\"og:image:height\" content=\"520\" \/>\n\t<meta property=\"og:image:type\" content=\"image\/png\" \/>\n<meta name=\"twitter:card\" content=\"summary_large_image\" \/>\n<meta name=\"twitter:label1\" content=\"Szacowany czas czytania\" \/>\n\t<meta name=\"twitter:data1\" content=\"1 minuta\" \/>\n<script type=\"application\/ld+json\" class=\"yoast-schema-graph\">{\"@context\":\"https:\\\/\\\/schema.org\",\"@graph\":[{\"@type\":\"WebPage\",\"@id\":\"https:\\\/\\\/stvega.net\\\/pl\\\/product\\\/stvega-pralka-do-ryzu-produkty-luzowe-stvega-rice-washing-h500\\\/\",\"url\":\"https:\\\/\\\/stvega.net\\\/pl\\\/product\\\/stvega-pralka-do-ryzu-produkty-luzowe-stvega-rice-washing-h500\\\/\",\"name\":\"Stvega pralka do ry\u017cu (produkty luzowe) STvega Rice Washing H500 \u043a\u0443\u043f\u0438\u0442\u0438 \u0437\u0430 \u0432\u0438\u0433\u0456\u0434\u043d\u043e\u044e \u0446\u0456\u043d\u043e\u044e \u0432 \u043c\u0430\u0433\u0430\u0437\u0438\u043d\u0456 STvega\",\"isPartOf\":{\"@id\":\"https:\\\/\\\/stvega.net\\\/pl\\\/#website\"},\"primaryImageOfPage\":{\"@id\":\"https:\\\/\\\/stvega.net\\\/pl\\\/product\\\/stvega-pralka-do-ryzu-produkty-luzowe-stvega-rice-washing-h500\\\/#primaryimage\"},\"image\":{\"@id\":\"https:\\\/\\\/stvega.net\\\/pl\\\/product\\\/stvega-pralka-do-ryzu-produkty-luzowe-stvega-rice-washing-h500\\\/#primaryimage\"},\"thumbnailUrl\":\"https:\\\/\\\/stvega.net\\\/wp-content\\\/uploads\\\/2024\\\/12\\\/stvega-rice-washing-h500-1.png\",\"datePublished\":\"2024-12-04T09:49:52+00:00\",\"description\":\"Stvega pralka do ry\u017cu (produkty luzowe) STvega Rice Washing H500 | \u043a\u0443\u043f\u0438\u0442\u0438 \u0437\u0430 \ud83c\udf1f\u0432\u0438\u0433\u0456\u0434\u043d\u043e\u044e \u0446\u0456\u043d\u043e\u044e \u0432 \u043c\u0430\u0433\u0430\u0437\u0438\u043d\u0456 STvega\",\"breadcrumb\":{\"@id\":\"https:\\\/\\\/stvega.net\\\/pl\\\/product\\\/stvega-pralka-do-ryzu-produkty-luzowe-stvega-rice-washing-h500\\\/#breadcrumb\"},\"inLanguage\":\"pl-PL\",\"potentialAction\":[{\"@type\":\"ReadAction\",\"target\":[\"https:\\\/\\\/stvega.net\\\/pl\\\/product\\\/stvega-pralka-do-ryzu-produkty-luzowe-stvega-rice-washing-h500\\\/\"]}]},{\"@type\":\"ImageObject\",\"inLanguage\":\"pl-PL\",\"@id\":\"https:\\\/\\\/stvega.net\\\/pl\\\/product\\\/stvega-pralka-do-ryzu-produkty-luzowe-stvega-rice-washing-h500\\\/#primaryimage\",\"url\":\"https:\\\/\\\/stvega.net\\\/wp-content\\\/uploads\\\/2024\\\/12\\\/stvega-rice-washing-h500-1.png\",\"contentUrl\":\"https:\\\/\\\/stvega.net\\\/wp-content\\\/uploads\\\/2024\\\/12\\\/stvega-rice-washing-h500-1.png\",\"width\":554,\"height\":520},{\"@type\":\"BreadcrumbList\",\"@id\":\"https:\\\/\\\/stvega.net\\\/pl\\\/product\\\/stvega-pralka-do-ryzu-produkty-luzowe-stvega-rice-washing-h500\\\/#breadcrumb\",\"itemListElement\":[{\"@type\":\"ListItem\",\"position\":1,\"name\":\"Dom\",\"item\":\"https:\\\/\\\/stvega.net\\\/pl\\\/\"},{\"@type\":\"ListItem\",\"position\":2,\"name\":\"Katalog\",\"item\":\"https:\\\/\\\/stvega.net\\\/katalog\\\/\"},{\"@type\":\"ListItem\",\"position\":3,\"name\":\"Stvega pralka do ry\u017cu (produkty luzowe) STvega Rice Washing H500\"}]},{\"@type\":\"WebSite\",\"@id\":\"https:\\\/\\\/stvega.net\\\/pl\\\/#website\",\"url\":\"https:\\\/\\\/stvega.net\\\/pl\\\/\",\"name\":\"STvega\",\"description\":\"\u0445\u0430\u0440\u0447\u043e\u0432\u0435 \u043f\u0440\u043e\u043c\u0438\u0441\u043b\u043e\u0432\u0435 \u043e\u0431\u043b\u0430\u0434\u043d\u0430\u043d\u043d\u044f\",\"publisher\":{\"@id\":\"https:\\\/\\\/stvega.net\\\/pl\\\/#organization\"},\"alternateName\":\"STvega - \u043e\u0432\u043e\u0447\u0435\u0440\u0456\u0437\u043a\u0438, \u0448\u043f\u0438\u0433\u043e\u0440\u0456\u0437\u043a\u0438, \u0441\u043b\u0430\u0439\u0441\u0435\u0440\u0438 \u0442\u0430 \u0456\u043d\u0448\u0435 \u0445\u0430\u0440\u0447\u043e\u0432\u0435 \u043e\u0431\u043b\u0430\u0434\u043d\u0430\u043d\u043d\u044f\",\"potentialAction\":[{\"@type\":\"SearchAction\",\"target\":{\"@type\":\"EntryPoint\",\"urlTemplate\":\"https:\\\/\\\/stvega.net\\\/pl\\\/?s={search_term_string}\"},\"query-input\":{\"@type\":\"PropertyValueSpecification\",\"valueRequired\":true,\"valueName\":\"search_term_string\"}}],\"inLanguage\":\"pl-PL\"},{\"@type\":\"Organization\",\"@id\":\"https:\\\/\\\/stvega.net\\\/pl\\\/#organization\",\"name\":\"STvega \u0425\u0410\u0420\u0427\u041e\u0412\u0415 \u041f\u0420\u041e\u041c\u0418\u0421\u041b\u041e\u0412\u0415 \u041e\u0411\u041b\u0410\u0414\u041d\u0410\u041d\u041d\u042f\",\"alternateName\":\"STvega - \u043e\u0432\u043e\u0447\u0435\u0440\u0456\u0437\u043a\u0438, \u0448\u043f\u0438\u0433\u043e\u0440\u0456\u0437\u043a\u0438, \u0441\u043b\u0430\u0439\u0441\u0435\u0440\u0438 \u0442\u0430 \u0456\u043d\u0448\u0435 \u0445\u0430\u0440\u0447\u043e\u0432\u0435 \u043e\u0431\u043b\u0430\u0434\u043d\u0430\u043d\u043d\u044f\",\"url\":\"https:\\\/\\\/stvega.net\\\/pl\\\/\",\"logo\":{\"@type\":\"ImageObject\",\"inLanguage\":\"pl-PL\",\"@id\":\"https:\\\/\\\/stvega.net\\\/pl\\\/#\\\/schema\\\/logo\\\/image\\\/\",\"url\":\"https:\\\/\\\/stvega.net\\\/wp-content\\\/uploads\\\/2024\\\/03\\\/dyzajn-bez-nazvanyya-1.png\",\"contentUrl\":\"https:\\\/\\\/stvega.net\\\/wp-content\\\/uploads\\\/2024\\\/03\\\/dyzajn-bez-nazvanyya-1.png\",\"width\":180,\"height\":180,\"caption\":\"STvega \u0425\u0410\u0420\u0427\u041e\u0412\u0415 \u041f\u0420\u041e\u041c\u0418\u0421\u041b\u041e\u0412\u0415 \u041e\u0411\u041b\u0410\u0414\u041d\u0410\u041d\u041d\u042f\"},\"image\":{\"@id\":\"https:\\\/\\\/stvega.net\\\/pl\\\/#\\\/schema\\\/logo\\\/image\\\/\"},\"sameAs\":[\"https:\\\/\\\/www.facebook.com\\\/share\\\/9F1B4VxaHAC9E9HB\\\/?mibextid=qi2Omg\"]}]}<\/script>\n<!-- \/ Yoast SEO plugin. -->","yoast_head_json":{"title":"Stvega pralka do ry\u017cu (produkty luzowe) STvega Rice Washing H500 \u043a\u0443\u043f\u0438\u0442\u0438 \u0437\u0430 \u0432\u0438\u0433\u0456\u0434\u043d\u043e\u044e \u0446\u0456\u043d\u043e\u044e \u0432 \u043c\u0430\u0433\u0430\u0437\u0438\u043d\u0456 STvega","description":"Stvega pralka do ry\u017cu (produkty luzowe) STvega Rice Washing H500 | \u043a\u0443\u043f\u0438\u0442\u0438 \u0437\u0430 \ud83c\udf1f\u0432\u0438\u0433\u0456\u0434\u043d\u043e\u044e \u0446\u0456\u043d\u043e\u044e \u0432 \u043c\u0430\u0433\u0430\u0437\u0438\u043d\u0456 STvega","robots":{"index":"index","follow":"follow","max-snippet":"max-snippet:-1","max-image-preview":"max-image-preview:large","max-video-preview":"max-video-preview:-1"},"canonical":"https:\/\/stvega.net\/pl\/product\/stvega-pralka-do-ryzu-produkty-luzowe-stvega-rice-washing-h500\/","og_locale":"pl_PL","og_type":"article","og_title":"Stvega pralka do ry\u017cu (produkty luzowe) STvega Rice Washing H500 \u043a\u0443\u043f\u0438\u0442\u0438 \u0437\u0430 \u0432\u0438\u0433\u0456\u0434\u043d\u043e\u044e \u0446\u0456\u043d\u043e\u044e \u0432 \u043c\u0430\u0433\u0430\u0437\u0438\u043d\u0456 STvega","og_description":"Stvega pralka do ry\u017cu (produkty luzowe) STvega Rice Washing H500 | \u043a\u0443\u043f\u0438\u0442\u0438 \u0437\u0430 \ud83c\udf1f\u0432\u0438\u0433\u0456\u0434\u043d\u043e\u044e \u0446\u0456\u043d\u043e\u044e \u0432 \u043c\u0430\u0433\u0430\u0437\u0438\u043d\u0456 STvega","og_url":"https:\/\/stvega.net\/pl\/product\/stvega-pralka-do-ryzu-produkty-luzowe-stvega-rice-washing-h500\/","og_site_name":"\u0448\u0438\u0440\u043e\u043a\u0438\u0439 \u0430\u0441\u043e\u0440\u0442\u0438\u043c\u0435\u043d\u0442 \u0445\u0430\u0440\u0447\u043e\u0432\u043e\u0433\u043e \u043f\u0440\u043e\u043c\u0438\u0441\u043b\u043e\u0432\u043e\u0433\u043e \u043e\u0431\u043b\u0430\u0434\u043d\u0430\u043d\u043d\u044f \u0434\u043b\u044f \u043f\u0435\u0440\u0435\u0440\u043e\u0431\u043a\u0438 \u043c\u2019\u044f\u0441\u0430, \u043e\u0432\u043e\u0447\u0456\u0432 \u0456 \u0444\u0440\u0443\u043a\u0442\u0456\u0432\u2b50\u0412\u0438\u0433\u0456\u0434\u043d\u0456 \u0446\u0456\u043d\u0438 \ud83e\uddbe\u0412\u0438\u0440\u043e\u0431\u043d\u0438\u0447\u0456 \u043b\u0456\u043d\u0456\u0457 \u043f\u0456\u0434 \u043a\u043b\u044e\u0447\ud83d\ude9a \u0414\u043e\u0441\u0442\u0430\u0432\u043a\u0430 \ud83d\udee0\u0421\u0435\u0440\u0432\u0456\u0441","article_publisher":"https:\/\/www.facebook.com\/share\/9F1B4VxaHAC9E9HB\/?mibextid=qi2Omg","og_image":[{"width":554,"height":520,"url":"https:\/\/stvega.net\/wp-content\/uploads\/2024\/12\/stvega-rice-washing-h500-1.png","type":"image\/png"}],"twitter_card":"summary_large_image","twitter_misc":{"Szacowany czas czytania":"1 minuta"},"schema":{"@context":"https:\/\/schema.org","@graph":[{"@type":"WebPage","@id":"https:\/\/stvega.net\/pl\/product\/stvega-pralka-do-ryzu-produkty-luzowe-stvega-rice-washing-h500\/","url":"https:\/\/stvega.net\/pl\/product\/stvega-pralka-do-ryzu-produkty-luzowe-stvega-rice-washing-h500\/","name":"Stvega pralka do ry\u017cu (produkty luzowe) STvega Rice Washing H500 \u043a\u0443\u043f\u0438\u0442\u0438 \u0437\u0430 \u0432\u0438\u0433\u0456\u0434\u043d\u043e\u044e \u0446\u0456\u043d\u043e\u044e \u0432 \u043c\u0430\u0433\u0430\u0437\u0438\u043d\u0456 STvega","isPartOf":{"@id":"https:\/\/stvega.net\/pl\/#website"},"primaryImageOfPage":{"@id":"https:\/\/stvega.net\/pl\/product\/stvega-pralka-do-ryzu-produkty-luzowe-stvega-rice-washing-h500\/#primaryimage"},"image":{"@id":"https:\/\/stvega.net\/pl\/product\/stvega-pralka-do-ryzu-produkty-luzowe-stvega-rice-washing-h500\/#primaryimage"},"thumbnailUrl":"https:\/\/stvega.net\/wp-content\/uploads\/2024\/12\/stvega-rice-washing-h500-1.png","datePublished":"2024-12-04T09:49:52+00:00","description":"Stvega pralka do ry\u017cu (produkty luzowe) STvega Rice Washing H500 | \u043a\u0443\u043f\u0438\u0442\u0438 \u0437\u0430 \ud83c\udf1f\u0432\u0438\u0433\u0456\u0434\u043d\u043e\u044e \u0446\u0456\u043d\u043e\u044e \u0432 \u043c\u0430\u0433\u0430\u0437\u0438\u043d\u0456 STvega","breadcrumb":{"@id":"https:\/\/stvega.net\/pl\/product\/stvega-pralka-do-ryzu-produkty-luzowe-stvega-rice-washing-h500\/#breadcrumb"},"inLanguage":"pl-PL","potentialAction":[{"@type":"ReadAction","target":["https:\/\/stvega.net\/pl\/product\/stvega-pralka-do-ryzu-produkty-luzowe-stvega-rice-washing-h500\/"]}]},{"@type":"ImageObject","inLanguage":"pl-PL","@id":"https:\/\/stvega.net\/pl\/product\/stvega-pralka-do-ryzu-produkty-luzowe-stvega-rice-washing-h500\/#primaryimage","url":"https:\/\/stvega.net\/wp-content\/uploads\/2024\/12\/stvega-rice-washing-h500-1.png","contentUrl":"https:\/\/stvega.net\/wp-content\/uploads\/2024\/12\/stvega-rice-washing-h500-1.png","width":554,"height":520},{"@type":"BreadcrumbList","@id":"https:\/\/stvega.net\/pl\/product\/stvega-pralka-do-ryzu-produkty-luzowe-stvega-rice-washing-h500\/#breadcrumb","itemListElement":[{"@type":"ListItem","position":1,"name":"Dom","item":"https:\/\/stvega.net\/pl\/"},{"@type":"ListItem","position":2,"name":"Katalog","item":"https:\/\/stvega.net\/katalog\/"},{"@type":"ListItem","position":3,"name":"Stvega pralka do ry\u017cu (produkty luzowe) STvega Rice Washing H500"}]},{"@type":"WebSite","@id":"https:\/\/stvega.net\/pl\/#website","url":"https:\/\/stvega.net\/pl\/","name":"STvega","description":"\u0445\u0430\u0440\u0447\u043e\u0432\u0435 \u043f\u0440\u043e\u043c\u0438\u0441\u043b\u043e\u0432\u0435 \u043e\u0431\u043b\u0430\u0434\u043d\u0430\u043d\u043d\u044f","publisher":{"@id":"https:\/\/stvega.net\/pl\/#organization"},"alternateName":"STvega - \u043e\u0432\u043e\u0447\u0435\u0440\u0456\u0437\u043a\u0438, \u0448\u043f\u0438\u0433\u043e\u0440\u0456\u0437\u043a\u0438, \u0441\u043b\u0430\u0439\u0441\u0435\u0440\u0438 \u0442\u0430 \u0456\u043d\u0448\u0435 \u0445\u0430\u0440\u0447\u043e\u0432\u0435 \u043e\u0431\u043b\u0430\u0434\u043d\u0430\u043d\u043d\u044f","potentialAction":[{"@type":"SearchAction","target":{"@type":"EntryPoint","urlTemplate":"https:\/\/stvega.net\/pl\/?s={search_term_string}"},"query-input":{"@type":"PropertyValueSpecification","valueRequired":true,"valueName":"search_term_string"}}],"inLanguage":"pl-PL"},{"@type":"Organization","@id":"https:\/\/stvega.net\/pl\/#organization","name":"STvega \u0425\u0410\u0420\u0427\u041e\u0412\u0415 \u041f\u0420\u041e\u041c\u0418\u0421\u041b\u041e\u0412\u0415 \u041e\u0411\u041b\u0410\u0414\u041d\u0410\u041d\u041d\u042f","alternateName":"STvega - \u043e\u0432\u043e\u0447\u0435\u0440\u0456\u0437\u043a\u0438, \u0448\u043f\u0438\u0433\u043e\u0440\u0456\u0437\u043a\u0438, \u0441\u043b\u0430\u0439\u0441\u0435\u0440\u0438 \u0442\u0430 \u0456\u043d\u0448\u0435 \u0445\u0430\u0440\u0447\u043e\u0432\u0435 \u043e\u0431\u043b\u0430\u0434\u043d\u0430\u043d\u043d\u044f","url":"https:\/\/stvega.net\/pl\/","logo":{"@type":"ImageObject","inLanguage":"pl-PL","@id":"https:\/\/stvega.net\/pl\/#\/schema\/logo\/image\/","url":"https:\/\/stvega.net\/wp-content\/uploads\/2024\/03\/dyzajn-bez-nazvanyya-1.png","contentUrl":"https:\/\/stvega.net\/wp-content\/uploads\/2024\/03\/dyzajn-bez-nazvanyya-1.png","width":180,"height":180,"caption":"STvega \u0425\u0410\u0420\u0427\u041e\u0412\u0415 \u041f\u0420\u041e\u041c\u0418\u0421\u041b\u041e\u0412\u0415 \u041e\u0411\u041b\u0410\u0414\u041d\u0410\u041d\u041d\u042f"},"image":{"@id":"https:\/\/stvega.net\/pl\/#\/schema\/logo\/image\/"},"sameAs":["https:\/\/www.facebook.com\/share\/9F1B4VxaHAC9E9HB\/?mibextid=qi2Omg"]}]}},"_links":{"self":[{"href":"https:\/\/stvega.net\/pl\/wp-json\/wp\/v2\/product\/11957","targetHints":{"allow":["GET"]}}],"collection":[{"href":"https:\/\/stvega.net\/pl\/wp-json\/wp\/v2\/product"}],"about":[{"href":"https:\/\/stvega.net\/pl\/wp-json\/wp\/v2\/types\/product"}],"replies":[{"embeddable":true,"href":"https:\/\/stvega.net\/pl\/wp-json\/wp\/v2\/comments?post=11957"}],"wp:featuredmedia":[{"embeddable":true,"href":"https:\/\/stvega.net\/pl\/wp-json\/wp\/v2\/media\/11984"}],"wp:attachment":[{"href":"https:\/\/stvega.net\/pl\/wp-json\/wp\/v2\/media?parent=11957"}],"wp:term":[{"taxonomy":"product_brand","embeddable":true,"href":"https:\/\/stvega.net\/pl\/wp-json\/wp\/v2\/product_brand?post=11957"},{"taxonomy":"product_cat","embeddable":true,"href":"https:\/\/stvega.net\/pl\/wp-json\/wp\/v2\/product_cat?post=11957"},{"taxonomy":"product_tag","embeddable":true,"href":"https:\/\/stvega.net\/pl\/wp-json\/wp\/v2\/product_tag?post=11957"}],"curies":[{"name":"wp","href":"https:\/\/api.w.org\/{rel}","templated":true}]}}