{"id":11916,"date":"2025-01-31T11:26:55","date_gmt":"2025-01-31T08:26:55","guid":{"rendered":"https:\/\/stvega.net\/product\/stvega-linija-suszenia-salatek-l2500-automatyczna-linia-suszenia-salatek\/"},"modified":"2025-01-31T11:26:55","modified_gmt":"2025-01-31T08:26:55","slug":"stvega-linija-suszenia-salatek-l2500-automatyczna-linia-suszenia-salatek","status":"publish","type":"product","link":"https:\/\/stvega.net\/pl\/product\/stvega-linija-suszenia-salatek-l2500-automatyczna-linia-suszenia-salatek\/","title":{"rendered":"STvega Linija Suszenia Sa\u0142atek L2500 Automatyczna Linia Suszenia Sa\u0142atek"},"content":{"rendered":"<p><strong>Automatyczna linia suszenia sa\u0142atek STvega L2500<\/strong><strong> <\/strong>Jest to nowoczesne rozwi\u0105zanie do produkcji \u017cywno\u015bci, zapewniaj\u0105ce bardzo skuteczne usuwanie wilgoci z powierzchni posiekanych warzyw, zi\u00f3\u0142, grzyb\u00f3w i owoc\u00f3w. Unikalny design i przemy\u015blany system kontroli gwarantuj\u0105 r\u00f3wnomierne i delikatne suszenie produkt\u00f3w, zachowuj\u0105c ich tekstur\u0119 i \u015bwie\u017co\u015b\u0107. <\/p>\n<p><strong> <\/strong><strong>Zasada dzia\u0142ania<\/strong><strong>:<\/strong><\/p>\n<p>Po myciu produkty s\u0105 zbierane na przeno\u015bniku buforowym i automatycznie prze\u0142adowywane do wir\u00f3wki w celu odwodnienia. Obracaj\u0105cy si\u0119 b\u0119ben usuwa wilgo\u0107 dzi\u0119ki sile od\u015brodkowej. Kontrola pr\u0119dko\u015bci obrotowej pozwala dostosowa\u0107 proces do r\u00f3\u017cnych typ\u00f3w produkt\u00f3w. Proces ko\u0144czy si\u0119 przy zmniejszeniu pr\u0119dko\u015bci obrotowej wir\u00f3wki, aby zapewni\u0107 \u0142agodny transport produktu do kolejnego etapu przetwarzania.   <\/p>\n<p><strong>Zalety sprz\u0119tu<\/strong><strong>:<\/strong><\/p>\n<ul>\n<li>Technologia kontroli pr\u0119dko\u015bci, wraz z sprytnym projektem komory roboczej, zapewnia skuteczne odwodnienie powierzchni produkt\u00f3w, minimalizuj\u0105c ryzyko uszkodzenia produkt\u00f3w.<\/li>\n<li>Urz\u0105dzenie wyposa\u017cone jest w tr\u00f3jfazowy silnik indukcyjny z regulacj\u0105 cz\u0119stotliwo\u015bci i cz\u0119stotliwo\u015bci, co zapewnia efektywno\u015b\u0107 energetyczn\u0105 i trwa\u0142o\u015b\u0107 pracy.<\/li>\n<li>Scentralizowane sterowanie za pomoc\u0105 sterownika PLC (programowalnego sterownika logicznego (PLC) pozwala automatycznie wykonywa\u0107 skomplikowane cykle pracy bez ingerencji operatora.<\/li>\n<li>Korpus sprz\u0119tu wykonany jest ze stali nierdzewnej z powierzchni\u0105 piaskowan\u0105.<\/li>\n<\/ul>\n<p><strong> <\/strong><\/p>\n","protected":false},"excerpt":{"rendered":"<p><strong>Linia suszenia sa\u0142atek STvega L2500<\/strong><strong> <\/strong>to nowoczesne rozwi\u0105zanie do produkcji \u017cywno\u015bci, zapewniaj\u0105ce wysoce efektywne usuwanie wilgoci z powierzchni posiekanych warzyw, zi\u00f3\u0142, grzyb\u00f3w i owoc\u00f3w.<\/p>\n<p><strong>Specyfikacje:<\/strong><\/p>\n<p>[table id=&#8221;311&#8243; \/]<\/p>\n<p><span style=\"color: #0000ff;\"><strong>Wyj\u0105tkowo\u015b\u0107 maszyny: <\/strong>spe\u0142nia mi\u0119dzynarodowe normy bezpiecze\u0144stwa \u017cywno\u015bci.<\/span><\/p>\n<p>&nbsp;<\/p>\n","protected":false},"featured_media":11923,"comment_status":"closed","ping_status":"closed","template":"","meta":{"_acf_changed":false,"inline_featured_image":false},"product_brand":[],"product_cat":[3673,3632,3622,3630],"product_tag":[5988,5997,6003,5999,5994,6002,6005,6012,6007,6009,5992,5995,5365,5989,5985,5798],"class_list":{"0":"post-11916","1":"product","2":"type-product","3":"status-publish","4":"has-post-thumbnail","6":"product_cat-grzyby","7":"product_cat-linie-produkcyjne","8":"product_cat-salatki","9":"product_cat-zielen","10":"product_tag-automatyczna-linia-suszenia-warzyw","11":"product_tag-automatyczne-suszenie-warzyw","12":"product_tag-energooszczedne-suszenie-zywnosci","13":"product_tag-linia-suszenia-dla-przemyslu-spozywczego","14":"product_tag-przemyslowa-wirowka-warzywna","15":"product_tag-regulacja-szybkosci-suszenia","16":"product_tag-sprzet-do-produkcji-zywnosci","17":"product_tag-stal-nierdzewna-w-sprzecie-spozywczym","18":"product_tag-suszarka-na-warzywa-i-ziola","19":"product_tag-suszenie-bez-uszkadzania-produktow","20":"product_tag-suszenie-grzybow","21":"product_tag-suszenie-odsrodkowe-produktow","22":"product_tag-suszenie-owocow","23":"product_tag-suszenie-posiekanych-warzyw","24":"product_tag-suszenie-zieleni","25":"product_tag-wirowka-do-usuwania-wilgoci","27":"first","28":"instock","29":"shipping-taxable","30":"product-type-simple"},"acf":[],"yoast_head":"<!-- This site is optimized with the Yoast SEO plugin v27.6 - https:\/\/yoast.com\/product\/yoast-seo-wordpress\/ -->\n<title>STvega Linija Suszenia Sa\u0142atek L2500 Automatyczna Linia Suszenia Sa\u0142atek \u043a\u0443\u043f\u0438\u0442\u0438 \u0437\u0430 \u0432\u0438\u0433\u0456\u0434\u043d\u043e\u044e \u0446\u0456\u043d\u043e\u044e \u0432 \u043c\u0430\u0433\u0430\u0437\u0438\u043d\u0456 STvega<\/title>\n<meta name=\"description\" content=\"STvega Linija Suszenia Sa\u0142atek L2500 Automatyczna Linia Suszenia Sa\u0142atek | \u043a\u0443\u043f\u0438\u0442\u0438 \u0437\u0430 \ud83c\udf1f\u0432\u0438\u0433\u0456\u0434\u043d\u043e\u044e \u0446\u0456\u043d\u043e\u044e \u0432 \u043c\u0430\u0433\u0430\u0437\u0438\u043d\u0456 STvega\" \/>\n<meta name=\"robots\" content=\"index, follow, max-snippet:-1, max-image-preview:large, max-video-preview:-1\" \/>\n<link rel=\"canonical\" href=\"https:\/\/stvega.net\/pl\/product\/stvega-linija-suszenia-salatek-l2500-automatyczna-linia-suszenia-salatek\/\" \/>\n<meta property=\"og:locale\" content=\"pl_PL\" \/>\n<meta property=\"og:type\" content=\"article\" \/>\n<meta property=\"og:title\" content=\"STvega Linija Suszenia Sa\u0142atek L2500 Automatyczna Linia Suszenia Sa\u0142atek \u043a\u0443\u043f\u0438\u0442\u0438 \u0437\u0430 \u0432\u0438\u0433\u0456\u0434\u043d\u043e\u044e \u0446\u0456\u043d\u043e\u044e \u0432 \u043c\u0430\u0433\u0430\u0437\u0438\u043d\u0456 STvega\" \/>\n<meta property=\"og:description\" content=\"STvega Linija Suszenia Sa\u0142atek L2500 Automatyczna Linia Suszenia Sa\u0142atek | \u043a\u0443\u043f\u0438\u0442\u0438 \u0437\u0430 \ud83c\udf1f\u0432\u0438\u0433\u0456\u0434\u043d\u043e\u044e \u0446\u0456\u043d\u043e\u044e \u0432 \u043c\u0430\u0433\u0430\u0437\u0438\u043d\u0456 STvega\" \/>\n<meta property=\"og:url\" content=\"https:\/\/stvega.net\/pl\/product\/stvega-linija-suszenia-salatek-l2500-automatyczna-linia-suszenia-salatek\/\" \/>\n<meta property=\"og:site_name\" content=\"\u0448\u0438\u0440\u043e\u043a\u0438\u0439 \u0430\u0441\u043e\u0440\u0442\u0438\u043c\u0435\u043d\u0442 \u0445\u0430\u0440\u0447\u043e\u0432\u043e\u0433\u043e \u043f\u0440\u043e\u043c\u0438\u0441\u043b\u043e\u0432\u043e\u0433\u043e \u043e\u0431\u043b\u0430\u0434\u043d\u0430\u043d\u043d\u044f \u0434\u043b\u044f \u043f\u0435\u0440\u0435\u0440\u043e\u0431\u043a\u0438 \u043c\u2019\u044f\u0441\u0430, \u043e\u0432\u043e\u0447\u0456\u0432 \u0456 \u0444\u0440\u0443\u043a\u0442\u0456\u0432\u2b50\u0412\u0438\u0433\u0456\u0434\u043d\u0456 \u0446\u0456\u043d\u0438 \ud83e\uddbe\u0412\u0438\u0440\u043e\u0431\u043d\u0438\u0447\u0456 \u043b\u0456\u043d\u0456\u0457 \u043f\u0456\u0434 \u043a\u043b\u044e\u0447\ud83d\ude9a \u0414\u043e\u0441\u0442\u0430\u0432\u043a\u0430 \ud83d\udee0\u0421\u0435\u0440\u0432\u0456\u0441\" \/>\n<meta property=\"article:publisher\" content=\"https:\/\/www.facebook.com\/share\/9F1B4VxaHAC9E9HB\/?mibextid=qi2Omg\" \/>\n<meta property=\"og:image\" content=\"https:\/\/stvega.net\/wp-content\/uploads\/2025\/01\/avtomatychna-liniya-stvega-salad-driyng-line-2200-2.png\" \/>\n\t<meta property=\"og:image:width\" content=\"3691\" \/>\n\t<meta property=\"og:image:height\" content=\"1829\" \/>\n\t<meta property=\"og:image:type\" content=\"image\/png\" \/>\n<meta name=\"twitter:card\" content=\"summary_large_image\" \/>\n<meta name=\"twitter:label1\" content=\"Szacowany czas czytania\" \/>\n\t<meta name=\"twitter:data1\" content=\"1 minuta\" \/>\n<script type=\"application\/ld+json\" class=\"yoast-schema-graph\">{\"@context\":\"https:\\\/\\\/schema.org\",\"@graph\":[{\"@type\":\"WebPage\",\"@id\":\"https:\\\/\\\/stvega.net\\\/pl\\\/product\\\/stvega-linija-suszenia-salatek-l2500-automatyczna-linia-suszenia-salatek\\\/\",\"url\":\"https:\\\/\\\/stvega.net\\\/pl\\\/product\\\/stvega-linija-suszenia-salatek-l2500-automatyczna-linia-suszenia-salatek\\\/\",\"name\":\"STvega Linija Suszenia Sa\u0142atek L2500 Automatyczna Linia Suszenia Sa\u0142atek \u043a\u0443\u043f\u0438\u0442\u0438 \u0437\u0430 \u0432\u0438\u0433\u0456\u0434\u043d\u043e\u044e \u0446\u0456\u043d\u043e\u044e \u0432 \u043c\u0430\u0433\u0430\u0437\u0438\u043d\u0456 STvega\",\"isPartOf\":{\"@id\":\"https:\\\/\\\/stvega.net\\\/pl\\\/#website\"},\"primaryImageOfPage\":{\"@id\":\"https:\\\/\\\/stvega.net\\\/pl\\\/product\\\/stvega-linija-suszenia-salatek-l2500-automatyczna-linia-suszenia-salatek\\\/#primaryimage\"},\"image\":{\"@id\":\"https:\\\/\\\/stvega.net\\\/pl\\\/product\\\/stvega-linija-suszenia-salatek-l2500-automatyczna-linia-suszenia-salatek\\\/#primaryimage\"},\"thumbnailUrl\":\"https:\\\/\\\/stvega.net\\\/wp-content\\\/uploads\\\/2025\\\/01\\\/avtomatychna-liniya-stvega-salad-driyng-line-2200-2.png\",\"datePublished\":\"2025-01-31T08:26:55+00:00\",\"description\":\"STvega Linija Suszenia Sa\u0142atek L2500 Automatyczna Linia Suszenia Sa\u0142atek | \u043a\u0443\u043f\u0438\u0442\u0438 \u0437\u0430 \ud83c\udf1f\u0432\u0438\u0433\u0456\u0434\u043d\u043e\u044e \u0446\u0456\u043d\u043e\u044e \u0432 \u043c\u0430\u0433\u0430\u0437\u0438\u043d\u0456 STvega\",\"breadcrumb\":{\"@id\":\"https:\\\/\\\/stvega.net\\\/pl\\\/product\\\/stvega-linija-suszenia-salatek-l2500-automatyczna-linia-suszenia-salatek\\\/#breadcrumb\"},\"inLanguage\":\"pl-PL\",\"potentialAction\":[{\"@type\":\"ReadAction\",\"target\":[\"https:\\\/\\\/stvega.net\\\/pl\\\/product\\\/stvega-linija-suszenia-salatek-l2500-automatyczna-linia-suszenia-salatek\\\/\"]}]},{\"@type\":\"ImageObject\",\"inLanguage\":\"pl-PL\",\"@id\":\"https:\\\/\\\/stvega.net\\\/pl\\\/product\\\/stvega-linija-suszenia-salatek-l2500-automatyczna-linia-suszenia-salatek\\\/#primaryimage\",\"url\":\"https:\\\/\\\/stvega.net\\\/wp-content\\\/uploads\\\/2025\\\/01\\\/avtomatychna-liniya-stvega-salad-driyng-line-2200-2.png\",\"contentUrl\":\"https:\\\/\\\/stvega.net\\\/wp-content\\\/uploads\\\/2025\\\/01\\\/avtomatychna-liniya-stvega-salad-driyng-line-2200-2.png\",\"width\":3691,\"height\":1829},{\"@type\":\"BreadcrumbList\",\"@id\":\"https:\\\/\\\/stvega.net\\\/pl\\\/product\\\/stvega-linija-suszenia-salatek-l2500-automatyczna-linia-suszenia-salatek\\\/#breadcrumb\",\"itemListElement\":[{\"@type\":\"ListItem\",\"position\":1,\"name\":\"Dom\",\"item\":\"https:\\\/\\\/stvega.net\\\/pl\\\/\"},{\"@type\":\"ListItem\",\"position\":2,\"name\":\"Katalog\",\"item\":\"https:\\\/\\\/stvega.net\\\/katalog\\\/\"},{\"@type\":\"ListItem\",\"position\":3,\"name\":\"STvega Linija Suszenia Sa\u0142atek L2500 Automatyczna Linia Suszenia Sa\u0142atek\"}]},{\"@type\":\"WebSite\",\"@id\":\"https:\\\/\\\/stvega.net\\\/pl\\\/#website\",\"url\":\"https:\\\/\\\/stvega.net\\\/pl\\\/\",\"name\":\"STvega\",\"description\":\"\u0445\u0430\u0440\u0447\u043e\u0432\u0435 \u043f\u0440\u043e\u043c\u0438\u0441\u043b\u043e\u0432\u0435 \u043e\u0431\u043b\u0430\u0434\u043d\u0430\u043d\u043d\u044f\",\"publisher\":{\"@id\":\"https:\\\/\\\/stvega.net\\\/pl\\\/#organization\"},\"alternateName\":\"STvega - \u043e\u0432\u043e\u0447\u0435\u0440\u0456\u0437\u043a\u0438, \u0448\u043f\u0438\u0433\u043e\u0440\u0456\u0437\u043a\u0438, \u0441\u043b\u0430\u0439\u0441\u0435\u0440\u0438 \u0442\u0430 \u0456\u043d\u0448\u0435 \u0445\u0430\u0440\u0447\u043e\u0432\u0435 \u043e\u0431\u043b\u0430\u0434\u043d\u0430\u043d\u043d\u044f\",\"potentialAction\":[{\"@type\":\"SearchAction\",\"target\":{\"@type\":\"EntryPoint\",\"urlTemplate\":\"https:\\\/\\\/stvega.net\\\/pl\\\/?s={search_term_string}\"},\"query-input\":{\"@type\":\"PropertyValueSpecification\",\"valueRequired\":true,\"valueName\":\"search_term_string\"}}],\"inLanguage\":\"pl-PL\"},{\"@type\":\"Organization\",\"@id\":\"https:\\\/\\\/stvega.net\\\/pl\\\/#organization\",\"name\":\"STvega \u0425\u0410\u0420\u0427\u041e\u0412\u0415 \u041f\u0420\u041e\u041c\u0418\u0421\u041b\u041e\u0412\u0415 \u041e\u0411\u041b\u0410\u0414\u041d\u0410\u041d\u041d\u042f\",\"alternateName\":\"STvega - \u043e\u0432\u043e\u0447\u0435\u0440\u0456\u0437\u043a\u0438, \u0448\u043f\u0438\u0433\u043e\u0440\u0456\u0437\u043a\u0438, \u0441\u043b\u0430\u0439\u0441\u0435\u0440\u0438 \u0442\u0430 \u0456\u043d\u0448\u0435 \u0445\u0430\u0440\u0447\u043e\u0432\u0435 \u043e\u0431\u043b\u0430\u0434\u043d\u0430\u043d\u043d\u044f\",\"url\":\"https:\\\/\\\/stvega.net\\\/pl\\\/\",\"logo\":{\"@type\":\"ImageObject\",\"inLanguage\":\"pl-PL\",\"@id\":\"https:\\\/\\\/stvega.net\\\/pl\\\/#\\\/schema\\\/logo\\\/image\\\/\",\"url\":\"https:\\\/\\\/stvega.net\\\/wp-content\\\/uploads\\\/2024\\\/03\\\/dyzajn-bez-nazvanyya-1.png\",\"contentUrl\":\"https:\\\/\\\/stvega.net\\\/wp-content\\\/uploads\\\/2024\\\/03\\\/dyzajn-bez-nazvanyya-1.png\",\"width\":180,\"height\":180,\"caption\":\"STvega \u0425\u0410\u0420\u0427\u041e\u0412\u0415 \u041f\u0420\u041e\u041c\u0418\u0421\u041b\u041e\u0412\u0415 \u041e\u0411\u041b\u0410\u0414\u041d\u0410\u041d\u041d\u042f\"},\"image\":{\"@id\":\"https:\\\/\\\/stvega.net\\\/pl\\\/#\\\/schema\\\/logo\\\/image\\\/\"},\"sameAs\":[\"https:\\\/\\\/www.facebook.com\\\/share\\\/9F1B4VxaHAC9E9HB\\\/?mibextid=qi2Omg\"]}]}<\/script>\n<!-- \/ Yoast SEO plugin. -->","yoast_head_json":{"title":"STvega Linija Suszenia Sa\u0142atek L2500 Automatyczna Linia Suszenia Sa\u0142atek \u043a\u0443\u043f\u0438\u0442\u0438 \u0437\u0430 \u0432\u0438\u0433\u0456\u0434\u043d\u043e\u044e \u0446\u0456\u043d\u043e\u044e \u0432 \u043c\u0430\u0433\u0430\u0437\u0438\u043d\u0456 STvega","description":"STvega Linija Suszenia Sa\u0142atek L2500 Automatyczna Linia Suszenia Sa\u0142atek | \u043a\u0443\u043f\u0438\u0442\u0438 \u0437\u0430 \ud83c\udf1f\u0432\u0438\u0433\u0456\u0434\u043d\u043e\u044e \u0446\u0456\u043d\u043e\u044e \u0432 \u043c\u0430\u0433\u0430\u0437\u0438\u043d\u0456 STvega","robots":{"index":"index","follow":"follow","max-snippet":"max-snippet:-1","max-image-preview":"max-image-preview:large","max-video-preview":"max-video-preview:-1"},"canonical":"https:\/\/stvega.net\/pl\/product\/stvega-linija-suszenia-salatek-l2500-automatyczna-linia-suszenia-salatek\/","og_locale":"pl_PL","og_type":"article","og_title":"STvega Linija Suszenia Sa\u0142atek L2500 Automatyczna Linia Suszenia Sa\u0142atek \u043a\u0443\u043f\u0438\u0442\u0438 \u0437\u0430 \u0432\u0438\u0433\u0456\u0434\u043d\u043e\u044e \u0446\u0456\u043d\u043e\u044e \u0432 \u043c\u0430\u0433\u0430\u0437\u0438\u043d\u0456 STvega","og_description":"STvega Linija Suszenia Sa\u0142atek L2500 Automatyczna Linia Suszenia Sa\u0142atek | \u043a\u0443\u043f\u0438\u0442\u0438 \u0437\u0430 \ud83c\udf1f\u0432\u0438\u0433\u0456\u0434\u043d\u043e\u044e \u0446\u0456\u043d\u043e\u044e \u0432 \u043c\u0430\u0433\u0430\u0437\u0438\u043d\u0456 STvega","og_url":"https:\/\/stvega.net\/pl\/product\/stvega-linija-suszenia-salatek-l2500-automatyczna-linia-suszenia-salatek\/","og_site_name":"\u0448\u0438\u0440\u043e\u043a\u0438\u0439 \u0430\u0441\u043e\u0440\u0442\u0438\u043c\u0435\u043d\u0442 \u0445\u0430\u0440\u0447\u043e\u0432\u043e\u0433\u043e \u043f\u0440\u043e\u043c\u0438\u0441\u043b\u043e\u0432\u043e\u0433\u043e \u043e\u0431\u043b\u0430\u0434\u043d\u0430\u043d\u043d\u044f \u0434\u043b\u044f \u043f\u0435\u0440\u0435\u0440\u043e\u0431\u043a\u0438 \u043c\u2019\u044f\u0441\u0430, \u043e\u0432\u043e\u0447\u0456\u0432 \u0456 \u0444\u0440\u0443\u043a\u0442\u0456\u0432\u2b50\u0412\u0438\u0433\u0456\u0434\u043d\u0456 \u0446\u0456\u043d\u0438 \ud83e\uddbe\u0412\u0438\u0440\u043e\u0431\u043d\u0438\u0447\u0456 \u043b\u0456\u043d\u0456\u0457 \u043f\u0456\u0434 \u043a\u043b\u044e\u0447\ud83d\ude9a \u0414\u043e\u0441\u0442\u0430\u0432\u043a\u0430 \ud83d\udee0\u0421\u0435\u0440\u0432\u0456\u0441","article_publisher":"https:\/\/www.facebook.com\/share\/9F1B4VxaHAC9E9HB\/?mibextid=qi2Omg","og_image":[{"width":3691,"height":1829,"url":"https:\/\/stvega.net\/wp-content\/uploads\/2025\/01\/avtomatychna-liniya-stvega-salad-driyng-line-2200-2.png","type":"image\/png"}],"twitter_card":"summary_large_image","twitter_misc":{"Szacowany czas czytania":"1 minuta"},"schema":{"@context":"https:\/\/schema.org","@graph":[{"@type":"WebPage","@id":"https:\/\/stvega.net\/pl\/product\/stvega-linija-suszenia-salatek-l2500-automatyczna-linia-suszenia-salatek\/","url":"https:\/\/stvega.net\/pl\/product\/stvega-linija-suszenia-salatek-l2500-automatyczna-linia-suszenia-salatek\/","name":"STvega Linija Suszenia Sa\u0142atek L2500 Automatyczna Linia Suszenia Sa\u0142atek \u043a\u0443\u043f\u0438\u0442\u0438 \u0437\u0430 \u0432\u0438\u0433\u0456\u0434\u043d\u043e\u044e \u0446\u0456\u043d\u043e\u044e \u0432 \u043c\u0430\u0433\u0430\u0437\u0438\u043d\u0456 STvega","isPartOf":{"@id":"https:\/\/stvega.net\/pl\/#website"},"primaryImageOfPage":{"@id":"https:\/\/stvega.net\/pl\/product\/stvega-linija-suszenia-salatek-l2500-automatyczna-linia-suszenia-salatek\/#primaryimage"},"image":{"@id":"https:\/\/stvega.net\/pl\/product\/stvega-linija-suszenia-salatek-l2500-automatyczna-linia-suszenia-salatek\/#primaryimage"},"thumbnailUrl":"https:\/\/stvega.net\/wp-content\/uploads\/2025\/01\/avtomatychna-liniya-stvega-salad-driyng-line-2200-2.png","datePublished":"2025-01-31T08:26:55+00:00","description":"STvega Linija Suszenia Sa\u0142atek L2500 Automatyczna Linia Suszenia Sa\u0142atek | \u043a\u0443\u043f\u0438\u0442\u0438 \u0437\u0430 \ud83c\udf1f\u0432\u0438\u0433\u0456\u0434\u043d\u043e\u044e \u0446\u0456\u043d\u043e\u044e \u0432 \u043c\u0430\u0433\u0430\u0437\u0438\u043d\u0456 STvega","breadcrumb":{"@id":"https:\/\/stvega.net\/pl\/product\/stvega-linija-suszenia-salatek-l2500-automatyczna-linia-suszenia-salatek\/#breadcrumb"},"inLanguage":"pl-PL","potentialAction":[{"@type":"ReadAction","target":["https:\/\/stvega.net\/pl\/product\/stvega-linija-suszenia-salatek-l2500-automatyczna-linia-suszenia-salatek\/"]}]},{"@type":"ImageObject","inLanguage":"pl-PL","@id":"https:\/\/stvega.net\/pl\/product\/stvega-linija-suszenia-salatek-l2500-automatyczna-linia-suszenia-salatek\/#primaryimage","url":"https:\/\/stvega.net\/wp-content\/uploads\/2025\/01\/avtomatychna-liniya-stvega-salad-driyng-line-2200-2.png","contentUrl":"https:\/\/stvega.net\/wp-content\/uploads\/2025\/01\/avtomatychna-liniya-stvega-salad-driyng-line-2200-2.png","width":3691,"height":1829},{"@type":"BreadcrumbList","@id":"https:\/\/stvega.net\/pl\/product\/stvega-linija-suszenia-salatek-l2500-automatyczna-linia-suszenia-salatek\/#breadcrumb","itemListElement":[{"@type":"ListItem","position":1,"name":"Dom","item":"https:\/\/stvega.net\/pl\/"},{"@type":"ListItem","position":2,"name":"Katalog","item":"https:\/\/stvega.net\/katalog\/"},{"@type":"ListItem","position":3,"name":"STvega Linija Suszenia Sa\u0142atek L2500 Automatyczna Linia Suszenia Sa\u0142atek"}]},{"@type":"WebSite","@id":"https:\/\/stvega.net\/pl\/#website","url":"https:\/\/stvega.net\/pl\/","name":"STvega","description":"\u0445\u0430\u0440\u0447\u043e\u0432\u0435 \u043f\u0440\u043e\u043c\u0438\u0441\u043b\u043e\u0432\u0435 \u043e\u0431\u043b\u0430\u0434\u043d\u0430\u043d\u043d\u044f","publisher":{"@id":"https:\/\/stvega.net\/pl\/#organization"},"alternateName":"STvega - \u043e\u0432\u043e\u0447\u0435\u0440\u0456\u0437\u043a\u0438, \u0448\u043f\u0438\u0433\u043e\u0440\u0456\u0437\u043a\u0438, \u0441\u043b\u0430\u0439\u0441\u0435\u0440\u0438 \u0442\u0430 \u0456\u043d\u0448\u0435 \u0445\u0430\u0440\u0447\u043e\u0432\u0435 \u043e\u0431\u043b\u0430\u0434\u043d\u0430\u043d\u043d\u044f","potentialAction":[{"@type":"SearchAction","target":{"@type":"EntryPoint","urlTemplate":"https:\/\/stvega.net\/pl\/?s={search_term_string}"},"query-input":{"@type":"PropertyValueSpecification","valueRequired":true,"valueName":"search_term_string"}}],"inLanguage":"pl-PL"},{"@type":"Organization","@id":"https:\/\/stvega.net\/pl\/#organization","name":"STvega \u0425\u0410\u0420\u0427\u041e\u0412\u0415 \u041f\u0420\u041e\u041c\u0418\u0421\u041b\u041e\u0412\u0415 \u041e\u0411\u041b\u0410\u0414\u041d\u0410\u041d\u041d\u042f","alternateName":"STvega - \u043e\u0432\u043e\u0447\u0435\u0440\u0456\u0437\u043a\u0438, \u0448\u043f\u0438\u0433\u043e\u0440\u0456\u0437\u043a\u0438, \u0441\u043b\u0430\u0439\u0441\u0435\u0440\u0438 \u0442\u0430 \u0456\u043d\u0448\u0435 \u0445\u0430\u0440\u0447\u043e\u0432\u0435 \u043e\u0431\u043b\u0430\u0434\u043d\u0430\u043d\u043d\u044f","url":"https:\/\/stvega.net\/pl\/","logo":{"@type":"ImageObject","inLanguage":"pl-PL","@id":"https:\/\/stvega.net\/pl\/#\/schema\/logo\/image\/","url":"https:\/\/stvega.net\/wp-content\/uploads\/2024\/03\/dyzajn-bez-nazvanyya-1.png","contentUrl":"https:\/\/stvega.net\/wp-content\/uploads\/2024\/03\/dyzajn-bez-nazvanyya-1.png","width":180,"height":180,"caption":"STvega \u0425\u0410\u0420\u0427\u041e\u0412\u0415 \u041f\u0420\u041e\u041c\u0418\u0421\u041b\u041e\u0412\u0415 \u041e\u0411\u041b\u0410\u0414\u041d\u0410\u041d\u041d\u042f"},"image":{"@id":"https:\/\/stvega.net\/pl\/#\/schema\/logo\/image\/"},"sameAs":["https:\/\/www.facebook.com\/share\/9F1B4VxaHAC9E9HB\/?mibextid=qi2Omg"]}]}},"_links":{"self":[{"href":"https:\/\/stvega.net\/pl\/wp-json\/wp\/v2\/product\/11916","targetHints":{"allow":["GET"]}}],"collection":[{"href":"https:\/\/stvega.net\/pl\/wp-json\/wp\/v2\/product"}],"about":[{"href":"https:\/\/stvega.net\/pl\/wp-json\/wp\/v2\/types\/product"}],"replies":[{"embeddable":true,"href":"https:\/\/stvega.net\/pl\/wp-json\/wp\/v2\/comments?post=11916"}],"wp:featuredmedia":[{"embeddable":true,"href":"https:\/\/stvega.net\/pl\/wp-json\/wp\/v2\/media\/11923"}],"wp:attachment":[{"href":"https:\/\/stvega.net\/pl\/wp-json\/wp\/v2\/media?parent=11916"}],"wp:term":[{"taxonomy":"product_brand","embeddable":true,"href":"https:\/\/stvega.net\/pl\/wp-json\/wp\/v2\/product_brand?post=11916"},{"taxonomy":"product_cat","embeddable":true,"href":"https:\/\/stvega.net\/pl\/wp-json\/wp\/v2\/product_cat?post=11916"},{"taxonomy":"product_tag","embeddable":true,"href":"https:\/\/stvega.net\/pl\/wp-json\/wp\/v2\/product_tag?post=11916"}],"curies":[{"name":"wp","href":"https:\/\/api.w.org\/{rel}","templated":true}]}}