{"id":11908,"date":"2024-12-30T14:18:25","date_gmt":"2024-12-30T11:18:25","guid":{"rendered":"https:\/\/stvega.net\/product\/ukladalnik-ya%d1%94cz-stvega-vacuum-egg-lifter-h30\/"},"modified":"2026-05-07T13:51:59","modified_gmt":"2026-05-07T10:51:59","slug":"ukladalnik-ya%d1%94cz-stvega-vacuum-egg-lifter-h30","status":"publish","type":"product","link":"https:\/\/stvega.net\/pl\/product\/ukladalnik-ya%d1%94cz-stvega-vacuum-egg-lifter-h30\/","title":{"rendered":"\u0423\u043a\u043b\u0430\u0434\u0430\u043b\u044c\u043d\u0438\u043a \u044f\u0454\u0446\u044c STvega Vacuum Egg Lifter H30"},"content":{"rendered":"<p><b>STvega Vacuum Egg Lifter H30<\/b><span style=\"font-weight: 400;\"> to specjalistyczny p\u00f3\u0142automatyczny sprz\u0119t zaprojektowany do szybkiego, bezpiecznego i higienicznego przemieszczania jajek. Dzi\u0119ki zastosowaniu mi\u0119kkich silikonowych przyssawek oraz systemu pr\u00f3\u017cniowym urz\u0105dzenie pozwala operatorowi na natychmiastowe przenoszenie ca\u0142ych kaset jajek (30 cz\u0119\u015bci) z pojemnik\u00f3w transportowych do tac do nak\u0142adaczy, przeno\u015bnik\u00f3w lub miejsc przetwarzania.<\/span><\/p>\n<p><span style=\"font-weight: 400;\">To niezb\u0119dne rozwi\u0105zanie dla ferm drobiu, cukierni i piekarni, gdzie kluczowe s\u0105 tempo pracy i minimalizacja uszkodzenia produkt\u00f3w.<\/span><\/p>\n<p><b>Zasada dzia\u0142ania:<\/b><\/p>\n<p><span style=\"font-weight: 400;\">Proces sterowania jest jak najbardziej intuicyjny: operator przynosi manipulator do tacy na jajka, \u0142\u0105cz\u0105c przyssawki z produktem. Po naci\u015bni\u0119ciu prze\u0142\u0105cznika powstaje pr\u00f3\u017cnia, kt\u00f3ra bezpiecznie utrzymuje wszystkie 30 jaj jednocze\u015bnie. Po przeniesieniu do po\u017c\u0105danego miejsca operator przesuwa prze\u0142\u0105cznik do pozycji niepracuj\u0105cej, a jaja s\u0105 p\u0142ynnie zwalniane.  <\/span><\/p>\n<p><b>Zalety sprz\u0119tu:<\/b><\/p>\n<ul>\n<li style=\"font-weight: 400;\" aria-level=\"1\"><span style=\"font-weight: 400;\">Zastosowanie mi\u0119kkiego chwytacza pr\u00f3\u017cniowego ca\u0142kowicie eliminuje ryzyko uszkodzenia lub uszkodzenia jaj podczas intensywnego ruchu.<\/span><\/li>\n<li style=\"font-weight: 400;\" aria-level=\"1\"><span style=\"font-weight: 400;\">D\u0142ugo\u015b\u0107 w\u0119\u017ca pr\u00f3\u017cniowego wynosz\u0105ca 4 metry zapewnia operatorowi wystarczaj\u0105c\u0105 swobod\u0119 ruchu do komfortowej pracy mi\u0119dzy r\u00f3\u017cnymi strefami za\u0142adunku.<\/span><\/li>\n<li style=\"font-weight: 400;\" aria-level=\"1\"><span style=\"font-weight: 400;\">Kompaktowe wymiary i intuicyjna obs\u0142uga pozwalaj\u0105 pracownikom rozpocz\u0105\u0107 prac\u0119 z urz\u0105dzeniem bez d\u0142ugiego wst\u0119pnego rozwoju.<\/span><\/li>\n<li style=\"font-weight: 400;\" aria-level=\"1\"><span style=\"font-weight: 400;\">Pot\u0119\u017cna pompa pr\u00f3\u017cniowa zapewnia stabiln\u0105 si\u0142\u0119 ssania, co gwarantuje niezawodne zatrzymanie wszystkich 30 kom\u00f3rek jajowych jednocze\u015bnie.<\/span><\/li>\n<li style=\"font-weight: 400;\" aria-level=\"1\"><span style=\"font-weight: 400;\">Wszystkie elementy urz\u0105dzenia wykonane s\u0105 z materia\u0142\u00f3w bezpiecznych dla \u017cywno\u015bci, co pozwala na stosowanie urz\u0105dzenia w przedsi\u0119biorstwach o \u015bcis\u0142ych wymaganiach sanitarnych.<\/span><\/li>\n<\/ul>\n\t<div class=\"section video\">\n\t\t<div class=\"row\">\n\t\t\t\t\t\t\t\t\t\t\t\t<div class=\"col-md-4 col-12\">\n\t\t\t\t\t\t<div class=\"container-lazyload preview-lazyload container-youtube js-lazyload--not-loaded\"><a href=\"https:\/\/www.youtube.com\/watch?v=cEBGmowaabE\" class=\"lazy-load-youtube preview-lazyload preview-youtube\" data-video-title=\"\u0412\u0430\u043a\u0443\u0443\u043c\u043d\u0438\u0439 \u0443\u043a\u043b\u0430\u0434\u0430\u043b\u044c\u043d\u0438\u043a STvega Vacuum Egg Lifter H30 \u0434\u043b\u044f \u043f\u0435\u0440\u0435\u043c\u0456\u0449\u0435\u043d\u043d\u044f \u044f\u0454\u0446\u044c \u0437 \u043b\u043e\u0442\u043a\u0456\u0432\" title=\"Play video &quot;\u0412\u0430\u043a\u0443\u0443\u043c\u043d\u0438\u0439 \u0443\u043a\u043b\u0430\u0434\u0430\u043b\u044c\u043d\u0438\u043a STvega Vacuum Egg Lifter H30 \u0434\u043b\u044f \u043f\u0435\u0440\u0435\u043c\u0456\u0449\u0435\u043d\u043d\u044f \u044f\u0454\u0446\u044c \u0437 \u043b\u043e\u0442\u043a\u0456\u0432&quot;\">https:\/\/www.youtube.com\/watch?v=cEBGmowaabE<\/a><noscript>Video can&#8217;t be loaded because JavaScript is disabled: <a href=\"https:\/\/www.youtube.com\/watch?v=cEBGmowaabE\" title=\"\u0412\u0430\u043a\u0443\u0443\u043c\u043d\u0438\u0439 \u0443\u043a\u043b\u0430\u0434\u0430\u043b\u044c\u043d\u0438\u043a STvega Vacuum Egg Lifter H30 \u0434\u043b\u044f \u043f\u0435\u0440\u0435\u043c\u0456\u0449\u0435\u043d\u043d\u044f \u044f\u0454\u0446\u044c \u0437 \u043b\u043e\u0442\u043a\u0456\u0432\">\u0412\u0430\u043a\u0443\u0443\u043c\u043d\u0438\u0439 \u0443\u043a\u043b\u0430\u0434\u0430\u043b\u044c\u043d\u0438\u043a STvega Vacuum Egg Lifter H30 \u0434\u043b\u044f \u043f\u0435\u0440\u0435\u043c\u0456\u0449\u0435\u043d\u043d\u044f \u044f\u0454\u0446\u044c \u0437 \u043b\u043e\u0442\u043a\u0456\u0432 (https:\/\/www.youtube.com\/watch?v=cEBGmowaabE)<\/a><\/noscript><\/div>\n\t\t\t\t\t<\/div>\n\t\t\t\t\t\t\t\t\t<\/div>\n\t<\/div>\n\t\t","protected":false},"excerpt":{"rendered":"<p><strong><b>STvega<\/b><\/strong><strong><b> Vacuum Egg Lifter H3<\/b><\/strong><strong><b>0<\/b><\/strong> pozwala na przenoszenie lub przenoszenie jajek za pomoc\u0105 gumowych przyssawek i odkurzania z tacy (kartonu) do maszyny, tacy do przelewu jajek lub r\u00f3\u017cnych pojemnik\u00f3w do przetw\u00f3rstwa jajek.<\/p>\n<p><strong>Specyfikacje:<\/strong><\/p>\n<p><strong> [table id=&#8221;307&#8243; \/]<\/strong><\/p>\n<p>&nbsp;<\/p>\n","protected":false},"featured_media":11976,"comment_status":"closed","ping_status":"closed","template":"","meta":{"_acf_changed":false,"inline_featured_image":false},"product_brand":[],"product_cat":[3635,3618],"product_tag":[5979,4923,3785,5969,6127,5850,5981,5973,6125,3778,5983,5438,6115,5977,5971,5976,6109,6112,6119,5967,5974,6123],"class_list":{"0":"post-11908","1":"product","2":"type-product","3":"status-publish","4":"has-post-thumbnail","6":"product_cat-inspekcja-i-transport","7":"product_cat-jajka","8":"product_tag-automatyczny-transfer-komorek-jajowych","9":"product_tag-automatyzacja-procesow-2","10":"product_tag-efektywne-pakowanie","11":"product_tag-egg-stacker","12":"product_tag-jajka-przyssawki","13":"product_tag-kontrola-jakosci-produktu-2","14":"product_tag-maszyna-dla-przedsiebiorstwa-przetworstwa-jaj","15":"product_tag-maszyna-do-przenoszenia-jajek","16":"product_tag-opakowanie-jajek","17":"product_tag-przemysl-spozywczy","18":"product_tag-przemyslowy-uklad-jaj","19":"product_tag-przetworstwo-jaj","20":"product_tag-skladanie-jaj","21":"product_tag-skladanie-jaj-za-pomoca-gumowych-przyssawek","22":"product_tag-sprzet-do-jaj-prozniowych","23":"product_tag-sprzet-do-przetwarzania-jaj","24":"product_tag-sprzet-pakujacy-3","25":"product_tag-stos-prozniowy","26":"product_tag-ukladanie-przemyslowe","27":"product_tag-wakuacyjny-sklad-jajek","28":"product_tag-wyposazenie-dla-ferm-drobiu-2","29":"product_tag-zmechanizowane-ukladanie","31":"first","32":"instock","33":"shipping-taxable","34":"product-type-simple"},"acf":[],"yoast_head":"<!-- This site is optimized with the Yoast SEO plugin v27.5 - https:\/\/yoast.com\/product\/yoast-seo-wordpress\/ -->\n<title>\u0423\u043a\u043b\u0430\u0434\u0430\u043b\u044c\u043d\u0438\u043a \u044f\u0454\u0446\u044c STvega Vacuum Egg Lifter H30 \u043a\u0443\u043f\u0438\u0442\u0438 \u0437\u0430 \u0432\u0438\u0433\u0456\u0434\u043d\u043e\u044e \u0446\u0456\u043d\u043e\u044e \u0432 \u043c\u0430\u0433\u0430\u0437\u0438\u043d\u0456 STvega<\/title>\n<meta name=\"description\" content=\"\u0423\u043a\u043b\u0430\u0434\u0430\u043b\u044c\u043d\u0438\u043a \u044f\u0454\u0446\u044c STvega Vacuum Egg Lifter H30 | \u043a\u0443\u043f\u0438\u0442\u0438 \u0437\u0430 \ud83c\udf1f\u0432\u0438\u0433\u0456\u0434\u043d\u043e\u044e \u0446\u0456\u043d\u043e\u044e \u0432 \u043c\u0430\u0433\u0430\u0437\u0438\u043d\u0456 STvega\" \/>\n<meta name=\"robots\" content=\"index, follow, max-snippet:-1, max-image-preview:large, max-video-preview:-1\" \/>\n<link rel=\"canonical\" href=\"https:\/\/stvega.net\/pl\/product\/ukladalnik-ya%d1%94cz-stvega-vacuum-egg-lifter-h30\/\" \/>\n<meta property=\"og:locale\" content=\"pl_PL\" \/>\n<meta property=\"og:type\" content=\"article\" \/>\n<meta property=\"og:title\" content=\"\u0423\u043a\u043b\u0430\u0434\u0430\u043b\u044c\u043d\u0438\u043a \u044f\u0454\u0446\u044c STvega Vacuum Egg Lifter H30 \u043a\u0443\u043f\u0438\u0442\u0438 \u0437\u0430 \u0432\u0438\u0433\u0456\u0434\u043d\u043e\u044e \u0446\u0456\u043d\u043e\u044e \u0432 \u043c\u0430\u0433\u0430\u0437\u0438\u043d\u0456 STvega\" \/>\n<meta property=\"og:description\" content=\"\u0423\u043a\u043b\u0430\u0434\u0430\u043b\u044c\u043d\u0438\u043a \u044f\u0454\u0446\u044c STvega Vacuum Egg Lifter H30 | \u043a\u0443\u043f\u0438\u0442\u0438 \u0437\u0430 \ud83c\udf1f\u0432\u0438\u0433\u0456\u0434\u043d\u043e\u044e \u0446\u0456\u043d\u043e\u044e \u0432 \u043c\u0430\u0433\u0430\u0437\u0438\u043d\u0456 STvega\" \/>\n<meta property=\"og:url\" content=\"https:\/\/stvega.net\/pl\/product\/ukladalnik-ya%d1%94cz-stvega-vacuum-egg-lifter-h30\/\" \/>\n<meta property=\"og:site_name\" content=\"\u0448\u0438\u0440\u043e\u043a\u0438\u0439 \u0430\u0441\u043e\u0440\u0442\u0438\u043c\u0435\u043d\u0442 \u0445\u0430\u0440\u0447\u043e\u0432\u043e\u0433\u043e \u043f\u0440\u043e\u043c\u0438\u0441\u043b\u043e\u0432\u043e\u0433\u043e \u043e\u0431\u043b\u0430\u0434\u043d\u0430\u043d\u043d\u044f \u0434\u043b\u044f \u043f\u0435\u0440\u0435\u0440\u043e\u0431\u043a\u0438 \u043c\u2019\u044f\u0441\u0430, \u043e\u0432\u043e\u0447\u0456\u0432 \u0456 \u0444\u0440\u0443\u043a\u0442\u0456\u0432\u2b50\u0412\u0438\u0433\u0456\u0434\u043d\u0456 \u0446\u0456\u043d\u0438 \ud83e\uddbe\u0412\u0438\u0440\u043e\u0431\u043d\u0438\u0447\u0456 \u043b\u0456\u043d\u0456\u0457 \u043f\u0456\u0434 \u043a\u043b\u044e\u0447\ud83d\ude9a \u0414\u043e\u0441\u0442\u0430\u0432\u043a\u0430 \ud83d\udee0\u0421\u0435\u0440\u0432\u0456\u0441\" \/>\n<meta property=\"article:publisher\" content=\"https:\/\/www.facebook.com\/share\/9F1B4VxaHAC9E9HB\/?mibextid=qi2Omg\" \/>\n<meta property=\"article:modified_time\" content=\"2026-05-07T10:51:59+00:00\" \/>\n<meta property=\"og:image\" content=\"https:\/\/stvega.net\/wp-content\/uploads\/2024\/12\/ukladalnyk_yayecz-.png\" \/>\n\t<meta property=\"og:image:width\" content=\"837\" \/>\n\t<meta property=\"og:image:height\" content=\"576\" \/>\n\t<meta property=\"og:image:type\" content=\"image\/png\" \/>\n<meta name=\"twitter:card\" content=\"summary_large_image\" \/>\n<meta name=\"twitter:label1\" content=\"Szacowany czas czytania\" \/>\n\t<meta name=\"twitter:data1\" content=\"1 minuta\" \/>\n<script type=\"application\/ld+json\" class=\"yoast-schema-graph\">{\"@context\":\"https:\\\/\\\/schema.org\",\"@graph\":[{\"@type\":\"WebPage\",\"@id\":\"https:\\\/\\\/stvega.net\\\/pl\\\/product\\\/ukladalnik-ya%d1%94cz-stvega-vacuum-egg-lifter-h30\\\/\",\"url\":\"https:\\\/\\\/stvega.net\\\/pl\\\/product\\\/ukladalnik-ya%d1%94cz-stvega-vacuum-egg-lifter-h30\\\/\",\"name\":\"\u0423\u043a\u043b\u0430\u0434\u0430\u043b\u044c\u043d\u0438\u043a \u044f\u0454\u0446\u044c STvega Vacuum Egg Lifter H30 \u043a\u0443\u043f\u0438\u0442\u0438 \u0437\u0430 \u0432\u0438\u0433\u0456\u0434\u043d\u043e\u044e \u0446\u0456\u043d\u043e\u044e \u0432 \u043c\u0430\u0433\u0430\u0437\u0438\u043d\u0456 STvega\",\"isPartOf\":{\"@id\":\"https:\\\/\\\/stvega.net\\\/pl\\\/#website\"},\"primaryImageOfPage\":{\"@id\":\"https:\\\/\\\/stvega.net\\\/pl\\\/product\\\/ukladalnik-ya%d1%94cz-stvega-vacuum-egg-lifter-h30\\\/#primaryimage\"},\"image\":{\"@id\":\"https:\\\/\\\/stvega.net\\\/pl\\\/product\\\/ukladalnik-ya%d1%94cz-stvega-vacuum-egg-lifter-h30\\\/#primaryimage\"},\"thumbnailUrl\":\"https:\\\/\\\/stvega.net\\\/wp-content\\\/uploads\\\/2024\\\/12\\\/ukladalnyk_yayecz-.png\",\"datePublished\":\"2024-12-30T11:18:25+00:00\",\"dateModified\":\"2026-05-07T10:51:59+00:00\",\"description\":\"\u0423\u043a\u043b\u0430\u0434\u0430\u043b\u044c\u043d\u0438\u043a \u044f\u0454\u0446\u044c STvega Vacuum Egg Lifter H30 | \u043a\u0443\u043f\u0438\u0442\u0438 \u0437\u0430 \ud83c\udf1f\u0432\u0438\u0433\u0456\u0434\u043d\u043e\u044e \u0446\u0456\u043d\u043e\u044e \u0432 \u043c\u0430\u0433\u0430\u0437\u0438\u043d\u0456 STvega\",\"breadcrumb\":{\"@id\":\"https:\\\/\\\/stvega.net\\\/pl\\\/product\\\/ukladalnik-ya%d1%94cz-stvega-vacuum-egg-lifter-h30\\\/#breadcrumb\"},\"inLanguage\":\"pl-PL\",\"potentialAction\":[{\"@type\":\"ReadAction\",\"target\":[\"https:\\\/\\\/stvega.net\\\/pl\\\/product\\\/ukladalnik-ya%d1%94cz-stvega-vacuum-egg-lifter-h30\\\/\"]}]},{\"@type\":\"ImageObject\",\"inLanguage\":\"pl-PL\",\"@id\":\"https:\\\/\\\/stvega.net\\\/pl\\\/product\\\/ukladalnik-ya%d1%94cz-stvega-vacuum-egg-lifter-h30\\\/#primaryimage\",\"url\":\"https:\\\/\\\/stvega.net\\\/wp-content\\\/uploads\\\/2024\\\/12\\\/ukladalnyk_yayecz-.png\",\"contentUrl\":\"https:\\\/\\\/stvega.net\\\/wp-content\\\/uploads\\\/2024\\\/12\\\/ukladalnyk_yayecz-.png\",\"width\":837,\"height\":576},{\"@type\":\"BreadcrumbList\",\"@id\":\"https:\\\/\\\/stvega.net\\\/pl\\\/product\\\/ukladalnik-ya%d1%94cz-stvega-vacuum-egg-lifter-h30\\\/#breadcrumb\",\"itemListElement\":[{\"@type\":\"ListItem\",\"position\":1,\"name\":\"Dom\",\"item\":\"https:\\\/\\\/stvega.net\\\/pl\\\/\"},{\"@type\":\"ListItem\",\"position\":2,\"name\":\"Katalog\",\"item\":\"https:\\\/\\\/stvega.net\\\/katalog\\\/\"},{\"@type\":\"ListItem\",\"position\":3,\"name\":\"\u0423\u043a\u043b\u0430\u0434\u0430\u043b\u044c\u043d\u0438\u043a \u044f\u0454\u0446\u044c STvega Vacuum Egg Lifter H30\"}]},{\"@type\":\"WebSite\",\"@id\":\"https:\\\/\\\/stvega.net\\\/pl\\\/#website\",\"url\":\"https:\\\/\\\/stvega.net\\\/pl\\\/\",\"name\":\"STvega\",\"description\":\"\u0445\u0430\u0440\u0447\u043e\u0432\u0435 \u043f\u0440\u043e\u043c\u0438\u0441\u043b\u043e\u0432\u0435 \u043e\u0431\u043b\u0430\u0434\u043d\u0430\u043d\u043d\u044f\",\"publisher\":{\"@id\":\"https:\\\/\\\/stvega.net\\\/pl\\\/#organization\"},\"alternateName\":\"STvega - \u043e\u0432\u043e\u0447\u0435\u0440\u0456\u0437\u043a\u0438, \u0448\u043f\u0438\u0433\u043e\u0440\u0456\u0437\u043a\u0438, \u0441\u043b\u0430\u0439\u0441\u0435\u0440\u0438 \u0442\u0430 \u0456\u043d\u0448\u0435 \u0445\u0430\u0440\u0447\u043e\u0432\u0435 \u043e\u0431\u043b\u0430\u0434\u043d\u0430\u043d\u043d\u044f\",\"potentialAction\":[{\"@type\":\"SearchAction\",\"target\":{\"@type\":\"EntryPoint\",\"urlTemplate\":\"https:\\\/\\\/stvega.net\\\/pl\\\/?s={search_term_string}\"},\"query-input\":{\"@type\":\"PropertyValueSpecification\",\"valueRequired\":true,\"valueName\":\"search_term_string\"}}],\"inLanguage\":\"pl-PL\"},{\"@type\":\"Organization\",\"@id\":\"https:\\\/\\\/stvega.net\\\/pl\\\/#organization\",\"name\":\"STvega \u0425\u0410\u0420\u0427\u041e\u0412\u0415 \u041f\u0420\u041e\u041c\u0418\u0421\u041b\u041e\u0412\u0415 \u041e\u0411\u041b\u0410\u0414\u041d\u0410\u041d\u041d\u042f\",\"alternateName\":\"STvega - \u043e\u0432\u043e\u0447\u0435\u0440\u0456\u0437\u043a\u0438, \u0448\u043f\u0438\u0433\u043e\u0440\u0456\u0437\u043a\u0438, \u0441\u043b\u0430\u0439\u0441\u0435\u0440\u0438 \u0442\u0430 \u0456\u043d\u0448\u0435 \u0445\u0430\u0440\u0447\u043e\u0432\u0435 \u043e\u0431\u043b\u0430\u0434\u043d\u0430\u043d\u043d\u044f\",\"url\":\"https:\\\/\\\/stvega.net\\\/pl\\\/\",\"logo\":{\"@type\":\"ImageObject\",\"inLanguage\":\"pl-PL\",\"@id\":\"https:\\\/\\\/stvega.net\\\/pl\\\/#\\\/schema\\\/logo\\\/image\\\/\",\"url\":\"https:\\\/\\\/stvega.net\\\/wp-content\\\/uploads\\\/2024\\\/03\\\/dyzajn-bez-nazvanyya-1.png\",\"contentUrl\":\"https:\\\/\\\/stvega.net\\\/wp-content\\\/uploads\\\/2024\\\/03\\\/dyzajn-bez-nazvanyya-1.png\",\"width\":180,\"height\":180,\"caption\":\"STvega \u0425\u0410\u0420\u0427\u041e\u0412\u0415 \u041f\u0420\u041e\u041c\u0418\u0421\u041b\u041e\u0412\u0415 \u041e\u0411\u041b\u0410\u0414\u041d\u0410\u041d\u041d\u042f\"},\"image\":{\"@id\":\"https:\\\/\\\/stvega.net\\\/pl\\\/#\\\/schema\\\/logo\\\/image\\\/\"},\"sameAs\":[\"https:\\\/\\\/www.facebook.com\\\/share\\\/9F1B4VxaHAC9E9HB\\\/?mibextid=qi2Omg\"]}]}<\/script>\n<!-- \/ Yoast SEO plugin. -->","yoast_head_json":{"title":"\u0423\u043a\u043b\u0430\u0434\u0430\u043b\u044c\u043d\u0438\u043a \u044f\u0454\u0446\u044c STvega Vacuum Egg Lifter H30 \u043a\u0443\u043f\u0438\u0442\u0438 \u0437\u0430 \u0432\u0438\u0433\u0456\u0434\u043d\u043e\u044e \u0446\u0456\u043d\u043e\u044e \u0432 \u043c\u0430\u0433\u0430\u0437\u0438\u043d\u0456 STvega","description":"\u0423\u043a\u043b\u0430\u0434\u0430\u043b\u044c\u043d\u0438\u043a \u044f\u0454\u0446\u044c STvega Vacuum Egg Lifter H30 | \u043a\u0443\u043f\u0438\u0442\u0438 \u0437\u0430 \ud83c\udf1f\u0432\u0438\u0433\u0456\u0434\u043d\u043e\u044e \u0446\u0456\u043d\u043e\u044e \u0432 \u043c\u0430\u0433\u0430\u0437\u0438\u043d\u0456 STvega","robots":{"index":"index","follow":"follow","max-snippet":"max-snippet:-1","max-image-preview":"max-image-preview:large","max-video-preview":"max-video-preview:-1"},"canonical":"https:\/\/stvega.net\/pl\/product\/ukladalnik-ya%d1%94cz-stvega-vacuum-egg-lifter-h30\/","og_locale":"pl_PL","og_type":"article","og_title":"\u0423\u043a\u043b\u0430\u0434\u0430\u043b\u044c\u043d\u0438\u043a \u044f\u0454\u0446\u044c STvega Vacuum Egg Lifter H30 \u043a\u0443\u043f\u0438\u0442\u0438 \u0437\u0430 \u0432\u0438\u0433\u0456\u0434\u043d\u043e\u044e \u0446\u0456\u043d\u043e\u044e \u0432 \u043c\u0430\u0433\u0430\u0437\u0438\u043d\u0456 STvega","og_description":"\u0423\u043a\u043b\u0430\u0434\u0430\u043b\u044c\u043d\u0438\u043a \u044f\u0454\u0446\u044c STvega Vacuum Egg Lifter H30 | \u043a\u0443\u043f\u0438\u0442\u0438 \u0437\u0430 \ud83c\udf1f\u0432\u0438\u0433\u0456\u0434\u043d\u043e\u044e \u0446\u0456\u043d\u043e\u044e \u0432 \u043c\u0430\u0433\u0430\u0437\u0438\u043d\u0456 STvega","og_url":"https:\/\/stvega.net\/pl\/product\/ukladalnik-ya%d1%94cz-stvega-vacuum-egg-lifter-h30\/","og_site_name":"\u0448\u0438\u0440\u043e\u043a\u0438\u0439 \u0430\u0441\u043e\u0440\u0442\u0438\u043c\u0435\u043d\u0442 \u0445\u0430\u0440\u0447\u043e\u0432\u043e\u0433\u043e \u043f\u0440\u043e\u043c\u0438\u0441\u043b\u043e\u0432\u043e\u0433\u043e \u043e\u0431\u043b\u0430\u0434\u043d\u0430\u043d\u043d\u044f \u0434\u043b\u044f \u043f\u0435\u0440\u0435\u0440\u043e\u0431\u043a\u0438 \u043c\u2019\u044f\u0441\u0430, \u043e\u0432\u043e\u0447\u0456\u0432 \u0456 \u0444\u0440\u0443\u043a\u0442\u0456\u0432\u2b50\u0412\u0438\u0433\u0456\u0434\u043d\u0456 \u0446\u0456\u043d\u0438 \ud83e\uddbe\u0412\u0438\u0440\u043e\u0431\u043d\u0438\u0447\u0456 \u043b\u0456\u043d\u0456\u0457 \u043f\u0456\u0434 \u043a\u043b\u044e\u0447\ud83d\ude9a \u0414\u043e\u0441\u0442\u0430\u0432\u043a\u0430 \ud83d\udee0\u0421\u0435\u0440\u0432\u0456\u0441","article_publisher":"https:\/\/www.facebook.com\/share\/9F1B4VxaHAC9E9HB\/?mibextid=qi2Omg","article_modified_time":"2026-05-07T10:51:59+00:00","og_image":[{"width":837,"height":576,"url":"https:\/\/stvega.net\/wp-content\/uploads\/2024\/12\/ukladalnyk_yayecz-.png","type":"image\/png"}],"twitter_card":"summary_large_image","twitter_misc":{"Szacowany czas czytania":"1 minuta"},"schema":{"@context":"https:\/\/schema.org","@graph":[{"@type":"WebPage","@id":"https:\/\/stvega.net\/pl\/product\/ukladalnik-ya%d1%94cz-stvega-vacuum-egg-lifter-h30\/","url":"https:\/\/stvega.net\/pl\/product\/ukladalnik-ya%d1%94cz-stvega-vacuum-egg-lifter-h30\/","name":"\u0423\u043a\u043b\u0430\u0434\u0430\u043b\u044c\u043d\u0438\u043a \u044f\u0454\u0446\u044c STvega Vacuum Egg Lifter H30 \u043a\u0443\u043f\u0438\u0442\u0438 \u0437\u0430 \u0432\u0438\u0433\u0456\u0434\u043d\u043e\u044e \u0446\u0456\u043d\u043e\u044e \u0432 \u043c\u0430\u0433\u0430\u0437\u0438\u043d\u0456 STvega","isPartOf":{"@id":"https:\/\/stvega.net\/pl\/#website"},"primaryImageOfPage":{"@id":"https:\/\/stvega.net\/pl\/product\/ukladalnik-ya%d1%94cz-stvega-vacuum-egg-lifter-h30\/#primaryimage"},"image":{"@id":"https:\/\/stvega.net\/pl\/product\/ukladalnik-ya%d1%94cz-stvega-vacuum-egg-lifter-h30\/#primaryimage"},"thumbnailUrl":"https:\/\/stvega.net\/wp-content\/uploads\/2024\/12\/ukladalnyk_yayecz-.png","datePublished":"2024-12-30T11:18:25+00:00","dateModified":"2026-05-07T10:51:59+00:00","description":"\u0423\u043a\u043b\u0430\u0434\u0430\u043b\u044c\u043d\u0438\u043a \u044f\u0454\u0446\u044c STvega Vacuum Egg Lifter H30 | \u043a\u0443\u043f\u0438\u0442\u0438 \u0437\u0430 \ud83c\udf1f\u0432\u0438\u0433\u0456\u0434\u043d\u043e\u044e \u0446\u0456\u043d\u043e\u044e \u0432 \u043c\u0430\u0433\u0430\u0437\u0438\u043d\u0456 STvega","breadcrumb":{"@id":"https:\/\/stvega.net\/pl\/product\/ukladalnik-ya%d1%94cz-stvega-vacuum-egg-lifter-h30\/#breadcrumb"},"inLanguage":"pl-PL","potentialAction":[{"@type":"ReadAction","target":["https:\/\/stvega.net\/pl\/product\/ukladalnik-ya%d1%94cz-stvega-vacuum-egg-lifter-h30\/"]}]},{"@type":"ImageObject","inLanguage":"pl-PL","@id":"https:\/\/stvega.net\/pl\/product\/ukladalnik-ya%d1%94cz-stvega-vacuum-egg-lifter-h30\/#primaryimage","url":"https:\/\/stvega.net\/wp-content\/uploads\/2024\/12\/ukladalnyk_yayecz-.png","contentUrl":"https:\/\/stvega.net\/wp-content\/uploads\/2024\/12\/ukladalnyk_yayecz-.png","width":837,"height":576},{"@type":"BreadcrumbList","@id":"https:\/\/stvega.net\/pl\/product\/ukladalnik-ya%d1%94cz-stvega-vacuum-egg-lifter-h30\/#breadcrumb","itemListElement":[{"@type":"ListItem","position":1,"name":"Dom","item":"https:\/\/stvega.net\/pl\/"},{"@type":"ListItem","position":2,"name":"Katalog","item":"https:\/\/stvega.net\/katalog\/"},{"@type":"ListItem","position":3,"name":"\u0423\u043a\u043b\u0430\u0434\u0430\u043b\u044c\u043d\u0438\u043a \u044f\u0454\u0446\u044c STvega Vacuum Egg Lifter H30"}]},{"@type":"WebSite","@id":"https:\/\/stvega.net\/pl\/#website","url":"https:\/\/stvega.net\/pl\/","name":"STvega","description":"\u0445\u0430\u0440\u0447\u043e\u0432\u0435 \u043f\u0440\u043e\u043c\u0438\u0441\u043b\u043e\u0432\u0435 \u043e\u0431\u043b\u0430\u0434\u043d\u0430\u043d\u043d\u044f","publisher":{"@id":"https:\/\/stvega.net\/pl\/#organization"},"alternateName":"STvega - \u043e\u0432\u043e\u0447\u0435\u0440\u0456\u0437\u043a\u0438, \u0448\u043f\u0438\u0433\u043e\u0440\u0456\u0437\u043a\u0438, \u0441\u043b\u0430\u0439\u0441\u0435\u0440\u0438 \u0442\u0430 \u0456\u043d\u0448\u0435 \u0445\u0430\u0440\u0447\u043e\u0432\u0435 \u043e\u0431\u043b\u0430\u0434\u043d\u0430\u043d\u043d\u044f","potentialAction":[{"@type":"SearchAction","target":{"@type":"EntryPoint","urlTemplate":"https:\/\/stvega.net\/pl\/?s={search_term_string}"},"query-input":{"@type":"PropertyValueSpecification","valueRequired":true,"valueName":"search_term_string"}}],"inLanguage":"pl-PL"},{"@type":"Organization","@id":"https:\/\/stvega.net\/pl\/#organization","name":"STvega \u0425\u0410\u0420\u0427\u041e\u0412\u0415 \u041f\u0420\u041e\u041c\u0418\u0421\u041b\u041e\u0412\u0415 \u041e\u0411\u041b\u0410\u0414\u041d\u0410\u041d\u041d\u042f","alternateName":"STvega - \u043e\u0432\u043e\u0447\u0435\u0440\u0456\u0437\u043a\u0438, \u0448\u043f\u0438\u0433\u043e\u0440\u0456\u0437\u043a\u0438, \u0441\u043b\u0430\u0439\u0441\u0435\u0440\u0438 \u0442\u0430 \u0456\u043d\u0448\u0435 \u0445\u0430\u0440\u0447\u043e\u0432\u0435 \u043e\u0431\u043b\u0430\u0434\u043d\u0430\u043d\u043d\u044f","url":"https:\/\/stvega.net\/pl\/","logo":{"@type":"ImageObject","inLanguage":"pl-PL","@id":"https:\/\/stvega.net\/pl\/#\/schema\/logo\/image\/","url":"https:\/\/stvega.net\/wp-content\/uploads\/2024\/03\/dyzajn-bez-nazvanyya-1.png","contentUrl":"https:\/\/stvega.net\/wp-content\/uploads\/2024\/03\/dyzajn-bez-nazvanyya-1.png","width":180,"height":180,"caption":"STvega \u0425\u0410\u0420\u0427\u041e\u0412\u0415 \u041f\u0420\u041e\u041c\u0418\u0421\u041b\u041e\u0412\u0415 \u041e\u0411\u041b\u0410\u0414\u041d\u0410\u041d\u041d\u042f"},"image":{"@id":"https:\/\/stvega.net\/pl\/#\/schema\/logo\/image\/"},"sameAs":["https:\/\/www.facebook.com\/share\/9F1B4VxaHAC9E9HB\/?mibextid=qi2Omg"]}]}},"_links":{"self":[{"href":"https:\/\/stvega.net\/pl\/wp-json\/wp\/v2\/product\/11908","targetHints":{"allow":["GET"]}}],"collection":[{"href":"https:\/\/stvega.net\/pl\/wp-json\/wp\/v2\/product"}],"about":[{"href":"https:\/\/stvega.net\/pl\/wp-json\/wp\/v2\/types\/product"}],"replies":[{"embeddable":true,"href":"https:\/\/stvega.net\/pl\/wp-json\/wp\/v2\/comments?post=11908"}],"wp:featuredmedia":[{"embeddable":true,"href":"https:\/\/stvega.net\/pl\/wp-json\/wp\/v2\/media\/11976"}],"wp:attachment":[{"href":"https:\/\/stvega.net\/pl\/wp-json\/wp\/v2\/media?parent=11908"}],"wp:term":[{"taxonomy":"product_brand","embeddable":true,"href":"https:\/\/stvega.net\/pl\/wp-json\/wp\/v2\/product_brand?post=11908"},{"taxonomy":"product_cat","embeddable":true,"href":"https:\/\/stvega.net\/pl\/wp-json\/wp\/v2\/product_cat?post=11908"},{"taxonomy":"product_tag","embeddable":true,"href":"https:\/\/stvega.net\/pl\/wp-json\/wp\/v2\/product_tag?post=11908"}],"curies":[{"name":"wp","href":"https:\/\/api.w.org\/{rel}","templated":true}]}}