{"id":11834,"date":"2024-11-25T17:48:13","date_gmt":"2024-11-25T14:48:13","guid":{"rendered":"https:\/\/stvega.net\/product\/wirowka-do-usuwania-wilgoci-z-warzyw-salatek-i-owocow-stvega-dm-h800\/"},"modified":"2024-11-25T17:48:13","modified_gmt":"2024-11-25T14:48:13","slug":"wirowka-do-usuwania-wilgoci-z-warzyw-salatek-i-owocow-stvega-dm-h800","status":"publish","type":"product","link":"https:\/\/stvega.net\/pl\/product\/wirowka-do-usuwania-wilgoci-z-warzyw-salatek-i-owocow-stvega-dm-h800\/","title":{"rendered":"Wir\u00f3wka do usuwania wilgoci z warzyw, sa\u0142atek i owoc\u00f3w STvega DM H800"},"content":{"rendered":"<p>Wir\u00f3wka <strong>STvega DM H800<\/strong> zosta\u0142a zaprojektowana do usuwania wilgoci powierzchniowej z jedzenia: sa\u0142atek, pokrojonych warzyw, owoc\u00f3w i innych produkt\u00f3w z u\u017cyciem si\u0142y od\u015brodkowej. Waga produktu za\u0142adowanego do suszenia zale\u017cy od rodzaju: sa\u0142atki li\u015bciaste \u2013 oko\u0142o 15-20 kg\/czas, posiekane warzywa\/owoce \u2013 oko\u0142o 25 kg\/czas. <\/p>\n<p><strong>Zasada dzia\u0142ania:<\/strong><\/p>\n<p>Produkt przeznaczony do suszenia jest r\u00f3wnomiernie \u0142adowany przez operatora do kosza wir\u00f3wki. Operator u\u017cywa ekranu dotykowego do regulacji parametr\u00f3w pracy maszyny i naciska przycisk uruchamiania wir\u00f3wki. G\u00f3rna pokrywa zamyka si\u0119 automatycznie, maszyna zaczyna dzia\u0142a\u0107. Kosz obraca si\u0119 z okre\u015blon\u0105 pr\u0119dko\u015bci\u0105, pod wp\u0142ywem si\u0142y od\u015brodkowej wilgo\u0107 jest oddzielana od produktu, przechodzi przez otwory perforowanego kosza i jest odprowadzana do przygotowanego pojemnika przez rur\u0119 odp\u0142ywow\u0105. Po zako\u0144czeniu cyklu suszenia g\u00f3rna pokrywa jest automatycznie podnoszona, operator wyjmuje wysuszony produkt.    <\/p>\n<p><strong>Zalety sprz\u0119tu:<\/strong><\/p>\n<ul>\n<li>Mi\u0119dzy podstaw\u0105 a sto\u0142em roboczym maszyny znajduje si\u0119 16 spr\u0119\u017cynowych wspornik\u00f3w, kt\u00f3re zapewniaj\u0105 stabilno\u015b\u0107 podczas pracy.<\/li>\n<li>Mo\u017cna suszy\u0107 ma\u0142y produkt w specjalnych workach, co pozwala chroni\u0107 surowce i przyspiesza proces za\u0142adunku oraz roz\u0142adunku.<\/li>\n<li>Szybko\u015b\u0107 i czas procesu suszenia mo\u017cna dostosowa\u0107 w zale\u017cno\u015bci od naczy\u0144 wymagaj\u0105cych r\u00f3\u017cnego poziomu wilgotno\u015bci.<\/li>\n<li>Inteligentny system sterowania, automatyczne otwieranie\/zamykanie\/uruchamianie\/zatrzymywanie poprawiaj\u0105 efektywno\u015b\u0107 pracy i zmniejszaj\u0105 intensywno\u015b\u0107 pracy.<\/li>\n<li>Bezpiecze\u0144stwo podczas dzia\u0142ania. Maszyna wyposa\u017cona jest w inteligentny czujnik r\u0119czny przeciw-zaciskowy oraz czujnik pr\u0119dko\u015bci. <\/li>\n<li>Jednostka steruj\u0105ca i uchwyt mog\u0105 by\u0107 obracane pod r\u00f3\u017cnymi k\u0105tami. Oszcz\u0119dza to miejsce, a operatorzy mog\u0105 dostosowa\u0107 go do wysoko\u015bci i rzeczywistej przestrzeni. <\/li>\n<li>\u0141atwy w obs\u0142udze dzi\u0119ki du\u017cemu, 7-calowemu kolorowemu ekranowi dotykowemu. Wygodne i intuicyjne ustawienie parametr\u00f3w pracy. Animacje na ekranie s\u0105 zsynchronizowane z rzeczywistymi ruchami, co pozwala operatorom na szybkie zrozumienie procesu.  <\/li>\n<li>Maszyna wykonana jest z wysokiej jako\u015bci stali nierdzewnej z piaskowaniem i obr\u00f3bk\u0105 pr\u00f3\u017cniow\u0105, co spe\u0142nia wymagania przemys\u0142u spo\u017cywczego.<\/li>\n<\/ul>\n\t<div class=\"section video\">\n\t\t<div class=\"row\">\n\t\t\t\t\t\t\t\t\t\t\t\t<div class=\"col-md-4 col-12\">\n\t\t\t\t\t\t<div class=\"container-lazyload preview-lazyload container-youtube js-lazyload--not-loaded\"><a href=\"https:\/\/www.youtube.com\/watch?v=ZyihPt5ekF0\" class=\"lazy-load-youtube preview-lazyload preview-youtube\" data-video-title=\"\u0426\u0435\u043d\u0442\u0440\u0438\u0444\u0443\u0433\u0430 STvega DM H800 \u0434\u043b\u044f \u0441\u0443\u0448\u0456\u043d\u043d\u044f \u0437\u0435\u043b\u0435\u043d\u0456, \u0441\u0430\u043b\u0430\u0442\u0443, \u0440\u0456\u0437\u0430\u043d\u0438\u0445 \u043e\u0432\u043e\u0447\u0456\u0432 \u0442\u0430 \u0444\u0440\u0443\u043a\u0442\u0456\u0432 \u043f\u0456\u0441\u043b\u044f \u043c\u0438\u0442\u0442\u044f\" title=\"Play video &quot;\u0426\u0435\u043d\u0442\u0440\u0438\u0444\u0443\u0433\u0430 STvega DM H800 \u0434\u043b\u044f \u0441\u0443\u0448\u0456\u043d\u043d\u044f \u0437\u0435\u043b\u0435\u043d\u0456, \u0441\u0430\u043b\u0430\u0442\u0443, \u0440\u0456\u0437\u0430\u043d\u0438\u0445 \u043e\u0432\u043e\u0447\u0456\u0432 \u0442\u0430 \u0444\u0440\u0443\u043a\u0442\u0456\u0432 \u043f\u0456\u0441\u043b\u044f \u043c\u0438\u0442\u0442\u044f&quot;\">https:\/\/www.youtube.com\/watch?v=ZyihPt5ekF0<\/a><noscript>Video can&#8217;t be loaded because JavaScript is disabled: <a href=\"https:\/\/www.youtube.com\/watch?v=ZyihPt5ekF0\" title=\"\u0426\u0435\u043d\u0442\u0440\u0438\u0444\u0443\u0433\u0430 STvega DM H800 \u0434\u043b\u044f \u0441\u0443\u0448\u0456\u043d\u043d\u044f \u0437\u0435\u043b\u0435\u043d\u0456, \u0441\u0430\u043b\u0430\u0442\u0443, \u0440\u0456\u0437\u0430\u043d\u0438\u0445 \u043e\u0432\u043e\u0447\u0456\u0432 \u0442\u0430 \u0444\u0440\u0443\u043a\u0442\u0456\u0432 \u043f\u0456\u0441\u043b\u044f \u043c\u0438\u0442\u0442\u044f\">\u0426\u0435\u043d\u0442\u0440\u0438\u0444\u0443\u0433\u0430 STvega DM H800 \u0434\u043b\u044f \u0441\u0443\u0448\u0456\u043d\u043d\u044f \u0437\u0435\u043b\u0435\u043d\u0456, \u0441\u0430\u043b\u0430\u0442\u0443, \u0440\u0456\u0437\u0430\u043d\u0438\u0445 \u043e\u0432\u043e\u0447\u0456\u0432 \u0442\u0430 \u0444\u0440\u0443\u043a\u0442\u0456\u0432 \u043f\u0456\u0441\u043b\u044f \u043c\u0438\u0442\u0442\u044f (https:\/\/www.youtube.com\/watch?v=ZyihPt5ekF0)<\/a><\/noscript><\/div>\n\t\t\t\t\t<\/div>\n\t\t\t\t\t\t\t\t\t<\/div>\n\t<\/div>\n\t\t","protected":false},"excerpt":{"rendered":"<p>Wir\u00f3wka <strong>STvega DM H800<\/strong> zosta\u0142a zaprojektowana do usuwania wilgoci powierzchniowej z jedzenia: sa\u0142atek, pokrojonych warzyw, owoc\u00f3w i innych produkt\u00f3w z u\u017cyciem si\u0142y od\u015brodkowej.<\/p>\n<p><strong>Specyfikacje:<\/strong><\/p>\n<p>[table id=&#8221;298&#8243; \/]<\/p>\n<p><span style=\"color: #0000ff;\"><strong>Unikalno\u015b\u0107 maszyny: <\/strong>Unikalna wewn\u0119trzna pokrywa koszyka gwarantuje proces suszenia bez utraty produktu i widoczno\u015bci odpad\u00f3w.<\/span><\/p>\n<p>&nbsp;<\/p>\n","protected":false},"featured_media":11844,"comment_status":"closed","ping_status":"closed","template":"","meta":{"_acf_changed":false,"inline_featured_image":false},"product_brand":[],"product_cat":[3622,3661,3630],"product_tag":[5796,5362,5794,5800,5793,5798],"class_list":{"0":"post-11834","1":"product","2":"type-product","3":"status-publish","4":"has-post-thumbnail","6":"product_cat-salatki","7":"product_cat-wirowki","8":"product_cat-zielen","9":"product_tag-suszarka-2","10":"product_tag-suszarka","11":"product_tag-suszarka-na-warzywa-i-owoce","12":"product_tag-suszarka-zywnosci","13":"product_tag-wirowka","14":"product_tag-wirowka-do-usuwania-wilgoci","16":"first","17":"instock","18":"shipping-taxable","19":"product-type-simple"},"acf":[],"yoast_head":"<!-- This site is optimized with the Yoast SEO plugin v27.5 - https:\/\/yoast.com\/product\/yoast-seo-wordpress\/ -->\n<title>Wir\u00f3wka do usuwania wilgoci z warzyw, sa\u0142atek i owoc\u00f3w STvega DM H800 \u043a\u0443\u043f\u0438\u0442\u0438 \u0437\u0430 \u0432\u0438\u0433\u0456\u0434\u043d\u043e\u044e \u0446\u0456\u043d\u043e\u044e \u0432 \u043c\u0430\u0433\u0430\u0437\u0438\u043d\u0456 STvega<\/title>\n<meta name=\"description\" content=\"Wir\u00f3wka do usuwania wilgoci z warzyw, sa\u0142atek i owoc\u00f3w STvega DM H800 | \u043a\u0443\u043f\u0438\u0442\u0438 \u0437\u0430 \ud83c\udf1f\u0432\u0438\u0433\u0456\u0434\u043d\u043e\u044e \u0446\u0456\u043d\u043e\u044e \u0432 \u043c\u0430\u0433\u0430\u0437\u0438\u043d\u0456 STvega\" \/>\n<meta name=\"robots\" content=\"index, follow, max-snippet:-1, max-image-preview:large, max-video-preview:-1\" \/>\n<link rel=\"canonical\" href=\"https:\/\/stvega.net\/pl\/product\/wirowka-do-usuwania-wilgoci-z-warzyw-salatek-i-owocow-stvega-dm-h800\/\" \/>\n<meta property=\"og:locale\" content=\"pl_PL\" \/>\n<meta property=\"og:type\" content=\"article\" \/>\n<meta property=\"og:title\" content=\"Wir\u00f3wka do usuwania wilgoci z warzyw, sa\u0142atek i owoc\u00f3w STvega DM H800 \u043a\u0443\u043f\u0438\u0442\u0438 \u0437\u0430 \u0432\u0438\u0433\u0456\u0434\u043d\u043e\u044e \u0446\u0456\u043d\u043e\u044e \u0432 \u043c\u0430\u0433\u0430\u0437\u0438\u043d\u0456 STvega\" \/>\n<meta property=\"og:description\" content=\"Wir\u00f3wka do usuwania wilgoci z warzyw, sa\u0142atek i owoc\u00f3w STvega DM H800 | \u043a\u0443\u043f\u0438\u0442\u0438 \u0437\u0430 \ud83c\udf1f\u0432\u0438\u0433\u0456\u0434\u043d\u043e\u044e \u0446\u0456\u043d\u043e\u044e \u0432 \u043c\u0430\u0433\u0430\u0437\u0438\u043d\u0456 STvega\" \/>\n<meta property=\"og:url\" content=\"https:\/\/stvega.net\/pl\/product\/wirowka-do-usuwania-wilgoci-z-warzyw-salatek-i-owocow-stvega-dm-h800\/\" \/>\n<meta property=\"og:site_name\" content=\"\u0448\u0438\u0440\u043e\u043a\u0438\u0439 \u0430\u0441\u043e\u0440\u0442\u0438\u043c\u0435\u043d\u0442 \u0445\u0430\u0440\u0447\u043e\u0432\u043e\u0433\u043e \u043f\u0440\u043e\u043c\u0438\u0441\u043b\u043e\u0432\u043e\u0433\u043e \u043e\u0431\u043b\u0430\u0434\u043d\u0430\u043d\u043d\u044f \u0434\u043b\u044f \u043f\u0435\u0440\u0435\u0440\u043e\u0431\u043a\u0438 \u043c\u2019\u044f\u0441\u0430, \u043e\u0432\u043e\u0447\u0456\u0432 \u0456 \u0444\u0440\u0443\u043a\u0442\u0456\u0432\u2b50\u0412\u0438\u0433\u0456\u0434\u043d\u0456 \u0446\u0456\u043d\u0438 \ud83e\uddbe\u0412\u0438\u0440\u043e\u0431\u043d\u0438\u0447\u0456 \u043b\u0456\u043d\u0456\u0457 \u043f\u0456\u0434 \u043a\u043b\u044e\u0447\ud83d\ude9a \u0414\u043e\u0441\u0442\u0430\u0432\u043a\u0430 \ud83d\udee0\u0421\u0435\u0440\u0432\u0456\u0441\" \/>\n<meta property=\"article:publisher\" content=\"https:\/\/www.facebook.com\/share\/9F1B4VxaHAC9E9HB\/?mibextid=qi2Omg\" \/>\n<meta property=\"og:image\" content=\"https:\/\/stvega.net\/wp-content\/uploads\/2024\/11\/czentryfuga-stvega-dm-h800-2-824x1024.png\" \/>\n\t<meta property=\"og:image:width\" content=\"824\" \/>\n\t<meta property=\"og:image:height\" content=\"1024\" \/>\n\t<meta property=\"og:image:type\" content=\"image\/png\" \/>\n<meta name=\"twitter:card\" content=\"summary_large_image\" \/>\n<meta name=\"twitter:label1\" content=\"Szacowany czas czytania\" \/>\n\t<meta name=\"twitter:data1\" content=\"2 minuty\" \/>\n<script type=\"application\/ld+json\" class=\"yoast-schema-graph\">{\"@context\":\"https:\\\/\\\/schema.org\",\"@graph\":[{\"@type\":\"WebPage\",\"@id\":\"https:\\\/\\\/stvega.net\\\/pl\\\/product\\\/wirowka-do-usuwania-wilgoci-z-warzyw-salatek-i-owocow-stvega-dm-h800\\\/\",\"url\":\"https:\\\/\\\/stvega.net\\\/pl\\\/product\\\/wirowka-do-usuwania-wilgoci-z-warzyw-salatek-i-owocow-stvega-dm-h800\\\/\",\"name\":\"Wir\u00f3wka do usuwania wilgoci z warzyw, sa\u0142atek i owoc\u00f3w STvega DM H800 \u043a\u0443\u043f\u0438\u0442\u0438 \u0437\u0430 \u0432\u0438\u0433\u0456\u0434\u043d\u043e\u044e \u0446\u0456\u043d\u043e\u044e \u0432 \u043c\u0430\u0433\u0430\u0437\u0438\u043d\u0456 STvega\",\"isPartOf\":{\"@id\":\"https:\\\/\\\/stvega.net\\\/pl\\\/#website\"},\"primaryImageOfPage\":{\"@id\":\"https:\\\/\\\/stvega.net\\\/pl\\\/product\\\/wirowka-do-usuwania-wilgoci-z-warzyw-salatek-i-owocow-stvega-dm-h800\\\/#primaryimage\"},\"image\":{\"@id\":\"https:\\\/\\\/stvega.net\\\/pl\\\/product\\\/wirowka-do-usuwania-wilgoci-z-warzyw-salatek-i-owocow-stvega-dm-h800\\\/#primaryimage\"},\"thumbnailUrl\":\"https:\\\/\\\/stvega.net\\\/wp-content\\\/uploads\\\/2024\\\/11\\\/czentryfuga-stvega-dm-h800-2.png\",\"datePublished\":\"2024-11-25T14:48:13+00:00\",\"description\":\"Wir\u00f3wka do usuwania wilgoci z warzyw, sa\u0142atek i owoc\u00f3w STvega DM H800 | \u043a\u0443\u043f\u0438\u0442\u0438 \u0437\u0430 \ud83c\udf1f\u0432\u0438\u0433\u0456\u0434\u043d\u043e\u044e \u0446\u0456\u043d\u043e\u044e \u0432 \u043c\u0430\u0433\u0430\u0437\u0438\u043d\u0456 STvega\",\"breadcrumb\":{\"@id\":\"https:\\\/\\\/stvega.net\\\/pl\\\/product\\\/wirowka-do-usuwania-wilgoci-z-warzyw-salatek-i-owocow-stvega-dm-h800\\\/#breadcrumb\"},\"inLanguage\":\"pl-PL\",\"potentialAction\":[{\"@type\":\"ReadAction\",\"target\":[\"https:\\\/\\\/stvega.net\\\/pl\\\/product\\\/wirowka-do-usuwania-wilgoci-z-warzyw-salatek-i-owocow-stvega-dm-h800\\\/\"]}]},{\"@type\":\"ImageObject\",\"inLanguage\":\"pl-PL\",\"@id\":\"https:\\\/\\\/stvega.net\\\/pl\\\/product\\\/wirowka-do-usuwania-wilgoci-z-warzyw-salatek-i-owocow-stvega-dm-h800\\\/#primaryimage\",\"url\":\"https:\\\/\\\/stvega.net\\\/wp-content\\\/uploads\\\/2024\\\/11\\\/czentryfuga-stvega-dm-h800-2.png\",\"contentUrl\":\"https:\\\/\\\/stvega.net\\\/wp-content\\\/uploads\\\/2024\\\/11\\\/czentryfuga-stvega-dm-h800-2.png\",\"width\":1954,\"height\":2429},{\"@type\":\"BreadcrumbList\",\"@id\":\"https:\\\/\\\/stvega.net\\\/pl\\\/product\\\/wirowka-do-usuwania-wilgoci-z-warzyw-salatek-i-owocow-stvega-dm-h800\\\/#breadcrumb\",\"itemListElement\":[{\"@type\":\"ListItem\",\"position\":1,\"name\":\"Dom\",\"item\":\"https:\\\/\\\/stvega.net\\\/pl\\\/\"},{\"@type\":\"ListItem\",\"position\":2,\"name\":\"Katalog\",\"item\":\"https:\\\/\\\/stvega.net\\\/katalog\\\/\"},{\"@type\":\"ListItem\",\"position\":3,\"name\":\"Wir\u00f3wka do usuwania wilgoci z warzyw, sa\u0142atek i owoc\u00f3w STvega DM H800\"}]},{\"@type\":\"WebSite\",\"@id\":\"https:\\\/\\\/stvega.net\\\/pl\\\/#website\",\"url\":\"https:\\\/\\\/stvega.net\\\/pl\\\/\",\"name\":\"STvega\",\"description\":\"\u0445\u0430\u0440\u0447\u043e\u0432\u0435 \u043f\u0440\u043e\u043c\u0438\u0441\u043b\u043e\u0432\u0435 \u043e\u0431\u043b\u0430\u0434\u043d\u0430\u043d\u043d\u044f\",\"publisher\":{\"@id\":\"https:\\\/\\\/stvega.net\\\/pl\\\/#organization\"},\"alternateName\":\"STvega - \u043e\u0432\u043e\u0447\u0435\u0440\u0456\u0437\u043a\u0438, \u0448\u043f\u0438\u0433\u043e\u0440\u0456\u0437\u043a\u0438, \u0441\u043b\u0430\u0439\u0441\u0435\u0440\u0438 \u0442\u0430 \u0456\u043d\u0448\u0435 \u0445\u0430\u0440\u0447\u043e\u0432\u0435 \u043e\u0431\u043b\u0430\u0434\u043d\u0430\u043d\u043d\u044f\",\"potentialAction\":[{\"@type\":\"SearchAction\",\"target\":{\"@type\":\"EntryPoint\",\"urlTemplate\":\"https:\\\/\\\/stvega.net\\\/pl\\\/?s={search_term_string}\"},\"query-input\":{\"@type\":\"PropertyValueSpecification\",\"valueRequired\":true,\"valueName\":\"search_term_string\"}}],\"inLanguage\":\"pl-PL\"},{\"@type\":\"Organization\",\"@id\":\"https:\\\/\\\/stvega.net\\\/pl\\\/#organization\",\"name\":\"STvega \u0425\u0410\u0420\u0427\u041e\u0412\u0415 \u041f\u0420\u041e\u041c\u0418\u0421\u041b\u041e\u0412\u0415 \u041e\u0411\u041b\u0410\u0414\u041d\u0410\u041d\u041d\u042f\",\"alternateName\":\"STvega - \u043e\u0432\u043e\u0447\u0435\u0440\u0456\u0437\u043a\u0438, \u0448\u043f\u0438\u0433\u043e\u0440\u0456\u0437\u043a\u0438, \u0441\u043b\u0430\u0439\u0441\u0435\u0440\u0438 \u0442\u0430 \u0456\u043d\u0448\u0435 \u0445\u0430\u0440\u0447\u043e\u0432\u0435 \u043e\u0431\u043b\u0430\u0434\u043d\u0430\u043d\u043d\u044f\",\"url\":\"https:\\\/\\\/stvega.net\\\/pl\\\/\",\"logo\":{\"@type\":\"ImageObject\",\"inLanguage\":\"pl-PL\",\"@id\":\"https:\\\/\\\/stvega.net\\\/pl\\\/#\\\/schema\\\/logo\\\/image\\\/\",\"url\":\"https:\\\/\\\/stvega.net\\\/wp-content\\\/uploads\\\/2024\\\/03\\\/dyzajn-bez-nazvanyya-1.png\",\"contentUrl\":\"https:\\\/\\\/stvega.net\\\/wp-content\\\/uploads\\\/2024\\\/03\\\/dyzajn-bez-nazvanyya-1.png\",\"width\":180,\"height\":180,\"caption\":\"STvega \u0425\u0410\u0420\u0427\u041e\u0412\u0415 \u041f\u0420\u041e\u041c\u0418\u0421\u041b\u041e\u0412\u0415 \u041e\u0411\u041b\u0410\u0414\u041d\u0410\u041d\u041d\u042f\"},\"image\":{\"@id\":\"https:\\\/\\\/stvega.net\\\/pl\\\/#\\\/schema\\\/logo\\\/image\\\/\"},\"sameAs\":[\"https:\\\/\\\/www.facebook.com\\\/share\\\/9F1B4VxaHAC9E9HB\\\/?mibextid=qi2Omg\"]}]}<\/script>\n<!-- \/ Yoast SEO plugin. -->","yoast_head_json":{"title":"Wir\u00f3wka do usuwania wilgoci z warzyw, sa\u0142atek i owoc\u00f3w STvega DM H800 \u043a\u0443\u043f\u0438\u0442\u0438 \u0437\u0430 \u0432\u0438\u0433\u0456\u0434\u043d\u043e\u044e \u0446\u0456\u043d\u043e\u044e \u0432 \u043c\u0430\u0433\u0430\u0437\u0438\u043d\u0456 STvega","description":"Wir\u00f3wka do usuwania wilgoci z warzyw, sa\u0142atek i owoc\u00f3w STvega DM H800 | \u043a\u0443\u043f\u0438\u0442\u0438 \u0437\u0430 \ud83c\udf1f\u0432\u0438\u0433\u0456\u0434\u043d\u043e\u044e \u0446\u0456\u043d\u043e\u044e \u0432 \u043c\u0430\u0433\u0430\u0437\u0438\u043d\u0456 STvega","robots":{"index":"index","follow":"follow","max-snippet":"max-snippet:-1","max-image-preview":"max-image-preview:large","max-video-preview":"max-video-preview:-1"},"canonical":"https:\/\/stvega.net\/pl\/product\/wirowka-do-usuwania-wilgoci-z-warzyw-salatek-i-owocow-stvega-dm-h800\/","og_locale":"pl_PL","og_type":"article","og_title":"Wir\u00f3wka do usuwania wilgoci z warzyw, sa\u0142atek i owoc\u00f3w STvega DM H800 \u043a\u0443\u043f\u0438\u0442\u0438 \u0437\u0430 \u0432\u0438\u0433\u0456\u0434\u043d\u043e\u044e \u0446\u0456\u043d\u043e\u044e \u0432 \u043c\u0430\u0433\u0430\u0437\u0438\u043d\u0456 STvega","og_description":"Wir\u00f3wka do usuwania wilgoci z warzyw, sa\u0142atek i owoc\u00f3w STvega DM H800 | \u043a\u0443\u043f\u0438\u0442\u0438 \u0437\u0430 \ud83c\udf1f\u0432\u0438\u0433\u0456\u0434\u043d\u043e\u044e \u0446\u0456\u043d\u043e\u044e \u0432 \u043c\u0430\u0433\u0430\u0437\u0438\u043d\u0456 STvega","og_url":"https:\/\/stvega.net\/pl\/product\/wirowka-do-usuwania-wilgoci-z-warzyw-salatek-i-owocow-stvega-dm-h800\/","og_site_name":"\u0448\u0438\u0440\u043e\u043a\u0438\u0439 \u0430\u0441\u043e\u0440\u0442\u0438\u043c\u0435\u043d\u0442 \u0445\u0430\u0440\u0447\u043e\u0432\u043e\u0433\u043e \u043f\u0440\u043e\u043c\u0438\u0441\u043b\u043e\u0432\u043e\u0433\u043e \u043e\u0431\u043b\u0430\u0434\u043d\u0430\u043d\u043d\u044f \u0434\u043b\u044f \u043f\u0435\u0440\u0435\u0440\u043e\u0431\u043a\u0438 \u043c\u2019\u044f\u0441\u0430, \u043e\u0432\u043e\u0447\u0456\u0432 \u0456 \u0444\u0440\u0443\u043a\u0442\u0456\u0432\u2b50\u0412\u0438\u0433\u0456\u0434\u043d\u0456 \u0446\u0456\u043d\u0438 \ud83e\uddbe\u0412\u0438\u0440\u043e\u0431\u043d\u0438\u0447\u0456 \u043b\u0456\u043d\u0456\u0457 \u043f\u0456\u0434 \u043a\u043b\u044e\u0447\ud83d\ude9a \u0414\u043e\u0441\u0442\u0430\u0432\u043a\u0430 \ud83d\udee0\u0421\u0435\u0440\u0432\u0456\u0441","article_publisher":"https:\/\/www.facebook.com\/share\/9F1B4VxaHAC9E9HB\/?mibextid=qi2Omg","og_image":[{"width":824,"height":1024,"url":"https:\/\/stvega.net\/wp-content\/uploads\/2024\/11\/czentryfuga-stvega-dm-h800-2-824x1024.png","type":"image\/png"}],"twitter_card":"summary_large_image","twitter_misc":{"Szacowany czas czytania":"2 minuty"},"schema":{"@context":"https:\/\/schema.org","@graph":[{"@type":"WebPage","@id":"https:\/\/stvega.net\/pl\/product\/wirowka-do-usuwania-wilgoci-z-warzyw-salatek-i-owocow-stvega-dm-h800\/","url":"https:\/\/stvega.net\/pl\/product\/wirowka-do-usuwania-wilgoci-z-warzyw-salatek-i-owocow-stvega-dm-h800\/","name":"Wir\u00f3wka do usuwania wilgoci z warzyw, sa\u0142atek i owoc\u00f3w STvega DM H800 \u043a\u0443\u043f\u0438\u0442\u0438 \u0437\u0430 \u0432\u0438\u0433\u0456\u0434\u043d\u043e\u044e \u0446\u0456\u043d\u043e\u044e \u0432 \u043c\u0430\u0433\u0430\u0437\u0438\u043d\u0456 STvega","isPartOf":{"@id":"https:\/\/stvega.net\/pl\/#website"},"primaryImageOfPage":{"@id":"https:\/\/stvega.net\/pl\/product\/wirowka-do-usuwania-wilgoci-z-warzyw-salatek-i-owocow-stvega-dm-h800\/#primaryimage"},"image":{"@id":"https:\/\/stvega.net\/pl\/product\/wirowka-do-usuwania-wilgoci-z-warzyw-salatek-i-owocow-stvega-dm-h800\/#primaryimage"},"thumbnailUrl":"https:\/\/stvega.net\/wp-content\/uploads\/2024\/11\/czentryfuga-stvega-dm-h800-2.png","datePublished":"2024-11-25T14:48:13+00:00","description":"Wir\u00f3wka do usuwania wilgoci z warzyw, sa\u0142atek i owoc\u00f3w STvega DM H800 | \u043a\u0443\u043f\u0438\u0442\u0438 \u0437\u0430 \ud83c\udf1f\u0432\u0438\u0433\u0456\u0434\u043d\u043e\u044e \u0446\u0456\u043d\u043e\u044e \u0432 \u043c\u0430\u0433\u0430\u0437\u0438\u043d\u0456 STvega","breadcrumb":{"@id":"https:\/\/stvega.net\/pl\/product\/wirowka-do-usuwania-wilgoci-z-warzyw-salatek-i-owocow-stvega-dm-h800\/#breadcrumb"},"inLanguage":"pl-PL","potentialAction":[{"@type":"ReadAction","target":["https:\/\/stvega.net\/pl\/product\/wirowka-do-usuwania-wilgoci-z-warzyw-salatek-i-owocow-stvega-dm-h800\/"]}]},{"@type":"ImageObject","inLanguage":"pl-PL","@id":"https:\/\/stvega.net\/pl\/product\/wirowka-do-usuwania-wilgoci-z-warzyw-salatek-i-owocow-stvega-dm-h800\/#primaryimage","url":"https:\/\/stvega.net\/wp-content\/uploads\/2024\/11\/czentryfuga-stvega-dm-h800-2.png","contentUrl":"https:\/\/stvega.net\/wp-content\/uploads\/2024\/11\/czentryfuga-stvega-dm-h800-2.png","width":1954,"height":2429},{"@type":"BreadcrumbList","@id":"https:\/\/stvega.net\/pl\/product\/wirowka-do-usuwania-wilgoci-z-warzyw-salatek-i-owocow-stvega-dm-h800\/#breadcrumb","itemListElement":[{"@type":"ListItem","position":1,"name":"Dom","item":"https:\/\/stvega.net\/pl\/"},{"@type":"ListItem","position":2,"name":"Katalog","item":"https:\/\/stvega.net\/katalog\/"},{"@type":"ListItem","position":3,"name":"Wir\u00f3wka do usuwania wilgoci z warzyw, sa\u0142atek i owoc\u00f3w STvega DM H800"}]},{"@type":"WebSite","@id":"https:\/\/stvega.net\/pl\/#website","url":"https:\/\/stvega.net\/pl\/","name":"STvega","description":"\u0445\u0430\u0440\u0447\u043e\u0432\u0435 \u043f\u0440\u043e\u043c\u0438\u0441\u043b\u043e\u0432\u0435 \u043e\u0431\u043b\u0430\u0434\u043d\u0430\u043d\u043d\u044f","publisher":{"@id":"https:\/\/stvega.net\/pl\/#organization"},"alternateName":"STvega - \u043e\u0432\u043e\u0447\u0435\u0440\u0456\u0437\u043a\u0438, \u0448\u043f\u0438\u0433\u043e\u0440\u0456\u0437\u043a\u0438, \u0441\u043b\u0430\u0439\u0441\u0435\u0440\u0438 \u0442\u0430 \u0456\u043d\u0448\u0435 \u0445\u0430\u0440\u0447\u043e\u0432\u0435 \u043e\u0431\u043b\u0430\u0434\u043d\u0430\u043d\u043d\u044f","potentialAction":[{"@type":"SearchAction","target":{"@type":"EntryPoint","urlTemplate":"https:\/\/stvega.net\/pl\/?s={search_term_string}"},"query-input":{"@type":"PropertyValueSpecification","valueRequired":true,"valueName":"search_term_string"}}],"inLanguage":"pl-PL"},{"@type":"Organization","@id":"https:\/\/stvega.net\/pl\/#organization","name":"STvega \u0425\u0410\u0420\u0427\u041e\u0412\u0415 \u041f\u0420\u041e\u041c\u0418\u0421\u041b\u041e\u0412\u0415 \u041e\u0411\u041b\u0410\u0414\u041d\u0410\u041d\u041d\u042f","alternateName":"STvega - \u043e\u0432\u043e\u0447\u0435\u0440\u0456\u0437\u043a\u0438, \u0448\u043f\u0438\u0433\u043e\u0440\u0456\u0437\u043a\u0438, \u0441\u043b\u0430\u0439\u0441\u0435\u0440\u0438 \u0442\u0430 \u0456\u043d\u0448\u0435 \u0445\u0430\u0440\u0447\u043e\u0432\u0435 \u043e\u0431\u043b\u0430\u0434\u043d\u0430\u043d\u043d\u044f","url":"https:\/\/stvega.net\/pl\/","logo":{"@type":"ImageObject","inLanguage":"pl-PL","@id":"https:\/\/stvega.net\/pl\/#\/schema\/logo\/image\/","url":"https:\/\/stvega.net\/wp-content\/uploads\/2024\/03\/dyzajn-bez-nazvanyya-1.png","contentUrl":"https:\/\/stvega.net\/wp-content\/uploads\/2024\/03\/dyzajn-bez-nazvanyya-1.png","width":180,"height":180,"caption":"STvega \u0425\u0410\u0420\u0427\u041e\u0412\u0415 \u041f\u0420\u041e\u041c\u0418\u0421\u041b\u041e\u0412\u0415 \u041e\u0411\u041b\u0410\u0414\u041d\u0410\u041d\u041d\u042f"},"image":{"@id":"https:\/\/stvega.net\/pl\/#\/schema\/logo\/image\/"},"sameAs":["https:\/\/www.facebook.com\/share\/9F1B4VxaHAC9E9HB\/?mibextid=qi2Omg"]}]}},"_links":{"self":[{"href":"https:\/\/stvega.net\/pl\/wp-json\/wp\/v2\/product\/11834","targetHints":{"allow":["GET"]}}],"collection":[{"href":"https:\/\/stvega.net\/pl\/wp-json\/wp\/v2\/product"}],"about":[{"href":"https:\/\/stvega.net\/pl\/wp-json\/wp\/v2\/types\/product"}],"replies":[{"embeddable":true,"href":"https:\/\/stvega.net\/pl\/wp-json\/wp\/v2\/comments?post=11834"}],"wp:featuredmedia":[{"embeddable":true,"href":"https:\/\/stvega.net\/pl\/wp-json\/wp\/v2\/media\/11844"}],"wp:attachment":[{"href":"https:\/\/stvega.net\/pl\/wp-json\/wp\/v2\/media?parent=11834"}],"wp:term":[{"taxonomy":"product_brand","embeddable":true,"href":"https:\/\/stvega.net\/pl\/wp-json\/wp\/v2\/product_brand?post=11834"},{"taxonomy":"product_cat","embeddable":true,"href":"https:\/\/stvega.net\/pl\/wp-json\/wp\/v2\/product_cat?post=11834"},{"taxonomy":"product_tag","embeddable":true,"href":"https:\/\/stvega.net\/pl\/wp-json\/wp\/v2\/product_tag?post=11834"}],"curies":[{"name":"wp","href":"https:\/\/api.w.org\/{rel}","templated":true}]}}