{"id":11800,"date":"2024-11-25T16:56:04","date_gmt":"2024-11-25T13:56:04","guid":{"rendered":"https:\/\/stvega.net\/product\/maszyna-do-zdzierania-folii-miesnej-stvega-mpt-h300\/"},"modified":"2024-11-25T16:56:04","modified_gmt":"2024-11-25T13:56:04","slug":"maszyna-do-zdzierania-folii-miesnej-stvega-mpt-h300","status":"publish","type":"product","link":"https:\/\/stvega.net\/pl\/product\/maszyna-do-zdzierania-folii-miesnej-stvega-mpt-h300\/","title":{"rendered":"Maszyna do zdzierania folii mi\u0119snej STvega MPT H300"},"content":{"rendered":"<p><strong>Maszyna STvega MPT H300<\/strong> s\u0142u\u017cy do usuwania filmu z kawa\u0142k\u00f3w mi\u0119sa, takich jak wieprzowina, ciel\u0119cina, wo\u0142owina, jagni\u0119cina, i zosta\u0142a zaprojektowana do produkcji o wysokiej wydajno\u015bci. Maszyna jest w stanie zapewni\u0107 skuteczne usuwanie filmu z konsekwentnie wysokim wynikiem obr\u00f3bki. <\/p>\n<p><strong>Zasada dzia\u0142ania:<\/strong><\/p>\n<p>Mi\u0119so jest oczyszczane z folii za pomoc\u0105 obrotowego wa\u0142ka z naci\u0119ciami i ostrzem tn\u0105cym. Operator zaciska peda\u0142 no\u017cny, co uruchamia obr\u00f3t wa\u0142u. Nast\u0119pnie k\u0142adzie kawa\u0142ek mi\u0119sa z opuszczon\u0105 stron\u0105 na powierzchni roboczej i przesuwa nim kilka razy wzd\u0142u\u017c obracaj\u0105cego si\u0119 wa\u0142u, a\u017c warstwa zostanie ca\u0142kowicie usuni\u0119ta. Produkt oczyszczony z filmu jest przesy\u0142any przez operatora do kolejnego etapu obr\u00f3bki. Wyci\u0119ta ta\u015bma wpada do pojemnika na odpady.    <\/p>\n<p>&nbsp;<\/p>\n<p><strong>Zalety sprz\u0119tu:<\/strong><\/p>\n<ul>\n<li>Ostrze tn\u0105ce mo\u017cna \u0142atwo i szybko rozebra\u0107 na konserwacj\u0119, czyszczenie lub wymian\u0119.<\/li>\n<li>\u0141atwo\u015b\u0107 obs\u0142ugi, obr\u00f3t wa\u0142u nap\u0119dzany jest peda\u0142em no\u017cnym.<\/li>\n<li>System transportu spr\u0119\u017conego powietrza\/czyszczenia wa\u0142\u00f3w z\u0119batych.<\/li>\n<li>Maszyna ma kompaktowy rozmiar i rozstaw osi, co u\u0142atwia jej przemieszczanie.<\/li>\n<li>Korpus maszyny wykonany jest ze stali nierdzewnej SUS 304, urz\u0105dzenie jest niezawodne i trwa\u0142e w pracy, spe\u0142nia normy bezpiecze\u0144stwa \u017cywno\u015bci.<\/li>\n<\/ul>\n\t<div class=\"section video\">\n\t\t<div class=\"row\">\n\t\t\t\t\t\t\t\t\t\t\t\t<div class=\"col-md-4 col-12\">\n\t\t\t\t\t\t<div class=\"container-lazyload preview-lazyload container-youtube js-lazyload--not-loaded\"><a href=\"https:\/\/www.youtube.com\/watch?v=b1XsSgTfpwM\" class=\"lazy-load-youtube preview-lazyload preview-youtube\" data-video-title=\"\u041f\u0440\u043e\u043c\u0438\u0441\u043b\u043e\u0432\u0430 \u043c\u0430\u0448\u0438\u043d\u0430 STvega MPT H300 \u0434\u043b\u044f \u043e\u0431\u0440\u043e\u0431\u043a\u0438 \u0442\u0430 \u0432\u0438\u0434\u0430\u043b\u0435\u043d\u043d\u044f \u043f\u043b\u0456\u0432\u043a\u0438 \u0437 \u043c&#039;\u044f\u0441\u0430 \u0442\u0430 \u0441\u0443\u0431\u043f\u0440\u043e\u0434\u0443\u043a\u0442\u0456\u0432\" title=\"Play video &quot;\u041f\u0440\u043e\u043c\u0438\u0441\u043b\u043e\u0432\u0430 \u043c\u0430\u0448\u0438\u043d\u0430 STvega MPT H300 \u0434\u043b\u044f \u043e\u0431\u0440\u043e\u0431\u043a\u0438 \u0442\u0430 \u0432\u0438\u0434\u0430\u043b\u0435\u043d\u043d\u044f \u043f\u043b\u0456\u0432\u043a\u0438 \u0437 \u043c&#039;\u044f\u0441\u0430 \u0442\u0430 \u0441\u0443\u0431\u043f\u0440\u043e\u0434\u0443\u043a\u0442\u0456\u0432&quot;\">https:\/\/www.youtube.com\/watch?v=b1XsSgTfpwM<\/a><noscript>Video can&#8217;t be loaded because JavaScript is disabled: <a href=\"https:\/\/www.youtube.com\/watch?v=b1XsSgTfpwM\" title=\"\u041f\u0440\u043e\u043c\u0438\u0441\u043b\u043e\u0432\u0430 \u043c\u0430\u0448\u0438\u043d\u0430 STvega MPT H300 \u0434\u043b\u044f \u043e\u0431\u0440\u043e\u0431\u043a\u0438 \u0442\u0430 \u0432\u0438\u0434\u0430\u043b\u0435\u043d\u043d\u044f \u043f\u043b\u0456\u0432\u043a\u0438 \u0437 \u043c&#039;\u044f\u0441\u0430 \u0442\u0430 \u0441\u0443\u0431\u043f\u0440\u043e\u0434\u0443\u043a\u0442\u0456\u0432\">\u041f\u0440\u043e\u043c\u0438\u0441\u043b\u043e\u0432\u0430 \u043c\u0430\u0448\u0438\u043d\u0430 STvega MPT H300 \u0434\u043b\u044f \u043e\u0431\u0440\u043e\u0431\u043a\u0438 \u0442\u0430 \u0432\u0438\u0434\u0430\u043b\u0435\u043d\u043d\u044f \u043f\u043b\u0456\u0432\u043a\u0438 \u0437 \u043c&#039;\u044f\u0441\u0430 \u0442\u0430 \u0441\u0443\u0431\u043f\u0440\u043e\u0434\u0443\u043a\u0442\u0456\u0432 (https:\/\/www.youtube.com\/watch?v=b1XsSgTfpwM)<\/a><\/noscript><\/div>\n\t\t\t\t\t<\/div>\n\t\t\t\t\t\t\t\t\t<div class=\"col-md-4 col-12\">\n\t\t\t\t\t\t<div class=\"container-lazyload preview-lazyload container-youtube js-lazyload--not-loaded\"><a href=\"https:\/\/www.youtube.com\/watch?v=UYFuqpZ00iU\" class=\"lazy-load-youtube preview-lazyload preview-youtube\" data-video-title=\"\u041f\u0440\u043e\u043c\u0438\u0441\u043b\u043e\u0432\u0430 \u043c\u0430\u0448\u0438\u043d\u0430 \u0434\u043b\u044f \u0437\u043d\u044f\u0442\u0442\u044f \u043f\u043b\u0456\u0432\u043a\u0438 \u0437 \u043c&#039;\u044f\u0441\u0430 \u0442\u0430 \u0441\u0443\u0431\u043f\u0440\u043e\u0434\u0443\u043a\u0442\u0456\u0432 STvega MPT H300\" title=\"Play video &quot;\u041f\u0440\u043e\u043c\u0438\u0441\u043b\u043e\u0432\u0430 \u043c\u0430\u0448\u0438\u043d\u0430 \u0434\u043b\u044f \u0437\u043d\u044f\u0442\u0442\u044f \u043f\u043b\u0456\u0432\u043a\u0438 \u0437 \u043c&#039;\u044f\u0441\u0430 \u0442\u0430 \u0441\u0443\u0431\u043f\u0440\u043e\u0434\u0443\u043a\u0442\u0456\u0432 STvega MPT H300&quot;\">https:\/\/www.youtube.com\/watch?v=UYFuqpZ00iU<\/a><noscript>Video can&#8217;t be loaded because JavaScript is disabled: <a href=\"https:\/\/www.youtube.com\/watch?v=UYFuqpZ00iU\" title=\"\u041f\u0440\u043e\u043c\u0438\u0441\u043b\u043e\u0432\u0430 \u043c\u0430\u0448\u0438\u043d\u0430 \u0434\u043b\u044f \u0437\u043d\u044f\u0442\u0442\u044f \u043f\u043b\u0456\u0432\u043a\u0438 \u0437 \u043c&#039;\u044f\u0441\u0430 \u0442\u0430 \u0441\u0443\u0431\u043f\u0440\u043e\u0434\u0443\u043a\u0442\u0456\u0432 STvega MPT H300\">\u041f\u0440\u043e\u043c\u0438\u0441\u043b\u043e\u0432\u0430 \u043c\u0430\u0448\u0438\u043d\u0430 \u0434\u043b\u044f \u0437\u043d\u044f\u0442\u0442\u044f \u043f\u043b\u0456\u0432\u043a\u0438 \u0437 \u043c&#039;\u044f\u0441\u0430 \u0442\u0430 \u0441\u0443\u0431\u043f\u0440\u043e\u0434\u0443\u043a\u0442\u0456\u0432 STvega MPT H300 (https:\/\/www.youtube.com\/watch?v=UYFuqpZ00iU)<\/a><\/noscript><\/div>\n\t\t\t\t\t<\/div>\n\t\t\t\t\t\t\t\t\t<div class=\"col-md-4 col-12\">\n\t\t\t\t\t\t<div class=\"container-lazyload preview-lazyload container-youtube js-lazyload--not-loaded\"><a href=\"https:\/\/www.youtube.com\/watch?v=iG77kJ_i2KE\" class=\"lazy-load-youtube preview-lazyload preview-youtube\" data-video-title=\"\u041c\u0430\u0448\u0438\u043d\u0430 STvega MPT H300  \u0434\u043b\u044f \u0437\u043d\u044f\u0442\u0442\u044f \u043f\u043b\u0456\u0432\u043a\u0438 \u0437\u0456 \u0448\u043c\u0430\u0442\u043a\u0456\u0432 \u043c&#039;\u044f\u0441\u0430 \u0441\u0432\u0438\u043d\u0438\u043d\u0438, \u044f\u043b\u043e\u0432\u0438\u0447\u0438\u043d\u0438, \u0431\u0430\u0440\u0430\u043d\u0438\u043d\u0438\" title=\"Play video &quot;\u041c\u0430\u0448\u0438\u043d\u0430 STvega MPT H300  \u0434\u043b\u044f \u0437\u043d\u044f\u0442\u0442\u044f \u043f\u043b\u0456\u0432\u043a\u0438 \u0437\u0456 \u0448\u043c\u0430\u0442\u043a\u0456\u0432 \u043c&#039;\u044f\u0441\u0430 \u0441\u0432\u0438\u043d\u0438\u043d\u0438, \u044f\u043b\u043e\u0432\u0438\u0447\u0438\u043d\u0438, \u0431\u0430\u0440\u0430\u043d\u0438\u043d\u0438&quot;\">https:\/\/www.youtube.com\/watch?v=iG77kJ_i2KE<\/a><noscript>Video can&#8217;t be loaded because JavaScript is disabled: <a href=\"https:\/\/www.youtube.com\/watch?v=iG77kJ_i2KE\" title=\"\u041c\u0430\u0448\u0438\u043d\u0430 STvega MPT H300  \u0434\u043b\u044f \u0437\u043d\u044f\u0442\u0442\u044f \u043f\u043b\u0456\u0432\u043a\u0438 \u0437\u0456 \u0448\u043c\u0430\u0442\u043a\u0456\u0432 \u043c&#039;\u044f\u0441\u0430 \u0441\u0432\u0438\u043d\u0438\u043d\u0438, \u044f\u043b\u043e\u0432\u0438\u0447\u0438\u043d\u0438, \u0431\u0430\u0440\u0430\u043d\u0438\u043d\u0438\">\u041c\u0430\u0448\u0438\u043d\u0430 STvega MPT H300  \u0434\u043b\u044f \u0437\u043d\u044f\u0442\u0442\u044f \u043f\u043b\u0456\u0432\u043a\u0438 \u0437\u0456 \u0448\u043c\u0430\u0442\u043a\u0456\u0432 \u043c&#039;\u044f\u0441\u0430 \u0441\u0432\u0438\u043d\u0438\u043d\u0438, \u044f\u043b\u043e\u0432\u0438\u0447\u0438\u043d\u0438, \u0431\u0430\u0440\u0430\u043d\u0438\u043d\u0438 (https:\/\/www.youtube.com\/watch?v=iG77kJ_i2KE)<\/a><\/noscript><\/div>\n\t\t\t\t\t<\/div>\n\t\t\t\t\t\t\t\t\t<\/div>\n\t<\/div>\n\t\t","protected":false},"excerpt":{"rendered":"<p><strong>Maszyna STvega MPT H300<\/strong> s\u0142u\u017cy do usuwania folii z kawa\u0142k\u00f3w mi\u0119sa, takich jak wieprzowina, ciel\u0119cina, wo\u0142owina, jagni\u0119cina.<\/p>\n<p><strong>Specyfikacje: <\/strong><\/p>\n<p>[table id=&#8221;297&#8243; \/]<\/p>\n<p><span style=\"color: #0000ff;\"><strong>Unikalno\u015b\u0107 maszyny: <\/strong>Mo\u017cliwo\u015b\u0107 regulacji odst\u0119pu ostrza tn\u0105cego w zale\u017cno\u015bci od produktu do czyszczenia.<\/span><\/p>\n","protected":false},"featured_media":11831,"comment_status":"closed","ping_status":"closed","template":"","meta":{"_acf_changed":false,"inline_featured_image":false},"product_brand":[],"product_cat":[3453,3418],"product_tag":[5415,5783,5410,5784,5781,5782,5417,5779,4378,3876,3870,3904,3815,3873,5780],"class_list":{"0":"post-11800","1":"product","2":"type-product","3":"status-publish","4":"has-post-thumbnail","6":"product_cat-krojenie-i-siekanie","7":"product_cat-mieso","8":"product_tag-automatyczne-przetwarzanie","9":"product_tag-czyszczenie-miesa","10":"product_tag-czyszczenie-przemyslowe","11":"product_tag-delikatne-przetwarzanie-miesa","12":"product_tag-maszyna-do-czyszczenia-miesa-na-film","13":"product_tag-maszyna-do-stripowania-filmu","14":"product_tag-maszyna-przemyslowa","15":"product_tag-mieso","16":"product_tag-przetworstwo-miesa","17":"product_tag-przetworstwo-produktow-miesnych","18":"product_tag-sprzet-do-przetwarzania-zywnosci","19":"product_tag-sprzet-do-przetworstwa-miesa-2","20":"product_tag-sprzet-do-przetworstwa-miesa","21":"product_tag-technologie-przetwarzania","22":"product_tag-usuwanie-folii-z-miesa","24":"first","25":"instock","26":"shipping-taxable","27":"product-type-simple"},"acf":[],"yoast_head":"<!-- This site is optimized with the Yoast SEO plugin v27.5 - https:\/\/yoast.com\/product\/yoast-seo-wordpress\/ -->\n<title>Maszyna do zdzierania folii mi\u0119snej STvega MPT H300 \u043a\u0443\u043f\u0438\u0442\u0438 \u0437\u0430 \u0432\u0438\u0433\u0456\u0434\u043d\u043e\u044e \u0446\u0456\u043d\u043e\u044e \u0432 \u043c\u0430\u0433\u0430\u0437\u0438\u043d\u0456 STvega<\/title>\n<meta name=\"description\" content=\"Maszyna do zdzierania folii mi\u0119snej STvega MPT H300 | \u043a\u0443\u043f\u0438\u0442\u0438 \u0437\u0430 \ud83c\udf1f\u0432\u0438\u0433\u0456\u0434\u043d\u043e\u044e \u0446\u0456\u043d\u043e\u044e \u0432 \u043c\u0430\u0433\u0430\u0437\u0438\u043d\u0456 STvega\" \/>\n<meta name=\"robots\" content=\"index, follow, max-snippet:-1, max-image-preview:large, max-video-preview:-1\" \/>\n<link rel=\"canonical\" href=\"https:\/\/stvega.net\/pl\/product\/maszyna-do-zdzierania-folii-miesnej-stvega-mpt-h300\/\" \/>\n<meta property=\"og:locale\" content=\"pl_PL\" \/>\n<meta property=\"og:type\" content=\"article\" \/>\n<meta property=\"og:title\" content=\"Maszyna do zdzierania folii mi\u0119snej STvega MPT H300 \u043a\u0443\u043f\u0438\u0442\u0438 \u0437\u0430 \u0432\u0438\u0433\u0456\u0434\u043d\u043e\u044e \u0446\u0456\u043d\u043e\u044e \u0432 \u043c\u0430\u0433\u0430\u0437\u0438\u043d\u0456 STvega\" \/>\n<meta property=\"og:description\" content=\"Maszyna do zdzierania folii mi\u0119snej STvega MPT H300 | \u043a\u0443\u043f\u0438\u0442\u0438 \u0437\u0430 \ud83c\udf1f\u0432\u0438\u0433\u0456\u0434\u043d\u043e\u044e \u0446\u0456\u043d\u043e\u044e \u0432 \u043c\u0430\u0433\u0430\u0437\u0438\u043d\u0456 STvega\" \/>\n<meta property=\"og:url\" content=\"https:\/\/stvega.net\/pl\/product\/maszyna-do-zdzierania-folii-miesnej-stvega-mpt-h300\/\" \/>\n<meta property=\"og:site_name\" content=\"\u0448\u0438\u0440\u043e\u043a\u0438\u0439 \u0430\u0441\u043e\u0440\u0442\u0438\u043c\u0435\u043d\u0442 \u0445\u0430\u0440\u0447\u043e\u0432\u043e\u0433\u043e \u043f\u0440\u043e\u043c\u0438\u0441\u043b\u043e\u0432\u043e\u0433\u043e \u043e\u0431\u043b\u0430\u0434\u043d\u0430\u043d\u043d\u044f \u0434\u043b\u044f \u043f\u0435\u0440\u0435\u0440\u043e\u0431\u043a\u0438 \u043c\u2019\u044f\u0441\u0430, \u043e\u0432\u043e\u0447\u0456\u0432 \u0456 \u0444\u0440\u0443\u043a\u0442\u0456\u0432\u2b50\u0412\u0438\u0433\u0456\u0434\u043d\u0456 \u0446\u0456\u043d\u0438 \ud83e\uddbe\u0412\u0438\u0440\u043e\u0431\u043d\u0438\u0447\u0456 \u043b\u0456\u043d\u0456\u0457 \u043f\u0456\u0434 \u043a\u043b\u044e\u0447\ud83d\ude9a \u0414\u043e\u0441\u0442\u0430\u0432\u043a\u0430 \ud83d\udee0\u0421\u0435\u0440\u0432\u0456\u0441\" \/>\n<meta property=\"article:publisher\" content=\"https:\/\/www.facebook.com\/share\/9F1B4VxaHAC9E9HB\/?mibextid=qi2Omg\" \/>\n<meta property=\"og:image\" content=\"https:\/\/stvega.net\/wp-content\/uploads\/2024\/11\/stvega-mpt-h300-2.png\" \/>\n\t<meta property=\"og:image:width\" content=\"1710\" \/>\n\t<meta property=\"og:image:height\" content=\"1893\" \/>\n\t<meta property=\"og:image:type\" content=\"image\/png\" \/>\n<meta name=\"twitter:card\" content=\"summary_large_image\" \/>\n<meta name=\"twitter:label1\" content=\"Szacowany czas czytania\" \/>\n\t<meta name=\"twitter:data1\" content=\"1 minuta\" \/>\n<script type=\"application\/ld+json\" class=\"yoast-schema-graph\">{\"@context\":\"https:\\\/\\\/schema.org\",\"@graph\":[{\"@type\":\"WebPage\",\"@id\":\"https:\\\/\\\/stvega.net\\\/pl\\\/product\\\/maszyna-do-zdzierania-folii-miesnej-stvega-mpt-h300\\\/\",\"url\":\"https:\\\/\\\/stvega.net\\\/pl\\\/product\\\/maszyna-do-zdzierania-folii-miesnej-stvega-mpt-h300\\\/\",\"name\":\"Maszyna do zdzierania folii mi\u0119snej STvega MPT H300 \u043a\u0443\u043f\u0438\u0442\u0438 \u0437\u0430 \u0432\u0438\u0433\u0456\u0434\u043d\u043e\u044e \u0446\u0456\u043d\u043e\u044e \u0432 \u043c\u0430\u0433\u0430\u0437\u0438\u043d\u0456 STvega\",\"isPartOf\":{\"@id\":\"https:\\\/\\\/stvega.net\\\/pl\\\/#website\"},\"primaryImageOfPage\":{\"@id\":\"https:\\\/\\\/stvega.net\\\/pl\\\/product\\\/maszyna-do-zdzierania-folii-miesnej-stvega-mpt-h300\\\/#primaryimage\"},\"image\":{\"@id\":\"https:\\\/\\\/stvega.net\\\/pl\\\/product\\\/maszyna-do-zdzierania-folii-miesnej-stvega-mpt-h300\\\/#primaryimage\"},\"thumbnailUrl\":\"https:\\\/\\\/stvega.net\\\/wp-content\\\/uploads\\\/2024\\\/11\\\/stvega-mpt-h300-2.png\",\"datePublished\":\"2024-11-25T13:56:04+00:00\",\"description\":\"Maszyna do zdzierania folii mi\u0119snej STvega MPT H300 | \u043a\u0443\u043f\u0438\u0442\u0438 \u0437\u0430 \ud83c\udf1f\u0432\u0438\u0433\u0456\u0434\u043d\u043e\u044e \u0446\u0456\u043d\u043e\u044e \u0432 \u043c\u0430\u0433\u0430\u0437\u0438\u043d\u0456 STvega\",\"breadcrumb\":{\"@id\":\"https:\\\/\\\/stvega.net\\\/pl\\\/product\\\/maszyna-do-zdzierania-folii-miesnej-stvega-mpt-h300\\\/#breadcrumb\"},\"inLanguage\":\"pl-PL\",\"potentialAction\":[{\"@type\":\"ReadAction\",\"target\":[\"https:\\\/\\\/stvega.net\\\/pl\\\/product\\\/maszyna-do-zdzierania-folii-miesnej-stvega-mpt-h300\\\/\"]}]},{\"@type\":\"ImageObject\",\"inLanguage\":\"pl-PL\",\"@id\":\"https:\\\/\\\/stvega.net\\\/pl\\\/product\\\/maszyna-do-zdzierania-folii-miesnej-stvega-mpt-h300\\\/#primaryimage\",\"url\":\"https:\\\/\\\/stvega.net\\\/wp-content\\\/uploads\\\/2024\\\/11\\\/stvega-mpt-h300-2.png\",\"contentUrl\":\"https:\\\/\\\/stvega.net\\\/wp-content\\\/uploads\\\/2024\\\/11\\\/stvega-mpt-h300-2.png\",\"width\":1710,\"height\":1893},{\"@type\":\"BreadcrumbList\",\"@id\":\"https:\\\/\\\/stvega.net\\\/pl\\\/product\\\/maszyna-do-zdzierania-folii-miesnej-stvega-mpt-h300\\\/#breadcrumb\",\"itemListElement\":[{\"@type\":\"ListItem\",\"position\":1,\"name\":\"Dom\",\"item\":\"https:\\\/\\\/stvega.net\\\/pl\\\/\"},{\"@type\":\"ListItem\",\"position\":2,\"name\":\"Katalog\",\"item\":\"https:\\\/\\\/stvega.net\\\/katalog\\\/\"},{\"@type\":\"ListItem\",\"position\":3,\"name\":\"Maszyna do zdzierania folii mi\u0119snej STvega MPT H300\"}]},{\"@type\":\"WebSite\",\"@id\":\"https:\\\/\\\/stvega.net\\\/pl\\\/#website\",\"url\":\"https:\\\/\\\/stvega.net\\\/pl\\\/\",\"name\":\"STvega\",\"description\":\"\u0445\u0430\u0440\u0447\u043e\u0432\u0435 \u043f\u0440\u043e\u043c\u0438\u0441\u043b\u043e\u0432\u0435 \u043e\u0431\u043b\u0430\u0434\u043d\u0430\u043d\u043d\u044f\",\"publisher\":{\"@id\":\"https:\\\/\\\/stvega.net\\\/pl\\\/#organization\"},\"alternateName\":\"STvega - \u043e\u0432\u043e\u0447\u0435\u0440\u0456\u0437\u043a\u0438, \u0448\u043f\u0438\u0433\u043e\u0440\u0456\u0437\u043a\u0438, \u0441\u043b\u0430\u0439\u0441\u0435\u0440\u0438 \u0442\u0430 \u0456\u043d\u0448\u0435 \u0445\u0430\u0440\u0447\u043e\u0432\u0435 \u043e\u0431\u043b\u0430\u0434\u043d\u0430\u043d\u043d\u044f\",\"potentialAction\":[{\"@type\":\"SearchAction\",\"target\":{\"@type\":\"EntryPoint\",\"urlTemplate\":\"https:\\\/\\\/stvega.net\\\/pl\\\/?s={search_term_string}\"},\"query-input\":{\"@type\":\"PropertyValueSpecification\",\"valueRequired\":true,\"valueName\":\"search_term_string\"}}],\"inLanguage\":\"pl-PL\"},{\"@type\":\"Organization\",\"@id\":\"https:\\\/\\\/stvega.net\\\/pl\\\/#organization\",\"name\":\"STvega \u0425\u0410\u0420\u0427\u041e\u0412\u0415 \u041f\u0420\u041e\u041c\u0418\u0421\u041b\u041e\u0412\u0415 \u041e\u0411\u041b\u0410\u0414\u041d\u0410\u041d\u041d\u042f\",\"alternateName\":\"STvega - \u043e\u0432\u043e\u0447\u0435\u0440\u0456\u0437\u043a\u0438, \u0448\u043f\u0438\u0433\u043e\u0440\u0456\u0437\u043a\u0438, \u0441\u043b\u0430\u0439\u0441\u0435\u0440\u0438 \u0442\u0430 \u0456\u043d\u0448\u0435 \u0445\u0430\u0440\u0447\u043e\u0432\u0435 \u043e\u0431\u043b\u0430\u0434\u043d\u0430\u043d\u043d\u044f\",\"url\":\"https:\\\/\\\/stvega.net\\\/pl\\\/\",\"logo\":{\"@type\":\"ImageObject\",\"inLanguage\":\"pl-PL\",\"@id\":\"https:\\\/\\\/stvega.net\\\/pl\\\/#\\\/schema\\\/logo\\\/image\\\/\",\"url\":\"https:\\\/\\\/stvega.net\\\/wp-content\\\/uploads\\\/2024\\\/03\\\/dyzajn-bez-nazvanyya-1.png\",\"contentUrl\":\"https:\\\/\\\/stvega.net\\\/wp-content\\\/uploads\\\/2024\\\/03\\\/dyzajn-bez-nazvanyya-1.png\",\"width\":180,\"height\":180,\"caption\":\"STvega \u0425\u0410\u0420\u0427\u041e\u0412\u0415 \u041f\u0420\u041e\u041c\u0418\u0421\u041b\u041e\u0412\u0415 \u041e\u0411\u041b\u0410\u0414\u041d\u0410\u041d\u041d\u042f\"},\"image\":{\"@id\":\"https:\\\/\\\/stvega.net\\\/pl\\\/#\\\/schema\\\/logo\\\/image\\\/\"},\"sameAs\":[\"https:\\\/\\\/www.facebook.com\\\/share\\\/9F1B4VxaHAC9E9HB\\\/?mibextid=qi2Omg\"]}]}<\/script>\n<!-- \/ Yoast SEO plugin. -->","yoast_head_json":{"title":"Maszyna do zdzierania folii mi\u0119snej STvega MPT H300 \u043a\u0443\u043f\u0438\u0442\u0438 \u0437\u0430 \u0432\u0438\u0433\u0456\u0434\u043d\u043e\u044e \u0446\u0456\u043d\u043e\u044e \u0432 \u043c\u0430\u0433\u0430\u0437\u0438\u043d\u0456 STvega","description":"Maszyna do zdzierania folii mi\u0119snej STvega MPT H300 | \u043a\u0443\u043f\u0438\u0442\u0438 \u0437\u0430 \ud83c\udf1f\u0432\u0438\u0433\u0456\u0434\u043d\u043e\u044e \u0446\u0456\u043d\u043e\u044e \u0432 \u043c\u0430\u0433\u0430\u0437\u0438\u043d\u0456 STvega","robots":{"index":"index","follow":"follow","max-snippet":"max-snippet:-1","max-image-preview":"max-image-preview:large","max-video-preview":"max-video-preview:-1"},"canonical":"https:\/\/stvega.net\/pl\/product\/maszyna-do-zdzierania-folii-miesnej-stvega-mpt-h300\/","og_locale":"pl_PL","og_type":"article","og_title":"Maszyna do zdzierania folii mi\u0119snej STvega MPT H300 \u043a\u0443\u043f\u0438\u0442\u0438 \u0437\u0430 \u0432\u0438\u0433\u0456\u0434\u043d\u043e\u044e \u0446\u0456\u043d\u043e\u044e \u0432 \u043c\u0430\u0433\u0430\u0437\u0438\u043d\u0456 STvega","og_description":"Maszyna do zdzierania folii mi\u0119snej STvega MPT H300 | \u043a\u0443\u043f\u0438\u0442\u0438 \u0437\u0430 \ud83c\udf1f\u0432\u0438\u0433\u0456\u0434\u043d\u043e\u044e \u0446\u0456\u043d\u043e\u044e \u0432 \u043c\u0430\u0433\u0430\u0437\u0438\u043d\u0456 STvega","og_url":"https:\/\/stvega.net\/pl\/product\/maszyna-do-zdzierania-folii-miesnej-stvega-mpt-h300\/","og_site_name":"\u0448\u0438\u0440\u043e\u043a\u0438\u0439 \u0430\u0441\u043e\u0440\u0442\u0438\u043c\u0435\u043d\u0442 \u0445\u0430\u0440\u0447\u043e\u0432\u043e\u0433\u043e \u043f\u0440\u043e\u043c\u0438\u0441\u043b\u043e\u0432\u043e\u0433\u043e \u043e\u0431\u043b\u0430\u0434\u043d\u0430\u043d\u043d\u044f \u0434\u043b\u044f \u043f\u0435\u0440\u0435\u0440\u043e\u0431\u043a\u0438 \u043c\u2019\u044f\u0441\u0430, \u043e\u0432\u043e\u0447\u0456\u0432 \u0456 \u0444\u0440\u0443\u043a\u0442\u0456\u0432\u2b50\u0412\u0438\u0433\u0456\u0434\u043d\u0456 \u0446\u0456\u043d\u0438 \ud83e\uddbe\u0412\u0438\u0440\u043e\u0431\u043d\u0438\u0447\u0456 \u043b\u0456\u043d\u0456\u0457 \u043f\u0456\u0434 \u043a\u043b\u044e\u0447\ud83d\ude9a \u0414\u043e\u0441\u0442\u0430\u0432\u043a\u0430 \ud83d\udee0\u0421\u0435\u0440\u0432\u0456\u0441","article_publisher":"https:\/\/www.facebook.com\/share\/9F1B4VxaHAC9E9HB\/?mibextid=qi2Omg","og_image":[{"width":1710,"height":1893,"url":"https:\/\/stvega.net\/wp-content\/uploads\/2024\/11\/stvega-mpt-h300-2.png","type":"image\/png"}],"twitter_card":"summary_large_image","twitter_misc":{"Szacowany czas czytania":"1 minuta"},"schema":{"@context":"https:\/\/schema.org","@graph":[{"@type":"WebPage","@id":"https:\/\/stvega.net\/pl\/product\/maszyna-do-zdzierania-folii-miesnej-stvega-mpt-h300\/","url":"https:\/\/stvega.net\/pl\/product\/maszyna-do-zdzierania-folii-miesnej-stvega-mpt-h300\/","name":"Maszyna do zdzierania folii mi\u0119snej STvega MPT H300 \u043a\u0443\u043f\u0438\u0442\u0438 \u0437\u0430 \u0432\u0438\u0433\u0456\u0434\u043d\u043e\u044e \u0446\u0456\u043d\u043e\u044e \u0432 \u043c\u0430\u0433\u0430\u0437\u0438\u043d\u0456 STvega","isPartOf":{"@id":"https:\/\/stvega.net\/pl\/#website"},"primaryImageOfPage":{"@id":"https:\/\/stvega.net\/pl\/product\/maszyna-do-zdzierania-folii-miesnej-stvega-mpt-h300\/#primaryimage"},"image":{"@id":"https:\/\/stvega.net\/pl\/product\/maszyna-do-zdzierania-folii-miesnej-stvega-mpt-h300\/#primaryimage"},"thumbnailUrl":"https:\/\/stvega.net\/wp-content\/uploads\/2024\/11\/stvega-mpt-h300-2.png","datePublished":"2024-11-25T13:56:04+00:00","description":"Maszyna do zdzierania folii mi\u0119snej STvega MPT H300 | \u043a\u0443\u043f\u0438\u0442\u0438 \u0437\u0430 \ud83c\udf1f\u0432\u0438\u0433\u0456\u0434\u043d\u043e\u044e \u0446\u0456\u043d\u043e\u044e \u0432 \u043c\u0430\u0433\u0430\u0437\u0438\u043d\u0456 STvega","breadcrumb":{"@id":"https:\/\/stvega.net\/pl\/product\/maszyna-do-zdzierania-folii-miesnej-stvega-mpt-h300\/#breadcrumb"},"inLanguage":"pl-PL","potentialAction":[{"@type":"ReadAction","target":["https:\/\/stvega.net\/pl\/product\/maszyna-do-zdzierania-folii-miesnej-stvega-mpt-h300\/"]}]},{"@type":"ImageObject","inLanguage":"pl-PL","@id":"https:\/\/stvega.net\/pl\/product\/maszyna-do-zdzierania-folii-miesnej-stvega-mpt-h300\/#primaryimage","url":"https:\/\/stvega.net\/wp-content\/uploads\/2024\/11\/stvega-mpt-h300-2.png","contentUrl":"https:\/\/stvega.net\/wp-content\/uploads\/2024\/11\/stvega-mpt-h300-2.png","width":1710,"height":1893},{"@type":"BreadcrumbList","@id":"https:\/\/stvega.net\/pl\/product\/maszyna-do-zdzierania-folii-miesnej-stvega-mpt-h300\/#breadcrumb","itemListElement":[{"@type":"ListItem","position":1,"name":"Dom","item":"https:\/\/stvega.net\/pl\/"},{"@type":"ListItem","position":2,"name":"Katalog","item":"https:\/\/stvega.net\/katalog\/"},{"@type":"ListItem","position":3,"name":"Maszyna do zdzierania folii mi\u0119snej STvega MPT H300"}]},{"@type":"WebSite","@id":"https:\/\/stvega.net\/pl\/#website","url":"https:\/\/stvega.net\/pl\/","name":"STvega","description":"\u0445\u0430\u0440\u0447\u043e\u0432\u0435 \u043f\u0440\u043e\u043c\u0438\u0441\u043b\u043e\u0432\u0435 \u043e\u0431\u043b\u0430\u0434\u043d\u0430\u043d\u043d\u044f","publisher":{"@id":"https:\/\/stvega.net\/pl\/#organization"},"alternateName":"STvega - \u043e\u0432\u043e\u0447\u0435\u0440\u0456\u0437\u043a\u0438, \u0448\u043f\u0438\u0433\u043e\u0440\u0456\u0437\u043a\u0438, \u0441\u043b\u0430\u0439\u0441\u0435\u0440\u0438 \u0442\u0430 \u0456\u043d\u0448\u0435 \u0445\u0430\u0440\u0447\u043e\u0432\u0435 \u043e\u0431\u043b\u0430\u0434\u043d\u0430\u043d\u043d\u044f","potentialAction":[{"@type":"SearchAction","target":{"@type":"EntryPoint","urlTemplate":"https:\/\/stvega.net\/pl\/?s={search_term_string}"},"query-input":{"@type":"PropertyValueSpecification","valueRequired":true,"valueName":"search_term_string"}}],"inLanguage":"pl-PL"},{"@type":"Organization","@id":"https:\/\/stvega.net\/pl\/#organization","name":"STvega \u0425\u0410\u0420\u0427\u041e\u0412\u0415 \u041f\u0420\u041e\u041c\u0418\u0421\u041b\u041e\u0412\u0415 \u041e\u0411\u041b\u0410\u0414\u041d\u0410\u041d\u041d\u042f","alternateName":"STvega - \u043e\u0432\u043e\u0447\u0435\u0440\u0456\u0437\u043a\u0438, \u0448\u043f\u0438\u0433\u043e\u0440\u0456\u0437\u043a\u0438, \u0441\u043b\u0430\u0439\u0441\u0435\u0440\u0438 \u0442\u0430 \u0456\u043d\u0448\u0435 \u0445\u0430\u0440\u0447\u043e\u0432\u0435 \u043e\u0431\u043b\u0430\u0434\u043d\u0430\u043d\u043d\u044f","url":"https:\/\/stvega.net\/pl\/","logo":{"@type":"ImageObject","inLanguage":"pl-PL","@id":"https:\/\/stvega.net\/pl\/#\/schema\/logo\/image\/","url":"https:\/\/stvega.net\/wp-content\/uploads\/2024\/03\/dyzajn-bez-nazvanyya-1.png","contentUrl":"https:\/\/stvega.net\/wp-content\/uploads\/2024\/03\/dyzajn-bez-nazvanyya-1.png","width":180,"height":180,"caption":"STvega \u0425\u0410\u0420\u0427\u041e\u0412\u0415 \u041f\u0420\u041e\u041c\u0418\u0421\u041b\u041e\u0412\u0415 \u041e\u0411\u041b\u0410\u0414\u041d\u0410\u041d\u041d\u042f"},"image":{"@id":"https:\/\/stvega.net\/pl\/#\/schema\/logo\/image\/"},"sameAs":["https:\/\/www.facebook.com\/share\/9F1B4VxaHAC9E9HB\/?mibextid=qi2Omg"]}]}},"_links":{"self":[{"href":"https:\/\/stvega.net\/pl\/wp-json\/wp\/v2\/product\/11800","targetHints":{"allow":["GET"]}}],"collection":[{"href":"https:\/\/stvega.net\/pl\/wp-json\/wp\/v2\/product"}],"about":[{"href":"https:\/\/stvega.net\/pl\/wp-json\/wp\/v2\/types\/product"}],"replies":[{"embeddable":true,"href":"https:\/\/stvega.net\/pl\/wp-json\/wp\/v2\/comments?post=11800"}],"wp:featuredmedia":[{"embeddable":true,"href":"https:\/\/stvega.net\/pl\/wp-json\/wp\/v2\/media\/11831"}],"wp:attachment":[{"href":"https:\/\/stvega.net\/pl\/wp-json\/wp\/v2\/media?parent=11800"}],"wp:term":[{"taxonomy":"product_brand","embeddable":true,"href":"https:\/\/stvega.net\/pl\/wp-json\/wp\/v2\/product_brand?post=11800"},{"taxonomy":"product_cat","embeddable":true,"href":"https:\/\/stvega.net\/pl\/wp-json\/wp\/v2\/product_cat?post=11800"},{"taxonomy":"product_tag","embeddable":true,"href":"https:\/\/stvega.net\/pl\/wp-json\/wp\/v2\/product_tag?post=11800"}],"curies":[{"name":"wp","href":"https:\/\/api.w.org\/{rel}","templated":true}]}}