{"id":11650,"date":"2025-04-29T12:48:52","date_gmt":"2025-04-29T09:48:52","guid":{"rendered":"https:\/\/stvega.net\/product\/automatyczny-system-do-czyszczenia-wozkow-chinski-stvega-barrel-box-h150\/"},"modified":"2026-05-07T13:42:44","modified_gmt":"2026-05-07T10:42:44","slug":"automatyczny-system-do-czyszczenia-wozkow-chinski-stvega-barrel-box-h150","status":"publish","type":"product","link":"https:\/\/stvega.net\/pl\/product\/automatyczny-system-do-czyszczenia-wozkow-chinski-stvega-barrel-box-h150\/","title":{"rendered":"Automatyczny system do czyszczenia w\u00f3zk\u00f3w (chi\u0144ski) STvega Barrel Box H150"},"content":{"rendered":"<p>Pralka do pojemnik\u00f3w na \u017cywno\u015b\u0107 <strong>STvega Barrel Box H150<\/strong> zosta\u0142a zaprojektowana do skutecznego mycia i dezynfekcji pojemnik\u00f3w, w\u00f3zk\u00f3w, pude\u0142ek oraz innych pojemnik\u00f3w u\u017cywanych w przemy\u015ble spo\u017cywczym. Mycie odbywa si\u0119 poprzez cyrkulacj\u0119 gor\u0105c\u0105 wod\u0105 pod ci\u015bnieniem, co pozwala osi\u0105gn\u0105\u0107 wysoki poziom higieny zgodnie z wymogami bezpiecze\u0144stwa \u017cywno\u015bci. <\/p>\n<p><strong> <\/strong><strong>Zasada dzia\u0142ania<\/strong><strong>:<\/strong><\/p>\n<p>Pralka do pojemnik\u00f3w na \u017cywno\u015b\u0107 dzia\u0142a na zasadzie czyszczenia kombinowanego, co obejmuje dezynfekcj\u0119 w wysokiej temperaturze oraz spryskiwanie gor\u0105c\u0105 wod\u0105 pod ci\u015bnieniem. Operator montuje pojemnik wewn\u0105trz komory myj\u0105cej, po czym rozpoczyna si\u0119 cykl mycia. Gor\u0105ca woda jest dostarczana pod ci\u015bnieniem za pomoc\u0105 regulowanych dysz dzi\u0119ki pot\u0119\u017cnej pompie ze stali nierdzewnej. Pojemnik jest bezpiecznie trzymany specjalnym mechanizmem podnosz\u0105cym z prowadnicami, kt\u00f3ry zapewnia stabiln\u0105 pozycj\u0119 podczas mycia. Woda jest stale filtrowana przez wielopoziomowy system oczyszczania, co zmniejsza ilo\u015b\u0107 zanieczyszcze\u0144 i zanieczyszcze\u0144. Stabilna temperatura wody jest utrzymywana automatycznie, co przyczynia si\u0119 do skutecznego mycia i dezynfekcji. Po zako\u0144czeniu cyklu prania pojemnik jest roz\u0142adowywany, a pozosta\u0142e brudy zbierane s\u0105 w specjalnym zbiorniku z filtrem.      <\/p>\n<p><strong>Zalety sprz\u0119tu<\/strong><strong>:<\/strong><\/p>\n<ul>\n<li>Dysze maj\u0105 regulowany k\u0105t nachylenia, co pozwala na maksymalne pokrycie powierzchni pojemnika i zapewniaj\u0105 skuteczne czyszczenie nawet w trudno dost\u0119pnych miejscach.<\/li>\n<li>Trzy pochylone \u015bcianki zbiornika oraz wygodny system filtracji u\u0142atwiaj\u0105 czyszczenie dna zbiornika i zapobiegaj\u0105 gromadzeniu si\u0119 osad\u00f3w.<\/li>\n<li>Sprz\u0119t wyposa\u017cony jest w systemy bezpiecze\u0144stwa: awaryjne zatrzymanie, blokowanie przy otwieraniu element\u00f3w ochronnych oraz system wizualnego monitorowania procesu.<\/li>\n<li>Wysokowydajna pompa ze stali nierdzewnej, o przep\u0142ywie do 25 m\u00b3\/h i mocy 5,5 kW, zapewnia intensywn\u0105 cyrkulacj\u0119 wody dla wysokiej jako\u015bci mycia.<\/li>\n<li>Ca\u0142a konstrukcja wykonana jest ze stali nierdzewnej SUS304, co gwarantuje trwa\u0142o\u015b\u0107, odporno\u015b\u0107 na korozj\u0119 i \u0142atw\u0105 konserwacj\u0119.<\/li>\n<\/ul>\n\t<div class=\"section video\">\n\t\t<div class=\"row\">\n\t\t\t\t\t\t\t\t\t\t\t\t<div class=\"col-md-4 col-12\">\n\t\t\t\t\t\t<div class=\"container-lazyload preview-lazyload container-youtube js-lazyload--not-loaded\"><a href=\"https:\/\/www.youtube.com\/watch?v=RKokQVQQQO4\" class=\"lazy-load-youtube preview-lazyload preview-youtube\" data-video-title=\"\u041c\u0430\u0448\u0438\u043d\u0430 STvega Barrel Box H150 \u043f\u0440\u0438\u0437\u043d\u0430\u0447\u0435\u043d\u0430 \u0434\u043b\u044f \u043c\u0438\u0442\u0442\u044f \u0439 \u0434\u0435\u0437\u0456\u043d\u0444\u0435\u043a\u0446\u0456\u0457 \u043a\u043e\u043d\u0442\u0435\u0439\u043d\u0435\u0440\u0456\u0432, \u0432\u0456\u0437\u043a\u0456\u0432, \u044f\u0449\u0438\u043a\u0456\u0432\" title=\"Play video &quot;\u041c\u0430\u0448\u0438\u043d\u0430 STvega Barrel Box H150 \u043f\u0440\u0438\u0437\u043d\u0430\u0447\u0435\u043d\u0430 \u0434\u043b\u044f \u043c\u0438\u0442\u0442\u044f \u0439 \u0434\u0435\u0437\u0456\u043d\u0444\u0435\u043a\u0446\u0456\u0457 \u043a\u043e\u043d\u0442\u0435\u0439\u043d\u0435\u0440\u0456\u0432, \u0432\u0456\u0437\u043a\u0456\u0432, \u044f\u0449\u0438\u043a\u0456\u0432&quot;\">https:\/\/www.youtube.com\/watch?v=RKokQVQQQO4<\/a><noscript>Video can&#8217;t be loaded because JavaScript is disabled: <a href=\"https:\/\/www.youtube.com\/watch?v=RKokQVQQQO4\" title=\"\u041c\u0430\u0448\u0438\u043d\u0430 STvega Barrel Box H150 \u043f\u0440\u0438\u0437\u043d\u0430\u0447\u0435\u043d\u0430 \u0434\u043b\u044f \u043c\u0438\u0442\u0442\u044f \u0439 \u0434\u0435\u0437\u0456\u043d\u0444\u0435\u043a\u0446\u0456\u0457 \u043a\u043e\u043d\u0442\u0435\u0439\u043d\u0435\u0440\u0456\u0432, \u0432\u0456\u0437\u043a\u0456\u0432, \u044f\u0449\u0438\u043a\u0456\u0432\">\u041c\u0430\u0448\u0438\u043d\u0430 STvega Barrel Box H150 \u043f\u0440\u0438\u0437\u043d\u0430\u0447\u0435\u043d\u0430 \u0434\u043b\u044f \u043c\u0438\u0442\u0442\u044f \u0439 \u0434\u0435\u0437\u0456\u043d\u0444\u0435\u043a\u0446\u0456\u0457 \u043a\u043e\u043d\u0442\u0435\u0439\u043d\u0435\u0440\u0456\u0432, \u0432\u0456\u0437\u043a\u0456\u0432, \u044f\u0449\u0438\u043a\u0456\u0432 (https:\/\/www.youtube.com\/watch?v=RKokQVQQQO4)<\/a><\/noscript><\/div>\n\t\t\t\t\t<\/div>\n\t\t\t\t\t\t\t\t\t<\/div>\n\t<\/div>\n\t\t","protected":false},"excerpt":{"rendered":"<p>Pralka do pojemnik\u00f3w na \u017cywno\u015b\u0107 <strong>STvega Barrel Box H150<\/strong> zosta\u0142a zaprojektowana do skutecznego mycia i dezynfekcji pojemnik\u00f3w, w\u00f3zk\u00f3w, pude\u0142ek oraz innych pojemnik\u00f3w u\u017cywanych w przemy\u015ble spo\u017cywczym.<\/p>\n<p><strong>Specyfikacje:<\/strong><\/p>\n<p>[table id=&#8221;332&#8243; \/]<\/p>\n<p><span style=\"color: #0000ff;\"><strong>Unikalno\u015b\u0107 maszyny: <\/strong>Ciep\u0142a woda jest ponownie wykorzystywana, co zmniejsza zu\u017cycie energii i zasob\u00f3w.<\/span><\/p>\n","protected":false},"featured_media":11651,"comment_status":"closed","ping_status":"closed","template":"","meta":{"_acf_changed":false,"inline_featured_image":false},"product_brand":[],"product_cat":[3646,3613],"product_tag":[5651,5655,5663,5653,5649,5516,5646,5647,5648,5659,5645,5657,5644,5661],"class_list":{"0":"post-11650","1":"product","2":"type-product","3":"status-publish","4":"has-post-thumbnail","6":"product_cat-mycie-pojemnikow","7":"product_cat-pranie-i-czyszczenie","8":"product_tag-dezynfekcja-pojemnikow-spozywczych","9":"product_tag-higieniczne-mycie-pojemnikow","10":"product_tag-mycie-chinskich-kobiet","11":"product_tag-mycie-cisnieniowe-pojemnikow","12":"product_tag-mycie-kontenerow-przemyslowych","13":"product_tag-mycie-pojemnikow","14":"product_tag-mycie-pojemnikow-na-jedzenie","15":"product_tag-mycie-pudelek","16":"product_tag-mycie-tramwajow","17":"product_tag-pojemniki-do-czyszczenia-zywnosci","18":"product_tag-pralka-do-pojemnikow","19":"product_tag-pralka-do-zywnosci","20":"product_tag-sprzet-do-mycia-pojemnikow","21":"product_tag-wozki-sprzatajace","23":"first","24":"instock","25":"shipping-taxable","26":"product-type-simple"},"acf":[],"yoast_head":"<!-- This site is optimized with the Yoast SEO plugin v27.5 - https:\/\/yoast.com\/product\/yoast-seo-wordpress\/ -->\n<title>Automatyczny system do czyszczenia w\u00f3zk\u00f3w (chi\u0144ski) STvega Barrel Box H150 \u043a\u0443\u043f\u0438\u0442\u0438 \u0437\u0430 \u0432\u0438\u0433\u0456\u0434\u043d\u043e\u044e \u0446\u0456\u043d\u043e\u044e \u0432 \u043c\u0430\u0433\u0430\u0437\u0438\u043d\u0456 STvega<\/title>\n<meta name=\"description\" content=\"Automatyczny system do czyszczenia w\u00f3zk\u00f3w (chi\u0144ski) STvega Barrel Box H150 | \u043a\u0443\u043f\u0438\u0442\u0438 \u0437\u0430 \ud83c\udf1f\u0432\u0438\u0433\u0456\u0434\u043d\u043e\u044e \u0446\u0456\u043d\u043e\u044e \u0432 \u043c\u0430\u0433\u0430\u0437\u0438\u043d\u0456 STvega\" \/>\n<meta name=\"robots\" content=\"index, follow, max-snippet:-1, max-image-preview:large, max-video-preview:-1\" \/>\n<link rel=\"canonical\" href=\"https:\/\/stvega.net\/pl\/product\/automatyczny-system-do-czyszczenia-wozkow-chinski-stvega-barrel-box-h150\/\" \/>\n<meta property=\"og:locale\" content=\"pl_PL\" \/>\n<meta property=\"og:type\" content=\"article\" \/>\n<meta property=\"og:title\" content=\"Automatyczny system do czyszczenia w\u00f3zk\u00f3w (chi\u0144ski) STvega Barrel Box H150 \u043a\u0443\u043f\u0438\u0442\u0438 \u0437\u0430 \u0432\u0438\u0433\u0456\u0434\u043d\u043e\u044e \u0446\u0456\u043d\u043e\u044e \u0432 \u043c\u0430\u0433\u0430\u0437\u0438\u043d\u0456 STvega\" \/>\n<meta property=\"og:description\" content=\"Automatyczny system do czyszczenia w\u00f3zk\u00f3w (chi\u0144ski) STvega Barrel Box H150 | \u043a\u0443\u043f\u0438\u0442\u0438 \u0437\u0430 \ud83c\udf1f\u0432\u0438\u0433\u0456\u0434\u043d\u043e\u044e \u0446\u0456\u043d\u043e\u044e \u0432 \u043c\u0430\u0433\u0430\u0437\u0438\u043d\u0456 STvega\" \/>\n<meta property=\"og:url\" content=\"https:\/\/stvega.net\/pl\/product\/automatyczny-system-do-czyszczenia-wozkow-chinski-stvega-barrel-box-h150\/\" \/>\n<meta property=\"og:site_name\" content=\"\u0448\u0438\u0440\u043e\u043a\u0438\u0439 \u0430\u0441\u043e\u0440\u0442\u0438\u043c\u0435\u043d\u0442 \u0445\u0430\u0440\u0447\u043e\u0432\u043e\u0433\u043e \u043f\u0440\u043e\u043c\u0438\u0441\u043b\u043e\u0432\u043e\u0433\u043e \u043e\u0431\u043b\u0430\u0434\u043d\u0430\u043d\u043d\u044f \u0434\u043b\u044f \u043f\u0435\u0440\u0435\u0440\u043e\u0431\u043a\u0438 \u043c\u2019\u044f\u0441\u0430, \u043e\u0432\u043e\u0447\u0456\u0432 \u0456 \u0444\u0440\u0443\u043a\u0442\u0456\u0432\u2b50\u0412\u0438\u0433\u0456\u0434\u043d\u0456 \u0446\u0456\u043d\u0438 \ud83e\uddbe\u0412\u0438\u0440\u043e\u0431\u043d\u0438\u0447\u0456 \u043b\u0456\u043d\u0456\u0457 \u043f\u0456\u0434 \u043a\u043b\u044e\u0447\ud83d\ude9a \u0414\u043e\u0441\u0442\u0430\u0432\u043a\u0430 \ud83d\udee0\u0421\u0435\u0440\u0432\u0456\u0441\" \/>\n<meta property=\"article:publisher\" content=\"https:\/\/www.facebook.com\/share\/9F1B4VxaHAC9E9HB\/?mibextid=qi2Omg\" \/>\n<meta property=\"article:modified_time\" content=\"2026-05-07T10:42:44+00:00\" \/>\n<meta property=\"og:image\" content=\"https:\/\/stvega.net\/wp-content\/uploads\/2025\/04\/avtomatychna-systema-dlya-ochystky-vozykiv-stvega-barrel-box-h150.png\" \/>\n\t<meta property=\"og:image:width\" content=\"529\" \/>\n\t<meta property=\"og:image:height\" content=\"471\" \/>\n\t<meta property=\"og:image:type\" content=\"image\/png\" \/>\n<meta name=\"twitter:card\" content=\"summary_large_image\" \/>\n<meta name=\"twitter:label1\" content=\"Szacowany czas czytania\" \/>\n\t<meta name=\"twitter:data1\" content=\"1 minuta\" \/>\n<script type=\"application\/ld+json\" class=\"yoast-schema-graph\">{\"@context\":\"https:\\\/\\\/schema.org\",\"@graph\":[{\"@type\":\"WebPage\",\"@id\":\"https:\\\/\\\/stvega.net\\\/pl\\\/product\\\/automatyczny-system-do-czyszczenia-wozkow-chinski-stvega-barrel-box-h150\\\/\",\"url\":\"https:\\\/\\\/stvega.net\\\/pl\\\/product\\\/automatyczny-system-do-czyszczenia-wozkow-chinski-stvega-barrel-box-h150\\\/\",\"name\":\"Automatyczny system do czyszczenia w\u00f3zk\u00f3w (chi\u0144ski) STvega Barrel Box H150 \u043a\u0443\u043f\u0438\u0442\u0438 \u0437\u0430 \u0432\u0438\u0433\u0456\u0434\u043d\u043e\u044e \u0446\u0456\u043d\u043e\u044e \u0432 \u043c\u0430\u0433\u0430\u0437\u0438\u043d\u0456 STvega\",\"isPartOf\":{\"@id\":\"https:\\\/\\\/stvega.net\\\/pl\\\/#website\"},\"primaryImageOfPage\":{\"@id\":\"https:\\\/\\\/stvega.net\\\/pl\\\/product\\\/automatyczny-system-do-czyszczenia-wozkow-chinski-stvega-barrel-box-h150\\\/#primaryimage\"},\"image\":{\"@id\":\"https:\\\/\\\/stvega.net\\\/pl\\\/product\\\/automatyczny-system-do-czyszczenia-wozkow-chinski-stvega-barrel-box-h150\\\/#primaryimage\"},\"thumbnailUrl\":\"https:\\\/\\\/stvega.net\\\/wp-content\\\/uploads\\\/2025\\\/04\\\/avtomatychna-systema-dlya-ochystky-vozykiv-stvega-barrel-box-h150.png\",\"datePublished\":\"2025-04-29T09:48:52+00:00\",\"dateModified\":\"2026-05-07T10:42:44+00:00\",\"description\":\"Automatyczny system do czyszczenia w\u00f3zk\u00f3w (chi\u0144ski) STvega Barrel Box H150 | \u043a\u0443\u043f\u0438\u0442\u0438 \u0437\u0430 \ud83c\udf1f\u0432\u0438\u0433\u0456\u0434\u043d\u043e\u044e \u0446\u0456\u043d\u043e\u044e \u0432 \u043c\u0430\u0433\u0430\u0437\u0438\u043d\u0456 STvega\",\"breadcrumb\":{\"@id\":\"https:\\\/\\\/stvega.net\\\/pl\\\/product\\\/automatyczny-system-do-czyszczenia-wozkow-chinski-stvega-barrel-box-h150\\\/#breadcrumb\"},\"inLanguage\":\"pl-PL\",\"potentialAction\":[{\"@type\":\"ReadAction\",\"target\":[\"https:\\\/\\\/stvega.net\\\/pl\\\/product\\\/automatyczny-system-do-czyszczenia-wozkow-chinski-stvega-barrel-box-h150\\\/\"]}]},{\"@type\":\"ImageObject\",\"inLanguage\":\"pl-PL\",\"@id\":\"https:\\\/\\\/stvega.net\\\/pl\\\/product\\\/automatyczny-system-do-czyszczenia-wozkow-chinski-stvega-barrel-box-h150\\\/#primaryimage\",\"url\":\"https:\\\/\\\/stvega.net\\\/wp-content\\\/uploads\\\/2025\\\/04\\\/avtomatychna-systema-dlya-ochystky-vozykiv-stvega-barrel-box-h150.png\",\"contentUrl\":\"https:\\\/\\\/stvega.net\\\/wp-content\\\/uploads\\\/2025\\\/04\\\/avtomatychna-systema-dlya-ochystky-vozykiv-stvega-barrel-box-h150.png\",\"width\":529,\"height\":471},{\"@type\":\"BreadcrumbList\",\"@id\":\"https:\\\/\\\/stvega.net\\\/pl\\\/product\\\/automatyczny-system-do-czyszczenia-wozkow-chinski-stvega-barrel-box-h150\\\/#breadcrumb\",\"itemListElement\":[{\"@type\":\"ListItem\",\"position\":1,\"name\":\"Dom\",\"item\":\"https:\\\/\\\/stvega.net\\\/pl\\\/\"},{\"@type\":\"ListItem\",\"position\":2,\"name\":\"Katalog\",\"item\":\"https:\\\/\\\/stvega.net\\\/katalog\\\/\"},{\"@type\":\"ListItem\",\"position\":3,\"name\":\"Automatyczny system do czyszczenia w\u00f3zk\u00f3w (chi\u0144ski) STvega Barrel Box H150\"}]},{\"@type\":\"WebSite\",\"@id\":\"https:\\\/\\\/stvega.net\\\/pl\\\/#website\",\"url\":\"https:\\\/\\\/stvega.net\\\/pl\\\/\",\"name\":\"STvega\",\"description\":\"\u0445\u0430\u0440\u0447\u043e\u0432\u0435 \u043f\u0440\u043e\u043c\u0438\u0441\u043b\u043e\u0432\u0435 \u043e\u0431\u043b\u0430\u0434\u043d\u0430\u043d\u043d\u044f\",\"publisher\":{\"@id\":\"https:\\\/\\\/stvega.net\\\/pl\\\/#organization\"},\"alternateName\":\"STvega - \u043e\u0432\u043e\u0447\u0435\u0440\u0456\u0437\u043a\u0438, \u0448\u043f\u0438\u0433\u043e\u0440\u0456\u0437\u043a\u0438, \u0441\u043b\u0430\u0439\u0441\u0435\u0440\u0438 \u0442\u0430 \u0456\u043d\u0448\u0435 \u0445\u0430\u0440\u0447\u043e\u0432\u0435 \u043e\u0431\u043b\u0430\u0434\u043d\u0430\u043d\u043d\u044f\",\"potentialAction\":[{\"@type\":\"SearchAction\",\"target\":{\"@type\":\"EntryPoint\",\"urlTemplate\":\"https:\\\/\\\/stvega.net\\\/pl\\\/?s={search_term_string}\"},\"query-input\":{\"@type\":\"PropertyValueSpecification\",\"valueRequired\":true,\"valueName\":\"search_term_string\"}}],\"inLanguage\":\"pl-PL\"},{\"@type\":\"Organization\",\"@id\":\"https:\\\/\\\/stvega.net\\\/pl\\\/#organization\",\"name\":\"STvega \u0425\u0410\u0420\u0427\u041e\u0412\u0415 \u041f\u0420\u041e\u041c\u0418\u0421\u041b\u041e\u0412\u0415 \u041e\u0411\u041b\u0410\u0414\u041d\u0410\u041d\u041d\u042f\",\"alternateName\":\"STvega - \u043e\u0432\u043e\u0447\u0435\u0440\u0456\u0437\u043a\u0438, \u0448\u043f\u0438\u0433\u043e\u0440\u0456\u0437\u043a\u0438, \u0441\u043b\u0430\u0439\u0441\u0435\u0440\u0438 \u0442\u0430 \u0456\u043d\u0448\u0435 \u0445\u0430\u0440\u0447\u043e\u0432\u0435 \u043e\u0431\u043b\u0430\u0434\u043d\u0430\u043d\u043d\u044f\",\"url\":\"https:\\\/\\\/stvega.net\\\/pl\\\/\",\"logo\":{\"@type\":\"ImageObject\",\"inLanguage\":\"pl-PL\",\"@id\":\"https:\\\/\\\/stvega.net\\\/pl\\\/#\\\/schema\\\/logo\\\/image\\\/\",\"url\":\"https:\\\/\\\/stvega.net\\\/wp-content\\\/uploads\\\/2024\\\/03\\\/dyzajn-bez-nazvanyya-1.png\",\"contentUrl\":\"https:\\\/\\\/stvega.net\\\/wp-content\\\/uploads\\\/2024\\\/03\\\/dyzajn-bez-nazvanyya-1.png\",\"width\":180,\"height\":180,\"caption\":\"STvega \u0425\u0410\u0420\u0427\u041e\u0412\u0415 \u041f\u0420\u041e\u041c\u0418\u0421\u041b\u041e\u0412\u0415 \u041e\u0411\u041b\u0410\u0414\u041d\u0410\u041d\u041d\u042f\"},\"image\":{\"@id\":\"https:\\\/\\\/stvega.net\\\/pl\\\/#\\\/schema\\\/logo\\\/image\\\/\"},\"sameAs\":[\"https:\\\/\\\/www.facebook.com\\\/share\\\/9F1B4VxaHAC9E9HB\\\/?mibextid=qi2Omg\"]}]}<\/script>\n<!-- \/ Yoast SEO plugin. -->","yoast_head_json":{"title":"Automatyczny system do czyszczenia w\u00f3zk\u00f3w (chi\u0144ski) STvega Barrel Box H150 \u043a\u0443\u043f\u0438\u0442\u0438 \u0437\u0430 \u0432\u0438\u0433\u0456\u0434\u043d\u043e\u044e \u0446\u0456\u043d\u043e\u044e \u0432 \u043c\u0430\u0433\u0430\u0437\u0438\u043d\u0456 STvega","description":"Automatyczny system do czyszczenia w\u00f3zk\u00f3w (chi\u0144ski) STvega Barrel Box H150 | \u043a\u0443\u043f\u0438\u0442\u0438 \u0437\u0430 \ud83c\udf1f\u0432\u0438\u0433\u0456\u0434\u043d\u043e\u044e \u0446\u0456\u043d\u043e\u044e \u0432 \u043c\u0430\u0433\u0430\u0437\u0438\u043d\u0456 STvega","robots":{"index":"index","follow":"follow","max-snippet":"max-snippet:-1","max-image-preview":"max-image-preview:large","max-video-preview":"max-video-preview:-1"},"canonical":"https:\/\/stvega.net\/pl\/product\/automatyczny-system-do-czyszczenia-wozkow-chinski-stvega-barrel-box-h150\/","og_locale":"pl_PL","og_type":"article","og_title":"Automatyczny system do czyszczenia w\u00f3zk\u00f3w (chi\u0144ski) STvega Barrel Box H150 \u043a\u0443\u043f\u0438\u0442\u0438 \u0437\u0430 \u0432\u0438\u0433\u0456\u0434\u043d\u043e\u044e \u0446\u0456\u043d\u043e\u044e \u0432 \u043c\u0430\u0433\u0430\u0437\u0438\u043d\u0456 STvega","og_description":"Automatyczny system do czyszczenia w\u00f3zk\u00f3w (chi\u0144ski) STvega Barrel Box H150 | \u043a\u0443\u043f\u0438\u0442\u0438 \u0437\u0430 \ud83c\udf1f\u0432\u0438\u0433\u0456\u0434\u043d\u043e\u044e \u0446\u0456\u043d\u043e\u044e \u0432 \u043c\u0430\u0433\u0430\u0437\u0438\u043d\u0456 STvega","og_url":"https:\/\/stvega.net\/pl\/product\/automatyczny-system-do-czyszczenia-wozkow-chinski-stvega-barrel-box-h150\/","og_site_name":"\u0448\u0438\u0440\u043e\u043a\u0438\u0439 \u0430\u0441\u043e\u0440\u0442\u0438\u043c\u0435\u043d\u0442 \u0445\u0430\u0440\u0447\u043e\u0432\u043e\u0433\u043e \u043f\u0440\u043e\u043c\u0438\u0441\u043b\u043e\u0432\u043e\u0433\u043e \u043e\u0431\u043b\u0430\u0434\u043d\u0430\u043d\u043d\u044f \u0434\u043b\u044f \u043f\u0435\u0440\u0435\u0440\u043e\u0431\u043a\u0438 \u043c\u2019\u044f\u0441\u0430, \u043e\u0432\u043e\u0447\u0456\u0432 \u0456 \u0444\u0440\u0443\u043a\u0442\u0456\u0432\u2b50\u0412\u0438\u0433\u0456\u0434\u043d\u0456 \u0446\u0456\u043d\u0438 \ud83e\uddbe\u0412\u0438\u0440\u043e\u0431\u043d\u0438\u0447\u0456 \u043b\u0456\u043d\u0456\u0457 \u043f\u0456\u0434 \u043a\u043b\u044e\u0447\ud83d\ude9a \u0414\u043e\u0441\u0442\u0430\u0432\u043a\u0430 \ud83d\udee0\u0421\u0435\u0440\u0432\u0456\u0441","article_publisher":"https:\/\/www.facebook.com\/share\/9F1B4VxaHAC9E9HB\/?mibextid=qi2Omg","article_modified_time":"2026-05-07T10:42:44+00:00","og_image":[{"width":529,"height":471,"url":"https:\/\/stvega.net\/wp-content\/uploads\/2025\/04\/avtomatychna-systema-dlya-ochystky-vozykiv-stvega-barrel-box-h150.png","type":"image\/png"}],"twitter_card":"summary_large_image","twitter_misc":{"Szacowany czas czytania":"1 minuta"},"schema":{"@context":"https:\/\/schema.org","@graph":[{"@type":"WebPage","@id":"https:\/\/stvega.net\/pl\/product\/automatyczny-system-do-czyszczenia-wozkow-chinski-stvega-barrel-box-h150\/","url":"https:\/\/stvega.net\/pl\/product\/automatyczny-system-do-czyszczenia-wozkow-chinski-stvega-barrel-box-h150\/","name":"Automatyczny system do czyszczenia w\u00f3zk\u00f3w (chi\u0144ski) STvega Barrel Box H150 \u043a\u0443\u043f\u0438\u0442\u0438 \u0437\u0430 \u0432\u0438\u0433\u0456\u0434\u043d\u043e\u044e \u0446\u0456\u043d\u043e\u044e \u0432 \u043c\u0430\u0433\u0430\u0437\u0438\u043d\u0456 STvega","isPartOf":{"@id":"https:\/\/stvega.net\/pl\/#website"},"primaryImageOfPage":{"@id":"https:\/\/stvega.net\/pl\/product\/automatyczny-system-do-czyszczenia-wozkow-chinski-stvega-barrel-box-h150\/#primaryimage"},"image":{"@id":"https:\/\/stvega.net\/pl\/product\/automatyczny-system-do-czyszczenia-wozkow-chinski-stvega-barrel-box-h150\/#primaryimage"},"thumbnailUrl":"https:\/\/stvega.net\/wp-content\/uploads\/2025\/04\/avtomatychna-systema-dlya-ochystky-vozykiv-stvega-barrel-box-h150.png","datePublished":"2025-04-29T09:48:52+00:00","dateModified":"2026-05-07T10:42:44+00:00","description":"Automatyczny system do czyszczenia w\u00f3zk\u00f3w (chi\u0144ski) STvega Barrel Box H150 | \u043a\u0443\u043f\u0438\u0442\u0438 \u0437\u0430 \ud83c\udf1f\u0432\u0438\u0433\u0456\u0434\u043d\u043e\u044e \u0446\u0456\u043d\u043e\u044e \u0432 \u043c\u0430\u0433\u0430\u0437\u0438\u043d\u0456 STvega","breadcrumb":{"@id":"https:\/\/stvega.net\/pl\/product\/automatyczny-system-do-czyszczenia-wozkow-chinski-stvega-barrel-box-h150\/#breadcrumb"},"inLanguage":"pl-PL","potentialAction":[{"@type":"ReadAction","target":["https:\/\/stvega.net\/pl\/product\/automatyczny-system-do-czyszczenia-wozkow-chinski-stvega-barrel-box-h150\/"]}]},{"@type":"ImageObject","inLanguage":"pl-PL","@id":"https:\/\/stvega.net\/pl\/product\/automatyczny-system-do-czyszczenia-wozkow-chinski-stvega-barrel-box-h150\/#primaryimage","url":"https:\/\/stvega.net\/wp-content\/uploads\/2025\/04\/avtomatychna-systema-dlya-ochystky-vozykiv-stvega-barrel-box-h150.png","contentUrl":"https:\/\/stvega.net\/wp-content\/uploads\/2025\/04\/avtomatychna-systema-dlya-ochystky-vozykiv-stvega-barrel-box-h150.png","width":529,"height":471},{"@type":"BreadcrumbList","@id":"https:\/\/stvega.net\/pl\/product\/automatyczny-system-do-czyszczenia-wozkow-chinski-stvega-barrel-box-h150\/#breadcrumb","itemListElement":[{"@type":"ListItem","position":1,"name":"Dom","item":"https:\/\/stvega.net\/pl\/"},{"@type":"ListItem","position":2,"name":"Katalog","item":"https:\/\/stvega.net\/katalog\/"},{"@type":"ListItem","position":3,"name":"Automatyczny system do czyszczenia w\u00f3zk\u00f3w (chi\u0144ski) STvega Barrel Box H150"}]},{"@type":"WebSite","@id":"https:\/\/stvega.net\/pl\/#website","url":"https:\/\/stvega.net\/pl\/","name":"STvega","description":"\u0445\u0430\u0440\u0447\u043e\u0432\u0435 \u043f\u0440\u043e\u043c\u0438\u0441\u043b\u043e\u0432\u0435 \u043e\u0431\u043b\u0430\u0434\u043d\u0430\u043d\u043d\u044f","publisher":{"@id":"https:\/\/stvega.net\/pl\/#organization"},"alternateName":"STvega - \u043e\u0432\u043e\u0447\u0435\u0440\u0456\u0437\u043a\u0438, \u0448\u043f\u0438\u0433\u043e\u0440\u0456\u0437\u043a\u0438, \u0441\u043b\u0430\u0439\u0441\u0435\u0440\u0438 \u0442\u0430 \u0456\u043d\u0448\u0435 \u0445\u0430\u0440\u0447\u043e\u0432\u0435 \u043e\u0431\u043b\u0430\u0434\u043d\u0430\u043d\u043d\u044f","potentialAction":[{"@type":"SearchAction","target":{"@type":"EntryPoint","urlTemplate":"https:\/\/stvega.net\/pl\/?s={search_term_string}"},"query-input":{"@type":"PropertyValueSpecification","valueRequired":true,"valueName":"search_term_string"}}],"inLanguage":"pl-PL"},{"@type":"Organization","@id":"https:\/\/stvega.net\/pl\/#organization","name":"STvega \u0425\u0410\u0420\u0427\u041e\u0412\u0415 \u041f\u0420\u041e\u041c\u0418\u0421\u041b\u041e\u0412\u0415 \u041e\u0411\u041b\u0410\u0414\u041d\u0410\u041d\u041d\u042f","alternateName":"STvega - \u043e\u0432\u043e\u0447\u0435\u0440\u0456\u0437\u043a\u0438, \u0448\u043f\u0438\u0433\u043e\u0440\u0456\u0437\u043a\u0438, \u0441\u043b\u0430\u0439\u0441\u0435\u0440\u0438 \u0442\u0430 \u0456\u043d\u0448\u0435 \u0445\u0430\u0440\u0447\u043e\u0432\u0435 \u043e\u0431\u043b\u0430\u0434\u043d\u0430\u043d\u043d\u044f","url":"https:\/\/stvega.net\/pl\/","logo":{"@type":"ImageObject","inLanguage":"pl-PL","@id":"https:\/\/stvega.net\/pl\/#\/schema\/logo\/image\/","url":"https:\/\/stvega.net\/wp-content\/uploads\/2024\/03\/dyzajn-bez-nazvanyya-1.png","contentUrl":"https:\/\/stvega.net\/wp-content\/uploads\/2024\/03\/dyzajn-bez-nazvanyya-1.png","width":180,"height":180,"caption":"STvega \u0425\u0410\u0420\u0427\u041e\u0412\u0415 \u041f\u0420\u041e\u041c\u0418\u0421\u041b\u041e\u0412\u0415 \u041e\u0411\u041b\u0410\u0414\u041d\u0410\u041d\u041d\u042f"},"image":{"@id":"https:\/\/stvega.net\/pl\/#\/schema\/logo\/image\/"},"sameAs":["https:\/\/www.facebook.com\/share\/9F1B4VxaHAC9E9HB\/?mibextid=qi2Omg"]}]}},"_links":{"self":[{"href":"https:\/\/stvega.net\/pl\/wp-json\/wp\/v2\/product\/11650","targetHints":{"allow":["GET"]}}],"collection":[{"href":"https:\/\/stvega.net\/pl\/wp-json\/wp\/v2\/product"}],"about":[{"href":"https:\/\/stvega.net\/pl\/wp-json\/wp\/v2\/types\/product"}],"replies":[{"embeddable":true,"href":"https:\/\/stvega.net\/pl\/wp-json\/wp\/v2\/comments?post=11650"}],"wp:featuredmedia":[{"embeddable":true,"href":"https:\/\/stvega.net\/pl\/wp-json\/wp\/v2\/media\/11651"}],"wp:attachment":[{"href":"https:\/\/stvega.net\/pl\/wp-json\/wp\/v2\/media?parent=11650"}],"wp:term":[{"taxonomy":"product_brand","embeddable":true,"href":"https:\/\/stvega.net\/pl\/wp-json\/wp\/v2\/product_brand?post=11650"},{"taxonomy":"product_cat","embeddable":true,"href":"https:\/\/stvega.net\/pl\/wp-json\/wp\/v2\/product_cat?post=11650"},{"taxonomy":"product_tag","embeddable":true,"href":"https:\/\/stvega.net\/pl\/wp-json\/wp\/v2\/product_tag?post=11650"}],"curies":[{"name":"wp","href":"https:\/\/api.w.org\/{rel}","templated":true}]}}