{"id":11532,"date":"2025-04-02T15:03:04","date_gmt":"2025-04-02T12:03:04","guid":{"rendered":"https:\/\/stvega.net\/product\/liniya-z-pakuvannya-gotovo%d1%97-%d1%97zhi-stvega-ready-food-packaging-lines-h2000\/"},"modified":"2026-05-07T13:41:27","modified_gmt":"2026-05-07T10:41:27","slug":"liniya-z-pakuvannya-gotovo%d1%97-%d1%97zhi-stvega-ready-food-packaging-lines-h2000","status":"publish","type":"product","link":"https:\/\/stvega.net\/pl\/product\/liniya-z-pakuvannya-gotovo%d1%97-%d1%97zhi-stvega-ready-food-packaging-lines-h2000\/","title":{"rendered":"\u041b\u0456\u043d\u0456\u044f \u0437 \u043f\u0430\u043a\u0443\u0432\u0430\u043d\u043d\u044f \u0433\u043e\u0442\u043e\u0432\u043e\u0457 \u0457\u0436\u0456 STvega Ready Food Packaging Lines H2000"},"content":{"rendered":"<p><strong><b>Linie opakowa\u0144 gotowej \u017cywno\u015bci STvega H2000<\/b><\/strong> zapewniaj\u0105 pe\u0142ny cykl automatycznego pakowania, kontroli jako\u015bci oraz etykietowania tac gotowych do spo\u017cycia.<\/p>\n<p><strong>Zasada dzia\u0142ania:<\/strong><\/p>\n<p>Tace z jedzeniem s\u0105 przesuwane ta\u015bm\u0105, aby r\u00f3wnomiernie podawa\u0107 je w kilku strumieniach do maszyny pakuj\u0105cej. Po pakowaniu tacy s\u0105 wysy\u0142ane na st\u00f3\u0142 dystrybucyjny wraz z tablicami prowadz\u0105cymi. Tam specjalny mechanizm formuje zapakowane tace w jeden przep\u0142yw. Nast\u0119pnie przechodz\u0105 przez wykrywacz metalu, kt\u00f3ry odrzuca produkty niskiej jako\u015bci. Po sprawdzeniu etykieta jest przyklejana do tacek za pomoc\u0105 specjalnej maszyny. Ostatnim etapem jest roz\u0142adunek zapakowanego produktu za pomoc\u0105 przeno\u015bnika do maszyny do zbierania gotowych produkt\u00f3w.     <\/p>\n<p style=\"text-align: center;\"><strong>G\u0142\u00f3wne cechy techniczne linii:  <\/strong><\/p>\n<div class=\"responsive-table\"><table style=\"height: 1116px;\" width=\"810\">\n<tbody>\n<tr>\n<td colspan=\"2\" width=\"491\">\n<p style=\"text-align: center;\"><strong>Linie opakowania \u017cywno\u015bci STvega Ready H2000<\/strong><\/p>\n<\/td>\n<\/tr>\n<tr>\n<td colspan=\"2\" width=\"491\">\n<p style=\"text-align: center;\"><strong>Linia przeno\u015bnik\u00f3w ze stali nierdzewnej<\/strong><\/p>\n<\/td>\n<\/tr>\n<tr>\n<td width=\"188\">Wymiary, mm<\/td>\n<td width=\"302\">6000*1050*1000<\/td>\n<\/tr>\n<tr>\n<td width=\"188\">Waga, kg<\/td>\n<td width=\"302\">320<\/td>\n<\/tr>\n<tr>\n<td colspan=\"2\" width=\"491\">\n<p style=\"text-align: center;\"><strong>Ta\u015bma przeno\u015bna z prowadnicami zapewniaj\u0105cymi r\u00f3wnomierne podawanie do opakowania<\/strong><\/p>\n<\/td>\n<\/tr>\n<tr>\n<td width=\"188\">Wymiary, mm<\/td>\n<td width=\"302\">1150*700*1000<\/td>\n<\/tr>\n<tr>\n<td colspan=\"2\" width=\"491\">\n<p style=\"text-align: center;\"><strong>Automatyczna maszyna pakuj\u0105ca z modyfikowan\u0105 atmosfer\u0105 + mechanizm wybierania numer\u00f3w pude\u0142ek<\/strong><\/p>\n<\/td>\n<\/tr>\n<tr>\n<td width=\"188\">Wymiary, mm<\/td>\n<td width=\"302\">4150*960*1700<\/td>\n<\/tr>\n<tr>\n<td width=\"188\">Waga, kg<\/td>\n<td width=\"302\">450<\/td>\n<\/tr>\n<tr>\n<td colspan=\"2\" width=\"491\">\n<p style=\"text-align: center;\"><strong>Inspekcja metalu + Maszyna do odrzutu<\/strong><\/p>\n<\/td>\n<\/tr>\n<tr>\n<td width=\"188\">Wymiary, mm<\/td>\n<td width=\"302\">1480*870*1670<\/td>\n<\/tr>\n<tr>\n<td width=\"188\">Waga, kg<\/td>\n<td width=\"302\">190<\/td>\n<\/tr>\n<tr>\n<td colspan=\"2\" width=\"491\">\n<p style=\"text-align: center;\"><strong>Automatyczna maszyna drukarska i etykietuj\u0105ca<\/strong><\/p>\n<\/td>\n<\/tr>\n<tr>\n<td width=\"188\">Wymiary, mm<\/td>\n<td width=\"302\">1770*850*1450<\/td>\n<\/tr>\n<tr>\n<td width=\"188\">Waga, kg<\/td>\n<td width=\"302\">120<\/td>\n<\/tr>\n<tr>\n<td colspan=\"2\" width=\"491\">\n<p style=\"text-align: center;\"><strong>Maszyna do Zbierania Produkt\u00f3w<\/strong><\/p>\n<\/td>\n<\/tr>\n<tr>\n<td width=\"188\">Wymiary, mm<\/td>\n<td width=\"302\">1200*1200*1000<\/td>\n<\/tr>\n<tr>\n<td width=\"188\">Waga, kg<\/td>\n<td width=\"302\">100<\/td>\n<\/tr>\n<\/tbody>\n<\/table><\/div>\n\t<div class=\"section video\">\n\t\t<div class=\"row\">\n\t\t\t\t\t\t\t\t\t\t\t\t<div class=\"col-md-4 col-12\">\n\t\t\t\t\t\t<div class=\"container-lazyload preview-lazyload container-youtube js-lazyload--not-loaded\"><a href=\"https:\/\/www.youtube.com\/watch?v=VvpJFpiFpTU\" class=\"lazy-load-youtube preview-lazyload preview-youtube\" data-video-title=\"\u0412\u0438\u0440\u043e\u0431\u043d\u0438\u0447\u0430 \u043b\u0456\u043d\u0456\u044f \u0434\u043b\u044f \u043f\u0430\u043a\u0443\u0432\u0430\u043d\u043d\u044f \u0433\u043e\u0442\u043e\u0432\u043e\u0457 \u0457\u0436\u0456 \u0443 \u043f\u043b\u0430\u0441\u0442\u0438\u043a\u043e\u0432\u0456 \u043b\u043e\u0442\u043a\u0438 STvega Ready Food Packaging lines H2000\" title=\"Play video &quot;\u0412\u0438\u0440\u043e\u0431\u043d\u0438\u0447\u0430 \u043b\u0456\u043d\u0456\u044f \u0434\u043b\u044f \u043f\u0430\u043a\u0443\u0432\u0430\u043d\u043d\u044f \u0433\u043e\u0442\u043e\u0432\u043e\u0457 \u0457\u0436\u0456 \u0443 \u043f\u043b\u0430\u0441\u0442\u0438\u043a\u043e\u0432\u0456 \u043b\u043e\u0442\u043a\u0438 STvega Ready Food Packaging lines H2000&quot;\">https:\/\/www.youtube.com\/watch?v=VvpJFpiFpTU<\/a><noscript>Video can&#8217;t be loaded because JavaScript is disabled: <a href=\"https:\/\/www.youtube.com\/watch?v=VvpJFpiFpTU\" title=\"\u0412\u0438\u0440\u043e\u0431\u043d\u0438\u0447\u0430 \u043b\u0456\u043d\u0456\u044f \u0434\u043b\u044f \u043f\u0430\u043a\u0443\u0432\u0430\u043d\u043d\u044f \u0433\u043e\u0442\u043e\u0432\u043e\u0457 \u0457\u0436\u0456 \u0443 \u043f\u043b\u0430\u0441\u0442\u0438\u043a\u043e\u0432\u0456 \u043b\u043e\u0442\u043a\u0438 STvega Ready Food Packaging lines H2000\">\u0412\u0438\u0440\u043e\u0431\u043d\u0438\u0447\u0430 \u043b\u0456\u043d\u0456\u044f \u0434\u043b\u044f \u043f\u0430\u043a\u0443\u0432\u0430\u043d\u043d\u044f \u0433\u043e\u0442\u043e\u0432\u043e\u0457 \u0457\u0436\u0456 \u0443 \u043f\u043b\u0430\u0441\u0442\u0438\u043a\u043e\u0432\u0456 \u043b\u043e\u0442\u043a\u0438 STvega Ready Food Packaging lines H2000 (https:\/\/www.youtube.com\/watch?v=VvpJFpiFpTU)<\/a><\/noscript><\/div>\n\t\t\t\t\t<\/div>\n\t\t\t\t\t\t\t\t\t<\/div>\n\t<\/div>\n\t\t","protected":false},"excerpt":{"rendered":"<p><strong><b>Linie opakowa\u0144 gotowej \u017cywno\u015bci STvega H2000<\/b><\/strong> zapewniaj\u0105 pe\u0142ny cykl automatycznego pakowania, kontroli jako\u015bci oraz etykietowania tac gotowych do spo\u017cycia.<\/p>\n<p><strong>Kompozycja linijkowa:<\/strong><\/p>\n<ul>\n<li>Linia przeno\u015bnik\u00f3w ze stali nierdzewnej<\/li>\n<li>Ta\u015bma przeno\u015bna z prowadnicami zapewniaj\u0105cymi r\u00f3wnomierne podawanie do opakowania<\/li>\n<li>Automatyczna maszyna pakuj\u0105ca z modyfikowan\u0105 atmosfer\u0105 + mechanizm wybierania numer\u00f3w pude\u0142ek<\/li>\n<li>Inspekcja metalu + Maszyna do odrzutu<\/li>\n<li>Automatyczna maszyna drukarska i etykietuj\u0105ca<\/li>\n<li>Maszyna do Zbierania Produkt\u00f3w<\/li>\n<\/ul>\n","protected":false},"featured_media":11557,"comment_status":"closed","ping_status":"closed","template":"","meta":{"_acf_changed":false,"inline_featured_image":false},"product_brand":[],"product_cat":[3632,3587,3483],"product_tag":[5469,4923,3785,5467,3783,5464,3791,5478,3787,5480,3778,5475,4593,5482,5472],"class_list":{"0":"post-11532","1":"product","2":"type-product","3":"status-publish","4":"has-post-thumbnail","6":"product_cat-linie-produkcyjne","7":"product_cat-maszyny-pakujace","8":"product_cat-opakowanie-i-opakowania","9":"product_tag-automatyczna-linia-pakowania","10":"product_tag-automatyzacja-procesow-2","11":"product_tag-efektywne-pakowanie","12":"product_tag-gotowe-do-spozycia-opakowania-zywnosci","13":"product_tag-kontrola-jakosci-opakowan","14":"product_tag-linia-opakowan","15":"product_tag-opakowania-przemyslowe","16":"product_tag-opakowania-zywnosci-2","17":"product_tag-pakowanie-mechaniczne","18":"product_tag-produkcja-gotowej-zywnosci","19":"product_tag-przemysl-spozywczy","20":"product_tag-przetwarzanie-gotowej-zywnosci","21":"product_tag-sprzet-pakujacy-2","22":"product_tag-system-pakowania","23":"product_tag-technologia-pakowania-2","25":"first","26":"instock","27":"shipping-taxable","28":"product-type-simple"},"acf":[],"yoast_head":"<!-- This site is optimized with the Yoast SEO plugin v27.5 - https:\/\/yoast.com\/product\/yoast-seo-wordpress\/ -->\n<title>\u041b\u0456\u043d\u0456\u044f \u0437 \u043f\u0430\u043a\u0443\u0432\u0430\u043d\u043d\u044f \u0433\u043e\u0442\u043e\u0432\u043e\u0457 \u0457\u0436\u0456 STvega Ready Food Packaging Lines H2000 \u043a\u0443\u043f\u0438\u0442\u0438 \u0437\u0430 \u0432\u0438\u0433\u0456\u0434\u043d\u043e\u044e \u0446\u0456\u043d\u043e\u044e \u0432 \u043c\u0430\u0433\u0430\u0437\u0438\u043d\u0456 STvega<\/title>\n<meta name=\"description\" content=\"\u041b\u0456\u043d\u0456\u044f \u0437 \u043f\u0430\u043a\u0443\u0432\u0430\u043d\u043d\u044f \u0433\u043e\u0442\u043e\u0432\u043e\u0457 \u0457\u0436\u0456 STvega Ready Food Packaging Lines H2000 | \u043a\u0443\u043f\u0438\u0442\u0438 \u0437\u0430 \ud83c\udf1f\u0432\u0438\u0433\u0456\u0434\u043d\u043e\u044e \u0446\u0456\u043d\u043e\u044e \u0432 \u043c\u0430\u0433\u0430\u0437\u0438\u043d\u0456 STvega\" \/>\n<meta name=\"robots\" content=\"index, follow, max-snippet:-1, max-image-preview:large, max-video-preview:-1\" \/>\n<link rel=\"canonical\" href=\"https:\/\/stvega.net\/pl\/product\/liniya-z-pakuvannya-gotovo%d1%97-%d1%97zhi-stvega-ready-food-packaging-lines-h2000\/\" \/>\n<meta property=\"og:locale\" content=\"pl_PL\" \/>\n<meta property=\"og:type\" content=\"article\" \/>\n<meta property=\"og:title\" content=\"\u041b\u0456\u043d\u0456\u044f \u0437 \u043f\u0430\u043a\u0443\u0432\u0430\u043d\u043d\u044f \u0433\u043e\u0442\u043e\u0432\u043e\u0457 \u0457\u0436\u0456 STvega Ready Food Packaging Lines H2000 \u043a\u0443\u043f\u0438\u0442\u0438 \u0437\u0430 \u0432\u0438\u0433\u0456\u0434\u043d\u043e\u044e \u0446\u0456\u043d\u043e\u044e \u0432 \u043c\u0430\u0433\u0430\u0437\u0438\u043d\u0456 STvega\" \/>\n<meta property=\"og:description\" content=\"\u041b\u0456\u043d\u0456\u044f \u0437 \u043f\u0430\u043a\u0443\u0432\u0430\u043d\u043d\u044f \u0433\u043e\u0442\u043e\u0432\u043e\u0457 \u0457\u0436\u0456 STvega Ready Food Packaging Lines H2000 | \u043a\u0443\u043f\u0438\u0442\u0438 \u0437\u0430 \ud83c\udf1f\u0432\u0438\u0433\u0456\u0434\u043d\u043e\u044e \u0446\u0456\u043d\u043e\u044e \u0432 \u043c\u0430\u0433\u0430\u0437\u0438\u043d\u0456 STvega\" \/>\n<meta property=\"og:url\" content=\"https:\/\/stvega.net\/pl\/product\/liniya-z-pakuvannya-gotovo%d1%97-%d1%97zhi-stvega-ready-food-packaging-lines-h2000\/\" \/>\n<meta property=\"og:site_name\" content=\"\u0448\u0438\u0440\u043e\u043a\u0438\u0439 \u0430\u0441\u043e\u0440\u0442\u0438\u043c\u0435\u043d\u0442 \u0445\u0430\u0440\u0447\u043e\u0432\u043e\u0433\u043e \u043f\u0440\u043e\u043c\u0438\u0441\u043b\u043e\u0432\u043e\u0433\u043e \u043e\u0431\u043b\u0430\u0434\u043d\u0430\u043d\u043d\u044f \u0434\u043b\u044f \u043f\u0435\u0440\u0435\u0440\u043e\u0431\u043a\u0438 \u043c\u2019\u044f\u0441\u0430, \u043e\u0432\u043e\u0447\u0456\u0432 \u0456 \u0444\u0440\u0443\u043a\u0442\u0456\u0432\u2b50\u0412\u0438\u0433\u0456\u0434\u043d\u0456 \u0446\u0456\u043d\u0438 \ud83e\uddbe\u0412\u0438\u0440\u043e\u0431\u043d\u0438\u0447\u0456 \u043b\u0456\u043d\u0456\u0457 \u043f\u0456\u0434 \u043a\u043b\u044e\u0447\ud83d\ude9a \u0414\u043e\u0441\u0442\u0430\u0432\u043a\u0430 \ud83d\udee0\u0421\u0435\u0440\u0432\u0456\u0441\" \/>\n<meta property=\"article:publisher\" content=\"https:\/\/www.facebook.com\/share\/9F1B4VxaHAC9E9HB\/?mibextid=qi2Omg\" \/>\n<meta property=\"article:modified_time\" content=\"2026-05-07T10:41:27+00:00\" \/>\n<meta property=\"og:image\" content=\"https:\/\/stvega.net\/wp-content\/uploads\/2025\/04\/liniya.png\" \/>\n\t<meta property=\"og:image:width\" content=\"2009\" \/>\n\t<meta property=\"og:image:height\" content=\"600\" \/>\n\t<meta property=\"og:image:type\" content=\"image\/png\" \/>\n<meta name=\"twitter:card\" content=\"summary_large_image\" \/>\n<meta name=\"twitter:label1\" content=\"Szacowany czas czytania\" \/>\n\t<meta name=\"twitter:data1\" content=\"1 minuta\" \/>\n<script type=\"application\/ld+json\" class=\"yoast-schema-graph\">{\"@context\":\"https:\\\/\\\/schema.org\",\"@graph\":[{\"@type\":\"WebPage\",\"@id\":\"https:\\\/\\\/stvega.net\\\/pl\\\/product\\\/liniya-z-pakuvannya-gotovo%d1%97-%d1%97zhi-stvega-ready-food-packaging-lines-h2000\\\/\",\"url\":\"https:\\\/\\\/stvega.net\\\/pl\\\/product\\\/liniya-z-pakuvannya-gotovo%d1%97-%d1%97zhi-stvega-ready-food-packaging-lines-h2000\\\/\",\"name\":\"\u041b\u0456\u043d\u0456\u044f \u0437 \u043f\u0430\u043a\u0443\u0432\u0430\u043d\u043d\u044f \u0433\u043e\u0442\u043e\u0432\u043e\u0457 \u0457\u0436\u0456 STvega Ready Food Packaging Lines H2000 \u043a\u0443\u043f\u0438\u0442\u0438 \u0437\u0430 \u0432\u0438\u0433\u0456\u0434\u043d\u043e\u044e \u0446\u0456\u043d\u043e\u044e \u0432 \u043c\u0430\u0433\u0430\u0437\u0438\u043d\u0456 STvega\",\"isPartOf\":{\"@id\":\"https:\\\/\\\/stvega.net\\\/pl\\\/#website\"},\"primaryImageOfPage\":{\"@id\":\"https:\\\/\\\/stvega.net\\\/pl\\\/product\\\/liniya-z-pakuvannya-gotovo%d1%97-%d1%97zhi-stvega-ready-food-packaging-lines-h2000\\\/#primaryimage\"},\"image\":{\"@id\":\"https:\\\/\\\/stvega.net\\\/pl\\\/product\\\/liniya-z-pakuvannya-gotovo%d1%97-%d1%97zhi-stvega-ready-food-packaging-lines-h2000\\\/#primaryimage\"},\"thumbnailUrl\":\"https:\\\/\\\/stvega.net\\\/wp-content\\\/uploads\\\/2025\\\/04\\\/liniya.png\",\"datePublished\":\"2025-04-02T12:03:04+00:00\",\"dateModified\":\"2026-05-07T10:41:27+00:00\",\"description\":\"\u041b\u0456\u043d\u0456\u044f \u0437 \u043f\u0430\u043a\u0443\u0432\u0430\u043d\u043d\u044f \u0433\u043e\u0442\u043e\u0432\u043e\u0457 \u0457\u0436\u0456 STvega Ready Food Packaging Lines H2000 | \u043a\u0443\u043f\u0438\u0442\u0438 \u0437\u0430 \ud83c\udf1f\u0432\u0438\u0433\u0456\u0434\u043d\u043e\u044e \u0446\u0456\u043d\u043e\u044e \u0432 \u043c\u0430\u0433\u0430\u0437\u0438\u043d\u0456 STvega\",\"breadcrumb\":{\"@id\":\"https:\\\/\\\/stvega.net\\\/pl\\\/product\\\/liniya-z-pakuvannya-gotovo%d1%97-%d1%97zhi-stvega-ready-food-packaging-lines-h2000\\\/#breadcrumb\"},\"inLanguage\":\"pl-PL\",\"potentialAction\":[{\"@type\":\"ReadAction\",\"target\":[\"https:\\\/\\\/stvega.net\\\/pl\\\/product\\\/liniya-z-pakuvannya-gotovo%d1%97-%d1%97zhi-stvega-ready-food-packaging-lines-h2000\\\/\"]}]},{\"@type\":\"ImageObject\",\"inLanguage\":\"pl-PL\",\"@id\":\"https:\\\/\\\/stvega.net\\\/pl\\\/product\\\/liniya-z-pakuvannya-gotovo%d1%97-%d1%97zhi-stvega-ready-food-packaging-lines-h2000\\\/#primaryimage\",\"url\":\"https:\\\/\\\/stvega.net\\\/wp-content\\\/uploads\\\/2025\\\/04\\\/liniya.png\",\"contentUrl\":\"https:\\\/\\\/stvega.net\\\/wp-content\\\/uploads\\\/2025\\\/04\\\/liniya.png\",\"width\":2009,\"height\":600},{\"@type\":\"BreadcrumbList\",\"@id\":\"https:\\\/\\\/stvega.net\\\/pl\\\/product\\\/liniya-z-pakuvannya-gotovo%d1%97-%d1%97zhi-stvega-ready-food-packaging-lines-h2000\\\/#breadcrumb\",\"itemListElement\":[{\"@type\":\"ListItem\",\"position\":1,\"name\":\"Dom\",\"item\":\"https:\\\/\\\/stvega.net\\\/pl\\\/\"},{\"@type\":\"ListItem\",\"position\":2,\"name\":\"Katalog\",\"item\":\"https:\\\/\\\/stvega.net\\\/katalog\\\/\"},{\"@type\":\"ListItem\",\"position\":3,\"name\":\"\u041b\u0456\u043d\u0456\u044f \u0437 \u043f\u0430\u043a\u0443\u0432\u0430\u043d\u043d\u044f \u0433\u043e\u0442\u043e\u0432\u043e\u0457 \u0457\u0436\u0456 STvega Ready Food Packaging Lines H2000\"}]},{\"@type\":\"WebSite\",\"@id\":\"https:\\\/\\\/stvega.net\\\/pl\\\/#website\",\"url\":\"https:\\\/\\\/stvega.net\\\/pl\\\/\",\"name\":\"STvega\",\"description\":\"\u0445\u0430\u0440\u0447\u043e\u0432\u0435 \u043f\u0440\u043e\u043c\u0438\u0441\u043b\u043e\u0432\u0435 \u043e\u0431\u043b\u0430\u0434\u043d\u0430\u043d\u043d\u044f\",\"publisher\":{\"@id\":\"https:\\\/\\\/stvega.net\\\/pl\\\/#organization\"},\"alternateName\":\"STvega - \u043e\u0432\u043e\u0447\u0435\u0440\u0456\u0437\u043a\u0438, \u0448\u043f\u0438\u0433\u043e\u0440\u0456\u0437\u043a\u0438, \u0441\u043b\u0430\u0439\u0441\u0435\u0440\u0438 \u0442\u0430 \u0456\u043d\u0448\u0435 \u0445\u0430\u0440\u0447\u043e\u0432\u0435 \u043e\u0431\u043b\u0430\u0434\u043d\u0430\u043d\u043d\u044f\",\"potentialAction\":[{\"@type\":\"SearchAction\",\"target\":{\"@type\":\"EntryPoint\",\"urlTemplate\":\"https:\\\/\\\/stvega.net\\\/pl\\\/?s={search_term_string}\"},\"query-input\":{\"@type\":\"PropertyValueSpecification\",\"valueRequired\":true,\"valueName\":\"search_term_string\"}}],\"inLanguage\":\"pl-PL\"},{\"@type\":\"Organization\",\"@id\":\"https:\\\/\\\/stvega.net\\\/pl\\\/#organization\",\"name\":\"STvega \u0425\u0410\u0420\u0427\u041e\u0412\u0415 \u041f\u0420\u041e\u041c\u0418\u0421\u041b\u041e\u0412\u0415 \u041e\u0411\u041b\u0410\u0414\u041d\u0410\u041d\u041d\u042f\",\"alternateName\":\"STvega - \u043e\u0432\u043e\u0447\u0435\u0440\u0456\u0437\u043a\u0438, \u0448\u043f\u0438\u0433\u043e\u0440\u0456\u0437\u043a\u0438, \u0441\u043b\u0430\u0439\u0441\u0435\u0440\u0438 \u0442\u0430 \u0456\u043d\u0448\u0435 \u0445\u0430\u0440\u0447\u043e\u0432\u0435 \u043e\u0431\u043b\u0430\u0434\u043d\u0430\u043d\u043d\u044f\",\"url\":\"https:\\\/\\\/stvega.net\\\/pl\\\/\",\"logo\":{\"@type\":\"ImageObject\",\"inLanguage\":\"pl-PL\",\"@id\":\"https:\\\/\\\/stvega.net\\\/pl\\\/#\\\/schema\\\/logo\\\/image\\\/\",\"url\":\"https:\\\/\\\/stvega.net\\\/wp-content\\\/uploads\\\/2024\\\/03\\\/dyzajn-bez-nazvanyya-1.png\",\"contentUrl\":\"https:\\\/\\\/stvega.net\\\/wp-content\\\/uploads\\\/2024\\\/03\\\/dyzajn-bez-nazvanyya-1.png\",\"width\":180,\"height\":180,\"caption\":\"STvega \u0425\u0410\u0420\u0427\u041e\u0412\u0415 \u041f\u0420\u041e\u041c\u0418\u0421\u041b\u041e\u0412\u0415 \u041e\u0411\u041b\u0410\u0414\u041d\u0410\u041d\u041d\u042f\"},\"image\":{\"@id\":\"https:\\\/\\\/stvega.net\\\/pl\\\/#\\\/schema\\\/logo\\\/image\\\/\"},\"sameAs\":[\"https:\\\/\\\/www.facebook.com\\\/share\\\/9F1B4VxaHAC9E9HB\\\/?mibextid=qi2Omg\"]}]}<\/script>\n<!-- \/ Yoast SEO plugin. -->","yoast_head_json":{"title":"\u041b\u0456\u043d\u0456\u044f \u0437 \u043f\u0430\u043a\u0443\u0432\u0430\u043d\u043d\u044f \u0433\u043e\u0442\u043e\u0432\u043e\u0457 \u0457\u0436\u0456 STvega Ready Food Packaging Lines H2000 \u043a\u0443\u043f\u0438\u0442\u0438 \u0437\u0430 \u0432\u0438\u0433\u0456\u0434\u043d\u043e\u044e \u0446\u0456\u043d\u043e\u044e \u0432 \u043c\u0430\u0433\u0430\u0437\u0438\u043d\u0456 STvega","description":"\u041b\u0456\u043d\u0456\u044f \u0437 \u043f\u0430\u043a\u0443\u0432\u0430\u043d\u043d\u044f \u0433\u043e\u0442\u043e\u0432\u043e\u0457 \u0457\u0436\u0456 STvega Ready Food Packaging Lines H2000 | \u043a\u0443\u043f\u0438\u0442\u0438 \u0437\u0430 \ud83c\udf1f\u0432\u0438\u0433\u0456\u0434\u043d\u043e\u044e \u0446\u0456\u043d\u043e\u044e \u0432 \u043c\u0430\u0433\u0430\u0437\u0438\u043d\u0456 STvega","robots":{"index":"index","follow":"follow","max-snippet":"max-snippet:-1","max-image-preview":"max-image-preview:large","max-video-preview":"max-video-preview:-1"},"canonical":"https:\/\/stvega.net\/pl\/product\/liniya-z-pakuvannya-gotovo%d1%97-%d1%97zhi-stvega-ready-food-packaging-lines-h2000\/","og_locale":"pl_PL","og_type":"article","og_title":"\u041b\u0456\u043d\u0456\u044f \u0437 \u043f\u0430\u043a\u0443\u0432\u0430\u043d\u043d\u044f \u0433\u043e\u0442\u043e\u0432\u043e\u0457 \u0457\u0436\u0456 STvega Ready Food Packaging Lines H2000 \u043a\u0443\u043f\u0438\u0442\u0438 \u0437\u0430 \u0432\u0438\u0433\u0456\u0434\u043d\u043e\u044e \u0446\u0456\u043d\u043e\u044e \u0432 \u043c\u0430\u0433\u0430\u0437\u0438\u043d\u0456 STvega","og_description":"\u041b\u0456\u043d\u0456\u044f \u0437 \u043f\u0430\u043a\u0443\u0432\u0430\u043d\u043d\u044f \u0433\u043e\u0442\u043e\u0432\u043e\u0457 \u0457\u0436\u0456 STvega Ready Food Packaging Lines H2000 | \u043a\u0443\u043f\u0438\u0442\u0438 \u0437\u0430 \ud83c\udf1f\u0432\u0438\u0433\u0456\u0434\u043d\u043e\u044e \u0446\u0456\u043d\u043e\u044e \u0432 \u043c\u0430\u0433\u0430\u0437\u0438\u043d\u0456 STvega","og_url":"https:\/\/stvega.net\/pl\/product\/liniya-z-pakuvannya-gotovo%d1%97-%d1%97zhi-stvega-ready-food-packaging-lines-h2000\/","og_site_name":"\u0448\u0438\u0440\u043e\u043a\u0438\u0439 \u0430\u0441\u043e\u0440\u0442\u0438\u043c\u0435\u043d\u0442 \u0445\u0430\u0440\u0447\u043e\u0432\u043e\u0433\u043e \u043f\u0440\u043e\u043c\u0438\u0441\u043b\u043e\u0432\u043e\u0433\u043e \u043e\u0431\u043b\u0430\u0434\u043d\u0430\u043d\u043d\u044f \u0434\u043b\u044f \u043f\u0435\u0440\u0435\u0440\u043e\u0431\u043a\u0438 \u043c\u2019\u044f\u0441\u0430, \u043e\u0432\u043e\u0447\u0456\u0432 \u0456 \u0444\u0440\u0443\u043a\u0442\u0456\u0432\u2b50\u0412\u0438\u0433\u0456\u0434\u043d\u0456 \u0446\u0456\u043d\u0438 \ud83e\uddbe\u0412\u0438\u0440\u043e\u0431\u043d\u0438\u0447\u0456 \u043b\u0456\u043d\u0456\u0457 \u043f\u0456\u0434 \u043a\u043b\u044e\u0447\ud83d\ude9a \u0414\u043e\u0441\u0442\u0430\u0432\u043a\u0430 \ud83d\udee0\u0421\u0435\u0440\u0432\u0456\u0441","article_publisher":"https:\/\/www.facebook.com\/share\/9F1B4VxaHAC9E9HB\/?mibextid=qi2Omg","article_modified_time":"2026-05-07T10:41:27+00:00","og_image":[{"width":2009,"height":600,"url":"https:\/\/stvega.net\/wp-content\/uploads\/2025\/04\/liniya.png","type":"image\/png"}],"twitter_card":"summary_large_image","twitter_misc":{"Szacowany czas czytania":"1 minuta"},"schema":{"@context":"https:\/\/schema.org","@graph":[{"@type":"WebPage","@id":"https:\/\/stvega.net\/pl\/product\/liniya-z-pakuvannya-gotovo%d1%97-%d1%97zhi-stvega-ready-food-packaging-lines-h2000\/","url":"https:\/\/stvega.net\/pl\/product\/liniya-z-pakuvannya-gotovo%d1%97-%d1%97zhi-stvega-ready-food-packaging-lines-h2000\/","name":"\u041b\u0456\u043d\u0456\u044f \u0437 \u043f\u0430\u043a\u0443\u0432\u0430\u043d\u043d\u044f \u0433\u043e\u0442\u043e\u0432\u043e\u0457 \u0457\u0436\u0456 STvega Ready Food Packaging Lines H2000 \u043a\u0443\u043f\u0438\u0442\u0438 \u0437\u0430 \u0432\u0438\u0433\u0456\u0434\u043d\u043e\u044e \u0446\u0456\u043d\u043e\u044e \u0432 \u043c\u0430\u0433\u0430\u0437\u0438\u043d\u0456 STvega","isPartOf":{"@id":"https:\/\/stvega.net\/pl\/#website"},"primaryImageOfPage":{"@id":"https:\/\/stvega.net\/pl\/product\/liniya-z-pakuvannya-gotovo%d1%97-%d1%97zhi-stvega-ready-food-packaging-lines-h2000\/#primaryimage"},"image":{"@id":"https:\/\/stvega.net\/pl\/product\/liniya-z-pakuvannya-gotovo%d1%97-%d1%97zhi-stvega-ready-food-packaging-lines-h2000\/#primaryimage"},"thumbnailUrl":"https:\/\/stvega.net\/wp-content\/uploads\/2025\/04\/liniya.png","datePublished":"2025-04-02T12:03:04+00:00","dateModified":"2026-05-07T10:41:27+00:00","description":"\u041b\u0456\u043d\u0456\u044f \u0437 \u043f\u0430\u043a\u0443\u0432\u0430\u043d\u043d\u044f \u0433\u043e\u0442\u043e\u0432\u043e\u0457 \u0457\u0436\u0456 STvega Ready Food Packaging Lines H2000 | \u043a\u0443\u043f\u0438\u0442\u0438 \u0437\u0430 \ud83c\udf1f\u0432\u0438\u0433\u0456\u0434\u043d\u043e\u044e \u0446\u0456\u043d\u043e\u044e \u0432 \u043c\u0430\u0433\u0430\u0437\u0438\u043d\u0456 STvega","breadcrumb":{"@id":"https:\/\/stvega.net\/pl\/product\/liniya-z-pakuvannya-gotovo%d1%97-%d1%97zhi-stvega-ready-food-packaging-lines-h2000\/#breadcrumb"},"inLanguage":"pl-PL","potentialAction":[{"@type":"ReadAction","target":["https:\/\/stvega.net\/pl\/product\/liniya-z-pakuvannya-gotovo%d1%97-%d1%97zhi-stvega-ready-food-packaging-lines-h2000\/"]}]},{"@type":"ImageObject","inLanguage":"pl-PL","@id":"https:\/\/stvega.net\/pl\/product\/liniya-z-pakuvannya-gotovo%d1%97-%d1%97zhi-stvega-ready-food-packaging-lines-h2000\/#primaryimage","url":"https:\/\/stvega.net\/wp-content\/uploads\/2025\/04\/liniya.png","contentUrl":"https:\/\/stvega.net\/wp-content\/uploads\/2025\/04\/liniya.png","width":2009,"height":600},{"@type":"BreadcrumbList","@id":"https:\/\/stvega.net\/pl\/product\/liniya-z-pakuvannya-gotovo%d1%97-%d1%97zhi-stvega-ready-food-packaging-lines-h2000\/#breadcrumb","itemListElement":[{"@type":"ListItem","position":1,"name":"Dom","item":"https:\/\/stvega.net\/pl\/"},{"@type":"ListItem","position":2,"name":"Katalog","item":"https:\/\/stvega.net\/katalog\/"},{"@type":"ListItem","position":3,"name":"\u041b\u0456\u043d\u0456\u044f \u0437 \u043f\u0430\u043a\u0443\u0432\u0430\u043d\u043d\u044f \u0433\u043e\u0442\u043e\u0432\u043e\u0457 \u0457\u0436\u0456 STvega Ready Food Packaging Lines H2000"}]},{"@type":"WebSite","@id":"https:\/\/stvega.net\/pl\/#website","url":"https:\/\/stvega.net\/pl\/","name":"STvega","description":"\u0445\u0430\u0440\u0447\u043e\u0432\u0435 \u043f\u0440\u043e\u043c\u0438\u0441\u043b\u043e\u0432\u0435 \u043e\u0431\u043b\u0430\u0434\u043d\u0430\u043d\u043d\u044f","publisher":{"@id":"https:\/\/stvega.net\/pl\/#organization"},"alternateName":"STvega - \u043e\u0432\u043e\u0447\u0435\u0440\u0456\u0437\u043a\u0438, \u0448\u043f\u0438\u0433\u043e\u0440\u0456\u0437\u043a\u0438, \u0441\u043b\u0430\u0439\u0441\u0435\u0440\u0438 \u0442\u0430 \u0456\u043d\u0448\u0435 \u0445\u0430\u0440\u0447\u043e\u0432\u0435 \u043e\u0431\u043b\u0430\u0434\u043d\u0430\u043d\u043d\u044f","potentialAction":[{"@type":"SearchAction","target":{"@type":"EntryPoint","urlTemplate":"https:\/\/stvega.net\/pl\/?s={search_term_string}"},"query-input":{"@type":"PropertyValueSpecification","valueRequired":true,"valueName":"search_term_string"}}],"inLanguage":"pl-PL"},{"@type":"Organization","@id":"https:\/\/stvega.net\/pl\/#organization","name":"STvega \u0425\u0410\u0420\u0427\u041e\u0412\u0415 \u041f\u0420\u041e\u041c\u0418\u0421\u041b\u041e\u0412\u0415 \u041e\u0411\u041b\u0410\u0414\u041d\u0410\u041d\u041d\u042f","alternateName":"STvega - \u043e\u0432\u043e\u0447\u0435\u0440\u0456\u0437\u043a\u0438, \u0448\u043f\u0438\u0433\u043e\u0440\u0456\u0437\u043a\u0438, \u0441\u043b\u0430\u0439\u0441\u0435\u0440\u0438 \u0442\u0430 \u0456\u043d\u0448\u0435 \u0445\u0430\u0440\u0447\u043e\u0432\u0435 \u043e\u0431\u043b\u0430\u0434\u043d\u0430\u043d\u043d\u044f","url":"https:\/\/stvega.net\/pl\/","logo":{"@type":"ImageObject","inLanguage":"pl-PL","@id":"https:\/\/stvega.net\/pl\/#\/schema\/logo\/image\/","url":"https:\/\/stvega.net\/wp-content\/uploads\/2024\/03\/dyzajn-bez-nazvanyya-1.png","contentUrl":"https:\/\/stvega.net\/wp-content\/uploads\/2024\/03\/dyzajn-bez-nazvanyya-1.png","width":180,"height":180,"caption":"STvega \u0425\u0410\u0420\u0427\u041e\u0412\u0415 \u041f\u0420\u041e\u041c\u0418\u0421\u041b\u041e\u0412\u0415 \u041e\u0411\u041b\u0410\u0414\u041d\u0410\u041d\u041d\u042f"},"image":{"@id":"https:\/\/stvega.net\/pl\/#\/schema\/logo\/image\/"},"sameAs":["https:\/\/www.facebook.com\/share\/9F1B4VxaHAC9E9HB\/?mibextid=qi2Omg"]}]}},"_links":{"self":[{"href":"https:\/\/stvega.net\/pl\/wp-json\/wp\/v2\/product\/11532","targetHints":{"allow":["GET"]}}],"collection":[{"href":"https:\/\/stvega.net\/pl\/wp-json\/wp\/v2\/product"}],"about":[{"href":"https:\/\/stvega.net\/pl\/wp-json\/wp\/v2\/types\/product"}],"replies":[{"embeddable":true,"href":"https:\/\/stvega.net\/pl\/wp-json\/wp\/v2\/comments?post=11532"}],"wp:featuredmedia":[{"embeddable":true,"href":"https:\/\/stvega.net\/pl\/wp-json\/wp\/v2\/media\/11557"}],"wp:attachment":[{"href":"https:\/\/stvega.net\/pl\/wp-json\/wp\/v2\/media?parent=11532"}],"wp:term":[{"taxonomy":"product_brand","embeddable":true,"href":"https:\/\/stvega.net\/pl\/wp-json\/wp\/v2\/product_brand?post=11532"},{"taxonomy":"product_cat","embeddable":true,"href":"https:\/\/stvega.net\/pl\/wp-json\/wp\/v2\/product_cat?post=11532"},{"taxonomy":"product_tag","embeddable":true,"href":"https:\/\/stvega.net\/pl\/wp-json\/wp\/v2\/product_tag?post=11532"}],"curies":[{"name":"wp","href":"https:\/\/api.w.org\/{rel}","templated":true}]}}