{"id":11438,"date":"2025-05-15T17:23:15","date_gmt":"2025-05-15T14:23:15","guid":{"rendered":"https:\/\/stvega.net\/product\/stvega-msaw-l106a-przemyslowa-pila-tasmowa-z-koscia-i-mrozona-koscia\/"},"modified":"2025-05-15T17:23:15","modified_gmt":"2025-05-15T14:23:15","slug":"stvega-msaw-l106a-przemyslowa-pila-tasmowa-z-koscia-i-mrozona-koscia","status":"publish","type":"product","link":"https:\/\/stvega.net\/pl\/product\/stvega-msaw-l106a-przemyslowa-pila-tasmowa-z-koscia-i-mrozona-koscia\/","title":{"rendered":"STvega Msaw L106A przemys\u0142owa pi\u0142a ta\u015bmowa z ko\u015bci\u0105 i mro\u017con\u0105 ko\u015bci\u0105"},"content":{"rendered":"<p>Przemys\u0142owa pi\u0142a <strong>ta\u015bmowa STvega Msaw L106A<\/strong> zosta\u0142a zaprojektowana do precyzyjnego i szybkiego ci\u0119cia \u015bwie\u017cego lub mro\u017conego mi\u0119sa, z ko\u015b\u0107mi lub bez, w tym do obr\u00f3bki blok\u00f3w mi\u0119sa. Dzi\u0119ki wysokiej jako\u015bci wykonania, zastosowaniu komponent\u00f3w czo\u0142owych producent\u00f3w oraz nowoczesnym systemom zabezpiecze\u0144, maszyna zapewnia stabiln\u0105 wydajno\u015b\u0107 i zwi\u0119kszone bezpiecze\u0144stwo operatora. To rozwi\u0105zanie jest idealne dla zak\u0142ad\u00f3w przetw\u00f3rstwa mi\u0119sa, supermarket\u00f3w i lokali gastronomicznych.  <\/p>\n<p><strong> <\/strong><strong>Zasada dzia\u0142ania<\/strong><strong>:<\/strong><\/p>\n<p>Operator montuje produkt na stole roboczym i u\u017cywa pr\u0119ta naciskowego lub r\u0119cznego, aby poda\u0107 go do obszaru ci\u0119cia. Tarcza pi\u0142y, kt\u00f3ra porusza si\u0119 z du\u017c\u0105 pr\u0119dko\u015bci\u0105, precyzyjnie wycina\u0142a surowce. Dzi\u0119ki automatycznemu napinaczowi i elementom prowadz\u0105cym, pasek utrzymuje stabilny kierunek i zapewnia czyste ci\u0119cie. Po zako\u0144czeniu operacji odpady s\u0105 rozdzielane, a gotowe cz\u0119\u015bci produktu wysy\u0142ane do dalszego przetwarzania.   <\/p>\n<p><strong>Zalety sprz\u0119tu<\/strong><strong>:<\/strong><\/p>\n<ul>\n<li>Automatyczny system napi\u0119cia tarczy pilarskiej utrzymuje stabilne napi\u0119cie, co zapewnia jednolit\u0105 jako\u015b\u0107 ci\u0119cia i wyd\u0142u\u017ca \u017cywotno\u015b\u0107 tarczy.<\/li>\n<li>Blok prowadz\u0105cy z opatentowan\u0105 pow\u0142ok\u0105 odporn\u0105 na zu\u017cycie zmniejsza drgania tarczy pi\u0142y, minimalizuje zu\u017cycie i poprawia dok\u0142adno\u015b\u0107 ci\u0119cia.<\/li>\n<li>Zintegrowany system hamulcowy natychmiast zatrzymuje maszyn\u0119 po otwarciu drzwi i gwarantuje pe\u0142ne bezpiecze\u0144stwo operatora bez konieczno\u015bci konserwacji.<\/li>\n<li>Zastosowanie niezawodnych europejskich komponent\u00f3w: silnika Siemens i kabli VDE gwarantuje stabilno\u015b\u0107 pracy i trwa\u0142o\u015b\u0107.<\/li>\n<li>Opcjonalny inteligentny system hamulcowy dla dodatkowej ochrony i kontroli.<\/li>\n<\/ul>\n","protected":false},"excerpt":{"rendered":"<p><strong>Pi\u0142a ta\u015bmowa STvega Msaw L106A<\/strong> zosta\u0142a zaprojektowana do precyzyjnego i szybkiego ci\u0119cia \u015bwie\u017cego lub mro\u017conego mi\u0119sa, z ko\u015b\u0107mi lub bez, w tym do obr\u00f3bki blok\u00f3w mi\u0119sa.<\/p>\n<p><strong>Specyfikacje:<\/strong><\/p>\n<p>[table id=&#8221;342&#8243; \/]<\/p>\n<p><span style=\"color: #0000ff;\"><strong>Unikalno\u015b\u0107 maszyny: <\/strong>Funkcja mi\u0119kkiego startu zmniejsza obci\u0105\u017cenie tarczy pi\u0142y i zmniejsza ryzyko uszkodze\u0144 podczas rozruchu.<\/span><\/p>\n<p>&nbsp;<\/p>\n","protected":false},"featured_media":11442,"comment_status":"closed","ping_status":"closed","template":"","meta":{"_acf_changed":false,"inline_featured_image":false},"product_brand":[],"product_cat":[3453,3455],"product_tag":[4379,4376,5352,5354,4381,4382,4626,4378,3870,3872,4377,4383,4380],"class_list":{"0":"post-11438","1":"product","2":"type-product","3":"status-publish","4":"has-post-thumbnail","6":"product_cat-krojenie-i-siekanie","7":"product_cat-krojenie-miesa","8":"product_tag-automatyzacja-procesow","9":"product_tag-krojenie-miesa-2","10":"product_tag-pila-tasmowa","11":"product_tag-pila-tasmowa-do-miesa-i-ryb","12":"product_tag-przemyslowa-pila-tasmowa","13":"product_tag-przetwarzanie-tuszin-miesnych","14":"product_tag-przetworstwo-miesa-2","15":"product_tag-przetworstwo-miesa","16":"product_tag-sprzet-do-przetwarzania-zywnosci","17":"product_tag-sprzet-przemyslowy","18":"product_tag-sprzet-zawodowy","19":"product_tag-technologie-przetworstwa-miesa","20":"product_tag-wydajne-przetwarzanie","22":"first","23":"instock","24":"shipping-taxable","25":"product-type-simple"},"acf":[],"yoast_head":"<!-- This site is optimized with the Yoast SEO plugin v27.5 - https:\/\/yoast.com\/product\/yoast-seo-wordpress\/ -->\n<title>STvega Msaw L106A przemys\u0142owa pi\u0142a ta\u015bmowa z ko\u015bci\u0105 i mro\u017con\u0105 ko\u015bci\u0105 \u043a\u0443\u043f\u0438\u0442\u0438 \u0437\u0430 \u0432\u0438\u0433\u0456\u0434\u043d\u043e\u044e \u0446\u0456\u043d\u043e\u044e \u0432 \u043c\u0430\u0433\u0430\u0437\u0438\u043d\u0456 STvega<\/title>\n<meta name=\"description\" content=\"STvega Msaw L106A przemys\u0142owa pi\u0142a ta\u015bmowa z ko\u015bci\u0105 i mro\u017con\u0105 ko\u015bci\u0105 | \u043a\u0443\u043f\u0438\u0442\u0438 \u0437\u0430 \ud83c\udf1f\u0432\u0438\u0433\u0456\u0434\u043d\u043e\u044e \u0446\u0456\u043d\u043e\u044e \u0432 \u043c\u0430\u0433\u0430\u0437\u0438\u043d\u0456 STvega\" \/>\n<meta name=\"robots\" content=\"index, follow, max-snippet:-1, max-image-preview:large, max-video-preview:-1\" \/>\n<link rel=\"canonical\" href=\"https:\/\/stvega.net\/pl\/product\/stvega-msaw-l106a-przemyslowa-pila-tasmowa-z-koscia-i-mrozona-koscia\/\" \/>\n<meta property=\"og:locale\" content=\"pl_PL\" \/>\n<meta property=\"og:type\" content=\"article\" \/>\n<meta property=\"og:title\" content=\"STvega Msaw L106A przemys\u0142owa pi\u0142a ta\u015bmowa z ko\u015bci\u0105 i mro\u017con\u0105 ko\u015bci\u0105 \u043a\u0443\u043f\u0438\u0442\u0438 \u0437\u0430 \u0432\u0438\u0433\u0456\u0434\u043d\u043e\u044e \u0446\u0456\u043d\u043e\u044e \u0432 \u043c\u0430\u0433\u0430\u0437\u0438\u043d\u0456 STvega\" \/>\n<meta property=\"og:description\" content=\"STvega Msaw L106A przemys\u0142owa pi\u0142a ta\u015bmowa z ko\u015bci\u0105 i mro\u017con\u0105 ko\u015bci\u0105 | \u043a\u0443\u043f\u0438\u0442\u0438 \u0437\u0430 \ud83c\udf1f\u0432\u0438\u0433\u0456\u0434\u043d\u043e\u044e \u0446\u0456\u043d\u043e\u044e \u0432 \u043c\u0430\u0433\u0430\u0437\u0438\u043d\u0456 STvega\" \/>\n<meta property=\"og:url\" content=\"https:\/\/stvega.net\/pl\/product\/stvega-msaw-l106a-przemyslowa-pila-tasmowa-z-koscia-i-mrozona-koscia\/\" \/>\n<meta property=\"og:site_name\" content=\"\u0448\u0438\u0440\u043e\u043a\u0438\u0439 \u0430\u0441\u043e\u0440\u0442\u0438\u043c\u0435\u043d\u0442 \u0445\u0430\u0440\u0447\u043e\u0432\u043e\u0433\u043e \u043f\u0440\u043e\u043c\u0438\u0441\u043b\u043e\u0432\u043e\u0433\u043e \u043e\u0431\u043b\u0430\u0434\u043d\u0430\u043d\u043d\u044f \u0434\u043b\u044f \u043f\u0435\u0440\u0435\u0440\u043e\u0431\u043a\u0438 \u043c\u2019\u044f\u0441\u0430, \u043e\u0432\u043e\u0447\u0456\u0432 \u0456 \u0444\u0440\u0443\u043a\u0442\u0456\u0432\u2b50\u0412\u0438\u0433\u0456\u0434\u043d\u0456 \u0446\u0456\u043d\u0438 \ud83e\uddbe\u0412\u0438\u0440\u043e\u0431\u043d\u0438\u0447\u0456 \u043b\u0456\u043d\u0456\u0457 \u043f\u0456\u0434 \u043a\u043b\u044e\u0447\ud83d\ude9a \u0414\u043e\u0441\u0442\u0430\u0432\u043a\u0430 \ud83d\udee0\u0421\u0435\u0440\u0432\u0456\u0441\" \/>\n<meta property=\"article:publisher\" content=\"https:\/\/www.facebook.com\/share\/9F1B4VxaHAC9E9HB\/?mibextid=qi2Omg\" \/>\n<meta property=\"og:image\" content=\"https:\/\/stvega.net\/wp-content\/uploads\/2025\/05\/strichkova-pylka-dlya-svizhogo-ta-zamorozhenogo-myasa-z-kistkamy-ta-bez-stvega-msaw-l106a-1.png\" \/>\n\t<meta property=\"og:image:width\" content=\"503\" \/>\n\t<meta property=\"og:image:height\" content=\"727\" \/>\n\t<meta property=\"og:image:type\" content=\"image\/png\" \/>\n<meta name=\"twitter:card\" content=\"summary_large_image\" \/>\n<meta name=\"twitter:label1\" content=\"Szacowany czas czytania\" \/>\n\t<meta name=\"twitter:data1\" content=\"1 minuta\" \/>\n<script type=\"application\/ld+json\" class=\"yoast-schema-graph\">{\"@context\":\"https:\\\/\\\/schema.org\",\"@graph\":[{\"@type\":\"WebPage\",\"@id\":\"https:\\\/\\\/stvega.net\\\/pl\\\/product\\\/stvega-msaw-l106a-przemyslowa-pila-tasmowa-z-koscia-i-mrozona-koscia\\\/\",\"url\":\"https:\\\/\\\/stvega.net\\\/pl\\\/product\\\/stvega-msaw-l106a-przemyslowa-pila-tasmowa-z-koscia-i-mrozona-koscia\\\/\",\"name\":\"STvega Msaw L106A przemys\u0142owa pi\u0142a ta\u015bmowa z ko\u015bci\u0105 i mro\u017con\u0105 ko\u015bci\u0105 \u043a\u0443\u043f\u0438\u0442\u0438 \u0437\u0430 \u0432\u0438\u0433\u0456\u0434\u043d\u043e\u044e \u0446\u0456\u043d\u043e\u044e \u0432 \u043c\u0430\u0433\u0430\u0437\u0438\u043d\u0456 STvega\",\"isPartOf\":{\"@id\":\"https:\\\/\\\/stvega.net\\\/pl\\\/#website\"},\"primaryImageOfPage\":{\"@id\":\"https:\\\/\\\/stvega.net\\\/pl\\\/product\\\/stvega-msaw-l106a-przemyslowa-pila-tasmowa-z-koscia-i-mrozona-koscia\\\/#primaryimage\"},\"image\":{\"@id\":\"https:\\\/\\\/stvega.net\\\/pl\\\/product\\\/stvega-msaw-l106a-przemyslowa-pila-tasmowa-z-koscia-i-mrozona-koscia\\\/#primaryimage\"},\"thumbnailUrl\":\"https:\\\/\\\/stvega.net\\\/wp-content\\\/uploads\\\/2025\\\/05\\\/strichkova-pylka-dlya-svizhogo-ta-zamorozhenogo-myasa-z-kistkamy-ta-bez-stvega-msaw-l106a-1.png\",\"datePublished\":\"2025-05-15T14:23:15+00:00\",\"description\":\"STvega Msaw L106A przemys\u0142owa pi\u0142a ta\u015bmowa z ko\u015bci\u0105 i mro\u017con\u0105 ko\u015bci\u0105 | \u043a\u0443\u043f\u0438\u0442\u0438 \u0437\u0430 \ud83c\udf1f\u0432\u0438\u0433\u0456\u0434\u043d\u043e\u044e \u0446\u0456\u043d\u043e\u044e \u0432 \u043c\u0430\u0433\u0430\u0437\u0438\u043d\u0456 STvega\",\"breadcrumb\":{\"@id\":\"https:\\\/\\\/stvega.net\\\/pl\\\/product\\\/stvega-msaw-l106a-przemyslowa-pila-tasmowa-z-koscia-i-mrozona-koscia\\\/#breadcrumb\"},\"inLanguage\":\"pl-PL\",\"potentialAction\":[{\"@type\":\"ReadAction\",\"target\":[\"https:\\\/\\\/stvega.net\\\/pl\\\/product\\\/stvega-msaw-l106a-przemyslowa-pila-tasmowa-z-koscia-i-mrozona-koscia\\\/\"]}]},{\"@type\":\"ImageObject\",\"inLanguage\":\"pl-PL\",\"@id\":\"https:\\\/\\\/stvega.net\\\/pl\\\/product\\\/stvega-msaw-l106a-przemyslowa-pila-tasmowa-z-koscia-i-mrozona-koscia\\\/#primaryimage\",\"url\":\"https:\\\/\\\/stvega.net\\\/wp-content\\\/uploads\\\/2025\\\/05\\\/strichkova-pylka-dlya-svizhogo-ta-zamorozhenogo-myasa-z-kistkamy-ta-bez-stvega-msaw-l106a-1.png\",\"contentUrl\":\"https:\\\/\\\/stvega.net\\\/wp-content\\\/uploads\\\/2025\\\/05\\\/strichkova-pylka-dlya-svizhogo-ta-zamorozhenogo-myasa-z-kistkamy-ta-bez-stvega-msaw-l106a-1.png\",\"width\":503,\"height\":727},{\"@type\":\"BreadcrumbList\",\"@id\":\"https:\\\/\\\/stvega.net\\\/pl\\\/product\\\/stvega-msaw-l106a-przemyslowa-pila-tasmowa-z-koscia-i-mrozona-koscia\\\/#breadcrumb\",\"itemListElement\":[{\"@type\":\"ListItem\",\"position\":1,\"name\":\"Dom\",\"item\":\"https:\\\/\\\/stvega.net\\\/pl\\\/\"},{\"@type\":\"ListItem\",\"position\":2,\"name\":\"Katalog\",\"item\":\"https:\\\/\\\/stvega.net\\\/katalog\\\/\"},{\"@type\":\"ListItem\",\"position\":3,\"name\":\"STvega Msaw L106A przemys\u0142owa pi\u0142a ta\u015bmowa z ko\u015bci\u0105 i mro\u017con\u0105 ko\u015bci\u0105\"}]},{\"@type\":\"WebSite\",\"@id\":\"https:\\\/\\\/stvega.net\\\/pl\\\/#website\",\"url\":\"https:\\\/\\\/stvega.net\\\/pl\\\/\",\"name\":\"STvega\",\"description\":\"\u0445\u0430\u0440\u0447\u043e\u0432\u0435 \u043f\u0440\u043e\u043c\u0438\u0441\u043b\u043e\u0432\u0435 \u043e\u0431\u043b\u0430\u0434\u043d\u0430\u043d\u043d\u044f\",\"publisher\":{\"@id\":\"https:\\\/\\\/stvega.net\\\/pl\\\/#organization\"},\"alternateName\":\"STvega - \u043e\u0432\u043e\u0447\u0435\u0440\u0456\u0437\u043a\u0438, \u0448\u043f\u0438\u0433\u043e\u0440\u0456\u0437\u043a\u0438, \u0441\u043b\u0430\u0439\u0441\u0435\u0440\u0438 \u0442\u0430 \u0456\u043d\u0448\u0435 \u0445\u0430\u0440\u0447\u043e\u0432\u0435 \u043e\u0431\u043b\u0430\u0434\u043d\u0430\u043d\u043d\u044f\",\"potentialAction\":[{\"@type\":\"SearchAction\",\"target\":{\"@type\":\"EntryPoint\",\"urlTemplate\":\"https:\\\/\\\/stvega.net\\\/pl\\\/?s={search_term_string}\"},\"query-input\":{\"@type\":\"PropertyValueSpecification\",\"valueRequired\":true,\"valueName\":\"search_term_string\"}}],\"inLanguage\":\"pl-PL\"},{\"@type\":\"Organization\",\"@id\":\"https:\\\/\\\/stvega.net\\\/pl\\\/#organization\",\"name\":\"STvega \u0425\u0410\u0420\u0427\u041e\u0412\u0415 \u041f\u0420\u041e\u041c\u0418\u0421\u041b\u041e\u0412\u0415 \u041e\u0411\u041b\u0410\u0414\u041d\u0410\u041d\u041d\u042f\",\"alternateName\":\"STvega - \u043e\u0432\u043e\u0447\u0435\u0440\u0456\u0437\u043a\u0438, \u0448\u043f\u0438\u0433\u043e\u0440\u0456\u0437\u043a\u0438, \u0441\u043b\u0430\u0439\u0441\u0435\u0440\u0438 \u0442\u0430 \u0456\u043d\u0448\u0435 \u0445\u0430\u0440\u0447\u043e\u0432\u0435 \u043e\u0431\u043b\u0430\u0434\u043d\u0430\u043d\u043d\u044f\",\"url\":\"https:\\\/\\\/stvega.net\\\/pl\\\/\",\"logo\":{\"@type\":\"ImageObject\",\"inLanguage\":\"pl-PL\",\"@id\":\"https:\\\/\\\/stvega.net\\\/pl\\\/#\\\/schema\\\/logo\\\/image\\\/\",\"url\":\"https:\\\/\\\/stvega.net\\\/wp-content\\\/uploads\\\/2024\\\/03\\\/dyzajn-bez-nazvanyya-1.png\",\"contentUrl\":\"https:\\\/\\\/stvega.net\\\/wp-content\\\/uploads\\\/2024\\\/03\\\/dyzajn-bez-nazvanyya-1.png\",\"width\":180,\"height\":180,\"caption\":\"STvega \u0425\u0410\u0420\u0427\u041e\u0412\u0415 \u041f\u0420\u041e\u041c\u0418\u0421\u041b\u041e\u0412\u0415 \u041e\u0411\u041b\u0410\u0414\u041d\u0410\u041d\u041d\u042f\"},\"image\":{\"@id\":\"https:\\\/\\\/stvega.net\\\/pl\\\/#\\\/schema\\\/logo\\\/image\\\/\"},\"sameAs\":[\"https:\\\/\\\/www.facebook.com\\\/share\\\/9F1B4VxaHAC9E9HB\\\/?mibextid=qi2Omg\"]}]}<\/script>\n<!-- \/ Yoast SEO plugin. -->","yoast_head_json":{"title":"STvega Msaw L106A przemys\u0142owa pi\u0142a ta\u015bmowa z ko\u015bci\u0105 i mro\u017con\u0105 ko\u015bci\u0105 \u043a\u0443\u043f\u0438\u0442\u0438 \u0437\u0430 \u0432\u0438\u0433\u0456\u0434\u043d\u043e\u044e \u0446\u0456\u043d\u043e\u044e \u0432 \u043c\u0430\u0433\u0430\u0437\u0438\u043d\u0456 STvega","description":"STvega Msaw L106A przemys\u0142owa pi\u0142a ta\u015bmowa z ko\u015bci\u0105 i mro\u017con\u0105 ko\u015bci\u0105 | \u043a\u0443\u043f\u0438\u0442\u0438 \u0437\u0430 \ud83c\udf1f\u0432\u0438\u0433\u0456\u0434\u043d\u043e\u044e \u0446\u0456\u043d\u043e\u044e \u0432 \u043c\u0430\u0433\u0430\u0437\u0438\u043d\u0456 STvega","robots":{"index":"index","follow":"follow","max-snippet":"max-snippet:-1","max-image-preview":"max-image-preview:large","max-video-preview":"max-video-preview:-1"},"canonical":"https:\/\/stvega.net\/pl\/product\/stvega-msaw-l106a-przemyslowa-pila-tasmowa-z-koscia-i-mrozona-koscia\/","og_locale":"pl_PL","og_type":"article","og_title":"STvega Msaw L106A przemys\u0142owa pi\u0142a ta\u015bmowa z ko\u015bci\u0105 i mro\u017con\u0105 ko\u015bci\u0105 \u043a\u0443\u043f\u0438\u0442\u0438 \u0437\u0430 \u0432\u0438\u0433\u0456\u0434\u043d\u043e\u044e \u0446\u0456\u043d\u043e\u044e \u0432 \u043c\u0430\u0433\u0430\u0437\u0438\u043d\u0456 STvega","og_description":"STvega Msaw L106A przemys\u0142owa pi\u0142a ta\u015bmowa z ko\u015bci\u0105 i mro\u017con\u0105 ko\u015bci\u0105 | \u043a\u0443\u043f\u0438\u0442\u0438 \u0437\u0430 \ud83c\udf1f\u0432\u0438\u0433\u0456\u0434\u043d\u043e\u044e \u0446\u0456\u043d\u043e\u044e \u0432 \u043c\u0430\u0433\u0430\u0437\u0438\u043d\u0456 STvega","og_url":"https:\/\/stvega.net\/pl\/product\/stvega-msaw-l106a-przemyslowa-pila-tasmowa-z-koscia-i-mrozona-koscia\/","og_site_name":"\u0448\u0438\u0440\u043e\u043a\u0438\u0439 \u0430\u0441\u043e\u0440\u0442\u0438\u043c\u0435\u043d\u0442 \u0445\u0430\u0440\u0447\u043e\u0432\u043e\u0433\u043e \u043f\u0440\u043e\u043c\u0438\u0441\u043b\u043e\u0432\u043e\u0433\u043e \u043e\u0431\u043b\u0430\u0434\u043d\u0430\u043d\u043d\u044f \u0434\u043b\u044f \u043f\u0435\u0440\u0435\u0440\u043e\u0431\u043a\u0438 \u043c\u2019\u044f\u0441\u0430, \u043e\u0432\u043e\u0447\u0456\u0432 \u0456 \u0444\u0440\u0443\u043a\u0442\u0456\u0432\u2b50\u0412\u0438\u0433\u0456\u0434\u043d\u0456 \u0446\u0456\u043d\u0438 \ud83e\uddbe\u0412\u0438\u0440\u043e\u0431\u043d\u0438\u0447\u0456 \u043b\u0456\u043d\u0456\u0457 \u043f\u0456\u0434 \u043a\u043b\u044e\u0447\ud83d\ude9a \u0414\u043e\u0441\u0442\u0430\u0432\u043a\u0430 \ud83d\udee0\u0421\u0435\u0440\u0432\u0456\u0441","article_publisher":"https:\/\/www.facebook.com\/share\/9F1B4VxaHAC9E9HB\/?mibextid=qi2Omg","og_image":[{"width":503,"height":727,"url":"https:\/\/stvega.net\/wp-content\/uploads\/2025\/05\/strichkova-pylka-dlya-svizhogo-ta-zamorozhenogo-myasa-z-kistkamy-ta-bez-stvega-msaw-l106a-1.png","type":"image\/png"}],"twitter_card":"summary_large_image","twitter_misc":{"Szacowany czas czytania":"1 minuta"},"schema":{"@context":"https:\/\/schema.org","@graph":[{"@type":"WebPage","@id":"https:\/\/stvega.net\/pl\/product\/stvega-msaw-l106a-przemyslowa-pila-tasmowa-z-koscia-i-mrozona-koscia\/","url":"https:\/\/stvega.net\/pl\/product\/stvega-msaw-l106a-przemyslowa-pila-tasmowa-z-koscia-i-mrozona-koscia\/","name":"STvega Msaw L106A przemys\u0142owa pi\u0142a ta\u015bmowa z ko\u015bci\u0105 i mro\u017con\u0105 ko\u015bci\u0105 \u043a\u0443\u043f\u0438\u0442\u0438 \u0437\u0430 \u0432\u0438\u0433\u0456\u0434\u043d\u043e\u044e \u0446\u0456\u043d\u043e\u044e \u0432 \u043c\u0430\u0433\u0430\u0437\u0438\u043d\u0456 STvega","isPartOf":{"@id":"https:\/\/stvega.net\/pl\/#website"},"primaryImageOfPage":{"@id":"https:\/\/stvega.net\/pl\/product\/stvega-msaw-l106a-przemyslowa-pila-tasmowa-z-koscia-i-mrozona-koscia\/#primaryimage"},"image":{"@id":"https:\/\/stvega.net\/pl\/product\/stvega-msaw-l106a-przemyslowa-pila-tasmowa-z-koscia-i-mrozona-koscia\/#primaryimage"},"thumbnailUrl":"https:\/\/stvega.net\/wp-content\/uploads\/2025\/05\/strichkova-pylka-dlya-svizhogo-ta-zamorozhenogo-myasa-z-kistkamy-ta-bez-stvega-msaw-l106a-1.png","datePublished":"2025-05-15T14:23:15+00:00","description":"STvega Msaw L106A przemys\u0142owa pi\u0142a ta\u015bmowa z ko\u015bci\u0105 i mro\u017con\u0105 ko\u015bci\u0105 | \u043a\u0443\u043f\u0438\u0442\u0438 \u0437\u0430 \ud83c\udf1f\u0432\u0438\u0433\u0456\u0434\u043d\u043e\u044e \u0446\u0456\u043d\u043e\u044e \u0432 \u043c\u0430\u0433\u0430\u0437\u0438\u043d\u0456 STvega","breadcrumb":{"@id":"https:\/\/stvega.net\/pl\/product\/stvega-msaw-l106a-przemyslowa-pila-tasmowa-z-koscia-i-mrozona-koscia\/#breadcrumb"},"inLanguage":"pl-PL","potentialAction":[{"@type":"ReadAction","target":["https:\/\/stvega.net\/pl\/product\/stvega-msaw-l106a-przemyslowa-pila-tasmowa-z-koscia-i-mrozona-koscia\/"]}]},{"@type":"ImageObject","inLanguage":"pl-PL","@id":"https:\/\/stvega.net\/pl\/product\/stvega-msaw-l106a-przemyslowa-pila-tasmowa-z-koscia-i-mrozona-koscia\/#primaryimage","url":"https:\/\/stvega.net\/wp-content\/uploads\/2025\/05\/strichkova-pylka-dlya-svizhogo-ta-zamorozhenogo-myasa-z-kistkamy-ta-bez-stvega-msaw-l106a-1.png","contentUrl":"https:\/\/stvega.net\/wp-content\/uploads\/2025\/05\/strichkova-pylka-dlya-svizhogo-ta-zamorozhenogo-myasa-z-kistkamy-ta-bez-stvega-msaw-l106a-1.png","width":503,"height":727},{"@type":"BreadcrumbList","@id":"https:\/\/stvega.net\/pl\/product\/stvega-msaw-l106a-przemyslowa-pila-tasmowa-z-koscia-i-mrozona-koscia\/#breadcrumb","itemListElement":[{"@type":"ListItem","position":1,"name":"Dom","item":"https:\/\/stvega.net\/pl\/"},{"@type":"ListItem","position":2,"name":"Katalog","item":"https:\/\/stvega.net\/katalog\/"},{"@type":"ListItem","position":3,"name":"STvega Msaw L106A przemys\u0142owa pi\u0142a ta\u015bmowa z ko\u015bci\u0105 i mro\u017con\u0105 ko\u015bci\u0105"}]},{"@type":"WebSite","@id":"https:\/\/stvega.net\/pl\/#website","url":"https:\/\/stvega.net\/pl\/","name":"STvega","description":"\u0445\u0430\u0440\u0447\u043e\u0432\u0435 \u043f\u0440\u043e\u043c\u0438\u0441\u043b\u043e\u0432\u0435 \u043e\u0431\u043b\u0430\u0434\u043d\u0430\u043d\u043d\u044f","publisher":{"@id":"https:\/\/stvega.net\/pl\/#organization"},"alternateName":"STvega - \u043e\u0432\u043e\u0447\u0435\u0440\u0456\u0437\u043a\u0438, \u0448\u043f\u0438\u0433\u043e\u0440\u0456\u0437\u043a\u0438, \u0441\u043b\u0430\u0439\u0441\u0435\u0440\u0438 \u0442\u0430 \u0456\u043d\u0448\u0435 \u0445\u0430\u0440\u0447\u043e\u0432\u0435 \u043e\u0431\u043b\u0430\u0434\u043d\u0430\u043d\u043d\u044f","potentialAction":[{"@type":"SearchAction","target":{"@type":"EntryPoint","urlTemplate":"https:\/\/stvega.net\/pl\/?s={search_term_string}"},"query-input":{"@type":"PropertyValueSpecification","valueRequired":true,"valueName":"search_term_string"}}],"inLanguage":"pl-PL"},{"@type":"Organization","@id":"https:\/\/stvega.net\/pl\/#organization","name":"STvega \u0425\u0410\u0420\u0427\u041e\u0412\u0415 \u041f\u0420\u041e\u041c\u0418\u0421\u041b\u041e\u0412\u0415 \u041e\u0411\u041b\u0410\u0414\u041d\u0410\u041d\u041d\u042f","alternateName":"STvega - \u043e\u0432\u043e\u0447\u0435\u0440\u0456\u0437\u043a\u0438, \u0448\u043f\u0438\u0433\u043e\u0440\u0456\u0437\u043a\u0438, \u0441\u043b\u0430\u0439\u0441\u0435\u0440\u0438 \u0442\u0430 \u0456\u043d\u0448\u0435 \u0445\u0430\u0440\u0447\u043e\u0432\u0435 \u043e\u0431\u043b\u0430\u0434\u043d\u0430\u043d\u043d\u044f","url":"https:\/\/stvega.net\/pl\/","logo":{"@type":"ImageObject","inLanguage":"pl-PL","@id":"https:\/\/stvega.net\/pl\/#\/schema\/logo\/image\/","url":"https:\/\/stvega.net\/wp-content\/uploads\/2024\/03\/dyzajn-bez-nazvanyya-1.png","contentUrl":"https:\/\/stvega.net\/wp-content\/uploads\/2024\/03\/dyzajn-bez-nazvanyya-1.png","width":180,"height":180,"caption":"STvega \u0425\u0410\u0420\u0427\u041e\u0412\u0415 \u041f\u0420\u041e\u041c\u0418\u0421\u041b\u041e\u0412\u0415 \u041e\u0411\u041b\u0410\u0414\u041d\u0410\u041d\u041d\u042f"},"image":{"@id":"https:\/\/stvega.net\/pl\/#\/schema\/logo\/image\/"},"sameAs":["https:\/\/www.facebook.com\/share\/9F1B4VxaHAC9E9HB\/?mibextid=qi2Omg"]}]}},"_links":{"self":[{"href":"https:\/\/stvega.net\/pl\/wp-json\/wp\/v2\/product\/11438","targetHints":{"allow":["GET"]}}],"collection":[{"href":"https:\/\/stvega.net\/pl\/wp-json\/wp\/v2\/product"}],"about":[{"href":"https:\/\/stvega.net\/pl\/wp-json\/wp\/v2\/types\/product"}],"replies":[{"embeddable":true,"href":"https:\/\/stvega.net\/pl\/wp-json\/wp\/v2\/comments?post=11438"}],"wp:featuredmedia":[{"embeddable":true,"href":"https:\/\/stvega.net\/pl\/wp-json\/wp\/v2\/media\/11442"}],"wp:attachment":[{"href":"https:\/\/stvega.net\/pl\/wp-json\/wp\/v2\/media?parent=11438"}],"wp:term":[{"taxonomy":"product_brand","embeddable":true,"href":"https:\/\/stvega.net\/pl\/wp-json\/wp\/v2\/product_brand?post=11438"},{"taxonomy":"product_cat","embeddable":true,"href":"https:\/\/stvega.net\/pl\/wp-json\/wp\/v2\/product_cat?post=11438"},{"taxonomy":"product_tag","embeddable":true,"href":"https:\/\/stvega.net\/pl\/wp-json\/wp\/v2\/product_tag?post=11438"}],"curies":[{"name":"wp","href":"https:\/\/api.w.org\/{rel}","templated":true}]}}