{"id":11103,"date":"2025-08-19T12:50:08","date_gmt":"2025-08-19T09:50:08","guid":{"rendered":"https:\/\/stvega.net\/product\/maszynka-do-strzyzania-ziemniakow-i-innych-produktow-stvega-automatic-clipper-l50\/"},"modified":"2025-08-19T12:50:08","modified_gmt":"2025-08-19T09:50:08","slug":"maszynka-do-strzyzania-ziemniakow-i-innych-produktow-stvega-automatic-clipper-l50","status":"publish","type":"product","link":"https:\/\/stvega.net\/pl\/product\/maszynka-do-strzyzania-ziemniakow-i-innych-produktow-stvega-automatic-clipper-l50\/","title":{"rendered":"Maszynka do strzy\u017cania ziemniak\u00f3w i innych produkt\u00f3w STvega Automatic Clipper L50"},"content":{"rendered":"<p><strong>STvega Automatic Clipper L50<\/strong> zosta\u0142 zaprojektowany do szybkiego i precyzyjnego pakowania ziemniak\u00f3w i innych produkt\u00f3w w siatkowe worki z automatycznym zaciskaniem za pomoc\u0105 metalowego uchwytu i przyklejania etykiety. Maszyna zapewnia sta\u0142\u0105 wydajno\u015b\u0107, \u0142atw\u0105 konfiguracj\u0119 i niezawodn\u0105 prac\u0119 w intensywnych \u015brodowiskach produkcyjnych. Dzi\u0119ki panelu sterowania dotykowego operator mo\u017ce \u0142atwo zmienia\u0107 parametry opakowania w zale\u017cno\u015bci od rodzaju produktu i wymaga\u0144 klienta.  <\/p>\n<p>Model \u0142\u0105czy szybko\u015b\u0107 pracy, stabilno\u015b\u0107 rezultatu oraz \u0142atwo\u015b\u0107 u\u017cycia, co czyni go optymalnym rozwi\u0105zaniem dla przedsi\u0119biorstw z bran\u017cy rolniczej i spo\u017cywczej o \u015brednich i du\u017cych wolumenach produkcji.<\/p>\n<p><strong>Zasada dzia\u0142ania<\/strong><strong>:<\/strong><\/p>\n<p>Produkt trafia do rury \u0142adunkowej, na kt\u00f3rej wcze\u015bniej naci\u0105ga si\u0119 siatk\u0119. Cz\u0119\u015b\u0107 produktu jest automatycznie podawana do \u015brodka worka. W obszarze opakowania otwarta kraw\u0119d\u017a torby jest najpierw zaciskana metalowym uchwytem, po czym etykieta z informacjami jest automatycznie przyklejana do miejsca zaciskania. Gotowy pakowany worek jest podawany dalej lub sk\u0142adany do pojemnik\u00f3w, po czym cykl jest powtarzany.   <\/p>\n<p><strong>Zalety sprz\u0119tu<\/strong><strong>:<\/strong><\/p>\n<ul>\n<li>Wysoka wydajno\u015b\u0107 pozwala efektywnie pracowa\u0107 w warunkach produkcyjnych przy du\u017cej liczbie zam\u00f3wie\u0144.<\/li>\n<li>Panel sterowania dotykowy umo\u017cliwia wygodn\u0105 regulacj\u0119 parametr\u00f3w pracy clippera.<\/li>\n<li>System szybkiej wymiany cewki etykietowej skraca przestoje podczas konserwacji.<\/li>\n<li>Konstrukcja zapewnia \u0142atwy dost\u0119p do zespo\u0142\u00f3w maszyn umo\u017cliwiaj\u0105cych szybkie czyszczenie i konserwacj\u0119.<\/li>\n<li>Wszystkie elementy bezpo\u015brednio kontaktuj\u0105ce si\u0119 z surowcami spo\u017cywczymi wykonane s\u0105 ze stali nierdzewnej, kt\u00f3ra spe\u0142nia standardy sanitarne.<\/li>\n<\/ul>\n\t<div class=\"section video\">\n\t\t<div class=\"row\">\n\t\t\t\t\t\t\t\t\t\t\t\t<div class=\"col-md-4 col-12\">\n\t\t\t\t\t\t<div class=\"container-lazyload preview-lazyload container-youtube js-lazyload--not-loaded\"><a href=\"https:\/\/www.youtube.com\/watch?v=7ltx3lReHN4\" class=\"lazy-load-youtube preview-lazyload preview-youtube\" data-video-title=\"\u0410\u0432\u0442\u043e\u043c\u0430\u0442\u0438\u0447\u043d\u0438\u0439 \u043a\u043b\u0456\u043f\u0441\u0430\u0442\u043e\u0440 \u0434\u043b\u044f \u043f\u0430\u043a\u0443\u0432\u0430\u043d\u043d\u044f \u043a\u0430\u0440\u0442\u043e\u043f\u043b\u0456 STvega Automatic Clipper L50 - \u0434\u043e 30 \u043c\u0456\u0448\u043a\u0456\u0432 \u0437\u0430 \u0445\u0432\u0438\u043b\u0438\u043d\u0443\" title=\"Play video &quot;\u0410\u0432\u0442\u043e\u043c\u0430\u0442\u0438\u0447\u043d\u0438\u0439 \u043a\u043b\u0456\u043f\u0441\u0430\u0442\u043e\u0440 \u0434\u043b\u044f \u043f\u0430\u043a\u0443\u0432\u0430\u043d\u043d\u044f \u043a\u0430\u0440\u0442\u043e\u043f\u043b\u0456 STvega Automatic Clipper L50 - \u0434\u043e 30 \u043c\u0456\u0448\u043a\u0456\u0432 \u0437\u0430 \u0445\u0432\u0438\u043b\u0438\u043d\u0443&quot;\">https:\/\/www.youtube.com\/watch?v=7ltx3lReHN4<\/a><noscript>Video can&#8217;t be loaded because JavaScript is disabled: <a href=\"https:\/\/www.youtube.com\/watch?v=7ltx3lReHN4\" title=\"\u0410\u0432\u0442\u043e\u043c\u0430\u0442\u0438\u0447\u043d\u0438\u0439 \u043a\u043b\u0456\u043f\u0441\u0430\u0442\u043e\u0440 \u0434\u043b\u044f \u043f\u0430\u043a\u0443\u0432\u0430\u043d\u043d\u044f \u043a\u0430\u0440\u0442\u043e\u043f\u043b\u0456 STvega Automatic Clipper L50 - \u0434\u043e 30 \u043c\u0456\u0448\u043a\u0456\u0432 \u0437\u0430 \u0445\u0432\u0438\u043b\u0438\u043d\u0443\">\u0410\u0432\u0442\u043e\u043c\u0430\u0442\u0438\u0447\u043d\u0438\u0439 \u043a\u043b\u0456\u043f\u0441\u0430\u0442\u043e\u0440 \u0434\u043b\u044f \u043f\u0430\u043a\u0443\u0432\u0430\u043d\u043d\u044f \u043a\u0430\u0440\u0442\u043e\u043f\u043b\u0456 STvega Automatic Clipper L50 &#8211; \u0434\u043e 30 \u043c\u0456\u0448\u043a\u0456\u0432 \u0437\u0430 \u0445\u0432\u0438\u043b\u0438\u043d\u0443 (https:\/\/www.youtube.com\/watch?v=7ltx3lReHN4)<\/a><\/noscript><\/div>\n\t\t\t\t\t<\/div>\n\t\t\t\t\t\t\t\t\t<\/div>\n\t<\/div>\n\t\t","protected":false},"excerpt":{"rendered":"<p><strong>STvega Automatic Clipper L50<\/strong> zosta\u0142 zaprojektowany do szybkiego i precyzyjnego pakowania ziemniak\u00f3w i innych produkt\u00f3w w siatkowe worki z automatycznym zaciskaniem za pomoc\u0105 metalowego uchwytu i przyklejania etykiety.<\/p>\n<p><strong>Specyfikacje:<\/strong><\/p>\n<p>[table id=&#8221;370&#8243; \/]<\/p>\n<p><span style=\"color: #0000ff;\"><strong>Unikalno\u015b\u0107 maszyny:<\/strong> Pneumatyczny mechanizm zamykaj\u0105cy gwarantuje niezawodne utrwalenie zszywek bez uszkodzenia worka.<\/span><\/p>\n","protected":false},"featured_media":11107,"comment_status":"open","ping_status":"closed","template":"","meta":{"_acf_changed":false,"inline_featured_image":false},"product_brand":[],"product_cat":[3671,3626,3683,3623,3627,3621,3587,3483,3672,3625],"product_tag":[5002,4994,4984,4977,4893,5006,4996,5000,5005,4997,4991,4982,4992,3892,5004,4989,4998,5003,4986,4999],"class_list":{"0":"post-11103","1":"product","2":"type-product","3":"status-publish","4":"has-post-thumbnail","6":"product_cat-burak","7":"product_cat-cebula","8":"product_cat-clippers","9":"product_cat-czosnek","10":"product_cat-jablka","11":"product_cat-marchew","12":"product_cat-maszyny-pakujace","13":"product_cat-opakowanie-i-opakowania","14":"product_cat-owoce-cytrusowe","15":"product_cat-ziemniaki","16":"product_tag-automatyczna-maszyna-do-zakrecania-toreb","17":"product_tag-automatyczne-pakowanie-siatki","18":"product_tag-automatyczny-kliper-z-etykieta","19":"product_tag-automatyczny-maszynka-do-strzyzania-toreb","20":"product_tag-clipper","21":"product_tag-clipper-dla-branzy-spozywczej","22":"product_tag-clipper-dla-przemyslu-spozywczego","23":"product_tag-clipper-do-produkcji-duzych-serii","24":"product_tag-clipper-z-etykieta","25":"product_tag-clipper-z-panelem-dotykowym","26":"product_tag-klipier-do-produkcji-produktow-rolnych","27":"product_tag-maszyna-do-pakowania-ziemniakow","28":"product_tag-maszyna-do-zaciskania-metalowych-wspornikow","29":"product_tag-maszynka-do-siateczkowych-torebek","30":"product_tag-pakowanie-warzyw-do-siateczkowych-workow","31":"product_tag-pakowanie-ziemniakow-do-workow","32":"product_tag-pneumatyczny-maszynka-do-skubania-toreb","33":"product_tag-przemyslowe-urzadzenia-do-pakowania-ziem","34":"product_tag-przemyslowy-maszynka-do-skubania-warzyw","35":"product_tag-sprzet-do-pakowania-warzyw","37":"first","38":"instock","39":"shipping-taxable","40":"product-type-simple"},"acf":[],"yoast_head":"<!-- This site is optimized with the Yoast SEO plugin v27.5 - https:\/\/yoast.com\/product\/yoast-seo-wordpress\/ -->\n<title>Maszynka do strzy\u017cania ziemniak\u00f3w i innych produkt\u00f3w STvega Automatic Clipper L50 \u043a\u0443\u043f\u0438\u0442\u0438 \u0437\u0430 \u0432\u0438\u0433\u0456\u0434\u043d\u043e\u044e \u0446\u0456\u043d\u043e\u044e \u0432 \u043c\u0430\u0433\u0430\u0437\u0438\u043d\u0456 STvega<\/title>\n<meta name=\"description\" content=\"Maszynka do strzy\u017cania ziemniak\u00f3w i innych produkt\u00f3w STvega Automatic Clipper L50 | \u043a\u0443\u043f\u0438\u0442\u0438 \u0437\u0430 \ud83c\udf1f\u0432\u0438\u0433\u0456\u0434\u043d\u043e\u044e \u0446\u0456\u043d\u043e\u044e \u0432 \u043c\u0430\u0433\u0430\u0437\u0438\u043d\u0456 STvega\" \/>\n<meta name=\"robots\" content=\"index, follow, max-snippet:-1, max-image-preview:large, max-video-preview:-1\" \/>\n<link rel=\"canonical\" href=\"https:\/\/stvega.net\/pl\/product\/maszynka-do-strzyzania-ziemniakow-i-innych-produktow-stvega-automatic-clipper-l50\/\" \/>\n<meta property=\"og:locale\" content=\"pl_PL\" \/>\n<meta property=\"og:type\" content=\"article\" \/>\n<meta property=\"og:title\" content=\"Maszynka do strzy\u017cania ziemniak\u00f3w i innych produkt\u00f3w STvega Automatic Clipper L50 \u043a\u0443\u043f\u0438\u0442\u0438 \u0437\u0430 \u0432\u0438\u0433\u0456\u0434\u043d\u043e\u044e \u0446\u0456\u043d\u043e\u044e \u0432 \u043c\u0430\u0433\u0430\u0437\u0438\u043d\u0456 STvega\" \/>\n<meta property=\"og:description\" content=\"Maszynka do strzy\u017cania ziemniak\u00f3w i innych produkt\u00f3w STvega Automatic Clipper L50 | \u043a\u0443\u043f\u0438\u0442\u0438 \u0437\u0430 \ud83c\udf1f\u0432\u0438\u0433\u0456\u0434\u043d\u043e\u044e \u0446\u0456\u043d\u043e\u044e \u0432 \u043c\u0430\u0433\u0430\u0437\u0438\u043d\u0456 STvega\" \/>\n<meta property=\"og:url\" content=\"https:\/\/stvega.net\/pl\/product\/maszynka-do-strzyzania-ziemniakow-i-innych-produktow-stvega-automatic-clipper-l50\/\" \/>\n<meta property=\"og:site_name\" content=\"\u0448\u0438\u0440\u043e\u043a\u0438\u0439 \u0430\u0441\u043e\u0440\u0442\u0438\u043c\u0435\u043d\u0442 \u0445\u0430\u0440\u0447\u043e\u0432\u043e\u0433\u043e \u043f\u0440\u043e\u043c\u0438\u0441\u043b\u043e\u0432\u043e\u0433\u043e \u043e\u0431\u043b\u0430\u0434\u043d\u0430\u043d\u043d\u044f \u0434\u043b\u044f \u043f\u0435\u0440\u0435\u0440\u043e\u0431\u043a\u0438 \u043c\u2019\u044f\u0441\u0430, \u043e\u0432\u043e\u0447\u0456\u0432 \u0456 \u0444\u0440\u0443\u043a\u0442\u0456\u0432\u2b50\u0412\u0438\u0433\u0456\u0434\u043d\u0456 \u0446\u0456\u043d\u0438 \ud83e\uddbe\u0412\u0438\u0440\u043e\u0431\u043d\u0438\u0447\u0456 \u043b\u0456\u043d\u0456\u0457 \u043f\u0456\u0434 \u043a\u043b\u044e\u0447\ud83d\ude9a \u0414\u043e\u0441\u0442\u0430\u0432\u043a\u0430 \ud83d\udee0\u0421\u0435\u0440\u0432\u0456\u0441\" \/>\n<meta property=\"article:publisher\" content=\"https:\/\/www.facebook.com\/share\/9F1B4VxaHAC9E9HB\/?mibextid=qi2Omg\" \/>\n<meta property=\"og:image\" content=\"https:\/\/stvega.net\/wp-content\/uploads\/2025\/08\/klipsator-dlya-kartopli-ta-inshyh-produktiv-stvega-automatic-clipper-l50.png\" \/>\n\t<meta property=\"og:image:width\" content=\"447\" \/>\n\t<meta property=\"og:image:height\" content=\"559\" \/>\n\t<meta property=\"og:image:type\" content=\"image\/png\" \/>\n<meta name=\"twitter:card\" content=\"summary_large_image\" \/>\n<meta name=\"twitter:label1\" content=\"Szacowany czas czytania\" \/>\n\t<meta name=\"twitter:data1\" content=\"1 minuta\" \/>\n<script type=\"application\/ld+json\" class=\"yoast-schema-graph\">{\"@context\":\"https:\\\/\\\/schema.org\",\"@graph\":[{\"@type\":\"WebPage\",\"@id\":\"https:\\\/\\\/stvega.net\\\/pl\\\/product\\\/maszynka-do-strzyzania-ziemniakow-i-innych-produktow-stvega-automatic-clipper-l50\\\/\",\"url\":\"https:\\\/\\\/stvega.net\\\/pl\\\/product\\\/maszynka-do-strzyzania-ziemniakow-i-innych-produktow-stvega-automatic-clipper-l50\\\/\",\"name\":\"Maszynka do strzy\u017cania ziemniak\u00f3w i innych produkt\u00f3w STvega Automatic Clipper L50 \u043a\u0443\u043f\u0438\u0442\u0438 \u0437\u0430 \u0432\u0438\u0433\u0456\u0434\u043d\u043e\u044e \u0446\u0456\u043d\u043e\u044e \u0432 \u043c\u0430\u0433\u0430\u0437\u0438\u043d\u0456 STvega\",\"isPartOf\":{\"@id\":\"https:\\\/\\\/stvega.net\\\/pl\\\/#website\"},\"primaryImageOfPage\":{\"@id\":\"https:\\\/\\\/stvega.net\\\/pl\\\/product\\\/maszynka-do-strzyzania-ziemniakow-i-innych-produktow-stvega-automatic-clipper-l50\\\/#primaryimage\"},\"image\":{\"@id\":\"https:\\\/\\\/stvega.net\\\/pl\\\/product\\\/maszynka-do-strzyzania-ziemniakow-i-innych-produktow-stvega-automatic-clipper-l50\\\/#primaryimage\"},\"thumbnailUrl\":\"https:\\\/\\\/stvega.net\\\/wp-content\\\/uploads\\\/2025\\\/08\\\/klipsator-dlya-kartopli-ta-inshyh-produktiv-stvega-automatic-clipper-l50.png\",\"datePublished\":\"2025-08-19T09:50:08+00:00\",\"description\":\"Maszynka do strzy\u017cania ziemniak\u00f3w i innych produkt\u00f3w STvega Automatic Clipper L50 | \u043a\u0443\u043f\u0438\u0442\u0438 \u0437\u0430 \ud83c\udf1f\u0432\u0438\u0433\u0456\u0434\u043d\u043e\u044e \u0446\u0456\u043d\u043e\u044e \u0432 \u043c\u0430\u0433\u0430\u0437\u0438\u043d\u0456 STvega\",\"breadcrumb\":{\"@id\":\"https:\\\/\\\/stvega.net\\\/pl\\\/product\\\/maszynka-do-strzyzania-ziemniakow-i-innych-produktow-stvega-automatic-clipper-l50\\\/#breadcrumb\"},\"inLanguage\":\"pl-PL\",\"potentialAction\":[{\"@type\":\"ReadAction\",\"target\":[\"https:\\\/\\\/stvega.net\\\/pl\\\/product\\\/maszynka-do-strzyzania-ziemniakow-i-innych-produktow-stvega-automatic-clipper-l50\\\/\"]}]},{\"@type\":\"ImageObject\",\"inLanguage\":\"pl-PL\",\"@id\":\"https:\\\/\\\/stvega.net\\\/pl\\\/product\\\/maszynka-do-strzyzania-ziemniakow-i-innych-produktow-stvega-automatic-clipper-l50\\\/#primaryimage\",\"url\":\"https:\\\/\\\/stvega.net\\\/wp-content\\\/uploads\\\/2025\\\/08\\\/klipsator-dlya-kartopli-ta-inshyh-produktiv-stvega-automatic-clipper-l50.png\",\"contentUrl\":\"https:\\\/\\\/stvega.net\\\/wp-content\\\/uploads\\\/2025\\\/08\\\/klipsator-dlya-kartopli-ta-inshyh-produktiv-stvega-automatic-clipper-l50.png\",\"width\":447,\"height\":559},{\"@type\":\"BreadcrumbList\",\"@id\":\"https:\\\/\\\/stvega.net\\\/pl\\\/product\\\/maszynka-do-strzyzania-ziemniakow-i-innych-produktow-stvega-automatic-clipper-l50\\\/#breadcrumb\",\"itemListElement\":[{\"@type\":\"ListItem\",\"position\":1,\"name\":\"Dom\",\"item\":\"https:\\\/\\\/stvega.net\\\/pl\\\/\"},{\"@type\":\"ListItem\",\"position\":2,\"name\":\"Katalog\",\"item\":\"https:\\\/\\\/stvega.net\\\/katalog\\\/\"},{\"@type\":\"ListItem\",\"position\":3,\"name\":\"Maszynka do strzy\u017cania ziemniak\u00f3w i innych produkt\u00f3w STvega Automatic Clipper L50\"}]},{\"@type\":\"WebSite\",\"@id\":\"https:\\\/\\\/stvega.net\\\/pl\\\/#website\",\"url\":\"https:\\\/\\\/stvega.net\\\/pl\\\/\",\"name\":\"STvega\",\"description\":\"\u0445\u0430\u0440\u0447\u043e\u0432\u0435 \u043f\u0440\u043e\u043c\u0438\u0441\u043b\u043e\u0432\u0435 \u043e\u0431\u043b\u0430\u0434\u043d\u0430\u043d\u043d\u044f\",\"publisher\":{\"@id\":\"https:\\\/\\\/stvega.net\\\/pl\\\/#organization\"},\"alternateName\":\"STvega - \u043e\u0432\u043e\u0447\u0435\u0440\u0456\u0437\u043a\u0438, \u0448\u043f\u0438\u0433\u043e\u0440\u0456\u0437\u043a\u0438, \u0441\u043b\u0430\u0439\u0441\u0435\u0440\u0438 \u0442\u0430 \u0456\u043d\u0448\u0435 \u0445\u0430\u0440\u0447\u043e\u0432\u0435 \u043e\u0431\u043b\u0430\u0434\u043d\u0430\u043d\u043d\u044f\",\"potentialAction\":[{\"@type\":\"SearchAction\",\"target\":{\"@type\":\"EntryPoint\",\"urlTemplate\":\"https:\\\/\\\/stvega.net\\\/pl\\\/?s={search_term_string}\"},\"query-input\":{\"@type\":\"PropertyValueSpecification\",\"valueRequired\":true,\"valueName\":\"search_term_string\"}}],\"inLanguage\":\"pl-PL\"},{\"@type\":\"Organization\",\"@id\":\"https:\\\/\\\/stvega.net\\\/pl\\\/#organization\",\"name\":\"STvega \u0425\u0410\u0420\u0427\u041e\u0412\u0415 \u041f\u0420\u041e\u041c\u0418\u0421\u041b\u041e\u0412\u0415 \u041e\u0411\u041b\u0410\u0414\u041d\u0410\u041d\u041d\u042f\",\"alternateName\":\"STvega - \u043e\u0432\u043e\u0447\u0435\u0440\u0456\u0437\u043a\u0438, \u0448\u043f\u0438\u0433\u043e\u0440\u0456\u0437\u043a\u0438, \u0441\u043b\u0430\u0439\u0441\u0435\u0440\u0438 \u0442\u0430 \u0456\u043d\u0448\u0435 \u0445\u0430\u0440\u0447\u043e\u0432\u0435 \u043e\u0431\u043b\u0430\u0434\u043d\u0430\u043d\u043d\u044f\",\"url\":\"https:\\\/\\\/stvega.net\\\/pl\\\/\",\"logo\":{\"@type\":\"ImageObject\",\"inLanguage\":\"pl-PL\",\"@id\":\"https:\\\/\\\/stvega.net\\\/pl\\\/#\\\/schema\\\/logo\\\/image\\\/\",\"url\":\"https:\\\/\\\/stvega.net\\\/wp-content\\\/uploads\\\/2024\\\/03\\\/dyzajn-bez-nazvanyya-1.png\",\"contentUrl\":\"https:\\\/\\\/stvega.net\\\/wp-content\\\/uploads\\\/2024\\\/03\\\/dyzajn-bez-nazvanyya-1.png\",\"width\":180,\"height\":180,\"caption\":\"STvega \u0425\u0410\u0420\u0427\u041e\u0412\u0415 \u041f\u0420\u041e\u041c\u0418\u0421\u041b\u041e\u0412\u0415 \u041e\u0411\u041b\u0410\u0414\u041d\u0410\u041d\u041d\u042f\"},\"image\":{\"@id\":\"https:\\\/\\\/stvega.net\\\/pl\\\/#\\\/schema\\\/logo\\\/image\\\/\"},\"sameAs\":[\"https:\\\/\\\/www.facebook.com\\\/share\\\/9F1B4VxaHAC9E9HB\\\/?mibextid=qi2Omg\"]}]}<\/script>\n<!-- \/ Yoast SEO plugin. -->","yoast_head_json":{"title":"Maszynka do strzy\u017cania ziemniak\u00f3w i innych produkt\u00f3w STvega Automatic Clipper L50 \u043a\u0443\u043f\u0438\u0442\u0438 \u0437\u0430 \u0432\u0438\u0433\u0456\u0434\u043d\u043e\u044e \u0446\u0456\u043d\u043e\u044e \u0432 \u043c\u0430\u0433\u0430\u0437\u0438\u043d\u0456 STvega","description":"Maszynka do strzy\u017cania ziemniak\u00f3w i innych produkt\u00f3w STvega Automatic Clipper L50 | \u043a\u0443\u043f\u0438\u0442\u0438 \u0437\u0430 \ud83c\udf1f\u0432\u0438\u0433\u0456\u0434\u043d\u043e\u044e \u0446\u0456\u043d\u043e\u044e \u0432 \u043c\u0430\u0433\u0430\u0437\u0438\u043d\u0456 STvega","robots":{"index":"index","follow":"follow","max-snippet":"max-snippet:-1","max-image-preview":"max-image-preview:large","max-video-preview":"max-video-preview:-1"},"canonical":"https:\/\/stvega.net\/pl\/product\/maszynka-do-strzyzania-ziemniakow-i-innych-produktow-stvega-automatic-clipper-l50\/","og_locale":"pl_PL","og_type":"article","og_title":"Maszynka do strzy\u017cania ziemniak\u00f3w i innych produkt\u00f3w STvega Automatic Clipper L50 \u043a\u0443\u043f\u0438\u0442\u0438 \u0437\u0430 \u0432\u0438\u0433\u0456\u0434\u043d\u043e\u044e \u0446\u0456\u043d\u043e\u044e \u0432 \u043c\u0430\u0433\u0430\u0437\u0438\u043d\u0456 STvega","og_description":"Maszynka do strzy\u017cania ziemniak\u00f3w i innych produkt\u00f3w STvega Automatic Clipper L50 | \u043a\u0443\u043f\u0438\u0442\u0438 \u0437\u0430 \ud83c\udf1f\u0432\u0438\u0433\u0456\u0434\u043d\u043e\u044e \u0446\u0456\u043d\u043e\u044e \u0432 \u043c\u0430\u0433\u0430\u0437\u0438\u043d\u0456 STvega","og_url":"https:\/\/stvega.net\/pl\/product\/maszynka-do-strzyzania-ziemniakow-i-innych-produktow-stvega-automatic-clipper-l50\/","og_site_name":"\u0448\u0438\u0440\u043e\u043a\u0438\u0439 \u0430\u0441\u043e\u0440\u0442\u0438\u043c\u0435\u043d\u0442 \u0445\u0430\u0440\u0447\u043e\u0432\u043e\u0433\u043e \u043f\u0440\u043e\u043c\u0438\u0441\u043b\u043e\u0432\u043e\u0433\u043e \u043e\u0431\u043b\u0430\u0434\u043d\u0430\u043d\u043d\u044f \u0434\u043b\u044f \u043f\u0435\u0440\u0435\u0440\u043e\u0431\u043a\u0438 \u043c\u2019\u044f\u0441\u0430, \u043e\u0432\u043e\u0447\u0456\u0432 \u0456 \u0444\u0440\u0443\u043a\u0442\u0456\u0432\u2b50\u0412\u0438\u0433\u0456\u0434\u043d\u0456 \u0446\u0456\u043d\u0438 \ud83e\uddbe\u0412\u0438\u0440\u043e\u0431\u043d\u0438\u0447\u0456 \u043b\u0456\u043d\u0456\u0457 \u043f\u0456\u0434 \u043a\u043b\u044e\u0447\ud83d\ude9a \u0414\u043e\u0441\u0442\u0430\u0432\u043a\u0430 \ud83d\udee0\u0421\u0435\u0440\u0432\u0456\u0441","article_publisher":"https:\/\/www.facebook.com\/share\/9F1B4VxaHAC9E9HB\/?mibextid=qi2Omg","og_image":[{"width":447,"height":559,"url":"https:\/\/stvega.net\/wp-content\/uploads\/2025\/08\/klipsator-dlya-kartopli-ta-inshyh-produktiv-stvega-automatic-clipper-l50.png","type":"image\/png"}],"twitter_card":"summary_large_image","twitter_misc":{"Szacowany czas czytania":"1 minuta"},"schema":{"@context":"https:\/\/schema.org","@graph":[{"@type":"WebPage","@id":"https:\/\/stvega.net\/pl\/product\/maszynka-do-strzyzania-ziemniakow-i-innych-produktow-stvega-automatic-clipper-l50\/","url":"https:\/\/stvega.net\/pl\/product\/maszynka-do-strzyzania-ziemniakow-i-innych-produktow-stvega-automatic-clipper-l50\/","name":"Maszynka do strzy\u017cania ziemniak\u00f3w i innych produkt\u00f3w STvega Automatic Clipper L50 \u043a\u0443\u043f\u0438\u0442\u0438 \u0437\u0430 \u0432\u0438\u0433\u0456\u0434\u043d\u043e\u044e \u0446\u0456\u043d\u043e\u044e \u0432 \u043c\u0430\u0433\u0430\u0437\u0438\u043d\u0456 STvega","isPartOf":{"@id":"https:\/\/stvega.net\/pl\/#website"},"primaryImageOfPage":{"@id":"https:\/\/stvega.net\/pl\/product\/maszynka-do-strzyzania-ziemniakow-i-innych-produktow-stvega-automatic-clipper-l50\/#primaryimage"},"image":{"@id":"https:\/\/stvega.net\/pl\/product\/maszynka-do-strzyzania-ziemniakow-i-innych-produktow-stvega-automatic-clipper-l50\/#primaryimage"},"thumbnailUrl":"https:\/\/stvega.net\/wp-content\/uploads\/2025\/08\/klipsator-dlya-kartopli-ta-inshyh-produktiv-stvega-automatic-clipper-l50.png","datePublished":"2025-08-19T09:50:08+00:00","description":"Maszynka do strzy\u017cania ziemniak\u00f3w i innych produkt\u00f3w STvega Automatic Clipper L50 | \u043a\u0443\u043f\u0438\u0442\u0438 \u0437\u0430 \ud83c\udf1f\u0432\u0438\u0433\u0456\u0434\u043d\u043e\u044e \u0446\u0456\u043d\u043e\u044e \u0432 \u043c\u0430\u0433\u0430\u0437\u0438\u043d\u0456 STvega","breadcrumb":{"@id":"https:\/\/stvega.net\/pl\/product\/maszynka-do-strzyzania-ziemniakow-i-innych-produktow-stvega-automatic-clipper-l50\/#breadcrumb"},"inLanguage":"pl-PL","potentialAction":[{"@type":"ReadAction","target":["https:\/\/stvega.net\/pl\/product\/maszynka-do-strzyzania-ziemniakow-i-innych-produktow-stvega-automatic-clipper-l50\/"]}]},{"@type":"ImageObject","inLanguage":"pl-PL","@id":"https:\/\/stvega.net\/pl\/product\/maszynka-do-strzyzania-ziemniakow-i-innych-produktow-stvega-automatic-clipper-l50\/#primaryimage","url":"https:\/\/stvega.net\/wp-content\/uploads\/2025\/08\/klipsator-dlya-kartopli-ta-inshyh-produktiv-stvega-automatic-clipper-l50.png","contentUrl":"https:\/\/stvega.net\/wp-content\/uploads\/2025\/08\/klipsator-dlya-kartopli-ta-inshyh-produktiv-stvega-automatic-clipper-l50.png","width":447,"height":559},{"@type":"BreadcrumbList","@id":"https:\/\/stvega.net\/pl\/product\/maszynka-do-strzyzania-ziemniakow-i-innych-produktow-stvega-automatic-clipper-l50\/#breadcrumb","itemListElement":[{"@type":"ListItem","position":1,"name":"Dom","item":"https:\/\/stvega.net\/pl\/"},{"@type":"ListItem","position":2,"name":"Katalog","item":"https:\/\/stvega.net\/katalog\/"},{"@type":"ListItem","position":3,"name":"Maszynka do strzy\u017cania ziemniak\u00f3w i innych produkt\u00f3w STvega Automatic Clipper L50"}]},{"@type":"WebSite","@id":"https:\/\/stvega.net\/pl\/#website","url":"https:\/\/stvega.net\/pl\/","name":"STvega","description":"\u0445\u0430\u0440\u0447\u043e\u0432\u0435 \u043f\u0440\u043e\u043c\u0438\u0441\u043b\u043e\u0432\u0435 \u043e\u0431\u043b\u0430\u0434\u043d\u0430\u043d\u043d\u044f","publisher":{"@id":"https:\/\/stvega.net\/pl\/#organization"},"alternateName":"STvega - \u043e\u0432\u043e\u0447\u0435\u0440\u0456\u0437\u043a\u0438, \u0448\u043f\u0438\u0433\u043e\u0440\u0456\u0437\u043a\u0438, \u0441\u043b\u0430\u0439\u0441\u0435\u0440\u0438 \u0442\u0430 \u0456\u043d\u0448\u0435 \u0445\u0430\u0440\u0447\u043e\u0432\u0435 \u043e\u0431\u043b\u0430\u0434\u043d\u0430\u043d\u043d\u044f","potentialAction":[{"@type":"SearchAction","target":{"@type":"EntryPoint","urlTemplate":"https:\/\/stvega.net\/pl\/?s={search_term_string}"},"query-input":{"@type":"PropertyValueSpecification","valueRequired":true,"valueName":"search_term_string"}}],"inLanguage":"pl-PL"},{"@type":"Organization","@id":"https:\/\/stvega.net\/pl\/#organization","name":"STvega \u0425\u0410\u0420\u0427\u041e\u0412\u0415 \u041f\u0420\u041e\u041c\u0418\u0421\u041b\u041e\u0412\u0415 \u041e\u0411\u041b\u0410\u0414\u041d\u0410\u041d\u041d\u042f","alternateName":"STvega - \u043e\u0432\u043e\u0447\u0435\u0440\u0456\u0437\u043a\u0438, \u0448\u043f\u0438\u0433\u043e\u0440\u0456\u0437\u043a\u0438, \u0441\u043b\u0430\u0439\u0441\u0435\u0440\u0438 \u0442\u0430 \u0456\u043d\u0448\u0435 \u0445\u0430\u0440\u0447\u043e\u0432\u0435 \u043e\u0431\u043b\u0430\u0434\u043d\u0430\u043d\u043d\u044f","url":"https:\/\/stvega.net\/pl\/","logo":{"@type":"ImageObject","inLanguage":"pl-PL","@id":"https:\/\/stvega.net\/pl\/#\/schema\/logo\/image\/","url":"https:\/\/stvega.net\/wp-content\/uploads\/2024\/03\/dyzajn-bez-nazvanyya-1.png","contentUrl":"https:\/\/stvega.net\/wp-content\/uploads\/2024\/03\/dyzajn-bez-nazvanyya-1.png","width":180,"height":180,"caption":"STvega \u0425\u0410\u0420\u0427\u041e\u0412\u0415 \u041f\u0420\u041e\u041c\u0418\u0421\u041b\u041e\u0412\u0415 \u041e\u0411\u041b\u0410\u0414\u041d\u0410\u041d\u041d\u042f"},"image":{"@id":"https:\/\/stvega.net\/pl\/#\/schema\/logo\/image\/"},"sameAs":["https:\/\/www.facebook.com\/share\/9F1B4VxaHAC9E9HB\/?mibextid=qi2Omg"]}]}},"_links":{"self":[{"href":"https:\/\/stvega.net\/pl\/wp-json\/wp\/v2\/product\/11103","targetHints":{"allow":["GET"]}}],"collection":[{"href":"https:\/\/stvega.net\/pl\/wp-json\/wp\/v2\/product"}],"about":[{"href":"https:\/\/stvega.net\/pl\/wp-json\/wp\/v2\/types\/product"}],"replies":[{"embeddable":true,"href":"https:\/\/stvega.net\/pl\/wp-json\/wp\/v2\/comments?post=11103"}],"wp:featuredmedia":[{"embeddable":true,"href":"https:\/\/stvega.net\/pl\/wp-json\/wp\/v2\/media\/11107"}],"wp:attachment":[{"href":"https:\/\/stvega.net\/pl\/wp-json\/wp\/v2\/media?parent=11103"}],"wp:term":[{"taxonomy":"product_brand","embeddable":true,"href":"https:\/\/stvega.net\/pl\/wp-json\/wp\/v2\/product_brand?post=11103"},{"taxonomy":"product_cat","embeddable":true,"href":"https:\/\/stvega.net\/pl\/wp-json\/wp\/v2\/product_cat?post=11103"},{"taxonomy":"product_tag","embeddable":true,"href":"https:\/\/stvega.net\/pl\/wp-json\/wp\/v2\/product_tag?post=11103"}],"curies":[{"name":"wp","href":"https:\/\/api.w.org\/{rel}","templated":true}]}}