{"id":11021,"date":"2025-07-24T14:38:09","date_gmt":"2025-07-24T11:38:09","guid":{"rendered":"https:\/\/stvega.net\/product\/przemyslowa-wycinaczka-do-krojenia-miesa-kielbasek-salatek-stvega-meat-cutter-h80\/"},"modified":"2025-07-24T14:38:09","modified_gmt":"2025-07-24T11:38:09","slug":"przemyslowa-wycinaczka-do-krojenia-miesa-kielbasek-salatek-stvega-meat-cutter-h80","status":"publish","type":"product","link":"https:\/\/stvega.net\/pl\/product\/przemyslowa-wycinaczka-do-krojenia-miesa-kielbasek-salatek-stvega-meat-cutter-h80\/","title":{"rendered":"Przemys\u0142owa wycinaczka do krojenia mi\u0119sa, kie\u0142basek, sa\u0142atek STvega Meat Cutter H80"},"content":{"rendered":"<p><b>STvega Meat Cutter H80<\/b> <span style=\"font-weight: 400;\">to <\/span> <span style=\"font-weight: 400;\"> profesjonalne, szybkie, technologiczne urz\u0105dzenie zaprojektowane do drobnego mielenia surowc\u00f3w oraz przygotowywania wysokiej jako\u015bci emulsji mi\u0119snych i warzywnych. Dzi\u0119ki mocnemu nap\u0119dowi i wa\u0142owi no\u017ca o pr\u0119dko\u015bci obrotowej do 4500 obr.\/min, maszyna zapewnia referencyjn\u0105 jako\u015b\u0107 homogenizacji produktu. Model zaprojektowany jest do intensywnej eksploatacji, posiada wzmocnion\u0105 konstrukcj\u0119 ramow\u0105 i inteligentny system sterowania,  Pozwala to uzyska\u0107 idealn\u0105 struktur\u0119 mielonego mi\u0119sa do kie\u0142basek, pasztet\u00f3w i wykwintnych produkt\u00f3w.<\/span><\/p>\n<p><b>Zasada dzia\u0142ania<\/b><b>:<\/b><\/p>\n<p><span style=\"font-weight: 400;\">Surowce s\u0105 \u0142adowane do miski przecinarki, gdzie pod wp\u0142ywem pracy no\u017cy o du\u017cej pr\u0119dko\u015bci o z\u0142o\u017conej geometrii szlifowanie zachodzi do okre\u015blonego u\u0142amku lub stanu o jednorodnej masie. Operator steruje procesem za pomoc\u0105 pilota, reguluj\u0105c optymaln\u0105 pr\u0119dko\u015b\u0107 obrotow\u0105 no\u017cy i miski w zale\u017cno\u015bci od przepisu. Na ko\u0144cu procesu aktywowany jest automatyczny dysk wypustowy, kt\u00f3ry szybko i bez resztek przenosi gotow\u0105 mas\u0119 do zbiornika odbiorczego, zapewniaj\u0105c ci\u0105g\u0142o\u015b\u0107 cyklu produkcyjnego.  <\/span><\/p>\n<p><b>Zalety sprz\u0119tu:<\/b><\/p>\n<ul>\n<li style=\"font-weight: 400;\" aria-level=\"1\"><span style=\"font-weight: 400;\">Wysoka pr\u0119dko\u015b\u0107 obrotowa no\u017cy do 4500 obr.\/min pozwala osi\u0105gn\u0105\u0107 referencyjn\u0105 jako\u015b\u0107 emulgacji i uzyska\u0107 delikatn\u0105 struktur\u0119 produktu w kr\u00f3tkim czasie.<\/span><\/li>\n<li style=\"font-weight: 400;\" aria-level=\"1\"><span style=\"font-weight: 400;\">Minimalna r\u00f3\u017cnica technologiczna mi\u0119dzy ostrzem a mis\u0105 gwarantuje pe\u0142ne przetworzenie ca\u0142ej obj\u0119to\u015bci za\u0142adowanych surowc\u00f3w bez powstawania nieprzetworzonych cz\u0105stek.<\/span><\/li>\n<li style=\"font-weight: 400;\" aria-level=\"1\"><span style=\"font-weight: 400;\">Wzmocniona konstrukcja ramy wykonana ze stalowego kana\u0142u o grubo\u015bci 5 mm w po\u0142\u0105czeniu ze specjalnymi masywnymi podporami zapewnia absolutn\u0105 stabilno\u015b\u0107 maszyny bez drga\u0144.<\/span><\/li>\n<li style=\"font-weight: 400;\" aria-level=\"1\"><span style=\"font-weight: 400;\">Obecno\u015b\u0107 olejnika bezpo\u015brednio na trzonku no\u017ca pozwala szybko smarowa\u0107 \u0142o\u017cyska bez demonta\u017cu zespo\u0142u no\u017ca, co znacznie upraszcza codzienn\u0105 konserwacj\u0119 maszyny.<\/span><\/li>\n<li style=\"font-weight: 400;\" aria-level=\"1\"><span style=\"font-weight: 400;\">Konstrukcja ze stali nierdzewnej 304 oraz zastosowanie rur \u0142\u0105cz\u0105cych ze stali 316 gwarantuj\u0105 trwa\u0142o\u015b\u0107 maszyny oraz pe\u0142n\u0105 zgodno\u015b\u0107 z normami higienicznymi produkcji \u017cywno\u015bci.<\/span><\/li>\n<\/ul>\n<p><strong> <\/strong><\/p>\n\t<div class=\"section video\">\n\t\t<div class=\"row\">\n\t\t\t\t\t\t\t\t\t\t\t\t<div class=\"col-md-4 col-12\">\n\t\t\t\t\t\t<div class=\"container-lazyload preview-lazyload container-youtube js-lazyload--not-loaded\"><a href=\"https:\/\/www.youtube.com\/watch?v=EQ4AF8XEUsQ\" class=\"lazy-load-youtube preview-lazyload preview-youtube\" data-video-title=\"\u041f\u0440\u043e\u043c\u0438\u0441\u043b\u043e\u0432\u0438\u0439 \u043a\u0443\u0442\u0435\u0440 \u0434\u043b\u044f \u043f\u043e\u0434\u0440\u0456\u0431\u043d\u0435\u043d\u043d\u044f \u0442\u0430 \u0437\u043c\u0456\u0448\u0443\u0432\u0430\u043d\u043d\u044f \u043c&#039;\u044f\u0441\u0430, \u043a\u043e\u0432\u0431\u0430\u0441\u0438, \u0441\u0430\u043b\u0430\u0442\u0456\u0432 - STvega Meat Cutter H\" title=\"Play video &quot;\u041f\u0440\u043e\u043c\u0438\u0441\u043b\u043e\u0432\u0438\u0439 \u043a\u0443\u0442\u0435\u0440 \u0434\u043b\u044f \u043f\u043e\u0434\u0440\u0456\u0431\u043d\u0435\u043d\u043d\u044f \u0442\u0430 \u0437\u043c\u0456\u0448\u0443\u0432\u0430\u043d\u043d\u044f \u043c&#039;\u044f\u0441\u0430, \u043a\u043e\u0432\u0431\u0430\u0441\u0438, \u0441\u0430\u043b\u0430\u0442\u0456\u0432 - STvega Meat Cutter H&quot;\">https:\/\/www.youtube.com\/watch?v=EQ4AF8XEUsQ<\/a><noscript>Video can&#8217;t be loaded because JavaScript is disabled: <a href=\"https:\/\/www.youtube.com\/watch?v=EQ4AF8XEUsQ\" title=\"\u041f\u0440\u043e\u043c\u0438\u0441\u043b\u043e\u0432\u0438\u0439 \u043a\u0443\u0442\u0435\u0440 \u0434\u043b\u044f \u043f\u043e\u0434\u0440\u0456\u0431\u043d\u0435\u043d\u043d\u044f \u0442\u0430 \u0437\u043c\u0456\u0448\u0443\u0432\u0430\u043d\u043d\u044f \u043c&#039;\u044f\u0441\u0430, \u043a\u043e\u0432\u0431\u0430\u0441\u0438, \u0441\u0430\u043b\u0430\u0442\u0456\u0432 - STvega Meat Cutter H\">\u041f\u0440\u043e\u043c\u0438\u0441\u043b\u043e\u0432\u0438\u0439 \u043a\u0443\u0442\u0435\u0440 \u0434\u043b\u044f \u043f\u043e\u0434\u0440\u0456\u0431\u043d\u0435\u043d\u043d\u044f \u0442\u0430 \u0437\u043c\u0456\u0448\u0443\u0432\u0430\u043d\u043d\u044f \u043c&#039;\u044f\u0441\u0430, \u043a\u043e\u0432\u0431\u0430\u0441\u0438, \u0441\u0430\u043b\u0430\u0442\u0456\u0432 &#8211; STvega Meat Cutter H (https:\/\/www.youtube.com\/watch?v=EQ4AF8XEUsQ)<\/a><\/noscript><\/div>\n\t\t\t\t\t<\/div>\n\t\t\t\t\t\t\t\t\t<\/div>\n\t<\/div>\n\t\t","protected":false},"excerpt":{"rendered":"<p><strong> STvega Meat Cutter H80<\/strong> zosta\u0142 zaprojektowany do szybkiego mielenia, mieszania i emulgacji mi\u0119sa, warzyw, produkt\u00f3w sojowych, sa\u0142atek, masy kie\u0142basy i innych sk\u0142adnik\u00f3w.<\/p>\n<p><strong>Specyfikacje:<\/strong><\/p>\n<p>[table id=&#8221;356&#8243; \/]<\/p>\n<p><span style=\"color: #0000ff;\"><strong>Unikalno\u015b\u0107 maszyny: <span style=\"font-weight: 400;\">Wysoka pr\u0119dko\u015b\u0107 obrotowa no\u017cy do 4500 obr.\/min pozwala osi\u0105gn\u0105\u0107 referencyjn\u0105 jako\u015b\u0107 emulgacji.<\/span><\/strong><\/span><\/p>\n","protected":false},"featured_media":11039,"comment_status":"open","ping_status":"closed","template":"","meta":{"_acf_changed":false,"inline_featured_image":false},"product_brand":[],"product_cat":[3453,3664,3647,3418],"product_tag":[4397,4411,4406,4394,4412,4416,4393,4408,4399,4402,4419,4404,4400,3815,4414],"class_list":{"0":"post-11021","1":"product","2":"type-product","3":"status-publish","4":"has-post-thumbnail","6":"product_cat-krojenie-i-siekanie","7":"product_cat-kutry","8":"product_cat-mielenie-miesa","9":"product_cat-mieso","10":"product_tag-cutter-do-miesa-mielonego","11":"product_tag-cutter-do-produkcji-kielbasy","12":"product_tag-cutter-do-warzyw-i-miesa","13":"product_tag-cutter-miesa","14":"product_tag-cutter-z-miska","15":"product_tag-frez-o-zmiennej-predkosci","16":"product_tag-maszyna-do-miesa","17":"product_tag-mikser-do-miesa-mielonego","18":"product_tag-przemysl-miesny","19":"product_tag-przemyslowa-maszynka-do-miesa","20":"product_tag-przemyslowy-cutter","21":"product_tag-przemyslowy-wycinacz-miesa-mielonego","22":"product_tag-siekacz-miesa","23":"product_tag-sprzet-do-przetworstwa-miesa","24":"product_tag-wycinarka-do-nadziei","26":"first","27":"instock","28":"shipping-taxable","29":"product-type-simple"},"acf":[],"yoast_head":"<!-- This site is optimized with the Yoast SEO plugin v27.5 - https:\/\/yoast.com\/product\/yoast-seo-wordpress\/ -->\n<title>Przemys\u0142owa wycinaczka do krojenia mi\u0119sa, kie\u0142basek, sa\u0142atek STvega Meat Cutter H80 \u043a\u0443\u043f\u0438\u0442\u0438 \u0437\u0430 \u0432\u0438\u0433\u0456\u0434\u043d\u043e\u044e \u0446\u0456\u043d\u043e\u044e \u0432 \u043c\u0430\u0433\u0430\u0437\u0438\u043d\u0456 STvega<\/title>\n<meta name=\"description\" content=\"Przemys\u0142owa wycinaczka do krojenia mi\u0119sa, kie\u0142basek, sa\u0142atek STvega Meat Cutter H80 | \u043a\u0443\u043f\u0438\u0442\u0438 \u0437\u0430 \ud83c\udf1f\u0432\u0438\u0433\u0456\u0434\u043d\u043e\u044e \u0446\u0456\u043d\u043e\u044e \u0432 \u043c\u0430\u0433\u0430\u0437\u0438\u043d\u0456 STvega\" \/>\n<meta name=\"robots\" content=\"index, follow, max-snippet:-1, max-image-preview:large, max-video-preview:-1\" \/>\n<link rel=\"canonical\" href=\"https:\/\/stvega.net\/pl\/product\/przemyslowa-wycinaczka-do-krojenia-miesa-kielbasek-salatek-stvega-meat-cutter-h80\/\" \/>\n<meta property=\"og:locale\" content=\"pl_PL\" \/>\n<meta property=\"og:type\" content=\"article\" \/>\n<meta property=\"og:title\" content=\"Przemys\u0142owa wycinaczka do krojenia mi\u0119sa, kie\u0142basek, sa\u0142atek STvega Meat Cutter H80 \u043a\u0443\u043f\u0438\u0442\u0438 \u0437\u0430 \u0432\u0438\u0433\u0456\u0434\u043d\u043e\u044e \u0446\u0456\u043d\u043e\u044e \u0432 \u043c\u0430\u0433\u0430\u0437\u0438\u043d\u0456 STvega\" \/>\n<meta property=\"og:description\" content=\"Przemys\u0142owa wycinaczka do krojenia mi\u0119sa, kie\u0142basek, sa\u0142atek STvega Meat Cutter H80 | \u043a\u0443\u043f\u0438\u0442\u0438 \u0437\u0430 \ud83c\udf1f\u0432\u0438\u0433\u0456\u0434\u043d\u043e\u044e \u0446\u0456\u043d\u043e\u044e \u0432 \u043c\u0430\u0433\u0430\u0437\u0438\u043d\u0456 STvega\" \/>\n<meta property=\"og:url\" content=\"https:\/\/stvega.net\/pl\/product\/przemyslowa-wycinaczka-do-krojenia-miesa-kielbasek-salatek-stvega-meat-cutter-h80\/\" \/>\n<meta property=\"og:site_name\" content=\"\u0448\u0438\u0440\u043e\u043a\u0438\u0439 \u0430\u0441\u043e\u0440\u0442\u0438\u043c\u0435\u043d\u0442 \u0445\u0430\u0440\u0447\u043e\u0432\u043e\u0433\u043e \u043f\u0440\u043e\u043c\u0438\u0441\u043b\u043e\u0432\u043e\u0433\u043e \u043e\u0431\u043b\u0430\u0434\u043d\u0430\u043d\u043d\u044f \u0434\u043b\u044f \u043f\u0435\u0440\u0435\u0440\u043e\u0431\u043a\u0438 \u043c\u2019\u044f\u0441\u0430, \u043e\u0432\u043e\u0447\u0456\u0432 \u0456 \u0444\u0440\u0443\u043a\u0442\u0456\u0432\u2b50\u0412\u0438\u0433\u0456\u0434\u043d\u0456 \u0446\u0456\u043d\u0438 \ud83e\uddbe\u0412\u0438\u0440\u043e\u0431\u043d\u0438\u0447\u0456 \u043b\u0456\u043d\u0456\u0457 \u043f\u0456\u0434 \u043a\u043b\u044e\u0447\ud83d\ude9a \u0414\u043e\u0441\u0442\u0430\u0432\u043a\u0430 \ud83d\udee0\u0421\u0435\u0440\u0432\u0456\u0441\" \/>\n<meta property=\"article:publisher\" content=\"https:\/\/www.facebook.com\/share\/9F1B4VxaHAC9E9HB\/?mibextid=qi2Omg\" \/>\n<meta property=\"og:image\" content=\"https:\/\/stvega.net\/wp-content\/uploads\/2025\/07\/kuter_stvega_meat_cutter_h80-2.png\" \/>\n\t<meta property=\"og:image:width\" content=\"1463\" \/>\n\t<meta property=\"og:image:height\" content=\"678\" \/>\n\t<meta property=\"og:image:type\" content=\"image\/png\" \/>\n<meta name=\"twitter:card\" content=\"summary_large_image\" \/>\n<meta name=\"twitter:label1\" content=\"Szacowany czas czytania\" \/>\n\t<meta name=\"twitter:data1\" content=\"2 minuty\" \/>\n<script type=\"application\/ld+json\" class=\"yoast-schema-graph\">{\"@context\":\"https:\\\/\\\/schema.org\",\"@graph\":[{\"@type\":\"WebPage\",\"@id\":\"https:\\\/\\\/stvega.net\\\/pl\\\/product\\\/przemyslowa-wycinaczka-do-krojenia-miesa-kielbasek-salatek-stvega-meat-cutter-h80\\\/\",\"url\":\"https:\\\/\\\/stvega.net\\\/pl\\\/product\\\/przemyslowa-wycinaczka-do-krojenia-miesa-kielbasek-salatek-stvega-meat-cutter-h80\\\/\",\"name\":\"Przemys\u0142owa wycinaczka do krojenia mi\u0119sa, kie\u0142basek, sa\u0142atek STvega Meat Cutter H80 \u043a\u0443\u043f\u0438\u0442\u0438 \u0437\u0430 \u0432\u0438\u0433\u0456\u0434\u043d\u043e\u044e \u0446\u0456\u043d\u043e\u044e \u0432 \u043c\u0430\u0433\u0430\u0437\u0438\u043d\u0456 STvega\",\"isPartOf\":{\"@id\":\"https:\\\/\\\/stvega.net\\\/pl\\\/#website\"},\"primaryImageOfPage\":{\"@id\":\"https:\\\/\\\/stvega.net\\\/pl\\\/product\\\/przemyslowa-wycinaczka-do-krojenia-miesa-kielbasek-salatek-stvega-meat-cutter-h80\\\/#primaryimage\"},\"image\":{\"@id\":\"https:\\\/\\\/stvega.net\\\/pl\\\/product\\\/przemyslowa-wycinaczka-do-krojenia-miesa-kielbasek-salatek-stvega-meat-cutter-h80\\\/#primaryimage\"},\"thumbnailUrl\":\"https:\\\/\\\/stvega.net\\\/wp-content\\\/uploads\\\/2025\\\/07\\\/kuter_stvega_meat_cutter_h80-2.png\",\"datePublished\":\"2025-07-24T11:38:09+00:00\",\"description\":\"Przemys\u0142owa wycinaczka do krojenia mi\u0119sa, kie\u0142basek, sa\u0142atek STvega Meat Cutter H80 | \u043a\u0443\u043f\u0438\u0442\u0438 \u0437\u0430 \ud83c\udf1f\u0432\u0438\u0433\u0456\u0434\u043d\u043e\u044e \u0446\u0456\u043d\u043e\u044e \u0432 \u043c\u0430\u0433\u0430\u0437\u0438\u043d\u0456 STvega\",\"breadcrumb\":{\"@id\":\"https:\\\/\\\/stvega.net\\\/pl\\\/product\\\/przemyslowa-wycinaczka-do-krojenia-miesa-kielbasek-salatek-stvega-meat-cutter-h80\\\/#breadcrumb\"},\"inLanguage\":\"pl-PL\",\"potentialAction\":[{\"@type\":\"ReadAction\",\"target\":[\"https:\\\/\\\/stvega.net\\\/pl\\\/product\\\/przemyslowa-wycinaczka-do-krojenia-miesa-kielbasek-salatek-stvega-meat-cutter-h80\\\/\"]}]},{\"@type\":\"ImageObject\",\"inLanguage\":\"pl-PL\",\"@id\":\"https:\\\/\\\/stvega.net\\\/pl\\\/product\\\/przemyslowa-wycinaczka-do-krojenia-miesa-kielbasek-salatek-stvega-meat-cutter-h80\\\/#primaryimage\",\"url\":\"https:\\\/\\\/stvega.net\\\/wp-content\\\/uploads\\\/2025\\\/07\\\/kuter_stvega_meat_cutter_h80-2.png\",\"contentUrl\":\"https:\\\/\\\/stvega.net\\\/wp-content\\\/uploads\\\/2025\\\/07\\\/kuter_stvega_meat_cutter_h80-2.png\",\"width\":1463,\"height\":678},{\"@type\":\"BreadcrumbList\",\"@id\":\"https:\\\/\\\/stvega.net\\\/pl\\\/product\\\/przemyslowa-wycinaczka-do-krojenia-miesa-kielbasek-salatek-stvega-meat-cutter-h80\\\/#breadcrumb\",\"itemListElement\":[{\"@type\":\"ListItem\",\"position\":1,\"name\":\"Dom\",\"item\":\"https:\\\/\\\/stvega.net\\\/pl\\\/\"},{\"@type\":\"ListItem\",\"position\":2,\"name\":\"Katalog\",\"item\":\"https:\\\/\\\/stvega.net\\\/katalog\\\/\"},{\"@type\":\"ListItem\",\"position\":3,\"name\":\"Przemys\u0142owa wycinaczka do krojenia mi\u0119sa, kie\u0142basek, sa\u0142atek STvega Meat Cutter H80\"}]},{\"@type\":\"WebSite\",\"@id\":\"https:\\\/\\\/stvega.net\\\/pl\\\/#website\",\"url\":\"https:\\\/\\\/stvega.net\\\/pl\\\/\",\"name\":\"STvega\",\"description\":\"\u0445\u0430\u0440\u0447\u043e\u0432\u0435 \u043f\u0440\u043e\u043c\u0438\u0441\u043b\u043e\u0432\u0435 \u043e\u0431\u043b\u0430\u0434\u043d\u0430\u043d\u043d\u044f\",\"publisher\":{\"@id\":\"https:\\\/\\\/stvega.net\\\/pl\\\/#organization\"},\"alternateName\":\"STvega - \u043e\u0432\u043e\u0447\u0435\u0440\u0456\u0437\u043a\u0438, \u0448\u043f\u0438\u0433\u043e\u0440\u0456\u0437\u043a\u0438, \u0441\u043b\u0430\u0439\u0441\u0435\u0440\u0438 \u0442\u0430 \u0456\u043d\u0448\u0435 \u0445\u0430\u0440\u0447\u043e\u0432\u0435 \u043e\u0431\u043b\u0430\u0434\u043d\u0430\u043d\u043d\u044f\",\"potentialAction\":[{\"@type\":\"SearchAction\",\"target\":{\"@type\":\"EntryPoint\",\"urlTemplate\":\"https:\\\/\\\/stvega.net\\\/pl\\\/?s={search_term_string}\"},\"query-input\":{\"@type\":\"PropertyValueSpecification\",\"valueRequired\":true,\"valueName\":\"search_term_string\"}}],\"inLanguage\":\"pl-PL\"},{\"@type\":\"Organization\",\"@id\":\"https:\\\/\\\/stvega.net\\\/pl\\\/#organization\",\"name\":\"STvega \u0425\u0410\u0420\u0427\u041e\u0412\u0415 \u041f\u0420\u041e\u041c\u0418\u0421\u041b\u041e\u0412\u0415 \u041e\u0411\u041b\u0410\u0414\u041d\u0410\u041d\u041d\u042f\",\"alternateName\":\"STvega - \u043e\u0432\u043e\u0447\u0435\u0440\u0456\u0437\u043a\u0438, \u0448\u043f\u0438\u0433\u043e\u0440\u0456\u0437\u043a\u0438, \u0441\u043b\u0430\u0439\u0441\u0435\u0440\u0438 \u0442\u0430 \u0456\u043d\u0448\u0435 \u0445\u0430\u0440\u0447\u043e\u0432\u0435 \u043e\u0431\u043b\u0430\u0434\u043d\u0430\u043d\u043d\u044f\",\"url\":\"https:\\\/\\\/stvega.net\\\/pl\\\/\",\"logo\":{\"@type\":\"ImageObject\",\"inLanguage\":\"pl-PL\",\"@id\":\"https:\\\/\\\/stvega.net\\\/pl\\\/#\\\/schema\\\/logo\\\/image\\\/\",\"url\":\"https:\\\/\\\/stvega.net\\\/wp-content\\\/uploads\\\/2024\\\/03\\\/dyzajn-bez-nazvanyya-1.png\",\"contentUrl\":\"https:\\\/\\\/stvega.net\\\/wp-content\\\/uploads\\\/2024\\\/03\\\/dyzajn-bez-nazvanyya-1.png\",\"width\":180,\"height\":180,\"caption\":\"STvega \u0425\u0410\u0420\u0427\u041e\u0412\u0415 \u041f\u0420\u041e\u041c\u0418\u0421\u041b\u041e\u0412\u0415 \u041e\u0411\u041b\u0410\u0414\u041d\u0410\u041d\u041d\u042f\"},\"image\":{\"@id\":\"https:\\\/\\\/stvega.net\\\/pl\\\/#\\\/schema\\\/logo\\\/image\\\/\"},\"sameAs\":[\"https:\\\/\\\/www.facebook.com\\\/share\\\/9F1B4VxaHAC9E9HB\\\/?mibextid=qi2Omg\"]}]}<\/script>\n<!-- \/ Yoast SEO plugin. -->","yoast_head_json":{"title":"Przemys\u0142owa wycinaczka do krojenia mi\u0119sa, kie\u0142basek, sa\u0142atek STvega Meat Cutter H80 \u043a\u0443\u043f\u0438\u0442\u0438 \u0437\u0430 \u0432\u0438\u0433\u0456\u0434\u043d\u043e\u044e \u0446\u0456\u043d\u043e\u044e \u0432 \u043c\u0430\u0433\u0430\u0437\u0438\u043d\u0456 STvega","description":"Przemys\u0142owa wycinaczka do krojenia mi\u0119sa, kie\u0142basek, sa\u0142atek STvega Meat Cutter H80 | \u043a\u0443\u043f\u0438\u0442\u0438 \u0437\u0430 \ud83c\udf1f\u0432\u0438\u0433\u0456\u0434\u043d\u043e\u044e \u0446\u0456\u043d\u043e\u044e \u0432 \u043c\u0430\u0433\u0430\u0437\u0438\u043d\u0456 STvega","robots":{"index":"index","follow":"follow","max-snippet":"max-snippet:-1","max-image-preview":"max-image-preview:large","max-video-preview":"max-video-preview:-1"},"canonical":"https:\/\/stvega.net\/pl\/product\/przemyslowa-wycinaczka-do-krojenia-miesa-kielbasek-salatek-stvega-meat-cutter-h80\/","og_locale":"pl_PL","og_type":"article","og_title":"Przemys\u0142owa wycinaczka do krojenia mi\u0119sa, kie\u0142basek, sa\u0142atek STvega Meat Cutter H80 \u043a\u0443\u043f\u0438\u0442\u0438 \u0437\u0430 \u0432\u0438\u0433\u0456\u0434\u043d\u043e\u044e \u0446\u0456\u043d\u043e\u044e \u0432 \u043c\u0430\u0433\u0430\u0437\u0438\u043d\u0456 STvega","og_description":"Przemys\u0142owa wycinaczka do krojenia mi\u0119sa, kie\u0142basek, sa\u0142atek STvega Meat Cutter H80 | \u043a\u0443\u043f\u0438\u0442\u0438 \u0437\u0430 \ud83c\udf1f\u0432\u0438\u0433\u0456\u0434\u043d\u043e\u044e \u0446\u0456\u043d\u043e\u044e \u0432 \u043c\u0430\u0433\u0430\u0437\u0438\u043d\u0456 STvega","og_url":"https:\/\/stvega.net\/pl\/product\/przemyslowa-wycinaczka-do-krojenia-miesa-kielbasek-salatek-stvega-meat-cutter-h80\/","og_site_name":"\u0448\u0438\u0440\u043e\u043a\u0438\u0439 \u0430\u0441\u043e\u0440\u0442\u0438\u043c\u0435\u043d\u0442 \u0445\u0430\u0440\u0447\u043e\u0432\u043e\u0433\u043e \u043f\u0440\u043e\u043c\u0438\u0441\u043b\u043e\u0432\u043e\u0433\u043e \u043e\u0431\u043b\u0430\u0434\u043d\u0430\u043d\u043d\u044f \u0434\u043b\u044f \u043f\u0435\u0440\u0435\u0440\u043e\u0431\u043a\u0438 \u043c\u2019\u044f\u0441\u0430, \u043e\u0432\u043e\u0447\u0456\u0432 \u0456 \u0444\u0440\u0443\u043a\u0442\u0456\u0432\u2b50\u0412\u0438\u0433\u0456\u0434\u043d\u0456 \u0446\u0456\u043d\u0438 \ud83e\uddbe\u0412\u0438\u0440\u043e\u0431\u043d\u0438\u0447\u0456 \u043b\u0456\u043d\u0456\u0457 \u043f\u0456\u0434 \u043a\u043b\u044e\u0447\ud83d\ude9a \u0414\u043e\u0441\u0442\u0430\u0432\u043a\u0430 \ud83d\udee0\u0421\u0435\u0440\u0432\u0456\u0441","article_publisher":"https:\/\/www.facebook.com\/share\/9F1B4VxaHAC9E9HB\/?mibextid=qi2Omg","og_image":[{"width":1463,"height":678,"url":"https:\/\/stvega.net\/wp-content\/uploads\/2025\/07\/kuter_stvega_meat_cutter_h80-2.png","type":"image\/png"}],"twitter_card":"summary_large_image","twitter_misc":{"Szacowany czas czytania":"2 minuty"},"schema":{"@context":"https:\/\/schema.org","@graph":[{"@type":"WebPage","@id":"https:\/\/stvega.net\/pl\/product\/przemyslowa-wycinaczka-do-krojenia-miesa-kielbasek-salatek-stvega-meat-cutter-h80\/","url":"https:\/\/stvega.net\/pl\/product\/przemyslowa-wycinaczka-do-krojenia-miesa-kielbasek-salatek-stvega-meat-cutter-h80\/","name":"Przemys\u0142owa wycinaczka do krojenia mi\u0119sa, kie\u0142basek, sa\u0142atek STvega Meat Cutter H80 \u043a\u0443\u043f\u0438\u0442\u0438 \u0437\u0430 \u0432\u0438\u0433\u0456\u0434\u043d\u043e\u044e \u0446\u0456\u043d\u043e\u044e \u0432 \u043c\u0430\u0433\u0430\u0437\u0438\u043d\u0456 STvega","isPartOf":{"@id":"https:\/\/stvega.net\/pl\/#website"},"primaryImageOfPage":{"@id":"https:\/\/stvega.net\/pl\/product\/przemyslowa-wycinaczka-do-krojenia-miesa-kielbasek-salatek-stvega-meat-cutter-h80\/#primaryimage"},"image":{"@id":"https:\/\/stvega.net\/pl\/product\/przemyslowa-wycinaczka-do-krojenia-miesa-kielbasek-salatek-stvega-meat-cutter-h80\/#primaryimage"},"thumbnailUrl":"https:\/\/stvega.net\/wp-content\/uploads\/2025\/07\/kuter_stvega_meat_cutter_h80-2.png","datePublished":"2025-07-24T11:38:09+00:00","description":"Przemys\u0142owa wycinaczka do krojenia mi\u0119sa, kie\u0142basek, sa\u0142atek STvega Meat Cutter H80 | \u043a\u0443\u043f\u0438\u0442\u0438 \u0437\u0430 \ud83c\udf1f\u0432\u0438\u0433\u0456\u0434\u043d\u043e\u044e \u0446\u0456\u043d\u043e\u044e \u0432 \u043c\u0430\u0433\u0430\u0437\u0438\u043d\u0456 STvega","breadcrumb":{"@id":"https:\/\/stvega.net\/pl\/product\/przemyslowa-wycinaczka-do-krojenia-miesa-kielbasek-salatek-stvega-meat-cutter-h80\/#breadcrumb"},"inLanguage":"pl-PL","potentialAction":[{"@type":"ReadAction","target":["https:\/\/stvega.net\/pl\/product\/przemyslowa-wycinaczka-do-krojenia-miesa-kielbasek-salatek-stvega-meat-cutter-h80\/"]}]},{"@type":"ImageObject","inLanguage":"pl-PL","@id":"https:\/\/stvega.net\/pl\/product\/przemyslowa-wycinaczka-do-krojenia-miesa-kielbasek-salatek-stvega-meat-cutter-h80\/#primaryimage","url":"https:\/\/stvega.net\/wp-content\/uploads\/2025\/07\/kuter_stvega_meat_cutter_h80-2.png","contentUrl":"https:\/\/stvega.net\/wp-content\/uploads\/2025\/07\/kuter_stvega_meat_cutter_h80-2.png","width":1463,"height":678},{"@type":"BreadcrumbList","@id":"https:\/\/stvega.net\/pl\/product\/przemyslowa-wycinaczka-do-krojenia-miesa-kielbasek-salatek-stvega-meat-cutter-h80\/#breadcrumb","itemListElement":[{"@type":"ListItem","position":1,"name":"Dom","item":"https:\/\/stvega.net\/pl\/"},{"@type":"ListItem","position":2,"name":"Katalog","item":"https:\/\/stvega.net\/katalog\/"},{"@type":"ListItem","position":3,"name":"Przemys\u0142owa wycinaczka do krojenia mi\u0119sa, kie\u0142basek, sa\u0142atek STvega Meat Cutter H80"}]},{"@type":"WebSite","@id":"https:\/\/stvega.net\/pl\/#website","url":"https:\/\/stvega.net\/pl\/","name":"STvega","description":"\u0445\u0430\u0440\u0447\u043e\u0432\u0435 \u043f\u0440\u043e\u043c\u0438\u0441\u043b\u043e\u0432\u0435 \u043e\u0431\u043b\u0430\u0434\u043d\u0430\u043d\u043d\u044f","publisher":{"@id":"https:\/\/stvega.net\/pl\/#organization"},"alternateName":"STvega - \u043e\u0432\u043e\u0447\u0435\u0440\u0456\u0437\u043a\u0438, \u0448\u043f\u0438\u0433\u043e\u0440\u0456\u0437\u043a\u0438, \u0441\u043b\u0430\u0439\u0441\u0435\u0440\u0438 \u0442\u0430 \u0456\u043d\u0448\u0435 \u0445\u0430\u0440\u0447\u043e\u0432\u0435 \u043e\u0431\u043b\u0430\u0434\u043d\u0430\u043d\u043d\u044f","potentialAction":[{"@type":"SearchAction","target":{"@type":"EntryPoint","urlTemplate":"https:\/\/stvega.net\/pl\/?s={search_term_string}"},"query-input":{"@type":"PropertyValueSpecification","valueRequired":true,"valueName":"search_term_string"}}],"inLanguage":"pl-PL"},{"@type":"Organization","@id":"https:\/\/stvega.net\/pl\/#organization","name":"STvega \u0425\u0410\u0420\u0427\u041e\u0412\u0415 \u041f\u0420\u041e\u041c\u0418\u0421\u041b\u041e\u0412\u0415 \u041e\u0411\u041b\u0410\u0414\u041d\u0410\u041d\u041d\u042f","alternateName":"STvega - \u043e\u0432\u043e\u0447\u0435\u0440\u0456\u0437\u043a\u0438, \u0448\u043f\u0438\u0433\u043e\u0440\u0456\u0437\u043a\u0438, \u0441\u043b\u0430\u0439\u0441\u0435\u0440\u0438 \u0442\u0430 \u0456\u043d\u0448\u0435 \u0445\u0430\u0440\u0447\u043e\u0432\u0435 \u043e\u0431\u043b\u0430\u0434\u043d\u0430\u043d\u043d\u044f","url":"https:\/\/stvega.net\/pl\/","logo":{"@type":"ImageObject","inLanguage":"pl-PL","@id":"https:\/\/stvega.net\/pl\/#\/schema\/logo\/image\/","url":"https:\/\/stvega.net\/wp-content\/uploads\/2024\/03\/dyzajn-bez-nazvanyya-1.png","contentUrl":"https:\/\/stvega.net\/wp-content\/uploads\/2024\/03\/dyzajn-bez-nazvanyya-1.png","width":180,"height":180,"caption":"STvega \u0425\u0410\u0420\u0427\u041e\u0412\u0415 \u041f\u0420\u041e\u041c\u0418\u0421\u041b\u041e\u0412\u0415 \u041e\u0411\u041b\u0410\u0414\u041d\u0410\u041d\u041d\u042f"},"image":{"@id":"https:\/\/stvega.net\/pl\/#\/schema\/logo\/image\/"},"sameAs":["https:\/\/www.facebook.com\/share\/9F1B4VxaHAC9E9HB\/?mibextid=qi2Omg"]}]}},"_links":{"self":[{"href":"https:\/\/stvega.net\/pl\/wp-json\/wp\/v2\/product\/11021","targetHints":{"allow":["GET"]}}],"collection":[{"href":"https:\/\/stvega.net\/pl\/wp-json\/wp\/v2\/product"}],"about":[{"href":"https:\/\/stvega.net\/pl\/wp-json\/wp\/v2\/types\/product"}],"replies":[{"embeddable":true,"href":"https:\/\/stvega.net\/pl\/wp-json\/wp\/v2\/comments?post=11021"}],"wp:featuredmedia":[{"embeddable":true,"href":"https:\/\/stvega.net\/pl\/wp-json\/wp\/v2\/media\/11039"}],"wp:attachment":[{"href":"https:\/\/stvega.net\/pl\/wp-json\/wp\/v2\/media?parent=11021"}],"wp:term":[{"taxonomy":"product_brand","embeddable":true,"href":"https:\/\/stvega.net\/pl\/wp-json\/wp\/v2\/product_brand?post=11021"},{"taxonomy":"product_cat","embeddable":true,"href":"https:\/\/stvega.net\/pl\/wp-json\/wp\/v2\/product_cat?post=11021"},{"taxonomy":"product_tag","embeddable":true,"href":"https:\/\/stvega.net\/pl\/wp-json\/wp\/v2\/product_tag?post=11021"}],"curies":[{"name":"wp","href":"https:\/\/api.w.org\/{rel}","templated":true}]}}