{"id":10818,"date":"2025-11-24T11:42:19","date_gmt":"2025-11-24T08:42:19","guid":{"rendered":"https:\/\/stvega.net\/product\/przemyslowa-wycinaczka-do-krojenia-miesa-kielbas-salatek-stvega-meat-cutter-h200\/"},"modified":"2025-11-24T11:42:19","modified_gmt":"2025-11-24T08:42:19","slug":"przemyslowa-wycinaczka-do-krojenia-miesa-kielbas-salatek-stvega-meat-cutter-h200","status":"publish","type":"product","link":"https:\/\/stvega.net\/pl\/product\/przemyslowa-wycinaczka-do-krojenia-miesa-kielbas-salatek-stvega-meat-cutter-h200\/","title":{"rendered":"Przemys\u0142owa wycinaczka do krojenia mi\u0119sa, kie\u0142bas, sa\u0142atek STvega Meat cutter H200"},"content":{"rendered":"<p><b> STvega Meat Cutter H200<\/b> <span style=\"font-weight: 400;\">to<\/span><span style=\"font-weight: 400;\"> pot\u0119\u017cne, zaawansowane technologicznie urz\u0105dzenie zaprojektowane do intensywnego wykorzystania w zak\u0142adach przetw\u00f3rstwa mi\u0119sa. Maszyna zosta\u0142a zaprojektowana do szybkiego mielenia, produkcji wysokiej jako\u015bci mielonego mi\u0119sa i emulsji mi\u0119sa stabilnego. Dzi\u0119ki mocnemu silnikowi oraz zintegrowanemu hydraulicznemu systemowi za\u0142adunku i roz\u0142adunku, ta przecinaczka zapewnia wysoki poziom wydajno\u015bci i pe\u0142n\u0105 automatyzacj\u0119 cyklu pracy, minimalizuj\u0105c u\u017cycie Praca fizyczna.<\/span><\/p>\n<p><b>Zasada dzia\u0142ania<\/b><b>:<\/b><\/p>\n<p><span style=\"font-weight: 400;\">Proces mielenia rozpoczyna si\u0119 od automatycznego \u0142adowania: hydrauliczny podno\u015bnik wrzuca w\u00f3zek z surowcami bezpo\u015brednio do obracaj\u0105cej si\u0119 miski. Sze\u015b\u0107 mocnych no\u017cy na trzonku, obracaj\u0105cych si\u0119 z pr\u0119dko\u015bci\u0105 liniow\u0105 do 120 m\/s, natychmiast rozbija tkanki produktu, tworz\u0105c jednorodn\u0105 mas\u0119. Operator steruje procesem za pomoc\u0105 panelu dotykowego, dostosowuj\u0105c pr\u0119dko\u015b\u0107 no\u017cy i miski do konkretnego przepisu. Na ko\u0144cu cyklu hydrauliczny dysk wy\u0142adowuj\u0105cy automatycznie roz\u0142adowuje gotowe mielone mi\u0119so przez tac\u0119 wylewow\u0105 do pojemnika.   <\/span><\/p>\n<p><b>Zalety sprz\u0119tu:<\/b><\/p>\n<ul>\n<li style=\"font-weight: 400;\" aria-level=\"1\"><span style=\"font-weight: 400;\">Wysoka rezerwa mocy w elektrowni pozwala maszynie pracowa\u0107 stabilnie z dowolnym rodzajem surowca i natychmiast osi\u0105gn\u0105\u0107 maksymaln\u0105 pr\u0119dko\u015b\u0107 dla perfekcyjnej emulgacji.<\/span><\/li>\n<li style=\"font-weight: 400;\" aria-level=\"1\"><span style=\"font-weight: 400;\">Pe\u0142na hydrauliczna automatyzacja proces\u00f3w za\u0142adunku i roz\u0142adunku sprawia, \u017ce praca jest autonomiczna, bezpieczna dla personelu i znacznie skraca czas trwania cyklu produkcyjnego.<\/span><\/li>\n<li style=\"font-weight: 400;\" aria-level=\"1\"><span style=\"font-weight: 400;\">Przetworniki cz\u0119stotliwo\u015bci Schneidera zapewniaj\u0105 p\u0142ynne ustawienie siedmiu tryb\u00f3w pr\u0119dko\u015bci, umo\u017cliwiaj\u0105c zar\u00f3wno grube mielenie, jak i drobn\u0105 homogenizacj\u0119 o tej samej jako\u015bci.<\/span><\/li>\n<li style=\"font-weight: 400;\" aria-level=\"1\"><span style=\"font-weight: 400;\">Japo\u0144skie japo\u0144skie czujniki temperatury Omron o wysokiej precyzji pozwalaj\u0105 operatorowi monitorowa\u0107 stan surowc\u00f3w w czasie rzeczywistym, co jest kluczowe dla utrzymania jako\u015bci bia\u0142ek.<\/span><\/li>\n<li style=\"font-weight: 400;\" aria-level=\"1\"><span style=\"font-weight: 400;\">Konstrukcja korpusu i miski wykonana ze stali nierdzewnej 304 spe\u0142nia najwy\u017csze standardy przemys\u0142u spo\u017cywczego i gwarantuje odporno\u015b\u0107 na agresywne mycie oraz wilgotne \u015brodowiska.<\/span><\/li>\n<\/ul>\n","protected":false},"excerpt":{"rendered":"<p><strong> STvega Meat Cutter H200<\/strong> zosta\u0142 zaprojektowany do wysokiej jako\u015bci mielenia, mieszania i emulgacji surowc\u00f3w<\/p>\n<p> mi\u0119sa, ryb lub ro\u015blin.<strong>Specyfikacje:<\/strong><\/p>\n<p>[table id=&#8221;387&#8243; \/]<\/p>\n<p><span style=\"color: #0000ff;\"><strong>Unikalno\u015b\u0107 maszyny: <\/strong>Wszystkie kluczowe komponenty s\u0105 produkowane od czo\u0142owych marek na \u015bwiecie: Schneider, Siemens, SKF, Omron, co zapewnia niezawodn\u0105 prac\u0119 maszyny.<\/span><\/p>\n","protected":false},"featured_media":10823,"comment_status":"open","ping_status":"closed","template":"","meta":{"_acf_changed":false,"inline_featured_image":false},"product_brand":[],"product_cat":[3453,3455,3664,3647,3418,3552],"product_tag":[4464,4397,4411,4406,4394,4412,4416,4393,4408,4399,4402,4419,4404,4400,3815,4414],"class_list":{"0":"post-10818","1":"product","2":"type-product","3":"status-publish","4":"has-post-thumbnail","6":"product_cat-krojenie-i-siekanie","7":"product_cat-krojenie-miesa","8":"product_cat-kutry","9":"product_cat-mielenie-miesa","10":"product_cat-mieso","11":"product_cat-ryba","12":"product_tag-cutter","13":"product_tag-cutter-do-miesa-mielonego","14":"product_tag-cutter-do-produkcji-kielbasy","15":"product_tag-cutter-do-warzyw-i-miesa","16":"product_tag-cutter-miesa","17":"product_tag-cutter-z-miska","18":"product_tag-frez-o-zmiennej-predkosci","19":"product_tag-maszyna-do-miesa","20":"product_tag-mikser-do-miesa-mielonego","21":"product_tag-przemysl-miesny","22":"product_tag-przemyslowa-maszynka-do-miesa","23":"product_tag-przemyslowy-cutter","24":"product_tag-przemyslowy-wycinacz-miesa-mielonego","25":"product_tag-siekacz-miesa","26":"product_tag-sprzet-do-przetworstwa-miesa","27":"product_tag-wycinarka-do-nadziei","29":"first","30":"instock","31":"shipping-taxable","32":"product-type-simple"},"acf":[],"yoast_head":"<!-- This site is optimized with the Yoast SEO plugin v27.5 - https:\/\/yoast.com\/product\/yoast-seo-wordpress\/ -->\n<title>Przemys\u0142owa wycinaczka do krojenia mi\u0119sa, kie\u0142bas, sa\u0142atek STvega Meat cutter H200 \u043a\u0443\u043f\u0438\u0442\u0438 \u0437\u0430 \u0432\u0438\u0433\u0456\u0434\u043d\u043e\u044e \u0446\u0456\u043d\u043e\u044e \u0432 \u043c\u0430\u0433\u0430\u0437\u0438\u043d\u0456 STvega<\/title>\n<meta name=\"description\" content=\"Przemys\u0142owa wycinaczka do krojenia mi\u0119sa, kie\u0142bas, sa\u0142atek STvega Meat cutter H200 | \u043a\u0443\u043f\u0438\u0442\u0438 \u0437\u0430 \ud83c\udf1f\u0432\u0438\u0433\u0456\u0434\u043d\u043e\u044e \u0446\u0456\u043d\u043e\u044e \u0432 \u043c\u0430\u0433\u0430\u0437\u0438\u043d\u0456 STvega\" \/>\n<meta name=\"robots\" content=\"index, follow, max-snippet:-1, max-image-preview:large, max-video-preview:-1\" \/>\n<link rel=\"canonical\" href=\"https:\/\/stvega.net\/pl\/product\/przemyslowa-wycinaczka-do-krojenia-miesa-kielbas-salatek-stvega-meat-cutter-h200\/\" \/>\n<meta property=\"og:locale\" content=\"pl_PL\" \/>\n<meta property=\"og:type\" content=\"article\" \/>\n<meta property=\"og:title\" content=\"Przemys\u0142owa wycinaczka do krojenia mi\u0119sa, kie\u0142bas, sa\u0142atek STvega Meat cutter H200 \u043a\u0443\u043f\u0438\u0442\u0438 \u0437\u0430 \u0432\u0438\u0433\u0456\u0434\u043d\u043e\u044e \u0446\u0456\u043d\u043e\u044e \u0432 \u043c\u0430\u0433\u0430\u0437\u0438\u043d\u0456 STvega\" \/>\n<meta property=\"og:description\" content=\"Przemys\u0142owa wycinaczka do krojenia mi\u0119sa, kie\u0142bas, sa\u0142atek STvega Meat cutter H200 | \u043a\u0443\u043f\u0438\u0442\u0438 \u0437\u0430 \ud83c\udf1f\u0432\u0438\u0433\u0456\u0434\u043d\u043e\u044e \u0446\u0456\u043d\u043e\u044e \u0432 \u043c\u0430\u0433\u0430\u0437\u0438\u043d\u0456 STvega\" \/>\n<meta property=\"og:url\" content=\"https:\/\/stvega.net\/pl\/product\/przemyslowa-wycinaczka-do-krojenia-miesa-kielbas-salatek-stvega-meat-cutter-h200\/\" \/>\n<meta property=\"og:site_name\" content=\"\u0448\u0438\u0440\u043e\u043a\u0438\u0439 \u0430\u0441\u043e\u0440\u0442\u0438\u043c\u0435\u043d\u0442 \u0445\u0430\u0440\u0447\u043e\u0432\u043e\u0433\u043e \u043f\u0440\u043e\u043c\u0438\u0441\u043b\u043e\u0432\u043e\u0433\u043e \u043e\u0431\u043b\u0430\u0434\u043d\u0430\u043d\u043d\u044f \u0434\u043b\u044f \u043f\u0435\u0440\u0435\u0440\u043e\u0431\u043a\u0438 \u043c\u2019\u044f\u0441\u0430, \u043e\u0432\u043e\u0447\u0456\u0432 \u0456 \u0444\u0440\u0443\u043a\u0442\u0456\u0432\u2b50\u0412\u0438\u0433\u0456\u0434\u043d\u0456 \u0446\u0456\u043d\u0438 \ud83e\uddbe\u0412\u0438\u0440\u043e\u0431\u043d\u0438\u0447\u0456 \u043b\u0456\u043d\u0456\u0457 \u043f\u0456\u0434 \u043a\u043b\u044e\u0447\ud83d\ude9a \u0414\u043e\u0441\u0442\u0430\u0432\u043a\u0430 \ud83d\udee0\u0421\u0435\u0440\u0432\u0456\u0441\" \/>\n<meta property=\"article:publisher\" content=\"https:\/\/www.facebook.com\/share\/9F1B4VxaHAC9E9HB\/?mibextid=qi2Omg\" \/>\n<meta property=\"og:image\" content=\"https:\/\/stvega.net\/wp-content\/uploads\/2025\/11\/kuter-dlya-podribnennya-myasa-kovbasy-salativ-h200-4.png\" \/>\n\t<meta property=\"og:image:width\" content=\"1797\" \/>\n\t<meta property=\"og:image:height\" content=\"668\" \/>\n\t<meta property=\"og:image:type\" content=\"image\/png\" \/>\n<meta name=\"twitter:card\" content=\"summary_large_image\" \/>\n<meta name=\"twitter:label1\" content=\"Szacowany czas czytania\" \/>\n\t<meta name=\"twitter:data1\" content=\"1 minuta\" \/>\n<script type=\"application\/ld+json\" class=\"yoast-schema-graph\">{\"@context\":\"https:\\\/\\\/schema.org\",\"@graph\":[{\"@type\":\"WebPage\",\"@id\":\"https:\\\/\\\/stvega.net\\\/pl\\\/product\\\/przemyslowa-wycinaczka-do-krojenia-miesa-kielbas-salatek-stvega-meat-cutter-h200\\\/\",\"url\":\"https:\\\/\\\/stvega.net\\\/pl\\\/product\\\/przemyslowa-wycinaczka-do-krojenia-miesa-kielbas-salatek-stvega-meat-cutter-h200\\\/\",\"name\":\"Przemys\u0142owa wycinaczka do krojenia mi\u0119sa, kie\u0142bas, sa\u0142atek STvega Meat cutter H200 \u043a\u0443\u043f\u0438\u0442\u0438 \u0437\u0430 \u0432\u0438\u0433\u0456\u0434\u043d\u043e\u044e \u0446\u0456\u043d\u043e\u044e \u0432 \u043c\u0430\u0433\u0430\u0437\u0438\u043d\u0456 STvega\",\"isPartOf\":{\"@id\":\"https:\\\/\\\/stvega.net\\\/pl\\\/#website\"},\"primaryImageOfPage\":{\"@id\":\"https:\\\/\\\/stvega.net\\\/pl\\\/product\\\/przemyslowa-wycinaczka-do-krojenia-miesa-kielbas-salatek-stvega-meat-cutter-h200\\\/#primaryimage\"},\"image\":{\"@id\":\"https:\\\/\\\/stvega.net\\\/pl\\\/product\\\/przemyslowa-wycinaczka-do-krojenia-miesa-kielbas-salatek-stvega-meat-cutter-h200\\\/#primaryimage\"},\"thumbnailUrl\":\"https:\\\/\\\/stvega.net\\\/wp-content\\\/uploads\\\/2025\\\/11\\\/kuter-dlya-podribnennya-myasa-kovbasy-salativ-h200-4.png\",\"datePublished\":\"2025-11-24T08:42:19+00:00\",\"description\":\"Przemys\u0142owa wycinaczka do krojenia mi\u0119sa, kie\u0142bas, sa\u0142atek STvega Meat cutter H200 | \u043a\u0443\u043f\u0438\u0442\u0438 \u0437\u0430 \ud83c\udf1f\u0432\u0438\u0433\u0456\u0434\u043d\u043e\u044e \u0446\u0456\u043d\u043e\u044e \u0432 \u043c\u0430\u0433\u0430\u0437\u0438\u043d\u0456 STvega\",\"breadcrumb\":{\"@id\":\"https:\\\/\\\/stvega.net\\\/pl\\\/product\\\/przemyslowa-wycinaczka-do-krojenia-miesa-kielbas-salatek-stvega-meat-cutter-h200\\\/#breadcrumb\"},\"inLanguage\":\"pl-PL\",\"potentialAction\":[{\"@type\":\"ReadAction\",\"target\":[\"https:\\\/\\\/stvega.net\\\/pl\\\/product\\\/przemyslowa-wycinaczka-do-krojenia-miesa-kielbas-salatek-stvega-meat-cutter-h200\\\/\"]}]},{\"@type\":\"ImageObject\",\"inLanguage\":\"pl-PL\",\"@id\":\"https:\\\/\\\/stvega.net\\\/pl\\\/product\\\/przemyslowa-wycinaczka-do-krojenia-miesa-kielbas-salatek-stvega-meat-cutter-h200\\\/#primaryimage\",\"url\":\"https:\\\/\\\/stvega.net\\\/wp-content\\\/uploads\\\/2025\\\/11\\\/kuter-dlya-podribnennya-myasa-kovbasy-salativ-h200-4.png\",\"contentUrl\":\"https:\\\/\\\/stvega.net\\\/wp-content\\\/uploads\\\/2025\\\/11\\\/kuter-dlya-podribnennya-myasa-kovbasy-salativ-h200-4.png\",\"width\":1797,\"height\":668},{\"@type\":\"BreadcrumbList\",\"@id\":\"https:\\\/\\\/stvega.net\\\/pl\\\/product\\\/przemyslowa-wycinaczka-do-krojenia-miesa-kielbas-salatek-stvega-meat-cutter-h200\\\/#breadcrumb\",\"itemListElement\":[{\"@type\":\"ListItem\",\"position\":1,\"name\":\"Dom\",\"item\":\"https:\\\/\\\/stvega.net\\\/pl\\\/\"},{\"@type\":\"ListItem\",\"position\":2,\"name\":\"Katalog\",\"item\":\"https:\\\/\\\/stvega.net\\\/katalog\\\/\"},{\"@type\":\"ListItem\",\"position\":3,\"name\":\"Przemys\u0142owa wycinaczka do krojenia mi\u0119sa, kie\u0142bas, sa\u0142atek STvega Meat cutter H200\"}]},{\"@type\":\"WebSite\",\"@id\":\"https:\\\/\\\/stvega.net\\\/pl\\\/#website\",\"url\":\"https:\\\/\\\/stvega.net\\\/pl\\\/\",\"name\":\"STvega\",\"description\":\"\u0445\u0430\u0440\u0447\u043e\u0432\u0435 \u043f\u0440\u043e\u043c\u0438\u0441\u043b\u043e\u0432\u0435 \u043e\u0431\u043b\u0430\u0434\u043d\u0430\u043d\u043d\u044f\",\"publisher\":{\"@id\":\"https:\\\/\\\/stvega.net\\\/pl\\\/#organization\"},\"alternateName\":\"STvega - \u043e\u0432\u043e\u0447\u0435\u0440\u0456\u0437\u043a\u0438, \u0448\u043f\u0438\u0433\u043e\u0440\u0456\u0437\u043a\u0438, \u0441\u043b\u0430\u0439\u0441\u0435\u0440\u0438 \u0442\u0430 \u0456\u043d\u0448\u0435 \u0445\u0430\u0440\u0447\u043e\u0432\u0435 \u043e\u0431\u043b\u0430\u0434\u043d\u0430\u043d\u043d\u044f\",\"potentialAction\":[{\"@type\":\"SearchAction\",\"target\":{\"@type\":\"EntryPoint\",\"urlTemplate\":\"https:\\\/\\\/stvega.net\\\/pl\\\/?s={search_term_string}\"},\"query-input\":{\"@type\":\"PropertyValueSpecification\",\"valueRequired\":true,\"valueName\":\"search_term_string\"}}],\"inLanguage\":\"pl-PL\"},{\"@type\":\"Organization\",\"@id\":\"https:\\\/\\\/stvega.net\\\/pl\\\/#organization\",\"name\":\"STvega \u0425\u0410\u0420\u0427\u041e\u0412\u0415 \u041f\u0420\u041e\u041c\u0418\u0421\u041b\u041e\u0412\u0415 \u041e\u0411\u041b\u0410\u0414\u041d\u0410\u041d\u041d\u042f\",\"alternateName\":\"STvega - \u043e\u0432\u043e\u0447\u0435\u0440\u0456\u0437\u043a\u0438, \u0448\u043f\u0438\u0433\u043e\u0440\u0456\u0437\u043a\u0438, \u0441\u043b\u0430\u0439\u0441\u0435\u0440\u0438 \u0442\u0430 \u0456\u043d\u0448\u0435 \u0445\u0430\u0440\u0447\u043e\u0432\u0435 \u043e\u0431\u043b\u0430\u0434\u043d\u0430\u043d\u043d\u044f\",\"url\":\"https:\\\/\\\/stvega.net\\\/pl\\\/\",\"logo\":{\"@type\":\"ImageObject\",\"inLanguage\":\"pl-PL\",\"@id\":\"https:\\\/\\\/stvega.net\\\/pl\\\/#\\\/schema\\\/logo\\\/image\\\/\",\"url\":\"https:\\\/\\\/stvega.net\\\/wp-content\\\/uploads\\\/2024\\\/03\\\/dyzajn-bez-nazvanyya-1.png\",\"contentUrl\":\"https:\\\/\\\/stvega.net\\\/wp-content\\\/uploads\\\/2024\\\/03\\\/dyzajn-bez-nazvanyya-1.png\",\"width\":180,\"height\":180,\"caption\":\"STvega \u0425\u0410\u0420\u0427\u041e\u0412\u0415 \u041f\u0420\u041e\u041c\u0418\u0421\u041b\u041e\u0412\u0415 \u041e\u0411\u041b\u0410\u0414\u041d\u0410\u041d\u041d\u042f\"},\"image\":{\"@id\":\"https:\\\/\\\/stvega.net\\\/pl\\\/#\\\/schema\\\/logo\\\/image\\\/\"},\"sameAs\":[\"https:\\\/\\\/www.facebook.com\\\/share\\\/9F1B4VxaHAC9E9HB\\\/?mibextid=qi2Omg\"]}]}<\/script>\n<!-- \/ Yoast SEO plugin. -->","yoast_head_json":{"title":"Przemys\u0142owa wycinaczka do krojenia mi\u0119sa, kie\u0142bas, sa\u0142atek STvega Meat cutter H200 \u043a\u0443\u043f\u0438\u0442\u0438 \u0437\u0430 \u0432\u0438\u0433\u0456\u0434\u043d\u043e\u044e \u0446\u0456\u043d\u043e\u044e \u0432 \u043c\u0430\u0433\u0430\u0437\u0438\u043d\u0456 STvega","description":"Przemys\u0142owa wycinaczka do krojenia mi\u0119sa, kie\u0142bas, sa\u0142atek STvega Meat cutter H200 | \u043a\u0443\u043f\u0438\u0442\u0438 \u0437\u0430 \ud83c\udf1f\u0432\u0438\u0433\u0456\u0434\u043d\u043e\u044e \u0446\u0456\u043d\u043e\u044e \u0432 \u043c\u0430\u0433\u0430\u0437\u0438\u043d\u0456 STvega","robots":{"index":"index","follow":"follow","max-snippet":"max-snippet:-1","max-image-preview":"max-image-preview:large","max-video-preview":"max-video-preview:-1"},"canonical":"https:\/\/stvega.net\/pl\/product\/przemyslowa-wycinaczka-do-krojenia-miesa-kielbas-salatek-stvega-meat-cutter-h200\/","og_locale":"pl_PL","og_type":"article","og_title":"Przemys\u0142owa wycinaczka do krojenia mi\u0119sa, kie\u0142bas, sa\u0142atek STvega Meat cutter H200 \u043a\u0443\u043f\u0438\u0442\u0438 \u0437\u0430 \u0432\u0438\u0433\u0456\u0434\u043d\u043e\u044e \u0446\u0456\u043d\u043e\u044e \u0432 \u043c\u0430\u0433\u0430\u0437\u0438\u043d\u0456 STvega","og_description":"Przemys\u0142owa wycinaczka do krojenia mi\u0119sa, kie\u0142bas, sa\u0142atek STvega Meat cutter H200 | \u043a\u0443\u043f\u0438\u0442\u0438 \u0437\u0430 \ud83c\udf1f\u0432\u0438\u0433\u0456\u0434\u043d\u043e\u044e \u0446\u0456\u043d\u043e\u044e \u0432 \u043c\u0430\u0433\u0430\u0437\u0438\u043d\u0456 STvega","og_url":"https:\/\/stvega.net\/pl\/product\/przemyslowa-wycinaczka-do-krojenia-miesa-kielbas-salatek-stvega-meat-cutter-h200\/","og_site_name":"\u0448\u0438\u0440\u043e\u043a\u0438\u0439 \u0430\u0441\u043e\u0440\u0442\u0438\u043c\u0435\u043d\u0442 \u0445\u0430\u0440\u0447\u043e\u0432\u043e\u0433\u043e \u043f\u0440\u043e\u043c\u0438\u0441\u043b\u043e\u0432\u043e\u0433\u043e \u043e\u0431\u043b\u0430\u0434\u043d\u0430\u043d\u043d\u044f \u0434\u043b\u044f \u043f\u0435\u0440\u0435\u0440\u043e\u0431\u043a\u0438 \u043c\u2019\u044f\u0441\u0430, \u043e\u0432\u043e\u0447\u0456\u0432 \u0456 \u0444\u0440\u0443\u043a\u0442\u0456\u0432\u2b50\u0412\u0438\u0433\u0456\u0434\u043d\u0456 \u0446\u0456\u043d\u0438 \ud83e\uddbe\u0412\u0438\u0440\u043e\u0431\u043d\u0438\u0447\u0456 \u043b\u0456\u043d\u0456\u0457 \u043f\u0456\u0434 \u043a\u043b\u044e\u0447\ud83d\ude9a \u0414\u043e\u0441\u0442\u0430\u0432\u043a\u0430 \ud83d\udee0\u0421\u0435\u0440\u0432\u0456\u0441","article_publisher":"https:\/\/www.facebook.com\/share\/9F1B4VxaHAC9E9HB\/?mibextid=qi2Omg","og_image":[{"width":1797,"height":668,"url":"https:\/\/stvega.net\/wp-content\/uploads\/2025\/11\/kuter-dlya-podribnennya-myasa-kovbasy-salativ-h200-4.png","type":"image\/png"}],"twitter_card":"summary_large_image","twitter_misc":{"Szacowany czas czytania":"1 minuta"},"schema":{"@context":"https:\/\/schema.org","@graph":[{"@type":"WebPage","@id":"https:\/\/stvega.net\/pl\/product\/przemyslowa-wycinaczka-do-krojenia-miesa-kielbas-salatek-stvega-meat-cutter-h200\/","url":"https:\/\/stvega.net\/pl\/product\/przemyslowa-wycinaczka-do-krojenia-miesa-kielbas-salatek-stvega-meat-cutter-h200\/","name":"Przemys\u0142owa wycinaczka do krojenia mi\u0119sa, kie\u0142bas, sa\u0142atek STvega Meat cutter H200 \u043a\u0443\u043f\u0438\u0442\u0438 \u0437\u0430 \u0432\u0438\u0433\u0456\u0434\u043d\u043e\u044e \u0446\u0456\u043d\u043e\u044e \u0432 \u043c\u0430\u0433\u0430\u0437\u0438\u043d\u0456 STvega","isPartOf":{"@id":"https:\/\/stvega.net\/pl\/#website"},"primaryImageOfPage":{"@id":"https:\/\/stvega.net\/pl\/product\/przemyslowa-wycinaczka-do-krojenia-miesa-kielbas-salatek-stvega-meat-cutter-h200\/#primaryimage"},"image":{"@id":"https:\/\/stvega.net\/pl\/product\/przemyslowa-wycinaczka-do-krojenia-miesa-kielbas-salatek-stvega-meat-cutter-h200\/#primaryimage"},"thumbnailUrl":"https:\/\/stvega.net\/wp-content\/uploads\/2025\/11\/kuter-dlya-podribnennya-myasa-kovbasy-salativ-h200-4.png","datePublished":"2025-11-24T08:42:19+00:00","description":"Przemys\u0142owa wycinaczka do krojenia mi\u0119sa, kie\u0142bas, sa\u0142atek STvega Meat cutter H200 | \u043a\u0443\u043f\u0438\u0442\u0438 \u0437\u0430 \ud83c\udf1f\u0432\u0438\u0433\u0456\u0434\u043d\u043e\u044e \u0446\u0456\u043d\u043e\u044e \u0432 \u043c\u0430\u0433\u0430\u0437\u0438\u043d\u0456 STvega","breadcrumb":{"@id":"https:\/\/stvega.net\/pl\/product\/przemyslowa-wycinaczka-do-krojenia-miesa-kielbas-salatek-stvega-meat-cutter-h200\/#breadcrumb"},"inLanguage":"pl-PL","potentialAction":[{"@type":"ReadAction","target":["https:\/\/stvega.net\/pl\/product\/przemyslowa-wycinaczka-do-krojenia-miesa-kielbas-salatek-stvega-meat-cutter-h200\/"]}]},{"@type":"ImageObject","inLanguage":"pl-PL","@id":"https:\/\/stvega.net\/pl\/product\/przemyslowa-wycinaczka-do-krojenia-miesa-kielbas-salatek-stvega-meat-cutter-h200\/#primaryimage","url":"https:\/\/stvega.net\/wp-content\/uploads\/2025\/11\/kuter-dlya-podribnennya-myasa-kovbasy-salativ-h200-4.png","contentUrl":"https:\/\/stvega.net\/wp-content\/uploads\/2025\/11\/kuter-dlya-podribnennya-myasa-kovbasy-salativ-h200-4.png","width":1797,"height":668},{"@type":"BreadcrumbList","@id":"https:\/\/stvega.net\/pl\/product\/przemyslowa-wycinaczka-do-krojenia-miesa-kielbas-salatek-stvega-meat-cutter-h200\/#breadcrumb","itemListElement":[{"@type":"ListItem","position":1,"name":"Dom","item":"https:\/\/stvega.net\/pl\/"},{"@type":"ListItem","position":2,"name":"Katalog","item":"https:\/\/stvega.net\/katalog\/"},{"@type":"ListItem","position":3,"name":"Przemys\u0142owa wycinaczka do krojenia mi\u0119sa, kie\u0142bas, sa\u0142atek STvega Meat cutter H200"}]},{"@type":"WebSite","@id":"https:\/\/stvega.net\/pl\/#website","url":"https:\/\/stvega.net\/pl\/","name":"STvega","description":"\u0445\u0430\u0440\u0447\u043e\u0432\u0435 \u043f\u0440\u043e\u043c\u0438\u0441\u043b\u043e\u0432\u0435 \u043e\u0431\u043b\u0430\u0434\u043d\u0430\u043d\u043d\u044f","publisher":{"@id":"https:\/\/stvega.net\/pl\/#organization"},"alternateName":"STvega - \u043e\u0432\u043e\u0447\u0435\u0440\u0456\u0437\u043a\u0438, \u0448\u043f\u0438\u0433\u043e\u0440\u0456\u0437\u043a\u0438, \u0441\u043b\u0430\u0439\u0441\u0435\u0440\u0438 \u0442\u0430 \u0456\u043d\u0448\u0435 \u0445\u0430\u0440\u0447\u043e\u0432\u0435 \u043e\u0431\u043b\u0430\u0434\u043d\u0430\u043d\u043d\u044f","potentialAction":[{"@type":"SearchAction","target":{"@type":"EntryPoint","urlTemplate":"https:\/\/stvega.net\/pl\/?s={search_term_string}"},"query-input":{"@type":"PropertyValueSpecification","valueRequired":true,"valueName":"search_term_string"}}],"inLanguage":"pl-PL"},{"@type":"Organization","@id":"https:\/\/stvega.net\/pl\/#organization","name":"STvega \u0425\u0410\u0420\u0427\u041e\u0412\u0415 \u041f\u0420\u041e\u041c\u0418\u0421\u041b\u041e\u0412\u0415 \u041e\u0411\u041b\u0410\u0414\u041d\u0410\u041d\u041d\u042f","alternateName":"STvega - \u043e\u0432\u043e\u0447\u0435\u0440\u0456\u0437\u043a\u0438, \u0448\u043f\u0438\u0433\u043e\u0440\u0456\u0437\u043a\u0438, \u0441\u043b\u0430\u0439\u0441\u0435\u0440\u0438 \u0442\u0430 \u0456\u043d\u0448\u0435 \u0445\u0430\u0440\u0447\u043e\u0432\u0435 \u043e\u0431\u043b\u0430\u0434\u043d\u0430\u043d\u043d\u044f","url":"https:\/\/stvega.net\/pl\/","logo":{"@type":"ImageObject","inLanguage":"pl-PL","@id":"https:\/\/stvega.net\/pl\/#\/schema\/logo\/image\/","url":"https:\/\/stvega.net\/wp-content\/uploads\/2024\/03\/dyzajn-bez-nazvanyya-1.png","contentUrl":"https:\/\/stvega.net\/wp-content\/uploads\/2024\/03\/dyzajn-bez-nazvanyya-1.png","width":180,"height":180,"caption":"STvega \u0425\u0410\u0420\u0427\u041e\u0412\u0415 \u041f\u0420\u041e\u041c\u0418\u0421\u041b\u041e\u0412\u0415 \u041e\u0411\u041b\u0410\u0414\u041d\u0410\u041d\u041d\u042f"},"image":{"@id":"https:\/\/stvega.net\/pl\/#\/schema\/logo\/image\/"},"sameAs":["https:\/\/www.facebook.com\/share\/9F1B4VxaHAC9E9HB\/?mibextid=qi2Omg"]}]}},"_links":{"self":[{"href":"https:\/\/stvega.net\/pl\/wp-json\/wp\/v2\/product\/10818","targetHints":{"allow":["GET"]}}],"collection":[{"href":"https:\/\/stvega.net\/pl\/wp-json\/wp\/v2\/product"}],"about":[{"href":"https:\/\/stvega.net\/pl\/wp-json\/wp\/v2\/types\/product"}],"replies":[{"embeddable":true,"href":"https:\/\/stvega.net\/pl\/wp-json\/wp\/v2\/comments?post=10818"}],"wp:featuredmedia":[{"embeddable":true,"href":"https:\/\/stvega.net\/pl\/wp-json\/wp\/v2\/media\/10823"}],"wp:attachment":[{"href":"https:\/\/stvega.net\/pl\/wp-json\/wp\/v2\/media?parent=10818"}],"wp:term":[{"taxonomy":"product_brand","embeddable":true,"href":"https:\/\/stvega.net\/pl\/wp-json\/wp\/v2\/product_brand?post=10818"},{"taxonomy":"product_cat","embeddable":true,"href":"https:\/\/stvega.net\/pl\/wp-json\/wp\/v2\/product_cat?post=10818"},{"taxonomy":"product_tag","embeddable":true,"href":"https:\/\/stvega.net\/pl\/wp-json\/wp\/v2\/product_tag?post=10818"}],"curies":[{"name":"wp","href":"https:\/\/api.w.org\/{rel}","templated":true}]}}