{"id":10814,"date":"2025-11-21T14:07:16","date_gmt":"2025-11-21T11:07:16","guid":{"rendered":"https:\/\/stvega.net\/product\/przemyslowa-wycinaczka-do-krojenia-miesa-kielbasek-salatek-stvega-meat-cutter-h125\/"},"modified":"2025-11-21T14:07:16","modified_gmt":"2025-11-21T11:07:16","slug":"przemyslowa-wycinaczka-do-krojenia-miesa-kielbasek-salatek-stvega-meat-cutter-h125","status":"publish","type":"product","link":"https:\/\/stvega.net\/pl\/product\/przemyslowa-wycinaczka-do-krojenia-miesa-kielbasek-salatek-stvega-meat-cutter-h125\/","title":{"rendered":"Przemys\u0142owa wycinaczka do krojenia mi\u0119sa, kie\u0142basek, sa\u0142atek STvega Meat Cutter H125"},"content":{"rendered":"<p><b> STvega Meat Cutter H125<\/b> <span style=\"font-weight: 400;\">to<\/span> <span style=\"font-weight: 400;\"> szybki, profesjonalny sprz\u0119t specjalnie zoptymalizowany do tworzenia idealnych emulsji i drobnego mielenia surowc\u00f3w mi\u0119sa lub ro\u015blin (np. produkt\u00f3w sojowych). automatyczne roz\u0142adunki gotowego produktu.<\/span><\/p>\n<p><b>Zasada dzia\u0142ania<\/b><b>:<\/b><\/p>\n<p><span style=\"font-weight: 400;\">Przygotowane surowce s\u0105 \u0142adowane przez operatora bezpo\u015brednio do miski o pojemno\u015bci 125 litr\u00f3w. Specjalnie zaprojektowane no\u017ce o z\u0142o\u017conej krzywi\u017anie miel\u0105 produkt z du\u017c\u0105 pr\u0119dko\u015bci\u0105, a dodatkowe p\u0142ytki prowadz\u0105ce na pokrywce automatycznie zbieraj\u0105 mas\u0119 w centrum misy dla r\u00f3wnomiernego przetwarzania. Ca\u0142y proces jest sterowany przez zdaln\u0105 jednostk\u0119 elektryczn\u0105, kt\u00f3ra pozwala p\u0142ynnie regulowa\u0107 pr\u0119dko\u015b\u0107. Na ko\u0144cu cyklu operator aktywuje system wy\u0142adowania, a specjalny dysk obrotowy szybko przesuwa gotow\u0105 mas\u0119 do pojemnika.   <\/span><\/p>\n<p><b>Zalety sprz\u0119tu:<\/b><\/p>\n<ul>\n<li style=\"font-weight: 400;\" aria-level=\"1\"><span style=\"font-weight: 400;\">Wysoka pr\u0119dko\u015b\u0107 obrotu trzonu no\u017ca do 4500 obr.\/min gwarantuje doskona\u0142y efekt emulgacji i pozwala uzyska\u0107 niezwykle delikatn\u0105 struktur\u0119 mielonego mi\u0119sa.<\/span><\/li>\n<li style=\"font-weight: 400;\" aria-level=\"1\"><span style=\"font-weight: 400;\">Specjalna geometria no\u017cy o indywidualnym kszta\u0142cie zapewnia lepsz\u0105 przyczepno\u015b\u0107 produktu i efektywne rozk\u0142adanie tkanek surowc\u00f3w bez zb\u0119dnego tarcia.<\/span><\/li>\n<li style=\"font-weight: 400;\" aria-level=\"1\"><span style=\"font-weight: 400;\">Sze\u015bciowarstwowy system hydroizolacji wa\u0142ka no\u017ca niezawodnie chroni wysokiej klasy \u0142o\u017cyska szwedzkie SKF przed wilgoci\u0105 i agresywnymi warunkami atmosferycznymi.<\/span><\/li>\n<li style=\"font-weight: 400;\" aria-level=\"1\"><span style=\"font-weight: 400;\">Dwupoziomowy system blokowania wyciek\u00f3w materia\u0142\u00f3w na wa\u0142ku i pokrywie zapobiega utracie produktu i znacznie upraszcza proces dezynfekcji maszyny.<\/span><\/li>\n<li style=\"font-weight: 400;\" aria-level=\"1\"><span style=\"font-weight: 400;\">Minimalna technologiczna r\u00f3\u017cnica mi\u0119dzy no\u017cami a mis\u0105 (mniej ni\u017c 1,5 mm) zapewnia pe\u0142ne przetwarzanie ca\u0142ej obj\u0119to\u015bci surowc\u00f3w bez powstawania osad\u00f3w na dnie.<\/span><\/li>\n<li style=\"font-weight: 400;\" aria-level=\"1\"><span style=\"font-weight: 400;\">Jednostka zdalnego sterowania z komponentami Schneider Electric posiada zwi\u0119kszony poziom ochrony przed wilgoci\u0105, co gwarantuje stabiln\u0105 prac\u0119 automatyzacji w zak\u0142adzie przetw\u00f3rstwa mi\u0119sa.<\/span><\/li>\n<li style=\"font-weight: 400;\" aria-level=\"1\"><span style=\"font-weight: 400;\">Mocna rama i masywne, antypo\u015blizgowe podpory zapewniaj\u0105 wyj\u0105tkow\u0105 stabilno\u015b\u0107 sprz\u0119tu oraz brak drga\u0144 nawet przy maksymalnej pr\u0119dko\u015bci.<\/span><\/li>\n<li style=\"font-weight: 400;\" aria-level=\"1\"><span style=\"font-weight: 400;\">Zastosowanie nierdzewnej stali nierdzewnej 304 oraz rur \u0142\u0105cz\u0105cych ze stali 316 gwarantuje trwa\u0142o\u015b\u0107 maszyny podczas pracy z surowcami o silnych w\u0142a\u015bciwo\u015bciach.<\/span><\/li>\n<\/ul>\n","protected":false},"excerpt":{"rendered":"<p><strong>STvega Meat Cutter H125<\/strong> zosta\u0142 zaprojektowany do bardzo wydajnego mielenia, mieszania i emulgacji produkt\u00f3w mi\u0119snych i warzywnych.<\/p>\n<p><strong>Specyfikacje:<\/strong><\/p>\n<p>[table id=&#8221;386&#8243; \/]<\/p>\n<p><span style=\"color: #0000ff;\"><strong>Unikalno\u015b\u0107 maszyny: <\/strong>Specjalny system blokowania podw\u00f3jnego materia\u0142u zapobiega wyciekowi masy z bok\u00f3w i z ty\u0142u, upraszczaj\u0105c czyszczenie i zmniejszaj\u0105c straty produktu.<\/span><\/p>\n","protected":false},"featured_media":10815,"comment_status":"open","ping_status":"closed","template":"","meta":{"_acf_changed":false,"inline_featured_image":false},"product_brand":[],"product_cat":[3453,3664,3647,3418],"product_tag":[4397,4411,4406,4394,4412,4416,4393,4408,4399,4402,4419,4404,4400,3815,4414],"class_list":{"0":"post-10814","1":"product","2":"type-product","3":"status-publish","4":"has-post-thumbnail","6":"product_cat-krojenie-i-siekanie","7":"product_cat-kutry","8":"product_cat-mielenie-miesa","9":"product_cat-mieso","10":"product_tag-cutter-do-miesa-mielonego","11":"product_tag-cutter-do-produkcji-kielbasy","12":"product_tag-cutter-do-warzyw-i-miesa","13":"product_tag-cutter-miesa","14":"product_tag-cutter-z-miska","15":"product_tag-frez-o-zmiennej-predkosci","16":"product_tag-maszyna-do-miesa","17":"product_tag-mikser-do-miesa-mielonego","18":"product_tag-przemysl-miesny","19":"product_tag-przemyslowa-maszynka-do-miesa","20":"product_tag-przemyslowy-cutter","21":"product_tag-przemyslowy-wycinacz-miesa-mielonego","22":"product_tag-siekacz-miesa","23":"product_tag-sprzet-do-przetworstwa-miesa","24":"product_tag-wycinarka-do-nadziei","26":"first","27":"instock","28":"shipping-taxable","29":"product-type-simple"},"acf":[],"yoast_head":"<!-- This site is optimized with the Yoast SEO plugin v27.5 - https:\/\/yoast.com\/product\/yoast-seo-wordpress\/ -->\n<title>Przemys\u0142owa wycinaczka do krojenia mi\u0119sa, kie\u0142basek, sa\u0142atek STvega Meat Cutter H125 \u043a\u0443\u043f\u0438\u0442\u0438 \u0437\u0430 \u0432\u0438\u0433\u0456\u0434\u043d\u043e\u044e \u0446\u0456\u043d\u043e\u044e \u0432 \u043c\u0430\u0433\u0430\u0437\u0438\u043d\u0456 STvega<\/title>\n<meta name=\"description\" content=\"Przemys\u0142owa wycinaczka do krojenia mi\u0119sa, kie\u0142basek, sa\u0142atek STvega Meat Cutter H125 | \u043a\u0443\u043f\u0438\u0442\u0438 \u0437\u0430 \ud83c\udf1f\u0432\u0438\u0433\u0456\u0434\u043d\u043e\u044e \u0446\u0456\u043d\u043e\u044e \u0432 \u043c\u0430\u0433\u0430\u0437\u0438\u043d\u0456 STvega\" \/>\n<meta name=\"robots\" content=\"index, follow, max-snippet:-1, max-image-preview:large, max-video-preview:-1\" \/>\n<link rel=\"canonical\" href=\"https:\/\/stvega.net\/pl\/product\/przemyslowa-wycinaczka-do-krojenia-miesa-kielbasek-salatek-stvega-meat-cutter-h125\/\" \/>\n<meta property=\"og:locale\" content=\"pl_PL\" \/>\n<meta property=\"og:type\" content=\"article\" \/>\n<meta property=\"og:title\" content=\"Przemys\u0142owa wycinaczka do krojenia mi\u0119sa, kie\u0142basek, sa\u0142atek STvega Meat Cutter H125 \u043a\u0443\u043f\u0438\u0442\u0438 \u0437\u0430 \u0432\u0438\u0433\u0456\u0434\u043d\u043e\u044e \u0446\u0456\u043d\u043e\u044e \u0432 \u043c\u0430\u0433\u0430\u0437\u0438\u043d\u0456 STvega\" \/>\n<meta property=\"og:description\" content=\"Przemys\u0142owa wycinaczka do krojenia mi\u0119sa, kie\u0142basek, sa\u0142atek STvega Meat Cutter H125 | \u043a\u0443\u043f\u0438\u0442\u0438 \u0437\u0430 \ud83c\udf1f\u0432\u0438\u0433\u0456\u0434\u043d\u043e\u044e \u0446\u0456\u043d\u043e\u044e \u0432 \u043c\u0430\u0433\u0430\u0437\u0438\u043d\u0456 STvega\" \/>\n<meta property=\"og:url\" content=\"https:\/\/stvega.net\/pl\/product\/przemyslowa-wycinaczka-do-krojenia-miesa-kielbasek-salatek-stvega-meat-cutter-h125\/\" \/>\n<meta property=\"og:site_name\" content=\"\u0448\u0438\u0440\u043e\u043a\u0438\u0439 \u0430\u0441\u043e\u0440\u0442\u0438\u043c\u0435\u043d\u0442 \u0445\u0430\u0440\u0447\u043e\u0432\u043e\u0433\u043e \u043f\u0440\u043e\u043c\u0438\u0441\u043b\u043e\u0432\u043e\u0433\u043e \u043e\u0431\u043b\u0430\u0434\u043d\u0430\u043d\u043d\u044f \u0434\u043b\u044f \u043f\u0435\u0440\u0435\u0440\u043e\u0431\u043a\u0438 \u043c\u2019\u044f\u0441\u0430, \u043e\u0432\u043e\u0447\u0456\u0432 \u0456 \u0444\u0440\u0443\u043a\u0442\u0456\u0432\u2b50\u0412\u0438\u0433\u0456\u0434\u043d\u0456 \u0446\u0456\u043d\u0438 \ud83e\uddbe\u0412\u0438\u0440\u043e\u0431\u043d\u0438\u0447\u0456 \u043b\u0456\u043d\u0456\u0457 \u043f\u0456\u0434 \u043a\u043b\u044e\u0447\ud83d\ude9a \u0414\u043e\u0441\u0442\u0430\u0432\u043a\u0430 \ud83d\udee0\u0421\u0435\u0440\u0432\u0456\u0441\" \/>\n<meta property=\"article:publisher\" content=\"https:\/\/www.facebook.com\/share\/9F1B4VxaHAC9E9HB\/?mibextid=qi2Omg\" \/>\n<meta property=\"og:image\" content=\"https:\/\/stvega.net\/wp-content\/uploads\/2025\/11\/kuter-dlya-podribnennya-myasa-kovbasy-salativ-stvega-meat-cutter-4.png\" \/>\n\t<meta property=\"og:image:width\" content=\"4249\" \/>\n\t<meta property=\"og:image:height\" content=\"1851\" \/>\n\t<meta property=\"og:image:type\" content=\"image\/png\" \/>\n<meta name=\"twitter:card\" content=\"summary_large_image\" \/>\n<meta name=\"twitter:label1\" content=\"Szacowany czas czytania\" \/>\n\t<meta name=\"twitter:data1\" content=\"2 minuty\" \/>\n<script type=\"application\/ld+json\" class=\"yoast-schema-graph\">{\"@context\":\"https:\\\/\\\/schema.org\",\"@graph\":[{\"@type\":\"WebPage\",\"@id\":\"https:\\\/\\\/stvega.net\\\/pl\\\/product\\\/przemyslowa-wycinaczka-do-krojenia-miesa-kielbasek-salatek-stvega-meat-cutter-h125\\\/\",\"url\":\"https:\\\/\\\/stvega.net\\\/pl\\\/product\\\/przemyslowa-wycinaczka-do-krojenia-miesa-kielbasek-salatek-stvega-meat-cutter-h125\\\/\",\"name\":\"Przemys\u0142owa wycinaczka do krojenia mi\u0119sa, kie\u0142basek, sa\u0142atek STvega Meat Cutter H125 \u043a\u0443\u043f\u0438\u0442\u0438 \u0437\u0430 \u0432\u0438\u0433\u0456\u0434\u043d\u043e\u044e \u0446\u0456\u043d\u043e\u044e \u0432 \u043c\u0430\u0433\u0430\u0437\u0438\u043d\u0456 STvega\",\"isPartOf\":{\"@id\":\"https:\\\/\\\/stvega.net\\\/pl\\\/#website\"},\"primaryImageOfPage\":{\"@id\":\"https:\\\/\\\/stvega.net\\\/pl\\\/product\\\/przemyslowa-wycinaczka-do-krojenia-miesa-kielbasek-salatek-stvega-meat-cutter-h125\\\/#primaryimage\"},\"image\":{\"@id\":\"https:\\\/\\\/stvega.net\\\/pl\\\/product\\\/przemyslowa-wycinaczka-do-krojenia-miesa-kielbasek-salatek-stvega-meat-cutter-h125\\\/#primaryimage\"},\"thumbnailUrl\":\"https:\\\/\\\/stvega.net\\\/wp-content\\\/uploads\\\/2025\\\/11\\\/kuter-dlya-podribnennya-myasa-kovbasy-salativ-stvega-meat-cutter-4.png\",\"datePublished\":\"2025-11-21T11:07:16+00:00\",\"description\":\"Przemys\u0142owa wycinaczka do krojenia mi\u0119sa, kie\u0142basek, sa\u0142atek STvega Meat Cutter H125 | \u043a\u0443\u043f\u0438\u0442\u0438 \u0437\u0430 \ud83c\udf1f\u0432\u0438\u0433\u0456\u0434\u043d\u043e\u044e \u0446\u0456\u043d\u043e\u044e \u0432 \u043c\u0430\u0433\u0430\u0437\u0438\u043d\u0456 STvega\",\"breadcrumb\":{\"@id\":\"https:\\\/\\\/stvega.net\\\/pl\\\/product\\\/przemyslowa-wycinaczka-do-krojenia-miesa-kielbasek-salatek-stvega-meat-cutter-h125\\\/#breadcrumb\"},\"inLanguage\":\"pl-PL\",\"potentialAction\":[{\"@type\":\"ReadAction\",\"target\":[\"https:\\\/\\\/stvega.net\\\/pl\\\/product\\\/przemyslowa-wycinaczka-do-krojenia-miesa-kielbasek-salatek-stvega-meat-cutter-h125\\\/\"]}]},{\"@type\":\"ImageObject\",\"inLanguage\":\"pl-PL\",\"@id\":\"https:\\\/\\\/stvega.net\\\/pl\\\/product\\\/przemyslowa-wycinaczka-do-krojenia-miesa-kielbasek-salatek-stvega-meat-cutter-h125\\\/#primaryimage\",\"url\":\"https:\\\/\\\/stvega.net\\\/wp-content\\\/uploads\\\/2025\\\/11\\\/kuter-dlya-podribnennya-myasa-kovbasy-salativ-stvega-meat-cutter-4.png\",\"contentUrl\":\"https:\\\/\\\/stvega.net\\\/wp-content\\\/uploads\\\/2025\\\/11\\\/kuter-dlya-podribnennya-myasa-kovbasy-salativ-stvega-meat-cutter-4.png\",\"width\":4249,\"height\":1851},{\"@type\":\"BreadcrumbList\",\"@id\":\"https:\\\/\\\/stvega.net\\\/pl\\\/product\\\/przemyslowa-wycinaczka-do-krojenia-miesa-kielbasek-salatek-stvega-meat-cutter-h125\\\/#breadcrumb\",\"itemListElement\":[{\"@type\":\"ListItem\",\"position\":1,\"name\":\"Dom\",\"item\":\"https:\\\/\\\/stvega.net\\\/pl\\\/\"},{\"@type\":\"ListItem\",\"position\":2,\"name\":\"Katalog\",\"item\":\"https:\\\/\\\/stvega.net\\\/katalog\\\/\"},{\"@type\":\"ListItem\",\"position\":3,\"name\":\"Przemys\u0142owa wycinaczka do krojenia mi\u0119sa, kie\u0142basek, sa\u0142atek STvega Meat Cutter H125\"}]},{\"@type\":\"WebSite\",\"@id\":\"https:\\\/\\\/stvega.net\\\/pl\\\/#website\",\"url\":\"https:\\\/\\\/stvega.net\\\/pl\\\/\",\"name\":\"STvega\",\"description\":\"\u0445\u0430\u0440\u0447\u043e\u0432\u0435 \u043f\u0440\u043e\u043c\u0438\u0441\u043b\u043e\u0432\u0435 \u043e\u0431\u043b\u0430\u0434\u043d\u0430\u043d\u043d\u044f\",\"publisher\":{\"@id\":\"https:\\\/\\\/stvega.net\\\/pl\\\/#organization\"},\"alternateName\":\"STvega - \u043e\u0432\u043e\u0447\u0435\u0440\u0456\u0437\u043a\u0438, \u0448\u043f\u0438\u0433\u043e\u0440\u0456\u0437\u043a\u0438, \u0441\u043b\u0430\u0439\u0441\u0435\u0440\u0438 \u0442\u0430 \u0456\u043d\u0448\u0435 \u0445\u0430\u0440\u0447\u043e\u0432\u0435 \u043e\u0431\u043b\u0430\u0434\u043d\u0430\u043d\u043d\u044f\",\"potentialAction\":[{\"@type\":\"SearchAction\",\"target\":{\"@type\":\"EntryPoint\",\"urlTemplate\":\"https:\\\/\\\/stvega.net\\\/pl\\\/?s={search_term_string}\"},\"query-input\":{\"@type\":\"PropertyValueSpecification\",\"valueRequired\":true,\"valueName\":\"search_term_string\"}}],\"inLanguage\":\"pl-PL\"},{\"@type\":\"Organization\",\"@id\":\"https:\\\/\\\/stvega.net\\\/pl\\\/#organization\",\"name\":\"STvega \u0425\u0410\u0420\u0427\u041e\u0412\u0415 \u041f\u0420\u041e\u041c\u0418\u0421\u041b\u041e\u0412\u0415 \u041e\u0411\u041b\u0410\u0414\u041d\u0410\u041d\u041d\u042f\",\"alternateName\":\"STvega - \u043e\u0432\u043e\u0447\u0435\u0440\u0456\u0437\u043a\u0438, \u0448\u043f\u0438\u0433\u043e\u0440\u0456\u0437\u043a\u0438, \u0441\u043b\u0430\u0439\u0441\u0435\u0440\u0438 \u0442\u0430 \u0456\u043d\u0448\u0435 \u0445\u0430\u0440\u0447\u043e\u0432\u0435 \u043e\u0431\u043b\u0430\u0434\u043d\u0430\u043d\u043d\u044f\",\"url\":\"https:\\\/\\\/stvega.net\\\/pl\\\/\",\"logo\":{\"@type\":\"ImageObject\",\"inLanguage\":\"pl-PL\",\"@id\":\"https:\\\/\\\/stvega.net\\\/pl\\\/#\\\/schema\\\/logo\\\/image\\\/\",\"url\":\"https:\\\/\\\/stvega.net\\\/wp-content\\\/uploads\\\/2024\\\/03\\\/dyzajn-bez-nazvanyya-1.png\",\"contentUrl\":\"https:\\\/\\\/stvega.net\\\/wp-content\\\/uploads\\\/2024\\\/03\\\/dyzajn-bez-nazvanyya-1.png\",\"width\":180,\"height\":180,\"caption\":\"STvega \u0425\u0410\u0420\u0427\u041e\u0412\u0415 \u041f\u0420\u041e\u041c\u0418\u0421\u041b\u041e\u0412\u0415 \u041e\u0411\u041b\u0410\u0414\u041d\u0410\u041d\u041d\u042f\"},\"image\":{\"@id\":\"https:\\\/\\\/stvega.net\\\/pl\\\/#\\\/schema\\\/logo\\\/image\\\/\"},\"sameAs\":[\"https:\\\/\\\/www.facebook.com\\\/share\\\/9F1B4VxaHAC9E9HB\\\/?mibextid=qi2Omg\"]}]}<\/script>\n<!-- \/ Yoast SEO plugin. -->","yoast_head_json":{"title":"Przemys\u0142owa wycinaczka do krojenia mi\u0119sa, kie\u0142basek, sa\u0142atek STvega Meat Cutter H125 \u043a\u0443\u043f\u0438\u0442\u0438 \u0437\u0430 \u0432\u0438\u0433\u0456\u0434\u043d\u043e\u044e \u0446\u0456\u043d\u043e\u044e \u0432 \u043c\u0430\u0433\u0430\u0437\u0438\u043d\u0456 STvega","description":"Przemys\u0142owa wycinaczka do krojenia mi\u0119sa, kie\u0142basek, sa\u0142atek STvega Meat Cutter H125 | \u043a\u0443\u043f\u0438\u0442\u0438 \u0437\u0430 \ud83c\udf1f\u0432\u0438\u0433\u0456\u0434\u043d\u043e\u044e \u0446\u0456\u043d\u043e\u044e \u0432 \u043c\u0430\u0433\u0430\u0437\u0438\u043d\u0456 STvega","robots":{"index":"index","follow":"follow","max-snippet":"max-snippet:-1","max-image-preview":"max-image-preview:large","max-video-preview":"max-video-preview:-1"},"canonical":"https:\/\/stvega.net\/pl\/product\/przemyslowa-wycinaczka-do-krojenia-miesa-kielbasek-salatek-stvega-meat-cutter-h125\/","og_locale":"pl_PL","og_type":"article","og_title":"Przemys\u0142owa wycinaczka do krojenia mi\u0119sa, kie\u0142basek, sa\u0142atek STvega Meat Cutter H125 \u043a\u0443\u043f\u0438\u0442\u0438 \u0437\u0430 \u0432\u0438\u0433\u0456\u0434\u043d\u043e\u044e \u0446\u0456\u043d\u043e\u044e \u0432 \u043c\u0430\u0433\u0430\u0437\u0438\u043d\u0456 STvega","og_description":"Przemys\u0142owa wycinaczka do krojenia mi\u0119sa, kie\u0142basek, sa\u0142atek STvega Meat Cutter H125 | \u043a\u0443\u043f\u0438\u0442\u0438 \u0437\u0430 \ud83c\udf1f\u0432\u0438\u0433\u0456\u0434\u043d\u043e\u044e \u0446\u0456\u043d\u043e\u044e \u0432 \u043c\u0430\u0433\u0430\u0437\u0438\u043d\u0456 STvega","og_url":"https:\/\/stvega.net\/pl\/product\/przemyslowa-wycinaczka-do-krojenia-miesa-kielbasek-salatek-stvega-meat-cutter-h125\/","og_site_name":"\u0448\u0438\u0440\u043e\u043a\u0438\u0439 \u0430\u0441\u043e\u0440\u0442\u0438\u043c\u0435\u043d\u0442 \u0445\u0430\u0440\u0447\u043e\u0432\u043e\u0433\u043e \u043f\u0440\u043e\u043c\u0438\u0441\u043b\u043e\u0432\u043e\u0433\u043e \u043e\u0431\u043b\u0430\u0434\u043d\u0430\u043d\u043d\u044f \u0434\u043b\u044f \u043f\u0435\u0440\u0435\u0440\u043e\u0431\u043a\u0438 \u043c\u2019\u044f\u0441\u0430, \u043e\u0432\u043e\u0447\u0456\u0432 \u0456 \u0444\u0440\u0443\u043a\u0442\u0456\u0432\u2b50\u0412\u0438\u0433\u0456\u0434\u043d\u0456 \u0446\u0456\u043d\u0438 \ud83e\uddbe\u0412\u0438\u0440\u043e\u0431\u043d\u0438\u0447\u0456 \u043b\u0456\u043d\u0456\u0457 \u043f\u0456\u0434 \u043a\u043b\u044e\u0447\ud83d\ude9a \u0414\u043e\u0441\u0442\u0430\u0432\u043a\u0430 \ud83d\udee0\u0421\u0435\u0440\u0432\u0456\u0441","article_publisher":"https:\/\/www.facebook.com\/share\/9F1B4VxaHAC9E9HB\/?mibextid=qi2Omg","og_image":[{"width":4249,"height":1851,"url":"https:\/\/stvega.net\/wp-content\/uploads\/2025\/11\/kuter-dlya-podribnennya-myasa-kovbasy-salativ-stvega-meat-cutter-4.png","type":"image\/png"}],"twitter_card":"summary_large_image","twitter_misc":{"Szacowany czas czytania":"2 minuty"},"schema":{"@context":"https:\/\/schema.org","@graph":[{"@type":"WebPage","@id":"https:\/\/stvega.net\/pl\/product\/przemyslowa-wycinaczka-do-krojenia-miesa-kielbasek-salatek-stvega-meat-cutter-h125\/","url":"https:\/\/stvega.net\/pl\/product\/przemyslowa-wycinaczka-do-krojenia-miesa-kielbasek-salatek-stvega-meat-cutter-h125\/","name":"Przemys\u0142owa wycinaczka do krojenia mi\u0119sa, kie\u0142basek, sa\u0142atek STvega Meat Cutter H125 \u043a\u0443\u043f\u0438\u0442\u0438 \u0437\u0430 \u0432\u0438\u0433\u0456\u0434\u043d\u043e\u044e \u0446\u0456\u043d\u043e\u044e \u0432 \u043c\u0430\u0433\u0430\u0437\u0438\u043d\u0456 STvega","isPartOf":{"@id":"https:\/\/stvega.net\/pl\/#website"},"primaryImageOfPage":{"@id":"https:\/\/stvega.net\/pl\/product\/przemyslowa-wycinaczka-do-krojenia-miesa-kielbasek-salatek-stvega-meat-cutter-h125\/#primaryimage"},"image":{"@id":"https:\/\/stvega.net\/pl\/product\/przemyslowa-wycinaczka-do-krojenia-miesa-kielbasek-salatek-stvega-meat-cutter-h125\/#primaryimage"},"thumbnailUrl":"https:\/\/stvega.net\/wp-content\/uploads\/2025\/11\/kuter-dlya-podribnennya-myasa-kovbasy-salativ-stvega-meat-cutter-4.png","datePublished":"2025-11-21T11:07:16+00:00","description":"Przemys\u0142owa wycinaczka do krojenia mi\u0119sa, kie\u0142basek, sa\u0142atek STvega Meat Cutter H125 | \u043a\u0443\u043f\u0438\u0442\u0438 \u0437\u0430 \ud83c\udf1f\u0432\u0438\u0433\u0456\u0434\u043d\u043e\u044e \u0446\u0456\u043d\u043e\u044e \u0432 \u043c\u0430\u0433\u0430\u0437\u0438\u043d\u0456 STvega","breadcrumb":{"@id":"https:\/\/stvega.net\/pl\/product\/przemyslowa-wycinaczka-do-krojenia-miesa-kielbasek-salatek-stvega-meat-cutter-h125\/#breadcrumb"},"inLanguage":"pl-PL","potentialAction":[{"@type":"ReadAction","target":["https:\/\/stvega.net\/pl\/product\/przemyslowa-wycinaczka-do-krojenia-miesa-kielbasek-salatek-stvega-meat-cutter-h125\/"]}]},{"@type":"ImageObject","inLanguage":"pl-PL","@id":"https:\/\/stvega.net\/pl\/product\/przemyslowa-wycinaczka-do-krojenia-miesa-kielbasek-salatek-stvega-meat-cutter-h125\/#primaryimage","url":"https:\/\/stvega.net\/wp-content\/uploads\/2025\/11\/kuter-dlya-podribnennya-myasa-kovbasy-salativ-stvega-meat-cutter-4.png","contentUrl":"https:\/\/stvega.net\/wp-content\/uploads\/2025\/11\/kuter-dlya-podribnennya-myasa-kovbasy-salativ-stvega-meat-cutter-4.png","width":4249,"height":1851},{"@type":"BreadcrumbList","@id":"https:\/\/stvega.net\/pl\/product\/przemyslowa-wycinaczka-do-krojenia-miesa-kielbasek-salatek-stvega-meat-cutter-h125\/#breadcrumb","itemListElement":[{"@type":"ListItem","position":1,"name":"Dom","item":"https:\/\/stvega.net\/pl\/"},{"@type":"ListItem","position":2,"name":"Katalog","item":"https:\/\/stvega.net\/katalog\/"},{"@type":"ListItem","position":3,"name":"Przemys\u0142owa wycinaczka do krojenia mi\u0119sa, kie\u0142basek, sa\u0142atek STvega Meat Cutter H125"}]},{"@type":"WebSite","@id":"https:\/\/stvega.net\/pl\/#website","url":"https:\/\/stvega.net\/pl\/","name":"STvega","description":"\u0445\u0430\u0440\u0447\u043e\u0432\u0435 \u043f\u0440\u043e\u043c\u0438\u0441\u043b\u043e\u0432\u0435 \u043e\u0431\u043b\u0430\u0434\u043d\u0430\u043d\u043d\u044f","publisher":{"@id":"https:\/\/stvega.net\/pl\/#organization"},"alternateName":"STvega - \u043e\u0432\u043e\u0447\u0435\u0440\u0456\u0437\u043a\u0438, \u0448\u043f\u0438\u0433\u043e\u0440\u0456\u0437\u043a\u0438, \u0441\u043b\u0430\u0439\u0441\u0435\u0440\u0438 \u0442\u0430 \u0456\u043d\u0448\u0435 \u0445\u0430\u0440\u0447\u043e\u0432\u0435 \u043e\u0431\u043b\u0430\u0434\u043d\u0430\u043d\u043d\u044f","potentialAction":[{"@type":"SearchAction","target":{"@type":"EntryPoint","urlTemplate":"https:\/\/stvega.net\/pl\/?s={search_term_string}"},"query-input":{"@type":"PropertyValueSpecification","valueRequired":true,"valueName":"search_term_string"}}],"inLanguage":"pl-PL"},{"@type":"Organization","@id":"https:\/\/stvega.net\/pl\/#organization","name":"STvega \u0425\u0410\u0420\u0427\u041e\u0412\u0415 \u041f\u0420\u041e\u041c\u0418\u0421\u041b\u041e\u0412\u0415 \u041e\u0411\u041b\u0410\u0414\u041d\u0410\u041d\u041d\u042f","alternateName":"STvega - \u043e\u0432\u043e\u0447\u0435\u0440\u0456\u0437\u043a\u0438, \u0448\u043f\u0438\u0433\u043e\u0440\u0456\u0437\u043a\u0438, \u0441\u043b\u0430\u0439\u0441\u0435\u0440\u0438 \u0442\u0430 \u0456\u043d\u0448\u0435 \u0445\u0430\u0440\u0447\u043e\u0432\u0435 \u043e\u0431\u043b\u0430\u0434\u043d\u0430\u043d\u043d\u044f","url":"https:\/\/stvega.net\/pl\/","logo":{"@type":"ImageObject","inLanguage":"pl-PL","@id":"https:\/\/stvega.net\/pl\/#\/schema\/logo\/image\/","url":"https:\/\/stvega.net\/wp-content\/uploads\/2024\/03\/dyzajn-bez-nazvanyya-1.png","contentUrl":"https:\/\/stvega.net\/wp-content\/uploads\/2024\/03\/dyzajn-bez-nazvanyya-1.png","width":180,"height":180,"caption":"STvega \u0425\u0410\u0420\u0427\u041e\u0412\u0415 \u041f\u0420\u041e\u041c\u0418\u0421\u041b\u041e\u0412\u0415 \u041e\u0411\u041b\u0410\u0414\u041d\u0410\u041d\u041d\u042f"},"image":{"@id":"https:\/\/stvega.net\/pl\/#\/schema\/logo\/image\/"},"sameAs":["https:\/\/www.facebook.com\/share\/9F1B4VxaHAC9E9HB\/?mibextid=qi2Omg"]}]}},"_links":{"self":[{"href":"https:\/\/stvega.net\/pl\/wp-json\/wp\/v2\/product\/10814","targetHints":{"allow":["GET"]}}],"collection":[{"href":"https:\/\/stvega.net\/pl\/wp-json\/wp\/v2\/product"}],"about":[{"href":"https:\/\/stvega.net\/pl\/wp-json\/wp\/v2\/types\/product"}],"replies":[{"embeddable":true,"href":"https:\/\/stvega.net\/pl\/wp-json\/wp\/v2\/comments?post=10814"}],"wp:featuredmedia":[{"embeddable":true,"href":"https:\/\/stvega.net\/pl\/wp-json\/wp\/v2\/media\/10815"}],"wp:attachment":[{"href":"https:\/\/stvega.net\/pl\/wp-json\/wp\/v2\/media?parent=10814"}],"wp:term":[{"taxonomy":"product_brand","embeddable":true,"href":"https:\/\/stvega.net\/pl\/wp-json\/wp\/v2\/product_brand?post=10814"},{"taxonomy":"product_cat","embeddable":true,"href":"https:\/\/stvega.net\/pl\/wp-json\/wp\/v2\/product_cat?post=10814"},{"taxonomy":"product_tag","embeddable":true,"href":"https:\/\/stvega.net\/pl\/wp-json\/wp\/v2\/product_tag?post=10814"}],"curies":[{"name":"wp","href":"https:\/\/api.w.org\/{rel}","templated":true}]}}