{"id":10752,"date":"2025-12-08T14:08:57","date_gmt":"2025-12-08T11:08:57","guid":{"rendered":"https:\/\/stvega.net\/product\/maszyna-do-nakrecania-pojemnikow-na-jedzenie-od-nakretki-na-tacy-stvega\/"},"modified":"2025-12-08T14:08:57","modified_gmt":"2025-12-08T11:08:57","slug":"maszyna-do-nakrecania-pojemnikow-na-jedzenie-od-nakretki-na-tacy-stvega","status":"publish","type":"product","link":"https:\/\/stvega.net\/pl\/product\/maszyna-do-nakrecania-pojemnikow-na-jedzenie-od-nakretki-na-tacy-stvega\/","title":{"rendered":"Maszyna do nakr\u0119cania pojemnik\u00f3w na jedzenie od nakr\u0119tki na tacy STvega"},"content":{"rendered":"<p><b>Nak\u0142adka STvega to<\/b> <span style=\"font-weight: 400;\"> <\/span><span style=\"font-weight: 400;\"> wysoce wydajne rozwi\u0105zanie do szybkiego i niezawodnego zamykania plastikowych pojemnik\u00f3w z pokrywkami z mechanizmem blokuj\u0105cym (typu push-type). Sprz\u0119t pozwala na pe\u0142n\u0105 automatyzacj\u0119 etapu pakowania, minimalizacj\u0119 pracy r\u0119cznej i zapewnienie stabilnej szczelno\u015bci pojemnik\u00f3w. Maszyna zosta\u0142a zaprojektowana do d\u0142ugotrwa\u0142ej eksploatacji w przedsi\u0119biorstwach o wysokiej wydajno\u015bci produkcji, gdzie kluczowa jest dok\u0142adno\u015b\u0107 i szybko\u015b\u0107 przetwarzania ka\u017cdego naczynia.<\/span><\/p>\n<p><b>Zasada dzia\u0142ania<\/b><b>:<\/b><\/p>\n<p><span style=\"font-weight: 400;\">Pojemniki s\u0105 podawane na ta\u015bm\u0119 przeno\u015bniow\u0105, kt\u00f3ra automatycznie transportuje je do jednostki pozycjonuj\u0105cej. W miejscu roboczym specjalny mechanizm precyzyjnie montuje pokrywk\u0119 na szyjce pojemnika, po czym produkty przechodz\u0105 pod seri\u0105 obrotowych wa\u0142k\u00f3w naciskowych. Dzi\u0119ki precyzyjnie wyliczonej sile rolki r\u00f3wnomiernie dociskaj\u0105 pokryw\u0119 wok\u00f3\u0142 ca\u0142ego obwodu, zapewniaj\u0105c jej stabilne umocowanie a\u017c do charakterystycznego klikni\u0119cia. Ca\u0142y proces odbywa si\u0119 bez zatrzymywania przeno\u015bnika i nie wymaga interwencji operatora, co gwarantuje sta\u0142y przep\u0142yw gotowych produkt\u00f3w.   <\/span><\/p>\n<p><b>Zalety sprz\u0119tu:<\/b><\/p>\n<ul>\n<li style=\"font-weight: 400;\" aria-level=\"1\"><span style=\"font-weight: 400;\">Precyzyjny mechanizm podawania pokrywki gwarantuje idealnie r\u00f3wnomierne po\u0142o\u017cenie na pojemniku, eliminuj\u0105c zniekszta\u0142cenia lub wady podczas zapychania.<\/span><\/li>\n<li style=\"font-weight: 400;\" aria-level=\"1\"><span style=\"font-weight: 400;\">System obrotowych wa\u0142k\u00f3w naciskowych zapewnia szczelne i delikatne zamkni\u0119cie pojemnika bez ryzyka odkszta\u0142cenia plastikowych pojemnik\u00f3w.<\/span><\/li>\n<li style=\"font-weight: 400;\" aria-level=\"1\"><span style=\"font-weight: 400;\">Uniwersalny projekt prowadnic pozwala na szybkie dostosowanie maszyny do r\u00f3\u017cnych rozmiar\u00f3w i kszta\u0142t\u00f3w pojemnik\u00f3w w zale\u017cno\u015bci od potrzeb produkcyjnych.<\/span><\/li>\n<li style=\"font-weight: 400;\" aria-level=\"1\"><span style=\"font-weight: 400;\">Niezawodne komponenty elektroniczne gwarantuj\u0105 stabiln\u0105 prac\u0119 urz\u0105dze\u0144 przy intensywnych codziennych obci\u0105\u017ceniach.<\/span><\/li>\n<li style=\"font-weight: 400;\" aria-level=\"1\"><span style=\"font-weight: 400;\">Obudowa ze stali nierdzewnej SUS 304 zapewnia wysok\u0105 odporno\u015b\u0107 na korozj\u0119 i pe\u0142n\u0105 zgodno\u015b\u0107 z normami higienicznymi przemys\u0142u spo\u017cywczego.<\/span><\/li>\n<\/ul>\n<p>&nbsp;<\/p>\n\t<div class=\"section video\">\n\t\t<div class=\"row\">\n\t\t\t\t\t\t\t\t\t\t\t\t<div class=\"col-md-4 col-12\">\n\t\t\t\t\t\t<div class=\"container-lazyload preview-lazyload container-youtube js-lazyload--not-loaded\"><a href=\"https:\/\/www.youtube.com\/watch?v=US8NXbLUTDQ\" class=\"lazy-load-youtube preview-lazyload preview-youtube\" data-video-title=\"\u041c\u0430\u0448\u0438\u043d\u0430 \u0434\u043b\u044f \u0437\u0430\u043a\u0443\u043f\u043e\u0440\u044e\u0432\u0430\u043d\u043d\u044f \u0445\u0430\u0440\u0447\u043e\u0432\u0438\u0445 \u043a\u043e\u043d\u0442\u0435\u0439\u043d\u0435\u0440\u0456\u0432 - STvega Tray Cap\" title=\"Play video &quot;\u041c\u0430\u0448\u0438\u043d\u0430 \u0434\u043b\u044f \u0437\u0430\u043a\u0443\u043f\u043e\u0440\u044e\u0432\u0430\u043d\u043d\u044f \u0445\u0430\u0440\u0447\u043e\u0432\u0438\u0445 \u043a\u043e\u043d\u0442\u0435\u0439\u043d\u0435\u0440\u0456\u0432 - STvega Tray Cap&quot;\">https:\/\/www.youtube.com\/watch?v=US8NXbLUTDQ<\/a><noscript>Video can&#8217;t be loaded because JavaScript is disabled: <a href=\"https:\/\/www.youtube.com\/watch?v=US8NXbLUTDQ\" title=\"\u041c\u0430\u0448\u0438\u043d\u0430 \u0434\u043b\u044f \u0437\u0430\u043a\u0443\u043f\u043e\u0440\u044e\u0432\u0430\u043d\u043d\u044f \u0445\u0430\u0440\u0447\u043e\u0432\u0438\u0445 \u043a\u043e\u043d\u0442\u0435\u0439\u043d\u0435\u0440\u0456\u0432 - STvega Tray Cap\">\u041c\u0430\u0448\u0438\u043d\u0430 \u0434\u043b\u044f \u0437\u0430\u043a\u0443\u043f\u043e\u0440\u044e\u0432\u0430\u043d\u043d\u044f \u0445\u0430\u0440\u0447\u043e\u0432\u0438\u0445 \u043a\u043e\u043d\u0442\u0435\u0439\u043d\u0435\u0440\u0456\u0432 &#8211; STvega Tray Cap (https:\/\/www.youtube.com\/watch?v=US8NXbLUTDQ)<\/a><\/noscript><\/div>\n\t\t\t\t\t<\/div>\n\t\t\t\t\t\t\t\t\t<\/div>\n\t<\/div>\n\t\t","protected":false},"excerpt":{"rendered":"<p><b>Automatyczna maszyna STvega Taca Cover<\/b> <span style=\"font-weight: 400;\">to <\/span><span style=\"font-weight: 400;\"> bardzo wydajne rozwi\u0105zanie umo\u017cliwiaj\u0105ce szybkie i niezawodne zamykanie plastikowych pojemnik\u00f3w z pokrywkami i mechanizmem blokuj\u0105cym (typu push).<\/span><\/p>\n<p><strong>Specyfikacje:<\/strong><\/p>\n<p>[table id=&#8221;393&#8243; \/]<\/p>\n<p><span style=\"color: #0000ff;\"><strong>Unikalno\u015b\u0107 maszyny: <\/strong><span style=\"font-weight: 400;\">Pe\u0142na automatyzacja cyklu pakowania mo\u017ce znacz\u0105co zwi\u0119kszy\u0107 wydajno\u015b\u0107 linii i znacz\u0105co obni\u017cy\u0107 koszty pracy operator\u00f3w.<\/span><\/span><\/p>\n<p>&nbsp;<\/p>\n","protected":false},"featured_media":10753,"comment_status":"open","ping_status":"closed","template":"","meta":{"_acf_changed":false,"inline_featured_image":false},"product_brand":[],"product_cat":[3688,3587,3483],"product_tag":[4323,4334,4328,4329,4330,4331,4335,4325,4322,4327,4326,4336,4332,4337,4321,4338,4324,4333],"class_list":{"0":"post-10752","1":"product","2":"type-product","3":"status-publish","4":"has-post-thumbnail","6":"product_cat-maszyny-do-zakrecania","7":"product_cat-maszyny-pakujace","8":"product_cat-opakowanie-i-opakowania","9":"product_tag-automatyczna-maszyna-do-zakrecania","10":"product_tag-automatyczne-pakowanie-kontenerowe","11":"product_tag-automatyczne-zamykanie-z-klapkami","12":"product_tag-linia-pakowania-kontenerow","13":"product_tag-linia-z-automatycznym-zakretowaniem","14":"product_tag-maszyna-do-dopasowywania-pokrywy","15":"product_tag-maszyna-do-pakowania-zywnosci","16":"product_tag-maszyna-do-pokrywek-tacy","17":"product_tag-maszyna-do-zakretowania-pojemnikow","18":"product_tag-maszyna-do-zakretowania-pojemnikow-na-jedzenie","19":"product_tag-maszyna-do-zamykania-plastikowych-pojemnikow","20":"product_tag-naprawa-pokrywek-pojemnikow","21":"product_tag-obrotowe-roleki-zamykajace","22":"product_tag-przemyslowe-urzadzenia-do-zakrecania","23":"product_tag-sprzet-dla-przemyslu-spozywczego","24":"product_tag-sprzet-do-pakowania-pojemnikow","25":"product_tag-wyposazenie-do-uszczelniania-naczyn","26":"product_tag-zamykanie-tasmownika","28":"first","29":"instock","30":"shipping-taxable","31":"product-type-simple"},"acf":[],"yoast_head":"<!-- This site is optimized with the Yoast SEO plugin v27.5 - https:\/\/yoast.com\/product\/yoast-seo-wordpress\/ -->\n<title>Maszyna do nakr\u0119cania pojemnik\u00f3w na jedzenie od nakr\u0119tki na tacy STvega \u043a\u0443\u043f\u0438\u0442\u0438 \u0437\u0430 \u0432\u0438\u0433\u0456\u0434\u043d\u043e\u044e \u0446\u0456\u043d\u043e\u044e \u0432 \u043c\u0430\u0433\u0430\u0437\u0438\u043d\u0456 STvega<\/title>\n<meta name=\"description\" content=\"Maszyna do nakr\u0119cania pojemnik\u00f3w na jedzenie od nakr\u0119tki na tacy STvega | \u043a\u0443\u043f\u0438\u0442\u0438 \u0437\u0430 \ud83c\udf1f\u0432\u0438\u0433\u0456\u0434\u043d\u043e\u044e \u0446\u0456\u043d\u043e\u044e \u0432 \u043c\u0430\u0433\u0430\u0437\u0438\u043d\u0456 STvega\" \/>\n<meta name=\"robots\" content=\"index, follow, max-snippet:-1, max-image-preview:large, max-video-preview:-1\" \/>\n<link rel=\"canonical\" href=\"https:\/\/stvega.net\/pl\/product\/maszyna-do-nakrecania-pojemnikow-na-jedzenie-od-nakretki-na-tacy-stvega\/\" \/>\n<meta property=\"og:locale\" content=\"pl_PL\" \/>\n<meta property=\"og:type\" content=\"article\" \/>\n<meta property=\"og:title\" content=\"Maszyna do nakr\u0119cania pojemnik\u00f3w na jedzenie od nakr\u0119tki na tacy STvega \u043a\u0443\u043f\u0438\u0442\u0438 \u0437\u0430 \u0432\u0438\u0433\u0456\u0434\u043d\u043e\u044e \u0446\u0456\u043d\u043e\u044e \u0432 \u043c\u0430\u0433\u0430\u0437\u0438\u043d\u0456 STvega\" \/>\n<meta property=\"og:description\" content=\"Maszyna do nakr\u0119cania pojemnik\u00f3w na jedzenie od nakr\u0119tki na tacy STvega | \u043a\u0443\u043f\u0438\u0442\u0438 \u0437\u0430 \ud83c\udf1f\u0432\u0438\u0433\u0456\u0434\u043d\u043e\u044e \u0446\u0456\u043d\u043e\u044e \u0432 \u043c\u0430\u0433\u0430\u0437\u0438\u043d\u0456 STvega\" \/>\n<meta property=\"og:url\" content=\"https:\/\/stvega.net\/pl\/product\/maszyna-do-nakrecania-pojemnikow-na-jedzenie-od-nakretki-na-tacy-stvega\/\" \/>\n<meta property=\"og:site_name\" content=\"\u0448\u0438\u0440\u043e\u043a\u0438\u0439 \u0430\u0441\u043e\u0440\u0442\u0438\u043c\u0435\u043d\u0442 \u0445\u0430\u0440\u0447\u043e\u0432\u043e\u0433\u043e \u043f\u0440\u043e\u043c\u0438\u0441\u043b\u043e\u0432\u043e\u0433\u043e \u043e\u0431\u043b\u0430\u0434\u043d\u0430\u043d\u043d\u044f \u0434\u043b\u044f \u043f\u0435\u0440\u0435\u0440\u043e\u0431\u043a\u0438 \u043c\u2019\u044f\u0441\u0430, \u043e\u0432\u043e\u0447\u0456\u0432 \u0456 \u0444\u0440\u0443\u043a\u0442\u0456\u0432\u2b50\u0412\u0438\u0433\u0456\u0434\u043d\u0456 \u0446\u0456\u043d\u0438 \ud83e\uddbe\u0412\u0438\u0440\u043e\u0431\u043d\u0438\u0447\u0456 \u043b\u0456\u043d\u0456\u0457 \u043f\u0456\u0434 \u043a\u043b\u044e\u0447\ud83d\ude9a \u0414\u043e\u0441\u0442\u0430\u0432\u043a\u0430 \ud83d\udee0\u0421\u0435\u0440\u0432\u0456\u0441\" \/>\n<meta property=\"article:publisher\" content=\"https:\/\/www.facebook.com\/share\/9F1B4VxaHAC9E9HB\/?mibextid=qi2Omg\" \/>\n<meta property=\"og:image\" content=\"https:\/\/stvega.net\/wp-content\/uploads\/2025\/12\/tray-cap.png\" \/>\n\t<meta property=\"og:image:width\" content=\"1063\" \/>\n\t<meta property=\"og:image:height\" content=\"880\" \/>\n\t<meta property=\"og:image:type\" content=\"image\/png\" \/>\n<meta name=\"twitter:card\" content=\"summary_large_image\" \/>\n<meta name=\"twitter:label1\" content=\"Szacowany czas czytania\" \/>\n\t<meta name=\"twitter:data1\" content=\"1 minuta\" \/>\n<script type=\"application\/ld+json\" class=\"yoast-schema-graph\">{\"@context\":\"https:\\\/\\\/schema.org\",\"@graph\":[{\"@type\":\"WebPage\",\"@id\":\"https:\\\/\\\/stvega.net\\\/pl\\\/product\\\/maszyna-do-nakrecania-pojemnikow-na-jedzenie-od-nakretki-na-tacy-stvega\\\/\",\"url\":\"https:\\\/\\\/stvega.net\\\/pl\\\/product\\\/maszyna-do-nakrecania-pojemnikow-na-jedzenie-od-nakretki-na-tacy-stvega\\\/\",\"name\":\"Maszyna do nakr\u0119cania pojemnik\u00f3w na jedzenie od nakr\u0119tki na tacy STvega \u043a\u0443\u043f\u0438\u0442\u0438 \u0437\u0430 \u0432\u0438\u0433\u0456\u0434\u043d\u043e\u044e \u0446\u0456\u043d\u043e\u044e \u0432 \u043c\u0430\u0433\u0430\u0437\u0438\u043d\u0456 STvega\",\"isPartOf\":{\"@id\":\"https:\\\/\\\/stvega.net\\\/pl\\\/#website\"},\"primaryImageOfPage\":{\"@id\":\"https:\\\/\\\/stvega.net\\\/pl\\\/product\\\/maszyna-do-nakrecania-pojemnikow-na-jedzenie-od-nakretki-na-tacy-stvega\\\/#primaryimage\"},\"image\":{\"@id\":\"https:\\\/\\\/stvega.net\\\/pl\\\/product\\\/maszyna-do-nakrecania-pojemnikow-na-jedzenie-od-nakretki-na-tacy-stvega\\\/#primaryimage\"},\"thumbnailUrl\":\"https:\\\/\\\/stvega.net\\\/wp-content\\\/uploads\\\/2025\\\/12\\\/tray-cap.png\",\"datePublished\":\"2025-12-08T11:08:57+00:00\",\"description\":\"Maszyna do nakr\u0119cania pojemnik\u00f3w na jedzenie od nakr\u0119tki na tacy STvega | \u043a\u0443\u043f\u0438\u0442\u0438 \u0437\u0430 \ud83c\udf1f\u0432\u0438\u0433\u0456\u0434\u043d\u043e\u044e \u0446\u0456\u043d\u043e\u044e \u0432 \u043c\u0430\u0433\u0430\u0437\u0438\u043d\u0456 STvega\",\"breadcrumb\":{\"@id\":\"https:\\\/\\\/stvega.net\\\/pl\\\/product\\\/maszyna-do-nakrecania-pojemnikow-na-jedzenie-od-nakretki-na-tacy-stvega\\\/#breadcrumb\"},\"inLanguage\":\"pl-PL\",\"potentialAction\":[{\"@type\":\"ReadAction\",\"target\":[\"https:\\\/\\\/stvega.net\\\/pl\\\/product\\\/maszyna-do-nakrecania-pojemnikow-na-jedzenie-od-nakretki-na-tacy-stvega\\\/\"]}]},{\"@type\":\"ImageObject\",\"inLanguage\":\"pl-PL\",\"@id\":\"https:\\\/\\\/stvega.net\\\/pl\\\/product\\\/maszyna-do-nakrecania-pojemnikow-na-jedzenie-od-nakretki-na-tacy-stvega\\\/#primaryimage\",\"url\":\"https:\\\/\\\/stvega.net\\\/wp-content\\\/uploads\\\/2025\\\/12\\\/tray-cap.png\",\"contentUrl\":\"https:\\\/\\\/stvega.net\\\/wp-content\\\/uploads\\\/2025\\\/12\\\/tray-cap.png\",\"width\":1063,\"height\":880},{\"@type\":\"BreadcrumbList\",\"@id\":\"https:\\\/\\\/stvega.net\\\/pl\\\/product\\\/maszyna-do-nakrecania-pojemnikow-na-jedzenie-od-nakretki-na-tacy-stvega\\\/#breadcrumb\",\"itemListElement\":[{\"@type\":\"ListItem\",\"position\":1,\"name\":\"Dom\",\"item\":\"https:\\\/\\\/stvega.net\\\/pl\\\/\"},{\"@type\":\"ListItem\",\"position\":2,\"name\":\"Katalog\",\"item\":\"https:\\\/\\\/stvega.net\\\/katalog\\\/\"},{\"@type\":\"ListItem\",\"position\":3,\"name\":\"Maszyna do nakr\u0119cania pojemnik\u00f3w na jedzenie od nakr\u0119tki na tacy STvega\"}]},{\"@type\":\"WebSite\",\"@id\":\"https:\\\/\\\/stvega.net\\\/pl\\\/#website\",\"url\":\"https:\\\/\\\/stvega.net\\\/pl\\\/\",\"name\":\"STvega\",\"description\":\"\u0445\u0430\u0440\u0447\u043e\u0432\u0435 \u043f\u0440\u043e\u043c\u0438\u0441\u043b\u043e\u0432\u0435 \u043e\u0431\u043b\u0430\u0434\u043d\u0430\u043d\u043d\u044f\",\"publisher\":{\"@id\":\"https:\\\/\\\/stvega.net\\\/pl\\\/#organization\"},\"alternateName\":\"STvega - \u043e\u0432\u043e\u0447\u0435\u0440\u0456\u0437\u043a\u0438, \u0448\u043f\u0438\u0433\u043e\u0440\u0456\u0437\u043a\u0438, \u0441\u043b\u0430\u0439\u0441\u0435\u0440\u0438 \u0442\u0430 \u0456\u043d\u0448\u0435 \u0445\u0430\u0440\u0447\u043e\u0432\u0435 \u043e\u0431\u043b\u0430\u0434\u043d\u0430\u043d\u043d\u044f\",\"potentialAction\":[{\"@type\":\"SearchAction\",\"target\":{\"@type\":\"EntryPoint\",\"urlTemplate\":\"https:\\\/\\\/stvega.net\\\/pl\\\/?s={search_term_string}\"},\"query-input\":{\"@type\":\"PropertyValueSpecification\",\"valueRequired\":true,\"valueName\":\"search_term_string\"}}],\"inLanguage\":\"pl-PL\"},{\"@type\":\"Organization\",\"@id\":\"https:\\\/\\\/stvega.net\\\/pl\\\/#organization\",\"name\":\"STvega \u0425\u0410\u0420\u0427\u041e\u0412\u0415 \u041f\u0420\u041e\u041c\u0418\u0421\u041b\u041e\u0412\u0415 \u041e\u0411\u041b\u0410\u0414\u041d\u0410\u041d\u041d\u042f\",\"alternateName\":\"STvega - \u043e\u0432\u043e\u0447\u0435\u0440\u0456\u0437\u043a\u0438, \u0448\u043f\u0438\u0433\u043e\u0440\u0456\u0437\u043a\u0438, \u0441\u043b\u0430\u0439\u0441\u0435\u0440\u0438 \u0442\u0430 \u0456\u043d\u0448\u0435 \u0445\u0430\u0440\u0447\u043e\u0432\u0435 \u043e\u0431\u043b\u0430\u0434\u043d\u0430\u043d\u043d\u044f\",\"url\":\"https:\\\/\\\/stvega.net\\\/pl\\\/\",\"logo\":{\"@type\":\"ImageObject\",\"inLanguage\":\"pl-PL\",\"@id\":\"https:\\\/\\\/stvega.net\\\/pl\\\/#\\\/schema\\\/logo\\\/image\\\/\",\"url\":\"https:\\\/\\\/stvega.net\\\/wp-content\\\/uploads\\\/2024\\\/03\\\/dyzajn-bez-nazvanyya-1.png\",\"contentUrl\":\"https:\\\/\\\/stvega.net\\\/wp-content\\\/uploads\\\/2024\\\/03\\\/dyzajn-bez-nazvanyya-1.png\",\"width\":180,\"height\":180,\"caption\":\"STvega \u0425\u0410\u0420\u0427\u041e\u0412\u0415 \u041f\u0420\u041e\u041c\u0418\u0421\u041b\u041e\u0412\u0415 \u041e\u0411\u041b\u0410\u0414\u041d\u0410\u041d\u041d\u042f\"},\"image\":{\"@id\":\"https:\\\/\\\/stvega.net\\\/pl\\\/#\\\/schema\\\/logo\\\/image\\\/\"},\"sameAs\":[\"https:\\\/\\\/www.facebook.com\\\/share\\\/9F1B4VxaHAC9E9HB\\\/?mibextid=qi2Omg\"]}]}<\/script>\n<!-- \/ Yoast SEO plugin. -->","yoast_head_json":{"title":"Maszyna do nakr\u0119cania pojemnik\u00f3w na jedzenie od nakr\u0119tki na tacy STvega \u043a\u0443\u043f\u0438\u0442\u0438 \u0437\u0430 \u0432\u0438\u0433\u0456\u0434\u043d\u043e\u044e \u0446\u0456\u043d\u043e\u044e \u0432 \u043c\u0430\u0433\u0430\u0437\u0438\u043d\u0456 STvega","description":"Maszyna do nakr\u0119cania pojemnik\u00f3w na jedzenie od nakr\u0119tki na tacy STvega | \u043a\u0443\u043f\u0438\u0442\u0438 \u0437\u0430 \ud83c\udf1f\u0432\u0438\u0433\u0456\u0434\u043d\u043e\u044e \u0446\u0456\u043d\u043e\u044e \u0432 \u043c\u0430\u0433\u0430\u0437\u0438\u043d\u0456 STvega","robots":{"index":"index","follow":"follow","max-snippet":"max-snippet:-1","max-image-preview":"max-image-preview:large","max-video-preview":"max-video-preview:-1"},"canonical":"https:\/\/stvega.net\/pl\/product\/maszyna-do-nakrecania-pojemnikow-na-jedzenie-od-nakretki-na-tacy-stvega\/","og_locale":"pl_PL","og_type":"article","og_title":"Maszyna do nakr\u0119cania pojemnik\u00f3w na jedzenie od nakr\u0119tki na tacy STvega \u043a\u0443\u043f\u0438\u0442\u0438 \u0437\u0430 \u0432\u0438\u0433\u0456\u0434\u043d\u043e\u044e \u0446\u0456\u043d\u043e\u044e \u0432 \u043c\u0430\u0433\u0430\u0437\u0438\u043d\u0456 STvega","og_description":"Maszyna do nakr\u0119cania pojemnik\u00f3w na jedzenie od nakr\u0119tki na tacy STvega | \u043a\u0443\u043f\u0438\u0442\u0438 \u0437\u0430 \ud83c\udf1f\u0432\u0438\u0433\u0456\u0434\u043d\u043e\u044e \u0446\u0456\u043d\u043e\u044e \u0432 \u043c\u0430\u0433\u0430\u0437\u0438\u043d\u0456 STvega","og_url":"https:\/\/stvega.net\/pl\/product\/maszyna-do-nakrecania-pojemnikow-na-jedzenie-od-nakretki-na-tacy-stvega\/","og_site_name":"\u0448\u0438\u0440\u043e\u043a\u0438\u0439 \u0430\u0441\u043e\u0440\u0442\u0438\u043c\u0435\u043d\u0442 \u0445\u0430\u0440\u0447\u043e\u0432\u043e\u0433\u043e \u043f\u0440\u043e\u043c\u0438\u0441\u043b\u043e\u0432\u043e\u0433\u043e \u043e\u0431\u043b\u0430\u0434\u043d\u0430\u043d\u043d\u044f \u0434\u043b\u044f \u043f\u0435\u0440\u0435\u0440\u043e\u0431\u043a\u0438 \u043c\u2019\u044f\u0441\u0430, \u043e\u0432\u043e\u0447\u0456\u0432 \u0456 \u0444\u0440\u0443\u043a\u0442\u0456\u0432\u2b50\u0412\u0438\u0433\u0456\u0434\u043d\u0456 \u0446\u0456\u043d\u0438 \ud83e\uddbe\u0412\u0438\u0440\u043e\u0431\u043d\u0438\u0447\u0456 \u043b\u0456\u043d\u0456\u0457 \u043f\u0456\u0434 \u043a\u043b\u044e\u0447\ud83d\ude9a \u0414\u043e\u0441\u0442\u0430\u0432\u043a\u0430 \ud83d\udee0\u0421\u0435\u0440\u0432\u0456\u0441","article_publisher":"https:\/\/www.facebook.com\/share\/9F1B4VxaHAC9E9HB\/?mibextid=qi2Omg","og_image":[{"width":1063,"height":880,"url":"https:\/\/stvega.net\/wp-content\/uploads\/2025\/12\/tray-cap.png","type":"image\/png"}],"twitter_card":"summary_large_image","twitter_misc":{"Szacowany czas czytania":"1 minuta"},"schema":{"@context":"https:\/\/schema.org","@graph":[{"@type":"WebPage","@id":"https:\/\/stvega.net\/pl\/product\/maszyna-do-nakrecania-pojemnikow-na-jedzenie-od-nakretki-na-tacy-stvega\/","url":"https:\/\/stvega.net\/pl\/product\/maszyna-do-nakrecania-pojemnikow-na-jedzenie-od-nakretki-na-tacy-stvega\/","name":"Maszyna do nakr\u0119cania pojemnik\u00f3w na jedzenie od nakr\u0119tki na tacy STvega \u043a\u0443\u043f\u0438\u0442\u0438 \u0437\u0430 \u0432\u0438\u0433\u0456\u0434\u043d\u043e\u044e \u0446\u0456\u043d\u043e\u044e \u0432 \u043c\u0430\u0433\u0430\u0437\u0438\u043d\u0456 STvega","isPartOf":{"@id":"https:\/\/stvega.net\/pl\/#website"},"primaryImageOfPage":{"@id":"https:\/\/stvega.net\/pl\/product\/maszyna-do-nakrecania-pojemnikow-na-jedzenie-od-nakretki-na-tacy-stvega\/#primaryimage"},"image":{"@id":"https:\/\/stvega.net\/pl\/product\/maszyna-do-nakrecania-pojemnikow-na-jedzenie-od-nakretki-na-tacy-stvega\/#primaryimage"},"thumbnailUrl":"https:\/\/stvega.net\/wp-content\/uploads\/2025\/12\/tray-cap.png","datePublished":"2025-12-08T11:08:57+00:00","description":"Maszyna do nakr\u0119cania pojemnik\u00f3w na jedzenie od nakr\u0119tki na tacy STvega | \u043a\u0443\u043f\u0438\u0442\u0438 \u0437\u0430 \ud83c\udf1f\u0432\u0438\u0433\u0456\u0434\u043d\u043e\u044e \u0446\u0456\u043d\u043e\u044e \u0432 \u043c\u0430\u0433\u0430\u0437\u0438\u043d\u0456 STvega","breadcrumb":{"@id":"https:\/\/stvega.net\/pl\/product\/maszyna-do-nakrecania-pojemnikow-na-jedzenie-od-nakretki-na-tacy-stvega\/#breadcrumb"},"inLanguage":"pl-PL","potentialAction":[{"@type":"ReadAction","target":["https:\/\/stvega.net\/pl\/product\/maszyna-do-nakrecania-pojemnikow-na-jedzenie-od-nakretki-na-tacy-stvega\/"]}]},{"@type":"ImageObject","inLanguage":"pl-PL","@id":"https:\/\/stvega.net\/pl\/product\/maszyna-do-nakrecania-pojemnikow-na-jedzenie-od-nakretki-na-tacy-stvega\/#primaryimage","url":"https:\/\/stvega.net\/wp-content\/uploads\/2025\/12\/tray-cap.png","contentUrl":"https:\/\/stvega.net\/wp-content\/uploads\/2025\/12\/tray-cap.png","width":1063,"height":880},{"@type":"BreadcrumbList","@id":"https:\/\/stvega.net\/pl\/product\/maszyna-do-nakrecania-pojemnikow-na-jedzenie-od-nakretki-na-tacy-stvega\/#breadcrumb","itemListElement":[{"@type":"ListItem","position":1,"name":"Dom","item":"https:\/\/stvega.net\/pl\/"},{"@type":"ListItem","position":2,"name":"Katalog","item":"https:\/\/stvega.net\/katalog\/"},{"@type":"ListItem","position":3,"name":"Maszyna do nakr\u0119cania pojemnik\u00f3w na jedzenie od nakr\u0119tki na tacy STvega"}]},{"@type":"WebSite","@id":"https:\/\/stvega.net\/pl\/#website","url":"https:\/\/stvega.net\/pl\/","name":"STvega","description":"\u0445\u0430\u0440\u0447\u043e\u0432\u0435 \u043f\u0440\u043e\u043c\u0438\u0441\u043b\u043e\u0432\u0435 \u043e\u0431\u043b\u0430\u0434\u043d\u0430\u043d\u043d\u044f","publisher":{"@id":"https:\/\/stvega.net\/pl\/#organization"},"alternateName":"STvega - \u043e\u0432\u043e\u0447\u0435\u0440\u0456\u0437\u043a\u0438, \u0448\u043f\u0438\u0433\u043e\u0440\u0456\u0437\u043a\u0438, \u0441\u043b\u0430\u0439\u0441\u0435\u0440\u0438 \u0442\u0430 \u0456\u043d\u0448\u0435 \u0445\u0430\u0440\u0447\u043e\u0432\u0435 \u043e\u0431\u043b\u0430\u0434\u043d\u0430\u043d\u043d\u044f","potentialAction":[{"@type":"SearchAction","target":{"@type":"EntryPoint","urlTemplate":"https:\/\/stvega.net\/pl\/?s={search_term_string}"},"query-input":{"@type":"PropertyValueSpecification","valueRequired":true,"valueName":"search_term_string"}}],"inLanguage":"pl-PL"},{"@type":"Organization","@id":"https:\/\/stvega.net\/pl\/#organization","name":"STvega \u0425\u0410\u0420\u0427\u041e\u0412\u0415 \u041f\u0420\u041e\u041c\u0418\u0421\u041b\u041e\u0412\u0415 \u041e\u0411\u041b\u0410\u0414\u041d\u0410\u041d\u041d\u042f","alternateName":"STvega - \u043e\u0432\u043e\u0447\u0435\u0440\u0456\u0437\u043a\u0438, \u0448\u043f\u0438\u0433\u043e\u0440\u0456\u0437\u043a\u0438, \u0441\u043b\u0430\u0439\u0441\u0435\u0440\u0438 \u0442\u0430 \u0456\u043d\u0448\u0435 \u0445\u0430\u0440\u0447\u043e\u0432\u0435 \u043e\u0431\u043b\u0430\u0434\u043d\u0430\u043d\u043d\u044f","url":"https:\/\/stvega.net\/pl\/","logo":{"@type":"ImageObject","inLanguage":"pl-PL","@id":"https:\/\/stvega.net\/pl\/#\/schema\/logo\/image\/","url":"https:\/\/stvega.net\/wp-content\/uploads\/2024\/03\/dyzajn-bez-nazvanyya-1.png","contentUrl":"https:\/\/stvega.net\/wp-content\/uploads\/2024\/03\/dyzajn-bez-nazvanyya-1.png","width":180,"height":180,"caption":"STvega \u0425\u0410\u0420\u0427\u041e\u0412\u0415 \u041f\u0420\u041e\u041c\u0418\u0421\u041b\u041e\u0412\u0415 \u041e\u0411\u041b\u0410\u0414\u041d\u0410\u041d\u041d\u042f"},"image":{"@id":"https:\/\/stvega.net\/pl\/#\/schema\/logo\/image\/"},"sameAs":["https:\/\/www.facebook.com\/share\/9F1B4VxaHAC9E9HB\/?mibextid=qi2Omg"]}]}},"_links":{"self":[{"href":"https:\/\/stvega.net\/pl\/wp-json\/wp\/v2\/product\/10752","targetHints":{"allow":["GET"]}}],"collection":[{"href":"https:\/\/stvega.net\/pl\/wp-json\/wp\/v2\/product"}],"about":[{"href":"https:\/\/stvega.net\/pl\/wp-json\/wp\/v2\/types\/product"}],"replies":[{"embeddable":true,"href":"https:\/\/stvega.net\/pl\/wp-json\/wp\/v2\/comments?post=10752"}],"wp:featuredmedia":[{"embeddable":true,"href":"https:\/\/stvega.net\/pl\/wp-json\/wp\/v2\/media\/10753"}],"wp:attachment":[{"href":"https:\/\/stvega.net\/pl\/wp-json\/wp\/v2\/media?parent=10752"}],"wp:term":[{"taxonomy":"product_brand","embeddable":true,"href":"https:\/\/stvega.net\/pl\/wp-json\/wp\/v2\/product_brand?post=10752"},{"taxonomy":"product_cat","embeddable":true,"href":"https:\/\/stvega.net\/pl\/wp-json\/wp\/v2\/product_cat?post=10752"},{"taxonomy":"product_tag","embeddable":true,"href":"https:\/\/stvega.net\/pl\/wp-json\/wp\/v2\/product_tag?post=10752"}],"curies":[{"name":"wp","href":"https:\/\/api.w.org\/{rel}","templated":true}]}}