{"id":10637,"date":"2025-08-20T10:06:50","date_gmt":"2025-08-20T07:06:50","guid":{"rendered":"https:\/\/stvega.net\/product\/wykrywacz-metali-do-produktow-cieklych-stvega-md-l\/"},"modified":"2025-08-20T10:06:50","modified_gmt":"2025-08-20T07:06:50","slug":"wykrywacz-metali-do-produktow-cieklych-stvega-md-l","status":"publish","type":"product","link":"https:\/\/stvega.net\/pl\/product\/wykrywacz-metali-do-produktow-cieklych-stvega-md-l\/","title":{"rendered":"Wykrywacz metali do produkt\u00f3w ciek\u0142ych STvega MD-L"},"content":{"rendered":"<p><b>STvega MD-L<\/b><span style=\"font-weight: 400;\"> to niezawodny system kontroli przep\u0142ywu, zaprojektowany do wykrywania i usuwania metalowych inkluzji (\u017celaza, metali nie\u017celaznych i stali nierdzewnej) bezpo\u015brednio podczas transportu produktu wzd\u0142u\u017c linii. Sprz\u0119t gwarantuje wysoki poziom bezpiecze\u0144stwa \u017cywno\u015bci przed etapem pakowania, co jest kluczowe dla ochrony reputacji marki i zgodno\u015bci ze standardami HACCP.  pasztety, produkty mleczne i mielone mi\u0119so.<\/span><\/p>\n<p><b>Zasada dzia\u0142ania<\/b><b>:<\/b><\/p>\n<p><span style=\"font-weight: 400;\">Wykrywacz metalu jest bezpo\u015brednio zintegrowany z lini\u0105 technologiczn\u0105 dostawy produktu o \u015brednicy 50 lub 60 mm. Gdy przep\u0142yw przep\u0142ywa przez stref\u0119 o wysokiej precyzji, system analizuje surowce w czasie rzeczywistym pod k\u0105tem obecno\u015bci obcych cz\u0105stek. Je\u015bli wykryto metaliczne zanieczyszczenie, inteligentny sterownik natychmiast aktywuje tr\u00f3jdro\u017cny zaw\u00f3r prze\u0142\u0105czaj\u0105cy (rozdzielacz). Ten w\u0119ze\u0142 automatycznie przekierowuje ska\u017con\u0105 cz\u0119\u015b\u0107 produktu do osobnego przedzia\u0142u, podczas gdy g\u0142\u00f3wny przep\u0142yw czystych surowc\u00f3w nadal si\u0119 porusza, nie zatrzymuj\u0105c cyklu produkcyjnego.     <\/span><\/p>\n<p><b>Zalety sprz\u0119tu:<\/b><\/p>\n<ul>\n<li style=\"font-weight: 400;\" aria-level=\"1\"><span style=\"font-weight: 400;\">System wykrywania o wysokiej precyzji zapewnia niezawodne wykrywanie najmniejszych cz\u0105stek \u017celaza, metali nie\u017celaznych i stali nierdzewnej, nawet w g\u0119stych produktach pastowych.<\/span><\/li>\n<li style=\"font-weight: 400;\" aria-level=\"1\"><span style=\"font-weight: 400;\">Zintegrowany zaw\u00f3r z tr\u00f3jdro\u017cnym prze\u0142\u0105cznikiem pozwala natychmiast odizolowa\u0107 ska\u017con\u0105 cz\u0119\u015b\u0107 surowc\u00f3w, kieruj\u0105c j\u0105 do osobnego wylotu bez przerywania og\u00f3lnego przep\u0142ywu.<\/span><\/li>\n<li style=\"font-weight: 400;\" aria-level=\"1\"><span style=\"font-weight: 400;\">Automatyzacja procesu sterowania gwarantuje ci\u0105g\u0142o\u015b\u0107 produkcji, poniewa\u017c system nie wymaga ca\u0142kowitego zatrzymania linii ani interwencji operatora przy ka\u017cdej operacji.<\/span><\/li>\n<li style=\"font-weight: 400;\" aria-level=\"1\"><span style=\"font-weight: 400;\">Podw\u00f3jny system ostrzegawczy z sygna\u0142ami \u015bwietlnymi i d\u017awi\u0119kowymi informuje personel na czas o dzia\u0142aniu systemu odrzutowego, co zwi\u0119ksza og\u00f3lne bezpiecze\u0144stwo warsztatu.<\/span><\/li>\n<li style=\"font-weight: 400;\" aria-level=\"1\"><span style=\"font-weight: 400;\">Mo\u017cliwo\u015b\u0107 wyboru \u015brednicy linii za\u0142adunkowej (50 lub 60 mm) na etapie zam\u00f3wienia pozwala jak najdok\u0142adniej dostosowa\u0107 sprz\u0119t do specyfiki produktu.<\/span><\/li>\n<li style=\"font-weight: 400;\" aria-level=\"1\"><span style=\"font-weight: 400;\">Pneumatyczna jednostka przygotowania powietrza z regulatorem ci\u015bnienia chroni si\u0142owniki przed wilgoci\u0105 i kurzem, zapewniaj\u0105c stabiln\u0105 prac\u0119 systemu odrzutowego.<\/span><\/li>\n<li style=\"font-weight: 400;\" aria-level=\"1\"><span style=\"font-weight: 400;\">Konstrukcja obudowy i przewod\u00f3w wykonanych ze stali nierdzewnej o jako\u015bci spo\u017cywczej znacznie upraszcza codzienn\u0105 higien\u0119 i zapewnia trwa\u0142o\u015b\u0107 sprz\u0119tu w warunkach wysokiej wilgotno\u015bci.<\/span><\/li>\n<\/ul>\n<p>&nbsp;<\/p>\n\t<div class=\"section video\">\n\t\t<div class=\"row\">\n\t\t\t\t\t\t\t\t\t\t\t\t<div class=\"col-md-4 col-12\">\n\t\t\t\t\t\t<div class=\"container-lazyload preview-lazyload container-youtube js-lazyload--not-loaded\"><a href=\"https:\/\/www.youtube.com\/watch?v=WVQl08bJHtE\" class=\"lazy-load-youtube preview-lazyload preview-youtube\" data-video-title=\"\u041c\u0435\u0442\u0430\u043b\u043e\u0434\u0435\u0442\u0435\u043a\u0442\u043e\u0440 \u0434\u043b\u044f \u0440\u0456\u0434\u043a\u0438\u0445 \u043f\u0440\u043e\u0434\u0443\u043a\u0442\u0456\u0432 STvega MD\u2011L - \u0442\u043e\u0447\u043d\u0438\u0439 \u043a\u043e\u043d\u0442\u0440\u043e\u043b\u044c \u044f\u043a\u043e\u0441\u0442\u0456 \u043d\u0430 \u0432\u0438\u0440\u043e\u0431\u043d\u0438\u0446\u0442\u0432\u0456\" title=\"Play video &quot;\u041c\u0435\u0442\u0430\u043b\u043e\u0434\u0435\u0442\u0435\u043a\u0442\u043e\u0440 \u0434\u043b\u044f \u0440\u0456\u0434\u043a\u0438\u0445 \u043f\u0440\u043e\u0434\u0443\u043a\u0442\u0456\u0432 STvega MD\u2011L - \u0442\u043e\u0447\u043d\u0438\u0439 \u043a\u043e\u043d\u0442\u0440\u043e\u043b\u044c \u044f\u043a\u043e\u0441\u0442\u0456 \u043d\u0430 \u0432\u0438\u0440\u043e\u0431\u043d\u0438\u0446\u0442\u0432\u0456&quot;\">https:\/\/www.youtube.com\/watch?v=WVQl08bJHtE<\/a><noscript>Video can&#8217;t be loaded because JavaScript is disabled: <a href=\"https:\/\/www.youtube.com\/watch?v=WVQl08bJHtE\" title=\"\u041c\u0435\u0442\u0430\u043b\u043e\u0434\u0435\u0442\u0435\u043a\u0442\u043e\u0440 \u0434\u043b\u044f \u0440\u0456\u0434\u043a\u0438\u0445 \u043f\u0440\u043e\u0434\u0443\u043a\u0442\u0456\u0432 STvega MD\u2011L - \u0442\u043e\u0447\u043d\u0438\u0439 \u043a\u043e\u043d\u0442\u0440\u043e\u043b\u044c \u044f\u043a\u043e\u0441\u0442\u0456 \u043d\u0430 \u0432\u0438\u0440\u043e\u0431\u043d\u0438\u0446\u0442\u0432\u0456\">\u041c\u0435\u0442\u0430\u043b\u043e\u0434\u0435\u0442\u0435\u043a\u0442\u043e\u0440 \u0434\u043b\u044f \u0440\u0456\u0434\u043a\u0438\u0445 \u043f\u0440\u043e\u0434\u0443\u043a\u0442\u0456\u0432 STvega MD\u2011L &#8211; \u0442\u043e\u0447\u043d\u0438\u0439 \u043a\u043e\u043d\u0442\u0440\u043e\u043b\u044c \u044f\u043a\u043e\u0441\u0442\u0456 \u043d\u0430 \u0432\u0438\u0440\u043e\u0431\u043d\u0438\u0446\u0442\u0432\u0456 (https:\/\/www.youtube.com\/watch?v=WVQl08bJHtE)<\/a><\/noscript><\/div>\n\t\t\t\t\t<\/div>\n\t\t\t\t\t\t\t\t\t<\/div>\n\t<\/div>\n\t\t","protected":false},"excerpt":{"rendered":"<p><b>STvega MD-L<\/b><span style=\"font-weight: 400;\"> to niezawodny system kontroli przep\u0142ywu zaprojektowany do wykrywania i usuwania inkluzji metali (\u017celaza, metali nie\u017celaznych i stali nierdzewnej) bezpo\u015brednio podczas transportu produktu lini\u0105.<\/span><\/p>\n<p><strong>Specyfikacje:<\/strong><\/p>\n<p>[table id=&#8221;372&#8243; \/]<\/p>\n<p><span style=\"color: #0000ff;\"><strong>Unikalno\u015b\u0107 maszyny: <\/strong>Urz\u0105dzenie pracuje nieprzerwanie i nie musi przerywa\u0107 procesu po wykryciu obcych cz\u0105stek.<\/span><\/p>\n<p>&nbsp;<\/p>\n","protected":false},"featured_media":10639,"comment_status":"open","ping_status":"closed","template":"","meta":{"_acf_changed":false,"inline_featured_image":false},"product_brand":[],"product_cat":[3635,3656],"product_tag":[4074,4068,4070,4072,4083,4049,4054,4066,4080,4064,4058,4062,4046,4078,4053,4051,4060,4056,4076],"class_list":{"0":"post-10637","1":"product","2":"type-product","3":"status-publish","4":"has-post-thumbnail","6":"product_cat-inspekcja-i-transport","7":"product_cat-wykrywacze-metalu","8":"product_tag-automatyczny-system-kontroli-zanieczyszczen","9":"product_tag-detektor-metalu-z-podwojnym-wyjsciem","10":"product_tag-integracja-wykrywacza-metalu-z-linia-produkcyjna","11":"product_tag-kontrola-jakosci-w-przemysle-spozywczym","12":"product_tag-przemyslowy-wykrywacz-metalu-do-produktow","13":"product_tag-przemyslowy-wykrywacz-metalu-do-zywnosci","14":"product_tag-sprzet-do-kontroli-bezpieczenstwa-zywnosci","15":"product_tag-system-odrzutu-dla-produktow-skazonych","16":"product_tag-wykrywacz-inkluzji-metalowych-w-produktach","17":"product_tag-wykrywacz-metali-dla-przemyslu-cukierniczego","18":"product_tag-wykrywacz-metali-dla-przemyslu-mleczarskiego","19":"product_tag-wykrywacz-metali-produktow-rybnych","20":"product_tag-wykrywacz-metalu","21":"product_tag-wykrywacz-metalu-do-produkcji-zywnosci","22":"product_tag-wykrywacz-metalu-do-produktow-pastowych","23":"product_tag-wykrywacz-metalu-produktow-cieklych","24":"product_tag-wykrywacz-metalu-produktow-miesnych","25":"product_tag-wykrywanie-zanieczyszczen-metali-w-produktach","26":"product_tag-zywnosc-do-wykrywacza-metalu-ze-stali-nierdzewnej","28":"first","29":"instock","30":"shipping-taxable","31":"product-type-simple"},"acf":[],"yoast_head":"<!-- This site is optimized with the Yoast SEO plugin v27.5 - https:\/\/yoast.com\/product\/yoast-seo-wordpress\/ -->\n<title>Wykrywacz metali do produkt\u00f3w ciek\u0142ych STvega MD-L \u043a\u0443\u043f\u0438\u0442\u0438 \u0437\u0430 \u0432\u0438\u0433\u0456\u0434\u043d\u043e\u044e \u0446\u0456\u043d\u043e\u044e \u0432 \u043c\u0430\u0433\u0430\u0437\u0438\u043d\u0456 STvega<\/title>\n<meta name=\"description\" content=\"Wykrywacz metali do produkt\u00f3w ciek\u0142ych STvega MD-L | \u043a\u0443\u043f\u0438\u0442\u0438 \u0437\u0430 \ud83c\udf1f\u0432\u0438\u0433\u0456\u0434\u043d\u043e\u044e \u0446\u0456\u043d\u043e\u044e \u0432 \u043c\u0430\u0433\u0430\u0437\u0438\u043d\u0456 STvega\" \/>\n<meta name=\"robots\" content=\"index, follow, max-snippet:-1, max-image-preview:large, max-video-preview:-1\" \/>\n<link rel=\"canonical\" href=\"https:\/\/stvega.net\/pl\/product\/wykrywacz-metali-do-produktow-cieklych-stvega-md-l\/\" \/>\n<meta property=\"og:locale\" content=\"pl_PL\" \/>\n<meta property=\"og:type\" content=\"article\" \/>\n<meta property=\"og:title\" content=\"Wykrywacz metali do produkt\u00f3w ciek\u0142ych STvega MD-L \u043a\u0443\u043f\u0438\u0442\u0438 \u0437\u0430 \u0432\u0438\u0433\u0456\u0434\u043d\u043e\u044e \u0446\u0456\u043d\u043e\u044e \u0432 \u043c\u0430\u0433\u0430\u0437\u0438\u043d\u0456 STvega\" \/>\n<meta property=\"og:description\" content=\"Wykrywacz metali do produkt\u00f3w ciek\u0142ych STvega MD-L | \u043a\u0443\u043f\u0438\u0442\u0438 \u0437\u0430 \ud83c\udf1f\u0432\u0438\u0433\u0456\u0434\u043d\u043e\u044e \u0446\u0456\u043d\u043e\u044e \u0432 \u043c\u0430\u0433\u0430\u0437\u0438\u043d\u0456 STvega\" \/>\n<meta property=\"og:url\" content=\"https:\/\/stvega.net\/pl\/product\/wykrywacz-metali-do-produktow-cieklych-stvega-md-l\/\" \/>\n<meta property=\"og:site_name\" content=\"\u0448\u0438\u0440\u043e\u043a\u0438\u0439 \u0430\u0441\u043e\u0440\u0442\u0438\u043c\u0435\u043d\u0442 \u0445\u0430\u0440\u0447\u043e\u0432\u043e\u0433\u043e \u043f\u0440\u043e\u043c\u0438\u0441\u043b\u043e\u0432\u043e\u0433\u043e \u043e\u0431\u043b\u0430\u0434\u043d\u0430\u043d\u043d\u044f \u0434\u043b\u044f \u043f\u0435\u0440\u0435\u0440\u043e\u0431\u043a\u0438 \u043c\u2019\u044f\u0441\u0430, \u043e\u0432\u043e\u0447\u0456\u0432 \u0456 \u0444\u0440\u0443\u043a\u0442\u0456\u0432\u2b50\u0412\u0438\u0433\u0456\u0434\u043d\u0456 \u0446\u0456\u043d\u0438 \ud83e\uddbe\u0412\u0438\u0440\u043e\u0431\u043d\u0438\u0447\u0456 \u043b\u0456\u043d\u0456\u0457 \u043f\u0456\u0434 \u043a\u043b\u044e\u0447\ud83d\ude9a \u0414\u043e\u0441\u0442\u0430\u0432\u043a\u0430 \ud83d\udee0\u0421\u0435\u0440\u0432\u0456\u0441\" \/>\n<meta property=\"article:publisher\" content=\"https:\/\/www.facebook.com\/share\/9F1B4VxaHAC9E9HB\/?mibextid=qi2Omg\" \/>\n<meta property=\"og:image\" content=\"https:\/\/stvega.net\/wp-content\/uploads\/2025\/08\/metalodetektor-dlya-ridkyh-produktiv-stvega-md-l.png\" \/>\n\t<meta property=\"og:image:width\" content=\"500\" \/>\n\t<meta property=\"og:image:height\" content=\"500\" \/>\n\t<meta property=\"og:image:type\" content=\"image\/png\" \/>\n<meta name=\"twitter:card\" content=\"summary_large_image\" \/>\n<meta name=\"twitter:label1\" content=\"Szacowany czas czytania\" \/>\n\t<meta name=\"twitter:data1\" content=\"2 minuty\" \/>\n<script type=\"application\/ld+json\" class=\"yoast-schema-graph\">{\"@context\":\"https:\\\/\\\/schema.org\",\"@graph\":[{\"@type\":\"WebPage\",\"@id\":\"https:\\\/\\\/stvega.net\\\/pl\\\/product\\\/wykrywacz-metali-do-produktow-cieklych-stvega-md-l\\\/\",\"url\":\"https:\\\/\\\/stvega.net\\\/pl\\\/product\\\/wykrywacz-metali-do-produktow-cieklych-stvega-md-l\\\/\",\"name\":\"Wykrywacz metali do produkt\u00f3w ciek\u0142ych STvega MD-L \u043a\u0443\u043f\u0438\u0442\u0438 \u0437\u0430 \u0432\u0438\u0433\u0456\u0434\u043d\u043e\u044e \u0446\u0456\u043d\u043e\u044e \u0432 \u043c\u0430\u0433\u0430\u0437\u0438\u043d\u0456 STvega\",\"isPartOf\":{\"@id\":\"https:\\\/\\\/stvega.net\\\/pl\\\/#website\"},\"primaryImageOfPage\":{\"@id\":\"https:\\\/\\\/stvega.net\\\/pl\\\/product\\\/wykrywacz-metali-do-produktow-cieklych-stvega-md-l\\\/#primaryimage\"},\"image\":{\"@id\":\"https:\\\/\\\/stvega.net\\\/pl\\\/product\\\/wykrywacz-metali-do-produktow-cieklych-stvega-md-l\\\/#primaryimage\"},\"thumbnailUrl\":\"https:\\\/\\\/stvega.net\\\/wp-content\\\/uploads\\\/2025\\\/08\\\/metalodetektor-dlya-ridkyh-produktiv-stvega-md-l.png\",\"datePublished\":\"2025-08-20T07:06:50+00:00\",\"description\":\"Wykrywacz metali do produkt\u00f3w ciek\u0142ych STvega MD-L | \u043a\u0443\u043f\u0438\u0442\u0438 \u0437\u0430 \ud83c\udf1f\u0432\u0438\u0433\u0456\u0434\u043d\u043e\u044e \u0446\u0456\u043d\u043e\u044e \u0432 \u043c\u0430\u0433\u0430\u0437\u0438\u043d\u0456 STvega\",\"breadcrumb\":{\"@id\":\"https:\\\/\\\/stvega.net\\\/pl\\\/product\\\/wykrywacz-metali-do-produktow-cieklych-stvega-md-l\\\/#breadcrumb\"},\"inLanguage\":\"pl-PL\",\"potentialAction\":[{\"@type\":\"ReadAction\",\"target\":[\"https:\\\/\\\/stvega.net\\\/pl\\\/product\\\/wykrywacz-metali-do-produktow-cieklych-stvega-md-l\\\/\"]}]},{\"@type\":\"ImageObject\",\"inLanguage\":\"pl-PL\",\"@id\":\"https:\\\/\\\/stvega.net\\\/pl\\\/product\\\/wykrywacz-metali-do-produktow-cieklych-stvega-md-l\\\/#primaryimage\",\"url\":\"https:\\\/\\\/stvega.net\\\/wp-content\\\/uploads\\\/2025\\\/08\\\/metalodetektor-dlya-ridkyh-produktiv-stvega-md-l.png\",\"contentUrl\":\"https:\\\/\\\/stvega.net\\\/wp-content\\\/uploads\\\/2025\\\/08\\\/metalodetektor-dlya-ridkyh-produktiv-stvega-md-l.png\",\"width\":500,\"height\":500},{\"@type\":\"BreadcrumbList\",\"@id\":\"https:\\\/\\\/stvega.net\\\/pl\\\/product\\\/wykrywacz-metali-do-produktow-cieklych-stvega-md-l\\\/#breadcrumb\",\"itemListElement\":[{\"@type\":\"ListItem\",\"position\":1,\"name\":\"Dom\",\"item\":\"https:\\\/\\\/stvega.net\\\/pl\\\/\"},{\"@type\":\"ListItem\",\"position\":2,\"name\":\"Katalog\",\"item\":\"https:\\\/\\\/stvega.net\\\/katalog\\\/\"},{\"@type\":\"ListItem\",\"position\":3,\"name\":\"Wykrywacz metali do produkt\u00f3w ciek\u0142ych STvega MD-L\"}]},{\"@type\":\"WebSite\",\"@id\":\"https:\\\/\\\/stvega.net\\\/pl\\\/#website\",\"url\":\"https:\\\/\\\/stvega.net\\\/pl\\\/\",\"name\":\"STvega\",\"description\":\"\u0445\u0430\u0440\u0447\u043e\u0432\u0435 \u043f\u0440\u043e\u043c\u0438\u0441\u043b\u043e\u0432\u0435 \u043e\u0431\u043b\u0430\u0434\u043d\u0430\u043d\u043d\u044f\",\"publisher\":{\"@id\":\"https:\\\/\\\/stvega.net\\\/pl\\\/#organization\"},\"alternateName\":\"STvega - \u043e\u0432\u043e\u0447\u0435\u0440\u0456\u0437\u043a\u0438, \u0448\u043f\u0438\u0433\u043e\u0440\u0456\u0437\u043a\u0438, \u0441\u043b\u0430\u0439\u0441\u0435\u0440\u0438 \u0442\u0430 \u0456\u043d\u0448\u0435 \u0445\u0430\u0440\u0447\u043e\u0432\u0435 \u043e\u0431\u043b\u0430\u0434\u043d\u0430\u043d\u043d\u044f\",\"potentialAction\":[{\"@type\":\"SearchAction\",\"target\":{\"@type\":\"EntryPoint\",\"urlTemplate\":\"https:\\\/\\\/stvega.net\\\/pl\\\/?s={search_term_string}\"},\"query-input\":{\"@type\":\"PropertyValueSpecification\",\"valueRequired\":true,\"valueName\":\"search_term_string\"}}],\"inLanguage\":\"pl-PL\"},{\"@type\":\"Organization\",\"@id\":\"https:\\\/\\\/stvega.net\\\/pl\\\/#organization\",\"name\":\"STvega \u0425\u0410\u0420\u0427\u041e\u0412\u0415 \u041f\u0420\u041e\u041c\u0418\u0421\u041b\u041e\u0412\u0415 \u041e\u0411\u041b\u0410\u0414\u041d\u0410\u041d\u041d\u042f\",\"alternateName\":\"STvega - \u043e\u0432\u043e\u0447\u0435\u0440\u0456\u0437\u043a\u0438, \u0448\u043f\u0438\u0433\u043e\u0440\u0456\u0437\u043a\u0438, \u0441\u043b\u0430\u0439\u0441\u0435\u0440\u0438 \u0442\u0430 \u0456\u043d\u0448\u0435 \u0445\u0430\u0440\u0447\u043e\u0432\u0435 \u043e\u0431\u043b\u0430\u0434\u043d\u0430\u043d\u043d\u044f\",\"url\":\"https:\\\/\\\/stvega.net\\\/pl\\\/\",\"logo\":{\"@type\":\"ImageObject\",\"inLanguage\":\"pl-PL\",\"@id\":\"https:\\\/\\\/stvega.net\\\/pl\\\/#\\\/schema\\\/logo\\\/image\\\/\",\"url\":\"https:\\\/\\\/stvega.net\\\/wp-content\\\/uploads\\\/2024\\\/03\\\/dyzajn-bez-nazvanyya-1.png\",\"contentUrl\":\"https:\\\/\\\/stvega.net\\\/wp-content\\\/uploads\\\/2024\\\/03\\\/dyzajn-bez-nazvanyya-1.png\",\"width\":180,\"height\":180,\"caption\":\"STvega \u0425\u0410\u0420\u0427\u041e\u0412\u0415 \u041f\u0420\u041e\u041c\u0418\u0421\u041b\u041e\u0412\u0415 \u041e\u0411\u041b\u0410\u0414\u041d\u0410\u041d\u041d\u042f\"},\"image\":{\"@id\":\"https:\\\/\\\/stvega.net\\\/pl\\\/#\\\/schema\\\/logo\\\/image\\\/\"},\"sameAs\":[\"https:\\\/\\\/www.facebook.com\\\/share\\\/9F1B4VxaHAC9E9HB\\\/?mibextid=qi2Omg\"]}]}<\/script>\n<!-- \/ Yoast SEO plugin. -->","yoast_head_json":{"title":"Wykrywacz metali do produkt\u00f3w ciek\u0142ych STvega MD-L \u043a\u0443\u043f\u0438\u0442\u0438 \u0437\u0430 \u0432\u0438\u0433\u0456\u0434\u043d\u043e\u044e \u0446\u0456\u043d\u043e\u044e \u0432 \u043c\u0430\u0433\u0430\u0437\u0438\u043d\u0456 STvega","description":"Wykrywacz metali do produkt\u00f3w ciek\u0142ych STvega MD-L | \u043a\u0443\u043f\u0438\u0442\u0438 \u0437\u0430 \ud83c\udf1f\u0432\u0438\u0433\u0456\u0434\u043d\u043e\u044e \u0446\u0456\u043d\u043e\u044e \u0432 \u043c\u0430\u0433\u0430\u0437\u0438\u043d\u0456 STvega","robots":{"index":"index","follow":"follow","max-snippet":"max-snippet:-1","max-image-preview":"max-image-preview:large","max-video-preview":"max-video-preview:-1"},"canonical":"https:\/\/stvega.net\/pl\/product\/wykrywacz-metali-do-produktow-cieklych-stvega-md-l\/","og_locale":"pl_PL","og_type":"article","og_title":"Wykrywacz metali do produkt\u00f3w ciek\u0142ych STvega MD-L \u043a\u0443\u043f\u0438\u0442\u0438 \u0437\u0430 \u0432\u0438\u0433\u0456\u0434\u043d\u043e\u044e \u0446\u0456\u043d\u043e\u044e \u0432 \u043c\u0430\u0433\u0430\u0437\u0438\u043d\u0456 STvega","og_description":"Wykrywacz metali do produkt\u00f3w ciek\u0142ych STvega MD-L | \u043a\u0443\u043f\u0438\u0442\u0438 \u0437\u0430 \ud83c\udf1f\u0432\u0438\u0433\u0456\u0434\u043d\u043e\u044e \u0446\u0456\u043d\u043e\u044e \u0432 \u043c\u0430\u0433\u0430\u0437\u0438\u043d\u0456 STvega","og_url":"https:\/\/stvega.net\/pl\/product\/wykrywacz-metali-do-produktow-cieklych-stvega-md-l\/","og_site_name":"\u0448\u0438\u0440\u043e\u043a\u0438\u0439 \u0430\u0441\u043e\u0440\u0442\u0438\u043c\u0435\u043d\u0442 \u0445\u0430\u0440\u0447\u043e\u0432\u043e\u0433\u043e \u043f\u0440\u043e\u043c\u0438\u0441\u043b\u043e\u0432\u043e\u0433\u043e \u043e\u0431\u043b\u0430\u0434\u043d\u0430\u043d\u043d\u044f \u0434\u043b\u044f \u043f\u0435\u0440\u0435\u0440\u043e\u0431\u043a\u0438 \u043c\u2019\u044f\u0441\u0430, \u043e\u0432\u043e\u0447\u0456\u0432 \u0456 \u0444\u0440\u0443\u043a\u0442\u0456\u0432\u2b50\u0412\u0438\u0433\u0456\u0434\u043d\u0456 \u0446\u0456\u043d\u0438 \ud83e\uddbe\u0412\u0438\u0440\u043e\u0431\u043d\u0438\u0447\u0456 \u043b\u0456\u043d\u0456\u0457 \u043f\u0456\u0434 \u043a\u043b\u044e\u0447\ud83d\ude9a \u0414\u043e\u0441\u0442\u0430\u0432\u043a\u0430 \ud83d\udee0\u0421\u0435\u0440\u0432\u0456\u0441","article_publisher":"https:\/\/www.facebook.com\/share\/9F1B4VxaHAC9E9HB\/?mibextid=qi2Omg","og_image":[{"width":500,"height":500,"url":"https:\/\/stvega.net\/wp-content\/uploads\/2025\/08\/metalodetektor-dlya-ridkyh-produktiv-stvega-md-l.png","type":"image\/png"}],"twitter_card":"summary_large_image","twitter_misc":{"Szacowany czas czytania":"2 minuty"},"schema":{"@context":"https:\/\/schema.org","@graph":[{"@type":"WebPage","@id":"https:\/\/stvega.net\/pl\/product\/wykrywacz-metali-do-produktow-cieklych-stvega-md-l\/","url":"https:\/\/stvega.net\/pl\/product\/wykrywacz-metali-do-produktow-cieklych-stvega-md-l\/","name":"Wykrywacz metali do produkt\u00f3w ciek\u0142ych STvega MD-L \u043a\u0443\u043f\u0438\u0442\u0438 \u0437\u0430 \u0432\u0438\u0433\u0456\u0434\u043d\u043e\u044e \u0446\u0456\u043d\u043e\u044e \u0432 \u043c\u0430\u0433\u0430\u0437\u0438\u043d\u0456 STvega","isPartOf":{"@id":"https:\/\/stvega.net\/pl\/#website"},"primaryImageOfPage":{"@id":"https:\/\/stvega.net\/pl\/product\/wykrywacz-metali-do-produktow-cieklych-stvega-md-l\/#primaryimage"},"image":{"@id":"https:\/\/stvega.net\/pl\/product\/wykrywacz-metali-do-produktow-cieklych-stvega-md-l\/#primaryimage"},"thumbnailUrl":"https:\/\/stvega.net\/wp-content\/uploads\/2025\/08\/metalodetektor-dlya-ridkyh-produktiv-stvega-md-l.png","datePublished":"2025-08-20T07:06:50+00:00","description":"Wykrywacz metali do produkt\u00f3w ciek\u0142ych STvega MD-L | \u043a\u0443\u043f\u0438\u0442\u0438 \u0437\u0430 \ud83c\udf1f\u0432\u0438\u0433\u0456\u0434\u043d\u043e\u044e \u0446\u0456\u043d\u043e\u044e \u0432 \u043c\u0430\u0433\u0430\u0437\u0438\u043d\u0456 STvega","breadcrumb":{"@id":"https:\/\/stvega.net\/pl\/product\/wykrywacz-metali-do-produktow-cieklych-stvega-md-l\/#breadcrumb"},"inLanguage":"pl-PL","potentialAction":[{"@type":"ReadAction","target":["https:\/\/stvega.net\/pl\/product\/wykrywacz-metali-do-produktow-cieklych-stvega-md-l\/"]}]},{"@type":"ImageObject","inLanguage":"pl-PL","@id":"https:\/\/stvega.net\/pl\/product\/wykrywacz-metali-do-produktow-cieklych-stvega-md-l\/#primaryimage","url":"https:\/\/stvega.net\/wp-content\/uploads\/2025\/08\/metalodetektor-dlya-ridkyh-produktiv-stvega-md-l.png","contentUrl":"https:\/\/stvega.net\/wp-content\/uploads\/2025\/08\/metalodetektor-dlya-ridkyh-produktiv-stvega-md-l.png","width":500,"height":500},{"@type":"BreadcrumbList","@id":"https:\/\/stvega.net\/pl\/product\/wykrywacz-metali-do-produktow-cieklych-stvega-md-l\/#breadcrumb","itemListElement":[{"@type":"ListItem","position":1,"name":"Dom","item":"https:\/\/stvega.net\/pl\/"},{"@type":"ListItem","position":2,"name":"Katalog","item":"https:\/\/stvega.net\/katalog\/"},{"@type":"ListItem","position":3,"name":"Wykrywacz metali do produkt\u00f3w ciek\u0142ych STvega MD-L"}]},{"@type":"WebSite","@id":"https:\/\/stvega.net\/pl\/#website","url":"https:\/\/stvega.net\/pl\/","name":"STvega","description":"\u0445\u0430\u0440\u0447\u043e\u0432\u0435 \u043f\u0440\u043e\u043c\u0438\u0441\u043b\u043e\u0432\u0435 \u043e\u0431\u043b\u0430\u0434\u043d\u0430\u043d\u043d\u044f","publisher":{"@id":"https:\/\/stvega.net\/pl\/#organization"},"alternateName":"STvega - \u043e\u0432\u043e\u0447\u0435\u0440\u0456\u0437\u043a\u0438, \u0448\u043f\u0438\u0433\u043e\u0440\u0456\u0437\u043a\u0438, \u0441\u043b\u0430\u0439\u0441\u0435\u0440\u0438 \u0442\u0430 \u0456\u043d\u0448\u0435 \u0445\u0430\u0440\u0447\u043e\u0432\u0435 \u043e\u0431\u043b\u0430\u0434\u043d\u0430\u043d\u043d\u044f","potentialAction":[{"@type":"SearchAction","target":{"@type":"EntryPoint","urlTemplate":"https:\/\/stvega.net\/pl\/?s={search_term_string}"},"query-input":{"@type":"PropertyValueSpecification","valueRequired":true,"valueName":"search_term_string"}}],"inLanguage":"pl-PL"},{"@type":"Organization","@id":"https:\/\/stvega.net\/pl\/#organization","name":"STvega \u0425\u0410\u0420\u0427\u041e\u0412\u0415 \u041f\u0420\u041e\u041c\u0418\u0421\u041b\u041e\u0412\u0415 \u041e\u0411\u041b\u0410\u0414\u041d\u0410\u041d\u041d\u042f","alternateName":"STvega - \u043e\u0432\u043e\u0447\u0435\u0440\u0456\u0437\u043a\u0438, \u0448\u043f\u0438\u0433\u043e\u0440\u0456\u0437\u043a\u0438, \u0441\u043b\u0430\u0439\u0441\u0435\u0440\u0438 \u0442\u0430 \u0456\u043d\u0448\u0435 \u0445\u0430\u0440\u0447\u043e\u0432\u0435 \u043e\u0431\u043b\u0430\u0434\u043d\u0430\u043d\u043d\u044f","url":"https:\/\/stvega.net\/pl\/","logo":{"@type":"ImageObject","inLanguage":"pl-PL","@id":"https:\/\/stvega.net\/pl\/#\/schema\/logo\/image\/","url":"https:\/\/stvega.net\/wp-content\/uploads\/2024\/03\/dyzajn-bez-nazvanyya-1.png","contentUrl":"https:\/\/stvega.net\/wp-content\/uploads\/2024\/03\/dyzajn-bez-nazvanyya-1.png","width":180,"height":180,"caption":"STvega \u0425\u0410\u0420\u0427\u041e\u0412\u0415 \u041f\u0420\u041e\u041c\u0418\u0421\u041b\u041e\u0412\u0415 \u041e\u0411\u041b\u0410\u0414\u041d\u0410\u041d\u041d\u042f"},"image":{"@id":"https:\/\/stvega.net\/pl\/#\/schema\/logo\/image\/"},"sameAs":["https:\/\/www.facebook.com\/share\/9F1B4VxaHAC9E9HB\/?mibextid=qi2Omg"]}]}},"_links":{"self":[{"href":"https:\/\/stvega.net\/pl\/wp-json\/wp\/v2\/product\/10637","targetHints":{"allow":["GET"]}}],"collection":[{"href":"https:\/\/stvega.net\/pl\/wp-json\/wp\/v2\/product"}],"about":[{"href":"https:\/\/stvega.net\/pl\/wp-json\/wp\/v2\/types\/product"}],"replies":[{"embeddable":true,"href":"https:\/\/stvega.net\/pl\/wp-json\/wp\/v2\/comments?post=10637"}],"wp:featuredmedia":[{"embeddable":true,"href":"https:\/\/stvega.net\/pl\/wp-json\/wp\/v2\/media\/10639"}],"wp:attachment":[{"href":"https:\/\/stvega.net\/pl\/wp-json\/wp\/v2\/media?parent=10637"}],"wp:term":[{"taxonomy":"product_brand","embeddable":true,"href":"https:\/\/stvega.net\/pl\/wp-json\/wp\/v2\/product_brand?post=10637"},{"taxonomy":"product_cat","embeddable":true,"href":"https:\/\/stvega.net\/pl\/wp-json\/wp\/v2\/product_cat?post=10637"},{"taxonomy":"product_tag","embeddable":true,"href":"https:\/\/stvega.net\/pl\/wp-json\/wp\/v2\/product_tag?post=10637"}],"curies":[{"name":"wp","href":"https:\/\/api.w.org\/{rel}","templated":true}]}}