{"id":10583,"date":"2026-01-30T11:25:09","date_gmt":"2026-01-30T08:25:09","guid":{"rendered":"https:\/\/stvega.net\/product\/maszyna-do-przycinania-sliny-do-wyciskania\/"},"modified":"2026-05-07T11:38:56","modified_gmt":"2026-05-07T08:38:56","slug":"maszyna-do-przycinania-sliny-do-wyciskania","status":"publish","type":"product","link":"https:\/\/stvega.net\/pl\/product\/maszyna-do-przycinania-sliny-do-wyciskania\/","title":{"rendered":"Maszyna do przycinania \u015bliny do wyciskania"},"content":{"rendered":"<p>Maszyna <strong>STvega Prune Pitting<\/strong> zosta\u0142a zaprojektowana do efektywnego i delikatnego wycinania \u015bliwek oraz innych suszonych owoc\u00f3w pestkowych o podobnej wielko\u015bci. Jest to nowoczesne rozwi\u0105zanie p\u00f3\u0142automatyczne, \u0142\u0105cz\u0105ce precyzj\u0119, wydajno\u015b\u0107 i higien\u0119, dzi\u0119ki czemu proces obr\u00f3bki jest szybki i stabilny. <\/p>\n<p>Sprz\u0119t b\u0119dzie idealnym rozwi\u0105zaniem dla ma\u0142ych i \u015brednich przedsi\u0119biorstw zajmuj\u0105cych si\u0119 przetw\u00f3rstwem owoc\u00f3w, pakowaniem produkt\u00f3w suszonych lub produkcj\u0105 nadzie\u0144 dla przemys\u0142u cukierniczego.<\/p>\n<p><strong> <\/strong><strong>Zasada dzia\u0142ania<\/strong><strong>:<\/strong><\/p>\n<p>Operator \u0142aduje \u015bliny na obracaj\u0105cy si\u0119 dysk, kt\u00f3ry automatycznie wprowadza owoce do miejsca przetwarzania. Ka\u017cdy owoc jest precyzyjnie utrwalany w kom\u00f3rce, po czym specjalny wypychacz pokarmu ostro\u017cnie usuwa kamie\u0144 i zachowuje kszta\u0142t i integralno\u015b\u0107 owocu. Gotowe wyj\u0119te \u015bliwki s\u0105 automatycznie wysy\u0142ane na tac\u0119 zbieraczki, natomiast nasiona s\u0105 wyrzucane osobno do pojemnika na odpady.  <\/p>\n<p><strong>Zalety sprz\u0119tu<\/strong><strong>:<\/strong><\/p>\n<ul>\n<li>Dzi\u0119ki przemy\u015blanej kinematyce jednostki roboczej, maszyna zapewnia czyste wg\u0142\u0119bianie przy minimalnej utracie mi\u0105\u017cszu.<\/li>\n<li>Tarcza obrotowa poda produkt r\u00f3wnomiernie, co zwi\u0119ksza stabilno\u015b\u0107 pracy podczas pracy.<\/li>\n<li>Konstrukcja sprz\u0119tu zapewnia wygodne czyszczenie po zako\u0144czeniu pracy.<\/li>\n<li>Kompaktowy rozmiar i \u0142atwa integracja sprawiaj\u0105, \u017ce sprz\u0119t jest przyst\u0119pnym rozwi\u0105zaniem dla firm, kt\u00f3re chc\u0105 zautomatyzowa\u0107 czasoch\u0142onny etap usuwania ko\u015bci.<\/li>\n<li>Wszystkie elementy zwi\u0105zane z produktem wykonane s\u0105 ze stali nierdzewnej i spe\u0142niaj\u0105 wymogi bezpiecze\u0144stwa \u017cywno\u015bci.<\/li>\n<\/ul>\n\t<div class=\"section video\">\n\t\t<div class=\"row\">\n\t\t\t\t\t\t\t\t\t\t\t\t<div class=\"col-md-4 col-12\">\n\t\t\t\t\t\t<div class=\"container-lazyload preview-lazyload container-youtube js-lazyload--not-loaded\"><a href=\"https:\/\/www.youtube.com\/watch?v=jgDvkZfp-zU\" class=\"lazy-load-youtube preview-lazyload preview-youtube\" data-video-title=\"\u041f\u0440\u043e\u043c\u0438\u0441\u043b\u043e\u0432\u0430 \u043c\u0430\u0448\u0438\u043d\u0430 \u0434\u043b\u044f \u0432\u0438\u0434\u0430\u043b\u0435\u043d\u043d\u044f \u043a\u0456\u0441\u0442\u043e\u0447\u043e\u043a \u0437 \u0447\u0435\u0440\u043d\u043e\u0441\u043b\u0438\u0432\u0443 \u0442\u0430 \u0456\u043d\u0448\u0438\u0445 \u0444\u0440\u0443\u043a\u0442\u0456\u0432 - STvega Prune Pitting\" title=\"Play video &quot;\u041f\u0440\u043e\u043c\u0438\u0441\u043b\u043e\u0432\u0430 \u043c\u0430\u0448\u0438\u043d\u0430 \u0434\u043b\u044f \u0432\u0438\u0434\u0430\u043b\u0435\u043d\u043d\u044f \u043a\u0456\u0441\u0442\u043e\u0447\u043e\u043a \u0437 \u0447\u0435\u0440\u043d\u043e\u0441\u043b\u0438\u0432\u0443 \u0442\u0430 \u0456\u043d\u0448\u0438\u0445 \u0444\u0440\u0443\u043a\u0442\u0456\u0432 - STvega Prune Pitting&quot;\">https:\/\/www.youtube.com\/watch?v=jgDvkZfp-zU<\/a><noscript>Video can&#8217;t be loaded because JavaScript is disabled: <a href=\"https:\/\/www.youtube.com\/watch?v=jgDvkZfp-zU\" title=\"\u041f\u0440\u043e\u043c\u0438\u0441\u043b\u043e\u0432\u0430 \u043c\u0430\u0448\u0438\u043d\u0430 \u0434\u043b\u044f \u0432\u0438\u0434\u0430\u043b\u0435\u043d\u043d\u044f \u043a\u0456\u0441\u0442\u043e\u0447\u043e\u043a \u0437 \u0447\u0435\u0440\u043d\u043e\u0441\u043b\u0438\u0432\u0443 \u0442\u0430 \u0456\u043d\u0448\u0438\u0445 \u0444\u0440\u0443\u043a\u0442\u0456\u0432 - STvega Prune Pitting\">\u041f\u0440\u043e\u043c\u0438\u0441\u043b\u043e\u0432\u0430 \u043c\u0430\u0448\u0438\u043d\u0430 \u0434\u043b\u044f \u0432\u0438\u0434\u0430\u043b\u0435\u043d\u043d\u044f \u043a\u0456\u0441\u0442\u043e\u0447\u043e\u043a \u0437 \u0447\u0435\u0440\u043d\u043e\u0441\u043b\u0438\u0432\u0443 \u0442\u0430 \u0456\u043d\u0448\u0438\u0445 \u0444\u0440\u0443\u043a\u0442\u0456\u0432 &#8211; STvega Prune Pitting (https:\/\/www.youtube.com\/watch?v=jgDvkZfp-zU)<\/a><\/noscript><\/div>\n\t\t\t\t\t<\/div>\n\t\t\t\t\t\t\t\t\t<\/div>\n\t<\/div>\n\t\t","protected":false},"excerpt":{"rendered":"<p>Maszyna <strong>STvega Prune Pitting<\/strong> zosta\u0142a zaprojektowana do efektywnego i delikatnego wycinania \u015bliwek oraz innych suszonych owoc\u00f3w pestkowych o podobnej wielko\u015bci.<\/p>\n<p><strong>Specyfikacje:<\/strong><\/p>\n<p>[table id=&#8221;397&#8243; \/]<\/p>\n<p><span style=\"color: #0000ff;\"><strong>Unikalno\u015b\u0107 maszyny:<\/strong> delikatnie usuwa ko\u015b\u0107 bez utraty miazgi, zapewniaj\u0105c stabiln\u0105 wydajno\u015b\u0107, higien\u0119 i profesjonalne efekty na kompaktowym sprz\u0119cie. <\/span> <\/p>\n<p>&nbsp;<\/p>\n","protected":false},"featured_media":10593,"comment_status":"open","ping_status":"closed","template":"","meta":{"_acf_changed":false,"inline_featured_image":false},"product_brand":[],"product_cat":[3551,3667],"product_tag":[4024,3968,3919,3935,3993,3911,3903,3943,3959,3978,4017,4005,3986,3927,3896,3951],"class_list":{"0":"post-10583","1":"product","2":"type-product","3":"status-publish","4":"has-post-thumbnail","6":"product_cat-maszyny-do-czyszczenia-pestek-nasion-i-ziaren","7":"product_cat-suszone-owoce","8":"product_tag-kompaktowa-maszyna-do-dziurkowania-kosci","9":"product_tag-maszyna-do-owocow-pestkowych","10":"product_tag-maszyna-do-przycinania","11":"product_tag-maszyna-do-suszenia-sliwek-z-jamkami","12":"product_tag-maszyna-do-suszonych-moreli-i-suszonych-sliwek","13":"product_tag-maszyna-do-uderzania-owocow-pestkowych","14":"product_tag-maszyna-do-usuwania-nasiew-przycinanych","15":"product_tag-obrobka-suszonych-przyciec","16":"product_tag-osuszanie-suszonych-owocow","17":"product_tag-polautomatyczna-maszyna-do-odgniezdzania","18":"product_tag-przemyslowa-maszyna-do-usuwania-kosci","19":"product_tag-sprzet-dla-przemyslu-cukierniczego","20":"product_tag-sprzet-do-nadzienia-owocowego","21":"product_tag-sprzet-do-nasiewania","22":"product_tag-sprzet-do-przetworstwa-owocow","23":"product_tag-sprzet-do-przetworstwa-suszonych-owocow","25":"first","26":"instock","27":"shipping-taxable","28":"product-type-simple"},"acf":[],"yoast_head":"<!-- This site is optimized with the Yoast SEO plugin v27.5 - https:\/\/yoast.com\/product\/yoast-seo-wordpress\/ -->\n<title>Maszyna do przycinania \u015bliny do wyciskania \u043a\u0443\u043f\u0438\u0442\u0438 \u0437\u0430 \u0432\u0438\u0433\u0456\u0434\u043d\u043e\u044e \u0446\u0456\u043d\u043e\u044e \u0432 \u043c\u0430\u0433\u0430\u0437\u0438\u043d\u0456 STvega<\/title>\n<meta name=\"description\" content=\"Maszyna do przycinania \u015bliny do wyciskania | \u043a\u0443\u043f\u0438\u0442\u0438 \u0437\u0430 \ud83c\udf1f\u0432\u0438\u0433\u0456\u0434\u043d\u043e\u044e \u0446\u0456\u043d\u043e\u044e \u0432 \u043c\u0430\u0433\u0430\u0437\u0438\u043d\u0456 STvega\" \/>\n<meta name=\"robots\" content=\"index, follow, max-snippet:-1, max-image-preview:large, max-video-preview:-1\" \/>\n<link rel=\"canonical\" href=\"https:\/\/stvega.net\/pl\/product\/maszyna-do-przycinania-sliny-do-wyciskania\/\" \/>\n<meta property=\"og:locale\" content=\"pl_PL\" \/>\n<meta property=\"og:type\" content=\"article\" \/>\n<meta property=\"og:title\" content=\"Maszyna do przycinania \u015bliny do wyciskania \u043a\u0443\u043f\u0438\u0442\u0438 \u0437\u0430 \u0432\u0438\u0433\u0456\u0434\u043d\u043e\u044e \u0446\u0456\u043d\u043e\u044e \u0432 \u043c\u0430\u0433\u0430\u0437\u0438\u043d\u0456 STvega\" \/>\n<meta property=\"og:description\" content=\"Maszyna do przycinania \u015bliny do wyciskania | \u043a\u0443\u043f\u0438\u0442\u0438 \u0437\u0430 \ud83c\udf1f\u0432\u0438\u0433\u0456\u0434\u043d\u043e\u044e \u0446\u0456\u043d\u043e\u044e \u0432 \u043c\u0430\u0433\u0430\u0437\u0438\u043d\u0456 STvega\" \/>\n<meta property=\"og:url\" content=\"https:\/\/stvega.net\/pl\/product\/maszyna-do-przycinania-sliny-do-wyciskania\/\" \/>\n<meta property=\"og:site_name\" content=\"\u0448\u0438\u0440\u043e\u043a\u0438\u0439 \u0430\u0441\u043e\u0440\u0442\u0438\u043c\u0435\u043d\u0442 \u0445\u0430\u0440\u0447\u043e\u0432\u043e\u0433\u043e \u043f\u0440\u043e\u043c\u0438\u0441\u043b\u043e\u0432\u043e\u0433\u043e \u043e\u0431\u043b\u0430\u0434\u043d\u0430\u043d\u043d\u044f \u0434\u043b\u044f \u043f\u0435\u0440\u0435\u0440\u043e\u0431\u043a\u0438 \u043c\u2019\u044f\u0441\u0430, \u043e\u0432\u043e\u0447\u0456\u0432 \u0456 \u0444\u0440\u0443\u043a\u0442\u0456\u0432\u2b50\u0412\u0438\u0433\u0456\u0434\u043d\u0456 \u0446\u0456\u043d\u0438 \ud83e\uddbe\u0412\u0438\u0440\u043e\u0431\u043d\u0438\u0447\u0456 \u043b\u0456\u043d\u0456\u0457 \u043f\u0456\u0434 \u043a\u043b\u044e\u0447\ud83d\ude9a \u0414\u043e\u0441\u0442\u0430\u0432\u043a\u0430 \ud83d\udee0\u0421\u0435\u0440\u0432\u0456\u0441\" \/>\n<meta property=\"article:publisher\" content=\"https:\/\/www.facebook.com\/share\/9F1B4VxaHAC9E9HB\/?mibextid=qi2Omg\" \/>\n<meta property=\"article:modified_time\" content=\"2026-05-07T08:38:56+00:00\" \/>\n<meta property=\"og:image\" content=\"https:\/\/stvega.net\/wp-content\/uploads\/2026\/01\/prune-pitting-2.png\" \/>\n\t<meta property=\"og:image:width\" content=\"590\" \/>\n\t<meta property=\"og:image:height\" content=\"590\" \/>\n\t<meta property=\"og:image:type\" content=\"image\/png\" \/>\n<meta name=\"twitter:card\" content=\"summary_large_image\" \/>\n<meta name=\"twitter:label1\" content=\"Szacowany czas czytania\" \/>\n\t<meta name=\"twitter:data1\" content=\"1 minuta\" \/>\n<script type=\"application\/ld+json\" class=\"yoast-schema-graph\">{\"@context\":\"https:\\\/\\\/schema.org\",\"@graph\":[{\"@type\":\"WebPage\",\"@id\":\"https:\\\/\\\/stvega.net\\\/pl\\\/product\\\/maszyna-do-przycinania-sliny-do-wyciskania\\\/\",\"url\":\"https:\\\/\\\/stvega.net\\\/pl\\\/product\\\/maszyna-do-przycinania-sliny-do-wyciskania\\\/\",\"name\":\"Maszyna do przycinania \u015bliny do wyciskania \u043a\u0443\u043f\u0438\u0442\u0438 \u0437\u0430 \u0432\u0438\u0433\u0456\u0434\u043d\u043e\u044e \u0446\u0456\u043d\u043e\u044e \u0432 \u043c\u0430\u0433\u0430\u0437\u0438\u043d\u0456 STvega\",\"isPartOf\":{\"@id\":\"https:\\\/\\\/stvega.net\\\/pl\\\/#website\"},\"primaryImageOfPage\":{\"@id\":\"https:\\\/\\\/stvega.net\\\/pl\\\/product\\\/maszyna-do-przycinania-sliny-do-wyciskania\\\/#primaryimage\"},\"image\":{\"@id\":\"https:\\\/\\\/stvega.net\\\/pl\\\/product\\\/maszyna-do-przycinania-sliny-do-wyciskania\\\/#primaryimage\"},\"thumbnailUrl\":\"https:\\\/\\\/stvega.net\\\/wp-content\\\/uploads\\\/2026\\\/01\\\/prune-pitting-2.png\",\"datePublished\":\"2026-01-30T08:25:09+00:00\",\"dateModified\":\"2026-05-07T08:38:56+00:00\",\"description\":\"Maszyna do przycinania \u015bliny do wyciskania | \u043a\u0443\u043f\u0438\u0442\u0438 \u0437\u0430 \ud83c\udf1f\u0432\u0438\u0433\u0456\u0434\u043d\u043e\u044e \u0446\u0456\u043d\u043e\u044e \u0432 \u043c\u0430\u0433\u0430\u0437\u0438\u043d\u0456 STvega\",\"breadcrumb\":{\"@id\":\"https:\\\/\\\/stvega.net\\\/pl\\\/product\\\/maszyna-do-przycinania-sliny-do-wyciskania\\\/#breadcrumb\"},\"inLanguage\":\"pl-PL\",\"potentialAction\":[{\"@type\":\"ReadAction\",\"target\":[\"https:\\\/\\\/stvega.net\\\/pl\\\/product\\\/maszyna-do-przycinania-sliny-do-wyciskania\\\/\"]}]},{\"@type\":\"ImageObject\",\"inLanguage\":\"pl-PL\",\"@id\":\"https:\\\/\\\/stvega.net\\\/pl\\\/product\\\/maszyna-do-przycinania-sliny-do-wyciskania\\\/#primaryimage\",\"url\":\"https:\\\/\\\/stvega.net\\\/wp-content\\\/uploads\\\/2026\\\/01\\\/prune-pitting-2.png\",\"contentUrl\":\"https:\\\/\\\/stvega.net\\\/wp-content\\\/uploads\\\/2026\\\/01\\\/prune-pitting-2.png\",\"width\":590,\"height\":590},{\"@type\":\"BreadcrumbList\",\"@id\":\"https:\\\/\\\/stvega.net\\\/pl\\\/product\\\/maszyna-do-przycinania-sliny-do-wyciskania\\\/#breadcrumb\",\"itemListElement\":[{\"@type\":\"ListItem\",\"position\":1,\"name\":\"Dom\",\"item\":\"https:\\\/\\\/stvega.net\\\/pl\\\/\"},{\"@type\":\"ListItem\",\"position\":2,\"name\":\"Katalog\",\"item\":\"https:\\\/\\\/stvega.net\\\/katalog\\\/\"},{\"@type\":\"ListItem\",\"position\":3,\"name\":\"Maszyna do przycinania \u015bliny do wyciskania\"}]},{\"@type\":\"WebSite\",\"@id\":\"https:\\\/\\\/stvega.net\\\/pl\\\/#website\",\"url\":\"https:\\\/\\\/stvega.net\\\/pl\\\/\",\"name\":\"STvega\",\"description\":\"\u0445\u0430\u0440\u0447\u043e\u0432\u0435 \u043f\u0440\u043e\u043c\u0438\u0441\u043b\u043e\u0432\u0435 \u043e\u0431\u043b\u0430\u0434\u043d\u0430\u043d\u043d\u044f\",\"publisher\":{\"@id\":\"https:\\\/\\\/stvega.net\\\/pl\\\/#organization\"},\"alternateName\":\"STvega - \u043e\u0432\u043e\u0447\u0435\u0440\u0456\u0437\u043a\u0438, \u0448\u043f\u0438\u0433\u043e\u0440\u0456\u0437\u043a\u0438, \u0441\u043b\u0430\u0439\u0441\u0435\u0440\u0438 \u0442\u0430 \u0456\u043d\u0448\u0435 \u0445\u0430\u0440\u0447\u043e\u0432\u0435 \u043e\u0431\u043b\u0430\u0434\u043d\u0430\u043d\u043d\u044f\",\"potentialAction\":[{\"@type\":\"SearchAction\",\"target\":{\"@type\":\"EntryPoint\",\"urlTemplate\":\"https:\\\/\\\/stvega.net\\\/pl\\\/?s={search_term_string}\"},\"query-input\":{\"@type\":\"PropertyValueSpecification\",\"valueRequired\":true,\"valueName\":\"search_term_string\"}}],\"inLanguage\":\"pl-PL\"},{\"@type\":\"Organization\",\"@id\":\"https:\\\/\\\/stvega.net\\\/pl\\\/#organization\",\"name\":\"STvega \u0425\u0410\u0420\u0427\u041e\u0412\u0415 \u041f\u0420\u041e\u041c\u0418\u0421\u041b\u041e\u0412\u0415 \u041e\u0411\u041b\u0410\u0414\u041d\u0410\u041d\u041d\u042f\",\"alternateName\":\"STvega - \u043e\u0432\u043e\u0447\u0435\u0440\u0456\u0437\u043a\u0438, \u0448\u043f\u0438\u0433\u043e\u0440\u0456\u0437\u043a\u0438, \u0441\u043b\u0430\u0439\u0441\u0435\u0440\u0438 \u0442\u0430 \u0456\u043d\u0448\u0435 \u0445\u0430\u0440\u0447\u043e\u0432\u0435 \u043e\u0431\u043b\u0430\u0434\u043d\u0430\u043d\u043d\u044f\",\"url\":\"https:\\\/\\\/stvega.net\\\/pl\\\/\",\"logo\":{\"@type\":\"ImageObject\",\"inLanguage\":\"pl-PL\",\"@id\":\"https:\\\/\\\/stvega.net\\\/pl\\\/#\\\/schema\\\/logo\\\/image\\\/\",\"url\":\"https:\\\/\\\/stvega.net\\\/wp-content\\\/uploads\\\/2024\\\/03\\\/dyzajn-bez-nazvanyya-1.png\",\"contentUrl\":\"https:\\\/\\\/stvega.net\\\/wp-content\\\/uploads\\\/2024\\\/03\\\/dyzajn-bez-nazvanyya-1.png\",\"width\":180,\"height\":180,\"caption\":\"STvega \u0425\u0410\u0420\u0427\u041e\u0412\u0415 \u041f\u0420\u041e\u041c\u0418\u0421\u041b\u041e\u0412\u0415 \u041e\u0411\u041b\u0410\u0414\u041d\u0410\u041d\u041d\u042f\"},\"image\":{\"@id\":\"https:\\\/\\\/stvega.net\\\/pl\\\/#\\\/schema\\\/logo\\\/image\\\/\"},\"sameAs\":[\"https:\\\/\\\/www.facebook.com\\\/share\\\/9F1B4VxaHAC9E9HB\\\/?mibextid=qi2Omg\"]}]}<\/script>\n<!-- \/ Yoast SEO plugin. -->","yoast_head_json":{"title":"Maszyna do przycinania \u015bliny do wyciskania \u043a\u0443\u043f\u0438\u0442\u0438 \u0437\u0430 \u0432\u0438\u0433\u0456\u0434\u043d\u043e\u044e \u0446\u0456\u043d\u043e\u044e \u0432 \u043c\u0430\u0433\u0430\u0437\u0438\u043d\u0456 STvega","description":"Maszyna do przycinania \u015bliny do wyciskania | \u043a\u0443\u043f\u0438\u0442\u0438 \u0437\u0430 \ud83c\udf1f\u0432\u0438\u0433\u0456\u0434\u043d\u043e\u044e \u0446\u0456\u043d\u043e\u044e \u0432 \u043c\u0430\u0433\u0430\u0437\u0438\u043d\u0456 STvega","robots":{"index":"index","follow":"follow","max-snippet":"max-snippet:-1","max-image-preview":"max-image-preview:large","max-video-preview":"max-video-preview:-1"},"canonical":"https:\/\/stvega.net\/pl\/product\/maszyna-do-przycinania-sliny-do-wyciskania\/","og_locale":"pl_PL","og_type":"article","og_title":"Maszyna do przycinania \u015bliny do wyciskania \u043a\u0443\u043f\u0438\u0442\u0438 \u0437\u0430 \u0432\u0438\u0433\u0456\u0434\u043d\u043e\u044e \u0446\u0456\u043d\u043e\u044e \u0432 \u043c\u0430\u0433\u0430\u0437\u0438\u043d\u0456 STvega","og_description":"Maszyna do przycinania \u015bliny do wyciskania | \u043a\u0443\u043f\u0438\u0442\u0438 \u0437\u0430 \ud83c\udf1f\u0432\u0438\u0433\u0456\u0434\u043d\u043e\u044e \u0446\u0456\u043d\u043e\u044e \u0432 \u043c\u0430\u0433\u0430\u0437\u0438\u043d\u0456 STvega","og_url":"https:\/\/stvega.net\/pl\/product\/maszyna-do-przycinania-sliny-do-wyciskania\/","og_site_name":"\u0448\u0438\u0440\u043e\u043a\u0438\u0439 \u0430\u0441\u043e\u0440\u0442\u0438\u043c\u0435\u043d\u0442 \u0445\u0430\u0440\u0447\u043e\u0432\u043e\u0433\u043e \u043f\u0440\u043e\u043c\u0438\u0441\u043b\u043e\u0432\u043e\u0433\u043e \u043e\u0431\u043b\u0430\u0434\u043d\u0430\u043d\u043d\u044f \u0434\u043b\u044f \u043f\u0435\u0440\u0435\u0440\u043e\u0431\u043a\u0438 \u043c\u2019\u044f\u0441\u0430, \u043e\u0432\u043e\u0447\u0456\u0432 \u0456 \u0444\u0440\u0443\u043a\u0442\u0456\u0432\u2b50\u0412\u0438\u0433\u0456\u0434\u043d\u0456 \u0446\u0456\u043d\u0438 \ud83e\uddbe\u0412\u0438\u0440\u043e\u0431\u043d\u0438\u0447\u0456 \u043b\u0456\u043d\u0456\u0457 \u043f\u0456\u0434 \u043a\u043b\u044e\u0447\ud83d\ude9a \u0414\u043e\u0441\u0442\u0430\u0432\u043a\u0430 \ud83d\udee0\u0421\u0435\u0440\u0432\u0456\u0441","article_publisher":"https:\/\/www.facebook.com\/share\/9F1B4VxaHAC9E9HB\/?mibextid=qi2Omg","article_modified_time":"2026-05-07T08:38:56+00:00","og_image":[{"width":590,"height":590,"url":"https:\/\/stvega.net\/wp-content\/uploads\/2026\/01\/prune-pitting-2.png","type":"image\/png"}],"twitter_card":"summary_large_image","twitter_misc":{"Szacowany czas czytania":"1 minuta"},"schema":{"@context":"https:\/\/schema.org","@graph":[{"@type":"WebPage","@id":"https:\/\/stvega.net\/pl\/product\/maszyna-do-przycinania-sliny-do-wyciskania\/","url":"https:\/\/stvega.net\/pl\/product\/maszyna-do-przycinania-sliny-do-wyciskania\/","name":"Maszyna do przycinania \u015bliny do wyciskania \u043a\u0443\u043f\u0438\u0442\u0438 \u0437\u0430 \u0432\u0438\u0433\u0456\u0434\u043d\u043e\u044e \u0446\u0456\u043d\u043e\u044e \u0432 \u043c\u0430\u0433\u0430\u0437\u0438\u043d\u0456 STvega","isPartOf":{"@id":"https:\/\/stvega.net\/pl\/#website"},"primaryImageOfPage":{"@id":"https:\/\/stvega.net\/pl\/product\/maszyna-do-przycinania-sliny-do-wyciskania\/#primaryimage"},"image":{"@id":"https:\/\/stvega.net\/pl\/product\/maszyna-do-przycinania-sliny-do-wyciskania\/#primaryimage"},"thumbnailUrl":"https:\/\/stvega.net\/wp-content\/uploads\/2026\/01\/prune-pitting-2.png","datePublished":"2026-01-30T08:25:09+00:00","dateModified":"2026-05-07T08:38:56+00:00","description":"Maszyna do przycinania \u015bliny do wyciskania | \u043a\u0443\u043f\u0438\u0442\u0438 \u0437\u0430 \ud83c\udf1f\u0432\u0438\u0433\u0456\u0434\u043d\u043e\u044e \u0446\u0456\u043d\u043e\u044e \u0432 \u043c\u0430\u0433\u0430\u0437\u0438\u043d\u0456 STvega","breadcrumb":{"@id":"https:\/\/stvega.net\/pl\/product\/maszyna-do-przycinania-sliny-do-wyciskania\/#breadcrumb"},"inLanguage":"pl-PL","potentialAction":[{"@type":"ReadAction","target":["https:\/\/stvega.net\/pl\/product\/maszyna-do-przycinania-sliny-do-wyciskania\/"]}]},{"@type":"ImageObject","inLanguage":"pl-PL","@id":"https:\/\/stvega.net\/pl\/product\/maszyna-do-przycinania-sliny-do-wyciskania\/#primaryimage","url":"https:\/\/stvega.net\/wp-content\/uploads\/2026\/01\/prune-pitting-2.png","contentUrl":"https:\/\/stvega.net\/wp-content\/uploads\/2026\/01\/prune-pitting-2.png","width":590,"height":590},{"@type":"BreadcrumbList","@id":"https:\/\/stvega.net\/pl\/product\/maszyna-do-przycinania-sliny-do-wyciskania\/#breadcrumb","itemListElement":[{"@type":"ListItem","position":1,"name":"Dom","item":"https:\/\/stvega.net\/pl\/"},{"@type":"ListItem","position":2,"name":"Katalog","item":"https:\/\/stvega.net\/katalog\/"},{"@type":"ListItem","position":3,"name":"Maszyna do przycinania \u015bliny do wyciskania"}]},{"@type":"WebSite","@id":"https:\/\/stvega.net\/pl\/#website","url":"https:\/\/stvega.net\/pl\/","name":"STvega","description":"\u0445\u0430\u0440\u0447\u043e\u0432\u0435 \u043f\u0440\u043e\u043c\u0438\u0441\u043b\u043e\u0432\u0435 \u043e\u0431\u043b\u0430\u0434\u043d\u0430\u043d\u043d\u044f","publisher":{"@id":"https:\/\/stvega.net\/pl\/#organization"},"alternateName":"STvega - \u043e\u0432\u043e\u0447\u0435\u0440\u0456\u0437\u043a\u0438, \u0448\u043f\u0438\u0433\u043e\u0440\u0456\u0437\u043a\u0438, \u0441\u043b\u0430\u0439\u0441\u0435\u0440\u0438 \u0442\u0430 \u0456\u043d\u0448\u0435 \u0445\u0430\u0440\u0447\u043e\u0432\u0435 \u043e\u0431\u043b\u0430\u0434\u043d\u0430\u043d\u043d\u044f","potentialAction":[{"@type":"SearchAction","target":{"@type":"EntryPoint","urlTemplate":"https:\/\/stvega.net\/pl\/?s={search_term_string}"},"query-input":{"@type":"PropertyValueSpecification","valueRequired":true,"valueName":"search_term_string"}}],"inLanguage":"pl-PL"},{"@type":"Organization","@id":"https:\/\/stvega.net\/pl\/#organization","name":"STvega \u0425\u0410\u0420\u0427\u041e\u0412\u0415 \u041f\u0420\u041e\u041c\u0418\u0421\u041b\u041e\u0412\u0415 \u041e\u0411\u041b\u0410\u0414\u041d\u0410\u041d\u041d\u042f","alternateName":"STvega - \u043e\u0432\u043e\u0447\u0435\u0440\u0456\u0437\u043a\u0438, \u0448\u043f\u0438\u0433\u043e\u0440\u0456\u0437\u043a\u0438, \u0441\u043b\u0430\u0439\u0441\u0435\u0440\u0438 \u0442\u0430 \u0456\u043d\u0448\u0435 \u0445\u0430\u0440\u0447\u043e\u0432\u0435 \u043e\u0431\u043b\u0430\u0434\u043d\u0430\u043d\u043d\u044f","url":"https:\/\/stvega.net\/pl\/","logo":{"@type":"ImageObject","inLanguage":"pl-PL","@id":"https:\/\/stvega.net\/pl\/#\/schema\/logo\/image\/","url":"https:\/\/stvega.net\/wp-content\/uploads\/2024\/03\/dyzajn-bez-nazvanyya-1.png","contentUrl":"https:\/\/stvega.net\/wp-content\/uploads\/2024\/03\/dyzajn-bez-nazvanyya-1.png","width":180,"height":180,"caption":"STvega \u0425\u0410\u0420\u0427\u041e\u0412\u0415 \u041f\u0420\u041e\u041c\u0418\u0421\u041b\u041e\u0412\u0415 \u041e\u0411\u041b\u0410\u0414\u041d\u0410\u041d\u041d\u042f"},"image":{"@id":"https:\/\/stvega.net\/pl\/#\/schema\/logo\/image\/"},"sameAs":["https:\/\/www.facebook.com\/share\/9F1B4VxaHAC9E9HB\/?mibextid=qi2Omg"]}]}},"_links":{"self":[{"href":"https:\/\/stvega.net\/pl\/wp-json\/wp\/v2\/product\/10583","targetHints":{"allow":["GET"]}}],"collection":[{"href":"https:\/\/stvega.net\/pl\/wp-json\/wp\/v2\/product"}],"about":[{"href":"https:\/\/stvega.net\/pl\/wp-json\/wp\/v2\/types\/product"}],"replies":[{"embeddable":true,"href":"https:\/\/stvega.net\/pl\/wp-json\/wp\/v2\/comments?post=10583"}],"wp:featuredmedia":[{"embeddable":true,"href":"https:\/\/stvega.net\/pl\/wp-json\/wp\/v2\/media\/10593"}],"wp:attachment":[{"href":"https:\/\/stvega.net\/pl\/wp-json\/wp\/v2\/media?parent=10583"}],"wp:term":[{"taxonomy":"product_brand","embeddable":true,"href":"https:\/\/stvega.net\/pl\/wp-json\/wp\/v2\/product_brand?post=10583"},{"taxonomy":"product_cat","embeddable":true,"href":"https:\/\/stvega.net\/pl\/wp-json\/wp\/v2\/product_cat?post=10583"},{"taxonomy":"product_tag","embeddable":true,"href":"https:\/\/stvega.net\/pl\/wp-json\/wp\/v2\/product_tag?post=10583"}],"curies":[{"name":"wp","href":"https:\/\/api.w.org\/{rel}","templated":true}]}}