{"id":10506,"date":"2026-02-26T17:57:16","date_gmt":"2026-02-26T14:57:16","guid":{"rendered":"https:\/\/stvega.net\/product\/linia-produkcji-kotletow-hamburgerowych-stvega-burger-pro\/"},"modified":"2026-02-26T17:57:16","modified_gmt":"2026-02-26T14:57:16","slug":"linia-produkcji-kotletow-hamburgerowych-stvega-burger-pro","status":"publish","type":"product","link":"https:\/\/stvega.net\/pl\/product\/linia-produkcji-kotletow-hamburgerowych-stvega-burger-pro\/","title":{"rendered":"Linia produkcji kotlet\u00f3w hamburgerowych STvega Burger Pro"},"content":{"rendered":"<p><b>Linia STvega Burger Pro <\/b>zosta\u0142a zaprojektowana do produkcji kotlet\u00f3w mi\u0119snych do hamburger\u00f3w. Dla <\/p>\n<p>Dzi\u0119ki maszynom w kolejce mo\u017cesz automatycznie formowa\u0107 kotlety mi\u0119sne do hamburger\u00f3w, przetwarza\u0107<\/p>\n<p>Posyp je lepkim p\u0142ynem i posyp panierk\u0105 w postaci bu\u0142ki tartej do dalszego gotowania<\/p>\n<p>lub sprzedawane jako p\u00f3\u0142produkty.<\/p>\n<p><strong>Wyposa\u017cenie wchodzi\u0142o w sk\u0142ad linii:<\/strong><\/p>\n<p><span style=\"color: #0000ff;\"><a style=\"color: #0000ff;\" href=\"https:\/\/stvega.net\/product\/mashyna-dlya-formuvannya-myasnyh-kotlet-stvega-burger-molding-machine-h100\/\"><b>STvega Burger Molding Machine H100<\/b><\/a><\/span><\/p>\n<p><a href=\"https:\/\/stvega.net\/product\/mashyna-dlya-nanesennya-lyezonu-stvega-active-batter-applicator-f2100\/?preview_id=7432&#038;preview_nonce=1e234523d7&#038;_thumbnail_id=8927&#038;preview=true\"><img loading=\"lazy\" decoding=\"async\" class=\"alignnone wp-image-8930\" src=\"https:\/\/stvega.net\/wp-content\/uploads\/2024\/06\/stvega-burger-molding-machine-h100-5-229x300.png\" alt=\"\" width=\"348\" height=\"456\"><\/a><\/p>\n<p>Maszyna zosta\u0142a zaprojektowana do formowania p\u00f3\u0142produkt\u00f3w spo\u017cywczych w postaci kotlet\u00f3w, medalion\u00f3w, samorodk\u00f3w. Sprz\u0119t pozwala na wytwarzanie produkt\u00f3w z mi\u0119sa, ryb, soi, sera lub mieszanego mi\u0119sa mielonego.<\/p>\n<p><a href=\"https:\/\/stvega.net\/product\/mashyna-dlya-nanesennya-lyezonu-stvega-active-batter-applicator-f2100\/\"><strong><span style=\"color: #0000ff;\">STvega Active Butter Aplikator H100<\/span><\/strong><\/a><\/p>\n<p><img loading=\"lazy\" decoding=\"async\" class=\"alignnone size-medium wp-image-8927\" src=\"https:\/\/stvega.net\/wp-content\/uploads\/2025\/05\/stvega-active-batter-applicator-h100-300x289.png\" alt=\"\" width=\"300\" height=\"289\" srcset=\"https:\/\/stvega.net\/wp-content\/uploads\/2025\/05\/stvega-active-batter-applicator-h100-300x289.png 300w, https:\/\/stvega.net\/wp-content\/uploads\/2025\/05\/stvega-active-batter-applicator-h100-1024x987.png 1024w, https:\/\/stvega.net\/wp-content\/uploads\/2025\/05\/stvega-active-batter-applicator-h100-660x636.png 660w\" sizes=\"auto, (max-width: 300px) 100vw, 300px\" \/><\/p>\n<p>Maszyna zosta\u0142a zaprojektowana tak, aby r\u00f3wnomiernie pokrywa\u0107 kotlety mi\u0119sne lezonem, co zapewnia skuteczne przygotowanie do dalszego panierowania bu\u0142k\u0105 tart\u0105. To najlepsze rozwi\u0105zanie do przygotowania kotlet\u00f3w na kolejne etapy \u2013 panierowanie i sma\u017cenie. <\/p>\n<p><span style=\"color: #0000ff;\"><strong><a style=\"color: #0000ff;\" href=\"https:\/\/stvega.net\/product\/mashyna-dlya-prohodzhennya-lypkoyi-vody-stvega-buttering-machine-h150\/\">STvega Breaching Crumbs H100<\/a><\/strong><\/span><\/p>\n<p><img loading=\"lazy\" decoding=\"async\" class=\"alignnone size-medium wp-image-8926\" src=\"https:\/\/stvega.net\/wp-content\/uploads\/2024\/06\/mashyna-dlya-dodavannya-hlibnyh-kryht-stvega-breading-crumbs-h100-300x296.png\" alt=\"\" width=\"300\" height=\"296\" srcset=\"https:\/\/stvega.net\/wp-content\/uploads\/2024\/06\/mashyna-dlya-dodavannya-hlibnyh-kryht-stvega-breading-crumbs-h100-300x296.png 300w, https:\/\/stvega.net\/wp-content\/uploads\/2024\/06\/mashyna-dlya-dodavannya-hlibnyh-kryht-stvega-breading-crumbs-h100-1024x1012.png 1024w, https:\/\/stvega.net\/wp-content\/uploads\/2024\/06\/mashyna-dlya-dodavannya-hlibnyh-kryht-stvega-breading-crumbs-h100-660x652.png 660w, https:\/\/stvega.net\/wp-content\/uploads\/2024\/06\/mashyna-dlya-dodavannya-hlibnyh-kryht-stvega-breading-crumbs-h100-100x100.png 100w, https:\/\/stvega.net\/wp-content\/uploads\/2024\/06\/mashyna-dlya-dodavannya-hlibnyh-kryht-stvega-breading-crumbs-h100.png 1500w\" sizes=\"auto, (max-width: 300px) 100vw, 300px\" \/><\/p>\n<p>Maszyna do panierki jest zaprojektowana tak, aby r\u00f3wnomiernie nak\u0142ada\u0107 bu\u0142k\u0119 tart\u0105 na powierzchni\u0119 mi\u0119sa i innych produkt\u00f3w spo\u017cywczych przed sma\u017ceniem lub zamro\u017ceniem. Sprz\u0119t zapewnia stabiln\u0105 jako\u015b\u0107 panierki i pozwala zautomatyzowa\u0107 proces przygotowywania p\u00f3\u0142produkt\u00f3w. <\/p>\n\t<div class=\"section video\">\n\t\t<div class=\"row\">\n\t\t\t\t\t\t\t\t\t\t\t\t<div class=\"col-md-4 col-12\">\n\t\t\t\t\t\t<div class=\"container-lazyload preview-lazyload container-youtube js-lazyload--not-loaded\"><a href=\"https:\/\/www.youtube.com\/watch?v=PrTvcmahRy8\" class=\"lazy-load-youtube preview-lazyload preview-youtube\" data-video-title=\"\u0412\u0438\u0440\u043e\u0431\u043d\u0438\u0447\u0430 \u043b\u0456\u043d\u0456\u044f \u0434\u043b\u044f \u0444\u043e\u0440\u043c\u0443\u0432\u0430\u043d\u043d\u044f \u0442\u0430 \u043f\u0430\u043d\u0456\u0440\u0443\u0432\u0430\u043d\u043d\u044f \u043c&#039;\u044f\u0441\u043d\u0438\u0445 \u043a\u043e\u0442\u043b\u0435\u0442 \u0434\u043b\u044f \u0433\u0430\u043c\u0431\u0443\u0440\u0433\u0435\u0440\u0456\u0432 - STvega Burger Pro\" title=\"Play video &quot;\u0412\u0438\u0440\u043e\u0431\u043d\u0438\u0447\u0430 \u043b\u0456\u043d\u0456\u044f \u0434\u043b\u044f \u0444\u043e\u0440\u043c\u0443\u0432\u0430\u043d\u043d\u044f \u0442\u0430 \u043f\u0430\u043d\u0456\u0440\u0443\u0432\u0430\u043d\u043d\u044f \u043c&#039;\u044f\u0441\u043d\u0438\u0445 \u043a\u043e\u0442\u043b\u0435\u0442 \u0434\u043b\u044f \u0433\u0430\u043c\u0431\u0443\u0440\u0433\u0435\u0440\u0456\u0432 - STvega Burger Pro&quot;\">https:\/\/www.youtube.com\/watch?v=PrTvcmahRy8<\/a><noscript>Video can&#8217;t be loaded because JavaScript is disabled: <a href=\"https:\/\/www.youtube.com\/watch?v=PrTvcmahRy8\" title=\"\u0412\u0438\u0440\u043e\u0431\u043d\u0438\u0447\u0430 \u043b\u0456\u043d\u0456\u044f \u0434\u043b\u044f \u0444\u043e\u0440\u043c\u0443\u0432\u0430\u043d\u043d\u044f \u0442\u0430 \u043f\u0430\u043d\u0456\u0440\u0443\u0432\u0430\u043d\u043d\u044f \u043c&#039;\u044f\u0441\u043d\u0438\u0445 \u043a\u043e\u0442\u043b\u0435\u0442 \u0434\u043b\u044f \u0433\u0430\u043c\u0431\u0443\u0440\u0433\u0435\u0440\u0456\u0432 - STvega Burger Pro\">\u0412\u0438\u0440\u043e\u0431\u043d\u0438\u0447\u0430 \u043b\u0456\u043d\u0456\u044f \u0434\u043b\u044f \u0444\u043e\u0440\u043c\u0443\u0432\u0430\u043d\u043d\u044f \u0442\u0430 \u043f\u0430\u043d\u0456\u0440\u0443\u0432\u0430\u043d\u043d\u044f \u043c&#039;\u044f\u0441\u043d\u0438\u0445 \u043a\u043e\u0442\u043b\u0435\u0442 \u0434\u043b\u044f \u0433\u0430\u043c\u0431\u0443\u0440\u0433\u0435\u0440\u0456\u0432 &#8211; STvega Burger Pro (https:\/\/www.youtube.com\/watch?v=PrTvcmahRy8)<\/a><\/noscript><\/div>\n\t\t\t\t\t<\/div>\n\t\t\t\t\t\t\t\t\t<\/div>\n\t<\/div>\n\t\t","protected":false},"excerpt":{"rendered":"<p><b>Linia STvega Burger Pro <\/b>zosta\u0142a zaprojektowana do produkcji kotlet\u00f3w mi\u0119snych do hamburger\u00f3w.<\/p>\n<p>Dzi\u0119ki maszynom w kolejce mo\u017cesz automatycznie formowa\u0107 kotlety mi\u0119sne do hamburger\u00f3w, przetwarza\u0107<\/p>\n<p>je lepkim p\u0142ynem i posypywa\u0107 panierk\u0105 w formie bu\u0142ki tartej do dalszego gotowania<\/p>\n<p>lub sprzeda\u017cy jako produkty spo\u017cywcze.<\/p>\n","protected":false},"featured_media":10511,"comment_status":"open","ping_status":"closed","template":"","meta":{"_acf_changed":false,"inline_featured_image":false},"product_brand":[],"product_cat":[3632,3421],"product_tag":[3853,3857,3852,3855,3858,3854,3856],"class_list":{"0":"post-10506","1":"product","2":"type-product","3":"status-publish","4":"has-post-thumbnail","6":"product_cat-linie-produkcyjne","7":"product_cat-powstawanie-polproduktow","8":"product_tag-automatyczna-linia-do-kotletow","9":"product_tag-linia-polwyrobow","10":"product_tag-linia-produkcji-burgerow","11":"product_tag-produkcja-kotletow-miesnych-do-hamburgerow","12":"product_tag-przemyslowa-linia-burgerow","13":"product_tag-sprzet-hamburgerowy","14":"product_tag-sznurek-do-formowania-i-panierowania-kotletow","16":"first","17":"instock","18":"shipping-taxable","19":"product-type-simple"},"acf":[],"yoast_head":"<!-- This site is optimized with the Yoast SEO plugin v27.5 - https:\/\/yoast.com\/product\/yoast-seo-wordpress\/ -->\n<title>Linia produkcji kotlet\u00f3w hamburgerowych STvega Burger Pro \u043a\u0443\u043f\u0438\u0442\u0438 \u0437\u0430 \u0432\u0438\u0433\u0456\u0434\u043d\u043e\u044e \u0446\u0456\u043d\u043e\u044e \u0432 \u043c\u0430\u0433\u0430\u0437\u0438\u043d\u0456 STvega<\/title>\n<meta name=\"description\" content=\"Linia produkcji kotlet\u00f3w hamburgerowych STvega Burger Pro | \u043a\u0443\u043f\u0438\u0442\u0438 \u0437\u0430 \ud83c\udf1f\u0432\u0438\u0433\u0456\u0434\u043d\u043e\u044e \u0446\u0456\u043d\u043e\u044e \u0432 \u043c\u0430\u0433\u0430\u0437\u0438\u043d\u0456 STvega\" \/>\n<meta name=\"robots\" content=\"index, follow, max-snippet:-1, max-image-preview:large, max-video-preview:-1\" \/>\n<link rel=\"canonical\" href=\"https:\/\/stvega.net\/pl\/product\/linia-produkcji-kotletow-hamburgerowych-stvega-burger-pro\/\" \/>\n<meta property=\"og:locale\" content=\"pl_PL\" \/>\n<meta property=\"og:type\" content=\"article\" \/>\n<meta property=\"og:title\" content=\"Linia produkcji kotlet\u00f3w hamburgerowych STvega Burger Pro \u043a\u0443\u043f\u0438\u0442\u0438 \u0437\u0430 \u0432\u0438\u0433\u0456\u0434\u043d\u043e\u044e \u0446\u0456\u043d\u043e\u044e \u0432 \u043c\u0430\u0433\u0430\u0437\u0438\u043d\u0456 STvega\" \/>\n<meta property=\"og:description\" content=\"Linia produkcji kotlet\u00f3w hamburgerowych STvega Burger Pro | \u043a\u0443\u043f\u0438\u0442\u0438 \u0437\u0430 \ud83c\udf1f\u0432\u0438\u0433\u0456\u0434\u043d\u043e\u044e \u0446\u0456\u043d\u043e\u044e \u0432 \u043c\u0430\u0433\u0430\u0437\u0438\u043d\u0456 STvega\" \/>\n<meta property=\"og:url\" content=\"https:\/\/stvega.net\/pl\/product\/linia-produkcji-kotletow-hamburgerowych-stvega-burger-pro\/\" \/>\n<meta property=\"og:site_name\" content=\"\u0448\u0438\u0440\u043e\u043a\u0438\u0439 \u0430\u0441\u043e\u0440\u0442\u0438\u043c\u0435\u043d\u0442 \u0445\u0430\u0440\u0447\u043e\u0432\u043e\u0433\u043e \u043f\u0440\u043e\u043c\u0438\u0441\u043b\u043e\u0432\u043e\u0433\u043e \u043e\u0431\u043b\u0430\u0434\u043d\u0430\u043d\u043d\u044f \u0434\u043b\u044f \u043f\u0435\u0440\u0435\u0440\u043e\u0431\u043a\u0438 \u043c\u2019\u044f\u0441\u0430, \u043e\u0432\u043e\u0447\u0456\u0432 \u0456 \u0444\u0440\u0443\u043a\u0442\u0456\u0432\u2b50\u0412\u0438\u0433\u0456\u0434\u043d\u0456 \u0446\u0456\u043d\u0438 \ud83e\uddbe\u0412\u0438\u0440\u043e\u0431\u043d\u0438\u0447\u0456 \u043b\u0456\u043d\u0456\u0457 \u043f\u0456\u0434 \u043a\u043b\u044e\u0447\ud83d\ude9a \u0414\u043e\u0441\u0442\u0430\u0432\u043a\u0430 \ud83d\udee0\u0421\u0435\u0440\u0432\u0456\u0441\" \/>\n<meta property=\"article:publisher\" content=\"https:\/\/www.facebook.com\/share\/9F1B4VxaHAC9E9HB\/?mibextid=qi2Omg\" \/>\n<meta property=\"og:image\" content=\"https:\/\/stvega.net\/wp-content\/uploads\/2026\/02\/liniya_z_vyrobnycztva_m_yasnyh_kotlet_dlya_gamburgeriv-removebg-preview-3.png\" \/>\n\t<meta property=\"og:image:width\" content=\"1384\" \/>\n\t<meta property=\"og:image:height\" content=\"742\" \/>\n\t<meta property=\"og:image:type\" content=\"image\/png\" \/>\n<meta name=\"twitter:card\" content=\"summary_large_image\" \/>\n<meta name=\"twitter:label1\" content=\"Szacowany czas czytania\" \/>\n\t<meta name=\"twitter:data1\" content=\"1 minuta\" \/>\n<script type=\"application\/ld+json\" class=\"yoast-schema-graph\">{\"@context\":\"https:\\\/\\\/schema.org\",\"@graph\":[{\"@type\":\"WebPage\",\"@id\":\"https:\\\/\\\/stvega.net\\\/pl\\\/product\\\/linia-produkcji-kotletow-hamburgerowych-stvega-burger-pro\\\/\",\"url\":\"https:\\\/\\\/stvega.net\\\/pl\\\/product\\\/linia-produkcji-kotletow-hamburgerowych-stvega-burger-pro\\\/\",\"name\":\"Linia produkcji kotlet\u00f3w hamburgerowych STvega Burger Pro \u043a\u0443\u043f\u0438\u0442\u0438 \u0437\u0430 \u0432\u0438\u0433\u0456\u0434\u043d\u043e\u044e \u0446\u0456\u043d\u043e\u044e \u0432 \u043c\u0430\u0433\u0430\u0437\u0438\u043d\u0456 STvega\",\"isPartOf\":{\"@id\":\"https:\\\/\\\/stvega.net\\\/pl\\\/#website\"},\"primaryImageOfPage\":{\"@id\":\"https:\\\/\\\/stvega.net\\\/pl\\\/product\\\/linia-produkcji-kotletow-hamburgerowych-stvega-burger-pro\\\/#primaryimage\"},\"image\":{\"@id\":\"https:\\\/\\\/stvega.net\\\/pl\\\/product\\\/linia-produkcji-kotletow-hamburgerowych-stvega-burger-pro\\\/#primaryimage\"},\"thumbnailUrl\":\"https:\\\/\\\/stvega.net\\\/wp-content\\\/uploads\\\/2026\\\/02\\\/liniya_z_vyrobnycztva_m_yasnyh_kotlet_dlya_gamburgeriv-removebg-preview-3.png\",\"datePublished\":\"2026-02-26T14:57:16+00:00\",\"description\":\"Linia produkcji kotlet\u00f3w hamburgerowych STvega Burger Pro | \u043a\u0443\u043f\u0438\u0442\u0438 \u0437\u0430 \ud83c\udf1f\u0432\u0438\u0433\u0456\u0434\u043d\u043e\u044e \u0446\u0456\u043d\u043e\u044e \u0432 \u043c\u0430\u0433\u0430\u0437\u0438\u043d\u0456 STvega\",\"breadcrumb\":{\"@id\":\"https:\\\/\\\/stvega.net\\\/pl\\\/product\\\/linia-produkcji-kotletow-hamburgerowych-stvega-burger-pro\\\/#breadcrumb\"},\"inLanguage\":\"pl-PL\",\"potentialAction\":[{\"@type\":\"ReadAction\",\"target\":[\"https:\\\/\\\/stvega.net\\\/pl\\\/product\\\/linia-produkcji-kotletow-hamburgerowych-stvega-burger-pro\\\/\"]}]},{\"@type\":\"ImageObject\",\"inLanguage\":\"pl-PL\",\"@id\":\"https:\\\/\\\/stvega.net\\\/pl\\\/product\\\/linia-produkcji-kotletow-hamburgerowych-stvega-burger-pro\\\/#primaryimage\",\"url\":\"https:\\\/\\\/stvega.net\\\/wp-content\\\/uploads\\\/2026\\\/02\\\/liniya_z_vyrobnycztva_m_yasnyh_kotlet_dlya_gamburgeriv-removebg-preview-3.png\",\"contentUrl\":\"https:\\\/\\\/stvega.net\\\/wp-content\\\/uploads\\\/2026\\\/02\\\/liniya_z_vyrobnycztva_m_yasnyh_kotlet_dlya_gamburgeriv-removebg-preview-3.png\",\"width\":1384,\"height\":742},{\"@type\":\"BreadcrumbList\",\"@id\":\"https:\\\/\\\/stvega.net\\\/pl\\\/product\\\/linia-produkcji-kotletow-hamburgerowych-stvega-burger-pro\\\/#breadcrumb\",\"itemListElement\":[{\"@type\":\"ListItem\",\"position\":1,\"name\":\"Dom\",\"item\":\"https:\\\/\\\/stvega.net\\\/pl\\\/\"},{\"@type\":\"ListItem\",\"position\":2,\"name\":\"Katalog\",\"item\":\"https:\\\/\\\/stvega.net\\\/katalog\\\/\"},{\"@type\":\"ListItem\",\"position\":3,\"name\":\"Linia produkcji kotlet\u00f3w hamburgerowych STvega Burger Pro\"}]},{\"@type\":\"WebSite\",\"@id\":\"https:\\\/\\\/stvega.net\\\/pl\\\/#website\",\"url\":\"https:\\\/\\\/stvega.net\\\/pl\\\/\",\"name\":\"STvega\",\"description\":\"\u0445\u0430\u0440\u0447\u043e\u0432\u0435 \u043f\u0440\u043e\u043c\u0438\u0441\u043b\u043e\u0432\u0435 \u043e\u0431\u043b\u0430\u0434\u043d\u0430\u043d\u043d\u044f\",\"publisher\":{\"@id\":\"https:\\\/\\\/stvega.net\\\/pl\\\/#organization\"},\"alternateName\":\"STvega - \u043e\u0432\u043e\u0447\u0435\u0440\u0456\u0437\u043a\u0438, \u0448\u043f\u0438\u0433\u043e\u0440\u0456\u0437\u043a\u0438, \u0441\u043b\u0430\u0439\u0441\u0435\u0440\u0438 \u0442\u0430 \u0456\u043d\u0448\u0435 \u0445\u0430\u0440\u0447\u043e\u0432\u0435 \u043e\u0431\u043b\u0430\u0434\u043d\u0430\u043d\u043d\u044f\",\"potentialAction\":[{\"@type\":\"SearchAction\",\"target\":{\"@type\":\"EntryPoint\",\"urlTemplate\":\"https:\\\/\\\/stvega.net\\\/pl\\\/?s={search_term_string}\"},\"query-input\":{\"@type\":\"PropertyValueSpecification\",\"valueRequired\":true,\"valueName\":\"search_term_string\"}}],\"inLanguage\":\"pl-PL\"},{\"@type\":\"Organization\",\"@id\":\"https:\\\/\\\/stvega.net\\\/pl\\\/#organization\",\"name\":\"STvega \u0425\u0410\u0420\u0427\u041e\u0412\u0415 \u041f\u0420\u041e\u041c\u0418\u0421\u041b\u041e\u0412\u0415 \u041e\u0411\u041b\u0410\u0414\u041d\u0410\u041d\u041d\u042f\",\"alternateName\":\"STvega - \u043e\u0432\u043e\u0447\u0435\u0440\u0456\u0437\u043a\u0438, \u0448\u043f\u0438\u0433\u043e\u0440\u0456\u0437\u043a\u0438, \u0441\u043b\u0430\u0439\u0441\u0435\u0440\u0438 \u0442\u0430 \u0456\u043d\u0448\u0435 \u0445\u0430\u0440\u0447\u043e\u0432\u0435 \u043e\u0431\u043b\u0430\u0434\u043d\u0430\u043d\u043d\u044f\",\"url\":\"https:\\\/\\\/stvega.net\\\/pl\\\/\",\"logo\":{\"@type\":\"ImageObject\",\"inLanguage\":\"pl-PL\",\"@id\":\"https:\\\/\\\/stvega.net\\\/pl\\\/#\\\/schema\\\/logo\\\/image\\\/\",\"url\":\"https:\\\/\\\/stvega.net\\\/wp-content\\\/uploads\\\/2024\\\/03\\\/dyzajn-bez-nazvanyya-1.png\",\"contentUrl\":\"https:\\\/\\\/stvega.net\\\/wp-content\\\/uploads\\\/2024\\\/03\\\/dyzajn-bez-nazvanyya-1.png\",\"width\":180,\"height\":180,\"caption\":\"STvega \u0425\u0410\u0420\u0427\u041e\u0412\u0415 \u041f\u0420\u041e\u041c\u0418\u0421\u041b\u041e\u0412\u0415 \u041e\u0411\u041b\u0410\u0414\u041d\u0410\u041d\u041d\u042f\"},\"image\":{\"@id\":\"https:\\\/\\\/stvega.net\\\/pl\\\/#\\\/schema\\\/logo\\\/image\\\/\"},\"sameAs\":[\"https:\\\/\\\/www.facebook.com\\\/share\\\/9F1B4VxaHAC9E9HB\\\/?mibextid=qi2Omg\"]}]}<\/script>\n<!-- \/ Yoast SEO plugin. -->","yoast_head_json":{"title":"Linia produkcji kotlet\u00f3w hamburgerowych STvega Burger Pro \u043a\u0443\u043f\u0438\u0442\u0438 \u0437\u0430 \u0432\u0438\u0433\u0456\u0434\u043d\u043e\u044e \u0446\u0456\u043d\u043e\u044e \u0432 \u043c\u0430\u0433\u0430\u0437\u0438\u043d\u0456 STvega","description":"Linia produkcji kotlet\u00f3w hamburgerowych STvega Burger Pro | \u043a\u0443\u043f\u0438\u0442\u0438 \u0437\u0430 \ud83c\udf1f\u0432\u0438\u0433\u0456\u0434\u043d\u043e\u044e \u0446\u0456\u043d\u043e\u044e \u0432 \u043c\u0430\u0433\u0430\u0437\u0438\u043d\u0456 STvega","robots":{"index":"index","follow":"follow","max-snippet":"max-snippet:-1","max-image-preview":"max-image-preview:large","max-video-preview":"max-video-preview:-1"},"canonical":"https:\/\/stvega.net\/pl\/product\/linia-produkcji-kotletow-hamburgerowych-stvega-burger-pro\/","og_locale":"pl_PL","og_type":"article","og_title":"Linia produkcji kotlet\u00f3w hamburgerowych STvega Burger Pro \u043a\u0443\u043f\u0438\u0442\u0438 \u0437\u0430 \u0432\u0438\u0433\u0456\u0434\u043d\u043e\u044e \u0446\u0456\u043d\u043e\u044e \u0432 \u043c\u0430\u0433\u0430\u0437\u0438\u043d\u0456 STvega","og_description":"Linia produkcji kotlet\u00f3w hamburgerowych STvega Burger Pro | \u043a\u0443\u043f\u0438\u0442\u0438 \u0437\u0430 \ud83c\udf1f\u0432\u0438\u0433\u0456\u0434\u043d\u043e\u044e \u0446\u0456\u043d\u043e\u044e \u0432 \u043c\u0430\u0433\u0430\u0437\u0438\u043d\u0456 STvega","og_url":"https:\/\/stvega.net\/pl\/product\/linia-produkcji-kotletow-hamburgerowych-stvega-burger-pro\/","og_site_name":"\u0448\u0438\u0440\u043e\u043a\u0438\u0439 \u0430\u0441\u043e\u0440\u0442\u0438\u043c\u0435\u043d\u0442 \u0445\u0430\u0440\u0447\u043e\u0432\u043e\u0433\u043e \u043f\u0440\u043e\u043c\u0438\u0441\u043b\u043e\u0432\u043e\u0433\u043e \u043e\u0431\u043b\u0430\u0434\u043d\u0430\u043d\u043d\u044f \u0434\u043b\u044f \u043f\u0435\u0440\u0435\u0440\u043e\u0431\u043a\u0438 \u043c\u2019\u044f\u0441\u0430, \u043e\u0432\u043e\u0447\u0456\u0432 \u0456 \u0444\u0440\u0443\u043a\u0442\u0456\u0432\u2b50\u0412\u0438\u0433\u0456\u0434\u043d\u0456 \u0446\u0456\u043d\u0438 \ud83e\uddbe\u0412\u0438\u0440\u043e\u0431\u043d\u0438\u0447\u0456 \u043b\u0456\u043d\u0456\u0457 \u043f\u0456\u0434 \u043a\u043b\u044e\u0447\ud83d\ude9a \u0414\u043e\u0441\u0442\u0430\u0432\u043a\u0430 \ud83d\udee0\u0421\u0435\u0440\u0432\u0456\u0441","article_publisher":"https:\/\/www.facebook.com\/share\/9F1B4VxaHAC9E9HB\/?mibextid=qi2Omg","og_image":[{"width":1384,"height":742,"url":"https:\/\/stvega.net\/wp-content\/uploads\/2026\/02\/liniya_z_vyrobnycztva_m_yasnyh_kotlet_dlya_gamburgeriv-removebg-preview-3.png","type":"image\/png"}],"twitter_card":"summary_large_image","twitter_misc":{"Szacowany czas czytania":"1 minuta"},"schema":{"@context":"https:\/\/schema.org","@graph":[{"@type":"WebPage","@id":"https:\/\/stvega.net\/pl\/product\/linia-produkcji-kotletow-hamburgerowych-stvega-burger-pro\/","url":"https:\/\/stvega.net\/pl\/product\/linia-produkcji-kotletow-hamburgerowych-stvega-burger-pro\/","name":"Linia produkcji kotlet\u00f3w hamburgerowych STvega Burger Pro \u043a\u0443\u043f\u0438\u0442\u0438 \u0437\u0430 \u0432\u0438\u0433\u0456\u0434\u043d\u043e\u044e \u0446\u0456\u043d\u043e\u044e \u0432 \u043c\u0430\u0433\u0430\u0437\u0438\u043d\u0456 STvega","isPartOf":{"@id":"https:\/\/stvega.net\/pl\/#website"},"primaryImageOfPage":{"@id":"https:\/\/stvega.net\/pl\/product\/linia-produkcji-kotletow-hamburgerowych-stvega-burger-pro\/#primaryimage"},"image":{"@id":"https:\/\/stvega.net\/pl\/product\/linia-produkcji-kotletow-hamburgerowych-stvega-burger-pro\/#primaryimage"},"thumbnailUrl":"https:\/\/stvega.net\/wp-content\/uploads\/2026\/02\/liniya_z_vyrobnycztva_m_yasnyh_kotlet_dlya_gamburgeriv-removebg-preview-3.png","datePublished":"2026-02-26T14:57:16+00:00","description":"Linia produkcji kotlet\u00f3w hamburgerowych STvega Burger Pro | \u043a\u0443\u043f\u0438\u0442\u0438 \u0437\u0430 \ud83c\udf1f\u0432\u0438\u0433\u0456\u0434\u043d\u043e\u044e \u0446\u0456\u043d\u043e\u044e \u0432 \u043c\u0430\u0433\u0430\u0437\u0438\u043d\u0456 STvega","breadcrumb":{"@id":"https:\/\/stvega.net\/pl\/product\/linia-produkcji-kotletow-hamburgerowych-stvega-burger-pro\/#breadcrumb"},"inLanguage":"pl-PL","potentialAction":[{"@type":"ReadAction","target":["https:\/\/stvega.net\/pl\/product\/linia-produkcji-kotletow-hamburgerowych-stvega-burger-pro\/"]}]},{"@type":"ImageObject","inLanguage":"pl-PL","@id":"https:\/\/stvega.net\/pl\/product\/linia-produkcji-kotletow-hamburgerowych-stvega-burger-pro\/#primaryimage","url":"https:\/\/stvega.net\/wp-content\/uploads\/2026\/02\/liniya_z_vyrobnycztva_m_yasnyh_kotlet_dlya_gamburgeriv-removebg-preview-3.png","contentUrl":"https:\/\/stvega.net\/wp-content\/uploads\/2026\/02\/liniya_z_vyrobnycztva_m_yasnyh_kotlet_dlya_gamburgeriv-removebg-preview-3.png","width":1384,"height":742},{"@type":"BreadcrumbList","@id":"https:\/\/stvega.net\/pl\/product\/linia-produkcji-kotletow-hamburgerowych-stvega-burger-pro\/#breadcrumb","itemListElement":[{"@type":"ListItem","position":1,"name":"Dom","item":"https:\/\/stvega.net\/pl\/"},{"@type":"ListItem","position":2,"name":"Katalog","item":"https:\/\/stvega.net\/katalog\/"},{"@type":"ListItem","position":3,"name":"Linia produkcji kotlet\u00f3w hamburgerowych STvega Burger Pro"}]},{"@type":"WebSite","@id":"https:\/\/stvega.net\/pl\/#website","url":"https:\/\/stvega.net\/pl\/","name":"STvega","description":"\u0445\u0430\u0440\u0447\u043e\u0432\u0435 \u043f\u0440\u043e\u043c\u0438\u0441\u043b\u043e\u0432\u0435 \u043e\u0431\u043b\u0430\u0434\u043d\u0430\u043d\u043d\u044f","publisher":{"@id":"https:\/\/stvega.net\/pl\/#organization"},"alternateName":"STvega - \u043e\u0432\u043e\u0447\u0435\u0440\u0456\u0437\u043a\u0438, \u0448\u043f\u0438\u0433\u043e\u0440\u0456\u0437\u043a\u0438, \u0441\u043b\u0430\u0439\u0441\u0435\u0440\u0438 \u0442\u0430 \u0456\u043d\u0448\u0435 \u0445\u0430\u0440\u0447\u043e\u0432\u0435 \u043e\u0431\u043b\u0430\u0434\u043d\u0430\u043d\u043d\u044f","potentialAction":[{"@type":"SearchAction","target":{"@type":"EntryPoint","urlTemplate":"https:\/\/stvega.net\/pl\/?s={search_term_string}"},"query-input":{"@type":"PropertyValueSpecification","valueRequired":true,"valueName":"search_term_string"}}],"inLanguage":"pl-PL"},{"@type":"Organization","@id":"https:\/\/stvega.net\/pl\/#organization","name":"STvega \u0425\u0410\u0420\u0427\u041e\u0412\u0415 \u041f\u0420\u041e\u041c\u0418\u0421\u041b\u041e\u0412\u0415 \u041e\u0411\u041b\u0410\u0414\u041d\u0410\u041d\u041d\u042f","alternateName":"STvega - \u043e\u0432\u043e\u0447\u0435\u0440\u0456\u0437\u043a\u0438, \u0448\u043f\u0438\u0433\u043e\u0440\u0456\u0437\u043a\u0438, \u0441\u043b\u0430\u0439\u0441\u0435\u0440\u0438 \u0442\u0430 \u0456\u043d\u0448\u0435 \u0445\u0430\u0440\u0447\u043e\u0432\u0435 \u043e\u0431\u043b\u0430\u0434\u043d\u0430\u043d\u043d\u044f","url":"https:\/\/stvega.net\/pl\/","logo":{"@type":"ImageObject","inLanguage":"pl-PL","@id":"https:\/\/stvega.net\/pl\/#\/schema\/logo\/image\/","url":"https:\/\/stvega.net\/wp-content\/uploads\/2024\/03\/dyzajn-bez-nazvanyya-1.png","contentUrl":"https:\/\/stvega.net\/wp-content\/uploads\/2024\/03\/dyzajn-bez-nazvanyya-1.png","width":180,"height":180,"caption":"STvega \u0425\u0410\u0420\u0427\u041e\u0412\u0415 \u041f\u0420\u041e\u041c\u0418\u0421\u041b\u041e\u0412\u0415 \u041e\u0411\u041b\u0410\u0414\u041d\u0410\u041d\u041d\u042f"},"image":{"@id":"https:\/\/stvega.net\/pl\/#\/schema\/logo\/image\/"},"sameAs":["https:\/\/www.facebook.com\/share\/9F1B4VxaHAC9E9HB\/?mibextid=qi2Omg"]}]}},"_links":{"self":[{"href":"https:\/\/stvega.net\/pl\/wp-json\/wp\/v2\/product\/10506","targetHints":{"allow":["GET"]}}],"collection":[{"href":"https:\/\/stvega.net\/pl\/wp-json\/wp\/v2\/product"}],"about":[{"href":"https:\/\/stvega.net\/pl\/wp-json\/wp\/v2\/types\/product"}],"replies":[{"embeddable":true,"href":"https:\/\/stvega.net\/pl\/wp-json\/wp\/v2\/comments?post=10506"}],"wp:featuredmedia":[{"embeddable":true,"href":"https:\/\/stvega.net\/pl\/wp-json\/wp\/v2\/media\/10511"}],"wp:attachment":[{"href":"https:\/\/stvega.net\/pl\/wp-json\/wp\/v2\/media?parent=10506"}],"wp:term":[{"taxonomy":"product_brand","embeddable":true,"href":"https:\/\/stvega.net\/pl\/wp-json\/wp\/v2\/product_brand?post=10506"},{"taxonomy":"product_cat","embeddable":true,"href":"https:\/\/stvega.net\/pl\/wp-json\/wp\/v2\/product_cat?post=10506"},{"taxonomy":"product_tag","embeddable":true,"href":"https:\/\/stvega.net\/pl\/wp-json\/wp\/v2\/product_tag?post=10506"}],"curies":[{"name":"wp","href":"https:\/\/api.w.org\/{rel}","templated":true}]}}