{"id":10443,"date":"2023-10-12T17:49:44","date_gmt":"2023-10-12T14:49:44","guid":{"rendered":"https:\/\/stvega.net\/product\/stvega-vpm-f900-maszyna-do-pakowania-zywnosci\/"},"modified":"2026-05-06T00:45:46","modified_gmt":"2026-05-05T21:45:46","slug":"stvega-vpm-f900-maszyna-do-pakowania-zywnosci","status":"publish","type":"product","link":"https:\/\/stvega.net\/pl\/product\/stvega-vpm-f900-maszyna-do-pakowania-zywnosci\/","title":{"rendered":"STvega VPM F900 Maszyna do pakowania \u017cywno\u015bci"},"content":{"rendered":"<p><strong>STvega VPM F900<\/strong> to zautomatyzowane rozwi\u0105zanie umo\u017cliwiaj\u0105ce wygodne, szybkie i dok\u0142adne pakowanie produkt\u00f3w spo\u017cywczych w foli\u0119 spo\u017cywcz\u0105. Sprz\u0119t ten jest idealny do pakowania warzyw, owoc\u00f3w, mi\u0119sa, ryb i innych \u015bwie\u017cych produkt\u00f3w w tackach z p\u00f3\u017aniejszym drukiem etykiet. Maszyna pozwala zwi\u0119kszy\u0107 wydajno\u015b\u0107 i osi\u0105gn\u0105\u0107 stabiln\u0105 jako\u015b\u0107 opakowa\u0144.  <\/p>\n<p><strong> <\/strong><strong>Zasada dzia\u0142ania<\/strong><strong>:<\/strong><\/p>\n<p>Operator wybiera wymagany program na panelu sterowania dotykowym zgodnie z typem produktu. Taca z produktem jest umieszczana na platformie podawaj\u0105cej, po czym system automatycznie okre\u015bla jej wag\u0119. Tacka jest automatycznie podawana do miejsca do pakowania, gdzie pakowana jest w foli\u0119 spo\u017cywcz\u0105. Nast\u0119pnie operator montuje zapakowan\u0105 tac\u0119 na p\u0142ytce grzewczej z teflonu, aby uszczelni\u0107 dno. W tym czasie kompaktowa drukarka umieszczona na korpusie maszyny tworzy etykiet\u0119, kt\u00f3r\u0105 operator r\u0119cznie nak\u0142ada na gotowy pakiet.    <\/p>\n<p><strong>Zalety sprz\u0119tu<\/strong><strong>:<\/strong><\/p>\n<ul>\n<li>Sprz\u0119t \u0142\u0105czy wa\u017cenie, pakowanie i etykietowanie, co znacz\u0105co zwi\u0119ksza efektywno\u015b\u0107 procesu pakowania.<\/li>\n<li>Przyjazny dla u\u017cytkownika panel sterowania dotykowego z zapisanymi ustawieniami dla r\u00f3\u017cnych typ\u00f3w produkt\u00f3w u\u0142atwia dostosowanie urz\u0105dzenia do konkretnego produktu.<\/li>\n<li>Automatyczne wa\u017cenie i drukowanie etykiet z aktualnymi danymi zapewniaj\u0105 dok\u0142adno\u015b\u0107 etykietowania ka\u017cdej jednostki produktu.<\/li>\n<li>Gor\u0105ca strefa teflonowa zapewnia staranne i szczelne uszczelnienie folii.<\/li>\n<\/ul>\n<p>Firma zapewnia pe\u0142n\u0105 gwarancj\u0119 oraz serwis posprzeda\u017cowy.<\/p>\n\t<div class=\"section video\">\n\t\t<div class=\"row\">\n\t\t\t\t\t\t\t\t\t\t\t\t<div class=\"col-md-4 col-12\">\n\t\t\t\t\t\t<div class=\"container-lazyload preview-lazyload container-youtube js-lazyload--not-loaded\"><a href=\"https:\/\/www.youtube.com\/watch?v=BOdowefjwNY\" class=\"lazy-load-youtube preview-lazyload preview-youtube\" data-video-title=\"\u041c\u0430\u0448\u0438\u043d\u0430 STvega VPM F900 \u0434\u043b\u044f \u043f\u0430\u043a\u0443\u0432\u0430\u043d\u043d\u044f \u0442\u0430 \u043c\u0430\u0440\u043a\u0443\u0432\u0430\u043d\u043d\u044f \u043e\u0432\u043e\u0447\u0456\u0432, \u0444\u0440\u0443\u043a\u0442\u0456\u0432, \u044f\u0433\u0456\u0434, \u0437\u0435\u043b\u0435\u043d\u0456 \u0443 \u0445\u0430\u0440\u0447\u043e\u0432\u0443 \u043f\u043b\u0456\u0432\u043a\u0443\" title=\"Play video &quot;\u041c\u0430\u0448\u0438\u043d\u0430 STvega VPM F900 \u0434\u043b\u044f \u043f\u0430\u043a\u0443\u0432\u0430\u043d\u043d\u044f \u0442\u0430 \u043c\u0430\u0440\u043a\u0443\u0432\u0430\u043d\u043d\u044f \u043e\u0432\u043e\u0447\u0456\u0432, \u0444\u0440\u0443\u043a\u0442\u0456\u0432, \u044f\u0433\u0456\u0434, \u0437\u0435\u043b\u0435\u043d\u0456 \u0443 \u0445\u0430\u0440\u0447\u043e\u0432\u0443 \u043f\u043b\u0456\u0432\u043a\u0443&quot;\">https:\/\/www.youtube.com\/watch?v=BOdowefjwNY<\/a><noscript>Video can&#8217;t be loaded because JavaScript is disabled: <a href=\"https:\/\/www.youtube.com\/watch?v=BOdowefjwNY\" title=\"\u041c\u0430\u0448\u0438\u043d\u0430 STvega VPM F900 \u0434\u043b\u044f \u043f\u0430\u043a\u0443\u0432\u0430\u043d\u043d\u044f \u0442\u0430 \u043c\u0430\u0440\u043a\u0443\u0432\u0430\u043d\u043d\u044f \u043e\u0432\u043e\u0447\u0456\u0432, \u0444\u0440\u0443\u043a\u0442\u0456\u0432, \u044f\u0433\u0456\u0434, \u0437\u0435\u043b\u0435\u043d\u0456 \u0443 \u0445\u0430\u0440\u0447\u043e\u0432\u0443 \u043f\u043b\u0456\u0432\u043a\u0443\">\u041c\u0430\u0448\u0438\u043d\u0430 STvega VPM F900 \u0434\u043b\u044f \u043f\u0430\u043a\u0443\u0432\u0430\u043d\u043d\u044f \u0442\u0430 \u043c\u0430\u0440\u043a\u0443\u0432\u0430\u043d\u043d\u044f \u043e\u0432\u043e\u0447\u0456\u0432, \u0444\u0440\u0443\u043a\u0442\u0456\u0432, \u044f\u0433\u0456\u0434, \u0437\u0435\u043b\u0435\u043d\u0456 \u0443 \u0445\u0430\u0440\u0447\u043e\u0432\u0443 \u043f\u043b\u0456\u0432\u043a\u0443 (https:\/\/www.youtube.com\/watch?v=BOdowefjwNY)<\/a><\/noscript><\/div>\n\t\t\t\t\t<\/div>\n\t\t\t\t\t\t\t\t\t<\/div>\n\t<\/div>\n\t\t","protected":false},"excerpt":{"rendered":"<p><strong>STvega VPM F900<\/strong> to zautomatyzowane rozwi\u0105zanie umo\u017cliwiaj\u0105ce wygodne, szybkie i dok\u0142adne pakowanie produkt\u00f3w spo\u017cywczych w foli\u0119 spo\u017cywcz\u0105.<\/p>\n<p><strong>Specyfikacje:<\/strong><\/p>\n<p>[table id=&#8221;231&#8243; \/]<\/p>\n<p> <span style=\"color: #0000ff;\"><strong>Unikalno\u015b\u0107 maszyny: <\/strong>\u0141\u0105czy funkcje automatycznego pakowania, wa\u017cenia i drukowania etykiet<\/span><\/p>\n","protected":false},"featured_media":10457,"comment_status":"closed","ping_status":"closed","template":"","meta":{"_acf_changed":false,"inline_featured_image":false},"product_brand":[],"product_cat":[3634,3420,3621,3587,3418,3483,3552,3622,3638,3630],"product_tag":[3781,3809,3785,3799,3793,3783,3776,3808,3770,3791,3805,3780,3768,3772,3796,3787,3778,3789,3774,3802],"class_list":{"0":"post-10443","1":"product","2":"type-product","3":"status-publish","4":"has-post-thumbnail","6":"product_cat-jagody","7":"product_cat-kurczak","8":"product_cat-marchew","9":"product_cat-maszyny-pakujace","10":"product_cat-mieso","11":"product_cat-opakowanie-i-opakowania","12":"product_cat-ryba","13":"product_cat-salatki","14":"product_cat-wisnie-wisnie","15":"product_cat-zielen","16":"product_tag-automatyczne-pakowanie","17":"product_tag-automatyczne-pakowanie-2","18":"product_tag-efektywne-pakowanie","19":"product_tag-folia-spozywcza","20":"product_tag-keeping-fresh","21":"product_tag-kontrola-jakosci-opakowan","22":"product_tag-maszyna-do-pakowania-i-etykietowania-produktow","23":"product_tag-ochrona-produktow-przed-skazeniem","24":"product_tag-opakowania-i-etykietowanie-zywnosci","25":"product_tag-opakowania-przemyslowe","26":"product_tag-opakowania-roznych-produktow","27":"product_tag-opakowania-zywnosci","28":"product_tag-opakowanie-i-etykietowanie-produktow","29":"product_tag-opakowanie-produktow-w-folii-spozywczej","30":"product_tag-opakowanie-w-folii-spozywczej","31":"product_tag-pakowanie-mechaniczne","32":"product_tag-przemysl-spozywczy","33":"product_tag-przetworstwo-zywnosci","34":"product_tag-sprzet-do-pakowania-produktow-w-filmie","35":"product_tag-technologia-pakowania","37":"first","38":"instock","39":"shipping-taxable","40":"product-type-simple"},"acf":[],"yoast_head":"<!-- This site is optimized with the Yoast SEO plugin v27.5 - https:\/\/yoast.com\/product\/yoast-seo-wordpress\/ -->\n<title>STvega VPM F900 Maszyna do pakowania \u017cywno\u015bci \u043a\u0443\u043f\u0438\u0442\u0438 \u0437\u0430 \u0432\u0438\u0433\u0456\u0434\u043d\u043e\u044e \u0446\u0456\u043d\u043e\u044e \u0432 \u043c\u0430\u0433\u0430\u0437\u0438\u043d\u0456 STvega<\/title>\n<meta name=\"description\" content=\"STvega VPM F900 Maszyna do pakowania \u017cywno\u015bci | \u043a\u0443\u043f\u0438\u0442\u0438 \u0437\u0430 \ud83c\udf1f\u0432\u0438\u0433\u0456\u0434\u043d\u043e\u044e \u0446\u0456\u043d\u043e\u044e \u0432 \u043c\u0430\u0433\u0430\u0437\u0438\u043d\u0456 STvega\" \/>\n<meta name=\"robots\" content=\"index, follow, max-snippet:-1, max-image-preview:large, max-video-preview:-1\" \/>\n<link rel=\"canonical\" href=\"https:\/\/stvega.net\/pl\/product\/stvega-vpm-f900-maszyna-do-pakowania-zywnosci\/\" \/>\n<meta property=\"og:locale\" content=\"pl_PL\" \/>\n<meta property=\"og:type\" content=\"article\" \/>\n<meta property=\"og:title\" content=\"STvega VPM F900 Maszyna do pakowania \u017cywno\u015bci \u043a\u0443\u043f\u0438\u0442\u0438 \u0437\u0430 \u0432\u0438\u0433\u0456\u0434\u043d\u043e\u044e \u0446\u0456\u043d\u043e\u044e \u0432 \u043c\u0430\u0433\u0430\u0437\u0438\u043d\u0456 STvega\" \/>\n<meta property=\"og:description\" content=\"STvega VPM F900 Maszyna do pakowania \u017cywno\u015bci | \u043a\u0443\u043f\u0438\u0442\u0438 \u0437\u0430 \ud83c\udf1f\u0432\u0438\u0433\u0456\u0434\u043d\u043e\u044e \u0446\u0456\u043d\u043e\u044e \u0432 \u043c\u0430\u0433\u0430\u0437\u0438\u043d\u0456 STvega\" \/>\n<meta property=\"og:url\" content=\"https:\/\/stvega.net\/pl\/product\/stvega-vpm-f900-maszyna-do-pakowania-zywnosci\/\" \/>\n<meta property=\"og:site_name\" content=\"\u0448\u0438\u0440\u043e\u043a\u0438\u0439 \u0430\u0441\u043e\u0440\u0442\u0438\u043c\u0435\u043d\u0442 \u0445\u0430\u0440\u0447\u043e\u0432\u043e\u0433\u043e \u043f\u0440\u043e\u043c\u0438\u0441\u043b\u043e\u0432\u043e\u0433\u043e \u043e\u0431\u043b\u0430\u0434\u043d\u0430\u043d\u043d\u044f \u0434\u043b\u044f \u043f\u0435\u0440\u0435\u0440\u043e\u0431\u043a\u0438 \u043c\u2019\u044f\u0441\u0430, \u043e\u0432\u043e\u0447\u0456\u0432 \u0456 \u0444\u0440\u0443\u043a\u0442\u0456\u0432\u2b50\u0412\u0438\u0433\u0456\u0434\u043d\u0456 \u0446\u0456\u043d\u0438 \ud83e\uddbe\u0412\u0438\u0440\u043e\u0431\u043d\u0438\u0447\u0456 \u043b\u0456\u043d\u0456\u0457 \u043f\u0456\u0434 \u043a\u043b\u044e\u0447\ud83d\ude9a \u0414\u043e\u0441\u0442\u0430\u0432\u043a\u0430 \ud83d\udee0\u0421\u0435\u0440\u0432\u0456\u0441\" \/>\n<meta property=\"article:publisher\" content=\"https:\/\/www.facebook.com\/share\/9F1B4VxaHAC9E9HB\/?mibextid=qi2Omg\" \/>\n<meta property=\"article:modified_time\" content=\"2026-05-05T21:45:46+00:00\" \/>\n<meta property=\"og:image\" content=\"https:\/\/stvega.net\/wp-content\/uploads\/2023\/10\/\u041c\u0430\u0448\u0438\u043d\u0430-Vega-VPM-F900-\u0443\u043f\u0430\u043a\u043e\u0432\u043a\u0430-\u043f\u0440\u043e\u0434\u0443\u043a\u0442\u043e\u0432-\u0432-\u043f\u0438\u0449\u0435\u0432\u0443\u044e-\u043f\u043b\u0435\u043d\u043a\u0443.png\" \/>\n\t<meta property=\"og:image:width\" content=\"500\" \/>\n\t<meta property=\"og:image:height\" content=\"500\" \/>\n\t<meta property=\"og:image:type\" content=\"image\/png\" \/>\n<meta name=\"twitter:card\" content=\"summary_large_image\" \/>\n<meta name=\"twitter:label1\" content=\"Szacowany czas czytania\" \/>\n\t<meta name=\"twitter:data1\" content=\"1 minuta\" \/>\n<script type=\"application\/ld+json\" class=\"yoast-schema-graph\">{\"@context\":\"https:\\\/\\\/schema.org\",\"@graph\":[{\"@type\":\"WebPage\",\"@id\":\"https:\\\/\\\/stvega.net\\\/pl\\\/product\\\/stvega-vpm-f900-maszyna-do-pakowania-zywnosci\\\/\",\"url\":\"https:\\\/\\\/stvega.net\\\/pl\\\/product\\\/stvega-vpm-f900-maszyna-do-pakowania-zywnosci\\\/\",\"name\":\"STvega VPM F900 Maszyna do pakowania \u017cywno\u015bci \u043a\u0443\u043f\u0438\u0442\u0438 \u0437\u0430 \u0432\u0438\u0433\u0456\u0434\u043d\u043e\u044e \u0446\u0456\u043d\u043e\u044e \u0432 \u043c\u0430\u0433\u0430\u0437\u0438\u043d\u0456 STvega\",\"isPartOf\":{\"@id\":\"https:\\\/\\\/stvega.net\\\/pl\\\/#website\"},\"primaryImageOfPage\":{\"@id\":\"https:\\\/\\\/stvega.net\\\/pl\\\/product\\\/stvega-vpm-f900-maszyna-do-pakowania-zywnosci\\\/#primaryimage\"},\"image\":{\"@id\":\"https:\\\/\\\/stvega.net\\\/pl\\\/product\\\/stvega-vpm-f900-maszyna-do-pakowania-zywnosci\\\/#primaryimage\"},\"thumbnailUrl\":\"https:\\\/\\\/stvega.net\\\/wp-content\\\/uploads\\\/2023\\\/10\\\/\u041c\u0430\u0448\u0438\u043d\u0430-Vega-VPM-F900-\u0443\u043f\u0430\u043a\u043e\u0432\u043a\u0430-\u043f\u0440\u043e\u0434\u0443\u043a\u0442\u043e\u0432-\u0432-\u043f\u0438\u0449\u0435\u0432\u0443\u044e-\u043f\u043b\u0435\u043d\u043a\u0443.png\",\"datePublished\":\"2023-10-12T14:49:44+00:00\",\"dateModified\":\"2026-05-05T21:45:46+00:00\",\"description\":\"STvega VPM F900 Maszyna do pakowania \u017cywno\u015bci | \u043a\u0443\u043f\u0438\u0442\u0438 \u0437\u0430 \ud83c\udf1f\u0432\u0438\u0433\u0456\u0434\u043d\u043e\u044e \u0446\u0456\u043d\u043e\u044e \u0432 \u043c\u0430\u0433\u0430\u0437\u0438\u043d\u0456 STvega\",\"breadcrumb\":{\"@id\":\"https:\\\/\\\/stvega.net\\\/pl\\\/product\\\/stvega-vpm-f900-maszyna-do-pakowania-zywnosci\\\/#breadcrumb\"},\"inLanguage\":\"pl-PL\",\"potentialAction\":[{\"@type\":\"ReadAction\",\"target\":[\"https:\\\/\\\/stvega.net\\\/pl\\\/product\\\/stvega-vpm-f900-maszyna-do-pakowania-zywnosci\\\/\"]}]},{\"@type\":\"ImageObject\",\"inLanguage\":\"pl-PL\",\"@id\":\"https:\\\/\\\/stvega.net\\\/pl\\\/product\\\/stvega-vpm-f900-maszyna-do-pakowania-zywnosci\\\/#primaryimage\",\"url\":\"https:\\\/\\\/stvega.net\\\/wp-content\\\/uploads\\\/2023\\\/10\\\/\u041c\u0430\u0448\u0438\u043d\u0430-Vega-VPM-F900-\u0443\u043f\u0430\u043a\u043e\u0432\u043a\u0430-\u043f\u0440\u043e\u0434\u0443\u043a\u0442\u043e\u0432-\u0432-\u043f\u0438\u0449\u0435\u0432\u0443\u044e-\u043f\u043b\u0435\u043d\u043a\u0443.png\",\"contentUrl\":\"https:\\\/\\\/stvega.net\\\/wp-content\\\/uploads\\\/2023\\\/10\\\/\u041c\u0430\u0448\u0438\u043d\u0430-Vega-VPM-F900-\u0443\u043f\u0430\u043a\u043e\u0432\u043a\u0430-\u043f\u0440\u043e\u0434\u0443\u043a\u0442\u043e\u0432-\u0432-\u043f\u0438\u0449\u0435\u0432\u0443\u044e-\u043f\u043b\u0435\u043d\u043a\u0443.png\",\"width\":500,\"height\":500,\"caption\":\"STvega VPM F900 Maszyna do Pakowania i Etykietowania \u017bywno\u015bci\"},{\"@type\":\"BreadcrumbList\",\"@id\":\"https:\\\/\\\/stvega.net\\\/pl\\\/product\\\/stvega-vpm-f900-maszyna-do-pakowania-zywnosci\\\/#breadcrumb\",\"itemListElement\":[{\"@type\":\"ListItem\",\"position\":1,\"name\":\"Dom\",\"item\":\"https:\\\/\\\/stvega.net\\\/pl\\\/\"},{\"@type\":\"ListItem\",\"position\":2,\"name\":\"Katalog\",\"item\":\"https:\\\/\\\/stvega.net\\\/katalog\\\/\"},{\"@type\":\"ListItem\",\"position\":3,\"name\":\"STvega VPM F900 Maszyna do pakowania \u017cywno\u015bci\"}]},{\"@type\":\"WebSite\",\"@id\":\"https:\\\/\\\/stvega.net\\\/pl\\\/#website\",\"url\":\"https:\\\/\\\/stvega.net\\\/pl\\\/\",\"name\":\"STvega\",\"description\":\"\u0445\u0430\u0440\u0447\u043e\u0432\u0435 \u043f\u0440\u043e\u043c\u0438\u0441\u043b\u043e\u0432\u0435 \u043e\u0431\u043b\u0430\u0434\u043d\u0430\u043d\u043d\u044f\",\"publisher\":{\"@id\":\"https:\\\/\\\/stvega.net\\\/pl\\\/#organization\"},\"alternateName\":\"STvega - \u043e\u0432\u043e\u0447\u0435\u0440\u0456\u0437\u043a\u0438, \u0448\u043f\u0438\u0433\u043e\u0440\u0456\u0437\u043a\u0438, \u0441\u043b\u0430\u0439\u0441\u0435\u0440\u0438 \u0442\u0430 \u0456\u043d\u0448\u0435 \u0445\u0430\u0440\u0447\u043e\u0432\u0435 \u043e\u0431\u043b\u0430\u0434\u043d\u0430\u043d\u043d\u044f\",\"potentialAction\":[{\"@type\":\"SearchAction\",\"target\":{\"@type\":\"EntryPoint\",\"urlTemplate\":\"https:\\\/\\\/stvega.net\\\/pl\\\/?s={search_term_string}\"},\"query-input\":{\"@type\":\"PropertyValueSpecification\",\"valueRequired\":true,\"valueName\":\"search_term_string\"}}],\"inLanguage\":\"pl-PL\"},{\"@type\":\"Organization\",\"@id\":\"https:\\\/\\\/stvega.net\\\/pl\\\/#organization\",\"name\":\"STvega \u0425\u0410\u0420\u0427\u041e\u0412\u0415 \u041f\u0420\u041e\u041c\u0418\u0421\u041b\u041e\u0412\u0415 \u041e\u0411\u041b\u0410\u0414\u041d\u0410\u041d\u041d\u042f\",\"alternateName\":\"STvega - \u043e\u0432\u043e\u0447\u0435\u0440\u0456\u0437\u043a\u0438, \u0448\u043f\u0438\u0433\u043e\u0440\u0456\u0437\u043a\u0438, \u0441\u043b\u0430\u0439\u0441\u0435\u0440\u0438 \u0442\u0430 \u0456\u043d\u0448\u0435 \u0445\u0430\u0440\u0447\u043e\u0432\u0435 \u043e\u0431\u043b\u0430\u0434\u043d\u0430\u043d\u043d\u044f\",\"url\":\"https:\\\/\\\/stvega.net\\\/pl\\\/\",\"logo\":{\"@type\":\"ImageObject\",\"inLanguage\":\"pl-PL\",\"@id\":\"https:\\\/\\\/stvega.net\\\/pl\\\/#\\\/schema\\\/logo\\\/image\\\/\",\"url\":\"https:\\\/\\\/stvega.net\\\/wp-content\\\/uploads\\\/2024\\\/03\\\/dyzajn-bez-nazvanyya-1.png\",\"contentUrl\":\"https:\\\/\\\/stvega.net\\\/wp-content\\\/uploads\\\/2024\\\/03\\\/dyzajn-bez-nazvanyya-1.png\",\"width\":180,\"height\":180,\"caption\":\"STvega \u0425\u0410\u0420\u0427\u041e\u0412\u0415 \u041f\u0420\u041e\u041c\u0418\u0421\u041b\u041e\u0412\u0415 \u041e\u0411\u041b\u0410\u0414\u041d\u0410\u041d\u041d\u042f\"},\"image\":{\"@id\":\"https:\\\/\\\/stvega.net\\\/pl\\\/#\\\/schema\\\/logo\\\/image\\\/\"},\"sameAs\":[\"https:\\\/\\\/www.facebook.com\\\/share\\\/9F1B4VxaHAC9E9HB\\\/?mibextid=qi2Omg\"]}]}<\/script>\n<!-- \/ Yoast SEO plugin. -->","yoast_head_json":{"title":"STvega VPM F900 Maszyna do pakowania \u017cywno\u015bci \u043a\u0443\u043f\u0438\u0442\u0438 \u0437\u0430 \u0432\u0438\u0433\u0456\u0434\u043d\u043e\u044e \u0446\u0456\u043d\u043e\u044e \u0432 \u043c\u0430\u0433\u0430\u0437\u0438\u043d\u0456 STvega","description":"STvega VPM F900 Maszyna do pakowania \u017cywno\u015bci | \u043a\u0443\u043f\u0438\u0442\u0438 \u0437\u0430 \ud83c\udf1f\u0432\u0438\u0433\u0456\u0434\u043d\u043e\u044e \u0446\u0456\u043d\u043e\u044e \u0432 \u043c\u0430\u0433\u0430\u0437\u0438\u043d\u0456 STvega","robots":{"index":"index","follow":"follow","max-snippet":"max-snippet:-1","max-image-preview":"max-image-preview:large","max-video-preview":"max-video-preview:-1"},"canonical":"https:\/\/stvega.net\/pl\/product\/stvega-vpm-f900-maszyna-do-pakowania-zywnosci\/","og_locale":"pl_PL","og_type":"article","og_title":"STvega VPM F900 Maszyna do pakowania \u017cywno\u015bci \u043a\u0443\u043f\u0438\u0442\u0438 \u0437\u0430 \u0432\u0438\u0433\u0456\u0434\u043d\u043e\u044e \u0446\u0456\u043d\u043e\u044e \u0432 \u043c\u0430\u0433\u0430\u0437\u0438\u043d\u0456 STvega","og_description":"STvega VPM F900 Maszyna do pakowania \u017cywno\u015bci | \u043a\u0443\u043f\u0438\u0442\u0438 \u0437\u0430 \ud83c\udf1f\u0432\u0438\u0433\u0456\u0434\u043d\u043e\u044e \u0446\u0456\u043d\u043e\u044e \u0432 \u043c\u0430\u0433\u0430\u0437\u0438\u043d\u0456 STvega","og_url":"https:\/\/stvega.net\/pl\/product\/stvega-vpm-f900-maszyna-do-pakowania-zywnosci\/","og_site_name":"\u0448\u0438\u0440\u043e\u043a\u0438\u0439 \u0430\u0441\u043e\u0440\u0442\u0438\u043c\u0435\u043d\u0442 \u0445\u0430\u0440\u0447\u043e\u0432\u043e\u0433\u043e \u043f\u0440\u043e\u043c\u0438\u0441\u043b\u043e\u0432\u043e\u0433\u043e \u043e\u0431\u043b\u0430\u0434\u043d\u0430\u043d\u043d\u044f \u0434\u043b\u044f \u043f\u0435\u0440\u0435\u0440\u043e\u0431\u043a\u0438 \u043c\u2019\u044f\u0441\u0430, \u043e\u0432\u043e\u0447\u0456\u0432 \u0456 \u0444\u0440\u0443\u043a\u0442\u0456\u0432\u2b50\u0412\u0438\u0433\u0456\u0434\u043d\u0456 \u0446\u0456\u043d\u0438 \ud83e\uddbe\u0412\u0438\u0440\u043e\u0431\u043d\u0438\u0447\u0456 \u043b\u0456\u043d\u0456\u0457 \u043f\u0456\u0434 \u043a\u043b\u044e\u0447\ud83d\ude9a \u0414\u043e\u0441\u0442\u0430\u0432\u043a\u0430 \ud83d\udee0\u0421\u0435\u0440\u0432\u0456\u0441","article_publisher":"https:\/\/www.facebook.com\/share\/9F1B4VxaHAC9E9HB\/?mibextid=qi2Omg","article_modified_time":"2026-05-05T21:45:46+00:00","og_image":[{"width":500,"height":500,"url":"https:\/\/stvega.net\/wp-content\/uploads\/2023\/10\/\u041c\u0430\u0448\u0438\u043d\u0430-Vega-VPM-F900-\u0443\u043f\u0430\u043a\u043e\u0432\u043a\u0430-\u043f\u0440\u043e\u0434\u0443\u043a\u0442\u043e\u0432-\u0432-\u043f\u0438\u0449\u0435\u0432\u0443\u044e-\u043f\u043b\u0435\u043d\u043a\u0443.png","type":"image\/png"}],"twitter_card":"summary_large_image","twitter_misc":{"Szacowany czas czytania":"1 minuta"},"schema":{"@context":"https:\/\/schema.org","@graph":[{"@type":"WebPage","@id":"https:\/\/stvega.net\/pl\/product\/stvega-vpm-f900-maszyna-do-pakowania-zywnosci\/","url":"https:\/\/stvega.net\/pl\/product\/stvega-vpm-f900-maszyna-do-pakowania-zywnosci\/","name":"STvega VPM F900 Maszyna do pakowania \u017cywno\u015bci \u043a\u0443\u043f\u0438\u0442\u0438 \u0437\u0430 \u0432\u0438\u0433\u0456\u0434\u043d\u043e\u044e \u0446\u0456\u043d\u043e\u044e \u0432 \u043c\u0430\u0433\u0430\u0437\u0438\u043d\u0456 STvega","isPartOf":{"@id":"https:\/\/stvega.net\/pl\/#website"},"primaryImageOfPage":{"@id":"https:\/\/stvega.net\/pl\/product\/stvega-vpm-f900-maszyna-do-pakowania-zywnosci\/#primaryimage"},"image":{"@id":"https:\/\/stvega.net\/pl\/product\/stvega-vpm-f900-maszyna-do-pakowania-zywnosci\/#primaryimage"},"thumbnailUrl":"https:\/\/stvega.net\/wp-content\/uploads\/2023\/10\/\u041c\u0430\u0448\u0438\u043d\u0430-Vega-VPM-F900-\u0443\u043f\u0430\u043a\u043e\u0432\u043a\u0430-\u043f\u0440\u043e\u0434\u0443\u043a\u0442\u043e\u0432-\u0432-\u043f\u0438\u0449\u0435\u0432\u0443\u044e-\u043f\u043b\u0435\u043d\u043a\u0443.png","datePublished":"2023-10-12T14:49:44+00:00","dateModified":"2026-05-05T21:45:46+00:00","description":"STvega VPM F900 Maszyna do pakowania \u017cywno\u015bci | \u043a\u0443\u043f\u0438\u0442\u0438 \u0437\u0430 \ud83c\udf1f\u0432\u0438\u0433\u0456\u0434\u043d\u043e\u044e \u0446\u0456\u043d\u043e\u044e \u0432 \u043c\u0430\u0433\u0430\u0437\u0438\u043d\u0456 STvega","breadcrumb":{"@id":"https:\/\/stvega.net\/pl\/product\/stvega-vpm-f900-maszyna-do-pakowania-zywnosci\/#breadcrumb"},"inLanguage":"pl-PL","potentialAction":[{"@type":"ReadAction","target":["https:\/\/stvega.net\/pl\/product\/stvega-vpm-f900-maszyna-do-pakowania-zywnosci\/"]}]},{"@type":"ImageObject","inLanguage":"pl-PL","@id":"https:\/\/stvega.net\/pl\/product\/stvega-vpm-f900-maszyna-do-pakowania-zywnosci\/#primaryimage","url":"https:\/\/stvega.net\/wp-content\/uploads\/2023\/10\/\u041c\u0430\u0448\u0438\u043d\u0430-Vega-VPM-F900-\u0443\u043f\u0430\u043a\u043e\u0432\u043a\u0430-\u043f\u0440\u043e\u0434\u0443\u043a\u0442\u043e\u0432-\u0432-\u043f\u0438\u0449\u0435\u0432\u0443\u044e-\u043f\u043b\u0435\u043d\u043a\u0443.png","contentUrl":"https:\/\/stvega.net\/wp-content\/uploads\/2023\/10\/\u041c\u0430\u0448\u0438\u043d\u0430-Vega-VPM-F900-\u0443\u043f\u0430\u043a\u043e\u0432\u043a\u0430-\u043f\u0440\u043e\u0434\u0443\u043a\u0442\u043e\u0432-\u0432-\u043f\u0438\u0449\u0435\u0432\u0443\u044e-\u043f\u043b\u0435\u043d\u043a\u0443.png","width":500,"height":500,"caption":"STvega VPM F900 Maszyna do Pakowania i Etykietowania \u017bywno\u015bci"},{"@type":"BreadcrumbList","@id":"https:\/\/stvega.net\/pl\/product\/stvega-vpm-f900-maszyna-do-pakowania-zywnosci\/#breadcrumb","itemListElement":[{"@type":"ListItem","position":1,"name":"Dom","item":"https:\/\/stvega.net\/pl\/"},{"@type":"ListItem","position":2,"name":"Katalog","item":"https:\/\/stvega.net\/katalog\/"},{"@type":"ListItem","position":3,"name":"STvega VPM F900 Maszyna do pakowania \u017cywno\u015bci"}]},{"@type":"WebSite","@id":"https:\/\/stvega.net\/pl\/#website","url":"https:\/\/stvega.net\/pl\/","name":"STvega","description":"\u0445\u0430\u0440\u0447\u043e\u0432\u0435 \u043f\u0440\u043e\u043c\u0438\u0441\u043b\u043e\u0432\u0435 \u043e\u0431\u043b\u0430\u0434\u043d\u0430\u043d\u043d\u044f","publisher":{"@id":"https:\/\/stvega.net\/pl\/#organization"},"alternateName":"STvega - \u043e\u0432\u043e\u0447\u0435\u0440\u0456\u0437\u043a\u0438, \u0448\u043f\u0438\u0433\u043e\u0440\u0456\u0437\u043a\u0438, \u0441\u043b\u0430\u0439\u0441\u0435\u0440\u0438 \u0442\u0430 \u0456\u043d\u0448\u0435 \u0445\u0430\u0440\u0447\u043e\u0432\u0435 \u043e\u0431\u043b\u0430\u0434\u043d\u0430\u043d\u043d\u044f","potentialAction":[{"@type":"SearchAction","target":{"@type":"EntryPoint","urlTemplate":"https:\/\/stvega.net\/pl\/?s={search_term_string}"},"query-input":{"@type":"PropertyValueSpecification","valueRequired":true,"valueName":"search_term_string"}}],"inLanguage":"pl-PL"},{"@type":"Organization","@id":"https:\/\/stvega.net\/pl\/#organization","name":"STvega \u0425\u0410\u0420\u0427\u041e\u0412\u0415 \u041f\u0420\u041e\u041c\u0418\u0421\u041b\u041e\u0412\u0415 \u041e\u0411\u041b\u0410\u0414\u041d\u0410\u041d\u041d\u042f","alternateName":"STvega - \u043e\u0432\u043e\u0447\u0435\u0440\u0456\u0437\u043a\u0438, \u0448\u043f\u0438\u0433\u043e\u0440\u0456\u0437\u043a\u0438, \u0441\u043b\u0430\u0439\u0441\u0435\u0440\u0438 \u0442\u0430 \u0456\u043d\u0448\u0435 \u0445\u0430\u0440\u0447\u043e\u0432\u0435 \u043e\u0431\u043b\u0430\u0434\u043d\u0430\u043d\u043d\u044f","url":"https:\/\/stvega.net\/pl\/","logo":{"@type":"ImageObject","inLanguage":"pl-PL","@id":"https:\/\/stvega.net\/pl\/#\/schema\/logo\/image\/","url":"https:\/\/stvega.net\/wp-content\/uploads\/2024\/03\/dyzajn-bez-nazvanyya-1.png","contentUrl":"https:\/\/stvega.net\/wp-content\/uploads\/2024\/03\/dyzajn-bez-nazvanyya-1.png","width":180,"height":180,"caption":"STvega \u0425\u0410\u0420\u0427\u041e\u0412\u0415 \u041f\u0420\u041e\u041c\u0418\u0421\u041b\u041e\u0412\u0415 \u041e\u0411\u041b\u0410\u0414\u041d\u0410\u041d\u041d\u042f"},"image":{"@id":"https:\/\/stvega.net\/pl\/#\/schema\/logo\/image\/"},"sameAs":["https:\/\/www.facebook.com\/share\/9F1B4VxaHAC9E9HB\/?mibextid=qi2Omg"]}]}},"_links":{"self":[{"href":"https:\/\/stvega.net\/pl\/wp-json\/wp\/v2\/product\/10443","targetHints":{"allow":["GET"]}}],"collection":[{"href":"https:\/\/stvega.net\/pl\/wp-json\/wp\/v2\/product"}],"about":[{"href":"https:\/\/stvega.net\/pl\/wp-json\/wp\/v2\/types\/product"}],"replies":[{"embeddable":true,"href":"https:\/\/stvega.net\/pl\/wp-json\/wp\/v2\/comments?post=10443"}],"wp:featuredmedia":[{"embeddable":true,"href":"https:\/\/stvega.net\/pl\/wp-json\/wp\/v2\/media\/10457"}],"wp:attachment":[{"href":"https:\/\/stvega.net\/pl\/wp-json\/wp\/v2\/media?parent=10443"}],"wp:term":[{"taxonomy":"product_brand","embeddable":true,"href":"https:\/\/stvega.net\/pl\/wp-json\/wp\/v2\/product_brand?post=10443"},{"taxonomy":"product_cat","embeddable":true,"href":"https:\/\/stvega.net\/pl\/wp-json\/wp\/v2\/product_cat?post=10443"},{"taxonomy":"product_tag","embeddable":true,"href":"https:\/\/stvega.net\/pl\/wp-json\/wp\/v2\/product_tag?post=10443"}],"curies":[{"name":"wp","href":"https:\/\/api.w.org\/{rel}","templated":true}]}}